{"id":9560,"date":"2022-10-14T09:14:52","date_gmt":"2022-10-14T09:14:52","guid":{"rendered":"https:\/\/www.prazskykamen.cz\/ru\/?page_id=9560"},"modified":"2022-10-14T09:14:59","modified_gmt":"2022-10-14T09:14:59","slug":"tanzanite","status":"publish","type":"page","link":"https:\/\/www.prazskykamen.cz\/ru\/materialy\/materialy-zuly\/tanzanite\/","title":{"rendered":"Tanzanite"},"content":{"rendered":"<p>[et_pb_section fb_built=&#8220;1&#8243; _builder_version=&#8220;3.22&#8243; global_colors_info=&#8220;{}&#8220; theme_builder_area=&#8220;post_content&#8220;][et_pb_row column_structure=&#8220;1_3,2_3&#8243; _builder_version=&#8220;3.25&#8243; background_size=&#8220;initial&#8220; background_position=&#8220;top_left&#8220; background_repeat=&#8220;repeat&#8220; global_colors_info=&#8220;{}&#8220; theme_builder_area=&#8220;post_content&#8220;][et_pb_column type=&#8220;1_3&#8243; _builder_version=&#8220;3.25&#8243; custom_padding=&#8220;|||&#8220; global_colors_info=&#8220;{}&#8220; custom_padding__hover=&#8220;|||&#8220; theme_builder_area=&#8220;post_content&#8220;][et_pb_text admin_label=&#8220;Text&#8220; _builder_version=&#8220;4.14.7&#8243; background_size=&#8220;initial&#8220; background_position=&#8220;top_left&#8220; background_repeat=&#8220;repeat&#8220; hover_enabled=&#8220;0&#8243; global_colors_info=&#8220;{}&#8220; theme_builder_area=&#8220;post_content&#8220; sticky_enabled=&#8220;0&#8243;]<\/p>\n<h1>\u0422\u0410\u041d\u0417\u0410\u041d\u0418\u0422<\/h1>\n<table>\n<tbody>\n<tr>\n<td>\u0422\u0438\u043f<\/td>\n<td>\u0433\u0440\u0430\u043d\u0438\u0442<\/td>\n<\/tr>\n<tr>\n<td>\u0422\u043e\u043b\u0449\u0438\u043d\u0430<\/td>\n<td>2 \u0441\u043c<\/td>\n<\/tr>\n<tr>\n<td>\u041f\u043e\u0432\u0435\u0440\u0445\u043d\u043e\u0441\u0442\u044c<\/td>\n<td>\u043f\u043e\u043b\u0438\u0440\u043e\u0432\u0430\u043d\u043d\u0430\u044f<\/td>\n<\/tr>\n<tr>\n<td>\u0446\u0435\u043d\u0430<\/td>\n<td>6.780 \u0447\u0435\u0448\u0441\u043a\u0438\u0445 \u043a\u0440\u043e\u043d\/\u043c<sup>2<\/sup> \u0431\u0435\u0437 \u041d\u0414\u0421<\/td>\n<\/tr>\n<\/tbody>\n<\/table>\n<p>[\/et_pb_text][\/et_pb_column][et_pb_column type=&#8220;2_3&#8243; _builder_version=&#8220;3.25&#8243; custom_padding=&#8220;|||&#8220; global_colors_info=&#8220;{}&#8220; custom_padding__hover=&#8220;|||&#8220; theme_builder_area=&#8220;post_content&#8220;][et_pb_slider admin_label=&#8220;Slider&#8220; _builder_version=&#8220;4.14.7&#8243; background_color=&#8220;#FFFFFF&#8220; custom_padding=&#8220;|||&#8220; custom_padding_tablet=&#8220;|||&#8220; custom_padding_phone=&#8220;|||&#8220; hover_enabled=&#8220;0&#8243; box_shadow_style=&#8220;preset6&#8243; box_shadow_blur=&#8220;10px&#8220; box_shadow_color=&#8220;rgba(0,0,0,0.1)&#8220; show_inner_shadow=&#8220;on&#8220; global_colors_info=&#8220;{}&#8220; button_text_size__hover_enabled=&#8220;off&#8220; button_one_text_size__hover_enabled=&#8220;off&#8220; button_two_text_size__hover_enabled=&#8220;off&#8220; button_text_color__hover_enabled=&#8220;off&#8220; button_one_text_color__hover_enabled=&#8220;off&#8220; button_two_text_color__hover_enabled=&#8220;off&#8220; button_border_width__hover_enabled=&#8220;off&#8220; button_one_border_width__hover_enabled=&#8220;off&#8220; button_two_border_width__hover_enabled=&#8220;off&#8220; button_border_color__hover_enabled=&#8220;off&#8220; button_one_border_color__hover_enabled=&#8220;off&#8220; button_two_border_color__hover_enabled=&#8220;off&#8220; button_border_radius__hover_enabled=&#8220;off&#8220; button_one_border_radius__hover_enabled=&#8220;off&#8220; button_two_border_radius__hover_enabled=&#8220;off&#8220; button_letter_spacing__hover_enabled=&#8220;off&#8220; button_one_letter_spacing__hover_enabled=&#8220;off&#8220; button_two_letter_spacing__hover_enabled=&#8220;off&#8220; button_bg_color__hover_enabled=&#8220;off&#8220; button_one_bg_color__hover_enabled=&#8220;off&#8220; button_two_bg_color__hover_enabled=&#8220;off&#8220; theme_builder_area=&#8220;post_content&#8220; sticky_enabled=&#8220;0&#8243;][et_pb_slide _builder_version=&#8220;4.14.7&#8243; _module_preset=&#8220;default&#8220; theme_builder_area=&#8220;post_content&#8220; background_color=&#8220;#FFFFFF&#8220; background_enable_color=&#8220;on&#8220; title_text=&#8220;tanzania&#8220; background_image=&#8220;http:\/\/www.prazskykamen.cz\/ru\/wp-content\/uploads\/sites\/3\/2022\/10\/tanzania.jpg&#8220; background_enable_image=&#8220;on&#8220; hover_enabled=&#8220;0&#8243; sticky_enabled=&#8220;0&#8243;][\/et_pb_slide][et_pb_slide _builder_version=&#8220;4.14.7&#8243; _module_preset=&#8220;default&#8220; theme_builder_area=&#8220;post_content&#8220; background_color=&#8220;#FFFFFF&#8220; background_enable_color=&#8220;on&#8220; title_text=&#8220;tanzania2&#8243; background_image=&#8220;http:\/\/www.prazskykamen.cz\/ru\/wp-content\/uploads\/sites\/3\/2022\/10\/tanzania2.jpg&#8220; background_enable_image=&#8220;on&#8220; hover_enabled=&#8220;0&#8243; sticky_enabled=&#8220;0&#8243;][\/et_pb_slide][\/et_pb_slider][\/et_pb_column][\/et_pb_row][\/et_pb_section]<\/p>\n","protected":false},"excerpt":{"rendered":"<p>\u0422\u0410\u041d\u0417\u0410\u041d\u0418\u0422 \u0422\u0438\u043f \u0433\u0440\u0430\u043d\u0438\u0442 \u0422\u043e\u043b\u0449\u0438\u043d\u0430 2 \u0441\u043c \u041f\u043e\u0432\u0435\u0440\u0445\u043d\u043e\u0441\u0442\u044c \u043f\u043e\u043b\u0438\u0440\u043e\u0432\u0430\u043d\u043d\u0430\u044f \u0446\u0435\u043d\u0430 6.780 \u0447\u0435\u0448\u0441\u043a\u0438\u0445 \u043a\u0440\u043e\u043d\/\u043c2 \u0431\u0435\u0437 \u041d\u0414\u0421<\/p>\n","protected":false},"author":2,"featured_media":0,"parent":545,"menu_order":0,"comment_status":"closed","ping_status":"closed","template":"","meta":{"_et_pb_use_builder":"on","_et_pb_old_content":"","_et_gb_content_width":"","footnotes":""},"class_list":["post-9560","page","type-page","status-publish","hentry"],"yoast_head":"<!-- This site is optimized with the Yoast SEO plugin v23.7 - https:\/\/yoast.com\/wordpress\/plugins\/seo\/ -->\n<title>Tanzanite - \u041f\u0440\u0430\u0433\u0430 \u043a\u0430\u043c\u0435\u043d\u044c<\/title>\n<meta name=\"robots\" content=\"index, follow, max-snippet:-1, max-image-preview:large, max-video-preview:-1\" \/>\n<link rel=\"canonical\" href=\"https:\/\/www.prazskykamen.cz\/ru\/materialy\/materialy-zuly\/tanzanite\/\" \/>\n<meta property=\"og:locale\" content=\"cs_CZ\" \/>\n<meta property=\"og:type\" content=\"article\" \/>\n<meta property=\"og:title\" content=\"Tanzanite - \u041f\u0440\u0430\u0433\u0430 \u043a\u0430\u043c\u0435\u043d\u044c\" \/>\n<meta property=\"og:description\" content=\"\u0422\u0410\u041d\u0417\u0410\u041d\u0418\u0422 \u0422\u0438\u043f \u0433\u0440\u0430\u043d\u0438\u0442 \u0422\u043e\u043b\u0449\u0438\u043d\u0430 2 \u0441\u043c \u041f\u043e\u0432\u0435\u0440\u0445\u043d\u043e\u0441\u0442\u044c \u043f\u043e\u043b\u0438\u0440\u043e\u0432\u0430\u043d\u043d\u0430\u044f \u0446\u0435\u043d\u0430 6.780 \u0447\u0435\u0448\u0441\u043a\u0438\u0445 \u043a\u0440\u043e\u043d\/\u043c2 \u0431\u0435\u0437 \u041d\u0414\u0421\" \/>\n<meta property=\"og:url\" content=\"https:\/\/www.prazskykamen.cz\/ru\/materialy\/materialy-zuly\/tanzanite\/\" \/>\n<meta property=\"og:site_name\" content=\"\u041f\u0440\u0430\u0433\u0430 \u043a\u0430\u043c\u0435\u043d\u044c\" \/>\n<meta property=\"article:modified_time\" content=\"2022-10-14T09:14:59+00:00\" \/>\n<meta name=\"twitter:card\" content=\"summary_large_image\" \/>\n<meta name=\"twitter:label1\" content=\"Odhadovan\u00e1 doba \u010dten\u00ed\" \/>\n\t<meta name=\"twitter:data1\" content=\"2 minuty\" \/>\n<script type=\"application\/ld+json\" class=\"yoast-schema-graph\">{\"@context\":\"https:\/\/schema.org\",\"@graph\":[{\"@type\":\"WebPage\",\"@id\":\"https:\/\/www.prazskykamen.cz\/ru\/materialy\/materialy-zuly\/tanzanite\/\",\"url\":\"https:\/\/www.prazskykamen.cz\/ru\/materialy\/materialy-zuly\/tanzanite\/\",\"name\":\"Tanzanite - \u041f\u0440\u0430\u0433\u0430 \u043a\u0430\u043c\u0435\u043d\u044c\",\"isPartOf\":{\"@id\":\"https:\/\/www.prazskykamen.cz\/ru\/#website\"},\"datePublished\":\"2022-10-14T09:14:52+00:00\",\"dateModified\":\"2022-10-14T09:14:59+00:00\",\"breadcrumb\":{\"@id\":\"https:\/\/www.prazskykamen.cz\/ru\/materialy\/materialy-zuly\/tanzanite\/#breadcrumb\"},\"inLanguage\":\"cs\",\"potentialAction\":[{\"@type\":\"ReadAction\",\"target\":[\"https:\/\/www.prazskykamen.cz\/ru\/materialy\/materialy-zuly\/tanzanite\/\"]}]},{\"@type\":\"BreadcrumbList\",\"@id\":\"https:\/\/www.prazskykamen.cz\/ru\/materialy\/materialy-zuly\/tanzanite\/#breadcrumb\",\"itemListElement\":[{\"@type\":\"ListItem\",\"position\":1,\"name\":\"Dom\u016f\",\"item\":\"https:\/\/www.prazskykamen.cz\/ru\/\"},{\"@type\":\"ListItem\",\"position\":2,\"name\":\"\u041c\u0410\u0422\u0415\u0420\u0418\u0410\u041b\u042b\",\"item\":\"https:\/\/www.prazskykamen.cz\/ru\/materialy\/\"},{\"@type\":\"ListItem\",\"position\":3,\"name\":\"MATERI\u00c1LY &#8211; \u017dULA\",\"item\":\"https:\/\/www.prazskykamen.cz\/ru\/materialy\/materialy-zuly\/\"},{\"@type\":\"ListItem\",\"position\":4,\"name\":\"Tanzanite\"}]},{\"@type\":\"WebSite\",\"@id\":\"https:\/\/www.prazskykamen.cz\/ru\/#website\",\"url\":\"https:\/\/www.prazskykamen.cz\/ru\/\",\"name\":\"\u041f\u0440\u0430\u0433\u0430 \u043a\u0430\u043c\u0435\u043d\u044c\",\"description\":\"Dal\u0161\u00ed nov\u00fd web v r\u00e1mci s\u00edt\u011b Pra\u017esk\u00fd k\u00e1men Sites\",\"potentialAction\":[{\"@type\":\"SearchAction\",\"target\":{\"@type\":\"EntryPoint\",\"urlTemplate\":\"https:\/\/www.prazskykamen.cz\/ru\/?s={search_term_string}\"},\"query-input\":{\"@type\":\"PropertyValueSpecification\",\"valueRequired\":true,\"valueName\":\"search_term_string\"}}],\"inLanguage\":\"cs\"}]}<\/script>\n<!-- \/ Yoast SEO plugin. -->","yoast_head_json":{"title":"Tanzanite - \u041f\u0440\u0430\u0433\u0430 \u043a\u0430\u043c\u0435\u043d\u044c","robots":{"index":"index","follow":"follow","max-snippet":"max-snippet:-1","max-image-preview":"max-image-preview:large","max-video-preview":"max-video-preview:-1"},"canonical":"https:\/\/www.prazskykamen.cz\/ru\/materialy\/materialy-zuly\/tanzanite\/","og_locale":"cs_CZ","og_type":"article","og_title":"Tanzanite - \u041f\u0440\u0430\u0433\u0430 \u043a\u0430\u043c\u0435\u043d\u044c","og_description":"\u0422\u0410\u041d\u0417\u0410\u041d\u0418\u0422 \u0422\u0438\u043f \u0433\u0440\u0430\u043d\u0438\u0442 \u0422\u043e\u043b\u0449\u0438\u043d\u0430 2 \u0441\u043c \u041f\u043e\u0432\u0435\u0440\u0445\u043d\u043e\u0441\u0442\u044c \u043f\u043e\u043b\u0438\u0440\u043e\u0432\u0430\u043d\u043d\u0430\u044f \u0446\u0435\u043d\u0430 6.780 \u0447\u0435\u0448\u0441\u043a\u0438\u0445 \u043a\u0440\u043e\u043d\/\u043c2 \u0431\u0435\u0437 \u041d\u0414\u0421","og_url":"https:\/\/www.prazskykamen.cz\/ru\/materialy\/materialy-zuly\/tanzanite\/","og_site_name":"\u041f\u0440\u0430\u0433\u0430 \u043a\u0430\u043c\u0435\u043d\u044c","article_modified_time":"2022-10-14T09:14:59+00:00","twitter_card":"summary_large_image","twitter_misc":{"Odhadovan\u00e1 doba \u010dten\u00ed":"2 minuty"},"schema":{"@context":"https:\/\/schema.org","@graph":[{"@type":"WebPage","@id":"https:\/\/www.prazskykamen.cz\/ru\/materialy\/materialy-zuly\/tanzanite\/","url":"https:\/\/www.prazskykamen.cz\/ru\/materialy\/materialy-zuly\/tanzanite\/","name":"Tanzanite - \u041f\u0440\u0430\u0433\u0430 \u043a\u0430\u043c\u0435\u043d\u044c","isPartOf":{"@id":"https:\/\/www.prazskykamen.cz\/ru\/#website"},"datePublished":"2022-10-14T09:14:52+00:00","dateModified":"2022-10-14T09:14:59+00:00","breadcrumb":{"@id":"https:\/\/www.prazskykamen.cz\/ru\/materialy\/materialy-zuly\/tanzanite\/#breadcrumb"},"inLanguage":"cs","potentialAction":[{"@type":"ReadAction","target":["https:\/\/www.prazskykamen.cz\/ru\/materialy\/materialy-zuly\/tanzanite\/"]}]},{"@type":"BreadcrumbList","@id":"https:\/\/www.prazskykamen.cz\/ru\/materialy\/materialy-zuly\/tanzanite\/#breadcrumb","itemListElement":[{"@type":"ListItem","position":1,"name":"Dom\u016f","item":"https:\/\/www.prazskykamen.cz\/ru\/"},{"@type":"ListItem","position":2,"name":"\u041c\u0410\u0422\u0415\u0420\u0418\u0410\u041b\u042b","item":"https:\/\/www.prazskykamen.cz\/ru\/materialy\/"},{"@type":"ListItem","position":3,"name":"MATERI\u00c1LY &#8211; \u017dULA","item":"https:\/\/www.prazskykamen.cz\/ru\/materialy\/materialy-zuly\/"},{"@type":"ListItem","position":4,"name":"Tanzanite"}]},{"@type":"WebSite","@id":"https:\/\/www.prazskykamen.cz\/ru\/#website","url":"https:\/\/www.prazskykamen.cz\/ru\/","name":"\u041f\u0440\u0430\u0433\u0430 \u043a\u0430\u043c\u0435\u043d\u044c","description":"Dal\u0161\u00ed nov\u00fd web v r\u00e1mci s\u00edt\u011b Pra\u017esk\u00fd k\u00e1men Sites","potentialAction":[{"@type":"SearchAction","target":{"@type":"EntryPoint","urlTemplate":"https:\/\/www.prazskykamen.cz\/ru\/?s={search_term_string}"},"query-input":{"@type":"PropertyValueSpecification","valueRequired":true,"valueName":"search_term_string"}}],"inLanguage":"cs"}]}},"_links":{"self":[{"href":"https:\/\/www.prazskykamen.cz\/ru\/wp-json\/wp\/v2\/pages\/9560","targetHints":{"allow":["GET"]}}],"collection":[{"href":"https:\/\/www.prazskykamen.cz\/ru\/wp-json\/wp\/v2\/pages"}],"about":[{"href":"https:\/\/www.prazskykamen.cz\/ru\/wp-json\/wp\/v2\/types\/page"}],"author":[{"embeddable":true,"href":"https:\/\/www.prazskykamen.cz\/ru\/wp-json\/wp\/v2\/users\/2"}],"replies":[{"embeddable":true,"href":"https:\/\/www.prazskykamen.cz\/ru\/wp-json\/wp\/v2\/comments?post=9560"}],"version-history":[{"count":2,"href":"https:\/\/www.prazskykamen.cz\/ru\/wp-json\/wp\/v2\/pages\/9560\/revisions"}],"predecessor-version":[{"id":9563,"href":"https:\/\/www.prazskykamen.cz\/ru\/wp-json\/wp\/v2\/pages\/9560\/revisions\/9563"}],"up":[{"embeddable":true,"href":"https:\/\/www.prazskykamen.cz\/ru\/wp-json\/wp\/v2\/pages\/545"}],"wp:attachment":[{"href":"https:\/\/www.prazskykamen.cz\/ru\/wp-json\/wp\/v2\/media?parent=9560"}],"curies":[{"name":"wp","href":"https:\/\/api.w.org\/{rel}","templated":true}]}}