{"id":8809,"date":"2022-01-28T15:45:17","date_gmt":"2022-01-28T15:45:17","guid":{"rendered":"https:\/\/www.prazskykamen.cz\/ru\/?page_id=8809"},"modified":"2022-07-20T14:32:23","modified_gmt":"2022-07-20T14:32:23","slug":"%d0%be%d0%bd%d0%b8%d0%ba%d1%81-%d0%bd%d0%be%d0%b2%d0%be%d0%bb%d0%b0%d1%82%d0%be","status":"publish","type":"page","link":"https:\/\/www.prazskykamen.cz\/ru\/materialy\/materialy-onyx\/%d0%be%d0%bd%d0%b8%d0%ba%d1%81-%d0%bd%d0%be%d0%b2%d0%be%d0%bb%d0%b0%d1%82%d0%be\/","title":{"rendered":"\u041e\u041d\u0418\u041a\u0421 \u041d\u041e\u0412\u041e\u041b\u0410\u0422\u041e"},"content":{"rendered":"<p>[et_pb_section fb_built=&#8220;1&#8243; _builder_version=&#8220;3.29.1&#8243; global_colors_info=&#8220;{}&#8220;][et_pb_row column_structure=&#8220;1_4,1_4,1_4,1_4&#8243; _builder_version=&#8220;3.29.1&#8243; global_colors_info=&#8220;{}&#8220;][et_pb_column type=&#8220;1_4&#8243; _builder_version=&#8220;3.29.1&#8243; global_colors_info=&#8220;{}&#8220;][et_pb_text _builder_version=&#8220;4.14.7&#8243; global_colors_info=&#8220;{}&#8220;]<\/p>\n<h1>\u041e\u041d\u0418\u041a\u0421 \u041d\u041e\u0412\u041e\u041b\u0410\u0422\u041e<\/h1>\n<table>\n<tbody>\n<tr>\n<td>\u0422\u043e\u043b\u0449\u0438\u043d\u0430<\/td>\n<td>2 cm<\/td>\n<\/tr>\n<tr>\n<td>\u041f\u043e\u0432\u0435\u0440\u0445\u043d\u043e\u0441\u0442\u044c<\/td>\n<td>\u043f\u043e\u043b\u0438\u0440\u043e\u0432\u0430\u043d\u043d\u0430\u044f<\/td>\n<\/tr>\n<tr>\n<td>\u0426e\u043d\u0430<\/td>\n<td>14,900K\u010d\/m2 \u0431\u0435\u0437 \u041d\u0414\u0421<\/td>\n<\/tr>\n<tr>\n<td>\u041f\u0440\u043e\u043f\u0443\u0441\u043a\u0430\u043d\u0438\u0435<\/td>\n<td>\u0445\u043e\u0440\u043e\u0448\u0435\u0435<\/td>\n<\/tr>\n<\/tbody>\n<\/table>\n<p>[\/et_pb_text][\/et_pb_column][et_pb_column type=&#8220;1_4&#8243; _builder_version=&#8220;3.29.1&#8243; global_colors_info=&#8220;{}&#8220;][et_pb_divider _builder_version=&#8220;3.29.1&#8243; global_colors_info=&#8220;{}&#8220;][\/et_pb_divider][et_pb_gallery gallery_ids=&#8220;8782&#8243; fullwidth=&#8220;on&#8220; _builder_version=&#8220;4.14.7&#8243; global_colors_info=&#8220;{}&#8220;][\/et_pb_gallery][\/et_pb_column][et_pb_column type=&#8220;1_4&#8243; _builder_version=&#8220;3.29.1&#8243; global_colors_info=&#8220;{}&#8220;][et_pb_divider _builder_version=&#8220;3.29.1&#8243; global_colors_info=&#8220;{}&#8220;][\/et_pb_divider][et_pb_gallery _builder_version=&#8220;4.14.7&#8243; _module_preset=&#8220;default&#8220; gallery_ids=&#8220;9395&#8243; hover_enabled=&#8220;0&#8243; sticky_enabled=&#8220;0&#8243;][\/et_pb_gallery][\/et_pb_column][et_pb_column type=&#8220;1_4&#8243; _builder_version=&#8220;3.29.1&#8243; global_colors_info=&#8220;{}&#8220;][et_pb_divider _builder_version=&#8220;3.29.1&#8243; global_colors_info=&#8220;{}&#8220;][\/et_pb_divider][et_pb_gallery gallery_ids=&#8220;8783&#8243; fullwidth=&#8220;on&#8220; _builder_version=&#8220;4.14.7&#8243; global_colors_info=&#8220;{}&#8220;][\/et_pb_gallery][\/et_pb_column][\/et_pb_row][\/et_pb_section]<\/p>\n","protected":false},"excerpt":{"rendered":"<p>\u041e\u041d\u0418\u041a\u0421 \u041d\u041e\u0412\u041e\u041b\u0410\u0422\u041e \u0422\u043e\u043b\u0449\u0438\u043d\u0430 2 cm \u041f\u043e\u0432\u0435\u0440\u0445\u043d\u043e\u0441\u0442\u044c \u043f\u043e\u043b\u0438\u0440\u043e\u0432\u0430\u043d\u043d\u0430\u044f \u0426e\u043d\u0430 14,900K\u010d\/m2 \u0431\u0435\u0437 \u041d\u0414\u0421 \u041f\u0440\u043e\u043f\u0443\u0441\u043a\u0430\u043d\u0438\u0435 \u0445\u043e\u0440\u043e\u0448\u0435\u0435<\/p>\n","protected":false},"author":2,"featured_media":0,"parent":1207,"menu_order":0,"comment_status":"closed","ping_status":"closed","template":"","meta":{"_et_pb_use_builder":"on","_et_pb_old_content":"","_et_gb_content_width":"","footnotes":""},"class_list":["post-8809","page","type-page","status-publish","hentry"],"yoast_head":"<!-- This site is optimized with the Yoast SEO plugin v23.7 - https:\/\/yoast.com\/wordpress\/plugins\/seo\/ -->\n<title>\u041e\u041d\u0418\u041a\u0421 \u041d\u041e\u0412\u041e\u041b\u0410\u0422\u041e - \u041f\u0440\u0430\u0433\u0430 \u043a\u0430\u043c\u0435\u043d\u044c<\/title>\n<meta name=\"robots\" content=\"index, follow, max-snippet:-1, max-image-preview:large, max-video-preview:-1\" \/>\n<link rel=\"canonical\" href=\"https:\/\/www.prazskykamen.cz\/ru\/materialy\/materialy-onyx\/\u043e\u043d\u0438\u043a\u0441-\u043d\u043e\u0432\u043e\u043b\u0430\u0442\u043e\/\" \/>\n<meta property=\"og:locale\" content=\"cs_CZ\" \/>\n<meta property=\"og:type\" content=\"article\" \/>\n<meta property=\"og:title\" content=\"\u041e\u041d\u0418\u041a\u0421 \u041d\u041e\u0412\u041e\u041b\u0410\u0422\u041e - \u041f\u0440\u0430\u0433\u0430 \u043a\u0430\u043c\u0435\u043d\u044c\" \/>\n<meta property=\"og:description\" content=\"\u041e\u041d\u0418\u041a\u0421 \u041d\u041e\u0412\u041e\u041b\u0410\u0422\u041e \u0422\u043e\u043b\u0449\u0438\u043d\u0430 2 cm \u041f\u043e\u0432\u0435\u0440\u0445\u043d\u043e\u0441\u0442\u044c \u043f\u043e\u043b\u0438\u0440\u043e\u0432\u0430\u043d\u043d\u0430\u044f \u0426e\u043d\u0430 14,900K\u010d\/m2 \u0431\u0435\u0437 \u041d\u0414\u0421 \u041f\u0440\u043e\u043f\u0443\u0441\u043a\u0430\u043d\u0438\u0435 \u0445\u043e\u0440\u043e\u0448\u0435\u0435\" \/>\n<meta property=\"og:url\" content=\"https:\/\/www.prazskykamen.cz\/ru\/materialy\/materialy-onyx\/\u043e\u043d\u0438\u043a\u0441-\u043d\u043e\u0432\u043e\u043b\u0430\u0442\u043e\/\" \/>\n<meta property=\"og:site_name\" content=\"\u041f\u0440\u0430\u0433\u0430 \u043a\u0430\u043c\u0435\u043d\u044c\" \/>\n<meta property=\"article:modified_time\" content=\"2022-07-20T14:32:23+00:00\" \/>\n<meta name=\"twitter:card\" content=\"summary_large_image\" \/>\n<meta name=\"twitter:label1\" content=\"Odhadovan\u00e1 doba \u010dten\u00ed\" \/>\n\t<meta name=\"twitter:data1\" content=\"1 minuta\" \/>\n<script type=\"application\/ld+json\" class=\"yoast-schema-graph\">{\"@context\":\"https:\/\/schema.org\",\"@graph\":[{\"@type\":\"WebPage\",\"@id\":\"https:\/\/www.prazskykamen.cz\/ru\/materialy\/materialy-onyx\/%d0%be%d0%bd%d0%b8%d0%ba%d1%81-%d0%bd%d0%be%d0%b2%d0%be%d0%bb%d0%b0%d1%82%d0%be\/\",\"url\":\"https:\/\/www.prazskykamen.cz\/ru\/materialy\/materialy-onyx\/%d0%be%d0%bd%d0%b8%d0%ba%d1%81-%d0%bd%d0%be%d0%b2%d0%be%d0%bb%d0%b0%d1%82%d0%be\/\",\"name\":\"\u041e\u041d\u0418\u041a\u0421 \u041d\u041e\u0412\u041e\u041b\u0410\u0422\u041e - \u041f\u0440\u0430\u0433\u0430 \u043a\u0430\u043c\u0435\u043d\u044c\",\"isPartOf\":{\"@id\":\"https:\/\/www.prazskykamen.cz\/ru\/#website\"},\"datePublished\":\"2022-01-28T15:45:17+00:00\",\"dateModified\":\"2022-07-20T14:32:23+00:00\",\"breadcrumb\":{\"@id\":\"https:\/\/www.prazskykamen.cz\/ru\/materialy\/materialy-onyx\/%d0%be%d0%bd%d0%b8%d0%ba%d1%81-%d0%bd%d0%be%d0%b2%d0%be%d0%bb%d0%b0%d1%82%d0%be\/#breadcrumb\"},\"inLanguage\":\"cs\",\"potentialAction\":[{\"@type\":\"ReadAction\",\"target\":[\"https:\/\/www.prazskykamen.cz\/ru\/materialy\/materialy-onyx\/%d0%be%d0%bd%d0%b8%d0%ba%d1%81-%d0%bd%d0%be%d0%b2%d0%be%d0%bb%d0%b0%d1%82%d0%be\/\"]}]},{\"@type\":\"BreadcrumbList\",\"@id\":\"https:\/\/www.prazskykamen.cz\/ru\/materialy\/materialy-onyx\/%d0%be%d0%bd%d0%b8%d0%ba%d1%81-%d0%bd%d0%be%d0%b2%d0%be%d0%bb%d0%b0%d1%82%d0%be\/#breadcrumb\",\"itemListElement\":[{\"@type\":\"ListItem\",\"position\":1,\"name\":\"Dom\u016f\",\"item\":\"https:\/\/www.prazskykamen.cz\/ru\/\"},{\"@type\":\"ListItem\",\"position\":2,\"name\":\"\u041c\u0410\u0422\u0415\u0420\u0418\u0410\u041b\u042b\",\"item\":\"https:\/\/www.prazskykamen.cz\/ru\/materialy\/\"},{\"@type\":\"ListItem\",\"position\":3,\"name\":\"\u041e\u041d\u0418\u041a\u0421\",\"item\":\"https:\/\/www.prazskykamen.cz\/ru\/materialy\/materialy-onyx\/\"},{\"@type\":\"ListItem\",\"position\":4,\"name\":\"\u041e\u041d\u0418\u041a\u0421 \u041d\u041e\u0412\u041e\u041b\u0410\u0422\u041e\"}]},{\"@type\":\"WebSite\",\"@id\":\"https:\/\/www.prazskykamen.cz\/ru\/#website\",\"url\":\"https:\/\/www.prazskykamen.cz\/ru\/\",\"name\":\"\u041f\u0440\u0430\u0433\u0430 \u043a\u0430\u043c\u0435\u043d\u044c\",\"description\":\"Dal\u0161\u00ed nov\u00fd web v r\u00e1mci s\u00edt\u011b Pra\u017esk\u00fd k\u00e1men Sites\",\"potentialAction\":[{\"@type\":\"SearchAction\",\"target\":{\"@type\":\"EntryPoint\",\"urlTemplate\":\"https:\/\/www.prazskykamen.cz\/ru\/?s={search_term_string}\"},\"query-input\":{\"@type\":\"PropertyValueSpecification\",\"valueRequired\":true,\"valueName\":\"search_term_string\"}}],\"inLanguage\":\"cs\"}]}<\/script>\n<!-- \/ Yoast SEO plugin. -->","yoast_head_json":{"title":"\u041e\u041d\u0418\u041a\u0421 \u041d\u041e\u0412\u041e\u041b\u0410\u0422\u041e - \u041f\u0440\u0430\u0433\u0430 \u043a\u0430\u043c\u0435\u043d\u044c","robots":{"index":"index","follow":"follow","max-snippet":"max-snippet:-1","max-image-preview":"max-image-preview:large","max-video-preview":"max-video-preview:-1"},"canonical":"https:\/\/www.prazskykamen.cz\/ru\/materialy\/materialy-onyx\/\u043e\u043d\u0438\u043a\u0441-\u043d\u043e\u0432\u043e\u043b\u0430\u0442\u043e\/","og_locale":"cs_CZ","og_type":"article","og_title":"\u041e\u041d\u0418\u041a\u0421 \u041d\u041e\u0412\u041e\u041b\u0410\u0422\u041e - \u041f\u0440\u0430\u0433\u0430 \u043a\u0430\u043c\u0435\u043d\u044c","og_description":"\u041e\u041d\u0418\u041a\u0421 \u041d\u041e\u0412\u041e\u041b\u0410\u0422\u041e \u0422\u043e\u043b\u0449\u0438\u043d\u0430 2 cm \u041f\u043e\u0432\u0435\u0440\u0445\u043d\u043e\u0441\u0442\u044c \u043f\u043e\u043b\u0438\u0440\u043e\u0432\u0430\u043d\u043d\u0430\u044f \u0426e\u043d\u0430 14,900K\u010d\/m2 \u0431\u0435\u0437 \u041d\u0414\u0421 \u041f\u0440\u043e\u043f\u0443\u0441\u043a\u0430\u043d\u0438\u0435 \u0445\u043e\u0440\u043e\u0448\u0435\u0435","og_url":"https:\/\/www.prazskykamen.cz\/ru\/materialy\/materialy-onyx\/\u043e\u043d\u0438\u043a\u0441-\u043d\u043e\u0432\u043e\u043b\u0430\u0442\u043e\/","og_site_name":"\u041f\u0440\u0430\u0433\u0430 \u043a\u0430\u043c\u0435\u043d\u044c","article_modified_time":"2022-07-20T14:32:23+00:00","twitter_card":"summary_large_image","twitter_misc":{"Odhadovan\u00e1 doba \u010dten\u00ed":"1 minuta"},"schema":{"@context":"https:\/\/schema.org","@graph":[{"@type":"WebPage","@id":"https:\/\/www.prazskykamen.cz\/ru\/materialy\/materialy-onyx\/%d0%be%d0%bd%d0%b8%d0%ba%d1%81-%d0%bd%d0%be%d0%b2%d0%be%d0%bb%d0%b0%d1%82%d0%be\/","url":"https:\/\/www.prazskykamen.cz\/ru\/materialy\/materialy-onyx\/%d0%be%d0%bd%d0%b8%d0%ba%d1%81-%d0%bd%d0%be%d0%b2%d0%be%d0%bb%d0%b0%d1%82%d0%be\/","name":"\u041e\u041d\u0418\u041a\u0421 \u041d\u041e\u0412\u041e\u041b\u0410\u0422\u041e - \u041f\u0440\u0430\u0433\u0430 \u043a\u0430\u043c\u0435\u043d\u044c","isPartOf":{"@id":"https:\/\/www.prazskykamen.cz\/ru\/#website"},"datePublished":"2022-01-28T15:45:17+00:00","dateModified":"2022-07-20T14:32:23+00:00","breadcrumb":{"@id":"https:\/\/www.prazskykamen.cz\/ru\/materialy\/materialy-onyx\/%d0%be%d0%bd%d0%b8%d0%ba%d1%81-%d0%bd%d0%be%d0%b2%d0%be%d0%bb%d0%b0%d1%82%d0%be\/#breadcrumb"},"inLanguage":"cs","potentialAction":[{"@type":"ReadAction","target":["https:\/\/www.prazskykamen.cz\/ru\/materialy\/materialy-onyx\/%d0%be%d0%bd%d0%b8%d0%ba%d1%81-%d0%bd%d0%be%d0%b2%d0%be%d0%bb%d0%b0%d1%82%d0%be\/"]}]},{"@type":"BreadcrumbList","@id":"https:\/\/www.prazskykamen.cz\/ru\/materialy\/materialy-onyx\/%d0%be%d0%bd%d0%b8%d0%ba%d1%81-%d0%bd%d0%be%d0%b2%d0%be%d0%bb%d0%b0%d1%82%d0%be\/#breadcrumb","itemListElement":[{"@type":"ListItem","position":1,"name":"Dom\u016f","item":"https:\/\/www.prazskykamen.cz\/ru\/"},{"@type":"ListItem","position":2,"name":"\u041c\u0410\u0422\u0415\u0420\u0418\u0410\u041b\u042b","item":"https:\/\/www.prazskykamen.cz\/ru\/materialy\/"},{"@type":"ListItem","position":3,"name":"\u041e\u041d\u0418\u041a\u0421","item":"https:\/\/www.prazskykamen.cz\/ru\/materialy\/materialy-onyx\/"},{"@type":"ListItem","position":4,"name":"\u041e\u041d\u0418\u041a\u0421 \u041d\u041e\u0412\u041e\u041b\u0410\u0422\u041e"}]},{"@type":"WebSite","@id":"https:\/\/www.prazskykamen.cz\/ru\/#website","url":"https:\/\/www.prazskykamen.cz\/ru\/","name":"\u041f\u0440\u0430\u0433\u0430 \u043a\u0430\u043c\u0435\u043d\u044c","description":"Dal\u0161\u00ed nov\u00fd web v r\u00e1mci s\u00edt\u011b Pra\u017esk\u00fd k\u00e1men Sites","potentialAction":[{"@type":"SearchAction","target":{"@type":"EntryPoint","urlTemplate":"https:\/\/www.prazskykamen.cz\/ru\/?s={search_term_string}"},"query-input":{"@type":"PropertyValueSpecification","valueRequired":true,"valueName":"search_term_string"}}],"inLanguage":"cs"}]}},"_links":{"self":[{"href":"https:\/\/www.prazskykamen.cz\/ru\/wp-json\/wp\/v2\/pages\/8809","targetHints":{"allow":["GET"]}}],"collection":[{"href":"https:\/\/www.prazskykamen.cz\/ru\/wp-json\/wp\/v2\/pages"}],"about":[{"href":"https:\/\/www.prazskykamen.cz\/ru\/wp-json\/wp\/v2\/types\/page"}],"author":[{"embeddable":true,"href":"https:\/\/www.prazskykamen.cz\/ru\/wp-json\/wp\/v2\/users\/2"}],"replies":[{"embeddable":true,"href":"https:\/\/www.prazskykamen.cz\/ru\/wp-json\/wp\/v2\/comments?post=8809"}],"version-history":[{"count":4,"href":"https:\/\/www.prazskykamen.cz\/ru\/wp-json\/wp\/v2\/pages\/8809\/revisions"}],"predecessor-version":[{"id":9396,"href":"https:\/\/www.prazskykamen.cz\/ru\/wp-json\/wp\/v2\/pages\/8809\/revisions\/9396"}],"up":[{"embeddable":true,"href":"https:\/\/www.prazskykamen.cz\/ru\/wp-json\/wp\/v2\/pages\/1207"}],"wp:attachment":[{"href":"https:\/\/www.prazskykamen.cz\/ru\/wp-json\/wp\/v2\/media?parent=8809"}],"curies":[{"name":"wp","href":"https:\/\/api.w.org\/{rel}","templated":true}]}}