{"id":805,"date":"2014-12-23T13:18:00","date_gmt":"2014-12-23T12:18:00","guid":{"rendered":"https:\/\/www.prazskykamen.cz\/?page_id=805"},"modified":"2016-02-17T14:21:52","modified_gmt":"2016-02-17T14:21:52","slug":"kuchyne-drezy-a-varne-desky","status":"publish","type":"page","link":"https:\/\/www.prazskykamen.cz\/ru\/kamenne-produkty\/kuchyne\/kuchyne-drezy-a-varne-desky\/","title":{"rendered":"\u0421\u0422\u041e\u041b\u0415\u0428\u041d\u0418\u0426\u042b \u0414\u041b\u042f \u041c\u041e\u0415\u041a \u0418 \u0412\u0410\u0420\u041e\u0427\u041d\u042b\u0425 \u041f\u0410\u041d\u0415\u041b\u0415\u0419"},"content":{"rendered":"<p>[et_pb_section][et_pb_row][et_pb_column type=&#8220;1_2&#8243;][et_pb_text admin_label=&#8220;Text&#8220; background_layout=&#8220;light&#8220; text_orientation=&#8220;left&#8220;]<\/p>\n<h1 style=\"text-align: center;\">\u0421\u0422\u041e\u041b\u0415\u0428\u041d\u0418\u0426\u042b \u0414\u041b\u042f \u041c\u041e\u0415\u041a \u0418 \u0412\u0410\u0420\u041e\u0427\u041d\u042b\u0425 \u041f\u0410\u041d\u0415\u041b\u0415\u0419<\/h1>\n<p>[\/et_pb_text][et_pb_text admin_label=&#8220;Text&#8220; background_layout=&#8220;light&#8220; text_orientation=&#8220;left&#8220;]<\/p>\n<h2>\u041c\u043e\u0439\u043a\u0438<\/h2>\n<p>\u0412\u0430\u0436\u043d\u043e \u043e\u0442\u043c\u0435\u0442\u0438\u0442\u044c, \u0447\u0442\u043e \u043a\u0430\u0436\u0434\u044b\u0439 \u0442\u0438\u043f \u043c\u043e\u0435\u043a \u0443\u0436\u0435 \u043f\u0440\u0435\u0434\u0443\u0441\u043c\u0430\u0442\u0440\u0438\u0432\u0430\u0435\u0442 \u043a\u043e\u043d\u043a\u0440\u0435\u0442\u043d\u044b\u0439 \u0442\u0438\u043f \u0443\u0441\u0442\u0430\u043d\u043e\u0432\u043a\u0438\u00a0 \u043f\u043e\u044d\u0442\u043e\u043c\u0443 \u044d\u0442\u043e \u0441\u043b\u0435\u0434\u0443\u0435\u0442 \u0443\u0447\u0438\u0442\u044b\u0432\u0430\u0442\u044c \u0443\u0436\u0435 \u043f\u0440\u0438 \u0432\u044b\u0431\u043e\u0440\u0435 \u043c\u043e\u0439\u043a\u0438. \u0421\u0442\u0430\u043d\u0434\u0430\u0440\u0442\u043d\u044b\u043c \u0432\u0430\u0440\u0438\u0430\u043d\u0442\u043e\u043c, \u0442\u0430\u043a \u0436\u0435, \u043a\u0430\u043a \u0438 \u0432 \u0441\u043b\u0443\u0447\u0430\u0435 \u0441\u0442\u043e\u043b\u0435\u0448\u043d\u0438\u0446 \u0438\u0437 \u043b\u0430\u043c\u0438\u043d\u0430\u0442\u0430 \u0438\u043b\u0438 \u0434\u0435\u0440\u0435\u0432\u0430, \u044f\u0432\u043b\u044f\u0435\u0442\u0441\u044f \u043c\u043e\u043d\u0442\u0430\u0436 \u043d\u0430 \u043f\u043b\u0438\u0442\u0443, \u0442\u0430\u043a\u0438\u043c \u043e\u0431\u0440\u0430\u0437\u043e\u043c \u043e\u0442\u0432\u0435\u0440\u0441\u0442\u0438\u0435 \u0432 \u043a\u0430\u043c\u043d\u0435 \u044f\u0432\u043b\u044f\u0435\u0442\u0441\u044f \u0433\u0440\u0443\u0431\u044b\u043c, \u0430 \u0433\u0440\u0430\u043d\u044c \u043f\u0440\u0435\u0434\u0441\u0442\u0430\u0432\u043b\u044f\u0435\u0442 \u0441\u043e\u0431\u043e\u0439 \u0441\u0430\u043c\u0430 \u043c\u043e\u0439\u043a\u0430.<\/p>\n<p><strong>\u041e\u0434\u043d\u0430\u043a\u043e \u043a\u0430\u043c\u0435\u043d\u043d\u0430\u044f \u0441\u0442\u043e\u043b\u0435\u0448\u043d\u0438\u0446\u0430<\/strong> \u043f\u0440\u0435\u0434\u043e\u0441\u0442\u0430\u0432\u043b\u044f\u0435\u0442 \u0432\u043e\u0437\u043c\u043e\u0436\u043d\u043e\u0441\u0442\u044c \u043d\u0438\u0436\u043d\u0435\u0439 \u0443\u0441\u0442\u0430\u043d\u043e\u0432\u043a\u0438, \u0442\u043e \u0435\u0441\u0442\u044c \u043c\u043e\u0439\u043a\u0430 \u0443\u0441\u0442\u0430\u043d\u0430\u0432\u043b\u0438\u0432\u0430\u0435\u0442\u0441\u044f \u0441\u043d\u0438\u0437\u0443 \u043f\u043e\u0434 \u043f\u043b\u0438\u0442\u043e\u0439, \u0430 \u0433\u0440\u0430\u043d\u044c \u0432 \u043a\u0430\u043c\u043d\u0435 \u043e\u0431\u0440\u0430\u0431\u043e\u0442\u0430\u043d\u0430 \u0434\u043b\u044f \u0441\u043e\u043e\u0442\u0432\u0435\u0442\u0441\u0442\u0432\u0443\u044e\u0449\u0435\u0439 \u0444\u043e\u0440\u043c\u044b. \u042d\u0442\u043e \u0440\u0435\u0448\u0435\u043d\u0438\u0435 \u044f\u0432\u043b\u044f\u0435\u0442\u0441\u044f \u043e\u0447\u0435\u043d\u044c \u044d\u0444\u0444\u0435\u043a\u0442\u0438\u0432\u043d\u044b\u043c, \u0430 \u0442\u0430\u043a\u0436\u0435 \u043f\u0440\u0430\u043a\u0442\u0438\u0447\u043d\u044b\u043c, \u043f\u043e\u0441\u043a\u043e\u043b\u044c\u043a\u0443 \u0432\u043e\u0437\u043c\u043e\u0436\u043d\u044b\u0435 \u0437\u0430\u0433\u0440\u044f\u0437\u043d\u0435\u043d\u0438\u044f \u043c\u043e\u0436\u043d\u043e \u0441\u0442\u0435\u0440\u0435\u0442\u044c \u043f\u0440\u044f\u043c\u043e \u0432 \u043c\u043e\u0439\u043a\u0443.<\/p>\n<p>\u0414\u0440\u0443\u0433\u0438\u043c \u0432\u0430\u0440\u0438\u0430\u043d\u0442\u043e\u043c \u044f\u0432\u043b\u044f\u0435\u0442\u0441\u044f \u0443\u0441\u0442\u0430\u043d\u043e\u0432\u043a\u0430 \u043c\u043e\u0439\u043a\u0438 \u043d\u0430 \u0443\u0440\u043e\u0432\u043d\u0435 \u043f\u043b\u0438\u0442\u044b, \u0433\u0440\u0430\u043d\u044c \u043c\u043e\u0439\u043a\u0438 \u043e\u043f\u0443\u0441\u043a\u0430\u0435\u0442\u0441\u044f \u0432 \u043a\u0430\u043c\u0435\u043d\u044c, \u0442\u0430\u043a\u0438\u043c \u043e\u0431\u0440\u0430\u0437\u043e\u043c \u043d\u0435 \u043f\u0440\u0435\u043f\u044f\u0442\u0441\u0442\u0432\u0443\u044f\u00a0 \u0441\u0442\u0438\u0440\u0430\u043d\u0438\u044e \u0432\u043e\u0434\u044b \u0441 \u043f\u043e\u0432\u0435\u0440\u0445\u043d\u043e\u0441\u0442\u0438 \u0441\u0442\u043e\u043b\u0435\u0448\u043d\u0438\u0446\u044b. \u041e\u0434\u043d\u0430\u043a\u043e \u043f\u0440\u0435\u0434\u043b\u043e\u0436\u0435\u043d\u0438\u0435 \u043c\u043e\u0435\u043a \u0434\u043b\u044f \u0443\u0441\u0442\u0430\u043d\u043e\u0432\u043a\u0438 \u043d\u0430 \u0443\u0440\u043e\u0432\u043d\u0435 \u043f\u043b\u0438\u0442\u044b \u043d\u0435\u0431\u043e\u043b\u044c\u0448\u043e\u0435. \u042d\u043a\u0441\u043a\u043b\u044e\u0437\u0438\u0432\u043d\u044b\u043c \u0432\u0430\u0440\u0438\u0430\u043d\u0442\u043e\u043c \u044f\u0432\u043b\u044f\u0435\u0442\u0441\u044f \u043f\u043e\u0441\u0442\u0430\u0432\u043a\u0430 <strong>\u043a\u0430\u043c\u0435\u043d\u043d\u043e\u0439 \u043c\u043e\u0439\u043a\u0438 \u043d\u0430 \u0437\u0430\u043a\u0430\u0437<\/strong>, \u0438\u0437\u0433\u043e\u0442\u043e\u0432\u043b\u0435\u043d\u043d\u043e\u0439 \u0438\u0437 \u0442\u043e\u0433\u043e \u0436\u0435 \u043c\u0430\u0442\u0435\u0440\u0438\u0430\u043b\u0430, \u043a\u0430\u043a \u0438 \u0441\u0442\u043e\u043b\u0435\u0448\u043d\u0438\u0446\u0430\u00a0, \u0430 \u0433\u0440\u0430\u043d\u0438 \u0441\u043a\u043b\u0435\u0435\u043d\u044b \u043f\u043e\u0434 \u0443\u0433\u043b\u043e\u043c 45 \u0433\u0440\u0430\u0434\u0443\u0441\u043e\u0432. \u041f\u043e\u044d\u0442\u043e\u043c\u0443 \u0432\u0438\u0437\u0443\u0430\u043b\u044c\u043d\u043e \u043c\u043e\u0439\u043a\u0430 \u0441\u043e \u0441\u0442\u043e\u043b\u0435\u0448\u043d\u0438\u0446\u0435\u0439 \u0432\u044b\u0433\u043b\u044f\u0434\u044f\u0442 \u043a\u0430\u043a \u0438\u0437\u0433\u043e\u0442\u043e\u0432\u043b\u0435\u043d\u043d\u044b\u0435 \u0438\u0437 \u043e\u0434\u043d\u043e\u0433\u043e \u043a\u0443\u0441\u043a\u0430 \u043c\u0430\u0442\u0435\u0440\u0438\u0430\u043b\u0430.<\/p>\n<p>\u041e\u0434\u043d\u0430\u043a\u043e \u043f\u0440\u043e\u0438\u0437\u0432\u043e\u0434\u0441\u0442\u0432\u043e \u0438 \u043e\u0444\u043e\u0440\u043c\u043b\u0435\u043d\u0438\u0435 \u0434\u0430\u043d\u043d\u043e\u0433\u043e \u0438\u0437\u0434\u0435\u043b\u0438\u044f \u0442\u0440\u0435\u0431\u0443\u044e\u0442 \u0431\u043e\u043b\u044c\u0448\u043e\u0439 \u0442\u043e\u0447\u043d\u043e\u0441\u0442\u0438 \u0438 \u0430\u043a\u043a\u0443\u0440\u0430\u0442\u043d\u043e\u0441\u0442\u0438, \u0435\u0433\u043e \u0446\u0435\u043d\u0430, \u043a\u0430\u043a \u043f\u0440\u0430\u0432\u0438\u043b\u043e, \u043f\u0440\u0435\u0432\u044b\u0448\u0430\u0435\u0442 \u0441\u0443\u043c\u043c\u0443 20 000 \u0447\u0435\u0448\u0441\u043a\u0438\u0445 \u043a\u0440\u043e\u043d.<\/p>\n<h2>\u0412\u0430\u0440\u043e\u0447\u043d\u044b\u0435 \u043f\u0430\u043d\u0435\u043b\u0438<\/h2>\n<p>\u0412\u0430\u0440\u043e\u0447\u043d\u044b\u0435 \u043f\u0430\u043d\u0435\u043b\u0438, \u043a\u0430\u043a \u043f\u0440\u0430\u0432\u0438\u043b\u043e, \u0443\u0441\u0442\u0430\u043d\u0430\u0432\u043b\u0438\u0432\u0430\u044e\u0442\u0441\u044f \u043d\u0430 \u043f\u043b\u0438\u0442\u0443, \u0442\u0430\u043a\u0438\u043c \u043e\u0431\u0440\u0430\u0437\u043e\u043c \u043e\u0442\u0432\u0435\u0440\u0441\u0442\u0438\u0435 \u0433\u0440\u0443\u0431\u043e\u0435, \u0430 \u0432\u0430\u0440\u043e\u0447\u043d\u043e\u0435 \u043f\u0430\u043d\u0435\u043b\u044c \u0441\u043b\u0435\u0433\u043a\u0430 \u0432\u044b\u0441\u0442\u0443\u043f\u0430\u0435\u0442 \u043d\u0430\u0434 \u043f\u043e\u0432\u0435\u0440\u0445\u043d\u043e\u0441\u0442\u044c\u044e \u0441\u0442\u043e\u043b\u0435\u0448\u043d\u0438\u0446\u044b, \u043f\u043e\u0434\u043e\u0431\u043d\u043e \u0442\u043e\u043c\u0443, \u043a\u0430\u043a \u0432 \u0441\u043b\u0443\u0447\u0430\u0435 \u043e\u0431\u044b\u0447\u043d\u043e\u0433\u043e \u0432\u0430\u0440\u0438\u0430\u043d\u0442\u0430 \u043e\u0442\u0432\u0435\u0440\u0441\u0442\u0438\u044f \u0434\u043b\u044f \u043c\u043e\u0439\u043a\u0438. \u0418\u043c\u0435\u0435\u0442\u0441\u044f \u0432\u043e\u0437\u043c\u043e\u0436\u043d\u043e\u0441\u0442\u044c \u0443\u0441\u0442\u0430\u043d\u043e\u0432\u043a\u0438 \u043d\u0430 \u0443\u0440\u043e\u0432\u043d\u0435 \u0441 \u043f\u043e\u0432\u0435\u0440\u0445\u043d\u043e\u0441\u0442\u044c\u044e, \u043f\u0440\u0438\u0447\u0435\u043c \u0441\u0442\u0435\u043a\u043b\u043e \u0432\u0430\u0440\u043e\u0447\u043d\u043e\u0439 \u043f\u043b\u0430\u0441\u0442\u0438\u043d\u044b \u0442\u043e\u0447\u043d\u043e \u043e\u043f\u0443\u0441\u043a\u0430\u0435\u0442\u0441\u044f \u0432 \u043a\u0430\u043c\u0435\u043d\u044c.[\/et_pb_text][\/et_pb_column][et_pb_column type=&#8220;1_2&#8243;][et_pb_slider admin_label=&#8220;Slider&#8220; show_arrows=&#8220;on&#8220; show_pagination=&#8220;on&#8220; auto=&#8220;off&#8220; parallax=&#8220;off&#8220; parallax_method=&#8220;off&#8220; module_class=&#8220;slidersheading&#8220;][et_pb_slide background_image=&#8220;https:\/\/www.prazskykamen.cz\/wp-content\/uploads\/2014\/12\/drezy5.jpg&#8220; background_color=&#8220;#ffffff&#8220; alignment=&#8220;center&#8220; background_layout=&#8220;dark&#8220; \/][et_pb_slide background_image=&#8220;https:\/\/www.prazskykamen.cz\/wp-content\/uploads\/2014\/12\/drezy6.jpg&#8220; background_color=&#8220;#ffffff&#8220; alignment=&#8220;center&#8220; background_layout=&#8220;dark&#8220; \/][et_pb_slide background_image=&#8220;https:\/\/www.prazskykamen.cz\/wp-content\/uploads\/2014\/12\/drezy7.jpg&#8220; background_color=&#8220;#ffffff&#8220; alignment=&#8220;center&#8220; background_layout=&#8220;dark&#8220; \/][et_pb_slide background_image=&#8220;https:\/\/www.prazskykamen.cz\/wp-content\/uploads\/2014\/12\/drezy8.jpg&#8220; background_color=&#8220;#ffffff&#8220; alignment=&#8220;center&#8220; background_layout=&#8220;dark&#8220; \/][et_pb_slide background_image=&#8220;https:\/\/www.prazskykamen.cz\/wp-content\/uploads\/2014\/12\/VARN\u00c1-DESKA-DETAIL2.jpg&#8220; background_color=&#8220;#ffffff&#8220; alignment=&#8220;center&#8220; background_layout=&#8220;dark&#8220; \/][et_pb_slide background_image=&#8220;https:\/\/www.prazskykamen.cz\/wp-content\/uploads\/2014\/12\/drezy11.jpg&#8220; background_color=&#8220;#ffffff&#8220; alignment=&#8220;center&#8220; background_layout=&#8220;dark&#8220; \/][et_pb_slide background_image=&#8220;https:\/\/www.prazskykamen.cz\/wp-content\/uploads\/2014\/12\/lesteny640x480.jpg&#8220; background_color=&#8220;#ffffff&#8220; alignment=&#8220;center&#8220; background_layout=&#8220;dark&#8220; \/][et_pb_slide background_image=&#8220;https:\/\/www.prazskykamen.cz\/wp-content\/uploads\/2014\/12\/antic640x480.jpg&#8220; background_color=&#8220;#ffffff&#8220; alignment=&#8220;center&#8220; background_layout=&#8220;dark&#8220; \/][\/et_pb_slider][et_pb_gallery admin_label=&#8220;Gallery&#8220; gallery_ids=&#8220;6779&#8243; fullwidth=&#8220;on&#8220; posts_number=&#8220;4&#8243; show_title_and_caption=&#8220;on&#8220; show_pagination=&#8220;on&#8220; background_layout=&#8220;light&#8220; \/][\/et_pb_column][\/et_pb_row][et_pb_row][et_pb_column type=&#8220;4_4&#8243;][et_pb_text admin_label=&#8220;Text&#8220; background_layout=&#8220;light&#8220; text_orientation=&#8220;left&#8220;]\u041a\u0430\u043c\u0435\u043d\u043d\u044b\u0435 \u043f\u043b\u0438\u0442\u044b \u0442\u0430\u043a\u0436\u0435 \u043c\u043e\u0433\u0443\u0442 \u0431\u044b\u0442\u044c \u0438\u0441\u043f\u043e\u043b\u044c\u0437\u043e\u0432\u0430\u043d \u0432 \u0432\u0430\u043d\u043d\u043e\u0439 \u043a\u043e\u043c\u043d\u0430\u0442\u0435. <a href=\"https:\/\/www.prazskykamen.cz\/ru\/kamenne-produkty\/koupelny\/koupelny-kamenne-desky\"> \u041f\u043b\u0430\u0441\u0442\u0438\u043d\u044b \u0434\u043b\u044f \u0443\u043c\u044b\u0432\u0430\u043b\u044c\u043d\u0438\u043a\u043e\u0432<\/a>&nbsp; \u043e\u0431\u0435\u0441\u043f\u0435\u0447\u0438\u0432\u0430\u044e\u0442 \u043f\u0440\u0435\u0432\u043e\u0441\u0445\u043e\u0434\u043d\u043e\u0435 \u0440\u0435\u0448\u0435\u043d\u0438\u0435 \u043f\u0440\u043e\u0441\u0442\u0440\u0430\u043d\u0441\u0442\u0432\u0430 \u0432\u0430\u043d\u043d\u043e\u0439 \u043a\u043e\u043c\u043d\u0430\u0442\u044b \u0441 \u0434\u043b\u0438\u0442\u0435\u043b\u044c\u043d\u044b\u043c \u0441\u0440\u043e\u043a\u043e\u043c \u0441\u043b\u0443\u0436\u0431\u044b \u0438 \u0432\u044b\u0441\u043e\u043a\u043e\u0439 \u043f\u0440\u0430\u043a\u0442\u0438\u0447\u043d\u043e\u0439 \u0438 \u044d\u0441\u0442\u0435\u0442\u0438\u0447\u0435\u0441\u043a\u043e\u0439 \u0446\u0435\u043d\u043d\u043e\u0441\u0442\u044c\u044e.[\/et_pb_text][\/et_pb_column][\/et_pb_row][\/et_pb_section]<\/p>\n","protected":false},"excerpt":{"rendered":"<p><div class=\"et_pb_section et_pb_section_0 et_section_regular\" >\n\t\t\t\t\n\t\t\t\t\n\t\t\t\t\n\t\t\t\t\n\t\t\t\t\n\t\t\t\t\n\t\t\t\t\n\t\t\t\t\n\t\t\t\t\n\t\t\t<\/div><div class=\"et_pb_row et_pb_row_0 et_pb_row_empty\">\n\t\t\t\t\n\t\t\t\t\n\t\t\t\t\n\t\t\t\t\n\t\t\t\t\n\t\t\t<\/div> \u0421\u0422\u041e\u041b\u0415\u0428\u041d\u0418\u0426\u042b \u0414\u041b\u042f \u041c\u041e\u0415\u041a \u0418 \u0412\u0410\u0420\u041e\u0427\u041d\u042b\u0425 \u041f\u0410\u041d\u0415\u041b\u0415\u0419 \u041c\u043e\u0439\u043a\u0438 \u0412\u0430\u0436\u043d\u043e \u043e\u0442\u043c\u0435\u0442\u0438\u0442\u044c, \u0447\u0442\u043e \u043a\u0430\u0436\u0434\u044b\u0439 \u0442\u0438\u043f \u043c\u043e\u0435\u043a \u0443\u0436\u0435 \u043f\u0440\u0435\u0434\u0443\u0441\u043c\u0430\u0442\u0440\u0438\u0432\u0430\u0435\u0442 \u043a\u043e\u043d\u043a\u0440\u0435\u0442\u043d\u044b\u0439 \u0442\u0438\u043f \u0443\u0441\u0442\u0430\u043d\u043e\u0432\u043a\u0438\u00a0 \u043f\u043e\u044d\u0442\u043e\u043c\u0443 \u044d\u0442\u043e \u0441\u043b\u0435\u0434\u0443\u0435\u0442 \u0443\u0447\u0438\u0442\u044b\u0432\u0430\u0442\u044c \u0443\u0436\u0435 \u043f\u0440\u0438 \u0432\u044b\u0431\u043e\u0440\u0435 \u043c\u043e\u0439\u043a\u0438. \u0421\u0442\u0430\u043d\u0434\u0430\u0440\u0442\u043d\u044b\u043c \u0432\u0430\u0440\u0438\u0430\u043d\u0442\u043e\u043c, \u0442\u0430\u043a \u0436\u0435, \u043a\u0430\u043a \u0438 \u0432 \u0441\u043b\u0443\u0447\u0430\u0435 \u0441\u0442\u043e\u043b\u0435\u0448\u043d\u0438\u0446 \u0438\u0437 \u043b\u0430\u043c\u0438\u043d\u0430\u0442\u0430 \u0438\u043b\u0438 \u0434\u0435\u0440\u0435\u0432\u0430, \u044f\u0432\u043b\u044f\u0435\u0442\u0441\u044f \u043c\u043e\u043d\u0442\u0430\u0436 \u043d\u0430 \u043f\u043b\u0438\u0442\u0443, \u0442\u0430\u043a\u0438\u043c \u043e\u0431\u0440\u0430\u0437\u043e\u043c \u043e\u0442\u0432\u0435\u0440\u0441\u0442\u0438\u0435 \u0432 \u043a\u0430\u043c\u043d\u0435 \u044f\u0432\u043b\u044f\u0435\u0442\u0441\u044f \u0433\u0440\u0443\u0431\u044b\u043c, \u0430 \u0433\u0440\u0430\u043d\u044c \u043f\u0440\u0435\u0434\u0441\u0442\u0430\u0432\u043b\u044f\u0435\u0442 \u0441\u043e\u0431\u043e\u0439 [&hellip;]<\/p>\n","protected":false},"author":1,"featured_media":0,"parent":64,"menu_order":0,"comment_status":"closed","ping_status":"open","template":"","meta":{"_et_pb_use_builder":"on","_et_pb_old_content":"","_et_gb_content_width":"","footnotes":""},"class_list":["post-805","page","type-page","status-publish","hentry"],"yoast_head":"<!-- This site is optimized with the Yoast SEO plugin v23.7 - https:\/\/yoast.com\/wordpress\/plugins\/seo\/ -->\n<title>Kamenn\u00e9 kuchy\u0148sk\u00e9 desky | Kamenictv\u00ed Pra\u017esk\u00fd k\u00e1men<\/title>\n<meta name=\"description\" content=\"Kamenn\u00e9 kuchy\u0148sk\u00e9 pracovn\u00ed desky s \u00fapravou pro d\u0159ez a varnou desku. Pracovn\u00ed desky do kuchyn\u011b z kamene jsou velmi praktick\u00e9 a z estetick\u00e9ho pohledu skv\u011bl\u00e9.\" \/>\n<meta name=\"robots\" content=\"index, follow, max-snippet:-1, max-image-preview:large, max-video-preview:-1\" \/>\n<link rel=\"canonical\" href=\"https:\/\/www.prazskykamen.cz\/ru\/kamenne-produkty\/kuchyne\/kuchyne-drezy-a-varne-desky\/\" \/>\n<meta property=\"og:locale\" content=\"cs_CZ\" \/>\n<meta property=\"og:type\" content=\"article\" \/>\n<meta property=\"og:title\" content=\"Kamenn\u00e9 kuchy\u0148sk\u00e9 desky | Kamenictv\u00ed Pra\u017esk\u00fd k\u00e1men\" \/>\n<meta property=\"og:description\" content=\"Kamenn\u00e9 kuchy\u0148sk\u00e9 pracovn\u00ed desky s \u00fapravou pro d\u0159ez a varnou desku. Pracovn\u00ed desky do kuchyn\u011b z kamene jsou velmi praktick\u00e9 a z estetick\u00e9ho pohledu skv\u011bl\u00e9.\" \/>\n<meta property=\"og:url\" content=\"https:\/\/www.prazskykamen.cz\/ru\/kamenne-produkty\/kuchyne\/kuchyne-drezy-a-varne-desky\/\" \/>\n<meta property=\"og:site_name\" content=\"\u041f\u0440\u0430\u0433\u0430 \u043a\u0430\u043c\u0435\u043d\u044c\" \/>\n<meta property=\"article:modified_time\" content=\"2016-02-17T14:21:52+00:00\" \/>\n<meta name=\"twitter:card\" content=\"summary_large_image\" \/>\n<meta name=\"twitter:label1\" content=\"Odhadovan\u00e1 doba \u010dten\u00ed\" \/>\n\t<meta name=\"twitter:data1\" content=\"2 minuty\" \/>\n<script type=\"application\/ld+json\" class=\"yoast-schema-graph\">{\"@context\":\"https:\/\/schema.org\",\"@graph\":[{\"@type\":\"WebPage\",\"@id\":\"https:\/\/www.prazskykamen.cz\/ru\/kamenne-produkty\/kuchyne\/kuchyne-drezy-a-varne-desky\/\",\"url\":\"https:\/\/www.prazskykamen.cz\/ru\/kamenne-produkty\/kuchyne\/kuchyne-drezy-a-varne-desky\/\",\"name\":\"Kamenn\u00e9 kuchy\u0148sk\u00e9 desky | Kamenictv\u00ed Pra\u017esk\u00fd k\u00e1men\",\"isPartOf\":{\"@id\":\"https:\/\/www.prazskykamen.cz\/ru\/#website\"},\"datePublished\":\"2014-12-23T12:18:00+00:00\",\"dateModified\":\"2016-02-17T14:21:52+00:00\",\"description\":\"Kamenn\u00e9 kuchy\u0148sk\u00e9 pracovn\u00ed desky s \u00fapravou pro d\u0159ez a varnou desku. Pracovn\u00ed desky do kuchyn\u011b z kamene jsou velmi praktick\u00e9 a z estetick\u00e9ho pohledu skv\u011bl\u00e9.\",\"breadcrumb\":{\"@id\":\"https:\/\/www.prazskykamen.cz\/ru\/kamenne-produkty\/kuchyne\/kuchyne-drezy-a-varne-desky\/#breadcrumb\"},\"inLanguage\":\"cs\",\"potentialAction\":[{\"@type\":\"ReadAction\",\"target\":[\"https:\/\/www.prazskykamen.cz\/ru\/kamenne-produkty\/kuchyne\/kuchyne-drezy-a-varne-desky\/\"]}]},{\"@type\":\"BreadcrumbList\",\"@id\":\"https:\/\/www.prazskykamen.cz\/ru\/kamenne-produkty\/kuchyne\/kuchyne-drezy-a-varne-desky\/#breadcrumb\",\"itemListElement\":[{\"@type\":\"ListItem\",\"position\":1,\"name\":\"Dom\u016f\",\"item\":\"https:\/\/www.prazskykamen.cz\/ru\/\"},{\"@type\":\"ListItem\",\"position\":2,\"name\":\"\u0418\u0417\u0414\u0415\u041b\u0418\u042f \u0418\u0417 \u041a\u0410\u041c\u041d\u042f\",\"item\":\"https:\/\/www.prazskykamen.cz\/ru\/kamenne-produkty\/\"},{\"@type\":\"ListItem\",\"position\":3,\"name\":\"\u041a\u0423\u0425\u041d\u0418\",\"item\":\"https:\/\/www.prazskykamen.cz\/ru\/kamenne-produkty\/kuchyne\/\"},{\"@type\":\"ListItem\",\"position\":4,\"name\":\"\u0421\u0422\u041e\u041b\u0415\u0428\u041d\u0418\u0426\u042b \u0414\u041b\u042f \u041c\u041e\u0415\u041a \u0418 \u0412\u0410\u0420\u041e\u0427\u041d\u042b\u0425 \u041f\u0410\u041d\u0415\u041b\u0415\u0419\"}]},{\"@type\":\"WebSite\",\"@id\":\"https:\/\/www.prazskykamen.cz\/ru\/#website\",\"url\":\"https:\/\/www.prazskykamen.cz\/ru\/\",\"name\":\"\u041f\u0440\u0430\u0433\u0430 \u043a\u0430\u043c\u0435\u043d\u044c\",\"description\":\"Dal\u0161\u00ed nov\u00fd web v r\u00e1mci s\u00edt\u011b Pra\u017esk\u00fd k\u00e1men Sites\",\"potentialAction\":[{\"@type\":\"SearchAction\",\"target\":{\"@type\":\"EntryPoint\",\"urlTemplate\":\"https:\/\/www.prazskykamen.cz\/ru\/?s={search_term_string}\"},\"query-input\":{\"@type\":\"PropertyValueSpecification\",\"valueRequired\":true,\"valueName\":\"search_term_string\"}}],\"inLanguage\":\"cs\"}]}<\/script>\n<!-- \/ Yoast SEO plugin. -->","yoast_head_json":{"title":"Kamenn\u00e9 kuchy\u0148sk\u00e9 desky | Kamenictv\u00ed Pra\u017esk\u00fd k\u00e1men","description":"Kamenn\u00e9 kuchy\u0148sk\u00e9 pracovn\u00ed desky s \u00fapravou pro d\u0159ez a varnou desku. Pracovn\u00ed desky do kuchyn\u011b z kamene jsou velmi praktick\u00e9 a z estetick\u00e9ho pohledu skv\u011bl\u00e9.","robots":{"index":"index","follow":"follow","max-snippet":"max-snippet:-1","max-image-preview":"max-image-preview:large","max-video-preview":"max-video-preview:-1"},"canonical":"https:\/\/www.prazskykamen.cz\/ru\/kamenne-produkty\/kuchyne\/kuchyne-drezy-a-varne-desky\/","og_locale":"cs_CZ","og_type":"article","og_title":"Kamenn\u00e9 kuchy\u0148sk\u00e9 desky | Kamenictv\u00ed Pra\u017esk\u00fd k\u00e1men","og_description":"Kamenn\u00e9 kuchy\u0148sk\u00e9 pracovn\u00ed desky s \u00fapravou pro d\u0159ez a varnou desku. Pracovn\u00ed desky do kuchyn\u011b z kamene jsou velmi praktick\u00e9 a z estetick\u00e9ho pohledu skv\u011bl\u00e9.","og_url":"https:\/\/www.prazskykamen.cz\/ru\/kamenne-produkty\/kuchyne\/kuchyne-drezy-a-varne-desky\/","og_site_name":"\u041f\u0440\u0430\u0433\u0430 \u043a\u0430\u043c\u0435\u043d\u044c","article_modified_time":"2016-02-17T14:21:52+00:00","twitter_card":"summary_large_image","twitter_misc":{"Odhadovan\u00e1 doba \u010dten\u00ed":"2 minuty"},"schema":{"@context":"https:\/\/schema.org","@graph":[{"@type":"WebPage","@id":"https:\/\/www.prazskykamen.cz\/ru\/kamenne-produkty\/kuchyne\/kuchyne-drezy-a-varne-desky\/","url":"https:\/\/www.prazskykamen.cz\/ru\/kamenne-produkty\/kuchyne\/kuchyne-drezy-a-varne-desky\/","name":"Kamenn\u00e9 kuchy\u0148sk\u00e9 desky | Kamenictv\u00ed Pra\u017esk\u00fd k\u00e1men","isPartOf":{"@id":"https:\/\/www.prazskykamen.cz\/ru\/#website"},"datePublished":"2014-12-23T12:18:00+00:00","dateModified":"2016-02-17T14:21:52+00:00","description":"Kamenn\u00e9 kuchy\u0148sk\u00e9 pracovn\u00ed desky s \u00fapravou pro d\u0159ez a varnou desku. Pracovn\u00ed desky do kuchyn\u011b z kamene jsou velmi praktick\u00e9 a z estetick\u00e9ho pohledu skv\u011bl\u00e9.","breadcrumb":{"@id":"https:\/\/www.prazskykamen.cz\/ru\/kamenne-produkty\/kuchyne\/kuchyne-drezy-a-varne-desky\/#breadcrumb"},"inLanguage":"cs","potentialAction":[{"@type":"ReadAction","target":["https:\/\/www.prazskykamen.cz\/ru\/kamenne-produkty\/kuchyne\/kuchyne-drezy-a-varne-desky\/"]}]},{"@type":"BreadcrumbList","@id":"https:\/\/www.prazskykamen.cz\/ru\/kamenne-produkty\/kuchyne\/kuchyne-drezy-a-varne-desky\/#breadcrumb","itemListElement":[{"@type":"ListItem","position":1,"name":"Dom\u016f","item":"https:\/\/www.prazskykamen.cz\/ru\/"},{"@type":"ListItem","position":2,"name":"\u0418\u0417\u0414\u0415\u041b\u0418\u042f \u0418\u0417 \u041a\u0410\u041c\u041d\u042f","item":"https:\/\/www.prazskykamen.cz\/ru\/kamenne-produkty\/"},{"@type":"ListItem","position":3,"name":"\u041a\u0423\u0425\u041d\u0418","item":"https:\/\/www.prazskykamen.cz\/ru\/kamenne-produkty\/kuchyne\/"},{"@type":"ListItem","position":4,"name":"\u0421\u0422\u041e\u041b\u0415\u0428\u041d\u0418\u0426\u042b \u0414\u041b\u042f \u041c\u041e\u0415\u041a \u0418 \u0412\u0410\u0420\u041e\u0427\u041d\u042b\u0425 \u041f\u0410\u041d\u0415\u041b\u0415\u0419"}]},{"@type":"WebSite","@id":"https:\/\/www.prazskykamen.cz\/ru\/#website","url":"https:\/\/www.prazskykamen.cz\/ru\/","name":"\u041f\u0440\u0430\u0433\u0430 \u043a\u0430\u043c\u0435\u043d\u044c","description":"Dal\u0161\u00ed nov\u00fd web v r\u00e1mci s\u00edt\u011b Pra\u017esk\u00fd k\u00e1men Sites","potentialAction":[{"@type":"SearchAction","target":{"@type":"EntryPoint","urlTemplate":"https:\/\/www.prazskykamen.cz\/ru\/?s={search_term_string}"},"query-input":{"@type":"PropertyValueSpecification","valueRequired":true,"valueName":"search_term_string"}}],"inLanguage":"cs"}]}},"_links":{"self":[{"href":"https:\/\/www.prazskykamen.cz\/ru\/wp-json\/wp\/v2\/pages\/805","targetHints":{"allow":["GET"]}}],"collection":[{"href":"https:\/\/www.prazskykamen.cz\/ru\/wp-json\/wp\/v2\/pages"}],"about":[{"href":"https:\/\/www.prazskykamen.cz\/ru\/wp-json\/wp\/v2\/types\/page"}],"author":[{"embeddable":true,"href":"https:\/\/www.prazskykamen.cz\/ru\/wp-json\/wp\/v2\/users\/1"}],"replies":[{"embeddable":true,"href":"https:\/\/www.prazskykamen.cz\/ru\/wp-json\/wp\/v2\/comments?post=805"}],"version-history":[{"count":6,"href":"https:\/\/www.prazskykamen.cz\/ru\/wp-json\/wp\/v2\/pages\/805\/revisions"}],"predecessor-version":[{"id":7105,"href":"https:\/\/www.prazskykamen.cz\/ru\/wp-json\/wp\/v2\/pages\/805\/revisions\/7105"}],"up":[{"embeddable":true,"href":"https:\/\/www.prazskykamen.cz\/ru\/wp-json\/wp\/v2\/pages\/64"}],"wp:attachment":[{"href":"https:\/\/www.prazskykamen.cz\/ru\/wp-json\/wp\/v2\/media?parent=805"}],"curies":[{"name":"wp","href":"https:\/\/api.w.org\/{rel}","templated":true}]}}