{"id":801,"date":"2014-12-23T13:12:42","date_gmt":"2014-12-23T12:12:42","guid":{"rendered":"https:\/\/www.prazskykamen.cz\/?page_id=801"},"modified":"2016-01-26T13:01:51","modified_gmt":"2016-01-26T13:01:51","slug":"kuchyne-odkapove-plochy","status":"publish","type":"page","link":"https:\/\/www.prazskykamen.cz\/ru\/kamenne-produkty\/kuchyne\/kuchyne-odkapove-plochy\/","title":{"rendered":"\u041f\u041e\u0412\u0415\u0420\u0425\u041d\u041e\u0421\u0422\u0418 \u0414\u041b\u042f \u0421\u0423\u0428\u041a\u0418 \u041f\u041e\u0421\u0423\u0414\u042b"},"content":{"rendered":"<p>[et_pb_section][et_pb_row][et_pb_column type=&#8220;1_2&#8243;][et_pb_text admin_label=&#8220;Text&#8220; background_layout=&#8220;light&#8220; text_orientation=&#8220;left&#8220;]<\/p>\n<h1>\u041a\u0423\u0425\u041d\u0418 \u2013 \u041f\u041e\u0412\u0415\u0420\u0425\u041d\u041e\u0421\u0422\u0418 \u0414\u041b\u042f \u0421\u0423\u0428\u041a\u0418 \u041f\u041e\u0421\u0423\u0414\u042b<\/h1>\n<p>\u0412\u043e\u0434\u0430, \u0441\u0442\u0435\u043a\u0430\u044e\u0449\u0430\u044f \u0441\u00a0\u043f\u043e\u0441\u0443\u0434\u044b, \u0441\u0442\u0435\u043a\u0430\u0435\u0442 \u043e\u0431\u0440\u0430\u0442\u043d\u043e \u0432 \u043c\u043e\u0439\u043a\u0443\u00a0 \u043f\u0440\u0438 \u043f\u043e\u043c\u043e\u0449\u0438 \u0441\u0442\u0435\u0447\u043d\u044b\u0445 \u043f\u043e\u0432\u0435\u0440\u0445\u043d\u043e\u0441\u0442\u0435\u0439 \u0438\u043b\u0438 \u043a\u0430\u043d\u0430\u0432\u043e\u043a. \u0424\u043e\u0440\u043c\u0430 \u044d\u0442\u0438\u0445 \u044d\u043b\u0435\u043c\u0435\u043d\u0442\u043e\u0432 \u0437\u0430\u0432\u0438\u0441\u0438\u0442 \u0438\u0441\u043a\u043b\u044e\u0447\u0438\u0442\u0435\u043b\u044c\u043d\u043e \u043e\u0442 \u0434\u0438\u0437\u0430\u0439\u043d\u0435\u0440\u0441\u043a\u0438\u0445 \u0438\u0434\u0435\u0439 \u043a\u043b\u0438\u0435\u043d\u0442\u0430. \u041e\u043f\u0443\u0449\u0435\u043d\u043d\u0430\u044f \u043f\u043e\u0432\u0435\u0440\u0445\u043d\u043e\u0441\u0442\u044c \u043c\u043e\u0436\u0435\u0442 \u0431\u044b\u0442\u044c \u0443\u0441\u0442\u0430\u043d\u043e\u0432\u043b\u0435\u043d\u0430 \u043b\u0438\u0448\u044c \u0441 \u043e\u0434\u043d\u043e\u0439 \u0441\u0442\u043e\u0440\u043e\u043d\u044b \u0438\u043b\u0438 \u0436\u0435 \u0432\u043e\u043a\u0440\u0443\u0433 \u0432\u0441\u0435\u0439 \u043c\u043e\u0439\u043a\u0438. \u041a\u0430\u043d\u0430\u0432\u043a\u0438, \u043a\u0430\u043a \u043f\u0440\u0430\u0432\u0438\u043b\u043e, \u043f\u043e\u043b\u0443\u043a\u0440\u0443\u0433\u043b\u043e\u0439 \u0444\u043e\u0440\u043c\u044b \u0438\u043b\u0438 \u0441 \u0441\u043e\u0432\u0440\u0435\u043c\u0435\u043d\u043d\u044b\u043c \u043f\u0440\u044f\u043c\u043e\u0443\u0433\u043e\u043b\u044c\u043d\u044b\u043c \u0440\u0430\u0437\u0440\u0435\u0437\u043e\u043c.[\/et_pb_text][\/et_pb_column][et_pb_column type=&#8220;1_2&#8243;][et_pb_slider admin_label=&#8220;Slider&#8220; show_arrows=&#8220;on&#8220; show_pagination=&#8220;on&#8220; auto=&#8220;off&#8220; parallax=&#8220;off&#8220; parallax_method=&#8220;off&#8220; module_class=&#8220;slidersheading&#8220;][et_pb_slide background_image=&#8220;https:\/\/www.prazskykamen.cz\/wp-content\/uploads\/2014\/12\/kombi-dreza-plocha-gal.jpg&#8220; background_color=&#8220;#ffffff&#8220; alignment=&#8220;center&#8220; background_layout=&#8220;dark&#8220; \/][et_pb_slide background_image=&#8220;https:\/\/www.prazskykamen.cz\/wp-content\/uploads\/2014\/12\/odkapove-drazky-gal.jpg&#8220; background_color=&#8220;#ffffff&#8220; alignment=&#8220;center&#8220; background_layout=&#8220;dark&#8220; \/][et_pb_slide background_image=&#8220;https:\/\/www.prazskykamen.cz\/wp-content\/uploads\/2014\/12\/ODKAP-PLOCHA-NERO-LESK-X-ANTIC-gal.jpg&#8220; background_color=&#8220;#ffffff&#8220; alignment=&#8220;center&#8220; background_layout=&#8220;dark&#8220; \/][et_pb_slide background_image=&#8220;https:\/\/www.prazskykamen.cz\/wp-content\/uploads\/2014\/12\/varianty-odkapov\u00fdch-dr\u00e1\u017eek.jpg&#8220; background_color=&#8220;#ffffff&#8220; alignment=&#8220;center&#8220; background_layout=&#8220;dark&#8220; \/][\/et_pb_slider][\/et_pb_column][\/et_pb_row][\/et_pb_section]<\/p>\n","protected":false},"excerpt":{"rendered":"<p><div class=\"et_pb_section et_pb_section_0 et_section_regular\" >\n\t\t\t\t\n\t\t\t\t\n\t\t\t\t\n\t\t\t\t\n\t\t\t\t\n\t\t\t\t\n\t\t\t\t\n\t\t\t\t\n\t\t\t\t\n\t\t\t<\/div><div class=\"et_pb_row et_pb_row_0 et_pb_row_empty\">\n\t\t\t\t\n\t\t\t\t\n\t\t\t\t\n\t\t\t\t\n\t\t\t\t\n\t\t\t<\/div> \u041a\u0423\u0425\u041d\u0418 \u2013 \u041f\u041e\u0412\u0415\u0420\u0425\u041d\u041e\u0421\u0422\u0418 \u0414\u041b\u042f \u0421\u0423\u0428\u041a\u0418 \u041f\u041e\u0421\u0423\u0414\u042b \u0412\u043e\u0434\u0430, \u0441\u0442\u0435\u043a\u0430\u044e\u0449\u0430\u044f \u0441\u00a0\u043f\u043e\u0441\u0443\u0434\u044b, \u0441\u0442\u0435\u043a\u0430\u0435\u0442 \u043e\u0431\u0440\u0430\u0442\u043d\u043e \u0432 \u043c\u043e\u0439\u043a\u0443\u00a0 \u043f\u0440\u0438 \u043f\u043e\u043c\u043e\u0449\u0438 \u0441\u0442\u0435\u0447\u043d\u044b\u0445 \u043f\u043e\u0432\u0435\u0440\u0445\u043d\u043e\u0441\u0442\u0435\u0439 \u0438\u043b\u0438 \u043a\u0430\u043d\u0430\u0432\u043e\u043a. \u0424\u043e\u0440\u043c\u0430 \u044d\u0442\u0438\u0445 \u044d\u043b\u0435\u043c\u0435\u043d\u0442\u043e\u0432 \u0437\u0430\u0432\u0438\u0441\u0438\u0442 \u0438\u0441\u043a\u043b\u044e\u0447\u0438\u0442\u0435\u043b\u044c\u043d\u043e \u043e\u0442 \u0434\u0438\u0437\u0430\u0439\u043d\u0435\u0440\u0441\u043a\u0438\u0445 \u0438\u0434\u0435\u0439 \u043a\u043b\u0438\u0435\u043d\u0442\u0430. \u041e\u043f\u0443\u0449\u0435\u043d\u043d\u0430\u044f \u043f\u043e\u0432\u0435\u0440\u0445\u043d\u043e\u0441\u0442\u044c \u043c\u043e\u0436\u0435\u0442 \u0431\u044b\u0442\u044c \u0443\u0441\u0442\u0430\u043d\u043e\u0432\u043b\u0435\u043d\u0430 \u043b\u0438\u0448\u044c \u0441 \u043e\u0434\u043d\u043e\u0439 \u0441\u0442\u043e\u0440\u043e\u043d\u044b \u0438\u043b\u0438 \u0436\u0435 \u0432\u043e\u043a\u0440\u0443\u0433 \u0432\u0441\u0435\u0439 \u043c\u043e\u0439\u043a\u0438. \u041a\u0430\u043d\u0430\u0432\u043a\u0438, \u043a\u0430\u043a \u043f\u0440\u0430\u0432\u0438\u043b\u043e, \u043f\u043e\u043b\u0443\u043a\u0440\u0443\u0433\u043b\u043e\u0439 \u0444\u043e\u0440\u043c\u044b \u0438\u043b\u0438 \u0441 \u0441\u043e\u0432\u0440\u0435\u043c\u0435\u043d\u043d\u044b\u043c \u043f\u0440\u044f\u043c\u043e\u0443\u0433\u043e\u043b\u044c\u043d\u044b\u043c \u0440\u0430\u0437\u0440\u0435\u0437\u043e\u043c.<\/p>\n","protected":false},"author":1,"featured_media":0,"parent":64,"menu_order":0,"comment_status":"closed","ping_status":"open","template":"","meta":{"_et_pb_use_builder":"on","_et_pb_old_content":"","_et_gb_content_width":"","footnotes":""},"class_list":["post-801","page","type-page","status-publish","hentry"],"yoast_head":"<!-- This site is optimized with the Yoast SEO plugin v23.7 - https:\/\/yoast.com\/wordpress\/plugins\/seo\/ -->\n<title>Pracovn\u00ed desky odkapov\u00e9 plochy | Kamenictv\u00ed Pra\u017esk\u00e1 k\u00e1men<\/title>\n<meta name=\"description\" content=\"Pracovn\u00ed desky do kuchyn\u011b z kamene. Skv\u011bl\u00e9 \u0159e\u0161en\u00ed va\u0161\u00ed kuchyn\u011b. Pracovn\u00ed desky s odkapov\u00fdmi plochami pro v\u017edy perfektn\u00ed kuchy\u0148skou desku. Ud\u011bl\u00e1me na m\u00edru.\" \/>\n<meta name=\"robots\" content=\"index, follow, max-snippet:-1, max-image-preview:large, max-video-preview:-1\" \/>\n<link rel=\"canonical\" href=\"https:\/\/www.prazskykamen.cz\/ru\/kamenne-produkty\/kuchyne\/kuchyne-odkapove-plochy\/\" \/>\n<meta property=\"og:locale\" content=\"cs_CZ\" \/>\n<meta property=\"og:type\" content=\"article\" \/>\n<meta property=\"og:title\" content=\"Pracovn\u00ed desky odkapov\u00e9 plochy | Kamenictv\u00ed Pra\u017esk\u00e1 k\u00e1men\" \/>\n<meta property=\"og:description\" content=\"Pracovn\u00ed desky do kuchyn\u011b z kamene. Skv\u011bl\u00e9 \u0159e\u0161en\u00ed va\u0161\u00ed kuchyn\u011b. Pracovn\u00ed desky s odkapov\u00fdmi plochami pro v\u017edy perfektn\u00ed kuchy\u0148skou desku. Ud\u011bl\u00e1me na m\u00edru.\" \/>\n<meta property=\"og:url\" content=\"https:\/\/www.prazskykamen.cz\/ru\/kamenne-produkty\/kuchyne\/kuchyne-odkapove-plochy\/\" \/>\n<meta property=\"og:site_name\" content=\"\u041f\u0440\u0430\u0433\u0430 \u043a\u0430\u043c\u0435\u043d\u044c\" \/>\n<meta property=\"article:modified_time\" content=\"2016-01-26T13:01:51+00:00\" \/>\n<meta name=\"twitter:card\" content=\"summary_large_image\" \/>\n<meta name=\"twitter:label1\" content=\"Odhadovan\u00e1 doba \u010dten\u00ed\" \/>\n\t<meta name=\"twitter:data1\" content=\"1 minuta\" \/>\n<script type=\"application\/ld+json\" class=\"yoast-schema-graph\">{\"@context\":\"https:\/\/schema.org\",\"@graph\":[{\"@type\":\"WebPage\",\"@id\":\"https:\/\/www.prazskykamen.cz\/ru\/kamenne-produkty\/kuchyne\/kuchyne-odkapove-plochy\/\",\"url\":\"https:\/\/www.prazskykamen.cz\/ru\/kamenne-produkty\/kuchyne\/kuchyne-odkapove-plochy\/\",\"name\":\"Pracovn\u00ed desky odkapov\u00e9 plochy | Kamenictv\u00ed Pra\u017esk\u00e1 k\u00e1men\",\"isPartOf\":{\"@id\":\"https:\/\/www.prazskykamen.cz\/ru\/#website\"},\"datePublished\":\"2014-12-23T12:12:42+00:00\",\"dateModified\":\"2016-01-26T13:01:51+00:00\",\"description\":\"Pracovn\u00ed desky do kuchyn\u011b z kamene. Skv\u011bl\u00e9 \u0159e\u0161en\u00ed va\u0161\u00ed kuchyn\u011b. Pracovn\u00ed desky s odkapov\u00fdmi plochami pro v\u017edy perfektn\u00ed kuchy\u0148skou desku. Ud\u011bl\u00e1me na m\u00edru.\",\"breadcrumb\":{\"@id\":\"https:\/\/www.prazskykamen.cz\/ru\/kamenne-produkty\/kuchyne\/kuchyne-odkapove-plochy\/#breadcrumb\"},\"inLanguage\":\"cs\",\"potentialAction\":[{\"@type\":\"ReadAction\",\"target\":[\"https:\/\/www.prazskykamen.cz\/ru\/kamenne-produkty\/kuchyne\/kuchyne-odkapove-plochy\/\"]}]},{\"@type\":\"BreadcrumbList\",\"@id\":\"https:\/\/www.prazskykamen.cz\/ru\/kamenne-produkty\/kuchyne\/kuchyne-odkapove-plochy\/#breadcrumb\",\"itemListElement\":[{\"@type\":\"ListItem\",\"position\":1,\"name\":\"Dom\u016f\",\"item\":\"https:\/\/www.prazskykamen.cz\/ru\/\"},{\"@type\":\"ListItem\",\"position\":2,\"name\":\"\u0418\u0417\u0414\u0415\u041b\u0418\u042f \u0418\u0417 \u041a\u0410\u041c\u041d\u042f\",\"item\":\"https:\/\/www.prazskykamen.cz\/ru\/kamenne-produkty\/\"},{\"@type\":\"ListItem\",\"position\":3,\"name\":\"\u041a\u0423\u0425\u041d\u0418\",\"item\":\"https:\/\/www.prazskykamen.cz\/ru\/kamenne-produkty\/kuchyne\/\"},{\"@type\":\"ListItem\",\"position\":4,\"name\":\"\u041f\u041e\u0412\u0415\u0420\u0425\u041d\u041e\u0421\u0422\u0418 \u0414\u041b\u042f \u0421\u0423\u0428\u041a\u0418 \u041f\u041e\u0421\u0423\u0414\u042b\"}]},{\"@type\":\"WebSite\",\"@id\":\"https:\/\/www.prazskykamen.cz\/ru\/#website\",\"url\":\"https:\/\/www.prazskykamen.cz\/ru\/\",\"name\":\"\u041f\u0440\u0430\u0433\u0430 \u043a\u0430\u043c\u0435\u043d\u044c\",\"description\":\"Dal\u0161\u00ed nov\u00fd web v r\u00e1mci s\u00edt\u011b Pra\u017esk\u00fd k\u00e1men Sites\",\"potentialAction\":[{\"@type\":\"SearchAction\",\"target\":{\"@type\":\"EntryPoint\",\"urlTemplate\":\"https:\/\/www.prazskykamen.cz\/ru\/?s={search_term_string}\"},\"query-input\":{\"@type\":\"PropertyValueSpecification\",\"valueRequired\":true,\"valueName\":\"search_term_string\"}}],\"inLanguage\":\"cs\"}]}<\/script>\n<!-- \/ Yoast SEO plugin. -->","yoast_head_json":{"title":"Pracovn\u00ed desky odkapov\u00e9 plochy | Kamenictv\u00ed Pra\u017esk\u00e1 k\u00e1men","description":"Pracovn\u00ed desky do kuchyn\u011b z kamene. Skv\u011bl\u00e9 \u0159e\u0161en\u00ed va\u0161\u00ed kuchyn\u011b. Pracovn\u00ed desky s odkapov\u00fdmi plochami pro v\u017edy perfektn\u00ed kuchy\u0148skou desku. Ud\u011bl\u00e1me na m\u00edru.","robots":{"index":"index","follow":"follow","max-snippet":"max-snippet:-1","max-image-preview":"max-image-preview:large","max-video-preview":"max-video-preview:-1"},"canonical":"https:\/\/www.prazskykamen.cz\/ru\/kamenne-produkty\/kuchyne\/kuchyne-odkapove-plochy\/","og_locale":"cs_CZ","og_type":"article","og_title":"Pracovn\u00ed desky odkapov\u00e9 plochy | Kamenictv\u00ed Pra\u017esk\u00e1 k\u00e1men","og_description":"Pracovn\u00ed desky do kuchyn\u011b z kamene. Skv\u011bl\u00e9 \u0159e\u0161en\u00ed va\u0161\u00ed kuchyn\u011b. Pracovn\u00ed desky s odkapov\u00fdmi plochami pro v\u017edy perfektn\u00ed kuchy\u0148skou desku. Ud\u011bl\u00e1me na m\u00edru.","og_url":"https:\/\/www.prazskykamen.cz\/ru\/kamenne-produkty\/kuchyne\/kuchyne-odkapove-plochy\/","og_site_name":"\u041f\u0440\u0430\u0433\u0430 \u043a\u0430\u043c\u0435\u043d\u044c","article_modified_time":"2016-01-26T13:01:51+00:00","twitter_card":"summary_large_image","twitter_misc":{"Odhadovan\u00e1 doba \u010dten\u00ed":"1 minuta"},"schema":{"@context":"https:\/\/schema.org","@graph":[{"@type":"WebPage","@id":"https:\/\/www.prazskykamen.cz\/ru\/kamenne-produkty\/kuchyne\/kuchyne-odkapove-plochy\/","url":"https:\/\/www.prazskykamen.cz\/ru\/kamenne-produkty\/kuchyne\/kuchyne-odkapove-plochy\/","name":"Pracovn\u00ed desky odkapov\u00e9 plochy | Kamenictv\u00ed Pra\u017esk\u00e1 k\u00e1men","isPartOf":{"@id":"https:\/\/www.prazskykamen.cz\/ru\/#website"},"datePublished":"2014-12-23T12:12:42+00:00","dateModified":"2016-01-26T13:01:51+00:00","description":"Pracovn\u00ed desky do kuchyn\u011b z kamene. Skv\u011bl\u00e9 \u0159e\u0161en\u00ed va\u0161\u00ed kuchyn\u011b. Pracovn\u00ed desky s odkapov\u00fdmi plochami pro v\u017edy perfektn\u00ed kuchy\u0148skou desku. Ud\u011bl\u00e1me na m\u00edru.","breadcrumb":{"@id":"https:\/\/www.prazskykamen.cz\/ru\/kamenne-produkty\/kuchyne\/kuchyne-odkapove-plochy\/#breadcrumb"},"inLanguage":"cs","potentialAction":[{"@type":"ReadAction","target":["https:\/\/www.prazskykamen.cz\/ru\/kamenne-produkty\/kuchyne\/kuchyne-odkapove-plochy\/"]}]},{"@type":"BreadcrumbList","@id":"https:\/\/www.prazskykamen.cz\/ru\/kamenne-produkty\/kuchyne\/kuchyne-odkapove-plochy\/#breadcrumb","itemListElement":[{"@type":"ListItem","position":1,"name":"Dom\u016f","item":"https:\/\/www.prazskykamen.cz\/ru\/"},{"@type":"ListItem","position":2,"name":"\u0418\u0417\u0414\u0415\u041b\u0418\u042f \u0418\u0417 \u041a\u0410\u041c\u041d\u042f","item":"https:\/\/www.prazskykamen.cz\/ru\/kamenne-produkty\/"},{"@type":"ListItem","position":3,"name":"\u041a\u0423\u0425\u041d\u0418","item":"https:\/\/www.prazskykamen.cz\/ru\/kamenne-produkty\/kuchyne\/"},{"@type":"ListItem","position":4,"name":"\u041f\u041e\u0412\u0415\u0420\u0425\u041d\u041e\u0421\u0422\u0418 \u0414\u041b\u042f \u0421\u0423\u0428\u041a\u0418 \u041f\u041e\u0421\u0423\u0414\u042b"}]},{"@type":"WebSite","@id":"https:\/\/www.prazskykamen.cz\/ru\/#website","url":"https:\/\/www.prazskykamen.cz\/ru\/","name":"\u041f\u0440\u0430\u0433\u0430 \u043a\u0430\u043c\u0435\u043d\u044c","description":"Dal\u0161\u00ed nov\u00fd web v r\u00e1mci s\u00edt\u011b Pra\u017esk\u00fd k\u00e1men Sites","potentialAction":[{"@type":"SearchAction","target":{"@type":"EntryPoint","urlTemplate":"https:\/\/www.prazskykamen.cz\/ru\/?s={search_term_string}"},"query-input":{"@type":"PropertyValueSpecification","valueRequired":true,"valueName":"search_term_string"}}],"inLanguage":"cs"}]}},"_links":{"self":[{"href":"https:\/\/www.prazskykamen.cz\/ru\/wp-json\/wp\/v2\/pages\/801","targetHints":{"allow":["GET"]}}],"collection":[{"href":"https:\/\/www.prazskykamen.cz\/ru\/wp-json\/wp\/v2\/pages"}],"about":[{"href":"https:\/\/www.prazskykamen.cz\/ru\/wp-json\/wp\/v2\/types\/page"}],"author":[{"embeddable":true,"href":"https:\/\/www.prazskykamen.cz\/ru\/wp-json\/wp\/v2\/users\/1"}],"replies":[{"embeddable":true,"href":"https:\/\/www.prazskykamen.cz\/ru\/wp-json\/wp\/v2\/comments?post=801"}],"version-history":[{"count":2,"href":"https:\/\/www.prazskykamen.cz\/ru\/wp-json\/wp\/v2\/pages\/801\/revisions"}],"predecessor-version":[{"id":6783,"href":"https:\/\/www.prazskykamen.cz\/ru\/wp-json\/wp\/v2\/pages\/801\/revisions\/6783"}],"up":[{"embeddable":true,"href":"https:\/\/www.prazskykamen.cz\/ru\/wp-json\/wp\/v2\/pages\/64"}],"wp:attachment":[{"href":"https:\/\/www.prazskykamen.cz\/ru\/wp-json\/wp\/v2\/media?parent=801"}],"curies":[{"name":"wp","href":"https:\/\/api.w.org\/{rel}","templated":true}]}}