{"id":781,"date":"2014-12-23T12:33:04","date_gmt":"2014-12-23T11:33:04","guid":{"rendered":"https:\/\/www.prazskykamen.cz\/?page_id=781"},"modified":"2016-01-26T12:56:54","modified_gmt":"2016-01-26T12:56:54","slug":"kuchyne-povrchy","status":"publish","type":"page","link":"https:\/\/www.prazskykamen.cz\/ru\/kamenne-produkty\/kuchyne\/kuchyne-povrchy\/","title":{"rendered":"\u041f\u041e\u0412\u0415\u0420\u0425\u041d\u041e\u0421\u0422\u0418"},"content":{"rendered":"<p>[et_pb_section][et_pb_row][et_pb_column type=&#8220;4_4&#8243;][et_pb_text admin_label=&#8220;Text&#8220; background_layout=&#8220;light&#8220; text_orientation=&#8220;left&#8220;]<\/p>\n<h1>\u041a\u0423\u0425\u041d\u0418 \u2013 \u041f\u041e\u0412\u0415\u0420\u0425\u041d\u041e\u0421\u0422\u0418<\/h1>\n<p>\u0421\u043b\u0435\u0434\u0443\u044e\u0449\u0438\u0439 \u0448\u0430\u0433 \u0437\u0430\u043a\u043b\u044e\u0447\u0430\u0435\u0442\u0441\u044f \u0432 \u0432\u044b\u0431\u043e\u0440\u0435 \u043f\u043e\u0432\u0435\u0440\u0445\u043d\u043e\u0441\u0442\u0438. \u041e\u0441\u043d\u043e\u0432\u043d\u043e\u0439 \u044f\u0432\u043b\u044f\u0435\u0442\u0441\u044f \u043f\u043e\u043b\u0438\u0440\u043e\u0432\u0430\u043d\u043d\u0430\u044f \u043f\u043e\u0432\u0435\u0440\u0445\u043d\u043e\u0441\u0442\u044c, \u0432 \u0441\u043b\u0443\u0447\u0430\u0435 \u0442\u0430\u043a\u0436\u0435 \u043c\u043e\u0436\u043d\u043e \u0432\u044b\u0431\u0440\u0430\u0442\u044c \u043f\u043e\u0432\u0435\u0440\u0445\u043d\u043e\u0441\u0442\u044c \u0410\u041d\u0422\u0418\u041a \u0438\u043b\u0438 \u041a\u041e\u0416\u0410, \u0432 \u0441\u043b\u0443\u0447\u0430\u0435 \u043c\u0440\u0430\u043c\u043e\u0440\u0430 \u0441 \u041e\u0411\u0420\u0410\u0411\u041e\u0422\u0410\u041d\u041d\u041e\u0419 \u0429\u0415\u0422\u041a\u041e\u0419 \u043f\u043e\u0432\u0435\u0440\u0445\u043d\u0442\u044c\u044e \u0438\u043b\u0438 \u0428\u041b\u0418\u0424\u041e\u0412\u0410\u041d\u041d\u041e\u0419 (\u043c\u0430\u0442\u043e\u0432\u044b\u0439)\u00a0 \u043f\u043e\u0432\u0435\u0440\u0445\u043d\u043e\u0441\u0442\u044c\u044e, \u0432 \u0441\u043b\u0443\u0447\u0430\u0435 \u043a\u0432\u0430\u0440\u0446\u0435\u0432\u043e\u0433\u043e \u043a\u0430\u043c\u043d\u044f \u043f\u043e\u0432\u0435\u0440\u0445\u043d\u043e\u0441\u0442\u044c \u0412\u0415\u0419\u0412. \u041c\u0430\u0442\u043e\u0432\u044b\u0435 \u0438\u043b\u0438 \u0441\u0442\u0440\u0443\u043a\u0442\u0443\u0440\u043d\u044b\u0435 \u043f\u043e\u0432\u0435\u0440\u0445\u043d\u043e\u0441\u0442\u0438 \u043f\u0440\u0430\u043a\u0442\u0438\u0447\u043d\u044b. \u0423\u0445\u043e\u0434 \u0437\u0430 \u043d\u0438\u043c\u0438 \u0431\u043e\u043b\u0435\u0435 \u043f\u0440\u043e\u0441\u0442\u043e\u0439, \u0447\u0435\u043c \u0437\u0430 \u0431\u043b\u0435\u0441\u0442\u044f\u0449\u0438\u043c\u0438 \u00a0 \u0438 \u0438\u0445 \u043b\u0435\u0433\u0447\u0435\u00a0\u043e\u0442\u0440\u0435\u043c\u043e\u043d\u0442\u0438\u0440\u043e\u0432\u0430\u0442\u044c\u00a0\u0432\u00a0\u0441\u043b\u0443\u0447\u0430\u0435 \u043c\u0435\u0441\u0442\u043d\u043e\u0433\u043e \u043f\u043e\u0432\u0440\u0435\u0436\u0434\u0435\u043d\u0438\u044f \u0441\u0442\u043e\u043b\u0435\u0448\u043d\u0438\u0446\u044b.[\/et_pb_text][et_pb_text admin_label=&#8220;Text&#8220; background_layout=&#8220;light&#8220; text_orientation=&#8220;left&#8220;]<\/p>\n<h2>\u041f\u043e\u0432\u0435\u0440\u0445\u043d\u043e\u0441\u0442\u043d\u0430\u044f \u043e\u0442\u0434\u0435\u043b\u043a\u0430:<\/h2>\n<p>[\/et_pb_text][et_pb_gallery admin_label=&#8220;Gallery&#8220; gallery_ids=&#8220;6774,6775,6776,6777&#8243; fullwidth=&#8220;off&#8220; posts_number=&#8220;4&#8243; show_title_and_caption=&#8220;on&#8220; show_pagination=&#8220;on&#8220; background_layout=&#8220;light&#8220; \/][\/et_pb_column][\/et_pb_row][\/et_pb_section]<\/p>\n","protected":false},"excerpt":{"rendered":"<p><div class=\"et_pb_section et_pb_section_0 et_section_regular\" >\n\t\t\t\t\n\t\t\t\t\n\t\t\t\t\n\t\t\t\t\n\t\t\t\t\n\t\t\t\t\n\t\t\t\t\n\t\t\t\t\n\t\t\t\t\n\t\t\t<\/div><div class=\"et_pb_row et_pb_row_0 et_pb_row_empty\">\n\t\t\t\t\n\t\t\t\t\n\t\t\t\t\n\t\t\t\t\n\t\t\t\t\n\t\t\t<\/div> \u041a\u0423\u0425\u041d\u0418 \u2013 \u041f\u041e\u0412\u0415\u0420\u0425\u041d\u041e\u0421\u0422\u0418 \u0421\u043b\u0435\u0434\u0443\u044e\u0449\u0438\u0439 \u0448\u0430\u0433 \u0437\u0430\u043a\u043b\u044e\u0447\u0430\u0435\u0442\u0441\u044f \u0432 \u0432\u044b\u0431\u043e\u0440\u0435 \u043f\u043e\u0432\u0435\u0440\u0445\u043d\u043e\u0441\u0442\u0438. \u041e\u0441\u043d\u043e\u0432\u043d\u043e\u0439 \u044f\u0432\u043b\u044f\u0435\u0442\u0441\u044f \u043f\u043e\u043b\u0438\u0440\u043e\u0432\u0430\u043d\u043d\u0430\u044f \u043f\u043e\u0432\u0435\u0440\u0445\u043d\u043e\u0441\u0442\u044c, \u0432 \u0441\u043b\u0443\u0447\u0430\u0435 \u0442\u0430\u043a\u0436\u0435 \u043c\u043e\u0436\u043d\u043e \u0432\u044b\u0431\u0440\u0430\u0442\u044c \u043f\u043e\u0432\u0435\u0440\u0445\u043d\u043e\u0441\u0442\u044c \u0410\u041d\u0422\u0418\u041a \u0438\u043b\u0438 \u041a\u041e\u0416\u0410, \u0432 \u0441\u043b\u0443\u0447\u0430\u0435 \u043c\u0440\u0430\u043c\u043e\u0440\u0430 \u0441 \u041e\u0411\u0420\u0410\u0411\u041e\u0422\u0410\u041d\u041d\u041e\u0419 \u0429\u0415\u0422\u041a\u041e\u0419 \u043f\u043e\u0432\u0435\u0440\u0445\u043d\u0442\u044c\u044e \u0438\u043b\u0438 \u0428\u041b\u0418\u0424\u041e\u0412\u0410\u041d\u041d\u041e\u0419 (\u043c\u0430\u0442\u043e\u0432\u044b\u0439)\u00a0 \u043f\u043e\u0432\u0435\u0440\u0445\u043d\u043e\u0441\u0442\u044c\u044e, \u0432 \u0441\u043b\u0443\u0447\u0430\u0435 \u043a\u0432\u0430\u0440\u0446\u0435\u0432\u043e\u0433\u043e \u043a\u0430\u043c\u043d\u044f \u043f\u043e\u0432\u0435\u0440\u0445\u043d\u043e\u0441\u0442\u044c \u0412\u0415\u0419\u0412. \u041c\u0430\u0442\u043e\u0432\u044b\u0435 \u0438\u043b\u0438 \u0441\u0442\u0440\u0443\u043a\u0442\u0443\u0440\u043d\u044b\u0435 \u043f\u043e\u0432\u0435\u0440\u0445\u043d\u043e\u0441\u0442\u0438 \u043f\u0440\u0430\u043a\u0442\u0438\u0447\u043d\u044b. \u0423\u0445\u043e\u0434 \u0437\u0430 \u043d\u0438\u043c\u0438 \u0431\u043e\u043b\u0435\u0435 \u043f\u0440\u043e\u0441\u0442\u043e\u0439, \u0447\u0435\u043c \u0437\u0430 \u0431\u043b\u0435\u0441\u0442\u044f\u0449\u0438\u043c\u0438 \u00a0 \u0438 [&hellip;]<\/p>\n","protected":false},"author":1,"featured_media":0,"parent":64,"menu_order":0,"comment_status":"closed","ping_status":"open","template":"","meta":{"_et_pb_use_builder":"on","_et_pb_old_content":"","_et_gb_content_width":"","footnotes":""},"class_list":["post-781","page","type-page","status-publish","hentry"],"yoast_head":"<!-- This site is optimized with the Yoast SEO plugin v23.7 - https:\/\/yoast.com\/wordpress\/plugins\/seo\/ -->\n<title>Povrchy kuchy\u0148sk\u00fdch pracovn\u00edch desek| Pra\u017esk\u00fd k\u00e1men<\/title>\n<meta name=\"description\" content=\"Kamenn\u00e9 kuchy\u0148sk\u00e9 desky m\u016f\u017eete m\u00edt v mnoha povrchov\u00fdch \u00faprav\u00e1ch. Kamenictv\u00ed Pra\u017esk\u00fd k\u00e1men \u0161pi\u010dkov\u00e1 firma na zpracov\u00e1n\u00ed kamene, rychl\u00e9 dod\u00e1n\u00ed a\u017e k v\u00e1m.\" \/>\n<meta name=\"robots\" content=\"index, follow, max-snippet:-1, max-image-preview:large, max-video-preview:-1\" \/>\n<link rel=\"canonical\" href=\"https:\/\/www.prazskykamen.cz\/ru\/kamenne-produkty\/kuchyne\/kuchyne-povrchy\/\" \/>\n<meta property=\"og:locale\" content=\"cs_CZ\" \/>\n<meta property=\"og:type\" content=\"article\" \/>\n<meta property=\"og:title\" content=\"Povrchy kuchy\u0148sk\u00fdch pracovn\u00edch desek| Pra\u017esk\u00fd k\u00e1men\" \/>\n<meta property=\"og:description\" content=\"Kamenn\u00e9 kuchy\u0148sk\u00e9 desky m\u016f\u017eete m\u00edt v mnoha povrchov\u00fdch \u00faprav\u00e1ch. Kamenictv\u00ed Pra\u017esk\u00fd k\u00e1men \u0161pi\u010dkov\u00e1 firma na zpracov\u00e1n\u00ed kamene, rychl\u00e9 dod\u00e1n\u00ed a\u017e k v\u00e1m.\" \/>\n<meta property=\"og:url\" content=\"https:\/\/www.prazskykamen.cz\/ru\/kamenne-produkty\/kuchyne\/kuchyne-povrchy\/\" \/>\n<meta property=\"og:site_name\" content=\"\u041f\u0440\u0430\u0433\u0430 \u043a\u0430\u043c\u0435\u043d\u044c\" \/>\n<meta property=\"article:modified_time\" content=\"2016-01-26T12:56:54+00:00\" \/>\n<meta name=\"twitter:card\" content=\"summary_large_image\" \/>\n<script type=\"application\/ld+json\" class=\"yoast-schema-graph\">{\"@context\":\"https:\/\/schema.org\",\"@graph\":[{\"@type\":\"WebPage\",\"@id\":\"https:\/\/www.prazskykamen.cz\/ru\/kamenne-produkty\/kuchyne\/kuchyne-povrchy\/\",\"url\":\"https:\/\/www.prazskykamen.cz\/ru\/kamenne-produkty\/kuchyne\/kuchyne-povrchy\/\",\"name\":\"Povrchy kuchy\u0148sk\u00fdch pracovn\u00edch desek| Pra\u017esk\u00fd k\u00e1men\",\"isPartOf\":{\"@id\":\"https:\/\/www.prazskykamen.cz\/ru\/#website\"},\"datePublished\":\"2014-12-23T11:33:04+00:00\",\"dateModified\":\"2016-01-26T12:56:54+00:00\",\"description\":\"Kamenn\u00e9 kuchy\u0148sk\u00e9 desky m\u016f\u017eete m\u00edt v mnoha povrchov\u00fdch \u00faprav\u00e1ch. Kamenictv\u00ed Pra\u017esk\u00fd k\u00e1men \u0161pi\u010dkov\u00e1 firma na zpracov\u00e1n\u00ed kamene, rychl\u00e9 dod\u00e1n\u00ed a\u017e k v\u00e1m.\",\"breadcrumb\":{\"@id\":\"https:\/\/www.prazskykamen.cz\/ru\/kamenne-produkty\/kuchyne\/kuchyne-povrchy\/#breadcrumb\"},\"inLanguage\":\"cs\",\"potentialAction\":[{\"@type\":\"ReadAction\",\"target\":[\"https:\/\/www.prazskykamen.cz\/ru\/kamenne-produkty\/kuchyne\/kuchyne-povrchy\/\"]}]},{\"@type\":\"BreadcrumbList\",\"@id\":\"https:\/\/www.prazskykamen.cz\/ru\/kamenne-produkty\/kuchyne\/kuchyne-povrchy\/#breadcrumb\",\"itemListElement\":[{\"@type\":\"ListItem\",\"position\":1,\"name\":\"Dom\u016f\",\"item\":\"https:\/\/www.prazskykamen.cz\/ru\/\"},{\"@type\":\"ListItem\",\"position\":2,\"name\":\"\u0418\u0417\u0414\u0415\u041b\u0418\u042f \u0418\u0417 \u041a\u0410\u041c\u041d\u042f\",\"item\":\"https:\/\/www.prazskykamen.cz\/ru\/kamenne-produkty\/\"},{\"@type\":\"ListItem\",\"position\":3,\"name\":\"\u041a\u0423\u0425\u041d\u0418\",\"item\":\"https:\/\/www.prazskykamen.cz\/ru\/kamenne-produkty\/kuchyne\/\"},{\"@type\":\"ListItem\",\"position\":4,\"name\":\"\u041f\u041e\u0412\u0415\u0420\u0425\u041d\u041e\u0421\u0422\u0418\"}]},{\"@type\":\"WebSite\",\"@id\":\"https:\/\/www.prazskykamen.cz\/ru\/#website\",\"url\":\"https:\/\/www.prazskykamen.cz\/ru\/\",\"name\":\"\u041f\u0440\u0430\u0433\u0430 \u043a\u0430\u043c\u0435\u043d\u044c\",\"description\":\"Dal\u0161\u00ed nov\u00fd web v r\u00e1mci s\u00edt\u011b Pra\u017esk\u00fd k\u00e1men Sites\",\"potentialAction\":[{\"@type\":\"SearchAction\",\"target\":{\"@type\":\"EntryPoint\",\"urlTemplate\":\"https:\/\/www.prazskykamen.cz\/ru\/?s={search_term_string}\"},\"query-input\":{\"@type\":\"PropertyValueSpecification\",\"valueRequired\":true,\"valueName\":\"search_term_string\"}}],\"inLanguage\":\"cs\"}]}<\/script>\n<!-- \/ Yoast SEO plugin. -->","yoast_head_json":{"title":"Povrchy kuchy\u0148sk\u00fdch pracovn\u00edch desek| Pra\u017esk\u00fd k\u00e1men","description":"Kamenn\u00e9 kuchy\u0148sk\u00e9 desky m\u016f\u017eete m\u00edt v mnoha povrchov\u00fdch \u00faprav\u00e1ch. Kamenictv\u00ed Pra\u017esk\u00fd k\u00e1men \u0161pi\u010dkov\u00e1 firma na zpracov\u00e1n\u00ed kamene, rychl\u00e9 dod\u00e1n\u00ed a\u017e k v\u00e1m.","robots":{"index":"index","follow":"follow","max-snippet":"max-snippet:-1","max-image-preview":"max-image-preview:large","max-video-preview":"max-video-preview:-1"},"canonical":"https:\/\/www.prazskykamen.cz\/ru\/kamenne-produkty\/kuchyne\/kuchyne-povrchy\/","og_locale":"cs_CZ","og_type":"article","og_title":"Povrchy kuchy\u0148sk\u00fdch pracovn\u00edch desek| Pra\u017esk\u00fd k\u00e1men","og_description":"Kamenn\u00e9 kuchy\u0148sk\u00e9 desky m\u016f\u017eete m\u00edt v mnoha povrchov\u00fdch \u00faprav\u00e1ch. Kamenictv\u00ed Pra\u017esk\u00fd k\u00e1men \u0161pi\u010dkov\u00e1 firma na zpracov\u00e1n\u00ed kamene, rychl\u00e9 dod\u00e1n\u00ed a\u017e k v\u00e1m.","og_url":"https:\/\/www.prazskykamen.cz\/ru\/kamenne-produkty\/kuchyne\/kuchyne-povrchy\/","og_site_name":"\u041f\u0440\u0430\u0433\u0430 \u043a\u0430\u043c\u0435\u043d\u044c","article_modified_time":"2016-01-26T12:56:54+00:00","twitter_card":"summary_large_image","schema":{"@context":"https:\/\/schema.org","@graph":[{"@type":"WebPage","@id":"https:\/\/www.prazskykamen.cz\/ru\/kamenne-produkty\/kuchyne\/kuchyne-povrchy\/","url":"https:\/\/www.prazskykamen.cz\/ru\/kamenne-produkty\/kuchyne\/kuchyne-povrchy\/","name":"Povrchy kuchy\u0148sk\u00fdch pracovn\u00edch desek| Pra\u017esk\u00fd k\u00e1men","isPartOf":{"@id":"https:\/\/www.prazskykamen.cz\/ru\/#website"},"datePublished":"2014-12-23T11:33:04+00:00","dateModified":"2016-01-26T12:56:54+00:00","description":"Kamenn\u00e9 kuchy\u0148sk\u00e9 desky m\u016f\u017eete m\u00edt v mnoha povrchov\u00fdch \u00faprav\u00e1ch. Kamenictv\u00ed Pra\u017esk\u00fd k\u00e1men \u0161pi\u010dkov\u00e1 firma na zpracov\u00e1n\u00ed kamene, rychl\u00e9 dod\u00e1n\u00ed a\u017e k v\u00e1m.","breadcrumb":{"@id":"https:\/\/www.prazskykamen.cz\/ru\/kamenne-produkty\/kuchyne\/kuchyne-povrchy\/#breadcrumb"},"inLanguage":"cs","potentialAction":[{"@type":"ReadAction","target":["https:\/\/www.prazskykamen.cz\/ru\/kamenne-produkty\/kuchyne\/kuchyne-povrchy\/"]}]},{"@type":"BreadcrumbList","@id":"https:\/\/www.prazskykamen.cz\/ru\/kamenne-produkty\/kuchyne\/kuchyne-povrchy\/#breadcrumb","itemListElement":[{"@type":"ListItem","position":1,"name":"Dom\u016f","item":"https:\/\/www.prazskykamen.cz\/ru\/"},{"@type":"ListItem","position":2,"name":"\u0418\u0417\u0414\u0415\u041b\u0418\u042f \u0418\u0417 \u041a\u0410\u041c\u041d\u042f","item":"https:\/\/www.prazskykamen.cz\/ru\/kamenne-produkty\/"},{"@type":"ListItem","position":3,"name":"\u041a\u0423\u0425\u041d\u0418","item":"https:\/\/www.prazskykamen.cz\/ru\/kamenne-produkty\/kuchyne\/"},{"@type":"ListItem","position":4,"name":"\u041f\u041e\u0412\u0415\u0420\u0425\u041d\u041e\u0421\u0422\u0418"}]},{"@type":"WebSite","@id":"https:\/\/www.prazskykamen.cz\/ru\/#website","url":"https:\/\/www.prazskykamen.cz\/ru\/","name":"\u041f\u0440\u0430\u0433\u0430 \u043a\u0430\u043c\u0435\u043d\u044c","description":"Dal\u0161\u00ed nov\u00fd web v r\u00e1mci s\u00edt\u011b Pra\u017esk\u00fd k\u00e1men Sites","potentialAction":[{"@type":"SearchAction","target":{"@type":"EntryPoint","urlTemplate":"https:\/\/www.prazskykamen.cz\/ru\/?s={search_term_string}"},"query-input":{"@type":"PropertyValueSpecification","valueRequired":true,"valueName":"search_term_string"}}],"inLanguage":"cs"}]}},"_links":{"self":[{"href":"https:\/\/www.prazskykamen.cz\/ru\/wp-json\/wp\/v2\/pages\/781","targetHints":{"allow":["GET"]}}],"collection":[{"href":"https:\/\/www.prazskykamen.cz\/ru\/wp-json\/wp\/v2\/pages"}],"about":[{"href":"https:\/\/www.prazskykamen.cz\/ru\/wp-json\/wp\/v2\/types\/page"}],"author":[{"embeddable":true,"href":"https:\/\/www.prazskykamen.cz\/ru\/wp-json\/wp\/v2\/users\/1"}],"replies":[{"embeddable":true,"href":"https:\/\/www.prazskykamen.cz\/ru\/wp-json\/wp\/v2\/comments?post=781"}],"version-history":[{"count":4,"href":"https:\/\/www.prazskykamen.cz\/ru\/wp-json\/wp\/v2\/pages\/781\/revisions"}],"predecessor-version":[{"id":6778,"href":"https:\/\/www.prazskykamen.cz\/ru\/wp-json\/wp\/v2\/pages\/781\/revisions\/6778"}],"up":[{"embeddable":true,"href":"https:\/\/www.prazskykamen.cz\/ru\/wp-json\/wp\/v2\/pages\/64"}],"wp:attachment":[{"href":"https:\/\/www.prazskykamen.cz\/ru\/wp-json\/wp\/v2\/media?parent=781"}],"curies":[{"name":"wp","href":"https:\/\/api.w.org\/{rel}","templated":true}]}}