{"id":76,"date":"2014-11-14T11:55:45","date_gmt":"2014-11-14T10:55:45","guid":{"rendered":"https:\/\/www.prazskykamen.cz\/?page_id=76"},"modified":"2016-02-17T14:05:47","modified_gmt":"2016-02-17T14:05:47","slug":"zidky-a-obklady-domu","status":"publish","type":"page","link":"https:\/\/www.prazskykamen.cz\/ru\/kamenne-produkty\/zidky-a-obklady-domu\/","title":{"rendered":"\u0421\u0422\u0415\u041d\u041a\u0418 \u0418 \u041e\u0411\u041b\u0418\u0426\u041e\u0412\u041a\u0410 \u0414\u041e\u041c\u0410"},"content":{"rendered":"<p>[et_pb_section][et_pb_row][et_pb_column type=&#8220;1_2&#8243;][et_pb_text admin_label=&#8220;Text&#8220; background_layout=&#8220;light&#8220; text_orientation=&#8220;left&#8220;]<\/p>\n<h1>\u0421\u0422\u0415\u041d\u041a\u0418 \u0418 \u041e\u0411\u041b\u0418\u0426\u041e\u0412\u041a\u0410 \u0414\u041e\u041c\u0410<\/h1>\n<p>\u0414\u043b\u044f \u043f\u0430\u0441\u0441\u0438\u0432\u043d\u044b\u0445 \u0438 \u043d\u0438\u0437\u043a\u043e\u044d\u043d\u0435\u0440\u0433\u0435\u0442\u0438\u0447\u0435\u0441\u043a\u0438\u0445 \u0437\u0434\u0430\u043d\u0438\u0439 \u0438\u0441\u043f\u043e\u043b\u044c\u0437\u0443\u044e\u0442\u0441\u044f \u043a\u0430\u043c\u0435\u043d\u043d\u044b\u0435 \u043f\u0440\u0438\u0441\u0442\u0435\u043d\u043a\u0438 \u0438\u0437 \u043c\u0430\u0441\u0441\u0438\u0432\u043d\u044b\u0445 \u043c\u0430\u0442\u0435\u0440\u0438\u0430\u043b\u043e\u0432, \u043e\u0431\u0435\u0441\u043f\u0435\u0447\u0438\u0432\u0430\u044e\u0449\u0438\u0445 \u0438\u0434\u0435\u0430\u043b\u044c\u043d\u044b\u0435 \u0442\u0435\u043f\u043b\u043e\u0438\u0437\u043e\u043b\u044f\u0446\u0438\u043e\u043d\u043d\u044b\u0435 \u0441\u0432\u043e\u0439\u0441\u0442\u0432\u0430.<\/p>\n<p>\u041a\u0430\u043c\u0435\u043d\u043d\u044b\u0435 \u0444\u0430\u0441\u0430\u0434\u044b \u044f\u0432\u043b\u044f\u044e\u0442\u0441\u044f \u0434\u043e\u043b\u0433\u043e\u0432\u0435\u0447\u043d\u044b\u043c \u0438 \u043d\u0435 \u0442\u0440\u0435\u0431\u0443\u044e\u0449\u0438\u043c \u043e\u0431\u0441\u043b\u0443\u0436\u0438\u0432\u0430\u043d\u0438\u044f \u0440\u0435\u0448\u0435\u043d\u0438\u0435\u043c \u0434\u043b\u044f \u0432\u0441\u0435\u0445 \u0444\u0430\u0441\u0430\u0434\u043d\u044b\u0445 \u043f\u043e\u0432\u0435\u0440\u0445\u043d\u043e\u0441\u0442\u0435\u0439.<\/p>\n<p>\u0422\u043e\u043b\u0449\u0438\u043d\u0430 \u0441\u0430\u043c\u043e\u0433\u043e \u043a\u0430\u043c\u043d\u044f \u0441\u043e\u0441\u0442\u0430\u0432\u043b\u044f\u0435\u0442 \u0434\u043e 15 \u0441\u043c, \u043f\u043e\u043b\u043d\u0430\u044f \u0442\u043e\u043b\u0449\u0438\u043d\u0430 \u043f\u0440\u0438\u0441\u0442\u0435\u043d\u043a\u0438 \u0434\u043e 20 \u0441\u043c.\u00a0\u0421 \u043e\u0431\u043b\u0438\u0446\u043e\u0432\u043a\u043e\u0439 \u043d\u0435\u043e\u0431\u0445\u043e\u0434\u0438\u043c\u043e \u0440\u0430\u0441\u0441\u0447\u0438\u0442\u044b\u0432\u0430\u0442\u044c \u0443\u0436\u0435 \u043f\u0440\u0438 \u0441\u0430\u043c\u043e\u043c \u043f\u0440\u043e\u0435\u043a\u0442\u0438\u0440\u043e\u0432\u0430\u043d\u0438\u0438, \u043a\u043e\u0442\u043e\u0440\u043e\u0435 \u0434\u043e\u043b\u0436\u043d\u043e \u0432\u043a\u043b\u044e\u0447\u0430\u0442\u044c \u0432 \u0441\u0435\u0431\u044f \u0443\u0441\u0442\u0430\u043d\u043e\u0432\u043a\u0443 \u0440\u0430\u0441\u0448\u0438\u0440\u0435\u043d\u043d\u044b\u0445 \u043e\u0441\u043d\u043e\u0432\u043d\u044b\u0445 \u043f\u043e\u044f\u0441\u043e\u0432. \u0412 \u043f\u0440\u043e\u0442\u0438\u0432\u043d\u043e\u043c \u0441\u043b\u0443\u0447\u0430\u0435 \u043c\u043e\u0433\u0443\u0442 \u0431\u044b\u0442\u044c \u043f\u0440\u0438\u043c\u0435\u043d\u0435\u043d\u044b \u0441\u0442\u0430\u043b\u044c\u043d\u044b\u0435 \u0443\u0434\u043b\u0438\u043d\u0438\u0442\u0435\u043b\u044c\u043d\u044b\u0435 \u043e\u043f\u043e\u0440\u044b, \u043d\u043e \u044d\u0442\u043e \u0440\u0435\u0448\u0435\u043d\u0438\u0435 \u043e\u0442\u043d\u043e\u0441\u0438\u0442\u0435\u043b\u044c\u043d\u043e \u0434\u043e\u0440\u043e\u0433\u043e\u0435.<\/p>\n<p>\u0412\u044b\u0431\u0440\u0430\u043d\u043d\u044b\u0435 \u043c\u0430\u0442\u0435\u0440\u0438\u0430\u043b\u044b \u0442\u0430\u043a\u0436\u0435 \u0434\u043e\u0441\u0442\u0443\u043f\u043d\u044b \u0432 \u0442\u043e\u043d\u043a\u043e\u0439 \u0432\u0435\u0440\u0441\u0438\u0438 \u0434\u043b\u044f \u043a\u043e\u043d\u0442\u0430\u043a\u0442\u043d\u043e\u0433\u043e \u0441\u043a\u043b\u0435\u0438\u0432\u0430\u043d\u0438\u044f, \u0432\u043a\u043b\u044e\u0447\u0430\u044f \u0443\u0433\u043b\u043e\u0432\u044b\u0435 \u044d\u043b\u0435\u043c\u0435\u043d\u0442\u044b.<\/p>\n<p>\u041c\u0430\u0442\u0435\u0440\u0438\u0430\u043b\u044b \u0432 \u0441\u0435\u043b\u044c\u0441\u043a\u043e\u043c \u0441\u0442\u0438\u043b\u0435, \u043a\u043e\u043d\u0435\u0447\u043d\u043e \u0436\u0435, \u043c\u043e\u0433\u0443\u0442 \u0431\u044b\u0442\u044c \u0442\u0430\u043a\u0436\u0435 \u0438\u0441\u043f\u043e\u043b\u044c\u0437\u043e\u0432\u0430\u043d\u044b \u043f\u0440\u0438 \u0441\u043e\u043e\u0440\u0443\u0436\u0435\u043d\u0438\u0438 \u043e\u0433\u0440\u0430\u0436\u0434\u0435\u043d\u0438\u0439, \u0441\u0430\u0434\u043e\u0432\u044b\u0445 \u0441\u0442\u0435\u043d, \u0438 \u0442. \u0434.<\/p>\n<p>\u041c\u044b \u0442\u0430\u043a\u0436\u0435 \u043f\u043e\u0441\u0442\u0430\u0432\u043b\u044f\u0435\u043c \u043a\u0430\u043c\u043d\u0438 \u0442\u043e\u043b\u044c\u043a\u043e \u0432 \u043a\u0430\u0447\u0435\u0441\u0442\u0432\u0435 \u043f\u043e\u043b\u0443\u0444\u0430\u0431\u0440\u0438\u043a\u0430\u0442\u043e\u0432 \u0434\u043b\u044f\u00a0\u0441\u0430\u043c\u043e\u0441\u0431\u043e\u0440\u043a\u0438.<\/p>\n<p>\u041e\u0434\u043d\u0430\u043a\u043e,\u00a0\u0443\u0447\u0438\u0442\u044b\u0432\u0430\u044f \u0440\u0430\u0437\u043c\u0435\u0449\u0435\u043d\u0438\u0435 \u0438 \u0431\u043e\u043b\u044c\u0448\u043e\u0439 \u0432\u0435\u0441 \u043a\u0430\u043c\u043d\u0435\u0439, \u043d\u0435\u043e\u0431\u0445\u043e\u0434\u0438\u043c\u043e \u0443\u0434\u0435\u043b\u0438\u0442\u044c \u043e\u0441\u043e\u0431\u043e\u0435 \u0432\u043d\u0438\u043c\u0430\u043d\u0438\u0435\u00a0 \u0441\u0442\u0430\u0442\u0438\u0447\u0435\u0441\u043a\u043e\u0439 \u0443\u0441\u0442\u043e\u0439\u0447\u0438\u0432\u043e\u0441\u0442\u0438 \u043a\u043e\u043d\u0441\u0442\u0440\u0443\u043a\u0446\u0438\u0438, \u043f\u043e\u044d\u0442\u043e\u043c\u0443 \u0434\u043b\u044f\u00a0 \u0443\u0441\u0442\u0430\u043d\u043e\u0432\u043a\u0438 \u0440\u0435\u043a\u043e\u043c\u0435\u043d\u0434\u0443\u0435\u0442\u0441\u044f \u0432\u043e\u0441\u043f\u043e\u043b\u044c\u0437\u043e\u0432\u0430\u0442\u044c\u0441\u044f\u00a0\u0443\u0441\u043b\u0443\u0433\u0430\u043c\u0438 \u043f\u0440\u043e\u0444\u0435\u0441\u0441\u0438\u043e\u043d\u0430\u043b\u044c\u043d\u043e\u0439 \u0444\u0438\u0440\u043c\u044b \u0441\u00a0\u0434\u043e\u043a\u0430\u0437\u0443\u0435\u043c\u044b\u043c\u00a0\u043e\u043f\u044b\u0442\u043e\u043c.[\/et_pb_text][\/et_pb_column][et_pb_column type=&#8220;1_2&#8243;][et_pb_text admin_label=&#8220;Text&#8220; background_layout=&#8220;light&#8220; text_orientation=&#8220;left&#8220;]<\/p>\n<p><img loading=\"lazy\" decoding=\"async\" class=\"alignnone wp-image-944 size-full\" src=\"https:\/\/www.prazskykamen.cz\/wp-content\/uploads\/2014\/11\/obkladydomuvelka.jpg\" alt=\"obkladydomuvelka\" width=\"520\" height=\"390\" \/><\/p>\n<p>[\/et_pb_text][\/et_pb_column][\/et_pb_row][et_pb_row][et_pb_column type=&#8220;4_4&#8243;][et_pb_text admin_label=&#8220;Text&#8220; background_layout=&#8220;light&#8220; text_orientation=&#8220;left&#8220;]<\/p>\n<div class=\"rozcest-7\"><a href=\"https:\/\/www.prazskykamen.cz\/ru\/kamenne-produkty\/zidky-a-obklady-domu\/zidky-a-obklady-domu-stipany-mramor\"><img loading=\"lazy\" decoding=\"async\" class=\"alignnone wp-image-1335 size-thumbnail\" src=\"https:\/\/www.prazskykamen.cz\/wp-content\/uploads\/2014\/11\/Chorvatsky-obklady-domu1-150x150.jpg\" alt=\"\" width=\"150\" height=\"150\" \/><\/a> <a href=\"https:\/\/www.prazskykamen.cz\/ru\/kamenne-produkty\/zidky-a-obklady-domu\/zidky-a-obklady-domu-stipany-mramor\">\u041a\u043e\u043b\u043e\u0442\u044b\u0439 \u043c\u0440\u0430\u043c\u043e\u0440 <\/a><\/div>\n<div class=\"rozcest-7\"><a href=\"https:\/\/www.prazskykamen.cz\/ru\/kamenne-produkty\/zidky-a-obklady-domu\/zidky-a-obklady-domu-rula\"><img loading=\"lazy\" decoding=\"async\" class=\"alignnone wp-image-1336 size-thumbnail\" src=\"https:\/\/www.prazskykamen.cz\/wp-content\/uploads\/2014\/11\/Rula-obklady-domu1-150x150.jpg\" alt=\"\" width=\"150\" height=\"150\" \/><\/a> <a href=\"https:\/\/www.prazskykamen.cz\/ru\/kamenne-produkty\/zidky-a-obklady-domu\/zidky-a-obklady-domu-rula\">\u0413\u043d\u0435\u0439\u0441<\/a><\/div>\n<div class=\"rozcest-7\"><a href=\"https:\/\/www.prazskykamen.cz\/ru\/kamenne-produkty\/zidky-a-obklady-domu\/zidky-a-obklady-domu-ostatni\"><img loading=\"lazy\" decoding=\"async\" class=\"alignnone wp-image-1017 size-thumbnail\" src=\"https:\/\/www.prazskykamen.cz\/wp-content\/uploads\/2014\/12\/rembrandtgal-150x150.jpg\" alt=\"Rembrandt\" width=\"150\" height=\"150\" \/><\/a> <a href=\"https:\/\/www.prazskykamen.cz\/ru\/kamenne-produkty\/zidky-a-obklady-domu\/zidky-a-obklady-domu-ostatni\">\u0414\u0440\u0443\u0433\u0438\u0435 \u0432\u0438\u0434\u044b \u043a\u0430\u043c\u043d\u044f<\/a><\/div>\n<div class=\"rozcest-7\"><a href=\"https:\/\/www.prazskykamen.cz\/ru\/kamenne-produkty\/zidky-a-obklady-domu\/zidky-a-obklady-domu-schemata\"><img loading=\"lazy\" decoding=\"async\" class=\"alignnone wp-image-1333 size-thumbnail\" src=\"https:\/\/www.prazskykamen.cz\/wp-content\/uploads\/2014\/11\/obklady-domu-150x150.jpg\" alt=\"\" width=\"150\" height=\"150\" \/><\/a> <a href=\"https:\/\/www.prazskykamen.cz\/ru\/kamenne-produkty\/zidky-a-obklady-domu\/zidky-a-obklady-domu-schemata\">\u0421\u0445\u0435\u043c\u044b<\/a><\/div>\n<div class=\"rozcest-7 vybranerealizace\"><a href=\"https:\/\/www.prazskykamen.cz\/ru\/kamenne-produkty\/zidky-a-obklady-domu\/vybrane-realizace\"><img loading=\"lazy\" decoding=\"async\" class=\"alignnone wp-image-2040 size-thumbnail\" src=\"https:\/\/www.prazskykamen.cz\/wp-content\/uploads\/2015\/01\/RULA-SRUB-gal-150x150.jpg\" alt=\"\" width=\"150\" height=\"150\" \/><\/a> <a href=\"https:\/\/www.prazskykamen.cz\/ru\/kamenne-produkty\/zidky-a-obklady-domu\/vybrane-realizace\">\u0412\u044b\u0431\u0440\u0430\u043d\u043d\u044b\u0435 \u043f\u0440\u043e\u0435\u043a\u0442\u044b<\/a><\/div>\n<p>[\/et_pb_text][\/et_pb_column][\/et_pb_row][\/et_pb_section]<\/p>\n","protected":false},"excerpt":{"rendered":"<p><div class=\"et_pb_section et_pb_section_0 et_section_regular\" >\n\t\t\t\t\n\t\t\t\t\n\t\t\t\t\n\t\t\t\t\n\t\t\t\t\n\t\t\t\t\n\t\t\t\t\n\t\t\t\t\n\t\t\t\t\n\t\t\t<\/div><div class=\"et_pb_row et_pb_row_0 et_pb_row_empty\">\n\t\t\t\t\n\t\t\t\t\n\t\t\t\t\n\t\t\t\t\n\t\t\t\t\n\t\t\t<\/div> \u0421\u0422\u0415\u041d\u041a\u0418 \u0418 \u041e\u0411\u041b\u0418\u0426\u041e\u0412\u041a\u0410 \u0414\u041e\u041c\u0410 \u0414\u043b\u044f \u043f\u0430\u0441\u0441\u0438\u0432\u043d\u044b\u0445 \u0438 \u043d\u0438\u0437\u043a\u043e\u044d\u043d\u0435\u0440\u0433\u0435\u0442\u0438\u0447\u0435\u0441\u043a\u0438\u0445 \u0437\u0434\u0430\u043d\u0438\u0439 \u0438\u0441\u043f\u043e\u043b\u044c\u0437\u0443\u044e\u0442\u0441\u044f \u043a\u0430\u043c\u0435\u043d\u043d\u044b\u0435 \u043f\u0440\u0438\u0441\u0442\u0435\u043d\u043a\u0438 \u0438\u0437 \u043c\u0430\u0441\u0441\u0438\u0432\u043d\u044b\u0445 \u043c\u0430\u0442\u0435\u0440\u0438\u0430\u043b\u043e\u0432, \u043e\u0431\u0435\u0441\u043f\u0435\u0447\u0438\u0432\u0430\u044e\u0449\u0438\u0445 \u0438\u0434\u0435\u0430\u043b\u044c\u043d\u044b\u0435 \u0442\u0435\u043f\u043b\u043e\u0438\u0437\u043e\u043b\u044f\u0446\u0438\u043e\u043d\u043d\u044b\u0435 \u0441\u0432\u043e\u0439\u0441\u0442\u0432\u0430. \u041a\u0430\u043c\u0435\u043d\u043d\u044b\u0435 \u0444\u0430\u0441\u0430\u0434\u044b \u044f\u0432\u043b\u044f\u044e\u0442\u0441\u044f \u0434\u043e\u043b\u0433\u043e\u0432\u0435\u0447\u043d\u044b\u043c \u0438 \u043d\u0435 \u0442\u0440\u0435\u0431\u0443\u044e\u0449\u0438\u043c \u043e\u0431\u0441\u043b\u0443\u0436\u0438\u0432\u0430\u043d\u0438\u044f \u0440\u0435\u0448\u0435\u043d\u0438\u0435\u043c \u0434\u043b\u044f \u0432\u0441\u0435\u0445 \u0444\u0430\u0441\u0430\u0434\u043d\u044b\u0445 \u043f\u043e\u0432\u0435\u0440\u0445\u043d\u043e\u0441\u0442\u0435\u0439. \u0422\u043e\u043b\u0449\u0438\u043d\u0430 \u0441\u0430\u043c\u043e\u0433\u043e \u043a\u0430\u043c\u043d\u044f \u0441\u043e\u0441\u0442\u0430\u0432\u043b\u044f\u0435\u0442 \u0434\u043e 15 \u0441\u043c, \u043f\u043e\u043b\u043d\u0430\u044f \u0442\u043e\u043b\u0449\u0438\u043d\u0430 \u043f\u0440\u0438\u0441\u0442\u0435\u043d\u043a\u0438 \u0434\u043e 20 \u0441\u043c.\u00a0\u0421 \u043e\u0431\u043b\u0438\u0446\u043e\u0432\u043a\u043e\u0439 \u043d\u0435\u043e\u0431\u0445\u043e\u0434\u0438\u043c\u043e \u0440\u0430\u0441\u0441\u0447\u0438\u0442\u044b\u0432\u0430\u0442\u044c \u0443\u0436\u0435 \u043f\u0440\u0438 \u0441\u0430\u043c\u043e\u043c \u043f\u0440\u043e\u0435\u043a\u0442\u0438\u0440\u043e\u0432\u0430\u043d\u0438\u0438, \u043a\u043e\u0442\u043e\u0440\u043e\u0435 \u0434\u043e\u043b\u0436\u043d\u043e [&hellip;]<\/p>\n","protected":false},"author":1,"featured_media":0,"parent":42,"menu_order":0,"comment_status":"open","ping_status":"open","template":"","meta":{"_et_pb_use_builder":"on","_et_pb_old_content":"","_et_gb_content_width":"","footnotes":""},"class_list":["post-76","page","type-page","status-publish","hentry"],"yoast_head":"<!-- This site is optimized with the Yoast SEO plugin v23.7 - https:\/\/yoast.com\/wordpress\/plugins\/seo\/ -->\n<title>Kamenn\u00e9 obklady dom\u016f a z\u00eddky | Pra\u017esk\u00fd k\u00e1men<\/title>\n<meta name=\"description\" content=\"Kamenn\u00e9 z\u00eddky a obklady dom\u016f pat\u0159\u00ed k nejlep\u0161\u00edm \u0159e\u0161en\u00edm bydlen\u00ed i komer\u010dn\u00edch staveb. Kamenn\u00e9 obklady dom\u016f - va\u0161e bydlen\u00ed harmonicky splyne s okol\u00edm.\" \/>\n<meta name=\"robots\" content=\"index, follow, max-snippet:-1, max-image-preview:large, max-video-preview:-1\" \/>\n<link rel=\"canonical\" href=\"https:\/\/www.prazskykamen.cz\/ru\/kamenne-produkty\/zidky-a-obklady-domu\/\" \/>\n<meta property=\"og:locale\" content=\"cs_CZ\" \/>\n<meta property=\"og:type\" content=\"article\" \/>\n<meta property=\"og:title\" content=\"Kamenn\u00e9 obklady dom\u016f a z\u00eddky | Pra\u017esk\u00fd k\u00e1men\" \/>\n<meta property=\"og:description\" content=\"Kamenn\u00e9 z\u00eddky a obklady dom\u016f pat\u0159\u00ed k nejlep\u0161\u00edm \u0159e\u0161en\u00edm bydlen\u00ed i komer\u010dn\u00edch staveb. Kamenn\u00e9 obklady dom\u016f - va\u0161e bydlen\u00ed harmonicky splyne s okol\u00edm.\" \/>\n<meta property=\"og:url\" content=\"https:\/\/www.prazskykamen.cz\/ru\/kamenne-produkty\/zidky-a-obklady-domu\/\" \/>\n<meta property=\"og:site_name\" content=\"\u041f\u0440\u0430\u0433\u0430 \u043a\u0430\u043c\u0435\u043d\u044c\" \/>\n<meta property=\"article:modified_time\" content=\"2016-02-17T14:05:47+00:00\" \/>\n<meta property=\"og:image\" content=\"https:\/\/www.prazskykamen.cz\/wp-content\/uploads\/2014\/11\/obkladydomuvelka.jpg\" \/>\n<meta name=\"twitter:card\" content=\"summary_large_image\" \/>\n<script type=\"application\/ld+json\" class=\"yoast-schema-graph\">{\"@context\":\"https:\/\/schema.org\",\"@graph\":[{\"@type\":\"WebPage\",\"@id\":\"https:\/\/www.prazskykamen.cz\/ru\/kamenne-produkty\/zidky-a-obklady-domu\/\",\"url\":\"https:\/\/www.prazskykamen.cz\/ru\/kamenne-produkty\/zidky-a-obklady-domu\/\",\"name\":\"Kamenn\u00e9 obklady dom\u016f a z\u00eddky | Pra\u017esk\u00fd k\u00e1men\",\"isPartOf\":{\"@id\":\"https:\/\/www.prazskykamen.cz\/ru\/#website\"},\"primaryImageOfPage\":{\"@id\":\"https:\/\/www.prazskykamen.cz\/ru\/kamenne-produkty\/zidky-a-obklady-domu\/#primaryimage\"},\"image\":{\"@id\":\"https:\/\/www.prazskykamen.cz\/ru\/kamenne-produkty\/zidky-a-obklady-domu\/#primaryimage\"},\"thumbnailUrl\":\"https:\/\/www.prazskykamen.cz\/wp-content\/uploads\/2014\/11\/obkladydomuvelka.jpg\",\"datePublished\":\"2014-11-14T10:55:45+00:00\",\"dateModified\":\"2016-02-17T14:05:47+00:00\",\"description\":\"Kamenn\u00e9 z\u00eddky a obklady dom\u016f pat\u0159\u00ed k nejlep\u0161\u00edm \u0159e\u0161en\u00edm bydlen\u00ed i komer\u010dn\u00edch staveb. Kamenn\u00e9 obklady dom\u016f - va\u0161e bydlen\u00ed harmonicky splyne s okol\u00edm.\",\"breadcrumb\":{\"@id\":\"https:\/\/www.prazskykamen.cz\/ru\/kamenne-produkty\/zidky-a-obklady-domu\/#breadcrumb\"},\"inLanguage\":\"cs\",\"potentialAction\":[{\"@type\":\"ReadAction\",\"target\":[\"https:\/\/www.prazskykamen.cz\/ru\/kamenne-produkty\/zidky-a-obklady-domu\/\"]}]},{\"@type\":\"ImageObject\",\"inLanguage\":\"cs\",\"@id\":\"https:\/\/www.prazskykamen.cz\/ru\/kamenne-produkty\/zidky-a-obklady-domu\/#primaryimage\",\"url\":\"https:\/\/www.prazskykamen.cz\/wp-content\/uploads\/2014\/11\/obkladydomuvelka.jpg\",\"contentUrl\":\"https:\/\/www.prazskykamen.cz\/wp-content\/uploads\/2014\/11\/obkladydomuvelka.jpg\"},{\"@type\":\"BreadcrumbList\",\"@id\":\"https:\/\/www.prazskykamen.cz\/ru\/kamenne-produkty\/zidky-a-obklady-domu\/#breadcrumb\",\"itemListElement\":[{\"@type\":\"ListItem\",\"position\":1,\"name\":\"Dom\u016f\",\"item\":\"https:\/\/www.prazskykamen.cz\/ru\/\"},{\"@type\":\"ListItem\",\"position\":2,\"name\":\"\u0418\u0417\u0414\u0415\u041b\u0418\u042f \u0418\u0417 \u041a\u0410\u041c\u041d\u042f\",\"item\":\"https:\/\/www.prazskykamen.cz\/ru\/kamenne-produkty\/\"},{\"@type\":\"ListItem\",\"position\":3,\"name\":\"\u0421\u0422\u0415\u041d\u041a\u0418 \u0418 \u041e\u0411\u041b\u0418\u0426\u041e\u0412\u041a\u0410 \u0414\u041e\u041c\u0410\"}]},{\"@type\":\"WebSite\",\"@id\":\"https:\/\/www.prazskykamen.cz\/ru\/#website\",\"url\":\"https:\/\/www.prazskykamen.cz\/ru\/\",\"name\":\"\u041f\u0440\u0430\u0433\u0430 \u043a\u0430\u043c\u0435\u043d\u044c\",\"description\":\"Dal\u0161\u00ed nov\u00fd web v r\u00e1mci s\u00edt\u011b Pra\u017esk\u00fd k\u00e1men Sites\",\"potentialAction\":[{\"@type\":\"SearchAction\",\"target\":{\"@type\":\"EntryPoint\",\"urlTemplate\":\"https:\/\/www.prazskykamen.cz\/ru\/?s={search_term_string}\"},\"query-input\":{\"@type\":\"PropertyValueSpecification\",\"valueRequired\":true,\"valueName\":\"search_term_string\"}}],\"inLanguage\":\"cs\"}]}<\/script>\n<!-- \/ Yoast SEO plugin. -->","yoast_head_json":{"title":"Kamenn\u00e9 obklady dom\u016f a z\u00eddky | Pra\u017esk\u00fd k\u00e1men","description":"Kamenn\u00e9 z\u00eddky a obklady dom\u016f pat\u0159\u00ed k nejlep\u0161\u00edm \u0159e\u0161en\u00edm bydlen\u00ed i komer\u010dn\u00edch staveb. Kamenn\u00e9 obklady dom\u016f - va\u0161e bydlen\u00ed harmonicky splyne s okol\u00edm.","robots":{"index":"index","follow":"follow","max-snippet":"max-snippet:-1","max-image-preview":"max-image-preview:large","max-video-preview":"max-video-preview:-1"},"canonical":"https:\/\/www.prazskykamen.cz\/ru\/kamenne-produkty\/zidky-a-obklady-domu\/","og_locale":"cs_CZ","og_type":"article","og_title":"Kamenn\u00e9 obklady dom\u016f a z\u00eddky | Pra\u017esk\u00fd k\u00e1men","og_description":"Kamenn\u00e9 z\u00eddky a obklady dom\u016f pat\u0159\u00ed k nejlep\u0161\u00edm \u0159e\u0161en\u00edm bydlen\u00ed i komer\u010dn\u00edch staveb. Kamenn\u00e9 obklady dom\u016f - va\u0161e bydlen\u00ed harmonicky splyne s okol\u00edm.","og_url":"https:\/\/www.prazskykamen.cz\/ru\/kamenne-produkty\/zidky-a-obklady-domu\/","og_site_name":"\u041f\u0440\u0430\u0433\u0430 \u043a\u0430\u043c\u0435\u043d\u044c","article_modified_time":"2016-02-17T14:05:47+00:00","og_image":[{"url":"https:\/\/www.prazskykamen.cz\/wp-content\/uploads\/2014\/11\/obkladydomuvelka.jpg"}],"twitter_card":"summary_large_image","schema":{"@context":"https:\/\/schema.org","@graph":[{"@type":"WebPage","@id":"https:\/\/www.prazskykamen.cz\/ru\/kamenne-produkty\/zidky-a-obklady-domu\/","url":"https:\/\/www.prazskykamen.cz\/ru\/kamenne-produkty\/zidky-a-obklady-domu\/","name":"Kamenn\u00e9 obklady dom\u016f a z\u00eddky | Pra\u017esk\u00fd k\u00e1men","isPartOf":{"@id":"https:\/\/www.prazskykamen.cz\/ru\/#website"},"primaryImageOfPage":{"@id":"https:\/\/www.prazskykamen.cz\/ru\/kamenne-produkty\/zidky-a-obklady-domu\/#primaryimage"},"image":{"@id":"https:\/\/www.prazskykamen.cz\/ru\/kamenne-produkty\/zidky-a-obklady-domu\/#primaryimage"},"thumbnailUrl":"https:\/\/www.prazskykamen.cz\/wp-content\/uploads\/2014\/11\/obkladydomuvelka.jpg","datePublished":"2014-11-14T10:55:45+00:00","dateModified":"2016-02-17T14:05:47+00:00","description":"Kamenn\u00e9 z\u00eddky a obklady dom\u016f pat\u0159\u00ed k nejlep\u0161\u00edm \u0159e\u0161en\u00edm bydlen\u00ed i komer\u010dn\u00edch staveb. Kamenn\u00e9 obklady dom\u016f - va\u0161e bydlen\u00ed harmonicky splyne s okol\u00edm.","breadcrumb":{"@id":"https:\/\/www.prazskykamen.cz\/ru\/kamenne-produkty\/zidky-a-obklady-domu\/#breadcrumb"},"inLanguage":"cs","potentialAction":[{"@type":"ReadAction","target":["https:\/\/www.prazskykamen.cz\/ru\/kamenne-produkty\/zidky-a-obklady-domu\/"]}]},{"@type":"ImageObject","inLanguage":"cs","@id":"https:\/\/www.prazskykamen.cz\/ru\/kamenne-produkty\/zidky-a-obklady-domu\/#primaryimage","url":"https:\/\/www.prazskykamen.cz\/wp-content\/uploads\/2014\/11\/obkladydomuvelka.jpg","contentUrl":"https:\/\/www.prazskykamen.cz\/wp-content\/uploads\/2014\/11\/obkladydomuvelka.jpg"},{"@type":"BreadcrumbList","@id":"https:\/\/www.prazskykamen.cz\/ru\/kamenne-produkty\/zidky-a-obklady-domu\/#breadcrumb","itemListElement":[{"@type":"ListItem","position":1,"name":"Dom\u016f","item":"https:\/\/www.prazskykamen.cz\/ru\/"},{"@type":"ListItem","position":2,"name":"\u0418\u0417\u0414\u0415\u041b\u0418\u042f \u0418\u0417 \u041a\u0410\u041c\u041d\u042f","item":"https:\/\/www.prazskykamen.cz\/ru\/kamenne-produkty\/"},{"@type":"ListItem","position":3,"name":"\u0421\u0422\u0415\u041d\u041a\u0418 \u0418 \u041e\u0411\u041b\u0418\u0426\u041e\u0412\u041a\u0410 \u0414\u041e\u041c\u0410"}]},{"@type":"WebSite","@id":"https:\/\/www.prazskykamen.cz\/ru\/#website","url":"https:\/\/www.prazskykamen.cz\/ru\/","name":"\u041f\u0440\u0430\u0433\u0430 \u043a\u0430\u043c\u0435\u043d\u044c","description":"Dal\u0161\u00ed nov\u00fd web v r\u00e1mci s\u00edt\u011b Pra\u017esk\u00fd k\u00e1men Sites","potentialAction":[{"@type":"SearchAction","target":{"@type":"EntryPoint","urlTemplate":"https:\/\/www.prazskykamen.cz\/ru\/?s={search_term_string}"},"query-input":{"@type":"PropertyValueSpecification","valueRequired":true,"valueName":"search_term_string"}}],"inLanguage":"cs"}]}},"_links":{"self":[{"href":"https:\/\/www.prazskykamen.cz\/ru\/wp-json\/wp\/v2\/pages\/76","targetHints":{"allow":["GET"]}}],"collection":[{"href":"https:\/\/www.prazskykamen.cz\/ru\/wp-json\/wp\/v2\/pages"}],"about":[{"href":"https:\/\/www.prazskykamen.cz\/ru\/wp-json\/wp\/v2\/types\/page"}],"author":[{"embeddable":true,"href":"https:\/\/www.prazskykamen.cz\/ru\/wp-json\/wp\/v2\/users\/1"}],"replies":[{"embeddable":true,"href":"https:\/\/www.prazskykamen.cz\/ru\/wp-json\/wp\/v2\/comments?post=76"}],"version-history":[{"count":4,"href":"https:\/\/www.prazskykamen.cz\/ru\/wp-json\/wp\/v2\/pages\/76\/revisions"}],"predecessor-version":[{"id":7098,"href":"https:\/\/www.prazskykamen.cz\/ru\/wp-json\/wp\/v2\/pages\/76\/revisions\/7098"}],"up":[{"embeddable":true,"href":"https:\/\/www.prazskykamen.cz\/ru\/wp-json\/wp\/v2\/pages\/42"}],"wp:attachment":[{"href":"https:\/\/www.prazskykamen.cz\/ru\/wp-json\/wp\/v2\/media?parent=76"}],"curies":[{"name":"wp","href":"https:\/\/api.w.org\/{rel}","templated":true}]}}