{"id":72,"date":"2014-11-14T11:53:44","date_gmt":"2014-11-14T10:53:44","guid":{"rendered":"https:\/\/www.prazskykamen.cz\/?page_id=72"},"modified":"2022-10-14T06:29:34","modified_gmt":"2022-10-14T06:29:34","slug":"schody","status":"publish","type":"page","link":"https:\/\/www.prazskykamen.cz\/ru\/kamenne-produkty\/schody\/","title":{"rendered":"\u041b\u0415\u0421\u0422\u041d\u0418\u0426\u042b"},"content":{"rendered":"<p>[et_pb_section fb_built=&#8220;1&#8243; _builder_version=&#8220;3.22&#8243; global_colors_info=&#8220;{}&#8220;][et_pb_row column_structure=&#8220;1_2,1_2&#8243; _builder_version=&#8220;3.25&#8243; background_size=&#8220;initial&#8220; background_position=&#8220;top_left&#8220; background_repeat=&#8220;repeat&#8220; global_colors_info=&#8220;{}&#8220;][et_pb_column type=&#8220;1_2&#8243; _builder_version=&#8220;3.25&#8243; custom_padding=&#8220;|||&#8220; global_colors_info=&#8220;{}&#8220; custom_padding__hover=&#8220;|||&#8220;][et_pb_text admin_label=&#8220;Text&#8220; _builder_version=&#8220;3.27.4&#8243; background_size=&#8220;initial&#8220; background_position=&#8220;top_left&#8220; background_repeat=&#8220;repeat&#8220; global_colors_info=&#8220;{}&#8220;]<\/p>\n<h1>\u041a\u0430\u043c\u0435\u043d\u043d\u044b\u0435 \u043b\u0435\u0441\u0442\u043d\u0438\u0446\u044b<\/h1>\n<p>\u0411\u043b\u0430\u0433\u043e\u0434\u0430\u0440\u044f \u0443\u0441\u0442\u043e\u0439\u0447\u0438\u0432\u043e\u0441\u0442\u0438, \u0434\u043e\u043b\u0433\u043e\u0432\u0435\u0447\u043d\u043e\u0441\u0442\u0438, \u043f\u0440\u043e\u0441\u0442\u043e\u0442\u0435 \u0432 \u0443\u0445\u043e\u0434\u0435 \u0438 \u0438\u043d\u0442\u0435\u0440\u0435\u0441\u043d\u043e\u0439 \u0432\u043d\u0435\u0448\u043d\u043e\u0441\u0442\u0438 \u043a\u0430\u043c\u0435\u043d\u043d\u044b\u0435 \u0441\u0442\u0443\u043f\u0435\u043d\u0438 \u0432\u0441\u0435\u0433\u0434\u0430 \u0431\u044b\u043b\u0438 \u043e\u0434\u043d\u0438\u043c \u0438\u0437 \u043d\u0430\u0438\u0431\u043e\u043b\u0435\u0435 \u0448\u0438\u0440\u043e\u043a\u043e \u0438\u0441\u043f\u043e\u043b\u044c\u0437\u0443\u0435\u043c\u044b\u0445 \u0441\u0442\u0440\u043e\u0438\u0442\u0435\u043b\u044c\u043d\u044b\u0445 \u044d\u043b\u0435\u043c\u0435\u043d\u0442\u043e\u0432 \u0432 \u0434\u0430\u043d\u043d\u043e\u043c \u0441\u0442\u0440\u043e\u0438\u0442\u0435\u043b\u044c\u043d\u043e\u043c \u0441\u0435\u0433\u043c\u0435\u043d\u0442\u0435. \u0418\u0441\u0442\u043e\u0440\u0438\u0447\u0435\u0441\u043a\u0438\u043c \u043f\u0440\u0438\u043c\u0435\u0440\u043e\u043c \u0438\u0441\u043f\u043e\u043b\u044c\u0437\u043e\u0432\u0430\u043d\u0438\u044f \u043a\u0430\u043c\u043d\u044f \u044f\u0432\u043b\u044f\u044e\u0442\u0441\u044f \u043a\u0430\u043c\u0435\u043d\u043d\u044b\u0435 \u0441\u0442\u0443\u043f\u0435\u043d\u0438 \u0438 \u043a\u0430\u043c\u0435\u043d\u043d\u044b\u0435 \u043b\u0435\u0441\u0442\u043d\u0438\u0446\u044b \u043d\u0430 \u0437\u0430\u043c\u043a\u0430\u0445. \u0414\u0430\u0436\u0435 \u0432 \u043d\u0430\u0441\u0442\u043e\u044f\u0449\u0435\u0435 \u0432\u0440\u0435\u043c\u044f \u044d\u0442\u043e\u0442 \u043d\u0430\u0442\u0443\u0440\u0430\u043b\u044c\u043d\u044b\u0439 \u043c\u0430\u0442\u0435\u0440\u0438\u0430\u043b \u043c\u043e\u0436\u0435\u0442 \u0443\u043a\u0440\u0430\u0441\u0438\u0442\u044c \u043c\u0435\u0436\u0434\u0443\u044d\u0442\u0430\u0436\u043d\u044b\u0435 \u043f\u0440\u043e\u0441\u0442\u0440\u0430\u043d\u0441\u0442\u0432\u0430 \u0432 \u0438\u043d\u0442\u0435\u0440\u044c\u0435\u0440\u0435 \u0438\u043b\u0438 <strong>\u0441\u0434\u0435\u043b\u0430\u0442\u044c \u0443\u043d\u0438\u043a\u0430\u043b\u044c\u043d\u044b\u043c \u0432\u0445\u043e\u0434 \u0432 \u0437\u0434\u0430\u043d\u0438\u0435<\/strong> \u0432 \u044d\u043a\u0441\u0442\u0435\u0440\u044c\u0435\u0440\u0435. \u041a\u0430\u043c\u0435\u043d\u043d\u044b\u0435 \u043b\u0435\u0441\u0442\u043d\u0438\u0446\u044b \u044f\u0432\u043b\u044f\u044e\u0442\u0441\u044f \u043e\u0447\u0435\u043d\u044c \u0445\u043e\u0440\u043e\u0448\u0438\u043c \u0432\u044b\u0431\u043e\u0440\u043e\u043c \u0434\u043b\u044f \u0432\u043d\u0443\u0442\u0440\u0435\u043d\u043d\u0435\u0433\u043e \u0438 \u043d\u0430\u0440\u0443\u0436\u043d\u043e\u0433\u043e \u043f\u0440\u0438\u043c\u0435\u043d\u0435\u043d\u0438\u044f, \u043e\u0442\u0432\u0435\u0447\u0430\u044e\u0442 \u0432\u044b\u0441\u043e\u043a\u0438\u043c \u044d\u0441\u0442\u0435\u0442\u0438\u0447\u0435\u0441\u043a\u0438\u043c \u0442\u0440\u0435\u0431\u043e\u0432\u0430\u043d\u0438\u044f\u043c \u0438 \u0432 \u0442\u043e \u0436\u0435 \u0432\u0440\u0435\u043c\u044f \u044f\u0432\u043b\u044f\u044e\u0442\u0441\u044f \u043f\u0440\u0430\u043a\u0442\u0438\u0447\u0435\u0441\u043a\u0438\u043c\u0438, \u043d\u0430\u043f\u0440\u0438\u043c\u0435\u0440, \u0431\u043b\u0430\u0433\u043e\u0434\u0430\u0440\u044f \u0432\u043e\u0437\u043c\u043e\u0436\u043d\u043e\u0441\u0442\u0438 \u043f\u0440\u0438\u0434\u0430\u043d\u0438\u044f \u0448\u0435\u0440\u043e\u0445\u043e\u0432\u0430\u0442\u043e\u0441\u0442\u0438 \u0438\u0445 \u043f\u043e\u0432\u0435\u0440\u0445\u043d\u043e\u0441\u0442\u0438, \u0442\u0435\u043c \u0441\u0430\u043c\u044b\u043c \u043f\u0440\u0435\u0434\u043e\u0442\u0432\u0440\u0430\u0442\u0438\u0432 \u0441\u043a\u043e\u043b\u044c\u0436\u0435\u043d\u0438\u0435 \u0432 \u0434\u043e\u0436\u0434\u044c. \u0412\u044b \u043c\u043e\u0436\u0435\u0442\u0435 \u0432\u044b\u0431\u0440\u0430\u0442\u044c \u0433\u0440\u0430\u043d\u0438\u0442\u043d\u044b\u0435 \u0441\u0442\u0443\u043f\u0435\u043d\u0438, \u043c\u0440\u0430\u043c\u043e\u0440\u043d\u044b\u0435 \u0441\u0442\u0443\u043f\u0435\u043d\u0438, \u0430 \u0442\u0430\u043a\u0436\u0435 \u0434\u0440\u0443\u0433\u043e\u0439 \u043f\u043e\u0434\u0445\u043e\u0434\u044f\u0449\u0438\u0439 \u043c\u0430\u0442\u0435\u0440\u0438\u0430\u043b. \u0421\u043b\u0435\u0434\u0443\u044e\u0449\u0438\u043c \u043f\u0440\u0435\u0438\u043c\u0443\u0449\u0435\u0441\u0442\u0432\u043e\u043c \u043a\u0430\u043c\u0435\u043d\u043d\u044b\u0445 \u0441\u0442\u0443\u043f\u0435\u043d\u0435\u0439 \u044f\u0432\u043b\u044f\u0435\u0442\u0441\u044f \u0438\u0445 \u0432\u043e\u0437\u043c\u043e\u0436\u043d\u043e\u0435<a href=\"https:\/\/www.prazskykamen.cz\/ru\/sluzby-kamenictvi\/sluzby-kamenictvi-renovace-kamene\"> \u0432\u043e\u0441\u0441\u0442\u0430\u043d\u043e\u0432\u043b\u0435\u043d\u0438\u0435<\/a> \u0432 \u043f\u0435\u0440\u0432\u043e\u043d\u0430\u0447\u0430\u043b\u044c\u043d\u044b\u0439 \u0432\u0438\u0434.<br \/>\n[\/et_pb_text][\/et_pb_column][et_pb_column type=&#8220;1_2&#8243; _builder_version=&#8220;3.25&#8243; custom_padding=&#8220;|||&#8220; global_colors_info=&#8220;{}&#8220; custom_padding__hover=&#8220;|||&#8220;][et_pb_text admin_label=&#8220;Text&#8220; _builder_version=&#8220;4.14.7&#8243; background_size=&#8220;initial&#8220; background_position=&#8220;top_left&#8220; background_repeat=&#8220;repeat&#8220; hover_enabled=&#8220;0&#8243; global_colors_info=&#8220;{}&#8220; sticky_enabled=&#8220;0&#8243;]<\/p>\n<p><img loading=\"lazy\" decoding=\"async\" class=\"alignnone wp-image-927 size-full\" src=\"http:\/\/www.prazskykamen.cz\/ru\/wp-content\/uploads\/sites\/3\/2022\/10\/schody-titl.png\" alt=\"kamenn\u00e9 schody\" width=\"520\" height=\"390\" \/><\/p>\n<p>[\/et_pb_text][\/et_pb_column][\/et_pb_row][et_pb_row _builder_version=&#8220;3.25&#8243; background_size=&#8220;initial&#8220; background_position=&#8220;top_left&#8220; background_repeat=&#8220;repeat&#8220; global_colors_info=&#8220;{}&#8220;][et_pb_column type=&#8220;4_4&#8243; _builder_version=&#8220;3.25&#8243; custom_padding=&#8220;|||&#8220; global_colors_info=&#8220;{}&#8220; custom_padding__hover=&#8220;|||&#8220;][et_pb_text admin_label=&#8220;Text&#8220; _builder_version=&#8220;3.27.4&#8243; background_size=&#8220;initial&#8220; background_position=&#8220;top_left&#8220; background_repeat=&#8220;repeat&#8220; global_colors_info=&#8220;{}&#8220;]<\/p>\n<div class=\"rozcest-7\"><a href=\"https:\/\/www.prazskykamen.cz\/ru\/kamenne-produkty\/schody\/schody-materialy\"><img loading=\"lazy\" decoding=\"async\" class=\"alignnone wp-image-932 size-thumbnail\" src=\"https:\/\/www.prazskykamen.cz\/wp-content\/uploads\/2014\/12\/\u017eula-schody-150x150.jpg\" alt=\"kamenn\u00e9 schody materi\u00e1ly\" width=\"150\" height=\"150\"><\/a>&nbsp;<a href=\"https:\/\/www.prazskykamen.cz\/ru\/kamenne-produkty\/schody\/schody-materialy\">\u041c\u0430\u0442\u0435\u0440\u0438\u0430\u043b\u044b<\/a><\/div>\n<div class=\"rozcest-7\"><a href=\"https:\/\/www.prazskykamen.cz\/ru\/kamenne-produkty\/schody\/schody-masivni\"><img loading=\"lazy\" decoding=\"async\" class=\"alignnone wp-image-1071 size-thumbnail\" src=\"https:\/\/www.prazskykamen.cz\/wp-content\/uploads\/2014\/11\/schody-masiv-gal-150x150.jpg\" alt=\"masivn\u00ed kamenn\u00e9 schody\" width=\"150\" height=\"150\"><\/a>&nbsp;<a href=\"https:\/\/www.prazskykamen.cz\/ru\/kamenne-produkty\/schody\/schody-masivni\">\u041cacc\u0438\u0432<\/a><\/div>\n<div class=\"rozcest-7\"><a href=\"https:\/\/www.prazskykamen.cz\/ru\/kamenne-produkty\/schody\/schody-obkladove\"><img loading=\"lazy\" decoding=\"async\" class=\"alignnone wp-image-1070 size-thumbnail\" src=\"https:\/\/www.prazskykamen.cz\/wp-content\/uploads\/2014\/11\/obkladove-schody-gal-150x150.jpg\" alt=\"\" width=\"150\" height=\"150\"><\/a> <a href=\"https:\/\/www.prazskykamen.cz\/ru\/kamenne-produkty\/schody\/schody-obkladove\">\u041e\u0431\u043b\u0438\u0446obahh\u044be<\/a><\/div>\n<div class=\"rozcest-7\"><a href=\"https:\/\/www.prazskykamen.cz\/ru\/kamenne-produkty\/schody\/schody-profilace\"><img loading=\"lazy\" decoding=\"async\" class=\"alignnone wp-image-1954 size-thumbnail\" src=\"https:\/\/www.prazskykamen.cz\/wp-content\/uploads\/2014\/11\/profilace-150x150.jpg\" alt=\"obkladov\u00e9 kamenn\u00e9 schody\" width=\"150\" height=\"150\"><\/a> <a href=\"https:\/\/www.prazskykamen.cz\/ru\/kamenne-produkty\/schody\/schody-profilace\">\u041fpo\u0444\u0438\u043b\u0438po\u0432ah\u0438e<\/a><\/div>\n<div class=\"rozcest-7\"><a href=\"https:\/\/www.prazskykamen.cz\/ru\/kamenne-produkty\/schody\/schody-vzorova-kalkulace\"><img loading=\"lazy\" decoding=\"async\" class=\"alignnone wp-image-1484 size-thumbnail\" src=\"https:\/\/www.prazskykamen.cz\/wp-content\/uploads\/2015\/01\/foto-k-vzorove-kalkulaci-schody2-150x150.jpg\" alt=\"kamenn\u00e9 schody cen\u00edk\" width=\"150\" height=\"150\"><\/a> <a href=\"https:\/\/www.prazskykamen.cz\/ru\/kamenne-produkty\/schody\/schody-vzorova-kalkulace\">\u041f\u0440\u0438\u043c\u0435\u0440 \u0440\u0430\u0441\u0447\u0435\u0442\u0430<\/a><\/div>\n<div class=\"rozcest-7 vybranerealizace\"><a href=\"https:\/\/www.prazskykamen.cz\/ru\/kamenne-produkty\/schody\/schody-vybrane-realizace\"><img loading=\"lazy\" decoding=\"async\" class=\"alignnone wp-image-1377 size-thumbnail\" src=\"https:\/\/www.prazskykamen.cz\/wp-content\/uploads\/2014\/12\/SCHODY-QUARTZITE-POLYGON4-150x150.jpg\" alt=\"kamenn\u00e9 schody fotogalerie\" width=\"150\" height=\"150\"><\/a> <a href=\"https:\/\/www.prazskykamen.cz\/ru\/kamenne-produkty\/schody\/schody-vybrane-realizace\">\u0412\u044b\u0431\u0440\u0430\u043d\u043d\u044b\u0435 \u043f\u0440\u043e\u0435\u043a\u0442\u044b<\/a><\/div>\n<p>[\/et_pb_text][\/et_pb_column][\/et_pb_row][\/et_pb_section]<\/p>\n","protected":false},"excerpt":{"rendered":"<p>\u041a\u0430\u043c\u0435\u043d\u043d\u044b\u0435 \u043b\u0435\u0441\u0442\u043d\u0438\u0446\u044b \u0411\u043b\u0430\u0433\u043e\u0434\u0430\u0440\u044f \u0443\u0441\u0442\u043e\u0439\u0447\u0438\u0432\u043e\u0441\u0442\u0438, \u0434\u043e\u043b\u0433\u043e\u0432\u0435\u0447\u043d\u043e\u0441\u0442\u0438, \u043f\u0440\u043e\u0441\u0442\u043e\u0442\u0435 \u0432 \u0443\u0445\u043e\u0434\u0435 \u0438 \u0438\u043d\u0442\u0435\u0440\u0435\u0441\u043d\u043e\u0439 \u0432\u043d\u0435\u0448\u043d\u043e\u0441\u0442\u0438 \u043a\u0430\u043c\u0435\u043d\u043d\u044b\u0435 \u0441\u0442\u0443\u043f\u0435\u043d\u0438 \u0432\u0441\u0435\u0433\u0434\u0430 \u0431\u044b\u043b\u0438 \u043e\u0434\u043d\u0438\u043c \u0438\u0437 \u043d\u0430\u0438\u0431\u043e\u043b\u0435\u0435 \u0448\u0438\u0440\u043e\u043a\u043e \u0438\u0441\u043f\u043e\u043b\u044c\u0437\u0443\u0435\u043c\u044b\u0445 \u0441\u0442\u0440\u043e\u0438\u0442\u0435\u043b\u044c\u043d\u044b\u0445 \u044d\u043b\u0435\u043c\u0435\u043d\u0442\u043e\u0432 \u0432 \u0434\u0430\u043d\u043d\u043e\u043c \u0441\u0442\u0440\u043e\u0438\u0442\u0435\u043b\u044c\u043d\u043e\u043c \u0441\u0435\u0433\u043c\u0435\u043d\u0442\u0435. \u0418\u0441\u0442\u043e\u0440\u0438\u0447\u0435\u0441\u043a\u0438\u043c \u043f\u0440\u0438\u043c\u0435\u0440\u043e\u043c \u0438\u0441\u043f\u043e\u043b\u044c\u0437\u043e\u0432\u0430\u043d\u0438\u044f \u043a\u0430\u043c\u043d\u044f \u044f\u0432\u043b\u044f\u044e\u0442\u0441\u044f \u043a\u0430\u043c\u0435\u043d\u043d\u044b\u0435 \u0441\u0442\u0443\u043f\u0435\u043d\u0438 \u0438 \u043a\u0430\u043c\u0435\u043d\u043d\u044b\u0435 \u043b\u0435\u0441\u0442\u043d\u0438\u0446\u044b \u043d\u0430 \u0437\u0430\u043c\u043a\u0430\u0445. \u0414\u0430\u0436\u0435 \u0432 \u043d\u0430\u0441\u0442\u043e\u044f\u0449\u0435\u0435 \u0432\u0440\u0435\u043c\u044f \u044d\u0442\u043e\u0442 \u043d\u0430\u0442\u0443\u0440\u0430\u043b\u044c\u043d\u044b\u0439 \u043c\u0430\u0442\u0435\u0440\u0438\u0430\u043b \u043c\u043e\u0436\u0435\u0442 \u0443\u043a\u0440\u0430\u0441\u0438\u0442\u044c \u043c\u0435\u0436\u0434\u0443\u044d\u0442\u0430\u0436\u043d\u044b\u0435 \u043f\u0440\u043e\u0441\u0442\u0440\u0430\u043d\u0441\u0442\u0432\u0430 \u0432 \u0438\u043d\u0442\u0435\u0440\u044c\u0435\u0440\u0435 \u0438\u043b\u0438 \u0441\u0434\u0435\u043b\u0430\u0442\u044c \u0443\u043d\u0438\u043a\u0430\u043b\u044c\u043d\u044b\u043c \u0432\u0445\u043e\u0434 [&hellip;]<\/p>\n","protected":false},"author":1,"featured_media":0,"parent":42,"menu_order":0,"comment_status":"open","ping_status":"open","template":"","meta":{"_et_pb_use_builder":"on","_et_pb_old_content":"","_et_gb_content_width":"","footnotes":""},"class_list":["post-72","page","type-page","status-publish","hentry"],"yoast_head":"<!-- This site is optimized with the Yoast SEO plugin v23.7 - https:\/\/yoast.com\/wordpress\/plugins\/seo\/ -->\n<title>Kamenn\u00e9 schody | Pra\u017esk\u00fd k\u00e1men<\/title>\n<meta name=\"description\" content=\"Kamenn\u00e9 schody a schodi\u0161t\u011b - pevn\u00fd a st\u00e1ly materi\u00e1l, kter\u00fd nav\u00edc je po estetick\u00e9 str\u00e1nce lep\u0161\u00ed ne\u017e ostatn\u00ed materi\u00e1ly. Kamenn\u00e9 schody tak\u00e9 snadno renovujete.\" \/>\n<meta name=\"robots\" content=\"index, follow, max-snippet:-1, max-image-preview:large, max-video-preview:-1\" \/>\n<link rel=\"canonical\" href=\"https:\/\/www.prazskykamen.cz\/ru\/kamenne-produkty\/schody\/\" \/>\n<meta property=\"og:locale\" content=\"cs_CZ\" \/>\n<meta property=\"og:type\" content=\"article\" \/>\n<meta property=\"og:title\" content=\"Kamenn\u00e9 schody | Pra\u017esk\u00fd k\u00e1men\" \/>\n<meta property=\"og:description\" content=\"Kamenn\u00e9 schody a schodi\u0161t\u011b - pevn\u00fd a st\u00e1ly materi\u00e1l, kter\u00fd nav\u00edc je po estetick\u00e9 str\u00e1nce lep\u0161\u00ed ne\u017e ostatn\u00ed materi\u00e1ly. Kamenn\u00e9 schody tak\u00e9 snadno renovujete.\" \/>\n<meta property=\"og:url\" content=\"https:\/\/www.prazskykamen.cz\/ru\/kamenne-produkty\/schody\/\" \/>\n<meta property=\"og:site_name\" content=\"\u041f\u0440\u0430\u0433\u0430 \u043a\u0430\u043c\u0435\u043d\u044c\" \/>\n<meta property=\"article:modified_time\" content=\"2022-10-14T06:29:34+00:00\" \/>\n<meta property=\"og:image\" content=\"http:\/\/www.prazskykamen.cz\/ru\/wp-content\/uploads\/sites\/3\/2022\/10\/schody-titl.png\" \/>\n<meta name=\"twitter:card\" content=\"summary_large_image\" \/>\n<meta name=\"twitter:label1\" content=\"Odhadovan\u00e1 doba \u010dten\u00ed\" \/>\n\t<meta name=\"twitter:data1\" content=\"1 minuta\" \/>\n<script type=\"application\/ld+json\" class=\"yoast-schema-graph\">{\"@context\":\"https:\/\/schema.org\",\"@graph\":[{\"@type\":\"WebPage\",\"@id\":\"https:\/\/www.prazskykamen.cz\/ru\/kamenne-produkty\/schody\/\",\"url\":\"https:\/\/www.prazskykamen.cz\/ru\/kamenne-produkty\/schody\/\",\"name\":\"Kamenn\u00e9 schody | Pra\u017esk\u00fd k\u00e1men\",\"isPartOf\":{\"@id\":\"https:\/\/www.prazskykamen.cz\/ru\/#website\"},\"primaryImageOfPage\":{\"@id\":\"https:\/\/www.prazskykamen.cz\/ru\/kamenne-produkty\/schody\/#primaryimage\"},\"image\":{\"@id\":\"https:\/\/www.prazskykamen.cz\/ru\/kamenne-produkty\/schody\/#primaryimage\"},\"thumbnailUrl\":\"http:\/\/www.prazskykamen.cz\/ru\/wp-content\/uploads\/sites\/3\/2022\/10\/schody-titl.png\",\"datePublished\":\"2014-11-14T10:53:44+00:00\",\"dateModified\":\"2022-10-14T06:29:34+00:00\",\"description\":\"Kamenn\u00e9 schody a schodi\u0161t\u011b - pevn\u00fd a st\u00e1ly materi\u00e1l, kter\u00fd nav\u00edc je po estetick\u00e9 str\u00e1nce lep\u0161\u00ed ne\u017e ostatn\u00ed materi\u00e1ly. Kamenn\u00e9 schody tak\u00e9 snadno renovujete.\",\"breadcrumb\":{\"@id\":\"https:\/\/www.prazskykamen.cz\/ru\/kamenne-produkty\/schody\/#breadcrumb\"},\"inLanguage\":\"cs\",\"potentialAction\":[{\"@type\":\"ReadAction\",\"target\":[\"https:\/\/www.prazskykamen.cz\/ru\/kamenne-produkty\/schody\/\"]}]},{\"@type\":\"ImageObject\",\"inLanguage\":\"cs\",\"@id\":\"https:\/\/www.prazskykamen.cz\/ru\/kamenne-produkty\/schody\/#primaryimage\",\"url\":\"https:\/\/www.prazskykamen.cz\/ru\/wp-content\/uploads\/sites\/3\/2022\/10\/schody-titl.png\",\"contentUrl\":\"https:\/\/www.prazskykamen.cz\/ru\/wp-content\/uploads\/sites\/3\/2022\/10\/schody-titl.png\",\"width\":660,\"height\":480},{\"@type\":\"BreadcrumbList\",\"@id\":\"https:\/\/www.prazskykamen.cz\/ru\/kamenne-produkty\/schody\/#breadcrumb\",\"itemListElement\":[{\"@type\":\"ListItem\",\"position\":1,\"name\":\"Dom\u016f\",\"item\":\"https:\/\/www.prazskykamen.cz\/ru\/\"},{\"@type\":\"ListItem\",\"position\":2,\"name\":\"\u0418\u0417\u0414\u0415\u041b\u0418\u042f \u0418\u0417 \u041a\u0410\u041c\u041d\u042f\",\"item\":\"https:\/\/www.prazskykamen.cz\/ru\/kamenne-produkty\/\"},{\"@type\":\"ListItem\",\"position\":3,\"name\":\"\u041b\u0415\u0421\u0422\u041d\u0418\u0426\u042b\"}]},{\"@type\":\"WebSite\",\"@id\":\"https:\/\/www.prazskykamen.cz\/ru\/#website\",\"url\":\"https:\/\/www.prazskykamen.cz\/ru\/\",\"name\":\"\u041f\u0440\u0430\u0433\u0430 \u043a\u0430\u043c\u0435\u043d\u044c\",\"description\":\"Dal\u0161\u00ed nov\u00fd web v r\u00e1mci s\u00edt\u011b Pra\u017esk\u00fd k\u00e1men Sites\",\"potentialAction\":[{\"@type\":\"SearchAction\",\"target\":{\"@type\":\"EntryPoint\",\"urlTemplate\":\"https:\/\/www.prazskykamen.cz\/ru\/?s={search_term_string}\"},\"query-input\":{\"@type\":\"PropertyValueSpecification\",\"valueRequired\":true,\"valueName\":\"search_term_string\"}}],\"inLanguage\":\"cs\"}]}<\/script>\n<!-- \/ Yoast SEO plugin. -->","yoast_head_json":{"title":"Kamenn\u00e9 schody | Pra\u017esk\u00fd k\u00e1men","description":"Kamenn\u00e9 schody a schodi\u0161t\u011b - pevn\u00fd a st\u00e1ly materi\u00e1l, kter\u00fd nav\u00edc je po estetick\u00e9 str\u00e1nce lep\u0161\u00ed ne\u017e ostatn\u00ed materi\u00e1ly. Kamenn\u00e9 schody tak\u00e9 snadno renovujete.","robots":{"index":"index","follow":"follow","max-snippet":"max-snippet:-1","max-image-preview":"max-image-preview:large","max-video-preview":"max-video-preview:-1"},"canonical":"https:\/\/www.prazskykamen.cz\/ru\/kamenne-produkty\/schody\/","og_locale":"cs_CZ","og_type":"article","og_title":"Kamenn\u00e9 schody | Pra\u017esk\u00fd k\u00e1men","og_description":"Kamenn\u00e9 schody a schodi\u0161t\u011b - pevn\u00fd a st\u00e1ly materi\u00e1l, kter\u00fd nav\u00edc je po estetick\u00e9 str\u00e1nce lep\u0161\u00ed ne\u017e ostatn\u00ed materi\u00e1ly. Kamenn\u00e9 schody tak\u00e9 snadno renovujete.","og_url":"https:\/\/www.prazskykamen.cz\/ru\/kamenne-produkty\/schody\/","og_site_name":"\u041f\u0440\u0430\u0433\u0430 \u043a\u0430\u043c\u0435\u043d\u044c","article_modified_time":"2022-10-14T06:29:34+00:00","og_image":[{"url":"http:\/\/www.prazskykamen.cz\/ru\/wp-content\/uploads\/sites\/3\/2022\/10\/schody-titl.png"}],"twitter_card":"summary_large_image","twitter_misc":{"Odhadovan\u00e1 doba \u010dten\u00ed":"1 minuta"},"schema":{"@context":"https:\/\/schema.org","@graph":[{"@type":"WebPage","@id":"https:\/\/www.prazskykamen.cz\/ru\/kamenne-produkty\/schody\/","url":"https:\/\/www.prazskykamen.cz\/ru\/kamenne-produkty\/schody\/","name":"Kamenn\u00e9 schody | Pra\u017esk\u00fd k\u00e1men","isPartOf":{"@id":"https:\/\/www.prazskykamen.cz\/ru\/#website"},"primaryImageOfPage":{"@id":"https:\/\/www.prazskykamen.cz\/ru\/kamenne-produkty\/schody\/#primaryimage"},"image":{"@id":"https:\/\/www.prazskykamen.cz\/ru\/kamenne-produkty\/schody\/#primaryimage"},"thumbnailUrl":"http:\/\/www.prazskykamen.cz\/ru\/wp-content\/uploads\/sites\/3\/2022\/10\/schody-titl.png","datePublished":"2014-11-14T10:53:44+00:00","dateModified":"2022-10-14T06:29:34+00:00","description":"Kamenn\u00e9 schody a schodi\u0161t\u011b - pevn\u00fd a st\u00e1ly materi\u00e1l, kter\u00fd nav\u00edc je po estetick\u00e9 str\u00e1nce lep\u0161\u00ed ne\u017e ostatn\u00ed materi\u00e1ly. Kamenn\u00e9 schody tak\u00e9 snadno renovujete.","breadcrumb":{"@id":"https:\/\/www.prazskykamen.cz\/ru\/kamenne-produkty\/schody\/#breadcrumb"},"inLanguage":"cs","potentialAction":[{"@type":"ReadAction","target":["https:\/\/www.prazskykamen.cz\/ru\/kamenne-produkty\/schody\/"]}]},{"@type":"ImageObject","inLanguage":"cs","@id":"https:\/\/www.prazskykamen.cz\/ru\/kamenne-produkty\/schody\/#primaryimage","url":"https:\/\/www.prazskykamen.cz\/ru\/wp-content\/uploads\/sites\/3\/2022\/10\/schody-titl.png","contentUrl":"https:\/\/www.prazskykamen.cz\/ru\/wp-content\/uploads\/sites\/3\/2022\/10\/schody-titl.png","width":660,"height":480},{"@type":"BreadcrumbList","@id":"https:\/\/www.prazskykamen.cz\/ru\/kamenne-produkty\/schody\/#breadcrumb","itemListElement":[{"@type":"ListItem","position":1,"name":"Dom\u016f","item":"https:\/\/www.prazskykamen.cz\/ru\/"},{"@type":"ListItem","position":2,"name":"\u0418\u0417\u0414\u0415\u041b\u0418\u042f \u0418\u0417 \u041a\u0410\u041c\u041d\u042f","item":"https:\/\/www.prazskykamen.cz\/ru\/kamenne-produkty\/"},{"@type":"ListItem","position":3,"name":"\u041b\u0415\u0421\u0422\u041d\u0418\u0426\u042b"}]},{"@type":"WebSite","@id":"https:\/\/www.prazskykamen.cz\/ru\/#website","url":"https:\/\/www.prazskykamen.cz\/ru\/","name":"\u041f\u0440\u0430\u0433\u0430 \u043a\u0430\u043c\u0435\u043d\u044c","description":"Dal\u0161\u00ed nov\u00fd web v r\u00e1mci s\u00edt\u011b Pra\u017esk\u00fd k\u00e1men Sites","potentialAction":[{"@type":"SearchAction","target":{"@type":"EntryPoint","urlTemplate":"https:\/\/www.prazskykamen.cz\/ru\/?s={search_term_string}"},"query-input":{"@type":"PropertyValueSpecification","valueRequired":true,"valueName":"search_term_string"}}],"inLanguage":"cs"}]}},"_links":{"self":[{"href":"https:\/\/www.prazskykamen.cz\/ru\/wp-json\/wp\/v2\/pages\/72","targetHints":{"allow":["GET"]}}],"collection":[{"href":"https:\/\/www.prazskykamen.cz\/ru\/wp-json\/wp\/v2\/pages"}],"about":[{"href":"https:\/\/www.prazskykamen.cz\/ru\/wp-json\/wp\/v2\/types\/page"}],"author":[{"embeddable":true,"href":"https:\/\/www.prazskykamen.cz\/ru\/wp-json\/wp\/v2\/users\/1"}],"replies":[{"embeddable":true,"href":"https:\/\/www.prazskykamen.cz\/ru\/wp-json\/wp\/v2\/comments?post=72"}],"version-history":[{"count":10,"href":"https:\/\/www.prazskykamen.cz\/ru\/wp-json\/wp\/v2\/pages\/72\/revisions"}],"predecessor-version":[{"id":9547,"href":"https:\/\/www.prazskykamen.cz\/ru\/wp-json\/wp\/v2\/pages\/72\/revisions\/9547"}],"up":[{"embeddable":true,"href":"https:\/\/www.prazskykamen.cz\/ru\/wp-json\/wp\/v2\/pages\/42"}],"wp:attachment":[{"href":"https:\/\/www.prazskykamen.cz\/ru\/wp-json\/wp\/v2\/media?parent=72"}],"curies":[{"name":"wp","href":"https:\/\/api.w.org\/{rel}","templated":true}]}}