{"id":675,"date":"2014-12-20T12:16:44","date_gmt":"2014-12-20T11:16:44","guid":{"rendered":"https:\/\/www.prazskykamen.cz\/?page_id=675"},"modified":"2016-02-22T09:33:19","modified_gmt":"2016-02-22T09:33:19","slug":"bianco-carrara-2","status":"publish","type":"page","link":"https:\/\/www.prazskykamen.cz\/ru\/kamenne-produkty\/kamenne-obklady-a-dlazby\/pravidelna-dlazba-a-obklady\/bianco-carrara-2\/","title":{"rendered":"Bianco Carrara"},"content":{"rendered":"<p>[et_pb_section][et_pb_row][et_pb_column type=&#8220;1_3&#8243;][et_pb_text admin_label=&#8220;Text&#8220; background_layout=&#8220;light&#8220; text_orientation=&#8220;left&#8220;]<\/p>\n<h1> \u0411\u044c\u044f\u043d\u043a\u043e \u041a\u0430\u0440\u0440\u0430\u0440\u0430<\/h1>\n<table>\n<tbody>\n<tr>\n<td>\u0422\u0438\u043f<\/td>\n<td>\u043c\u0440\u0430\u043c\u043e\u0440<\/td>\n<\/tr>\n<tr>\n<td>\u041f\u043e\u0432\u0435\u0440\u0445\u043d\u043e\u0441\u0442\u044c<\/td>\n<td>\u043f\u043e\u043b\u0438\u0440\u043e\u0432\u0430\u043d\u043d\u0430\u044f<\/td>\n<\/tr>\n<tr>\n<td>\u0420\u0430\u0437\u043c\u0435\u0440\u044b \u0410<\/td>\n<td>30 \u0441\u043c \u0448\u0438\u0440\u0438\u043d\u0430 x \u043b\u044e\u0431\u0430\u044f \u0434\u043b\u0438\u043d\u0430, \u0442\u043e\u043b\u0449. 1,5 \u0441\u043c<\/td>\n<\/tr>\n<tr>\n<td>\u0420\u0430\u0437\u043c\u0435\u0440\u044b \u0411<\/td>\n<td>60 x 60 \u0441\u043c, \u0442\u043e\u043b\u0449. 2 \u0441\u043c<\/td>\n<\/tr>\n<tr>\n<td>\u041e\u0440\u0438\u0435\u043d\u0442\u0438\u0440\u043e\u0432\u043e\u0447\u043d\u0430\u044f \u0446\u0435\u043d\u0430 \u0410<\/td>\n<td>2 150 \u0447\u0435\u0448\u0441\u043a\u0438\u0445 \u043a\u0440\u043e\u043d\/\u043c<sup>2<\/sup> \u0431\u0435\u0437 \u041d\u0414\u0421<\/td>\n<\/tr>\n<tr>\n<td>\u041e\u0440\u0438\u0435\u043d\u0442\u0438\u0440\u043e\u0432\u043e\u0447\u043d\u0430\u044f \u0446\u0435\u043d\u0430&nbsp;\u0411<\/td>\n<td>2 940 \u0447\u0435\u0448\u0441\u043a\u0438\u0445 \u043a\u0440\u043e\u043d\/\u043c<sup>2<\/sup> \u0431\u0435\u0437 \u041d\u0414\u0421<\/td>\n<\/tr>\n<\/tbody>\n<\/table>\n<p>[\/et_pb_text][\/et_pb_column][et_pb_column type=&#8220;2_3&#8243;][et_pb_slider admin_label=&#8220;Slider&#8220; show_arrows=&#8220;on&#8220; show_pagination=&#8220;on&#8220; auto=&#8220;off&#8220; parallax=&#8220;off&#8220; parallax_method=&#8220;off&#8220;][et_pb_slide background_image=&#8220;https:\/\/www.prazskykamen.cz\/wp-content\/uploads\/2014\/12\/BIANCO-CARRARA.jpg&#8220; background_color=&#8220;#ffffff&#8220; alignment=&#8220;center&#8220; background_layout=&#8220;dark&#8220; \/][\/et_pb_slider][\/et_pb_column][\/et_pb_row][\/et_pb_section]<\/p>\n","protected":false},"excerpt":{"rendered":"<p><div class=\"et_pb_section et_pb_section_0 et_section_regular\" >\n\t\t\t\t\n\t\t\t\t\n\t\t\t\t\n\t\t\t\t\n\t\t\t\t\n\t\t\t\t\n\t\t\t\t\n\t\t\t\t\n\t\t\t\t\n\t\t\t<\/div><div class=\"et_pb_row et_pb_row_0 et_pb_row_empty\">\n\t\t\t\t\n\t\t\t\t\n\t\t\t\t\n\t\t\t\t\n\t\t\t\t\n\t\t\t<\/div> \u0411\u044c\u044f\u043d\u043a\u043e \u041a\u0430\u0440\u0440\u0430\u0440\u0430 \u0422\u0438\u043f \u043c\u0440\u0430\u043c\u043e\u0440 \u041f\u043e\u0432\u0435\u0440\u0445\u043d\u043e\u0441\u0442\u044c \u043f\u043e\u043b\u0438\u0440\u043e\u0432\u0430\u043d\u043d\u0430\u044f \u0420\u0430\u0437\u043c\u0435\u0440\u044b \u0410 30 \u0441\u043c \u0448\u0438\u0440\u0438\u043d\u0430 x \u043b\u044e\u0431\u0430\u044f \u0434\u043b\u0438\u043d\u0430, \u0442\u043e\u043b\u0449. 1,5 \u0441\u043c \u0420\u0430\u0437\u043c\u0435\u0440\u044b \u0411 60 x 60 \u0441\u043c, \u0442\u043e\u043b\u0449. 2 \u0441\u043c \u041e\u0440\u0438\u0435\u043d\u0442\u0438\u0440\u043e\u0432\u043e\u0447\u043d\u0430\u044f \u0446\u0435\u043d\u0430 \u0410 2 150 \u0447\u0435\u0448\u0441\u043a\u0438\u0445 \u043a\u0440\u043e\u043d\/\u043c2 \u0431\u0435\u0437 \u041d\u0414\u0421 \u041e\u0440\u0438\u0435\u043d\u0442\u0438\u0440\u043e\u0432\u043e\u0447\u043d\u0430\u044f \u0446\u0435\u043d\u0430&nbsp;\u0411 2 940 \u0447\u0435\u0448\u0441\u043a\u0438\u0445 \u043a\u0440\u043e\u043d\/\u043c2 \u0431\u0435\u0437 \u041d\u0414\u0421<\/p>\n","protected":false},"author":1,"featured_media":0,"parent":154,"menu_order":0,"comment_status":"closed","ping_status":"open","template":"","meta":{"_et_pb_use_builder":"on","_et_pb_old_content":"","_et_gb_content_width":"","footnotes":""},"class_list":["post-675","page","type-page","status-publish","hentry"],"yoast_head":"<!-- This site is optimized with the Yoast SEO plugin v23.7 - https:\/\/yoast.com\/wordpress\/plugins\/seo\/ -->\n<title>Bianco Carrara - \u041f\u0440\u0430\u0433\u0430 \u043a\u0430\u043c\u0435\u043d\u044c<\/title>\n<meta name=\"robots\" content=\"index, follow, max-snippet:-1, max-image-preview:large, max-video-preview:-1\" \/>\n<link rel=\"canonical\" href=\"https:\/\/www.prazskykamen.cz\/ru\/kamenne-produkty\/kamenne-obklady-a-dlazby\/pravidelna-dlazba-a-obklady\/bianco-carrara-2\/\" \/>\n<meta property=\"og:locale\" content=\"cs_CZ\" \/>\n<meta property=\"og:type\" content=\"article\" \/>\n<meta property=\"og:title\" content=\"Bianco Carrara - \u041f\u0440\u0430\u0433\u0430 \u043a\u0430\u043c\u0435\u043d\u044c\" \/>\n<meta property=\"og:description\" content=\"\u0411\u044c\u044f\u043d\u043a\u043e \u041a\u0430\u0440\u0440\u0430\u0440\u0430 \u0422\u0438\u043f \u043c\u0440\u0430\u043c\u043e\u0440 \u041f\u043e\u0432\u0435\u0440\u0445\u043d\u043e\u0441\u0442\u044c \u043f\u043e\u043b\u0438\u0440\u043e\u0432\u0430\u043d\u043d\u0430\u044f \u0420\u0430\u0437\u043c\u0435\u0440\u044b \u0410 30 \u0441\u043c \u0448\u0438\u0440\u0438\u043d\u0430 x \u043b\u044e\u0431\u0430\u044f \u0434\u043b\u0438\u043d\u0430, \u0442\u043e\u043b\u0449. 1,5 \u0441\u043c \u0420\u0430\u0437\u043c\u0435\u0440\u044b \u0411 60 x 60 \u0441\u043c, \u0442\u043e\u043b\u0449. 2 \u0441\u043c \u041e\u0440\u0438\u0435\u043d\u0442\u0438\u0440\u043e\u0432\u043e\u0447\u043d\u0430\u044f \u0446\u0435\u043d\u0430 \u0410 2 150 \u0447\u0435\u0448\u0441\u043a\u0438\u0445 \u043a\u0440\u043e\u043d\/\u043c2 \u0431\u0435\u0437 \u041d\u0414\u0421 \u041e\u0440\u0438\u0435\u043d\u0442\u0438\u0440\u043e\u0432\u043e\u0447\u043d\u0430\u044f \u0446\u0435\u043d\u0430&nbsp;\u0411 2 940 \u0447\u0435\u0448\u0441\u043a\u0438\u0445 \u043a\u0440\u043e\u043d\/\u043c2 \u0431\u0435\u0437 \u041d\u0414\u0421\" \/>\n<meta property=\"og:url\" content=\"https:\/\/www.prazskykamen.cz\/ru\/kamenne-produkty\/kamenne-obklady-a-dlazby\/pravidelna-dlazba-a-obklady\/bianco-carrara-2\/\" \/>\n<meta property=\"og:site_name\" content=\"\u041f\u0440\u0430\u0433\u0430 \u043a\u0430\u043c\u0435\u043d\u044c\" \/>\n<meta property=\"article:modified_time\" content=\"2016-02-22T09:33:19+00:00\" \/>\n<meta name=\"twitter:card\" content=\"summary_large_image\" \/>\n<script type=\"application\/ld+json\" class=\"yoast-schema-graph\">{\"@context\":\"https:\/\/schema.org\",\"@graph\":[{\"@type\":\"WebPage\",\"@id\":\"https:\/\/www.prazskykamen.cz\/ru\/kamenne-produkty\/kamenne-obklady-a-dlazby\/pravidelna-dlazba-a-obklady\/bianco-carrara-2\/\",\"url\":\"https:\/\/www.prazskykamen.cz\/ru\/kamenne-produkty\/kamenne-obklady-a-dlazby\/pravidelna-dlazba-a-obklady\/bianco-carrara-2\/\",\"name\":\"Bianco Carrara - \u041f\u0440\u0430\u0433\u0430 \u043a\u0430\u043c\u0435\u043d\u044c\",\"isPartOf\":{\"@id\":\"https:\/\/www.prazskykamen.cz\/ru\/#website\"},\"datePublished\":\"2014-12-20T11:16:44+00:00\",\"dateModified\":\"2016-02-22T09:33:19+00:00\",\"breadcrumb\":{\"@id\":\"https:\/\/www.prazskykamen.cz\/ru\/kamenne-produkty\/kamenne-obklady-a-dlazby\/pravidelna-dlazba-a-obklady\/bianco-carrara-2\/#breadcrumb\"},\"inLanguage\":\"cs\",\"potentialAction\":[{\"@type\":\"ReadAction\",\"target\":[\"https:\/\/www.prazskykamen.cz\/ru\/kamenne-produkty\/kamenne-obklady-a-dlazby\/pravidelna-dlazba-a-obklady\/bianco-carrara-2\/\"]}]},{\"@type\":\"BreadcrumbList\",\"@id\":\"https:\/\/www.prazskykamen.cz\/ru\/kamenne-produkty\/kamenne-obklady-a-dlazby\/pravidelna-dlazba-a-obklady\/bianco-carrara-2\/#breadcrumb\",\"itemListElement\":[{\"@type\":\"ListItem\",\"position\":1,\"name\":\"Dom\u016f\",\"item\":\"https:\/\/www.prazskykamen.cz\/ru\/\"},{\"@type\":\"ListItem\",\"position\":2,\"name\":\"\u0418\u0417\u0414\u0415\u041b\u0418\u042f \u0418\u0417 \u041a\u0410\u041c\u041d\u042f\",\"item\":\"https:\/\/www.prazskykamen.cz\/ru\/kamenne-produkty\/\"},{\"@type\":\"ListItem\",\"position\":3,\"name\":\"\u041a\u0410\u041c\u0415\u041d\u041d\u0410\u042f \u041f\u041b\u0418\u0422\u041a\u0410\",\"item\":\"https:\/\/www.prazskykamen.cz\/ru\/kamenne-produkty\/kamenne-obklady-a-dlazby\/\"},{\"@type\":\"ListItem\",\"position\":4,\"name\":\"PRAVIDELN\u00c1 DLA\u017dBA A OBKLADY\",\"item\":\"https:\/\/www.prazskykamen.cz\/ru\/kamenne-produkty\/kamenne-obklady-a-dlazby\/pravidelna-dlazba-a-obklady\/\"},{\"@type\":\"ListItem\",\"position\":5,\"name\":\"Bianco Carrara\"}]},{\"@type\":\"WebSite\",\"@id\":\"https:\/\/www.prazskykamen.cz\/ru\/#website\",\"url\":\"https:\/\/www.prazskykamen.cz\/ru\/\",\"name\":\"\u041f\u0440\u0430\u0433\u0430 \u043a\u0430\u043c\u0435\u043d\u044c\",\"description\":\"Dal\u0161\u00ed nov\u00fd web v r\u00e1mci s\u00edt\u011b Pra\u017esk\u00fd k\u00e1men Sites\",\"potentialAction\":[{\"@type\":\"SearchAction\",\"target\":{\"@type\":\"EntryPoint\",\"urlTemplate\":\"https:\/\/www.prazskykamen.cz\/ru\/?s={search_term_string}\"},\"query-input\":{\"@type\":\"PropertyValueSpecification\",\"valueRequired\":true,\"valueName\":\"search_term_string\"}}],\"inLanguage\":\"cs\"}]}<\/script>\n<!-- \/ Yoast SEO plugin. -->","yoast_head_json":{"title":"Bianco Carrara - \u041f\u0440\u0430\u0433\u0430 \u043a\u0430\u043c\u0435\u043d\u044c","robots":{"index":"index","follow":"follow","max-snippet":"max-snippet:-1","max-image-preview":"max-image-preview:large","max-video-preview":"max-video-preview:-1"},"canonical":"https:\/\/www.prazskykamen.cz\/ru\/kamenne-produkty\/kamenne-obklady-a-dlazby\/pravidelna-dlazba-a-obklady\/bianco-carrara-2\/","og_locale":"cs_CZ","og_type":"article","og_title":"Bianco Carrara - \u041f\u0440\u0430\u0433\u0430 \u043a\u0430\u043c\u0435\u043d\u044c","og_description":"\u0411\u044c\u044f\u043d\u043a\u043e \u041a\u0430\u0440\u0440\u0430\u0440\u0430 \u0422\u0438\u043f \u043c\u0440\u0430\u043c\u043e\u0440 \u041f\u043e\u0432\u0435\u0440\u0445\u043d\u043e\u0441\u0442\u044c \u043f\u043e\u043b\u0438\u0440\u043e\u0432\u0430\u043d\u043d\u0430\u044f \u0420\u0430\u0437\u043c\u0435\u0440\u044b \u0410 30 \u0441\u043c \u0448\u0438\u0440\u0438\u043d\u0430 x \u043b\u044e\u0431\u0430\u044f \u0434\u043b\u0438\u043d\u0430, \u0442\u043e\u043b\u0449. 1,5 \u0441\u043c \u0420\u0430\u0437\u043c\u0435\u0440\u044b \u0411 60 x 60 \u0441\u043c, \u0442\u043e\u043b\u0449. 2 \u0441\u043c \u041e\u0440\u0438\u0435\u043d\u0442\u0438\u0440\u043e\u0432\u043e\u0447\u043d\u0430\u044f \u0446\u0435\u043d\u0430 \u0410 2 150 \u0447\u0435\u0448\u0441\u043a\u0438\u0445 \u043a\u0440\u043e\u043d\/\u043c2 \u0431\u0435\u0437 \u041d\u0414\u0421 \u041e\u0440\u0438\u0435\u043d\u0442\u0438\u0440\u043e\u0432\u043e\u0447\u043d\u0430\u044f \u0446\u0435\u043d\u0430&nbsp;\u0411 2 940 \u0447\u0435\u0448\u0441\u043a\u0438\u0445 \u043a\u0440\u043e\u043d\/\u043c2 \u0431\u0435\u0437 \u041d\u0414\u0421","og_url":"https:\/\/www.prazskykamen.cz\/ru\/kamenne-produkty\/kamenne-obklady-a-dlazby\/pravidelna-dlazba-a-obklady\/bianco-carrara-2\/","og_site_name":"\u041f\u0440\u0430\u0433\u0430 \u043a\u0430\u043c\u0435\u043d\u044c","article_modified_time":"2016-02-22T09:33:19+00:00","twitter_card":"summary_large_image","schema":{"@context":"https:\/\/schema.org","@graph":[{"@type":"WebPage","@id":"https:\/\/www.prazskykamen.cz\/ru\/kamenne-produkty\/kamenne-obklady-a-dlazby\/pravidelna-dlazba-a-obklady\/bianco-carrara-2\/","url":"https:\/\/www.prazskykamen.cz\/ru\/kamenne-produkty\/kamenne-obklady-a-dlazby\/pravidelna-dlazba-a-obklady\/bianco-carrara-2\/","name":"Bianco Carrara - \u041f\u0440\u0430\u0433\u0430 \u043a\u0430\u043c\u0435\u043d\u044c","isPartOf":{"@id":"https:\/\/www.prazskykamen.cz\/ru\/#website"},"datePublished":"2014-12-20T11:16:44+00:00","dateModified":"2016-02-22T09:33:19+00:00","breadcrumb":{"@id":"https:\/\/www.prazskykamen.cz\/ru\/kamenne-produkty\/kamenne-obklady-a-dlazby\/pravidelna-dlazba-a-obklady\/bianco-carrara-2\/#breadcrumb"},"inLanguage":"cs","potentialAction":[{"@type":"ReadAction","target":["https:\/\/www.prazskykamen.cz\/ru\/kamenne-produkty\/kamenne-obklady-a-dlazby\/pravidelna-dlazba-a-obklady\/bianco-carrara-2\/"]}]},{"@type":"BreadcrumbList","@id":"https:\/\/www.prazskykamen.cz\/ru\/kamenne-produkty\/kamenne-obklady-a-dlazby\/pravidelna-dlazba-a-obklady\/bianco-carrara-2\/#breadcrumb","itemListElement":[{"@type":"ListItem","position":1,"name":"Dom\u016f","item":"https:\/\/www.prazskykamen.cz\/ru\/"},{"@type":"ListItem","position":2,"name":"\u0418\u0417\u0414\u0415\u041b\u0418\u042f \u0418\u0417 \u041a\u0410\u041c\u041d\u042f","item":"https:\/\/www.prazskykamen.cz\/ru\/kamenne-produkty\/"},{"@type":"ListItem","position":3,"name":"\u041a\u0410\u041c\u0415\u041d\u041d\u0410\u042f \u041f\u041b\u0418\u0422\u041a\u0410","item":"https:\/\/www.prazskykamen.cz\/ru\/kamenne-produkty\/kamenne-obklady-a-dlazby\/"},{"@type":"ListItem","position":4,"name":"PRAVIDELN\u00c1 DLA\u017dBA A OBKLADY","item":"https:\/\/www.prazskykamen.cz\/ru\/kamenne-produkty\/kamenne-obklady-a-dlazby\/pravidelna-dlazba-a-obklady\/"},{"@type":"ListItem","position":5,"name":"Bianco Carrara"}]},{"@type":"WebSite","@id":"https:\/\/www.prazskykamen.cz\/ru\/#website","url":"https:\/\/www.prazskykamen.cz\/ru\/","name":"\u041f\u0440\u0430\u0433\u0430 \u043a\u0430\u043c\u0435\u043d\u044c","description":"Dal\u0161\u00ed nov\u00fd web v r\u00e1mci s\u00edt\u011b Pra\u017esk\u00fd k\u00e1men Sites","potentialAction":[{"@type":"SearchAction","target":{"@type":"EntryPoint","urlTemplate":"https:\/\/www.prazskykamen.cz\/ru\/?s={search_term_string}"},"query-input":{"@type":"PropertyValueSpecification","valueRequired":true,"valueName":"search_term_string"}}],"inLanguage":"cs"}]}},"_links":{"self":[{"href":"https:\/\/www.prazskykamen.cz\/ru\/wp-json\/wp\/v2\/pages\/675","targetHints":{"allow":["GET"]}}],"collection":[{"href":"https:\/\/www.prazskykamen.cz\/ru\/wp-json\/wp\/v2\/pages"}],"about":[{"href":"https:\/\/www.prazskykamen.cz\/ru\/wp-json\/wp\/v2\/types\/page"}],"author":[{"embeddable":true,"href":"https:\/\/www.prazskykamen.cz\/ru\/wp-json\/wp\/v2\/users\/1"}],"replies":[{"embeddable":true,"href":"https:\/\/www.prazskykamen.cz\/ru\/wp-json\/wp\/v2\/comments?post=675"}],"version-history":[{"count":2,"href":"https:\/\/www.prazskykamen.cz\/ru\/wp-json\/wp\/v2\/pages\/675\/revisions"}],"predecessor-version":[{"id":7148,"href":"https:\/\/www.prazskykamen.cz\/ru\/wp-json\/wp\/v2\/pages\/675\/revisions\/7148"}],"up":[{"embeddable":true,"href":"https:\/\/www.prazskykamen.cz\/ru\/wp-json\/wp\/v2\/pages\/154"}],"wp:attachment":[{"href":"https:\/\/www.prazskykamen.cz\/ru\/wp-json\/wp\/v2\/media?parent=675"}],"curies":[{"name":"wp","href":"https:\/\/api.w.org\/{rel}","templated":true}]}}