{"id":66,"date":"2014-11-14T11:52:45","date_gmt":"2014-11-14T10:52:45","guid":{"rendered":"https:\/\/www.prazskykamen.cz\/?page_id=66"},"modified":"2022-02-04T14:07:29","modified_gmt":"2022-02-04T14:07:29","slug":"koupelny","status":"publish","type":"page","link":"https:\/\/www.prazskykamen.cz\/ru\/kamenne-produkty\/koupelny\/","title":{"rendered":"\u0412\u0410\u041d\u041d\u042b\u0415 \u041a\u041e\u041c\u041d\u0410\u0422\u042b"},"content":{"rendered":"<p>[et_pb_section fb_built=&#8220;1&#8243; _builder_version=&#8220;3.22&#8243; global_colors_info=&#8220;{}&#8220;][et_pb_row _builder_version=&#8220;3.25&#8243; background_size=&#8220;initial&#8220; background_position=&#8220;top_left&#8220; background_repeat=&#8220;repeat&#8220; global_colors_info=&#8220;{}&#8220; column_structure=&#8220;1_2,1_2&#8243;][et_pb_column type=&#8220;1_2&#8243; _builder_version=&#8220;3.25&#8243; custom_padding=&#8220;|||&#8220; global_colors_info=&#8220;{}&#8220; custom_padding__hover=&#8220;|||&#8220;][et_pb_text admin_label=&#8220;Text&#8220; _builder_version=&#8220;3.27.4&#8243; background_size=&#8220;initial&#8220; background_position=&#8220;top_left&#8220; background_repeat=&#8220;repeat&#8220; global_colors_info=&#8220;{}&#8220;]<\/p>\n<h1>\u0412\u0410\u041d\u041d\u042b\u0415 \u041a\u041e\u041c\u041d\u0410\u0422\u042b<\/h1>\n<p>\u0412\u0430\u043d\u043d\u0430\u044f \u043a\u043e\u043c\u043d\u0430\u0442\u0430 \u044f\u0432\u043b\u044f\u0435\u0442\u0441\u044f \u043d\u0435\u043e\u0442\u044a\u0435\u043c\u043b\u0435\u043c\u043e\u0439 \u0447\u0430\u0441\u0442\u044c\u044e \u043a\u0430\u0436\u0434\u043e\u0433\u043e \u0443\u044e\u0442\u043d\u043e\u0433\u043e \u0434\u043e\u043c\u0430. \u042d\u0442\u043e \u0443\u0431\u0435\u0436\u0438\u0449\u0435 \u043e\u0442 \u0432\u043d\u0435\u0448\u043d\u0435\u0433\u043e \u043c\u0438\u0440\u0430, \u043c\u0435\u0441\u0442\u043e \u0441\u043f\u043e\u043a\u043e\u0439\u043d\u043e\u0433\u043e \u043e\u0442\u0434\u044b\u0445\u0430. \u0414\u0438\u0437\u0430\u0439\u043d \u0438 \u043a\u043e\u043c\u0444\u043e\u0440\u0442 \u0437\u0434\u0435\u0441\u044c \u0438\u0433\u0440\u0430\u044e\u0442 \u0432\u0441\u0435 \u0431\u043e\u043b\u0435\u0435 \u0432\u0430\u0436\u043d\u0443\u044e \u0440\u043e\u043b\u044c. \u0420\u0430\u0437\u043d\u043e\u043e\u0431\u0440\u0430\u0437\u0438\u0435 \u043a\u0430\u043c\u043d\u044f, \u0435\u0433\u043e \u043d\u0435\u0437\u0430\u043c\u0435\u043d\u0438\u043c\u044b\u0435 \u0441\u0442\u0440\u0443\u043a\u0442\u0443\u0440\u044b, \u0443\u043d\u0438\u043a\u0430\u043b\u044c\u043d\u044b\u0435 \u0443\u0437\u043e\u0440\u044b \u0438 \u0440\u043e\u0441\u043a\u043e\u0448\u043d\u044b\u0439 \u0432\u043d\u0435\u0448\u043d\u0438\u0439 \u0432\u0438\u0434 \u0441\u043f\u043e\u0441\u043e\u0431\u0441\u0442\u0432\u0443\u044e\u0442 \u0441\u043e\u0437\u0434\u0430\u043d\u0438\u044e \u043f\u0440\u0435\u043a\u0440\u0430\u0441\u043d\u044b\u0445 \u0438\u043d\u0442\u0435\u0440\u044c\u0435\u0440\u043e\u0432. \u0412\u044b\u0431\u0440\u0430\u0442\u044c \u043c\u043e\u0436\u0435\u0442 \u043b\u044e\u0431\u043e\u0439 \u2013 \u043e\u0442 \u043b\u044e\u0431\u0438\u0442\u0435\u043b\u0435\u0439 \u043a\u043b\u0430\u0441\u0441\u0438\u043a\u0438 \u0434\u043e \u043f\u043e\u043a\u043b\u043e\u043d\u043d\u0438\u043a\u043e\u0432 \u0447\u0438\u0441\u0442\u044b\u0445 \u043b\u0438\u043d\u0438\u0439. \u0412\u0441\u0435 \u0432\u043e\u0437\u043c\u043e\u0436\u043d\u043e \u0438 \u0440\u0435\u0437\u0443\u043b\u044c\u0442\u0430\u0442\u044b \u0432\u0441\u0435\u0433\u0434\u0430 \u043f\u0440\u0435\u0432\u043e\u0441\u0445\u043e\u0434\u044f\u0442 \u043e\u0436\u0438\u0434\u0430\u043d\u0438\u044f. \u041a\u0440\u043e\u043c\u0435 \u0442\u043e\u0433\u043e, \u0437\u0430 \u043a\u0430\u043c\u043d\u0435\u043c \u043b\u0435\u0433\u043a\u043e \u0443\u0445\u0430\u0436\u0438\u0432\u0430\u0442\u044c \u0438 \u0431\u043b\u0430\u0433\u043e\u0434\u0430\u0440\u044f \u0435\u0433\u043e \u043f\u0440\u0438\u0440\u043e\u0434\u043d\u043e\u043c\u0443 \u043f\u0440\u043e\u0438\u0441\u0445\u043e\u0436\u0434\u0435\u043d\u0438\u044e \u043e\u043d \u0432\u0441\u0435\u0433\u0434\u0430 \u0443\u043d\u0438\u043a\u0430\u043b\u0435\u043d. \u0412 \u043f\u0435\u0440\u0432\u0443\u044e \u043e\u0447\u0435\u0440\u0435\u0434\u044c \u043f\u043b\u0438\u0442\u043a\u0438 \u043c\u043e\u0436\u043d\u043e \u0440\u0430\u0437\u0434\u0435\u043b\u0438\u0442\u044c \u043f\u043e \u0440\u0430\u0437\u043c\u0435\u0440\u0430\u043c \u0438 \u043c\u0435\u0442\u043e\u0434\u0430\u043c \u0443\u0441\u0442\u0430\u043d\u043e\u0432\u043a\u0438 \u0441\u043b\u0435\u0434\u0443\u044e\u0449\u0438\u043c \u043e\u0431\u0440\u0430\u0437\u043e\u043c:<\/p>\n<ul>\n<li>\u0421\u0422\u0410\u041d\u0414\u0410\u0420\u0422\u041d\u0410\u042f (\u043d\u0430\u0438\u0431\u043e\u043b\u0435\u0435 \u044d\u043a\u043e\u043d\u043e\u043c\u0438\u0447\u043d\u044b\u0439 \u0432\u0430\u0440\u0438\u0430\u043d\u0442) \u2013 \u0440\u0430\u0437\u043c\u0435\u0440\u044b, \u043e\u0431\u044b\u0447\u043d\u043e \u0438\u0437\u0433\u043e\u0442\u0430\u0432\u043b\u0438\u0432\u0430\u0435\u043c\u044b\u0435 \u0438 \u043f\u043e\u0441\u0442\u0430\u0432\u043b\u044f\u0435\u043c\u044b\u0435 \u043d\u0430 \u0441\u043a\u043b\u0430\u0434\u044b<\/li>\n<li>\u041d\u0410 \u0417\u0410\u041a\u0410\u0417 &#8211; \u0432 \u043b\u044e\u0431\u043e\u043c \u0440\u0430\u0437\u043c\u0435\u0440\u0435 \u0432 \u0441\u043e\u043e\u0442\u0432\u0435\u0442\u0441\u0442\u0432\u0438\u0438 \u0441 \u043f\u0440\u043e\u0441\u0442\u0440\u0430\u043d\u0441\u0442\u0432\u043e\u043c, \u0432 \u043a\u043e\u0442\u043e\u0440\u043e\u043c \u043f\u043b\u0438\u0442\u043a\u0430 \u0443\u0441\u0442\u0430\u043d\u0430\u0432\u043b\u0438\u0432\u0430\u0435\u0442\u0441\u044f, \u0438\u0437\u0433\u043e\u0442\u043e\u0432\u043b\u0435\u043d\u0438\u0435 \u043d\u0430 \u0437\u0430\u043a\u0430\u0437\u00a0\u0438 \u043c\u043e\u0436\u0435\u0442 \u0431\u044b\u0442\u044c \u0440\u0430\u0437\u0434\u0435\u043b\u0435\u043d\u043e \u043f\u043e \u0443\u0437\u043e\u0440\u0430\u043c \u043a\u0430\u043c\u043d\u044f\n<ul>\n<li>\u041f\u041e \u0422\u0415\u041a\u0421\u0422\u0423\u0420\u0415 \u2013 \u0438\u0441\u043f\u043e\u043b\u044c\u0437\u0443\u0435\u0442 \u043b\u0438\u043d\u0438\u0438 \u0443\u0437\u043e\u0440\u0430 \u043a\u0430\u043c\u043d\u044f<\/li>\n<li>\u041d\u0410 \u041a\u041d\u0418\u0413\u0423 \u2013\u00a0\u0437\u0435\u0440\u043a\u0430\u043b\u044c\u043d\u043e \u043f\u043e\u0432\u0442\u043e\u0440\u044f\u044e\u0449\u0438\u0435\u0441\u044f \u043c\u043e\u0442\u0438\u0432\u044b \u0442\u0435\u043a\u0441\u0442\u0443\u0440\u044b \u043a\u0430\u043c\u043d\u044f<\/li>\n<\/ul>\n<\/li>\n<\/ul>\n<p>[\/et_pb_text][\/et_pb_column][et_pb_column type=&#8220;1_2&#8243; _builder_version=&#8220;3.25&#8243; custom_padding=&#8220;|||&#8220; global_colors_info=&#8220;{}&#8220; custom_padding__hover=&#8220;|||&#8220;][et_pb_gallery _builder_version=&#8220;4.14.7&#8243; _module_preset=&#8220;default&#8220; fullwidth=&#8220;on&#8220; gallery_ids=&#8220;8853,8854,8855,8856,8857,8858&#8243; hover_enabled=&#8220;0&#8243; sticky_enabled=&#8220;0&#8243;][\/et_pb_gallery][\/et_pb_column][\/et_pb_row][et_pb_row _builder_version=&#8220;3.25&#8243; background_size=&#8220;initial&#8220; background_position=&#8220;top_left&#8220; background_repeat=&#8220;repeat&#8220; global_colors_info=&#8220;{}&#8220;][et_pb_column type=&#8220;4_4&#8243; _builder_version=&#8220;3.25&#8243; custom_padding=&#8220;|||&#8220; global_colors_info=&#8220;{}&#8220; custom_padding__hover=&#8220;|||&#8220;][et_pb_text admin_label=&#8220;Text&#8220; _builder_version=&#8220;3.27.4&#8243; background_size=&#8220;initial&#8220; background_position=&#8220;top_left&#8220; background_repeat=&#8220;repeat&#8220; global_colors_info=&#8220;{}&#8220;]<\/p>\n<div class=\"rozcest-7\"><a href=\"https:\/\/www.prazskykamen.cz\/ru\/kamenne-produkty\/koupelny\/obklady-a-dlazby-standard\"><img loading=\"lazy\" decoding=\"async\" class=\"alignnone wp-image-854 size-thumbnail\" src=\"https:\/\/www.prazskykamen.cz\/wp-content\/uploads\/2014\/11\/standard-navazbu-150x150.jpg\" alt=\"kamenn\u00e9 obklady a dla\u017eba do koupelny \" width=\"150\" height=\"150\"> \u041f\u043b\u0438\u0442\u043a\u0438 \u0441\u0442\u0430\u043d\u0434\u0430\u0440\u0442\u043d\u044b\u0435<\/a><\/div>\n<div class=\"rozcest-7\"><a href=\"https:\/\/www.prazskykamen.cz\/ru\/kamenne-produkty\/koupelny\/obklady-a-dlazby-na-miru\"><img loading=\"lazy\" decoding=\"async\" class=\"alignnone wp-image-858 size-thumbnail\" src=\"https:\/\/www.prazskykamen.cz\/wp-content\/uploads\/2014\/11\/koupelnyobkladnamiru-150x150.jpg\" alt=\"kamenn\u00e9 obklady do koupelny na m\u00edru, kamenn\u00e1 dla\u017eba\" width=\"150\" height=\"150\"> \u041f\u043b\u0438\u0442\u043a\u0438 \u043d\u0430 \u0437\u0430\u043a\u0430\u0437 \u2013 \u043f\u043e \u0442\u0435\u043a\u0441\u0442\u0443\u0440\u0435<\/a><\/div>\n<div class=\"rozcest-7\"><a href=\"https:\/\/www.prazskykamen.cz\/ru\/kamenne-produkty\/koupelny\/obklady-a-dlazby-na-fladr\"><img loading=\"lazy\" decoding=\"async\" class=\"alignnone wp-image-862 size-thumbnail\" src=\"https:\/\/www.prazskykamen.cz\/wp-content\/uploads\/2014\/11\/koupelnyobkladnafladr-150x150.jpg\" alt=\"kamenn\u00e9 obklady do koupelny na knihu\" width=\"150\" height=\"150\"> \u041f\u043b\u0438\u0442\u043a\u0438 \u043d\u0430 \u0437\u0430\u043a\u0430\u0437 \u2013 \u043d\u0430 \u043a\u043d\u0438\u0433\u0443<\/a><\/div>\n<div class=\"rozcest-7\"><a href=\"https:\/\/www.prazskykamen.cz\/ru\/kamenne-produkty\/koupelny\/koupelny-kamenne-desky\"><img loading=\"lazy\" decoding=\"async\" class=\"alignnone wp-image-869 size-thumbnail\" src=\"https:\/\/www.prazskykamen.cz\/wp-content\/uploads\/2014\/11\/koupelnykamennedesky1-150x150.jpg\" alt=\"kamenn\u00e9 umyvadlov\u00e9 desky\" width=\"150\" height=\"150\"><\/a> <a href=\"https:\/\/www.prazskykamen.cz\/ru\/kamenne-produkty\/koupelny\/koupelny-kamenne-desky\">\u041f\u043b\u0430\u0441\u0442\u0438\u043d\u044b \u0434\u043b\u044f \u043c\u043e\u0435\u043a<\/a><\/div>\n<div class=\"rozcest-7\"><a href=\"https:\/\/www.prazskykamen.cz\/ru\/kamenne-produkty\/koupelny\/koupelny-povrchy\"><img loading=\"lazy\" decoding=\"async\" class=\"alignnone wp-image-1290 size-thumbnail\" src=\"https:\/\/www.prazskykamen.cz\/wp-content\/uploads\/2014\/12\/MRAMOR-KARTACOVANy-gal-150x150.jpg\" alt=\"kamenn\u00e9 povrchy v koupeln\u011b\" width=\"150\" height=\"150\"><\/a> <a href=\"https:\/\/www.prazskykamen.cz\/ru\/kamenne-produkty\/koupelny\/koupelny-povrchy\">\u041f\u043e\u0432\u0435\u0440\u0445\u043d\u043e\u0441\u0442\u0438<\/a><\/div>\n<div class=\"rozcest-7\"><a href=\"https:\/\/www.prazskykamen.cz\/ru\/kamenne-produkty\/koupelny\/koupelny-vzorova-kalkulace\"><img loading=\"lazy\" decoding=\"async\" class=\"alignnone wp-image-1210 size-thumbnail\" src=\"https:\/\/www.prazskykamen.cz\/wp-content\/uploads\/2014\/12\/koupelna-titulka-vzor-150x150.jpg\" alt=\"kamenn\u00e9 obklady a dla\u017eba v koupeln\u011b kalkulace ceny\" width=\"150\" height=\"150\"> \u041f\u0440\u0438\u043c\u0435\u0440 \u0440\u0430\u0441\u0447\u0435\u0442\u0430<\/a><\/div>\n<div class=\"rozcest-7 vybranerealizace\"><a href=\"https:\/\/www.prazskykamen.cz\/ru\/kamenne-produkty\/koupelny\/koupelny-vybrane-realizace\"><img loading=\"lazy\" decoding=\"async\" class=\"alignnone wp-image-851 size-thumbnail\" src=\"https:\/\/www.prazskykamen.cz\/wp-content\/uploads\/2014\/11\/koupelna-tit-150x150.jpg\" alt=\"kamenn\u00e9 obklady a kamenn\u00e1 dla\u017eba v koupeln\u011b vybran\u00e9 realizace\" width=\"150\" height=\"150\"><\/a> <a href=\"https:\/\/www.prazskykamen.cz\/ru\/kamenne-produkty\/koupelny\/koupelny-vybrane-realizace\">\u0412\u044b\u0431\u0440\u0430\u043d\u043d\u044b\u0435 \u043f\u0440\u043e\u0435\u043a\u0442\u044b<\/a><\/div>\n<p>[\/et_pb_text][\/et_pb_column][\/et_pb_row][\/et_pb_section]<\/p>\n","protected":false},"excerpt":{"rendered":"<p>\u0412\u0410\u041d\u041d\u042b\u0415 \u041a\u041e\u041c\u041d\u0410\u0422\u042b \u0412\u0430\u043d\u043d\u0430\u044f \u043a\u043e\u043c\u043d\u0430\u0442\u0430 \u044f\u0432\u043b\u044f\u0435\u0442\u0441\u044f \u043d\u0435\u043e\u0442\u044a\u0435\u043c\u043b\u0435\u043c\u043e\u0439 \u0447\u0430\u0441\u0442\u044c\u044e \u043a\u0430\u0436\u0434\u043e\u0433\u043e \u0443\u044e\u0442\u043d\u043e\u0433\u043e \u0434\u043e\u043c\u0430. \u042d\u0442\u043e \u0443\u0431\u0435\u0436\u0438\u0449\u0435 \u043e\u0442 \u0432\u043d\u0435\u0448\u043d\u0435\u0433\u043e \u043c\u0438\u0440\u0430, \u043c\u0435\u0441\u0442\u043e \u0441\u043f\u043e\u043a\u043e\u0439\u043d\u043e\u0433\u043e \u043e\u0442\u0434\u044b\u0445\u0430. \u0414\u0438\u0437\u0430\u0439\u043d \u0438 \u043a\u043e\u043c\u0444\u043e\u0440\u0442 \u0437\u0434\u0435\u0441\u044c \u0438\u0433\u0440\u0430\u044e\u0442 \u0432\u0441\u0435 \u0431\u043e\u043b\u0435\u0435 \u0432\u0430\u0436\u043d\u0443\u044e \u0440\u043e\u043b\u044c. \u0420\u0430\u0437\u043d\u043e\u043e\u0431\u0440\u0430\u0437\u0438\u0435 \u043a\u0430\u043c\u043d\u044f, \u0435\u0433\u043e \u043d\u0435\u0437\u0430\u043c\u0435\u043d\u0438\u043c\u044b\u0435 \u0441\u0442\u0440\u0443\u043a\u0442\u0443\u0440\u044b, \u0443\u043d\u0438\u043a\u0430\u043b\u044c\u043d\u044b\u0435 \u0443\u0437\u043e\u0440\u044b \u0438 \u0440\u043e\u0441\u043a\u043e\u0448\u043d\u044b\u0439 \u0432\u043d\u0435\u0448\u043d\u0438\u0439 \u0432\u0438\u0434 \u0441\u043f\u043e\u0441\u043e\u0431\u0441\u0442\u0432\u0443\u044e\u0442 \u0441\u043e\u0437\u0434\u0430\u043d\u0438\u044e \u043f\u0440\u0435\u043a\u0440\u0430\u0441\u043d\u044b\u0445 \u0438\u043d\u0442\u0435\u0440\u044c\u0435\u0440\u043e\u0432. \u0412\u044b\u0431\u0440\u0430\u0442\u044c \u043c\u043e\u0436\u0435\u0442 \u043b\u044e\u0431\u043e\u0439 \u2013 \u043e\u0442 \u043b\u044e\u0431\u0438\u0442\u0435\u043b\u0435\u0439 \u043a\u043b\u0430\u0441\u0441\u0438\u043a\u0438 \u0434\u043e \u043f\u043e\u043a\u043b\u043e\u043d\u043d\u0438\u043a\u043e\u0432 \u0447\u0438\u0441\u0442\u044b\u0445 \u043b\u0438\u043d\u0438\u0439. \u0412\u0441\u0435 \u0432\u043e\u0437\u043c\u043e\u0436\u043d\u043e [&hellip;]<\/p>\n","protected":false},"author":1,"featured_media":0,"parent":42,"menu_order":3,"comment_status":"open","ping_status":"closed","template":"","meta":{"_et_pb_use_builder":"on","_et_pb_old_content":"","_et_gb_content_width":"","footnotes":""},"class_list":["post-66","page","type-page","status-publish","hentry"],"yoast_head":"<!-- This site is optimized with the Yoast SEO plugin v23.7 - https:\/\/yoast.com\/wordpress\/plugins\/seo\/ -->\n<title>Obklady a dla\u017eba do koupelny | Kamenictv\u00ed Pra\u017esk\u00fd k\u00e1men<\/title>\n<meta name=\"description\" content=\"Obklady do koupelny pro ka\u017ed\u00e9ho z\u00e1kazn\u00edka od b\u011b\u017en\u00e9 ho proveden\u00ed po luxusn\u00ed obklad na knihu. Kamenn\u00e1 dla\u017eba v koupeln\u011b estetick\u00e9 a funk\u010dn\u00ed \u0159e\u0161en\u00ed.\" \/>\n<meta name=\"robots\" content=\"index, follow, max-snippet:-1, max-image-preview:large, max-video-preview:-1\" \/>\n<link rel=\"canonical\" href=\"https:\/\/www.prazskykamen.cz\/ru\/kamenne-produkty\/koupelny\/\" \/>\n<meta property=\"og:locale\" content=\"cs_CZ\" \/>\n<meta property=\"og:type\" content=\"article\" \/>\n<meta property=\"og:title\" content=\"Obklady a dla\u017eba do koupelny | Kamenictv\u00ed Pra\u017esk\u00fd k\u00e1men\" \/>\n<meta property=\"og:description\" content=\"Obklady do koupelny pro ka\u017ed\u00e9ho z\u00e1kazn\u00edka od b\u011b\u017en\u00e9 ho proveden\u00ed po luxusn\u00ed obklad na knihu. Kamenn\u00e1 dla\u017eba v koupeln\u011b estetick\u00e9 a funk\u010dn\u00ed \u0159e\u0161en\u00ed.\" \/>\n<meta property=\"og:url\" content=\"https:\/\/www.prazskykamen.cz\/ru\/kamenne-produkty\/koupelny\/\" \/>\n<meta property=\"og:site_name\" content=\"\u041f\u0440\u0430\u0433\u0430 \u043a\u0430\u043c\u0435\u043d\u044c\" \/>\n<meta property=\"article:modified_time\" content=\"2022-02-04T14:07:29+00:00\" \/>\n<meta property=\"og:image\" content=\"https:\/\/www.prazskykamen.cz\/wp-content\/uploads\/2014\/11\/standard-navazbu-150x150.jpg\" \/>\n<meta name=\"twitter:card\" content=\"summary_large_image\" \/>\n<meta name=\"twitter:label1\" content=\"Odhadovan\u00e1 doba \u010dten\u00ed\" \/>\n\t<meta name=\"twitter:data1\" content=\"1 minuta\" \/>\n<script type=\"application\/ld+json\" class=\"yoast-schema-graph\">{\"@context\":\"https:\/\/schema.org\",\"@graph\":[{\"@type\":\"WebPage\",\"@id\":\"https:\/\/www.prazskykamen.cz\/ru\/kamenne-produkty\/koupelny\/\",\"url\":\"https:\/\/www.prazskykamen.cz\/ru\/kamenne-produkty\/koupelny\/\",\"name\":\"Obklady a dla\u017eba do koupelny | Kamenictv\u00ed Pra\u017esk\u00fd k\u00e1men\",\"isPartOf\":{\"@id\":\"https:\/\/www.prazskykamen.cz\/ru\/#website\"},\"primaryImageOfPage\":{\"@id\":\"https:\/\/www.prazskykamen.cz\/ru\/kamenne-produkty\/koupelny\/#primaryimage\"},\"image\":{\"@id\":\"https:\/\/www.prazskykamen.cz\/ru\/kamenne-produkty\/koupelny\/#primaryimage\"},\"thumbnailUrl\":\"https:\/\/www.prazskykamen.cz\/wp-content\/uploads\/2014\/11\/standard-navazbu-150x150.jpg\",\"datePublished\":\"2014-11-14T10:52:45+00:00\",\"dateModified\":\"2022-02-04T14:07:29+00:00\",\"description\":\"Obklady do koupelny pro ka\u017ed\u00e9ho z\u00e1kazn\u00edka od b\u011b\u017en\u00e9 ho proveden\u00ed po luxusn\u00ed obklad na knihu. Kamenn\u00e1 dla\u017eba v koupeln\u011b estetick\u00e9 a funk\u010dn\u00ed \u0159e\u0161en\u00ed.\",\"breadcrumb\":{\"@id\":\"https:\/\/www.prazskykamen.cz\/ru\/kamenne-produkty\/koupelny\/#breadcrumb\"},\"inLanguage\":\"cs\",\"potentialAction\":[{\"@type\":\"ReadAction\",\"target\":[\"https:\/\/www.prazskykamen.cz\/ru\/kamenne-produkty\/koupelny\/\"]}]},{\"@type\":\"ImageObject\",\"inLanguage\":\"cs\",\"@id\":\"https:\/\/www.prazskykamen.cz\/ru\/kamenne-produkty\/koupelny\/#primaryimage\",\"url\":\"https:\/\/www.prazskykamen.cz\/wp-content\/uploads\/2014\/11\/standard-navazbu-150x150.jpg\",\"contentUrl\":\"https:\/\/www.prazskykamen.cz\/wp-content\/uploads\/2014\/11\/standard-navazbu-150x150.jpg\"},{\"@type\":\"BreadcrumbList\",\"@id\":\"https:\/\/www.prazskykamen.cz\/ru\/kamenne-produkty\/koupelny\/#breadcrumb\",\"itemListElement\":[{\"@type\":\"ListItem\",\"position\":1,\"name\":\"Dom\u016f\",\"item\":\"https:\/\/www.prazskykamen.cz\/ru\/\"},{\"@type\":\"ListItem\",\"position\":2,\"name\":\"\u0418\u0417\u0414\u0415\u041b\u0418\u042f \u0418\u0417 \u041a\u0410\u041c\u041d\u042f\",\"item\":\"https:\/\/www.prazskykamen.cz\/ru\/kamenne-produkty\/\"},{\"@type\":\"ListItem\",\"position\":3,\"name\":\"\u0412\u0410\u041d\u041d\u042b\u0415 \u041a\u041e\u041c\u041d\u0410\u0422\u042b\"}]},{\"@type\":\"WebSite\",\"@id\":\"https:\/\/www.prazskykamen.cz\/ru\/#website\",\"url\":\"https:\/\/www.prazskykamen.cz\/ru\/\",\"name\":\"\u041f\u0440\u0430\u0433\u0430 \u043a\u0430\u043c\u0435\u043d\u044c\",\"description\":\"Dal\u0161\u00ed nov\u00fd web v r\u00e1mci s\u00edt\u011b Pra\u017esk\u00fd k\u00e1men Sites\",\"potentialAction\":[{\"@type\":\"SearchAction\",\"target\":{\"@type\":\"EntryPoint\",\"urlTemplate\":\"https:\/\/www.prazskykamen.cz\/ru\/?s={search_term_string}\"},\"query-input\":{\"@type\":\"PropertyValueSpecification\",\"valueRequired\":true,\"valueName\":\"search_term_string\"}}],\"inLanguage\":\"cs\"}]}<\/script>\n<!-- \/ Yoast SEO plugin. -->","yoast_head_json":{"title":"Obklady a dla\u017eba do koupelny | Kamenictv\u00ed Pra\u017esk\u00fd k\u00e1men","description":"Obklady do koupelny pro ka\u017ed\u00e9ho z\u00e1kazn\u00edka od b\u011b\u017en\u00e9 ho proveden\u00ed po luxusn\u00ed obklad na knihu. Kamenn\u00e1 dla\u017eba v koupeln\u011b estetick\u00e9 a funk\u010dn\u00ed \u0159e\u0161en\u00ed.","robots":{"index":"index","follow":"follow","max-snippet":"max-snippet:-1","max-image-preview":"max-image-preview:large","max-video-preview":"max-video-preview:-1"},"canonical":"https:\/\/www.prazskykamen.cz\/ru\/kamenne-produkty\/koupelny\/","og_locale":"cs_CZ","og_type":"article","og_title":"Obklady a dla\u017eba do koupelny | Kamenictv\u00ed Pra\u017esk\u00fd k\u00e1men","og_description":"Obklady do koupelny pro ka\u017ed\u00e9ho z\u00e1kazn\u00edka od b\u011b\u017en\u00e9 ho proveden\u00ed po luxusn\u00ed obklad na knihu. Kamenn\u00e1 dla\u017eba v koupeln\u011b estetick\u00e9 a funk\u010dn\u00ed \u0159e\u0161en\u00ed.","og_url":"https:\/\/www.prazskykamen.cz\/ru\/kamenne-produkty\/koupelny\/","og_site_name":"\u041f\u0440\u0430\u0433\u0430 \u043a\u0430\u043c\u0435\u043d\u044c","article_modified_time":"2022-02-04T14:07:29+00:00","og_image":[{"url":"https:\/\/www.prazskykamen.cz\/wp-content\/uploads\/2014\/11\/standard-navazbu-150x150.jpg"}],"twitter_card":"summary_large_image","twitter_misc":{"Odhadovan\u00e1 doba \u010dten\u00ed":"1 minuta"},"schema":{"@context":"https:\/\/schema.org","@graph":[{"@type":"WebPage","@id":"https:\/\/www.prazskykamen.cz\/ru\/kamenne-produkty\/koupelny\/","url":"https:\/\/www.prazskykamen.cz\/ru\/kamenne-produkty\/koupelny\/","name":"Obklady a dla\u017eba do koupelny | Kamenictv\u00ed Pra\u017esk\u00fd k\u00e1men","isPartOf":{"@id":"https:\/\/www.prazskykamen.cz\/ru\/#website"},"primaryImageOfPage":{"@id":"https:\/\/www.prazskykamen.cz\/ru\/kamenne-produkty\/koupelny\/#primaryimage"},"image":{"@id":"https:\/\/www.prazskykamen.cz\/ru\/kamenne-produkty\/koupelny\/#primaryimage"},"thumbnailUrl":"https:\/\/www.prazskykamen.cz\/wp-content\/uploads\/2014\/11\/standard-navazbu-150x150.jpg","datePublished":"2014-11-14T10:52:45+00:00","dateModified":"2022-02-04T14:07:29+00:00","description":"Obklady do koupelny pro ka\u017ed\u00e9ho z\u00e1kazn\u00edka od b\u011b\u017en\u00e9 ho proveden\u00ed po luxusn\u00ed obklad na knihu. Kamenn\u00e1 dla\u017eba v koupeln\u011b estetick\u00e9 a funk\u010dn\u00ed \u0159e\u0161en\u00ed.","breadcrumb":{"@id":"https:\/\/www.prazskykamen.cz\/ru\/kamenne-produkty\/koupelny\/#breadcrumb"},"inLanguage":"cs","potentialAction":[{"@type":"ReadAction","target":["https:\/\/www.prazskykamen.cz\/ru\/kamenne-produkty\/koupelny\/"]}]},{"@type":"ImageObject","inLanguage":"cs","@id":"https:\/\/www.prazskykamen.cz\/ru\/kamenne-produkty\/koupelny\/#primaryimage","url":"https:\/\/www.prazskykamen.cz\/wp-content\/uploads\/2014\/11\/standard-navazbu-150x150.jpg","contentUrl":"https:\/\/www.prazskykamen.cz\/wp-content\/uploads\/2014\/11\/standard-navazbu-150x150.jpg"},{"@type":"BreadcrumbList","@id":"https:\/\/www.prazskykamen.cz\/ru\/kamenne-produkty\/koupelny\/#breadcrumb","itemListElement":[{"@type":"ListItem","position":1,"name":"Dom\u016f","item":"https:\/\/www.prazskykamen.cz\/ru\/"},{"@type":"ListItem","position":2,"name":"\u0418\u0417\u0414\u0415\u041b\u0418\u042f \u0418\u0417 \u041a\u0410\u041c\u041d\u042f","item":"https:\/\/www.prazskykamen.cz\/ru\/kamenne-produkty\/"},{"@type":"ListItem","position":3,"name":"\u0412\u0410\u041d\u041d\u042b\u0415 \u041a\u041e\u041c\u041d\u0410\u0422\u042b"}]},{"@type":"WebSite","@id":"https:\/\/www.prazskykamen.cz\/ru\/#website","url":"https:\/\/www.prazskykamen.cz\/ru\/","name":"\u041f\u0440\u0430\u0433\u0430 \u043a\u0430\u043c\u0435\u043d\u044c","description":"Dal\u0161\u00ed nov\u00fd web v r\u00e1mci s\u00edt\u011b Pra\u017esk\u00fd k\u00e1men Sites","potentialAction":[{"@type":"SearchAction","target":{"@type":"EntryPoint","urlTemplate":"https:\/\/www.prazskykamen.cz\/ru\/?s={search_term_string}"},"query-input":{"@type":"PropertyValueSpecification","valueRequired":true,"valueName":"search_term_string"}}],"inLanguage":"cs"}]}},"_links":{"self":[{"href":"https:\/\/www.prazskykamen.cz\/ru\/wp-json\/wp\/v2\/pages\/66","targetHints":{"allow":["GET"]}}],"collection":[{"href":"https:\/\/www.prazskykamen.cz\/ru\/wp-json\/wp\/v2\/pages"}],"about":[{"href":"https:\/\/www.prazskykamen.cz\/ru\/wp-json\/wp\/v2\/types\/page"}],"author":[{"embeddable":true,"href":"https:\/\/www.prazskykamen.cz\/ru\/wp-json\/wp\/v2\/users\/1"}],"replies":[{"embeddable":true,"href":"https:\/\/www.prazskykamen.cz\/ru\/wp-json\/wp\/v2\/comments?post=66"}],"version-history":[{"count":5,"href":"https:\/\/www.prazskykamen.cz\/ru\/wp-json\/wp\/v2\/pages\/66\/revisions"}],"predecessor-version":[{"id":8859,"href":"https:\/\/www.prazskykamen.cz\/ru\/wp-json\/wp\/v2\/pages\/66\/revisions\/8859"}],"up":[{"embeddable":true,"href":"https:\/\/www.prazskykamen.cz\/ru\/wp-json\/wp\/v2\/pages\/42"}],"wp:attachment":[{"href":"https:\/\/www.prazskykamen.cz\/ru\/wp-json\/wp\/v2\/media?parent=66"}],"curies":[{"name":"wp","href":"https:\/\/api.w.org\/{rel}","templated":true}]}}