{"id":6404,"date":"2016-01-12T10:41:02","date_gmt":"2016-01-12T10:41:02","guid":{"rendered":"https:\/\/www.prazskykamen.cz\/ru\/?page_id=6404"},"modified":"2025-03-25T14:20:15","modified_gmt":"2025-03-25T14:20:15","slug":"polodrahokamy","status":"publish","type":"page","link":"https:\/\/www.prazskykamen.cz\/ru\/materialy\/polodrahokamy\/","title":{"rendered":"\u041f\u041e\u041b\u0423\u0414\u0420\u0410\u0413\u041e\u0426\u0415\u041d\u041d\u042b\u0415 \u041a\u0410\u041c\u041d\u0418"},"content":{"rendered":"<p>[et_pb_section fb_built=&#8220;1&#8243; _builder_version=&#8220;4.16&#8243; global_colors_info=&#8220;{}&#8220;][et_pb_row column_structure=&#8220;1_2,1_2&#8243; _builder_version=&#8220;4.16&#8243; background_size=&#8220;initial&#8220; background_position=&#8220;top_left&#8220; background_repeat=&#8220;repeat&#8220; global_colors_info=&#8220;{}&#8220;][et_pb_column type=&#8220;1_2&#8243; _builder_version=&#8220;4.16&#8243; custom_padding=&#8220;|||&#8220; global_colors_info=&#8220;{}&#8220; custom_padding__hover=&#8220;|||&#8220;][et_pb_text _builder_version=&#8220;4.27.0&#8243; _module_preset=&#8220;default&#8220; hover_enabled=&#8220;0&#8243; global_colors_info=&#8220;{}&#8220; sticky_enabled=&#8220;0&#8243;]<\/p>\n<p><img loading=\"lazy\" decoding=\"async\" class=\"alignnone wp-image-1195 size-full\" src=\"http:\/\/www.prazskykamen.cz\/ru\/wp-content\/uploads\/sites\/3\/2025\/03\/crystal-maer-charme.jpg\" alt=\"ariostea-mala\" width=\"520\" height=\"390\" \/><\/p>\n<p>[\/et_pb_text][\/et_pb_column][et_pb_column type=&#8220;1_2&#8243; _builder_version=&#8220;4.16&#8243; custom_padding=&#8220;|||&#8220; global_colors_info=&#8220;{}&#8220; custom_padding__hover=&#8220;|||&#8220;][et_pb_text admin_label=&#8220;Text&#8220; _builder_version=&#8220;4.27.0&#8243; background_size=&#8220;initial&#8220; background_position=&#8220;top_left&#8220; background_repeat=&#8220;repeat&#8220; hover_enabled=&#8220;0&#8243; global_colors_info=&#8220;{}&#8220; sticky_enabled=&#8220;0&#8243;]<\/p>\n<p><img loading=\"lazy\" decoding=\"async\" class=\"alignnone wp-image-1195 size-full\" src=\"http:\/\/www.prazskykamen.cz\/ru\/wp-content\/uploads\/sites\/3\/2025\/03\/AGATE-THERA-.jpg\" alt=\"ariostea-mala\" width=\"360\" height=\"360\" \/><\/p>\n<p>[\/et_pb_text][et_pb_text admin_label=&#8220;Text&#8220; _builder_version=&#8220;4.16&#8243; background_size=&#8220;initial&#8220; background_position=&#8220;top_left&#8220; background_repeat=&#8220;repeat&#8220; global_colors_info=&#8220;{}&#8220;]<\/p>\n<h1>\u041f\u041e\u041b\u0423\u0414\u0420\u0410\u0413\u041e\u0426\u0415\u041d\u041d\u042b\u0415 \u041a\u0410\u041c\u041d\u0418<\/h1>\n<p>\u041c\u044b \u043e\u0442\u043a\u0440\u044b\u0432\u0430\u0435\u043c \u0441\u043e\u0432\u0435\u0440\u0448\u0435\u043d\u043d\u043e \u043d\u043e\u0432\u044b\u0439 \u043a\u0430\u043c\u0435\u043d\u043d\u044b\u0439 \u0434\u0435\u043a\u043e\u0440 \u0432 \u0441\u043e\u0432\u0440\u0435\u043c\u0435\u043d\u043d\u044b\u0445 \u0438 \u0440\u043e\u0441\u043a\u043e\u0448\u043d\u044b\u0445 \u0438\u043d\u0442\u0435\u0440\u044c\u0435\u0440\u0430\u0445 \u0434\u043b\u044f \u0441\u0430\u043c\u044b\u0445 \u0442\u0440\u0435\u0431\u043e\u0432\u0430\u0442\u0435\u043b\u044c\u043d\u044b\u0445 \u043a\u043b\u0438\u0435\u043d\u0442\u043e\u0432. \u041c\u044b \u043f\u0440\u0435\u0434\u043b\u0430\u0433\u0430\u0435\u043c \u043a\u043e\u043b\u043b\u0435\u043a\u0446\u0438\u0438 \u043f\u043e\u043b\u0443\u0434\u0440\u0430\u0433\u043e\u0446\u0435\u043d\u043d\u044b\u0445 \u043a\u0430\u043c\u043d\u0435\u0439 \u0438 \u0434\u0440\u0443\u0433\u0438\u0445 \u0440\u0435\u0434\u043a\u0438\u0445 \u043c\u0438\u043d\u0435\u0440\u0430\u043b\u043e\u0432, \u043a\u043e\u0442\u043e\u0440\u044b\u0435 \u043e\u0431\u044b\u0447\u043d\u043e \u0438\u0441\u043f\u043e\u043b\u044c\u0437\u0443\u044e\u0442\u0441\u044f \u0432 \u044e\u0432\u0435\u043b\u0438\u0440\u043d\u043e\u0439 \u043f\u0440\u043e\u043c\u044b\u0448\u043b\u0435\u043d\u043d\u043e\u0441\u0442\u0438. \u0421\u0440\u0435\u0434\u0438 \u043f\u043e\u043b\u0443\u0434\u0440\u0430\u0433\u043e\u0446\u0435\u043d\u043d\u044b\u0445 \u043a\u0430\u043c\u043d\u0435\u0439 \u043d\u0430\u0445\u043e\u0434\u0438\u0442\u0441\u044f, \u043a\u0440\u043e\u043c\u0435 \u043f\u0440\u043e\u0447\u0435\u0433\u043e,\u00a0<a href=\"https:\/\/www.prazskykamen.cz\/ru\/materialy\/materialy-onyx\">\u041e\u043d\u0438\u043a\u0441 <\/a>. \u041a\u0430\u0436\u0434\u043e\u0435 \u0438\u0437\u0434\u0435\u043b\u0438\u0435 \u044f\u0432\u043b\u044f\u0435\u0442\u0441\u044f \u043e\u0440\u0438\u0433\u0438\u043d\u0430\u043b\u043e\u043c. \u0415\u0433\u043e \u043f\u0440\u043e\u0438\u0437\u0432\u043e\u0434\u0441\u0442\u0432\u043e \u043e\u0441\u043d\u043e\u0432\u044b\u0432\u0430\u0435\u0442\u0441\u044f \u043d\u0430 \u0432\u043e\u0437\u043c\u043e\u0436\u043d\u043e\u0441\u0442\u0438 \u043a\u043e\u043d\u043a\u0440\u0435\u0442\u043d\u043e\u0433\u043e \u043c\u0430\u0442\u0435\u0440\u0438\u0430\u043b\u0430, \u043a\u043e\u0442\u043e\u0440\u044b\u0439 \u0432\u0441\u0435\u0433\u0434\u0430 \u0441\u0430\u043c \u043f\u043e \u0441\u0435\u0431\u0435 \u0443\u043d\u0438\u043a\u0430\u043b\u0435\u043d \u0431\u043b\u0430\u0433\u043e\u0434\u0430\u0440\u044f \u0441\u0432\u043e\u0438\u043c \u0443\u0437\u043e\u0440\u0430\u043c, \u0441\u0442\u0440\u0443\u043a\u0442\u0443\u0440\u0435 \u0438 \u043f\u0440\u0435\u043a\u0440\u0430\u0441\u043d\u044b\u043c \u043e\u0442\u0442\u0435\u043d\u043a\u0430\u043c. \u0427\u0443\u0432\u0441\u0442\u0432\u0438\u0442\u0435\u043b\u044c\u043d\u044b\u0439 \u043f\u0440\u043e\u0444\u0435\u0441\u0441\u0438\u043e\u043d\u0430\u043b\u044c\u043d\u044b\u0439 \u043f\u043e\u0434\u0445\u043e\u0434 \u0438 \u0441\u043e\u0442\u043d\u0438 \u0447\u0430\u0441\u043e\u0432 \u043a\u0440\u043e\u043f\u043e\u0442\u043b\u0438\u0432\u043e\u0439 \u0440\u0430\u0431\u043e\u0442\u044b \u0437\u0430\u0432\u0435\u0440\u0448\u0430\u0442 \u043a\u0440\u0430\u0441\u043e\u0442\u0443 \u043f\u0440\u0438\u0440\u043e\u0434\u044b \u0438 \u043f\u0440\u0438\u0434\u0430\u0434\u0443\u0442 \u043e\u043a\u043e\u043d\u0447\u0430\u0442\u0435\u043b\u044c\u043d\u044b\u0439 \u043f\u043e\u0442\u0440\u044f\u0441\u0430\u044e\u0449\u0438\u0439 \u044d\u0444\u0444\u0435\u043a\u0442. \u0412 \u0440\u0430\u0437\u043d\u043e\u0446\u0432\u0435\u0442\u043d\u044b\u0445 \u043c\u043e\u0437\u0430\u0438\u043a\u0430\u0445 \u043c\u043e\u0436\u043d\u043e \u043b\u044e\u0431\u043e\u0432\u0430\u0442\u044c\u0441\u044f \u044f\u0440\u043a\u0438\u043c\u0438 \u0438 \u043f\u0440\u0438\u0433\u043b\u0443\u0448\u0435\u043d\u043d\u044b\u043c\u0438 \u0446\u0432\u0435\u0442\u0430\u043c\u0438, \u0442\u0435\u043a\u0441\u0442\u0443\u0440\u0430\u043c\u0438 \u043c\u0430\u0442\u0435\u0440\u0438\u0430\u043b\u043e\u0432, \u0430 \u0442\u0430\u043a\u0436\u0435 \u043d\u0435 \u0432 \u043f\u043e\u0441\u043b\u0435\u0434\u043d\u044e\u044e \u043e\u0447\u0435\u0440\u0435\u0434\u044c \u0438\u0433\u0440\u043e\u0439 \u0441\u0432\u0435\u0442\u0430 \u0438 \u0442\u0435\u043d\u0438.<br \/>\n<a href=\"https:\/\/www.prazskykamen.cz\/wp-content\/uploads\/2016\/01\/katalog_polodrahokamy2016.pdf\" target=\"_blank\" rel=\"noopener\">\u041e\u0431\u0440\u0430\u0437\u0446\u044b<br \/>\n<\/a><br \/>\n<a href=\"https:\/\/www.prazskykamen.cz\/wp-content\/uploads\/2017\/03\/MAER-Charme-2017-Catalogue.pdf\" target=\"_blank\" rel=\"noopener\">\u041e\u0431\u0440\u0430\u0437\u0446\u044b Maercharme<\/a>[\/et_pb_text][\/et_pb_column][\/et_pb_row][et_pb_row _builder_version=&#8220;4.16&#8243; _module_preset=&#8220;default&#8220; global_colors_info=&#8220;{}&#8220;][et_pb_column type=&#8220;4_4&#8243; _builder_version=&#8220;4.16&#8243; _module_preset=&#8220;default&#8220; global_colors_info=&#8220;{}&#8220;][et_pb_text _builder_version=&#8220;4.16&#8243; _module_preset=&#8220;default&#8220; global_colors_info=&#8220;{}&#8220;]<\/p>\n<div class=\"rozcest-7\">\u00a0<\/div>\n<div class=\"rozcest-7\">\u00a0<\/div>\n<div class=\"rozcest-7\">\u00a0<\/div>\n<div class=\"rozcest-7\"><a href=\"https:\/\/www.prazskykamen.cz\/wp-content\/uploads\/2017\/04\/cen\u00edk_web_2017.pdf\" target=\"_blank\" rel=\"noopener\"><img loading=\"lazy\" decoding=\"async\" class=\"alignnone wp-image-1290 size-thumbnail\" src=\"http:\/\/www.prazskykamen.cz\/ru\/wp-content\/uploads\/sites\/3\/2022\/07\/polodrahokamy-cenik.jpg\" alt=\"\" width=\"150\" height=\"150\" \/><\/a><a href=\"https:\/\/www.prazskykamen.cz\/wp-content\/uploads\/2017\/04\/cen\u00edk_web_2017.pdf\" target=\"_blank\" rel=\"noopener\">\u043f\u0440\u0430\u0439\u0441-\u043b\u0438\u0441\u0442<\/a><\/div>\n<div class=\"rozcest-7\"><a href=\"https:\/\/www.prazskykamen.cz\/ru\/materialy\/polodrahokamy\/inspirace\"><img loading=\"lazy\" decoding=\"async\" class=\"alignnone wp-image-767 size-thumbnail\" src=\"http:\/\/www.prazskykamen.cz\/ru\/wp-content\/uploads\/sites\/3\/2022\/07\/polodrahokamy-inspirace.jpg\" alt=\"\" width=\"150\" height=\"150\" \/><\/a>\u00a0<a>\u0412\u0434\u043e\u0445\u043d\u043e\u0432\u0435\u043d\u0438\u0435<\/a><\/div>\n<div class=\"rozcest-7\"><a href=\"https:\/\/www.prazskykamen.cz\/wp-content\/uploads\/2016\/01\/katalog_polodrahokamy2016.pdf\" target=\"_blank\" rel=\"noopener\"><img loading=\"lazy\" decoding=\"async\" class=\"alignnone wp-image-767 size-thumbnail\" src=\"http:\/\/www.prazskykamen.cz\/ru\/wp-content\/uploads\/sites\/3\/2022\/07\/katalog-mearcherme.jpg\" alt=\"\" width=\"150\" height=\"150\" \/><\/a>\u00a0<a href=\"https:\/\/www.prazskykamen.cz\/wp-content\/uploads\/2016\/01\/katalog_polodrahokamy2016.pdf\" target=\"_blank\" rel=\"noopener\">\u041e\u0431\u0440\u0430\u0437\u0446\u044b<\/a><\/div>\n<div class=\"rozcest-7\"><a href=\"https:\/\/www.prazskykamen.cz\/wp-content\/uploads\/2017\/03\/MAER-Charme-2017-Catalogue.pdf\" target=\"_blank\" rel=\"noopener\"><img loading=\"lazy\" decoding=\"async\" class=\"alignnone wp-image-767 size-thumbnail\" src=\"http:\/\/www.prazskykamen.cz\/ru\/wp-content\/uploads\/sites\/3\/2022\/10\/katalog-polodrahokamy.jpg\" alt=\"\" width=\"150\" height=\"150\" \/><\/a>\u00a0<a href=\"https:\/\/www.prazskykamen.cz\/wp-content\/uploads\/2017\/03\/MAER-Charme-2017-Catalogue.pdf\" target=\"_blank\" rel=\"noopener\">\u041e\u0431\u0440\u0430\u0437\u0446\u044b Mearcharme<\/a><\/div>\n<p>[\/et_pb_text][\/et_pb_column][\/et_pb_row][\/et_pb_section]<\/p>\n","protected":false},"excerpt":{"rendered":"<p>\u041f\u041e\u041b\u0423\u0414\u0420\u0410\u0413\u041e\u0426\u0415\u041d\u041d\u042b\u0415 \u041a\u0410\u041c\u041d\u0418 \u041c\u044b \u043e\u0442\u043a\u0440\u044b\u0432\u0430\u0435\u043c \u0441\u043e\u0432\u0435\u0440\u0448\u0435\u043d\u043d\u043e \u043d\u043e\u0432\u044b\u0439 \u043a\u0430\u043c\u0435\u043d\u043d\u044b\u0439 \u0434\u0435\u043a\u043e\u0440 \u0432 \u0441\u043e\u0432\u0440\u0435\u043c\u0435\u043d\u043d\u044b\u0445 \u0438 \u0440\u043e\u0441\u043a\u043e\u0448\u043d\u044b\u0445 \u0438\u043d\u0442\u0435\u0440\u044c\u0435\u0440\u0430\u0445 \u0434\u043b\u044f \u0441\u0430\u043c\u044b\u0445 \u0442\u0440\u0435\u0431\u043e\u0432\u0430\u0442\u0435\u043b\u044c\u043d\u044b\u0445 \u043a\u043b\u0438\u0435\u043d\u0442\u043e\u0432. \u041c\u044b \u043f\u0440\u0435\u0434\u043b\u0430\u0433\u0430\u0435\u043c \u043a\u043e\u043b\u043b\u0435\u043a\u0446\u0438\u0438 \u043f\u043e\u043b\u0443\u0434\u0440\u0430\u0433\u043e\u0446\u0435\u043d\u043d\u044b\u0445 \u043a\u0430\u043c\u043d\u0435\u0439 \u0438 \u0434\u0440\u0443\u0433\u0438\u0445 \u0440\u0435\u0434\u043a\u0438\u0445 \u043c\u0438\u043d\u0435\u0440\u0430\u043b\u043e\u0432, \u043a\u043e\u0442\u043e\u0440\u044b\u0435 \u043e\u0431\u044b\u0447\u043d\u043e \u0438\u0441\u043f\u043e\u043b\u044c\u0437\u0443\u044e\u0442\u0441\u044f \u0432 \u044e\u0432\u0435\u043b\u0438\u0440\u043d\u043e\u0439 \u043f\u0440\u043e\u043c\u044b\u0448\u043b\u0435\u043d\u043d\u043e\u0441\u0442\u0438. \u0421\u0440\u0435\u0434\u0438 \u043f\u043e\u043b\u0443\u0434\u0440\u0430\u0433\u043e\u0446\u0435\u043d\u043d\u044b\u0445 \u043a\u0430\u043c\u043d\u0435\u0439 \u043d\u0430\u0445\u043e\u0434\u0438\u0442\u0441\u044f, \u043a\u0440\u043e\u043c\u0435 \u043f\u0440\u043e\u0447\u0435\u0433\u043e,\u00a0\u041e\u043d\u0438\u043a\u0441 . \u041a\u0430\u0436\u0434\u043e\u0435 \u0438\u0437\u0434\u0435\u043b\u0438\u0435 \u044f\u0432\u043b\u044f\u0435\u0442\u0441\u044f \u043e\u0440\u0438\u0433\u0438\u043d\u0430\u043b\u043e\u043c. \u0415\u0433\u043e \u043f\u0440\u043e\u0438\u0437\u0432\u043e\u0434\u0441\u0442\u0432\u043e \u043e\u0441\u043d\u043e\u0432\u044b\u0432\u0430\u0435\u0442\u0441\u044f \u043d\u0430 \u0432\u043e\u0437\u043c\u043e\u0436\u043d\u043e\u0441\u0442\u0438 \u043a\u043e\u043d\u043a\u0440\u0435\u0442\u043d\u043e\u0433\u043e \u043c\u0430\u0442\u0435\u0440\u0438\u0430\u043b\u0430, \u043a\u043e\u0442\u043e\u0440\u044b\u0439 \u0432\u0441\u0435\u0433\u0434\u0430 \u0441\u0430\u043c \u043f\u043e \u0441\u0435\u0431\u0435 [&hellip;]<\/p>\n","protected":false},"author":2,"featured_media":0,"parent":44,"menu_order":0,"comment_status":"closed","ping_status":"closed","template":"","meta":{"_et_pb_use_builder":"on","_et_pb_old_content":"","_et_gb_content_width":"","footnotes":""},"class_list":["post-6404","page","type-page","status-publish","hentry"],"yoast_head":"<!-- This site is optimized with the Yoast SEO plugin v23.7 - https:\/\/yoast.com\/wordpress\/plugins\/seo\/ -->\n<title>\u041f\u041e\u041b\u0423\u0414\u0420\u0410\u0413\u041e\u0426\u0415\u041d\u041d\u042b\u0415 \u041a\u0410\u041c\u041d\u0418 - \u041f\u0440\u0430\u0433\u0430 \u043a\u0430\u043c\u0435\u043d\u044c<\/title>\n<meta name=\"robots\" content=\"index, follow, max-snippet:-1, max-image-preview:large, max-video-preview:-1\" \/>\n<link rel=\"canonical\" href=\"https:\/\/www.prazskykamen.cz\/ru\/materialy\/polodrahokamy\/\" \/>\n<meta property=\"og:locale\" content=\"cs_CZ\" \/>\n<meta property=\"og:type\" content=\"article\" \/>\n<meta property=\"og:title\" content=\"\u041f\u041e\u041b\u0423\u0414\u0420\u0410\u0413\u041e\u0426\u0415\u041d\u041d\u042b\u0415 \u041a\u0410\u041c\u041d\u0418 - \u041f\u0440\u0430\u0433\u0430 \u043a\u0430\u043c\u0435\u043d\u044c\" \/>\n<meta property=\"og:description\" content=\"\u041f\u041e\u041b\u0423\u0414\u0420\u0410\u0413\u041e\u0426\u0415\u041d\u041d\u042b\u0415 \u041a\u0410\u041c\u041d\u0418 \u041c\u044b \u043e\u0442\u043a\u0440\u044b\u0432\u0430\u0435\u043c \u0441\u043e\u0432\u0435\u0440\u0448\u0435\u043d\u043d\u043e \u043d\u043e\u0432\u044b\u0439 \u043a\u0430\u043c\u0435\u043d\u043d\u044b\u0439 \u0434\u0435\u043a\u043e\u0440 \u0432 \u0441\u043e\u0432\u0440\u0435\u043c\u0435\u043d\u043d\u044b\u0445 \u0438 \u0440\u043e\u0441\u043a\u043e\u0448\u043d\u044b\u0445 \u0438\u043d\u0442\u0435\u0440\u044c\u0435\u0440\u0430\u0445 \u0434\u043b\u044f \u0441\u0430\u043c\u044b\u0445 \u0442\u0440\u0435\u0431\u043e\u0432\u0430\u0442\u0435\u043b\u044c\u043d\u044b\u0445 \u043a\u043b\u0438\u0435\u043d\u0442\u043e\u0432. \u041c\u044b \u043f\u0440\u0435\u0434\u043b\u0430\u0433\u0430\u0435\u043c \u043a\u043e\u043b\u043b\u0435\u043a\u0446\u0438\u0438 \u043f\u043e\u043b\u0443\u0434\u0440\u0430\u0433\u043e\u0446\u0435\u043d\u043d\u044b\u0445 \u043a\u0430\u043c\u043d\u0435\u0439 \u0438 \u0434\u0440\u0443\u0433\u0438\u0445 \u0440\u0435\u0434\u043a\u0438\u0445 \u043c\u0438\u043d\u0435\u0440\u0430\u043b\u043e\u0432, \u043a\u043e\u0442\u043e\u0440\u044b\u0435 \u043e\u0431\u044b\u0447\u043d\u043e \u0438\u0441\u043f\u043e\u043b\u044c\u0437\u0443\u044e\u0442\u0441\u044f \u0432 \u044e\u0432\u0435\u043b\u0438\u0440\u043d\u043e\u0439 \u043f\u0440\u043e\u043c\u044b\u0448\u043b\u0435\u043d\u043d\u043e\u0441\u0442\u0438. \u0421\u0440\u0435\u0434\u0438 \u043f\u043e\u043b\u0443\u0434\u0440\u0430\u0433\u043e\u0446\u0435\u043d\u043d\u044b\u0445 \u043a\u0430\u043c\u043d\u0435\u0439 \u043d\u0430\u0445\u043e\u0434\u0438\u0442\u0441\u044f, \u043a\u0440\u043e\u043c\u0435 \u043f\u0440\u043e\u0447\u0435\u0433\u043e,\u00a0\u041e\u043d\u0438\u043a\u0441 . \u041a\u0430\u0436\u0434\u043e\u0435 \u0438\u0437\u0434\u0435\u043b\u0438\u0435 \u044f\u0432\u043b\u044f\u0435\u0442\u0441\u044f \u043e\u0440\u0438\u0433\u0438\u043d\u0430\u043b\u043e\u043c. \u0415\u0433\u043e \u043f\u0440\u043e\u0438\u0437\u0432\u043e\u0434\u0441\u0442\u0432\u043e \u043e\u0441\u043d\u043e\u0432\u044b\u0432\u0430\u0435\u0442\u0441\u044f \u043d\u0430 \u0432\u043e\u0437\u043c\u043e\u0436\u043d\u043e\u0441\u0442\u0438 \u043a\u043e\u043d\u043a\u0440\u0435\u0442\u043d\u043e\u0433\u043e \u043c\u0430\u0442\u0435\u0440\u0438\u0430\u043b\u0430, \u043a\u043e\u0442\u043e\u0440\u044b\u0439 \u0432\u0441\u0435\u0433\u0434\u0430 \u0441\u0430\u043c \u043f\u043e \u0441\u0435\u0431\u0435 [&hellip;]\" \/>\n<meta property=\"og:url\" content=\"https:\/\/www.prazskykamen.cz\/ru\/materialy\/polodrahokamy\/\" \/>\n<meta property=\"og:site_name\" content=\"\u041f\u0440\u0430\u0433\u0430 \u043a\u0430\u043c\u0435\u043d\u044c\" \/>\n<meta property=\"article:modified_time\" content=\"2025-03-25T14:20:15+00:00\" \/>\n<meta name=\"twitter:card\" content=\"summary_large_image\" \/>\n<meta name=\"twitter:label1\" content=\"Odhadovan\u00e1 doba \u010dten\u00ed\" \/>\n\t<meta name=\"twitter:data1\" content=\"2 minuty\" \/>\n<script type=\"application\/ld+json\" class=\"yoast-schema-graph\">{\"@context\":\"https:\/\/schema.org\",\"@graph\":[{\"@type\":\"WebPage\",\"@id\":\"https:\/\/www.prazskykamen.cz\/ru\/materialy\/polodrahokamy\/\",\"url\":\"https:\/\/www.prazskykamen.cz\/ru\/materialy\/polodrahokamy\/\",\"name\":\"\u041f\u041e\u041b\u0423\u0414\u0420\u0410\u0413\u041e\u0426\u0415\u041d\u041d\u042b\u0415 \u041a\u0410\u041c\u041d\u0418 - \u041f\u0440\u0430\u0433\u0430 \u043a\u0430\u043c\u0435\u043d\u044c\",\"isPartOf\":{\"@id\":\"https:\/\/www.prazskykamen.cz\/ru\/#website\"},\"primaryImageOfPage\":{\"@id\":\"https:\/\/www.prazskykamen.cz\/ru\/materialy\/polodrahokamy\/#primaryimage\"},\"image\":{\"@id\":\"https:\/\/www.prazskykamen.cz\/ru\/materialy\/polodrahokamy\/#primaryimage\"},\"thumbnailUrl\":\"http:\/\/www.prazskykamen.cz\/ru\/wp-content\/uploads\/sites\/3\/2025\/03\/crystal-maer-charme.jpg\",\"datePublished\":\"2016-01-12T10:41:02+00:00\",\"dateModified\":\"2025-03-25T14:20:15+00:00\",\"breadcrumb\":{\"@id\":\"https:\/\/www.prazskykamen.cz\/ru\/materialy\/polodrahokamy\/#breadcrumb\"},\"inLanguage\":\"cs\",\"potentialAction\":[{\"@type\":\"ReadAction\",\"target\":[\"https:\/\/www.prazskykamen.cz\/ru\/materialy\/polodrahokamy\/\"]}]},{\"@type\":\"ImageObject\",\"inLanguage\":\"cs\",\"@id\":\"https:\/\/www.prazskykamen.cz\/ru\/materialy\/polodrahokamy\/#primaryimage\",\"url\":\"https:\/\/www.prazskykamen.cz\/ru\/wp-content\/uploads\/sites\/3\/2025\/03\/crystal-maer-charme.jpg\",\"contentUrl\":\"https:\/\/www.prazskykamen.cz\/ru\/wp-content\/uploads\/sites\/3\/2025\/03\/crystal-maer-charme.jpg\",\"width\":520,\"height\":520},{\"@type\":\"BreadcrumbList\",\"@id\":\"https:\/\/www.prazskykamen.cz\/ru\/materialy\/polodrahokamy\/#breadcrumb\",\"itemListElement\":[{\"@type\":\"ListItem\",\"position\":1,\"name\":\"Dom\u016f\",\"item\":\"https:\/\/www.prazskykamen.cz\/ru\/\"},{\"@type\":\"ListItem\",\"position\":2,\"name\":\"\u041c\u0410\u0422\u0415\u0420\u0418\u0410\u041b\u042b\",\"item\":\"https:\/\/www.prazskykamen.cz\/ru\/materialy\/\"},{\"@type\":\"ListItem\",\"position\":3,\"name\":\"\u041f\u041e\u041b\u0423\u0414\u0420\u0410\u0413\u041e\u0426\u0415\u041d\u041d\u042b\u0415 \u041a\u0410\u041c\u041d\u0418\"}]},{\"@type\":\"WebSite\",\"@id\":\"https:\/\/www.prazskykamen.cz\/ru\/#website\",\"url\":\"https:\/\/www.prazskykamen.cz\/ru\/\",\"name\":\"\u041f\u0440\u0430\u0433\u0430 \u043a\u0430\u043c\u0435\u043d\u044c\",\"description\":\"Dal\u0161\u00ed nov\u00fd web v r\u00e1mci s\u00edt\u011b Pra\u017esk\u00fd k\u00e1men Sites\",\"potentialAction\":[{\"@type\":\"SearchAction\",\"target\":{\"@type\":\"EntryPoint\",\"urlTemplate\":\"https:\/\/www.prazskykamen.cz\/ru\/?s={search_term_string}\"},\"query-input\":{\"@type\":\"PropertyValueSpecification\",\"valueRequired\":true,\"valueName\":\"search_term_string\"}}],\"inLanguage\":\"cs\"}]}<\/script>\n<!-- \/ Yoast SEO plugin. -->","yoast_head_json":{"title":"\u041f\u041e\u041b\u0423\u0414\u0420\u0410\u0413\u041e\u0426\u0415\u041d\u041d\u042b\u0415 \u041a\u0410\u041c\u041d\u0418 - \u041f\u0440\u0430\u0433\u0430 \u043a\u0430\u043c\u0435\u043d\u044c","robots":{"index":"index","follow":"follow","max-snippet":"max-snippet:-1","max-image-preview":"max-image-preview:large","max-video-preview":"max-video-preview:-1"},"canonical":"https:\/\/www.prazskykamen.cz\/ru\/materialy\/polodrahokamy\/","og_locale":"cs_CZ","og_type":"article","og_title":"\u041f\u041e\u041b\u0423\u0414\u0420\u0410\u0413\u041e\u0426\u0415\u041d\u041d\u042b\u0415 \u041a\u0410\u041c\u041d\u0418 - \u041f\u0440\u0430\u0433\u0430 \u043a\u0430\u043c\u0435\u043d\u044c","og_description":"\u041f\u041e\u041b\u0423\u0414\u0420\u0410\u0413\u041e\u0426\u0415\u041d\u041d\u042b\u0415 \u041a\u0410\u041c\u041d\u0418 \u041c\u044b \u043e\u0442\u043a\u0440\u044b\u0432\u0430\u0435\u043c \u0441\u043e\u0432\u0435\u0440\u0448\u0435\u043d\u043d\u043e \u043d\u043e\u0432\u044b\u0439 \u043a\u0430\u043c\u0435\u043d\u043d\u044b\u0439 \u0434\u0435\u043a\u043e\u0440 \u0432 \u0441\u043e\u0432\u0440\u0435\u043c\u0435\u043d\u043d\u044b\u0445 \u0438 \u0440\u043e\u0441\u043a\u043e\u0448\u043d\u044b\u0445 \u0438\u043d\u0442\u0435\u0440\u044c\u0435\u0440\u0430\u0445 \u0434\u043b\u044f \u0441\u0430\u043c\u044b\u0445 \u0442\u0440\u0435\u0431\u043e\u0432\u0430\u0442\u0435\u043b\u044c\u043d\u044b\u0445 \u043a\u043b\u0438\u0435\u043d\u0442\u043e\u0432. \u041c\u044b \u043f\u0440\u0435\u0434\u043b\u0430\u0433\u0430\u0435\u043c \u043a\u043e\u043b\u043b\u0435\u043a\u0446\u0438\u0438 \u043f\u043e\u043b\u0443\u0434\u0440\u0430\u0433\u043e\u0446\u0435\u043d\u043d\u044b\u0445 \u043a\u0430\u043c\u043d\u0435\u0439 \u0438 \u0434\u0440\u0443\u0433\u0438\u0445 \u0440\u0435\u0434\u043a\u0438\u0445 \u043c\u0438\u043d\u0435\u0440\u0430\u043b\u043e\u0432, \u043a\u043e\u0442\u043e\u0440\u044b\u0435 \u043e\u0431\u044b\u0447\u043d\u043e \u0438\u0441\u043f\u043e\u043b\u044c\u0437\u0443\u044e\u0442\u0441\u044f \u0432 \u044e\u0432\u0435\u043b\u0438\u0440\u043d\u043e\u0439 \u043f\u0440\u043e\u043c\u044b\u0448\u043b\u0435\u043d\u043d\u043e\u0441\u0442\u0438. \u0421\u0440\u0435\u0434\u0438 \u043f\u043e\u043b\u0443\u0434\u0440\u0430\u0433\u043e\u0446\u0435\u043d\u043d\u044b\u0445 \u043a\u0430\u043c\u043d\u0435\u0439 \u043d\u0430\u0445\u043e\u0434\u0438\u0442\u0441\u044f, \u043a\u0440\u043e\u043c\u0435 \u043f\u0440\u043e\u0447\u0435\u0433\u043e,\u00a0\u041e\u043d\u0438\u043a\u0441 . \u041a\u0430\u0436\u0434\u043e\u0435 \u0438\u0437\u0434\u0435\u043b\u0438\u0435 \u044f\u0432\u043b\u044f\u0435\u0442\u0441\u044f \u043e\u0440\u0438\u0433\u0438\u043d\u0430\u043b\u043e\u043c. \u0415\u0433\u043e \u043f\u0440\u043e\u0438\u0437\u0432\u043e\u0434\u0441\u0442\u0432\u043e \u043e\u0441\u043d\u043e\u0432\u044b\u0432\u0430\u0435\u0442\u0441\u044f \u043d\u0430 \u0432\u043e\u0437\u043c\u043e\u0436\u043d\u043e\u0441\u0442\u0438 \u043a\u043e\u043d\u043a\u0440\u0435\u0442\u043d\u043e\u0433\u043e \u043c\u0430\u0442\u0435\u0440\u0438\u0430\u043b\u0430, \u043a\u043e\u0442\u043e\u0440\u044b\u0439 \u0432\u0441\u0435\u0433\u0434\u0430 \u0441\u0430\u043c \u043f\u043e \u0441\u0435\u0431\u0435 [&hellip;]","og_url":"https:\/\/www.prazskykamen.cz\/ru\/materialy\/polodrahokamy\/","og_site_name":"\u041f\u0440\u0430\u0433\u0430 \u043a\u0430\u043c\u0435\u043d\u044c","article_modified_time":"2025-03-25T14:20:15+00:00","twitter_card":"summary_large_image","twitter_misc":{"Odhadovan\u00e1 doba \u010dten\u00ed":"2 minuty"},"schema":{"@context":"https:\/\/schema.org","@graph":[{"@type":"WebPage","@id":"https:\/\/www.prazskykamen.cz\/ru\/materialy\/polodrahokamy\/","url":"https:\/\/www.prazskykamen.cz\/ru\/materialy\/polodrahokamy\/","name":"\u041f\u041e\u041b\u0423\u0414\u0420\u0410\u0413\u041e\u0426\u0415\u041d\u041d\u042b\u0415 \u041a\u0410\u041c\u041d\u0418 - \u041f\u0440\u0430\u0433\u0430 \u043a\u0430\u043c\u0435\u043d\u044c","isPartOf":{"@id":"https:\/\/www.prazskykamen.cz\/ru\/#website"},"primaryImageOfPage":{"@id":"https:\/\/www.prazskykamen.cz\/ru\/materialy\/polodrahokamy\/#primaryimage"},"image":{"@id":"https:\/\/www.prazskykamen.cz\/ru\/materialy\/polodrahokamy\/#primaryimage"},"thumbnailUrl":"http:\/\/www.prazskykamen.cz\/ru\/wp-content\/uploads\/sites\/3\/2025\/03\/crystal-maer-charme.jpg","datePublished":"2016-01-12T10:41:02+00:00","dateModified":"2025-03-25T14:20:15+00:00","breadcrumb":{"@id":"https:\/\/www.prazskykamen.cz\/ru\/materialy\/polodrahokamy\/#breadcrumb"},"inLanguage":"cs","potentialAction":[{"@type":"ReadAction","target":["https:\/\/www.prazskykamen.cz\/ru\/materialy\/polodrahokamy\/"]}]},{"@type":"ImageObject","inLanguage":"cs","@id":"https:\/\/www.prazskykamen.cz\/ru\/materialy\/polodrahokamy\/#primaryimage","url":"https:\/\/www.prazskykamen.cz\/ru\/wp-content\/uploads\/sites\/3\/2025\/03\/crystal-maer-charme.jpg","contentUrl":"https:\/\/www.prazskykamen.cz\/ru\/wp-content\/uploads\/sites\/3\/2025\/03\/crystal-maer-charme.jpg","width":520,"height":520},{"@type":"BreadcrumbList","@id":"https:\/\/www.prazskykamen.cz\/ru\/materialy\/polodrahokamy\/#breadcrumb","itemListElement":[{"@type":"ListItem","position":1,"name":"Dom\u016f","item":"https:\/\/www.prazskykamen.cz\/ru\/"},{"@type":"ListItem","position":2,"name":"\u041c\u0410\u0422\u0415\u0420\u0418\u0410\u041b\u042b","item":"https:\/\/www.prazskykamen.cz\/ru\/materialy\/"},{"@type":"ListItem","position":3,"name":"\u041f\u041e\u041b\u0423\u0414\u0420\u0410\u0413\u041e\u0426\u0415\u041d\u041d\u042b\u0415 \u041a\u0410\u041c\u041d\u0418"}]},{"@type":"WebSite","@id":"https:\/\/www.prazskykamen.cz\/ru\/#website","url":"https:\/\/www.prazskykamen.cz\/ru\/","name":"\u041f\u0440\u0430\u0433\u0430 \u043a\u0430\u043c\u0435\u043d\u044c","description":"Dal\u0161\u00ed nov\u00fd web v r\u00e1mci s\u00edt\u011b Pra\u017esk\u00fd k\u00e1men Sites","potentialAction":[{"@type":"SearchAction","target":{"@type":"EntryPoint","urlTemplate":"https:\/\/www.prazskykamen.cz\/ru\/?s={search_term_string}"},"query-input":{"@type":"PropertyValueSpecification","valueRequired":true,"valueName":"search_term_string"}}],"inLanguage":"cs"}]}},"_links":{"self":[{"href":"https:\/\/www.prazskykamen.cz\/ru\/wp-json\/wp\/v2\/pages\/6404","targetHints":{"allow":["GET"]}}],"collection":[{"href":"https:\/\/www.prazskykamen.cz\/ru\/wp-json\/wp\/v2\/pages"}],"about":[{"href":"https:\/\/www.prazskykamen.cz\/ru\/wp-json\/wp\/v2\/types\/page"}],"author":[{"embeddable":true,"href":"https:\/\/www.prazskykamen.cz\/ru\/wp-json\/wp\/v2\/users\/2"}],"replies":[{"embeddable":true,"href":"https:\/\/www.prazskykamen.cz\/ru\/wp-json\/wp\/v2\/comments?post=6404"}],"version-history":[{"count":34,"href":"https:\/\/www.prazskykamen.cz\/ru\/wp-json\/wp\/v2\/pages\/6404\/revisions"}],"predecessor-version":[{"id":9756,"href":"https:\/\/www.prazskykamen.cz\/ru\/wp-json\/wp\/v2\/pages\/6404\/revisions\/9756"}],"up":[{"embeddable":true,"href":"https:\/\/www.prazskykamen.cz\/ru\/wp-json\/wp\/v2\/pages\/44"}],"wp:attachment":[{"href":"https:\/\/www.prazskykamen.cz\/ru\/wp-json\/wp\/v2\/media?parent=6404"}],"curies":[{"name":"wp","href":"https:\/\/api.w.org\/{rel}","templated":true}]}}