{"id":64,"date":"2014-11-14T11:52:19","date_gmt":"2014-11-14T10:52:19","guid":{"rendered":"https:\/\/www.prazskykamen.cz\/?page_id=64"},"modified":"2022-04-07T06:15:30","modified_gmt":"2022-04-07T06:15:30","slug":"kuchyne","status":"publish","type":"page","link":"https:\/\/www.prazskykamen.cz\/ru\/kamenne-produkty\/kuchyne\/","title":{"rendered":"\u041a\u0423\u0425\u041d\u0418"},"content":{"rendered":"<p>[et_pb_section fb_built=&#8220;1&#8243; _builder_version=&#8220;3.22&#8243; global_colors_info=&#8220;{}&#8220;][et_pb_row _builder_version=&#8220;3.25&#8243; background_size=&#8220;initial&#8220; background_position=&#8220;top_left&#8220; background_repeat=&#8220;repeat&#8220; global_colors_info=&#8220;{}&#8220; column_structure=&#8220;1_2,1_2&#8243;][et_pb_column type=&#8220;1_2&#8243; _builder_version=&#8220;3.25&#8243; custom_padding=&#8220;|||&#8220; global_colors_info=&#8220;{}&#8220; custom_padding__hover=&#8220;|||&#8220;][et_pb_text admin_label=&#8220;Text&#8220; _builder_version=&#8220;3.27.4&#8243; background_size=&#8220;initial&#8220; background_position=&#8220;top_left&#8220; background_repeat=&#8220;repeat&#8220; global_colors_info=&#8220;{}&#8220;]<\/p>\n<h1>\u041a\u0423\u0425\u041d\u0418<\/h1>\n<p><strong>\u0421\u0442\u043e\u043b\u0435\u0448\u043d\u0438\u0446\u044b \u0438\u0437 \u043a\u0430\u043c\u043d\u044f\u00a0<\/strong>\u0443\u0436\u0435 \u0434\u0430\u0432\u043d\u043e \u0441\u0442\u0430\u043b\u0438 \u043d\u0435\u043e\u0442\u044a\u0435\u043c\u043b\u0435\u043c\u043e\u0439 \u0447\u0430\u0441\u0442\u044c\u044e \u0447\u0430\u0441\u0442\u043d\u044b\u0445 \u0438 \u043f\u0440\u043e\u043c\u044b\u0448\u043b\u0435\u043d\u043d\u044b\u0445 \u043a\u0443\u0445\u043e\u043d\u044c. \u041a\u0430\u043c\u0435\u043d\u044c \u0438\u0441\u043f\u043e\u043b\u044c\u0437\u0443\u0435\u0442\u0441\u044f \u043f\u0440\u0435\u0436\u0434\u0435 \u0432\u0441\u0435\u0433\u043e \u0431\u043b\u0430\u0433\u043e\u0434\u0430\u0440\u044f \u0441\u0432\u043e\u0435\u0439 \u043f\u0440\u043e\u0447\u043d\u043e\u0441\u0442\u0438, \u043c\u0435\u0445\u0430\u043d\u0438\u0447\u0435\u0441\u043a\u043e\u0439 \u0438 \u0445\u0438\u043c\u0438\u0447\u0435\u0441\u043a\u043e\u0439 \u0441\u0442\u043e\u0439\u043a\u043e\u0441\u0442\u0438, \u043d\u043e \u0442\u0430\u043a\u0436\u0435 \u0431\u043b\u0430\u0433\u043e\u0434\u0430\u0440\u044f \u0431\u0435\u0441\u043a\u043e\u043d\u0435\u0447\u043d\u043e\u0439 \u0438 \u0432\u0441\u0435\u0433\u0434\u0430 \u0443\u043d\u0438\u043a\u0430\u043b\u044c\u043d\u043e\u0439 \u0448\u043a\u0430\u043b\u0435 \u0446\u0432\u0435\u0442\u043e\u0432.<\/p>\n<p>\u041f\u0435\u0440\u0435\u0434 \u043d\u0430\u0447\u0430\u043b\u043e\u043c \u043f\u0440\u043e\u0438\u0437\u0432\u043e\u0434\u0441\u0442\u0432\u0430 \u043d\u0435\u043e\u0431\u0445\u043e\u0434\u0438\u043c\u043e \u043e\u0431\u0435\u0441\u043f\u0435\u0447\u0438\u0442\u044c \u0442\u043e\u0447\u043d\u044b\u0439 \u0437\u0430\u043c\u0435\u0440 \u0438\u043b\u0438 \u043f\u043e\u0434\u0433\u043e\u0442\u043e\u0432\u043a\u0443 \u043f\u043e\u0434\u0440\u043e\u0431\u043d\u043e\u0439 \u0440\u0435\u0430\u043b\u0438\u0437\u0430\u0446\u0438\u0438 \u0442\u0435\u0445\u043d\u0438\u0447\u0435\u0441\u043a\u043e\u0439 \u0434\u043e\u043a\u0443\u043c\u0435\u043d\u0442\u0430\u0446\u0438\u0438. \u041f\u043e\u044d\u0442\u043e\u043c\u0443 \u043b\u0438\u0447\u043d\u043e\u0435 \u043f\u043e\u0441\u0435\u0449\u0435\u043d\u0438\u0435 \u043e\u0434\u043d\u043e\u0433\u043e \u0438\u0437 \u043d\u0430\u0448\u0438\u0445 \u0441\u043f\u0435\u0446\u0438\u0430\u043b\u0438\u0441\u0442\u043e\u0432, \u043a\u043e\u0442\u043e\u0440\u044b\u0439, \u043a\u0440\u043e\u043c\u0435 \u043f\u0440\u043e\u0447\u0435\u0433\u043e, \u043e\u0431\u0441\u0443\u0434\u0438\u0442 \u0441 \u0437\u0430\u043a\u0430\u0437\u0447\u0438\u043a\u043e\u043c \u0432\u0441\u0435 \u043d\u0435\u044f\u0441\u043d\u044b\u0435 \u0434\u0435\u0442\u0430\u043b\u0438 \u0438\u043b\u0438 \u043f\u0440\u043e\u043a\u043e\u043d\u0441\u0443\u043b\u044c\u0442\u0438\u0440\u0443\u0435\u0442 \u0434\u0440\u0443\u0433\u0438\u0435 \u0432\u043e\u0437\u043c\u043e\u0436\u043d\u044b\u0435 \u0430\u043b\u044c\u0442\u0435\u0440\u043d\u0430\u0442\u0438\u0432\u044b, \u044f\u0432\u043b\u044f\u0435\u0442\u0441\u044f \u043d\u0435\u043e\u0431\u0445\u043e\u0434\u0438\u043c\u043e\u0441\u0442\u044c\u044e.<\/p>\n<p>[\/et_pb_text][\/et_pb_column][et_pb_column type=&#8220;1_2&#8243; _builder_version=&#8220;3.25&#8243; custom_padding=&#8220;|||&#8220; global_colors_info=&#8220;{}&#8220; custom_padding__hover=&#8220;|||&#8220;][et_pb_text admin_label=&#8220;Text&#8220; _builder_version=&#8220;4.14.7&#8243; background_size=&#8220;initial&#8220; background_position=&#8220;top_left&#8220; background_repeat=&#8220;repeat&#8220; hover_enabled=&#8220;0&#8243; global_colors_info=&#8220;{}&#8220; sticky_enabled=&#8220;0&#8243;]<\/p>\n<p><img loading=\"lazy\" decoding=\"async\" class=\"alignnone wp-image-762 size-full\" src=\"http:\/\/www.prazskykamen.cz\/ru\/wp-content\/uploads\/sites\/3\/2022\/04\/Vitoria_Brown-1.jpg\" alt=\"Kamenn\u00e9 kuchy\u0148sk\u00e9 pracovn\u00ed desky\" width=\"520\" height=\"390\" \/><\/p>\n<p>[\/et_pb_text][\/et_pb_column][\/et_pb_row][et_pb_row _builder_version=&#8220;3.25&#8243; background_size=&#8220;initial&#8220; background_position=&#8220;top_left&#8220; background_repeat=&#8220;repeat&#8220; global_colors_info=&#8220;{}&#8220;][et_pb_column type=&#8220;4_4&#8243; _builder_version=&#8220;3.25&#8243; custom_padding=&#8220;|||&#8220; global_colors_info=&#8220;{}&#8220; custom_padding__hover=&#8220;|||&#8220;][et_pb_text admin_label=&#8220;Text&#8220; _builder_version=&#8220;3.27.4&#8243; background_size=&#8220;initial&#8220; background_position=&#8220;top_left&#8220; background_repeat=&#8220;repeat&#8220; global_colors_info=&#8220;{}&#8220;]<\/p>\n<div class=\"rozcest-7\"><a href=\"https:\/\/www.prazskykamen.cz\/ru\/kamenne-produkty\/kuchyne\/kuchyne-materialy\"><img loading=\"lazy\" decoding=\"async\" class=\"alignnone wp-image-767 size-thumbnail\" src=\"https:\/\/www.prazskykamen.cz\/wp-content\/uploads\/2014\/12\/MATERIALYa-150x150.jpg\" alt=\"Kamenn\u00e9 pracovn\u00ed desky - materi\u00e1ly\" width=\"150\" height=\"150\"><\/a> <a href=\"https:\/\/www.prazskykamen.cz\/ru\/kamenne-produkty\/kuchyne\/kuchyne-materialy\">\u041c\u0430\u0442\u0435\u0440\u0438\u0430\u043b\u044b<\/a><\/div>\n<div class=\"rozcest-7\"><a href=\"https:\/\/www.prazskykamen.cz\/ru\/kamenne-produkty\/kuchyne\/kuchyne-povrchy\"><img loading=\"lazy\" decoding=\"async\" class=\"alignnone wp-image-1290 size-thumbnail\" src=\"https:\/\/www.prazskykamen.cz\/wp-content\/uploads\/2014\/12\/MRAMOR-KARTACOVANy-gal-150x150.jpg\" alt=\"Kamenn\u00e9 pracovn\u00ed desky povrchov\u00e1 \u00faprava\" width=\"150\" height=\"150\"><\/a> <a href=\"https:\/\/www.prazskykamen.cz\/ru\/kamenne-produkty\/kuchyne\/kuchyne-povrchy\">\u041f\u043e\u0432\u0435\u0440\u0445\u043d\u043e\u0441\u0442\u0438<\/a><\/div>\n<div class=\"rozcest-7\"><a href=\"https:\/\/www.prazskykamen.cz\/ru\/kamenne-produkty\/kuchyne\/kuchyne-hrany\"><img loading=\"lazy\" decoding=\"async\" class=\"alignnone wp-image-1011 size-thumbnail\" src=\"https:\/\/www.prazskykamen.cz\/wp-content\/uploads\/2014\/12\/hrany_kuchyne_NOVE-kopie-150x150.jpg\" alt=\"Kamenn\u00e9 pracovn\u00ed desky hrany\" width=\"150\" height=\"150\"> \u0413\u0440\u0430\u043d\u0438<\/a><\/div>\n<div class=\"rozcest-7\"><a href=\"https:\/\/www.prazskykamen.cz\/ru\/kamenne-produkty\/kuchyne\/kuchyne-drezy-a-varne-desky\"><img loading=\"lazy\" decoding=\"async\" class=\"alignnone wp-image-798 size-thumbnail\" src=\"https:\/\/www.prazskykamen.cz\/wp-content\/uploads\/2014\/11\/VARN\u00c1-DESKA-DETAIL1-150x150.jpg\" alt=\"kamenn\u00e9 kuchy\u0144sk\u00e9 d\u0159ezy\" width=\"150\" height=\"150\"> \u041c\u043e\u0439\u043a\u0438 \u0438 \u0432\u0430\u0440\u043e\u0447\u043d\u044b\u0435 \u043f\u0430\u043d\u0435\u043b\u0438<\/a><\/div>\n<div class=\"rozcest-7\"><a href=\"https:\/\/www.prazskykamen.cz\/ru\/kamenne-produkty\/kuchyne\/kuchyne-odkapove-plochy\"><img loading=\"lazy\" decoding=\"async\" class=\"alignnone wp-image-797 size-thumbnail\" src=\"https:\/\/www.prazskykamen.cz\/wp-content\/uploads\/2014\/11\/odkapove-plochy-150x150.jpg\" alt=\"kuchy\u0148sk\u00e9 kamenn\u00e9 pracovn\u00ed desky odkapov\u00e9 plochy \" width=\"150\" height=\"150\"><\/a> <a href=\"https:\/\/www.prazskykamen.cz\/ru\/kamenne-produkty\/kuchyne\/kuchyne-odkapove-plochy\">\u041f\u043e\u0432\u0435\u0440\u0445\u043d\u043e\u0441\u0442\u0438 \u0434\u043b\u044f \u0441\u0443\u0448\u043a\u0438 \u043f\u043e\u0441\u0443\u0434\u044b<\/a><\/div>\n<div class=\"rozcest-7\"><a href=\"https:\/\/www.prazskykamen.cz\/ru\/kamenne-produkty\/kuchyne\/kuchyne-vzorova-kalkulace\"><img loading=\"lazy\" decoding=\"async\" class=\"alignnone wp-image-1173 size-thumbnail\" src=\"https:\/\/www.prazskykamen.cz\/wp-content\/uploads\/2014\/12\/kuchyne-kalkulace2-150x150.jpg\" alt=\"kuchy\u0148sk\u00e9 pracovn\u00ed desky kalkulace\" width=\"150\" height=\"150\"> \u041f\u0440\u0438\u043c\u0435\u0440 \u0440\u0430\u0441\u0447\u0435\u0442\u0430<\/a><\/div>\n<div class=\"rozcest-7 vybranerealizace\"><a href=\"https:\/\/www.prazskykamen.cz\/ru\/kamenne-produkty\/kuchyne\/kuchyne-vybrane-realizace\"><img loading=\"lazy\" decoding=\"async\" class=\"alignnone wp-image-813 size-thumbnail\" src=\"https:\/\/www.prazskykamen.cz\/wp-content\/uploads\/2014\/12\/kuchyne-kalkulace-150x150.jpg\" alt=\"kamenn\u00e9 pracovn\u00ed desky do kuchyn\u011b realitace\" width=\"150\" height=\"150\">\u0412\u044b\u0431\u0440\u0430\u043d\u043d\u044b\u0435 \u043f\u0440\u043e\u0435\u043a\u0442\u044b<\/a><\/div>\n<p>[\/et_pb_text][\/et_pb_column][\/et_pb_row][\/et_pb_section]<\/p>\n","protected":false},"excerpt":{"rendered":"<p>\u041a\u0423\u0425\u041d\u0418\u0421\u0442\u043e\u043b\u0435\u0448\u043d\u0438\u0446\u044b \u0438\u0437 \u043a\u0430\u043c\u043d\u044f\u00a0\u0443\u0436\u0435 \u0434\u0430\u0432\u043d\u043e \u0441\u0442\u0430\u043b\u0438 \u043d\u0435\u043e\u0442\u044a\u0435\u043c\u043b\u0435\u043c\u043e\u0439 \u0447\u0430\u0441\u0442\u044c\u044e \u0447\u0430\u0441\u0442\u043d\u044b\u0445 \u0438 \u043f\u0440\u043e\u043c\u044b\u0448\u043b\u0435\u043d\u043d\u044b\u0445 \u043a\u0443\u0445\u043e\u043d\u044c. \u041a\u0430\u043c\u0435\u043d\u044c \u0438\u0441\u043f\u043e\u043b\u044c\u0437\u0443\u0435\u0442\u0441\u044f \u043f\u0440\u0435\u0436\u0434\u0435 \u0432\u0441\u0435\u0433\u043e \u0431\u043b\u0430\u0433\u043e\u0434\u0430\u0440\u044f \u0441\u0432\u043e\u0435\u0439 \u043f\u0440\u043e\u0447\u043d\u043e\u0441\u0442\u0438, \u043c\u0435\u0445\u0430\u043d\u0438\u0447\u0435\u0441\u043a\u043e\u0439 \u0438 \u0445\u0438\u043c\u0438\u0447\u0435\u0441\u043a\u043e\u0439 \u0441\u0442\u043e\u0439\u043a\u043e\u0441\u0442\u0438, \u043d\u043e \u0442\u0430\u043a\u0436\u0435 \u0431\u043b\u0430\u0433\u043e\u0434\u0430\u0440\u044f \u0431\u0435\u0441\u043a\u043e\u043d\u0435\u0447\u043d\u043e\u0439 \u0438 \u0432\u0441\u0435\u0433\u0434\u0430 \u0443\u043d\u0438\u043a\u0430\u043b\u044c\u043d\u043e\u0439 \u0448\u043a\u0430\u043b\u0435 \u0446\u0432\u0435\u0442\u043e\u0432.\u041f\u0435\u0440\u0435\u0434 \u043d\u0430\u0447\u0430\u043b\u043e\u043c \u043f\u0440\u043e\u0438\u0437\u0432\u043e\u0434\u0441\u0442\u0432\u0430 \u043d\u0435\u043e\u0431\u0445\u043e\u0434\u0438\u043c\u043e \u043e\u0431\u0435\u0441\u043f\u0435\u0447\u0438\u0442\u044c \u0442\u043e\u0447\u043d\u044b\u0439 \u0437\u0430\u043c\u0435\u0440 \u0438\u043b\u0438 \u043f\u043e\u0434\u0433\u043e\u0442\u043e\u0432\u043a\u0443 \u043f\u043e\u0434\u0440\u043e\u0431\u043d\u043e\u0439 \u0440\u0435\u0430\u043b\u0438\u0437\u0430\u0446\u0438\u0438 \u0442\u0435\u0445\u043d\u0438\u0447\u0435\u0441\u043a\u043e\u0439 \u0434\u043e\u043a\u0443\u043c\u0435\u043d\u0442\u0430\u0446\u0438\u0438. \u041f\u043e\u044d\u0442\u043e\u043c\u0443 \u043b\u0438\u0447\u043d\u043e\u0435 \u043f\u043e\u0441\u0435\u0449\u0435\u043d\u0438\u0435 \u043e\u0434\u043d\u043e\u0433\u043e \u0438\u0437 \u043d\u0430\u0448\u0438\u0445 \u0441\u043f\u0435\u0446\u0438\u0430\u043b\u0438\u0441\u0442\u043e\u0432, \u043a\u043e\u0442\u043e\u0440\u044b\u0439, \u043a\u0440\u043e\u043c\u0435 \u043f\u0440\u043e\u0447\u0435\u0433\u043e, \u043e\u0431\u0441\u0443\u0434\u0438\u0442 \u0441 [&hellip;]<\/p>\n","protected":false},"author":1,"featured_media":0,"parent":42,"menu_order":2,"comment_status":"open","ping_status":"closed","template":"","meta":{"_et_pb_use_builder":"on","_et_pb_old_content":"","_et_gb_content_width":"","footnotes":""},"class_list":["post-64","page","type-page","status-publish","hentry"],"yoast_head":"<!-- This site is optimized with the Yoast SEO plugin v23.7 - https:\/\/yoast.com\/wordpress\/plugins\/seo\/ -->\n<title>Kamenn\u00e9 kuchy\u0148sk\u00e9 pracovn\u00ed desky |Pra\u017esk\u00fd k\u00e1men<\/title>\n<meta name=\"description\" content=\"Kamenn\u00e9 kuchy\u0148sk\u00e9 pracovn\u00ed desky od kamenictv\u00ed Pra\u017esk\u00fd k\u00e1men velk\u00fd v\u00fdb\u011br materi\u00e1l\u016f kamenn\u00e9 desky upravujeme na m\u00edru dle po\u017eadavk\u016f klienta. Spr\u00e1vn\u00e1 volba.\" \/>\n<meta name=\"robots\" content=\"index, follow, max-snippet:-1, max-image-preview:large, max-video-preview:-1\" \/>\n<link rel=\"canonical\" href=\"https:\/\/www.prazskykamen.cz\/ru\/kamenne-produkty\/kuchyne\/\" \/>\n<meta property=\"og:locale\" content=\"cs_CZ\" \/>\n<meta property=\"og:type\" content=\"article\" \/>\n<meta property=\"og:title\" content=\"Kamenn\u00e9 kuchy\u0148sk\u00e9 pracovn\u00ed desky |Pra\u017esk\u00fd k\u00e1men\" \/>\n<meta property=\"og:description\" content=\"Kamenn\u00e9 kuchy\u0148sk\u00e9 pracovn\u00ed desky od kamenictv\u00ed Pra\u017esk\u00fd k\u00e1men velk\u00fd v\u00fdb\u011br materi\u00e1l\u016f kamenn\u00e9 desky upravujeme na m\u00edru dle po\u017eadavk\u016f klienta. Spr\u00e1vn\u00e1 volba.\" \/>\n<meta property=\"og:url\" content=\"https:\/\/www.prazskykamen.cz\/ru\/kamenne-produkty\/kuchyne\/\" \/>\n<meta property=\"og:site_name\" content=\"\u041f\u0440\u0430\u0433\u0430 \u043a\u0430\u043c\u0435\u043d\u044c\" \/>\n<meta property=\"article:modified_time\" content=\"2022-04-07T06:15:30+00:00\" \/>\n<meta property=\"og:image\" content=\"http:\/\/www.prazskykamen.cz\/ru\/wp-content\/uploads\/sites\/3\/2022\/04\/Vitoria_Brown-1.jpg\" \/>\n<meta name=\"twitter:card\" content=\"summary_large_image\" \/>\n<meta name=\"twitter:label1\" content=\"Odhadovan\u00e1 doba \u010dten\u00ed\" \/>\n\t<meta name=\"twitter:data1\" content=\"1 minuta\" \/>\n<script type=\"application\/ld+json\" class=\"yoast-schema-graph\">{\"@context\":\"https:\/\/schema.org\",\"@graph\":[{\"@type\":\"WebPage\",\"@id\":\"https:\/\/www.prazskykamen.cz\/ru\/kamenne-produkty\/kuchyne\/\",\"url\":\"https:\/\/www.prazskykamen.cz\/ru\/kamenne-produkty\/kuchyne\/\",\"name\":\"Kamenn\u00e9 kuchy\u0148sk\u00e9 pracovn\u00ed desky |Pra\u017esk\u00fd k\u00e1men\",\"isPartOf\":{\"@id\":\"https:\/\/www.prazskykamen.cz\/ru\/#website\"},\"primaryImageOfPage\":{\"@id\":\"https:\/\/www.prazskykamen.cz\/ru\/kamenne-produkty\/kuchyne\/#primaryimage\"},\"image\":{\"@id\":\"https:\/\/www.prazskykamen.cz\/ru\/kamenne-produkty\/kuchyne\/#primaryimage\"},\"thumbnailUrl\":\"http:\/\/www.prazskykamen.cz\/ru\/wp-content\/uploads\/sites\/3\/2022\/04\/Vitoria_Brown-1.jpg\",\"datePublished\":\"2014-11-14T10:52:19+00:00\",\"dateModified\":\"2022-04-07T06:15:30+00:00\",\"description\":\"Kamenn\u00e9 kuchy\u0148sk\u00e9 pracovn\u00ed desky od kamenictv\u00ed Pra\u017esk\u00fd k\u00e1men velk\u00fd v\u00fdb\u011br materi\u00e1l\u016f kamenn\u00e9 desky upravujeme na m\u00edru dle po\u017eadavk\u016f klienta. Spr\u00e1vn\u00e1 volba.\",\"breadcrumb\":{\"@id\":\"https:\/\/www.prazskykamen.cz\/ru\/kamenne-produkty\/kuchyne\/#breadcrumb\"},\"inLanguage\":\"cs\",\"potentialAction\":[{\"@type\":\"ReadAction\",\"target\":[\"https:\/\/www.prazskykamen.cz\/ru\/kamenne-produkty\/kuchyne\/\"]}]},{\"@type\":\"ImageObject\",\"inLanguage\":\"cs\",\"@id\":\"https:\/\/www.prazskykamen.cz\/ru\/kamenne-produkty\/kuchyne\/#primaryimage\",\"url\":\"https:\/\/www.prazskykamen.cz\/ru\/wp-content\/uploads\/sites\/3\/2022\/04\/Vitoria_Brown-1.jpg\",\"contentUrl\":\"https:\/\/www.prazskykamen.cz\/ru\/wp-content\/uploads\/sites\/3\/2022\/04\/Vitoria_Brown-1.jpg\",\"width\":640,\"height\":480},{\"@type\":\"BreadcrumbList\",\"@id\":\"https:\/\/www.prazskykamen.cz\/ru\/kamenne-produkty\/kuchyne\/#breadcrumb\",\"itemListElement\":[{\"@type\":\"ListItem\",\"position\":1,\"name\":\"Dom\u016f\",\"item\":\"https:\/\/www.prazskykamen.cz\/ru\/\"},{\"@type\":\"ListItem\",\"position\":2,\"name\":\"\u0418\u0417\u0414\u0415\u041b\u0418\u042f \u0418\u0417 \u041a\u0410\u041c\u041d\u042f\",\"item\":\"https:\/\/www.prazskykamen.cz\/ru\/kamenne-produkty\/\"},{\"@type\":\"ListItem\",\"position\":3,\"name\":\"\u041a\u0423\u0425\u041d\u0418\"}]},{\"@type\":\"WebSite\",\"@id\":\"https:\/\/www.prazskykamen.cz\/ru\/#website\",\"url\":\"https:\/\/www.prazskykamen.cz\/ru\/\",\"name\":\"\u041f\u0440\u0430\u0433\u0430 \u043a\u0430\u043c\u0435\u043d\u044c\",\"description\":\"Dal\u0161\u00ed nov\u00fd web v r\u00e1mci s\u00edt\u011b Pra\u017esk\u00fd k\u00e1men Sites\",\"potentialAction\":[{\"@type\":\"SearchAction\",\"target\":{\"@type\":\"EntryPoint\",\"urlTemplate\":\"https:\/\/www.prazskykamen.cz\/ru\/?s={search_term_string}\"},\"query-input\":{\"@type\":\"PropertyValueSpecification\",\"valueRequired\":true,\"valueName\":\"search_term_string\"}}],\"inLanguage\":\"cs\"}]}<\/script>\n<!-- \/ Yoast SEO plugin. -->","yoast_head_json":{"title":"Kamenn\u00e9 kuchy\u0148sk\u00e9 pracovn\u00ed desky |Pra\u017esk\u00fd k\u00e1men","description":"Kamenn\u00e9 kuchy\u0148sk\u00e9 pracovn\u00ed desky od kamenictv\u00ed Pra\u017esk\u00fd k\u00e1men velk\u00fd v\u00fdb\u011br materi\u00e1l\u016f kamenn\u00e9 desky upravujeme na m\u00edru dle po\u017eadavk\u016f klienta. Spr\u00e1vn\u00e1 volba.","robots":{"index":"index","follow":"follow","max-snippet":"max-snippet:-1","max-image-preview":"max-image-preview:large","max-video-preview":"max-video-preview:-1"},"canonical":"https:\/\/www.prazskykamen.cz\/ru\/kamenne-produkty\/kuchyne\/","og_locale":"cs_CZ","og_type":"article","og_title":"Kamenn\u00e9 kuchy\u0148sk\u00e9 pracovn\u00ed desky |Pra\u017esk\u00fd k\u00e1men","og_description":"Kamenn\u00e9 kuchy\u0148sk\u00e9 pracovn\u00ed desky od kamenictv\u00ed Pra\u017esk\u00fd k\u00e1men velk\u00fd v\u00fdb\u011br materi\u00e1l\u016f kamenn\u00e9 desky upravujeme na m\u00edru dle po\u017eadavk\u016f klienta. Spr\u00e1vn\u00e1 volba.","og_url":"https:\/\/www.prazskykamen.cz\/ru\/kamenne-produkty\/kuchyne\/","og_site_name":"\u041f\u0440\u0430\u0433\u0430 \u043a\u0430\u043c\u0435\u043d\u044c","article_modified_time":"2022-04-07T06:15:30+00:00","og_image":[{"url":"http:\/\/www.prazskykamen.cz\/ru\/wp-content\/uploads\/sites\/3\/2022\/04\/Vitoria_Brown-1.jpg"}],"twitter_card":"summary_large_image","twitter_misc":{"Odhadovan\u00e1 doba \u010dten\u00ed":"1 minuta"},"schema":{"@context":"https:\/\/schema.org","@graph":[{"@type":"WebPage","@id":"https:\/\/www.prazskykamen.cz\/ru\/kamenne-produkty\/kuchyne\/","url":"https:\/\/www.prazskykamen.cz\/ru\/kamenne-produkty\/kuchyne\/","name":"Kamenn\u00e9 kuchy\u0148sk\u00e9 pracovn\u00ed desky |Pra\u017esk\u00fd k\u00e1men","isPartOf":{"@id":"https:\/\/www.prazskykamen.cz\/ru\/#website"},"primaryImageOfPage":{"@id":"https:\/\/www.prazskykamen.cz\/ru\/kamenne-produkty\/kuchyne\/#primaryimage"},"image":{"@id":"https:\/\/www.prazskykamen.cz\/ru\/kamenne-produkty\/kuchyne\/#primaryimage"},"thumbnailUrl":"http:\/\/www.prazskykamen.cz\/ru\/wp-content\/uploads\/sites\/3\/2022\/04\/Vitoria_Brown-1.jpg","datePublished":"2014-11-14T10:52:19+00:00","dateModified":"2022-04-07T06:15:30+00:00","description":"Kamenn\u00e9 kuchy\u0148sk\u00e9 pracovn\u00ed desky od kamenictv\u00ed Pra\u017esk\u00fd k\u00e1men velk\u00fd v\u00fdb\u011br materi\u00e1l\u016f kamenn\u00e9 desky upravujeme na m\u00edru dle po\u017eadavk\u016f klienta. Spr\u00e1vn\u00e1 volba.","breadcrumb":{"@id":"https:\/\/www.prazskykamen.cz\/ru\/kamenne-produkty\/kuchyne\/#breadcrumb"},"inLanguage":"cs","potentialAction":[{"@type":"ReadAction","target":["https:\/\/www.prazskykamen.cz\/ru\/kamenne-produkty\/kuchyne\/"]}]},{"@type":"ImageObject","inLanguage":"cs","@id":"https:\/\/www.prazskykamen.cz\/ru\/kamenne-produkty\/kuchyne\/#primaryimage","url":"https:\/\/www.prazskykamen.cz\/ru\/wp-content\/uploads\/sites\/3\/2022\/04\/Vitoria_Brown-1.jpg","contentUrl":"https:\/\/www.prazskykamen.cz\/ru\/wp-content\/uploads\/sites\/3\/2022\/04\/Vitoria_Brown-1.jpg","width":640,"height":480},{"@type":"BreadcrumbList","@id":"https:\/\/www.prazskykamen.cz\/ru\/kamenne-produkty\/kuchyne\/#breadcrumb","itemListElement":[{"@type":"ListItem","position":1,"name":"Dom\u016f","item":"https:\/\/www.prazskykamen.cz\/ru\/"},{"@type":"ListItem","position":2,"name":"\u0418\u0417\u0414\u0415\u041b\u0418\u042f \u0418\u0417 \u041a\u0410\u041c\u041d\u042f","item":"https:\/\/www.prazskykamen.cz\/ru\/kamenne-produkty\/"},{"@type":"ListItem","position":3,"name":"\u041a\u0423\u0425\u041d\u0418"}]},{"@type":"WebSite","@id":"https:\/\/www.prazskykamen.cz\/ru\/#website","url":"https:\/\/www.prazskykamen.cz\/ru\/","name":"\u041f\u0440\u0430\u0433\u0430 \u043a\u0430\u043c\u0435\u043d\u044c","description":"Dal\u0161\u00ed nov\u00fd web v r\u00e1mci s\u00edt\u011b Pra\u017esk\u00fd k\u00e1men Sites","potentialAction":[{"@type":"SearchAction","target":{"@type":"EntryPoint","urlTemplate":"https:\/\/www.prazskykamen.cz\/ru\/?s={search_term_string}"},"query-input":{"@type":"PropertyValueSpecification","valueRequired":true,"valueName":"search_term_string"}}],"inLanguage":"cs"}]}},"_links":{"self":[{"href":"https:\/\/www.prazskykamen.cz\/ru\/wp-json\/wp\/v2\/pages\/64","targetHints":{"allow":["GET"]}}],"collection":[{"href":"https:\/\/www.prazskykamen.cz\/ru\/wp-json\/wp\/v2\/pages"}],"about":[{"href":"https:\/\/www.prazskykamen.cz\/ru\/wp-json\/wp\/v2\/types\/page"}],"author":[{"embeddable":true,"href":"https:\/\/www.prazskykamen.cz\/ru\/wp-json\/wp\/v2\/users\/1"}],"replies":[{"embeddable":true,"href":"https:\/\/www.prazskykamen.cz\/ru\/wp-json\/wp\/v2\/comments?post=64"}],"version-history":[{"count":6,"href":"https:\/\/www.prazskykamen.cz\/ru\/wp-json\/wp\/v2\/pages\/64\/revisions"}],"predecessor-version":[{"id":8932,"href":"https:\/\/www.prazskykamen.cz\/ru\/wp-json\/wp\/v2\/pages\/64\/revisions\/8932"}],"up":[{"embeddable":true,"href":"https:\/\/www.prazskykamen.cz\/ru\/wp-json\/wp\/v2\/pages\/42"}],"wp:attachment":[{"href":"https:\/\/www.prazskykamen.cz\/ru\/wp-json\/wp\/v2\/media?parent=64"}],"curies":[{"name":"wp","href":"https:\/\/api.w.org\/{rel}","templated":true}]}}