{"id":57,"date":"2014-11-14T11:41:26","date_gmt":"2014-11-14T10:41:26","guid":{"rendered":"https:\/\/www.prazskykamen.cz\/?page_id=57"},"modified":"2025-08-10T11:57:18","modified_gmt":"2025-08-10T11:57:18","slug":"kontakt","status":"publish","type":"page","link":"https:\/\/www.prazskykamen.cz\/ru\/kontakt\/","title":{"rendered":"\u0410\u0414\u0420\u0415\u0421"},"content":{"rendered":"<p>[et_pb_section fb_built=&#8220;1&#8243; _builder_version=&#8220;4.16&#8243; global_colors_info=&#8220;{}&#8220;][et_pb_row column_structure=&#8220;1_2,1_2&#8243; _builder_version=&#8220;4.16&#8243; background_size=&#8220;initial&#8220; background_position=&#8220;top_left&#8220; background_repeat=&#8220;repeat&#8220; global_colors_info=&#8220;{}&#8220;][et_pb_column type=&#8220;1_2&#8243; _builder_version=&#8220;4.16&#8243; custom_padding=&#8220;|||&#8220; global_colors_info=&#8220;{}&#8220; custom_padding__hover=&#8220;|||&#8220;][et_pb_text admin_label=&#8220;Text&#8220; _builder_version=&#8220;4.19.2&#8243; background_size=&#8220;initial&#8220; background_position=&#8220;top_left&#8220; background_repeat=&#8220;repeat&#8220; global_colors_info=&#8220;{}&#8220;]\u0410\u0414\u0420\u0415\u0421 \u041e\u0424\u0418\u0421\u0410<br \/>\n(\u043e\u0444\u0438\u0441 \u0438 \u0441\u043a\u043b\u0430\u0434 \u043c\u0430\u0442\u0435\u0440\u0438\u0430\u043b\u0430)<br \/>\nPra\u017esk\u00fd k\u00e1men s.r.o.<br \/>\nSlu\u0161tice 17\u00a0Praha &#8211; v\u00fdchod\u00a0250 84<br \/>\n\u0427\u0430\u0441\u044b \u0440\u0430\u0431\u043e\u0442\u044b:<br \/>\n\u041f\u043e\u043d\u0435\u0434\u0435\u043b\u044c\u043d\u0438\u043a \u2013 \u041f\u044f\u0442\u043d\u0438\u0446\u0430 08:00 &#8211; 11:00 12:00 &#8211; 16:00<br \/>\n[\/et_pb_text][et_pb_code _builder_version=&#8220;4.16&#8243; global_colors_info=&#8220;{}&#8220;]<iframe loading=\"lazy\" style=\"border: 0;\" tabindex=\"0\" src=\"https:\/\/www.google.com\/maps\/embed?pb=!1m18!1m12!1m3!1d68936.97092605919!2d14.58612770651801!3d50.05097600174043!2m3!1f0!2f0!3f0!3m2!1i1024!2i768!4f13.1!3m3!1m2!1s0x470b8b782afb01fd%3A0x6d6eac80daf3b8eb!2sSlu%C5%A1tice%2017%2C%20250%2084%20Slu%C5%A1tice!5e0!3m2!1scs!2scz!4v1594714824426!5m2!1scs!2scz\" width=\"500\" height=\"300\" frameborder=\"0\" allowfullscreen=\"allowfullscreen\" aria-hidden=\"false\"><\/iframe>[\/et_pb_code][et_pb_text _builder_version=&#8220;4.16&#8243; global_colors_info=&#8220;{}&#8220;]&nbsp;<\/p>\n<p>&nbsp;<\/p>\n<p>&nbsp;<\/p>\n<p>&nbsp;<\/p>\n<p>&nbsp;<\/p>\n<p>&nbsp;<\/p>\n<p>&nbsp;<\/p>\n<p>&nbsp;<\/p>\n<p>&nbsp;<\/p>\n<p>&nbsp;<\/p>\n<p>&nbsp;<\/p>\n<p>&nbsp;<\/p>\n<p>&nbsp;<\/p>\n<p>&nbsp;<\/p>\n<p>&nbsp;<\/p>\n<p>&nbsp;<\/p>\n<p>&nbsp;<\/p>\n<p>&nbsp;<\/p>\n<p>&nbsp;<\/p>\n<p><span style=\"font-size: 14px;\">\u00a0<\/span><\/p>\n<p><span style=\"font-size: 14px;\">\u00a0<\/span><\/p>\n<h6>\u0424\u0410\u041a\u0422\u0423\u0420\u041d\u042b\u0419 \u0410\u0414\u0420\u0415\u0421<br \/>\n(\u043c\u0435\u0441\u0442\u043e\u043d\u0430\u0445\u043e\u0436\u0434\u0435\u043d\u0438\u0435 \u043a\u043e\u043c\u043f\u0430\u043d\u0438\u0438)<br \/>\nPra\u017esk\u00fd k\u00e1men s.r.o.<br \/>\nNa Lhotech 882\u00a0Praha 4 &#8211; Kunratice\u00a0148 00<br \/>\nI\u010c: 26707144\u00a0DI\u010c: CZ26707144<br \/>\nID \u043e\u043a\u043d\u043e \u0434\u0430\u043d\u043d\u044b\u0445: t2nui8i<\/h6>\n<p>[\/et_pb_text][\/et_pb_column][et_pb_column type=&#8220;1_2&#8243; _builder_version=&#8220;4.16&#8243; custom_padding=&#8220;|||&#8220; global_colors_info=&#8220;{}&#8220; custom_padding__hover=&#8220;|||&#8220;][et_pb_text admin_label=&#8220;Text&#8220; _builder_version=&#8220;4.27.0&#8243; background_size=&#8220;initial&#8220; background_position=&#8220;top_left&#8220; background_repeat=&#8220;repeat&#8220; hover_enabled=&#8220;0&#8243; global_colors_info=&#8220;{}&#8220; sticky_enabled=&#8220;0&#8243;]<\/p>\n<div class=\"ce_text block\">\n<p><strong>Jan Kli\u010dka &#8211; zam\u011b\u0159ova\u010d<\/strong><\/p>\n<table>\n<tbody>\n<tr>\n<td style=\"width: 385px;\" colspan=\"2\">OBCHODN\u011a TECHNICK\u00dd PORADCE:<\/td>\n<\/tr>\n<tr>\n<td style=\"width: 186px;\"><strong>Ale\u0161 Nov\u00e1k<\/strong><\/td>\n<td style=\"width: 199px;\">\u00a0<\/td>\n<\/tr>\n<tr>\n<td style=\"width: 186px;\">Tel.:<\/td>\n<td style=\"width: 199px;\">+420 734 257 092<\/td>\n<\/tr>\n<tr>\n<td style=\"width: 186px;\">E-mail:<\/td>\n<td style=\"width: 199px;\"><a href=\"mailto:novak@prazskykamen.cz\">novak@prazskykamen.cz<\/a><\/td>\n<\/tr>\n<tr>\n<td style=\"width: 186px;\">\n<div>KOORDINACE PROJEKT\u016e:<\/div>\n<\/td>\n<td style=\"width: 199px;\">\u00a0<\/td>\n<\/tr>\n<tr>\n<td style=\"width: 186px;\"><strong>Tom\u00e1\u0161 \u017date\u010dka<\/strong><\/td>\n<td style=\"width: 199px;\">\u00a0<\/td>\n<\/tr>\n<tr>\n<td style=\"width: 186px;\">Tel.:<\/td>\n<td style=\"width: 199px;\">+420\u00a0778\u00a0546 380<\/td>\n<\/tr>\n<tr>\n<td style=\"width: 186px;\">E-mail:<\/td>\n<td style=\"width: 199px;\"><a href=\"mailto:zatecka@prazskykamen.cz\">zatecka@prazskykamen.cz<\/a><\/td>\n<\/tr>\n<tr>\n<td style=\"width: 186px;\"><strong>David Brezina<\/strong><\/td>\n<td style=\"width: 199px;\">\u00a0<\/td>\n<\/tr>\n<tr>\n<td style=\"width: 186px;\">Tel.:<\/td>\n<td style=\"width: 199px;\">+420 770 330 695<\/td>\n<\/tr>\n<tr>\n<td style=\"width: 186px;\">E-mail:<\/td>\n<td style=\"width: 199px;\"><a href=\"mailto:brezina@prazskykamen.cz\">brezina@prazskykamen.cz<\/a><\/td>\n<\/tr>\n<tr>\n<td style=\"width: 186px;\">\n<div>PROVOZ:<\/div>\n<\/td>\n<td style=\"width: 199px;\">\u00a0<\/td>\n<\/tr>\n<tr>\n<td style=\"width: 186px;\"><strong>Petr Hlavsa &#8211; vedouc\u00ed v\u00fdroby<\/strong><\/td>\n<td style=\"width: 199px;\">\u00a0<\/td>\n<\/tr>\n<tr>\n<td style=\"width: 186px;\">Tel.:<\/td>\n<td style=\"width: 199px;\">+420 733 655 238<\/td>\n<\/tr>\n<tr>\n<td style=\"width: 186px;\">E-mail:<\/td>\n<td style=\"width: 199px;\"><a href=\"mailto:hlavsa@prazskykamen.cz\">hlavsa@prazskykamen.cz<\/a><\/td>\n<\/tr>\n<tr>\n<td style=\"width: 186px;\"><strong>Vitalij Dankanych \u2013 mistr v\u00fdroby<\/strong><\/td>\n<td style=\"width: 199px;\">\u00a0<\/td>\n<\/tr>\n<tr>\n<td style=\"width: 186px;\">Tel.:<\/td>\n<td style=\"width: 199px;\">+420 608 915 780<\/td>\n<\/tr>\n<tr>\n<td style=\"width: 186px;\">E-mail:<\/td>\n<td style=\"width: 199px;\"><a href=\"mailto:dankanych@prazskykamen.cz\">dankanych@prazskykamen.cz<\/a><\/td>\n<\/tr>\n<tr>\n<td style=\"width: 186px;\"><strong>Jan Dost\u00e1l &#8211; projekce<\/strong><\/td>\n<td style=\"width: 199px;\">\u00a0<\/td>\n<\/tr>\n<tr>\n<td style=\"width: 186px;\">Tel.:<\/td>\n<td style=\"width: 199px;\">+420 732\u00a0988\u00a0436<\/td>\n<\/tr>\n<tr>\n<td style=\"width: 186px;\">E-mail:<\/td>\n<td style=\"width: 199px;\"><a href=\"mailto:dostal@prazskykamen.cz\">dostal@prazskykamen.cz<\/a><\/td>\n<\/tr>\n<tr>\n<td style=\"width: 186px;\"><strong>Jan Kli\u010dka &#8211; zam\u011b\u0159ova\u010d<\/strong><\/td>\n<td style=\"width: 199px;\">\u00a0<\/td>\n<\/tr>\n<tr>\n<td style=\"width: 186px;\">Tel.:<\/td>\n<td style=\"width: 199px;\">+420 725\u00a0459\u00a0601<\/td>\n<\/tr>\n<tr>\n<td style=\"width: 186px;\">E-mail:<\/td>\n<td style=\"width: 199px;\"><a href=\"mailto:klicka@prazskykamen.cz\">klicka@prazskykamen.cz<\/a><\/td>\n<\/tr>\n<tr>\n<td style=\"width: 186px;\">\n<div>SEKRETARI\u00c1T:<\/div>\n<\/td>\n<td style=\"width: 199px;\">\u00a0<\/td>\n<\/tr>\n<tr>\n<td style=\"width: 186px;\"><strong>Ivana Klasov\u00e1<\/strong><\/td>\n<td style=\"width: 199px;\">\u00a0<\/td>\n<\/tr>\n<tr>\n<td style=\"width: 186px;\">Tel.:<\/td>\n<td style=\"width: 199px;\">+ 420 323 605 758<\/td>\n<\/tr>\n<tr>\n<td style=\"width: 186px;\">GSM:<\/td>\n<td style=\"width: 199px;\">+ 420 739 091 706<\/td>\n<\/tr>\n<tr>\n<td style=\"width: 186px;\">E-mail:<\/td>\n<td style=\"width: 199px;\"><a href=\"mailto:info@prazskykamen.cz\">info@prazskykamen.cz<\/a><\/td>\n<\/tr>\n<tr>\n<td style=\"width: 186px;\">\u00a0<\/td>\n<td style=\"width: 199px;\"><a href=\"mailto:prazskykamen@seznam.cz\">prazskykamen@seznam.cz<\/a><\/td>\n<\/tr>\n<tr>\n<td style=\"width: 186px;\">MARKETING, Ariostea<\/td>\n<td style=\"width: 199px;\">\u00a0<\/td>\n<\/tr>\n<tr>\n<td style=\"width: 186px;\"><strong>Andrea \u0160imkov\u00e1<\/strong><\/td>\n<td style=\"width: 199px;\">\u00a0<\/td>\n<\/tr>\n<tr>\n<td style=\"width: 186px;\">GSM:<\/td>\n<td style=\"width: 199px;\">+420 739 091 689<\/td>\n<\/tr>\n<tr>\n<td style=\"width: 186px;\">E-mail:<\/td>\n<td style=\"width: 199px;\"><a href=\"mailto:simkova@prazskykamen.cz\">simkova@prazskykamen.cz<\/a><\/td>\n<\/tr>\n<tr>\n<td style=\"width: 186px;\">\u00a0<\/td>\n<td style=\"width: 199px;\">\u00a0<\/td>\n<\/tr>\n<tr>\n<td style=\"width: 186px;\">\n<div>VEDEN\u00cd SPOLE\u010cNOSTI:<\/div>\n<\/td>\n<td style=\"width: 199px;\">\u00a0<\/td>\n<\/tr>\n<tr>\n<td style=\"width: 186px;\"><strong>Pavel \u0160imek<\/strong><\/td>\n<td style=\"width: 199px;\">\u00a0<\/td>\n<\/tr>\n<tr>\n<td style=\"width: 186px;\">Tel.:<\/td>\n<td style=\"width: 199px;\">+ 420 603 515 941<\/td>\n<\/tr>\n<tr>\n<td style=\"width: 186px;\">E-mai:<\/td>\n<td style=\"width: 199px;\"><a href=\"mailto:simek@prazskykamen.cz\">simek@prazskykamen.cz<\/a><\/td>\n<\/tr>\n<tr>\n<td style=\"width: 186px;\">\u00a0<\/td>\n<td style=\"width: 199px;\">\u00a0<\/td>\n<\/tr>\n<tr>\n<td style=\"width: 186px;\"><strong>Vladim\u00edr Petr\u00e1k<\/strong><\/td>\n<td style=\"width: 199px;\">\u00a0<\/td>\n<\/tr>\n<tr>\n<td style=\"width: 186px;\">Tel.:<\/td>\n<td style=\"width: 199px;\">+ 420 604 122 221<\/td>\n<\/tr>\n<tr>\n<td style=\"width: 186px;\">E-mail:<\/td>\n<td style=\"width: 199px;\"><a href=\"mailto:petrak@prazskykamen.cz\">petrak@prazskykamen.cz<\/a><\/td>\n<\/tr>\n<\/tbody>\n<\/table>\n<\/div>\n<p>[\/et_pb_text][\/et_pb_column][\/et_pb_row][\/et_pb_section]<\/p>\n","protected":false},"excerpt":{"rendered":"<p>\u0410\u0414\u0420\u0415\u0421 \u041e\u0424\u0418\u0421\u0410 (\u043e\u0444\u0438\u0441 \u0438 \u0441\u043a\u043b\u0430\u0434 \u043c\u0430\u0442\u0435\u0440\u0438\u0430\u043b\u0430) Pra\u017esk\u00fd k\u00e1men s.r.o. Slu\u0161tice 17\u00a0Praha &#8211; v\u00fdchod\u00a0250 84 \u0427\u0430\u0441\u044b \u0440\u0430\u0431\u043e\u0442\u044b: \u041f\u043e\u043d\u0435\u0434\u0435\u043b\u044c\u043d\u0438\u043a \u2013 \u041f\u044f\u0442\u043d\u0438\u0446\u0430 08:00 &#8211; 11:00 12:00 &#8211; 16:00 &nbsp; &nbsp; &nbsp; &nbsp; &nbsp; &nbsp; &nbsp; &nbsp; &nbsp; &nbsp; &nbsp; &nbsp; &nbsp; &nbsp; &nbsp; &nbsp; &nbsp; &nbsp; &nbsp; \u00a0 \u00a0 \u0424\u0410\u041a\u0422\u0423\u0420\u041d\u042b\u0419 \u0410\u0414\u0420\u0415\u0421 (\u043c\u0435\u0441\u0442\u043e\u043d\u0430\u0445\u043e\u0436\u0434\u0435\u043d\u0438\u0435 \u043a\u043e\u043c\u043f\u0430\u043d\u0438\u0438) Pra\u017esk\u00fd k\u00e1men s.r.o. Na Lhotech [&hellip;]<\/p>\n","protected":false},"author":1,"featured_media":0,"parent":0,"menu_order":10,"comment_status":"open","ping_status":"closed","template":"","meta":{"_et_pb_use_builder":"on","_et_pb_old_content":"","_et_gb_content_width":"","footnotes":""},"class_list":["post-57","page","type-page","status-publish","hentry"],"yoast_head":"<!-- This site is optimized with the Yoast SEO plugin v23.7 - https:\/\/yoast.com\/wordpress\/plugins\/seo\/ -->\n<title>\u0410\u0414\u0420\u0415\u0421 - \u041f\u0440\u0430\u0433\u0430 \u043a\u0430\u043c\u0435\u043d\u044c<\/title>\n<meta name=\"robots\" content=\"index, follow, max-snippet:-1, max-image-preview:large, max-video-preview:-1\" \/>\n<link rel=\"canonical\" href=\"https:\/\/www.prazskykamen.cz\/ru\/kontakt\/\" \/>\n<meta property=\"og:locale\" content=\"cs_CZ\" \/>\n<meta property=\"og:type\" content=\"article\" \/>\n<meta property=\"og:title\" content=\"\u0410\u0414\u0420\u0415\u0421 - \u041f\u0440\u0430\u0433\u0430 \u043a\u0430\u043c\u0435\u043d\u044c\" \/>\n<meta property=\"og:description\" content=\"\u0410\u0414\u0420\u0415\u0421 \u041e\u0424\u0418\u0421\u0410 (\u043e\u0444\u0438\u0441 \u0438 \u0441\u043a\u043b\u0430\u0434 \u043c\u0430\u0442\u0435\u0440\u0438\u0430\u043b\u0430) Pra\u017esk\u00fd k\u00e1men s.r.o. Slu\u0161tice 17\u00a0Praha - v\u00fdchod\u00a0250 84 \u0427\u0430\u0441\u044b \u0440\u0430\u0431\u043e\u0442\u044b: \u041f\u043e\u043d\u0435\u0434\u0435\u043b\u044c\u043d\u0438\u043a \u2013 \u041f\u044f\u0442\u043d\u0438\u0446\u0430 08:00 - 11:00 12:00 - 16:00 &nbsp; &nbsp; &nbsp; &nbsp; &nbsp; &nbsp; &nbsp; &nbsp; &nbsp; &nbsp; &nbsp; &nbsp; &nbsp; &nbsp; &nbsp; &nbsp; &nbsp; &nbsp; &nbsp; \u00a0 \u00a0 \u0424\u0410\u041a\u0422\u0423\u0420\u041d\u042b\u0419 \u0410\u0414\u0420\u0415\u0421 (\u043c\u0435\u0441\u0442\u043e\u043d\u0430\u0445\u043e\u0436\u0434\u0435\u043d\u0438\u0435 \u043a\u043e\u043c\u043f\u0430\u043d\u0438\u0438) Pra\u017esk\u00fd k\u00e1men s.r.o. Na Lhotech [&hellip;]\" \/>\n<meta property=\"og:url\" content=\"https:\/\/www.prazskykamen.cz\/ru\/kontakt\/\" \/>\n<meta property=\"og:site_name\" content=\"\u041f\u0440\u0430\u0433\u0430 \u043a\u0430\u043c\u0435\u043d\u044c\" \/>\n<meta property=\"article:modified_time\" content=\"2025-08-10T11:57:18+00:00\" \/>\n<meta name=\"twitter:card\" content=\"summary_large_image\" \/>\n<meta name=\"twitter:label1\" content=\"Odhadovan\u00e1 doba \u010dten\u00ed\" \/>\n\t<meta name=\"twitter:data1\" content=\"1 minuta\" \/>\n<script type=\"application\/ld+json\" class=\"yoast-schema-graph\">{\"@context\":\"https:\/\/schema.org\",\"@graph\":[{\"@type\":\"WebPage\",\"@id\":\"https:\/\/www.prazskykamen.cz\/ru\/kontakt\/\",\"url\":\"https:\/\/www.prazskykamen.cz\/ru\/kontakt\/\",\"name\":\"\u0410\u0414\u0420\u0415\u0421 - \u041f\u0440\u0430\u0433\u0430 \u043a\u0430\u043c\u0435\u043d\u044c\",\"isPartOf\":{\"@id\":\"https:\/\/www.prazskykamen.cz\/ru\/#website\"},\"datePublished\":\"2014-11-14T10:41:26+00:00\",\"dateModified\":\"2025-08-10T11:57:18+00:00\",\"breadcrumb\":{\"@id\":\"https:\/\/www.prazskykamen.cz\/ru\/kontakt\/#breadcrumb\"},\"inLanguage\":\"cs\",\"potentialAction\":[{\"@type\":\"ReadAction\",\"target\":[\"https:\/\/www.prazskykamen.cz\/ru\/kontakt\/\"]}]},{\"@type\":\"BreadcrumbList\",\"@id\":\"https:\/\/www.prazskykamen.cz\/ru\/kontakt\/#breadcrumb\",\"itemListElement\":[{\"@type\":\"ListItem\",\"position\":1,\"name\":\"Dom\u016f\",\"item\":\"https:\/\/www.prazskykamen.cz\/ru\/\"},{\"@type\":\"ListItem\",\"position\":2,\"name\":\"\u0410\u0414\u0420\u0415\u0421\"}]},{\"@type\":\"WebSite\",\"@id\":\"https:\/\/www.prazskykamen.cz\/ru\/#website\",\"url\":\"https:\/\/www.prazskykamen.cz\/ru\/\",\"name\":\"\u041f\u0440\u0430\u0433\u0430 \u043a\u0430\u043c\u0435\u043d\u044c\",\"description\":\"Dal\u0161\u00ed nov\u00fd web v r\u00e1mci s\u00edt\u011b Pra\u017esk\u00fd k\u00e1men Sites\",\"potentialAction\":[{\"@type\":\"SearchAction\",\"target\":{\"@type\":\"EntryPoint\",\"urlTemplate\":\"https:\/\/www.prazskykamen.cz\/ru\/?s={search_term_string}\"},\"query-input\":{\"@type\":\"PropertyValueSpecification\",\"valueRequired\":true,\"valueName\":\"search_term_string\"}}],\"inLanguage\":\"cs\"}]}<\/script>\n<!-- \/ Yoast SEO plugin. -->","yoast_head_json":{"title":"\u0410\u0414\u0420\u0415\u0421 - \u041f\u0440\u0430\u0433\u0430 \u043a\u0430\u043c\u0435\u043d\u044c","robots":{"index":"index","follow":"follow","max-snippet":"max-snippet:-1","max-image-preview":"max-image-preview:large","max-video-preview":"max-video-preview:-1"},"canonical":"https:\/\/www.prazskykamen.cz\/ru\/kontakt\/","og_locale":"cs_CZ","og_type":"article","og_title":"\u0410\u0414\u0420\u0415\u0421 - \u041f\u0440\u0430\u0433\u0430 \u043a\u0430\u043c\u0435\u043d\u044c","og_description":"\u0410\u0414\u0420\u0415\u0421 \u041e\u0424\u0418\u0421\u0410 (\u043e\u0444\u0438\u0441 \u0438 \u0441\u043a\u043b\u0430\u0434 \u043c\u0430\u0442\u0435\u0440\u0438\u0430\u043b\u0430) Pra\u017esk\u00fd k\u00e1men s.r.o. Slu\u0161tice 17\u00a0Praha - v\u00fdchod\u00a0250 84 \u0427\u0430\u0441\u044b \u0440\u0430\u0431\u043e\u0442\u044b: \u041f\u043e\u043d\u0435\u0434\u0435\u043b\u044c\u043d\u0438\u043a \u2013 \u041f\u044f\u0442\u043d\u0438\u0446\u0430 08:00 - 11:00 12:00 - 16:00 &nbsp; &nbsp; &nbsp; &nbsp; &nbsp; &nbsp; &nbsp; &nbsp; &nbsp; &nbsp; &nbsp; &nbsp; &nbsp; &nbsp; &nbsp; &nbsp; &nbsp; &nbsp; &nbsp; \u00a0 \u00a0 \u0424\u0410\u041a\u0422\u0423\u0420\u041d\u042b\u0419 \u0410\u0414\u0420\u0415\u0421 (\u043c\u0435\u0441\u0442\u043e\u043d\u0430\u0445\u043e\u0436\u0434\u0435\u043d\u0438\u0435 \u043a\u043e\u043c\u043f\u0430\u043d\u0438\u0438) Pra\u017esk\u00fd k\u00e1men s.r.o. Na Lhotech [&hellip;]","og_url":"https:\/\/www.prazskykamen.cz\/ru\/kontakt\/","og_site_name":"\u041f\u0440\u0430\u0433\u0430 \u043a\u0430\u043c\u0435\u043d\u044c","article_modified_time":"2025-08-10T11:57:18+00:00","twitter_card":"summary_large_image","twitter_misc":{"Odhadovan\u00e1 doba \u010dten\u00ed":"1 minuta"},"schema":{"@context":"https:\/\/schema.org","@graph":[{"@type":"WebPage","@id":"https:\/\/www.prazskykamen.cz\/ru\/kontakt\/","url":"https:\/\/www.prazskykamen.cz\/ru\/kontakt\/","name":"\u0410\u0414\u0420\u0415\u0421 - \u041f\u0440\u0430\u0433\u0430 \u043a\u0430\u043c\u0435\u043d\u044c","isPartOf":{"@id":"https:\/\/www.prazskykamen.cz\/ru\/#website"},"datePublished":"2014-11-14T10:41:26+00:00","dateModified":"2025-08-10T11:57:18+00:00","breadcrumb":{"@id":"https:\/\/www.prazskykamen.cz\/ru\/kontakt\/#breadcrumb"},"inLanguage":"cs","potentialAction":[{"@type":"ReadAction","target":["https:\/\/www.prazskykamen.cz\/ru\/kontakt\/"]}]},{"@type":"BreadcrumbList","@id":"https:\/\/www.prazskykamen.cz\/ru\/kontakt\/#breadcrumb","itemListElement":[{"@type":"ListItem","position":1,"name":"Dom\u016f","item":"https:\/\/www.prazskykamen.cz\/ru\/"},{"@type":"ListItem","position":2,"name":"\u0410\u0414\u0420\u0415\u0421"}]},{"@type":"WebSite","@id":"https:\/\/www.prazskykamen.cz\/ru\/#website","url":"https:\/\/www.prazskykamen.cz\/ru\/","name":"\u041f\u0440\u0430\u0433\u0430 \u043a\u0430\u043c\u0435\u043d\u044c","description":"Dal\u0161\u00ed nov\u00fd web v r\u00e1mci s\u00edt\u011b Pra\u017esk\u00fd k\u00e1men Sites","potentialAction":[{"@type":"SearchAction","target":{"@type":"EntryPoint","urlTemplate":"https:\/\/www.prazskykamen.cz\/ru\/?s={search_term_string}"},"query-input":{"@type":"PropertyValueSpecification","valueRequired":true,"valueName":"search_term_string"}}],"inLanguage":"cs"}]}},"_links":{"self":[{"href":"https:\/\/www.prazskykamen.cz\/ru\/wp-json\/wp\/v2\/pages\/57","targetHints":{"allow":["GET"]}}],"collection":[{"href":"https:\/\/www.prazskykamen.cz\/ru\/wp-json\/wp\/v2\/pages"}],"about":[{"href":"https:\/\/www.prazskykamen.cz\/ru\/wp-json\/wp\/v2\/types\/page"}],"author":[{"embeddable":true,"href":"https:\/\/www.prazskykamen.cz\/ru\/wp-json\/wp\/v2\/users\/1"}],"replies":[{"embeddable":true,"href":"https:\/\/www.prazskykamen.cz\/ru\/wp-json\/wp\/v2\/comments?post=57"}],"version-history":[{"count":24,"href":"https:\/\/www.prazskykamen.cz\/ru\/wp-json\/wp\/v2\/pages\/57\/revisions"}],"predecessor-version":[{"id":9800,"href":"https:\/\/www.prazskykamen.cz\/ru\/wp-json\/wp\/v2\/pages\/57\/revisions\/9800"}],"wp:attachment":[{"href":"https:\/\/www.prazskykamen.cz\/ru\/wp-json\/wp\/v2\/media?parent=57"}],"curies":[{"name":"wp","href":"https:\/\/api.w.org\/{rel}","templated":true}]}}