{"id":55,"date":"2014-11-14T11:39:10","date_gmt":"2014-11-14T10:39:10","guid":{"rendered":"https:\/\/www.prazskykamen.cz\/?page_id=55"},"modified":"2016-01-08T12:24:58","modified_gmt":"2016-01-08T12:24:58","slug":"poptavka","status":"publish","type":"page","link":"https:\/\/www.prazskykamen.cz\/ru\/poptavka\/","title":{"rendered":"\u0417\u0410\u041f\u0420\u041e\u0421 \u2013 \u0424\u041e\u0420\u041c\u042b"},"content":{"rendered":"<p>[et_pb_section][et_pb_row][et_pb_column type=&#8220;2_3&#8243;][et_pb_text admin_label=&#8220;Text&#8220; background_layout=&#8220;light&#8220; text_orientation=&#8220;left&#8220;]<\/p>\n<h1>\u0417\u0410\u041f\u0420\u041e\u0421 \u2013 \u0424\u041e\u0420\u041c\u042b<\/h1>\n<p>\u00ab\u041f\u0440\u0430\u0436\u0441\u043a\u0438\u0439 \u043a\u0430\u043c\u0435\u043d\u044c\u00bb \u0440\u0435\u0430\u043b\u0438\u0437\u0438\u0440\u0443\u0435\u0442 \u043f\u0440\u0435\u0434\u043b\u043e\u0436\u0435\u043d\u0438\u044f \u0438 \u043f\u043e\u0441\u0440\u0435\u0434\u0441\u0442\u0432\u043e\u043c \u0444\u043e\u0440\u043c \u0437\u0430\u043f\u0440\u043e\u0441\u0430. \u0414\u043b\u044f \u043f\u0440\u043e\u0441\u0442\u043e\u0442\u044b \u043c\u044b \u0440\u0430\u0437\u0434\u0435\u043b\u0438\u043b\u0438 \u0444\u043e\u0440\u043c\u044b \u0437\u0430\u043f\u0440\u043e\u0441\u0430 \u043f\u043e \u0438\u0437\u0434\u0435\u043b\u0438\u044f\u043c \u0438\u0437 \u043a\u0430\u043c\u043d\u044f \u043d\u0430 \u0434\u0432\u0435 \u0441\u0430\u043c\u043e\u0441\u0442\u043e\u044f\u0442\u0435\u043b\u044c\u043d\u044b\u0435 \u0433\u0440\u0443\u043f\u043f\u044b.<\/p>\n<p>\u041f\u0435\u0440\u0432\u0430\u044f \u043f\u0440\u0435\u0434\u043d\u0430\u0437\u043d\u0430\u0447\u0435\u043d\u0430 \u0434\u043b\u044f \u0442\u0435\u0445, \u043a\u0442\u043e \u0437\u0430\u0438\u043d\u0442\u0435\u0440\u0435\u0441\u043e\u0432\u0430\u043d \u0432 \u043a\u0443\u0445\u043e\u043d\u043d\u044b\u0445 \u0441\u0442\u043e\u043b\u0435\u0448\u043d\u0438\u0446\u0430\u0445 \u0438\u0437 \u043a\u0430\u043c\u043d\u044f. \u0417\u0430\u043f\u043e\u043b\u043d\u0435\u043d\u0438\u0435\u043c \u0444\u043e\u0440\u043c\u044b \u0443\u0442\u043e\u0447\u043d\u044f\u0435\u0442\u0441\u044f \u043a\u043e\u043d\u043a\u0440\u0435\u0442\u043d\u044b\u0439 \u0437\u0430\u043f\u0440\u043e\u0441. \u041f\u043e\u0441\u0440\u0435\u0434\u0441\u0442\u0432\u043e\u043c \u0434\u0430\u043d\u043d\u043e\u0439 \u0444\u043e\u0440\u043c\u044b \u0432\u044b \u043c\u043e\u0436\u0435\u0442\u0435 \u0442\u0430\u043a\u0436\u0435 \u043f\u043e\u043b\u0443\u0447\u0438\u0442\u044c \u043e\u0442\u0432\u0435\u0442\u044b \u043d\u0430 \u0432\u0430\u0448\u0438 \u0432\u043e\u043f\u0440\u043e\u0441\u044b \u043e \u0432\u043e\u0437\u043c\u043e\u0436\u043d\u043e\u0441\u0442\u044f\u0445 \u0438 \u0441\u043f\u0435\u0446\u0438\u0444\u0438\u0447\u0435\u0441\u043a\u0438\u0445 \u0442\u0440\u0435\u0431\u043e\u0432\u0430\u043d\u0438\u044f\u0445 \u0432 \u043e\u0431\u043b\u0430\u0441\u0442\u0438 \u043a\u0443\u0445\u043e\u043d\u043d\u044b\u0445 \u0441\u0442\u043e\u043b\u0435\u0448\u043d\u0438\u0446.<\/p>\n<p>\u0412\u0442\u043e\u0440\u0430\u044f \u0444\u043e\u0440\u043c\u0430 \u0437\u0430\u043f\u0440\u043e\u0441\u0430 \u0441\u043b\u0443\u0436\u0438\u0442 \u0434\u043b\u044f \u0437\u0430\u043f\u0440\u043e\u0441\u0430 \u0434\u0440\u0443\u0433\u0438\u0445 \u043f\u0440\u043e\u0434\u0443\u043a\u0442\u043e\u0432 \u0438\u0437 \u043d\u0430\u0448\u0435\u0433\u043e \u0430\u0441\u0441\u043e\u0440\u0442\u0438\u043c\u0435\u043d\u0442\u0430. \u0412\u044b \u043c\u043e\u0436\u0435\u0442\u0435 \u043f\u0440\u043e\u0441\u043c\u043e\u0442\u0440\u0435\u0442\u044c \u043f\u0440\u0438\u043c\u0435\u0440\u044b \u0440\u0430\u0441\u0447\u0435\u0442\u0430 \u043e\u0442\u0434\u0435\u043b\u044c\u043d\u044b\u0445 \u043f\u0440\u043e\u0434\u0443\u043a\u0442\u043e\u0432.<\/p>\n<p>\u0412\u044b \u043b\u0435\u0433\u043a\u043e \u0437\u0430\u043f\u043e\u043b\u043d\u0438\u0442\u0435 \u043e\u0431\u0435 \u0444\u043e\u0440\u043c\u044b \u0437\u0430\u043f\u0440\u043e\u0441\u0430, \u043f\u0440\u0438 \u043d\u0435\u043e\u0431\u0445\u043e\u0434\u0438\u043c\u043e\u0441\u0442\u0438 \u043c\u044b \u043c\u043e\u0436\u0435\u043c \u043f\u043e\u043c\u043e\u0447\u044c \u0432\u0430\u043c.[\/et_pb_text][\/et_pb_column][et_pb_column type=&#8220;1_3&#8243;][et_pb_text admin_label=&#8220;Text&#8220; background_layout=&#8220;light&#8220; text_orientation=&#8220;left&#8220;]<\/p>\n<p><img loading=\"lazy\" decoding=\"async\" class=\"alignright wp-image-240 size-full\" src=\"https:\/\/www.prazskykamen.cz\/wp-content\/uploads\/2014\/11\/poptavka-prkamen.jpg\" alt=\"poptavka-prkamen\" width=\"383\" height=\"495\" \/><\/p>\n<p>[\/et_pb_text][\/et_pb_column][\/et_pb_row][et_pb_row][et_pb_column type=&#8220;1_4&#8243;][\/et_pb_column][et_pb_column type=&#8220;1_4&#8243;][\/et_pb_column][et_pb_column type=&#8220;1_4&#8243;][et_pb_text admin_label=&#8220;Text&#8220; background_layout=&#8220;light&#8220; text_orientation=&#8220;left&#8220; \/][\/et_pb_column][et_pb_column type=&#8220;1_4&#8243;][et_pb_text admin_label=&#8220;Text&#8220; background_layout=&#8220;light&#8220; text_orientation=&#8220;left&#8220; \/][\/et_pb_column][\/et_pb_row][et_pb_row][et_pb_column type=&#8220;1_2&#8243;][et_pb_text admin_label=&#8220;Text&#8220; background_layout=&#8220;light&#8220; text_orientation=&#8220;left&#8220;]<\/p>\n<div><a href=\"https:\/\/www.prazskykamen.cz\/ru\/poptavka\/poptavka-kuchynska-deska\"><img loading=\"lazy\" decoding=\"async\" class=\"alignnone wp-image-5290 size-et-pb-post-main-image-fullwidth\" src=\"https:\/\/www.prazskykamen.cz\/wp-content\/uploads\/2014\/11\/POPTAVKA-KUCHYNE1-600x450.jpg\" alt=\"POPTAVKA KUCHYNE\" width=\"600\" height=\"450\" \/><\/a><\/div>\n<p>[\/et_pb_text][\/et_pb_column][et_pb_column type=&#8220;1_2&#8243;][et_pb_text admin_label=&#8220;Text&#8220; background_layout=&#8220;light&#8220; text_orientation=&#8220;left&#8220;]<\/p>\n<div><a href=\"https:\/\/www.prazskykamen.cz\/ru\/poptavka\/poptavka-ostatni\"><img loading=\"lazy\" decoding=\"async\" class=\"alignnone wp-image-5289 size-et-pb-post-main-image-fullwidth\" src=\"https:\/\/www.prazskykamen.cz\/wp-content\/uploads\/2014\/11\/POPTAVKA-DALSI1-600x450.jpg\" alt=\"POPTAVKA DALSI\" width=\"600\" height=\"450\" \/><\/a><\/div>\n<p>[\/et_pb_text][\/et_pb_column][\/et_pb_row][\/et_pb_section]<\/p>\n","protected":false},"excerpt":{"rendered":"<p><div class=\"et_pb_section et_pb_section_0 et_section_regular\" >\n\t\t\t\t\n\t\t\t\t\n\t\t\t\t\n\t\t\t\t\n\t\t\t\t\n\t\t\t\t\n\t\t\t\t\n\t\t\t\t\n\t\t\t\t\n\t\t\t<\/div><div class=\"et_pb_row et_pb_row_0 et_pb_row_empty\">\n\t\t\t\t\n\t\t\t\t\n\t\t\t\t\n\t\t\t\t\n\t\t\t\t\n\t\t\t<\/div> \u0417\u0410\u041f\u0420\u041e\u0421 \u2013 \u0424\u041e\u0420\u041c\u042b \u00ab\u041f\u0440\u0430\u0436\u0441\u043a\u0438\u0439 \u043a\u0430\u043c\u0435\u043d\u044c\u00bb \u0440\u0435\u0430\u043b\u0438\u0437\u0438\u0440\u0443\u0435\u0442 \u043f\u0440\u0435\u0434\u043b\u043e\u0436\u0435\u043d\u0438\u044f \u0438 \u043f\u043e\u0441\u0440\u0435\u0434\u0441\u0442\u0432\u043e\u043c \u0444\u043e\u0440\u043c \u0437\u0430\u043f\u0440\u043e\u0441\u0430. \u0414\u043b\u044f \u043f\u0440\u043e\u0441\u0442\u043e\u0442\u044b \u043c\u044b \u0440\u0430\u0437\u0434\u0435\u043b\u0438\u043b\u0438 \u0444\u043e\u0440\u043c\u044b \u0437\u0430\u043f\u0440\u043e\u0441\u0430 \u043f\u043e \u0438\u0437\u0434\u0435\u043b\u0438\u044f\u043c \u0438\u0437 \u043a\u0430\u043c\u043d\u044f \u043d\u0430 \u0434\u0432\u0435 \u0441\u0430\u043c\u043e\u0441\u0442\u043e\u044f\u0442\u0435\u043b\u044c\u043d\u044b\u0435 \u0433\u0440\u0443\u043f\u043f\u044b. \u041f\u0435\u0440\u0432\u0430\u044f \u043f\u0440\u0435\u0434\u043d\u0430\u0437\u043d\u0430\u0447\u0435\u043d\u0430 \u0434\u043b\u044f \u0442\u0435\u0445, \u043a\u0442\u043e \u0437\u0430\u0438\u043d\u0442\u0435\u0440\u0435\u0441\u043e\u0432\u0430\u043d \u0432 \u043a\u0443\u0445\u043e\u043d\u043d\u044b\u0445 \u0441\u0442\u043e\u043b\u0435\u0448\u043d\u0438\u0446\u0430\u0445 \u0438\u0437 \u043a\u0430\u043c\u043d\u044f. \u0417\u0430\u043f\u043e\u043b\u043d\u0435\u043d\u0438\u0435\u043c \u0444\u043e\u0440\u043c\u044b \u0443\u0442\u043e\u0447\u043d\u044f\u0435\u0442\u0441\u044f \u043a\u043e\u043d\u043a\u0440\u0435\u0442\u043d\u044b\u0439 \u0437\u0430\u043f\u0440\u043e\u0441. \u041f\u043e\u0441\u0440\u0435\u0434\u0441\u0442\u0432\u043e\u043c \u0434\u0430\u043d\u043d\u043e\u0439 \u0444\u043e\u0440\u043c\u044b \u0432\u044b \u043c\u043e\u0436\u0435\u0442\u0435 \u0442\u0430\u043a\u0436\u0435 \u043f\u043e\u043b\u0443\u0447\u0438\u0442\u044c \u043e\u0442\u0432\u0435\u0442\u044b \u043d\u0430 \u0432\u0430\u0448\u0438 \u0432\u043e\u043f\u0440\u043e\u0441\u044b \u043e \u0432\u043e\u0437\u043c\u043e\u0436\u043d\u043e\u0441\u0442\u044f\u0445 [&hellip;]<\/p>\n","protected":false},"author":1,"featured_media":0,"parent":0,"menu_order":9,"comment_status":"open","ping_status":"open","template":"","meta":{"_et_pb_use_builder":"on","_et_pb_old_content":"","_et_gb_content_width":"","footnotes":""},"class_list":["post-55","page","type-page","status-publish","hentry"],"yoast_head":"<!-- This site is optimized with the Yoast SEO plugin v23.7 - https:\/\/yoast.com\/wordpress\/plugins\/seo\/ -->\n<title>\u0417\u0410\u041f\u0420\u041e\u0421 \u2013 \u0424\u041e\u0420\u041c\u042b - \u041f\u0440\u0430\u0433\u0430 \u043a\u0430\u043c\u0435\u043d\u044c<\/title>\n<meta name=\"robots\" content=\"index, follow, max-snippet:-1, max-image-preview:large, max-video-preview:-1\" \/>\n<link rel=\"canonical\" href=\"https:\/\/www.prazskykamen.cz\/ru\/poptavka\/\" \/>\n<meta property=\"og:locale\" content=\"cs_CZ\" \/>\n<meta property=\"og:type\" content=\"article\" \/>\n<meta property=\"og:title\" content=\"\u0417\u0410\u041f\u0420\u041e\u0421 \u2013 \u0424\u041e\u0420\u041c\u042b - \u041f\u0440\u0430\u0433\u0430 \u043a\u0430\u043c\u0435\u043d\u044c\" \/>\n<meta property=\"og:description\" content=\"\u0417\u0410\u041f\u0420\u041e\u0421 \u2013 \u0424\u041e\u0420\u041c\u042b \u00ab\u041f\u0440\u0430\u0436\u0441\u043a\u0438\u0439 \u043a\u0430\u043c\u0435\u043d\u044c\u00bb \u0440\u0435\u0430\u043b\u0438\u0437\u0438\u0440\u0443\u0435\u0442 \u043f\u0440\u0435\u0434\u043b\u043e\u0436\u0435\u043d\u0438\u044f \u0438 \u043f\u043e\u0441\u0440\u0435\u0434\u0441\u0442\u0432\u043e\u043c \u0444\u043e\u0440\u043c \u0437\u0430\u043f\u0440\u043e\u0441\u0430. \u0414\u043b\u044f \u043f\u0440\u043e\u0441\u0442\u043e\u0442\u044b \u043c\u044b \u0440\u0430\u0437\u0434\u0435\u043b\u0438\u043b\u0438 \u0444\u043e\u0440\u043c\u044b \u0437\u0430\u043f\u0440\u043e\u0441\u0430 \u043f\u043e \u0438\u0437\u0434\u0435\u043b\u0438\u044f\u043c \u0438\u0437 \u043a\u0430\u043c\u043d\u044f \u043d\u0430 \u0434\u0432\u0435 \u0441\u0430\u043c\u043e\u0441\u0442\u043e\u044f\u0442\u0435\u043b\u044c\u043d\u044b\u0435 \u0433\u0440\u0443\u043f\u043f\u044b. \u041f\u0435\u0440\u0432\u0430\u044f \u043f\u0440\u0435\u0434\u043d\u0430\u0437\u043d\u0430\u0447\u0435\u043d\u0430 \u0434\u043b\u044f \u0442\u0435\u0445, \u043a\u0442\u043e \u0437\u0430\u0438\u043d\u0442\u0435\u0440\u0435\u0441\u043e\u0432\u0430\u043d \u0432 \u043a\u0443\u0445\u043e\u043d\u043d\u044b\u0445 \u0441\u0442\u043e\u043b\u0435\u0448\u043d\u0438\u0446\u0430\u0445 \u0438\u0437 \u043a\u0430\u043c\u043d\u044f. \u0417\u0430\u043f\u043e\u043b\u043d\u0435\u043d\u0438\u0435\u043c \u0444\u043e\u0440\u043c\u044b \u0443\u0442\u043e\u0447\u043d\u044f\u0435\u0442\u0441\u044f \u043a\u043e\u043d\u043a\u0440\u0435\u0442\u043d\u044b\u0439 \u0437\u0430\u043f\u0440\u043e\u0441. \u041f\u043e\u0441\u0440\u0435\u0434\u0441\u0442\u0432\u043e\u043c \u0434\u0430\u043d\u043d\u043e\u0439 \u0444\u043e\u0440\u043c\u044b \u0432\u044b \u043c\u043e\u0436\u0435\u0442\u0435 \u0442\u0430\u043a\u0436\u0435 \u043f\u043e\u043b\u0443\u0447\u0438\u0442\u044c \u043e\u0442\u0432\u0435\u0442\u044b \u043d\u0430 \u0432\u0430\u0448\u0438 \u0432\u043e\u043f\u0440\u043e\u0441\u044b \u043e \u0432\u043e\u0437\u043c\u043e\u0436\u043d\u043e\u0441\u0442\u044f\u0445 [&hellip;]\" \/>\n<meta property=\"og:url\" content=\"https:\/\/www.prazskykamen.cz\/ru\/poptavka\/\" \/>\n<meta property=\"og:site_name\" content=\"\u041f\u0440\u0430\u0433\u0430 \u043a\u0430\u043c\u0435\u043d\u044c\" \/>\n<meta property=\"article:modified_time\" content=\"2016-01-08T12:24:58+00:00\" \/>\n<meta property=\"og:image\" content=\"https:\/\/www.prazskykamen.cz\/wp-content\/uploads\/2014\/11\/poptavka-prkamen.jpg\" \/>\n<meta name=\"twitter:card\" content=\"summary_large_image\" \/>\n<meta name=\"twitter:label1\" content=\"Odhadovan\u00e1 doba \u010dten\u00ed\" \/>\n\t<meta name=\"twitter:data1\" content=\"1 minuta\" \/>\n<script type=\"application\/ld+json\" class=\"yoast-schema-graph\">{\"@context\":\"https:\/\/schema.org\",\"@graph\":[{\"@type\":\"WebPage\",\"@id\":\"https:\/\/www.prazskykamen.cz\/ru\/poptavka\/\",\"url\":\"https:\/\/www.prazskykamen.cz\/ru\/poptavka\/\",\"name\":\"\u0417\u0410\u041f\u0420\u041e\u0421 \u2013 \u0424\u041e\u0420\u041c\u042b - \u041f\u0440\u0430\u0433\u0430 \u043a\u0430\u043c\u0435\u043d\u044c\",\"isPartOf\":{\"@id\":\"https:\/\/www.prazskykamen.cz\/ru\/#website\"},\"primaryImageOfPage\":{\"@id\":\"https:\/\/www.prazskykamen.cz\/ru\/poptavka\/#primaryimage\"},\"image\":{\"@id\":\"https:\/\/www.prazskykamen.cz\/ru\/poptavka\/#primaryimage\"},\"thumbnailUrl\":\"https:\/\/www.prazskykamen.cz\/wp-content\/uploads\/2014\/11\/poptavka-prkamen.jpg\",\"datePublished\":\"2014-11-14T10:39:10+00:00\",\"dateModified\":\"2016-01-08T12:24:58+00:00\",\"breadcrumb\":{\"@id\":\"https:\/\/www.prazskykamen.cz\/ru\/poptavka\/#breadcrumb\"},\"inLanguage\":\"cs\",\"potentialAction\":[{\"@type\":\"ReadAction\",\"target\":[\"https:\/\/www.prazskykamen.cz\/ru\/poptavka\/\"]}]},{\"@type\":\"ImageObject\",\"inLanguage\":\"cs\",\"@id\":\"https:\/\/www.prazskykamen.cz\/ru\/poptavka\/#primaryimage\",\"url\":\"https:\/\/www.prazskykamen.cz\/wp-content\/uploads\/2014\/11\/poptavka-prkamen.jpg\",\"contentUrl\":\"https:\/\/www.prazskykamen.cz\/wp-content\/uploads\/2014\/11\/poptavka-prkamen.jpg\"},{\"@type\":\"BreadcrumbList\",\"@id\":\"https:\/\/www.prazskykamen.cz\/ru\/poptavka\/#breadcrumb\",\"itemListElement\":[{\"@type\":\"ListItem\",\"position\":1,\"name\":\"Dom\u016f\",\"item\":\"https:\/\/www.prazskykamen.cz\/ru\/\"},{\"@type\":\"ListItem\",\"position\":2,\"name\":\"\u0417\u0410\u041f\u0420\u041e\u0421 \u2013 \u0424\u041e\u0420\u041c\u042b\"}]},{\"@type\":\"WebSite\",\"@id\":\"https:\/\/www.prazskykamen.cz\/ru\/#website\",\"url\":\"https:\/\/www.prazskykamen.cz\/ru\/\",\"name\":\"\u041f\u0440\u0430\u0433\u0430 \u043a\u0430\u043c\u0435\u043d\u044c\",\"description\":\"Dal\u0161\u00ed nov\u00fd web v r\u00e1mci s\u00edt\u011b Pra\u017esk\u00fd k\u00e1men Sites\",\"potentialAction\":[{\"@type\":\"SearchAction\",\"target\":{\"@type\":\"EntryPoint\",\"urlTemplate\":\"https:\/\/www.prazskykamen.cz\/ru\/?s={search_term_string}\"},\"query-input\":{\"@type\":\"PropertyValueSpecification\",\"valueRequired\":true,\"valueName\":\"search_term_string\"}}],\"inLanguage\":\"cs\"}]}<\/script>\n<!-- \/ Yoast SEO plugin. -->","yoast_head_json":{"title":"\u0417\u0410\u041f\u0420\u041e\u0421 \u2013 \u0424\u041e\u0420\u041c\u042b - \u041f\u0440\u0430\u0433\u0430 \u043a\u0430\u043c\u0435\u043d\u044c","robots":{"index":"index","follow":"follow","max-snippet":"max-snippet:-1","max-image-preview":"max-image-preview:large","max-video-preview":"max-video-preview:-1"},"canonical":"https:\/\/www.prazskykamen.cz\/ru\/poptavka\/","og_locale":"cs_CZ","og_type":"article","og_title":"\u0417\u0410\u041f\u0420\u041e\u0421 \u2013 \u0424\u041e\u0420\u041c\u042b - \u041f\u0440\u0430\u0433\u0430 \u043a\u0430\u043c\u0435\u043d\u044c","og_description":"\u0417\u0410\u041f\u0420\u041e\u0421 \u2013 \u0424\u041e\u0420\u041c\u042b \u00ab\u041f\u0440\u0430\u0436\u0441\u043a\u0438\u0439 \u043a\u0430\u043c\u0435\u043d\u044c\u00bb \u0440\u0435\u0430\u043b\u0438\u0437\u0438\u0440\u0443\u0435\u0442 \u043f\u0440\u0435\u0434\u043b\u043e\u0436\u0435\u043d\u0438\u044f \u0438 \u043f\u043e\u0441\u0440\u0435\u0434\u0441\u0442\u0432\u043e\u043c \u0444\u043e\u0440\u043c \u0437\u0430\u043f\u0440\u043e\u0441\u0430. \u0414\u043b\u044f \u043f\u0440\u043e\u0441\u0442\u043e\u0442\u044b \u043c\u044b \u0440\u0430\u0437\u0434\u0435\u043b\u0438\u043b\u0438 \u0444\u043e\u0440\u043c\u044b \u0437\u0430\u043f\u0440\u043e\u0441\u0430 \u043f\u043e \u0438\u0437\u0434\u0435\u043b\u0438\u044f\u043c \u0438\u0437 \u043a\u0430\u043c\u043d\u044f \u043d\u0430 \u0434\u0432\u0435 \u0441\u0430\u043c\u043e\u0441\u0442\u043e\u044f\u0442\u0435\u043b\u044c\u043d\u044b\u0435 \u0433\u0440\u0443\u043f\u043f\u044b. \u041f\u0435\u0440\u0432\u0430\u044f \u043f\u0440\u0435\u0434\u043d\u0430\u0437\u043d\u0430\u0447\u0435\u043d\u0430 \u0434\u043b\u044f \u0442\u0435\u0445, \u043a\u0442\u043e \u0437\u0430\u0438\u043d\u0442\u0435\u0440\u0435\u0441\u043e\u0432\u0430\u043d \u0432 \u043a\u0443\u0445\u043e\u043d\u043d\u044b\u0445 \u0441\u0442\u043e\u043b\u0435\u0448\u043d\u0438\u0446\u0430\u0445 \u0438\u0437 \u043a\u0430\u043c\u043d\u044f. \u0417\u0430\u043f\u043e\u043b\u043d\u0435\u043d\u0438\u0435\u043c \u0444\u043e\u0440\u043c\u044b \u0443\u0442\u043e\u0447\u043d\u044f\u0435\u0442\u0441\u044f \u043a\u043e\u043d\u043a\u0440\u0435\u0442\u043d\u044b\u0439 \u0437\u0430\u043f\u0440\u043e\u0441. \u041f\u043e\u0441\u0440\u0435\u0434\u0441\u0442\u0432\u043e\u043c \u0434\u0430\u043d\u043d\u043e\u0439 \u0444\u043e\u0440\u043c\u044b \u0432\u044b \u043c\u043e\u0436\u0435\u0442\u0435 \u0442\u0430\u043a\u0436\u0435 \u043f\u043e\u043b\u0443\u0447\u0438\u0442\u044c \u043e\u0442\u0432\u0435\u0442\u044b \u043d\u0430 \u0432\u0430\u0448\u0438 \u0432\u043e\u043f\u0440\u043e\u0441\u044b \u043e \u0432\u043e\u0437\u043c\u043e\u0436\u043d\u043e\u0441\u0442\u044f\u0445 [&hellip;]","og_url":"https:\/\/www.prazskykamen.cz\/ru\/poptavka\/","og_site_name":"\u041f\u0440\u0430\u0433\u0430 \u043a\u0430\u043c\u0435\u043d\u044c","article_modified_time":"2016-01-08T12:24:58+00:00","og_image":[{"url":"https:\/\/www.prazskykamen.cz\/wp-content\/uploads\/2014\/11\/poptavka-prkamen.jpg"}],"twitter_card":"summary_large_image","twitter_misc":{"Odhadovan\u00e1 doba \u010dten\u00ed":"1 minuta"},"schema":{"@context":"https:\/\/schema.org","@graph":[{"@type":"WebPage","@id":"https:\/\/www.prazskykamen.cz\/ru\/poptavka\/","url":"https:\/\/www.prazskykamen.cz\/ru\/poptavka\/","name":"\u0417\u0410\u041f\u0420\u041e\u0421 \u2013 \u0424\u041e\u0420\u041c\u042b - \u041f\u0440\u0430\u0433\u0430 \u043a\u0430\u043c\u0435\u043d\u044c","isPartOf":{"@id":"https:\/\/www.prazskykamen.cz\/ru\/#website"},"primaryImageOfPage":{"@id":"https:\/\/www.prazskykamen.cz\/ru\/poptavka\/#primaryimage"},"image":{"@id":"https:\/\/www.prazskykamen.cz\/ru\/poptavka\/#primaryimage"},"thumbnailUrl":"https:\/\/www.prazskykamen.cz\/wp-content\/uploads\/2014\/11\/poptavka-prkamen.jpg","datePublished":"2014-11-14T10:39:10+00:00","dateModified":"2016-01-08T12:24:58+00:00","breadcrumb":{"@id":"https:\/\/www.prazskykamen.cz\/ru\/poptavka\/#breadcrumb"},"inLanguage":"cs","potentialAction":[{"@type":"ReadAction","target":["https:\/\/www.prazskykamen.cz\/ru\/poptavka\/"]}]},{"@type":"ImageObject","inLanguage":"cs","@id":"https:\/\/www.prazskykamen.cz\/ru\/poptavka\/#primaryimage","url":"https:\/\/www.prazskykamen.cz\/wp-content\/uploads\/2014\/11\/poptavka-prkamen.jpg","contentUrl":"https:\/\/www.prazskykamen.cz\/wp-content\/uploads\/2014\/11\/poptavka-prkamen.jpg"},{"@type":"BreadcrumbList","@id":"https:\/\/www.prazskykamen.cz\/ru\/poptavka\/#breadcrumb","itemListElement":[{"@type":"ListItem","position":1,"name":"Dom\u016f","item":"https:\/\/www.prazskykamen.cz\/ru\/"},{"@type":"ListItem","position":2,"name":"\u0417\u0410\u041f\u0420\u041e\u0421 \u2013 \u0424\u041e\u0420\u041c\u042b"}]},{"@type":"WebSite","@id":"https:\/\/www.prazskykamen.cz\/ru\/#website","url":"https:\/\/www.prazskykamen.cz\/ru\/","name":"\u041f\u0440\u0430\u0433\u0430 \u043a\u0430\u043c\u0435\u043d\u044c","description":"Dal\u0161\u00ed nov\u00fd web v r\u00e1mci s\u00edt\u011b Pra\u017esk\u00fd k\u00e1men Sites","potentialAction":[{"@type":"SearchAction","target":{"@type":"EntryPoint","urlTemplate":"https:\/\/www.prazskykamen.cz\/ru\/?s={search_term_string}"},"query-input":{"@type":"PropertyValueSpecification","valueRequired":true,"valueName":"search_term_string"}}],"inLanguage":"cs"}]}},"_links":{"self":[{"href":"https:\/\/www.prazskykamen.cz\/ru\/wp-json\/wp\/v2\/pages\/55","targetHints":{"allow":["GET"]}}],"collection":[{"href":"https:\/\/www.prazskykamen.cz\/ru\/wp-json\/wp\/v2\/pages"}],"about":[{"href":"https:\/\/www.prazskykamen.cz\/ru\/wp-json\/wp\/v2\/types\/page"}],"author":[{"embeddable":true,"href":"https:\/\/www.prazskykamen.cz\/ru\/wp-json\/wp\/v2\/users\/1"}],"replies":[{"embeddable":true,"href":"https:\/\/www.prazskykamen.cz\/ru\/wp-json\/wp\/v2\/comments?post=55"}],"version-history":[{"count":2,"href":"https:\/\/www.prazskykamen.cz\/ru\/wp-json\/wp\/v2\/pages\/55\/revisions"}],"predecessor-version":[{"id":6199,"href":"https:\/\/www.prazskykamen.cz\/ru\/wp-json\/wp\/v2\/pages\/55\/revisions\/6199"}],"wp:attachment":[{"href":"https:\/\/www.prazskykamen.cz\/ru\/wp-json\/wp\/v2\/media?parent=55"}],"curies":[{"name":"wp","href":"https:\/\/api.w.org\/{rel}","templated":true}]}}