{"id":5110,"date":"2015-03-20T15:26:17","date_gmt":"2015-03-20T14:26:17","guid":{"rendered":"https:\/\/www.prazskykamen.cz\/?page_id=5110"},"modified":"2016-01-11T10:20:38","modified_gmt":"2016-01-11T10:20:38","slug":"bazenove-lemy","status":"publish","type":"page","link":"https:\/\/www.prazskykamen.cz\/ru\/kamenne-produkty\/bazeny\/bazenove-lemy\/","title":{"rendered":"\u041e\u041a\u0410\u041d\u0422\u041e\u0412\u041a\u0410 \u0411\u0410\u0421\u0421\u0415\u0419\u041d\u041e\u0412"},"content":{"rendered":"<p>[et_pb_section][et_pb_row][et_pb_column type=&#8220;1_2&#8243;][et_pb_text admin_label=&#8220;Text&#8220; background_layout=&#8220;light&#8220; text_orientation=&#8220;left&#8220;]<\/p>\n<h1>\u041e\u041a\u0410\u041d\u0422\u041e\u0412\u041a\u0410 \u0411\u0410\u0421\u0421\u0415\u0419\u041d\u041e\u0412<\/h1>\n<p>\u041e\u043a\u0430\u043d\u0442\u043e\u0432\u043a\u0430 \u0431\u0430\u0441\u0441\u0435\u0439\u043d\u043e\u0432 \u0438\u0437 \u043a\u0430\u043c\u043d\u044f \u044f\u0432\u043b\u044f\u0435\u0442\u0441\u044f \u043e\u043f\u0442\u0438\u043c\u0430\u043b\u044c\u043d\u044b\u043c \u0432\u044b\u0431\u043e\u0440\u043e\u043c \u0434\u043b\u044f \u0442\u0435\u0445, \u043a\u0442\u043e \u043d\u0435 \u0438\u0434\u0435\u0442 \u043d\u0430 \u043a\u043e\u043c\u043f\u0440\u043e\u043c\u0438\u0441\u0441. \u041e\u043a\u0430\u043d\u0442\u043e\u0432\u043a\u0430 \u0431\u0430\u0441\u0441\u0435\u0439\u043d\u043e\u0432 \u0434\u043e\u043b\u0436\u043d\u0430 \u043e\u0442\u0432\u0435\u0447\u0430\u0442\u044c \u043e\u0434\u043d\u043e\u0432\u0440\u0435\u043c\u0435\u043d\u043d\u043e \u043d\u0435\u0441\u043a\u043e\u043b\u044c\u043a\u0438\u043c \u043a\u0440\u0438\u0442\u0435\u0440\u0438\u044f\u043c \u043a\u0430\u043a \u043f\u043e \u0431\u0435\u0437\u043e\u043f\u0430\u0441\u043d\u043e\u0441\u0442\u0438, \u0442\u0430\u043a \u0438 \u043a\u043e\u043d\u0435\u0447\u043d\u043e \u0436\u0435, \u043f\u043e \u044d\u0441\u0442\u0435\u0442\u0438\u0447\u0435\u0441\u043a\u043e\u0439 \u0444\u0443\u043d\u043a\u0446\u0438\u0438. \u041d\u0430\u0448\u0438 \u0437\u0430\u043a\u0440\u0443\u0433\u043b\u0435\u043d\u043d\u044b\u0435 \u043e\u043a\u0430\u043d\u0442\u043e\u0432\u043a\u0438 \u0431\u0430\u0441\u0441\u0435\u0439\u043d\u043e\u0432 \u043e\u0447\u0435\u043d\u044c \u0431\u0435\u0437\u043e\u043f\u0430\u0441\u043d\u044b \u0442\u0430\u043a\u0436\u0435 \u0434\u043b\u044f \u0434\u0435\u0442\u0435\u0439, \u043f\u043e\u0441\u043a\u043e\u043b\u044c\u043a\u0443 \u043e\u043d\u0438 \u043d\u0435 \u0441\u043a\u043e\u043b\u044c\u0437\u044f\u0442 \u0438 \u0440\u0435\u0431\u0435\u043d\u043e\u043a \u043d\u0435 \u043f\u043e\u0440\u0430\u043d\u0438\u0442\u0441\u044f \u043e \u043a\u0440\u0430\u0439 \u043e\u043a\u0430\u043d\u0442\u043e\u0432\u043a\u0438. \u041e\u043d\u0430 \u0442\u0430\u043a\u0436\u0435 \u0441\u043b\u0443\u0436\u0438\u0442 \u0432 \u043a\u0430\u0447\u0435\u0441\u0442\u0432\u0435 \u0432\u043e\u043b\u043d\u043e\u043b\u043e\u043c\u0430. \u041e\u043a\u0430\u043d\u0442\u043e\u0432\u043a\u0430 \u0431\u0430\u0441\u0441\u0435\u0439\u043d\u043e\u0432 \u0438\u0437 \u043a\u0430\u043c\u043d\u044f \u043e\u0431\u043b\u0430\u0434\u0430\u044e\u0442 \u0432\u044b\u0441\u043e\u043a\u043e\u0439 \u0434\u043e\u0431\u0430\u0432\u043b\u0435\u043d\u043d\u043e\u0439 \u0441\u0442\u043e\u0438\u043c\u043e\u0441\u0442\u044c\u044e \u0432 \u0432\u0438\u0434\u0435 \u0432\u044b\u0441\u043e\u043a\u043e\u0439 \u044d\u0441\u0442\u0435\u0442\u0438\u0447\u0435\u0441\u043a\u043e\u0439 \u0446\u0435\u043d\u043d\u043e\u0441\u0442\u0438. \u0415\u0441\u0442\u0435\u0441\u0442\u0432\u0435\u043d\u043d\u044b\u0439 \u0434\u0438\u0430\u043f\u0430\u0437\u043e\u043d \u0446\u0432\u0435\u0442\u043e\u0432 \u0441\u0442\u0440\u0443\u043a\u0442\u0443\u0440\u044b \u043f\u0440\u0430\u043a\u0442\u0438\u0447\u0435\u0441\u043a\u0438 \u043d\u0435\u0432\u043e\u0437\u043c\u043e\u0436\u043d\u043e \u0438\u043c\u0438\u0442\u0438\u0440\u043e\u0432\u0430\u0442\u044c \u0441 \u043f\u043e\u043c\u043e\u0449\u044c\u044e \u0438\u0441\u043a\u0443\u0441\u0441\u0442\u0432\u0435\u043d\u043d\u044b\u0445 \u043c\u0430\u0442\u0435\u0440\u0438\u0430\u043b\u043e\u0432. \u041a\u0440\u043e\u043c\u0435 \u0442\u043e\u0433\u043e, \u0438\u0437\u0432\u0435\u0441\u0442\u043d\u043e, \u0447\u0442\u043e \u043a\u0430\u043c\u0435\u043d\u044c \u2013 \u0434\u0435\u0439\u0441\u0442\u0432\u0438\u0442\u0435\u043b\u044c\u043d\u043e \u043e\u0447\u0435\u043d\u044c \u043f\u0440\u043e\u0447\u043d\u044b\u0439 \u043c\u0430\u0442\u0435\u0440\u0438\u0430\u043b, \u0447\u0442\u043e \u0432\u0438\u0434\u043d\u043e \u043d\u0430 \u043c\u043d\u043e\u0433\u0438\u0445 \u0438\u0441\u0442\u043e\u0440\u0438\u0447\u0435\u0441\u043a\u0438\u0445 \u0437\u0434\u0430\u043d\u0438\u044f\u0445.[\/et_pb_text][\/et_pb_column][et_pb_column type=&#8220;1_2&#8243;][et_pb_text admin_label=&#8220;Text&#8220; background_layout=&#8220;light&#8220; text_orientation=&#8220;left&#8220;]<\/p>\n<p><img loading=\"lazy\" decoding=\"async\" class=\"alignnone size-full wp-image-5169\" src=\"https:\/\/www.prazskykamen.cz\/wp-content\/uploads\/2015\/03\/lemy.jpg\" alt=\"lemy\" width=\"520\" height=\"390\" \/><\/p>\n<p>[\/et_pb_text][\/et_pb_column][\/et_pb_row][et_pb_row][et_pb_column type=&#8220;4_4&#8243;][et_pb_text admin_label=&#8220;Text&#8220; background_layout=&#8220;light&#8220; text_orientation=&#8220;left&#8220;]<\/p>\n<div class=\"rozcest-7\"><a href=\"https:\/\/www.prazskykamen.cz\/ru\/kamenne-produkty\/bazeny\/bazenove-lemy\/bazenove-lemy-zluta-zula\"><img loading=\"lazy\" decoding=\"async\" class=\"alignnone wp-image-5158 size-thumbnail\" src=\"https:\/\/www.prazskykamen.cz\/wp-content\/uploads\/2015\/03\/bazenovy-lemy-zluta-zula-150x150.jpg\" alt=\"\" width=\"150\" height=\"150\" \/><\/a> <a href=\"https:\/\/www.prazskykamen.cz\/en\/kamenne-produkty\/bazeny\/bazenove-lemy\/bazenove-lemy-zluta-zula\">\u0416\u0435\u043b\u0442\u044b\u0439 \u0433\u0440\u0430\u043d\u0438\u0442<\/a><\/div>\n<div class=\"rozcest-7\"><a href=\"https:\/\/www.prazskykamen.cz\/ru\/kamenne-produkty\/bazeny\/bazenove-lemy\/bazenove-lemy-seda-zula\"><img loading=\"lazy\" decoding=\"async\" class=\"alignnone wp-image-5156 size-thumbnail\" src=\"https:\/\/www.prazskykamen.cz\/wp-content\/uploads\/2015\/03\/bazzenove-lemy-seda-zula-150x150.jpg\" alt=\"\" width=\"150\" height=\"150\" \/><\/a> <a href=\"https:\/\/www.prazskykamen.cz\/en\/kamenne-produkty\/bazeny\/bazenove-lemy\/bazenove-lemy-seda-zula\">\u0421\u0435\u0440\u044b\u0439 \u0433\u0440\u0430\u043d\u0438\u0442<\/a><\/div>\n<div class=\"rozcest-7\"><a href=\"https:\/\/www.prazskykamen.cz\/ru\/kamenne-produkty\/bazeny\/bazenove-lemy\/bazenove-lemy-tmava-zula\"><img loading=\"lazy\" decoding=\"async\" class=\"alignnone wp-image-5153 size-thumbnail\" src=\"https:\/\/www.prazskykamen.cz\/wp-content\/uploads\/2015\/03\/bazzenove-lemy-tmava-zula-150x150.jpg\" alt=\"\" width=\"150\" height=\"150\" \/><\/a> <a href=\"https:\/\/www.prazskykamen.cz\/en\/kamenne-produkty\/bazeny\/bazenove-lemy\/bazenove-lemy-tmava-zula\">\u0422\u0435\u043c\u043d\u044b\u0439 \u0433\u0440\u0430\u043d\u0438\u0442<\/a><\/div>\n<div class=\"rozcest-7\"><a href=\"https:\/\/www.prazskykamen.cz\/ru\/kamenne-produkty\/bazeny\/bazenove-lemy\/bazenove-lemy-quartzite\"><img loading=\"lazy\" decoding=\"async\" class=\"alignnone wp-image-5160 size-thumbnail\" src=\"https:\/\/www.prazskykamen.cz\/wp-content\/uploads\/2015\/03\/bazenovy-lemy-quartzite1-150x150.jpg\" alt=\"\" width=\"150\" height=\"150\" \/> \u041a\u0432\u0430\u0440\u0446\u0438\u0442<\/a><\/div>\n<div class=\"rozcest-7\"><a href=\"https:\/\/www.prazskykamen.cz\/ru\/kamenne-produkty\/bazeny\/bazenove-lemy\/bazenove-lemy-giallo-di-istria\"><img loading=\"lazy\" decoding=\"async\" class=\"alignnone wp-image-5165 size-thumbnail\" src=\"https:\/\/www.prazskykamen.cz\/wp-content\/uploads\/2015\/03\/bazenovy-lemy-giallo-di-istria1-150x150.jpg\" alt=\"\" width=\"150\" height=\"150\" \/><\/a> <a href=\"https:\/\/www.prazskykamen.cz\/en\/kamenne-produkty\/bazeny\/bazenove-lemy\/bazenove-lemy-giallo-di-istria\">\u0416\u0438\u0430\u043b\u043b\u043e \u0434\u0438 \u0418\u0441\u0442\u0440\u0438\u044f<\/a><\/div>\n<div class=\"rozcest-7\"><a href=\"https:\/\/www.prazskykamen.cz\/ru\/kamenne-produkty\/bazeny\/bazenove-lemy\/bazenove-lemy-travertin\"><img loading=\"lazy\" decoding=\"async\" class=\"alignnone wp-image-5139 size-thumbnail\" src=\"https:\/\/www.prazskykamen.cz\/wp-content\/uploads\/2015\/03\/lem-travertin4-150x150.jpg\" alt=\"\" width=\"150\" height=\"150\" \/><\/a> <a href=\"https:\/\/www.prazskykamen.cz\/en\/kamenne-produkty\/bazeny\/bazenove-lemy\/bazenove-lemy-travertin\">\u0422\u0440\u0430\u0432\u0435\u0440\u0442\u0438\u043d<\/a><\/div>\n<p>[\/et_pb_text][\/et_pb_column][\/et_pb_row][\/et_pb_section]<\/p>\n","protected":false},"excerpt":{"rendered":"<p><div class=\"et_pb_section et_pb_section_0 et_section_regular\" >\n\t\t\t\t\n\t\t\t\t\n\t\t\t\t\n\t\t\t\t\n\t\t\t\t\n\t\t\t\t\n\t\t\t\t\n\t\t\t\t\n\t\t\t\t\n\t\t\t<\/div><div class=\"et_pb_row et_pb_row_0 et_pb_row_empty\">\n\t\t\t\t\n\t\t\t\t\n\t\t\t\t\n\t\t\t\t\n\t\t\t\t\n\t\t\t<\/div> \u041e\u041a\u0410\u041d\u0422\u041e\u0412\u041a\u0410 \u0411\u0410\u0421\u0421\u0415\u0419\u041d\u041e\u0412 \u041e\u043a\u0430\u043d\u0442\u043e\u0432\u043a\u0430 \u0431\u0430\u0441\u0441\u0435\u0439\u043d\u043e\u0432 \u0438\u0437 \u043a\u0430\u043c\u043d\u044f \u044f\u0432\u043b\u044f\u0435\u0442\u0441\u044f \u043e\u043f\u0442\u0438\u043c\u0430\u043b\u044c\u043d\u044b\u043c \u0432\u044b\u0431\u043e\u0440\u043e\u043c \u0434\u043b\u044f \u0442\u0435\u0445, \u043a\u0442\u043e \u043d\u0435 \u0438\u0434\u0435\u0442 \u043d\u0430 \u043a\u043e\u043c\u043f\u0440\u043e\u043c\u0438\u0441\u0441. \u041e\u043a\u0430\u043d\u0442\u043e\u0432\u043a\u0430 \u0431\u0430\u0441\u0441\u0435\u0439\u043d\u043e\u0432 \u0434\u043e\u043b\u0436\u043d\u0430 \u043e\u0442\u0432\u0435\u0447\u0430\u0442\u044c \u043e\u0434\u043d\u043e\u0432\u0440\u0435\u043c\u0435\u043d\u043d\u043e \u043d\u0435\u0441\u043a\u043e\u043b\u044c\u043a\u0438\u043c \u043a\u0440\u0438\u0442\u0435\u0440\u0438\u044f\u043c \u043a\u0430\u043a \u043f\u043e \u0431\u0435\u0437\u043e\u043f\u0430\u0441\u043d\u043e\u0441\u0442\u0438, \u0442\u0430\u043a \u0438 \u043a\u043e\u043d\u0435\u0447\u043d\u043e \u0436\u0435, \u043f\u043e \u044d\u0441\u0442\u0435\u0442\u0438\u0447\u0435\u0441\u043a\u043e\u0439 \u0444\u0443\u043d\u043a\u0446\u0438\u0438. \u041d\u0430\u0448\u0438 \u0437\u0430\u043a\u0440\u0443\u0433\u043b\u0435\u043d\u043d\u044b\u0435 \u043e\u043a\u0430\u043d\u0442\u043e\u0432\u043a\u0438 \u0431\u0430\u0441\u0441\u0435\u0439\u043d\u043e\u0432 \u043e\u0447\u0435\u043d\u044c \u0431\u0435\u0437\u043e\u043f\u0430\u0441\u043d\u044b \u0442\u0430\u043a\u0436\u0435 \u0434\u043b\u044f \u0434\u0435\u0442\u0435\u0439, \u043f\u043e\u0441\u043a\u043e\u043b\u044c\u043a\u0443 \u043e\u043d\u0438 \u043d\u0435 \u0441\u043a\u043e\u043b\u044c\u0437\u044f\u0442 \u0438 \u0440\u0435\u0431\u0435\u043d\u043e\u043a \u043d\u0435 \u043f\u043e\u0440\u0430\u043d\u0438\u0442\u0441\u044f \u043e \u043a\u0440\u0430\u0439 \u043e\u043a\u0430\u043d\u0442\u043e\u0432\u043a\u0438. \u041e\u043d\u0430 [&hellip;]<\/p>\n","protected":false},"author":1,"featured_media":0,"parent":74,"menu_order":0,"comment_status":"closed","ping_status":"open","template":"","meta":{"_et_pb_use_builder":"on","_et_pb_old_content":"","_et_gb_content_width":"","footnotes":""},"class_list":["post-5110","page","type-page","status-publish","hentry"],"yoast_head":"<!-- This site is optimized with the Yoast SEO plugin v23.7 - https:\/\/yoast.com\/wordpress\/plugins\/seo\/ -->\n<title>Baz\u00e9nov\u00e9 lemy | Kamenictv\u00ed Pra\u017esk\u00fd k\u00e1men<\/title>\n<meta name=\"description\" content=\"Kamenn\u00e9 baz\u00e9nov\u00e9 lemy ve vysok\u00e9 kvalit\u011b. Baz\u00e9nov\u00e9 lemy velmi vhodn\u011b dopln\u00ed v\u00e1\u0161 baz\u00e9n. Baz\u00e9nov\u00e9 lemy slou\u017e\u00ed jako vlnolam a opticky srovn\u00e1 nerovnosti baz\u00e9nu.\" \/>\n<meta name=\"robots\" content=\"index, follow, max-snippet:-1, max-image-preview:large, max-video-preview:-1\" \/>\n<link rel=\"canonical\" href=\"https:\/\/www.prazskykamen.cz\/ru\/kamenne-produkty\/bazeny\/bazenove-lemy\/\" \/>\n<meta property=\"og:locale\" content=\"cs_CZ\" \/>\n<meta property=\"og:type\" content=\"article\" \/>\n<meta property=\"og:title\" content=\"Baz\u00e9nov\u00e9 lemy | Kamenictv\u00ed Pra\u017esk\u00fd k\u00e1men\" \/>\n<meta property=\"og:description\" content=\"Kamenn\u00e9 baz\u00e9nov\u00e9 lemy ve vysok\u00e9 kvalit\u011b. Baz\u00e9nov\u00e9 lemy velmi vhodn\u011b dopln\u00ed v\u00e1\u0161 baz\u00e9n. Baz\u00e9nov\u00e9 lemy slou\u017e\u00ed jako vlnolam a opticky srovn\u00e1 nerovnosti baz\u00e9nu.\" \/>\n<meta property=\"og:url\" content=\"https:\/\/www.prazskykamen.cz\/ru\/kamenne-produkty\/bazeny\/bazenove-lemy\/\" \/>\n<meta property=\"og:site_name\" content=\"\u041f\u0440\u0430\u0433\u0430 \u043a\u0430\u043c\u0435\u043d\u044c\" \/>\n<meta property=\"article:modified_time\" content=\"2016-01-11T10:20:38+00:00\" \/>\n<meta property=\"og:image\" content=\"https:\/\/www.prazskykamen.cz\/wp-content\/uploads\/2015\/03\/lemy.jpg\" \/>\n<meta name=\"twitter:card\" content=\"summary_large_image\" \/>\n<script type=\"application\/ld+json\" class=\"yoast-schema-graph\">{\"@context\":\"https:\/\/schema.org\",\"@graph\":[{\"@type\":\"WebPage\",\"@id\":\"https:\/\/www.prazskykamen.cz\/ru\/kamenne-produkty\/bazeny\/bazenove-lemy\/\",\"url\":\"https:\/\/www.prazskykamen.cz\/ru\/kamenne-produkty\/bazeny\/bazenove-lemy\/\",\"name\":\"Baz\u00e9nov\u00e9 lemy | Kamenictv\u00ed Pra\u017esk\u00fd k\u00e1men\",\"isPartOf\":{\"@id\":\"https:\/\/www.prazskykamen.cz\/ru\/#website\"},\"primaryImageOfPage\":{\"@id\":\"https:\/\/www.prazskykamen.cz\/ru\/kamenne-produkty\/bazeny\/bazenove-lemy\/#primaryimage\"},\"image\":{\"@id\":\"https:\/\/www.prazskykamen.cz\/ru\/kamenne-produkty\/bazeny\/bazenove-lemy\/#primaryimage\"},\"thumbnailUrl\":\"https:\/\/www.prazskykamen.cz\/wp-content\/uploads\/2015\/03\/lemy.jpg\",\"datePublished\":\"2015-03-20T14:26:17+00:00\",\"dateModified\":\"2016-01-11T10:20:38+00:00\",\"description\":\"Kamenn\u00e9 baz\u00e9nov\u00e9 lemy ve vysok\u00e9 kvalit\u011b. Baz\u00e9nov\u00e9 lemy velmi vhodn\u011b dopln\u00ed v\u00e1\u0161 baz\u00e9n. Baz\u00e9nov\u00e9 lemy slou\u017e\u00ed jako vlnolam a opticky srovn\u00e1 nerovnosti baz\u00e9nu.\",\"breadcrumb\":{\"@id\":\"https:\/\/www.prazskykamen.cz\/ru\/kamenne-produkty\/bazeny\/bazenove-lemy\/#breadcrumb\"},\"inLanguage\":\"cs\",\"potentialAction\":[{\"@type\":\"ReadAction\",\"target\":[\"https:\/\/www.prazskykamen.cz\/ru\/kamenne-produkty\/bazeny\/bazenove-lemy\/\"]}]},{\"@type\":\"ImageObject\",\"inLanguage\":\"cs\",\"@id\":\"https:\/\/www.prazskykamen.cz\/ru\/kamenne-produkty\/bazeny\/bazenove-lemy\/#primaryimage\",\"url\":\"https:\/\/www.prazskykamen.cz\/wp-content\/uploads\/2015\/03\/lemy.jpg\",\"contentUrl\":\"https:\/\/www.prazskykamen.cz\/wp-content\/uploads\/2015\/03\/lemy.jpg\"},{\"@type\":\"BreadcrumbList\",\"@id\":\"https:\/\/www.prazskykamen.cz\/ru\/kamenne-produkty\/bazeny\/bazenove-lemy\/#breadcrumb\",\"itemListElement\":[{\"@type\":\"ListItem\",\"position\":1,\"name\":\"Dom\u016f\",\"item\":\"https:\/\/www.prazskykamen.cz\/ru\/\"},{\"@type\":\"ListItem\",\"position\":2,\"name\":\"\u0418\u0417\u0414\u0415\u041b\u0418\u042f \u0418\u0417 \u041a\u0410\u041c\u041d\u042f\",\"item\":\"https:\/\/www.prazskykamen.cz\/ru\/kamenne-produkty\/\"},{\"@type\":\"ListItem\",\"position\":3,\"name\":\"\u041e\u041a\u0410\u041d\u0422\u041e\u0412\u041a\u0410 \u0411\u0410\u0421\u0421\u0415\u0419\u041d\u041e\u0412\",\"item\":\"https:\/\/www.prazskykamen.cz\/ru\/kamenne-produkty\/bazeny\/\"},{\"@type\":\"ListItem\",\"position\":4,\"name\":\"\u041e\u041a\u0410\u041d\u0422\u041e\u0412\u041a\u0410 \u0411\u0410\u0421\u0421\u0415\u0419\u041d\u041e\u0412\"}]},{\"@type\":\"WebSite\",\"@id\":\"https:\/\/www.prazskykamen.cz\/ru\/#website\",\"url\":\"https:\/\/www.prazskykamen.cz\/ru\/\",\"name\":\"\u041f\u0440\u0430\u0433\u0430 \u043a\u0430\u043c\u0435\u043d\u044c\",\"description\":\"Dal\u0161\u00ed nov\u00fd web v r\u00e1mci s\u00edt\u011b Pra\u017esk\u00fd k\u00e1men Sites\",\"potentialAction\":[{\"@type\":\"SearchAction\",\"target\":{\"@type\":\"EntryPoint\",\"urlTemplate\":\"https:\/\/www.prazskykamen.cz\/ru\/?s={search_term_string}\"},\"query-input\":{\"@type\":\"PropertyValueSpecification\",\"valueRequired\":true,\"valueName\":\"search_term_string\"}}],\"inLanguage\":\"cs\"}]}<\/script>\n<!-- \/ Yoast SEO plugin. -->","yoast_head_json":{"title":"Baz\u00e9nov\u00e9 lemy | Kamenictv\u00ed Pra\u017esk\u00fd k\u00e1men","description":"Kamenn\u00e9 baz\u00e9nov\u00e9 lemy ve vysok\u00e9 kvalit\u011b. Baz\u00e9nov\u00e9 lemy velmi vhodn\u011b dopln\u00ed v\u00e1\u0161 baz\u00e9n. Baz\u00e9nov\u00e9 lemy slou\u017e\u00ed jako vlnolam a opticky srovn\u00e1 nerovnosti baz\u00e9nu.","robots":{"index":"index","follow":"follow","max-snippet":"max-snippet:-1","max-image-preview":"max-image-preview:large","max-video-preview":"max-video-preview:-1"},"canonical":"https:\/\/www.prazskykamen.cz\/ru\/kamenne-produkty\/bazeny\/bazenove-lemy\/","og_locale":"cs_CZ","og_type":"article","og_title":"Baz\u00e9nov\u00e9 lemy | Kamenictv\u00ed Pra\u017esk\u00fd k\u00e1men","og_description":"Kamenn\u00e9 baz\u00e9nov\u00e9 lemy ve vysok\u00e9 kvalit\u011b. Baz\u00e9nov\u00e9 lemy velmi vhodn\u011b dopln\u00ed v\u00e1\u0161 baz\u00e9n. Baz\u00e9nov\u00e9 lemy slou\u017e\u00ed jako vlnolam a opticky srovn\u00e1 nerovnosti baz\u00e9nu.","og_url":"https:\/\/www.prazskykamen.cz\/ru\/kamenne-produkty\/bazeny\/bazenove-lemy\/","og_site_name":"\u041f\u0440\u0430\u0433\u0430 \u043a\u0430\u043c\u0435\u043d\u044c","article_modified_time":"2016-01-11T10:20:38+00:00","og_image":[{"url":"https:\/\/www.prazskykamen.cz\/wp-content\/uploads\/2015\/03\/lemy.jpg"}],"twitter_card":"summary_large_image","schema":{"@context":"https:\/\/schema.org","@graph":[{"@type":"WebPage","@id":"https:\/\/www.prazskykamen.cz\/ru\/kamenne-produkty\/bazeny\/bazenove-lemy\/","url":"https:\/\/www.prazskykamen.cz\/ru\/kamenne-produkty\/bazeny\/bazenove-lemy\/","name":"Baz\u00e9nov\u00e9 lemy | Kamenictv\u00ed Pra\u017esk\u00fd k\u00e1men","isPartOf":{"@id":"https:\/\/www.prazskykamen.cz\/ru\/#website"},"primaryImageOfPage":{"@id":"https:\/\/www.prazskykamen.cz\/ru\/kamenne-produkty\/bazeny\/bazenove-lemy\/#primaryimage"},"image":{"@id":"https:\/\/www.prazskykamen.cz\/ru\/kamenne-produkty\/bazeny\/bazenove-lemy\/#primaryimage"},"thumbnailUrl":"https:\/\/www.prazskykamen.cz\/wp-content\/uploads\/2015\/03\/lemy.jpg","datePublished":"2015-03-20T14:26:17+00:00","dateModified":"2016-01-11T10:20:38+00:00","description":"Kamenn\u00e9 baz\u00e9nov\u00e9 lemy ve vysok\u00e9 kvalit\u011b. Baz\u00e9nov\u00e9 lemy velmi vhodn\u011b dopln\u00ed v\u00e1\u0161 baz\u00e9n. Baz\u00e9nov\u00e9 lemy slou\u017e\u00ed jako vlnolam a opticky srovn\u00e1 nerovnosti baz\u00e9nu.","breadcrumb":{"@id":"https:\/\/www.prazskykamen.cz\/ru\/kamenne-produkty\/bazeny\/bazenove-lemy\/#breadcrumb"},"inLanguage":"cs","potentialAction":[{"@type":"ReadAction","target":["https:\/\/www.prazskykamen.cz\/ru\/kamenne-produkty\/bazeny\/bazenove-lemy\/"]}]},{"@type":"ImageObject","inLanguage":"cs","@id":"https:\/\/www.prazskykamen.cz\/ru\/kamenne-produkty\/bazeny\/bazenove-lemy\/#primaryimage","url":"https:\/\/www.prazskykamen.cz\/wp-content\/uploads\/2015\/03\/lemy.jpg","contentUrl":"https:\/\/www.prazskykamen.cz\/wp-content\/uploads\/2015\/03\/lemy.jpg"},{"@type":"BreadcrumbList","@id":"https:\/\/www.prazskykamen.cz\/ru\/kamenne-produkty\/bazeny\/bazenove-lemy\/#breadcrumb","itemListElement":[{"@type":"ListItem","position":1,"name":"Dom\u016f","item":"https:\/\/www.prazskykamen.cz\/ru\/"},{"@type":"ListItem","position":2,"name":"\u0418\u0417\u0414\u0415\u041b\u0418\u042f \u0418\u0417 \u041a\u0410\u041c\u041d\u042f","item":"https:\/\/www.prazskykamen.cz\/ru\/kamenne-produkty\/"},{"@type":"ListItem","position":3,"name":"\u041e\u041a\u0410\u041d\u0422\u041e\u0412\u041a\u0410 \u0411\u0410\u0421\u0421\u0415\u0419\u041d\u041e\u0412","item":"https:\/\/www.prazskykamen.cz\/ru\/kamenne-produkty\/bazeny\/"},{"@type":"ListItem","position":4,"name":"\u041e\u041a\u0410\u041d\u0422\u041e\u0412\u041a\u0410 \u0411\u0410\u0421\u0421\u0415\u0419\u041d\u041e\u0412"}]},{"@type":"WebSite","@id":"https:\/\/www.prazskykamen.cz\/ru\/#website","url":"https:\/\/www.prazskykamen.cz\/ru\/","name":"\u041f\u0440\u0430\u0433\u0430 \u043a\u0430\u043c\u0435\u043d\u044c","description":"Dal\u0161\u00ed nov\u00fd web v r\u00e1mci s\u00edt\u011b Pra\u017esk\u00fd k\u00e1men Sites","potentialAction":[{"@type":"SearchAction","target":{"@type":"EntryPoint","urlTemplate":"https:\/\/www.prazskykamen.cz\/ru\/?s={search_term_string}"},"query-input":{"@type":"PropertyValueSpecification","valueRequired":true,"valueName":"search_term_string"}}],"inLanguage":"cs"}]}},"_links":{"self":[{"href":"https:\/\/www.prazskykamen.cz\/ru\/wp-json\/wp\/v2\/pages\/5110","targetHints":{"allow":["GET"]}}],"collection":[{"href":"https:\/\/www.prazskykamen.cz\/ru\/wp-json\/wp\/v2\/pages"}],"about":[{"href":"https:\/\/www.prazskykamen.cz\/ru\/wp-json\/wp\/v2\/types\/page"}],"author":[{"embeddable":true,"href":"https:\/\/www.prazskykamen.cz\/ru\/wp-json\/wp\/v2\/users\/1"}],"replies":[{"embeddable":true,"href":"https:\/\/www.prazskykamen.cz\/ru\/wp-json\/wp\/v2\/comments?post=5110"}],"version-history":[{"count":4,"href":"https:\/\/www.prazskykamen.cz\/ru\/wp-json\/wp\/v2\/pages\/5110\/revisions"}],"predecessor-version":[{"id":6221,"href":"https:\/\/www.prazskykamen.cz\/ru\/wp-json\/wp\/v2\/pages\/5110\/revisions\/6221"}],"up":[{"embeddable":true,"href":"https:\/\/www.prazskykamen.cz\/ru\/wp-json\/wp\/v2\/pages\/74"}],"wp:attachment":[{"href":"https:\/\/www.prazskykamen.cz\/ru\/wp-json\/wp\/v2\/media?parent=5110"}],"curies":[{"name":"wp","href":"https:\/\/api.w.org\/{rel}","templated":true}]}}