{"id":3056,"date":"2015-02-01T15:58:47","date_gmt":"2015-02-01T14:58:47","guid":{"rendered":"https:\/\/www.prazskykamen.cz\/?page_id=3056"},"modified":"2016-01-07T11:18:14","modified_gmt":"2016-01-07T11:18:14","slug":"emperador-light","status":"publish","type":"page","link":"https:\/\/www.prazskykamen.cz\/ru\/materialy\/materialy-mramor\/emperador-light\/","title":{"rendered":"EMPERADOR LIGHT"},"content":{"rendered":"<p>[et_pb_section][et_pb_row][et_pb_column type=&#8220;1_3&#8243;][et_pb_text admin_label=&#8220;Text&#8220; background_layout=&#8220;light&#8220; text_orientation=&#8220;left&#8220;]<\/p>\n<h1>\u042d\u041c\u041f\u0415\u0420\u0410\u0414\u041e\u0420 \u041b\u0410\u0419\u0422<\/h1>\n<table>\n<tbody>\n<tr>\n<td>\u0422\u0438\u043f<\/td>\n<td>\u043c\u0440\u0430\u043c\u043e\u0440<\/td>\n<\/tr>\n<tr>\n<td>\u0422\u043e\u043b\u0449\u0438\u043d\u0430 <\/td>\n<td>2 \u0438\u043b\u0438 3 \u0441\u043c<\/td>\n<\/tr>\n<tr>\n<td>\u041f\u043e\u0432\u0435\u0440\u0445\u043d\u043e\u0441\u0442\u044c<\/td>\n<td>\u043f\u043e\u043b\u0438\u0440\u043e\u0432\u0430\u043d\u043d\u0430\u044f, \u0448\u043b\u0438\u0444\u043e\u0432\u0430\u043d\u043d\u0430\u044f&nbsp;\u0438 \u0430\u043d\u0442\u0438\u043a<\/td>\n<\/tr>\n<tr>\n<td>\u041e\u0440\u0438\u0435\u043d\u0442\u0438\u0440\u043e\u0432\u043e\u0447\u043d\u0430\u044f \u0446\u0435\u043d\u0430<\/td>\n<td>3 100 \u0447\u0435\u0448\u0441\u043a\u0438\u0445 \u043a\u0440\u043e\u043d\/\u043c<sup>2<\/sup> \u0431\u0435\u0437 \u041d\u0414\u0421<\/td>\n<\/tr>\n<tr>\n<td>\u041f\u0440\u0438\u043c\u0435\u0447\u0430\u043d\u0438\u0435<\/td>\n<td>\u0446\u0435\u043d\u0430 \u0437\u0430 2 \u0441\u043c&nbsp;\u0442\u043e\u043b\u0449\u0438\u043d\u0443<\/td>\n<\/tr>\n<\/tbody>\n<\/table>\n<p>&nbsp;[\/et_pb_text][\/et_pb_column][et_pb_column type=&#8220;2_3&#8243;][et_pb_slider admin_label=&#8220;Slider&#8220; show_arrows=&#8220;on&#8220; show_pagination=&#8220;on&#8220; auto=&#8220;off&#8220; parallax=&#8220;off&#8220; parallax_method=&#8220;off&#8220;][et_pb_slide background_image=&#8220;https:\/\/www.prazskykamen.cz\/wp-content\/uploads\/2015\/02\/EMPERADOR-LIGHT640.jpg&#8220; background_color=&#8220;#ffffff&#8220; alignment=&#8220;center&#8220; background_layout=&#8220;dark&#8220; \/][et_pb_slide background_image=&#8220;https:\/\/www.prazskykamen.cz\/wp-content\/uploads\/2015\/02\/EMPERADOR-LIGHT-DESKA.jpg&#8220; background_color=&#8220;#ffffff&#8220; alignment=&#8220;center&#8220; background_layout=&#8220;dark&#8220; \/][\/et_pb_slider][\/et_pb_column][\/et_pb_row][\/et_pb_section]<\/p>\n","protected":false},"excerpt":{"rendered":"<p><div class=\"et_pb_section et_pb_section_0 et_section_regular\" >\n\t\t\t\t\n\t\t\t\t\n\t\t\t\t\n\t\t\t\t\n\t\t\t\t\n\t\t\t\t\n\t\t\t\t\n\t\t\t\t\n\t\t\t\t\n\t\t\t<\/div><div class=\"et_pb_row et_pb_row_0 et_pb_row_empty\">\n\t\t\t\t\n\t\t\t\t\n\t\t\t\t\n\t\t\t\t\n\t\t\t\t\n\t\t\t<\/div>\u042d\u041c\u041f\u0415\u0420\u0410\u0414\u041e\u0420 \u041b\u0410\u0419\u0422 \u0422\u0438\u043f \u043c\u0440\u0430\u043c\u043e\u0440 \u0422\u043e\u043b\u0449\u0438\u043d\u0430 2 \u0438\u043b\u0438 3 \u0441\u043c \u041f\u043e\u0432\u0435\u0440\u0445\u043d\u043e\u0441\u0442\u044c \u043f\u043e\u043b\u0438\u0440\u043e\u0432\u0430\u043d\u043d\u0430\u044f, \u0448\u043b\u0438\u0444\u043e\u0432\u0430\u043d\u043d\u0430\u044f&nbsp;\u0438 \u0430\u043d\u0442\u0438\u043a \u041e\u0440\u0438\u0435\u043d\u0442\u0438\u0440\u043e\u0432\u043e\u0447\u043d\u0430\u044f \u0446\u0435\u043d\u0430 3 100 \u0447\u0435\u0448\u0441\u043a\u0438\u0445 \u043a\u0440\u043e\u043d\/\u043c2 \u0431\u0435\u0437 \u041d\u0414\u0421 \u041f\u0440\u0438\u043c\u0435\u0447\u0430\u043d\u0438\u0435 \u0446\u0435\u043d\u0430 \u0437\u0430 2 \u0441\u043c&nbsp;\u0442\u043e\u043b\u0449\u0438\u043d\u0443 &nbsp;<\/p>\n","protected":false},"author":1,"featured_media":0,"parent":547,"menu_order":0,"comment_status":"closed","ping_status":"open","template":"","meta":{"_et_pb_use_builder":"on","_et_pb_old_content":"","_et_gb_content_width":"","footnotes":""},"class_list":["post-3056","page","type-page","status-publish","hentry"],"yoast_head":"<!-- This site is optimized with the Yoast SEO plugin v23.7 - https:\/\/yoast.com\/wordpress\/plugins\/seo\/ -->\n<title>EMPERADOR LIGHT - \u041f\u0440\u0430\u0433\u0430 \u043a\u0430\u043c\u0435\u043d\u044c<\/title>\n<meta name=\"robots\" content=\"index, follow, max-snippet:-1, max-image-preview:large, max-video-preview:-1\" \/>\n<link rel=\"canonical\" href=\"https:\/\/www.prazskykamen.cz\/ru\/materialy\/materialy-mramor\/emperador-light\/\" \/>\n<meta property=\"og:locale\" content=\"cs_CZ\" \/>\n<meta property=\"og:type\" content=\"article\" \/>\n<meta property=\"og:title\" content=\"EMPERADOR LIGHT - \u041f\u0440\u0430\u0433\u0430 \u043a\u0430\u043c\u0435\u043d\u044c\" \/>\n<meta property=\"og:description\" content=\"\u042d\u041c\u041f\u0415\u0420\u0410\u0414\u041e\u0420 \u041b\u0410\u0419\u0422 \u0422\u0438\u043f \u043c\u0440\u0430\u043c\u043e\u0440 \u0422\u043e\u043b\u0449\u0438\u043d\u0430 2 \u0438\u043b\u0438 3 \u0441\u043c \u041f\u043e\u0432\u0435\u0440\u0445\u043d\u043e\u0441\u0442\u044c \u043f\u043e\u043b\u0438\u0440\u043e\u0432\u0430\u043d\u043d\u0430\u044f, \u0448\u043b\u0438\u0444\u043e\u0432\u0430\u043d\u043d\u0430\u044f&nbsp;\u0438 \u0430\u043d\u0442\u0438\u043a \u041e\u0440\u0438\u0435\u043d\u0442\u0438\u0440\u043e\u0432\u043e\u0447\u043d\u0430\u044f \u0446\u0435\u043d\u0430 3 100 \u0447\u0435\u0448\u0441\u043a\u0438\u0445 \u043a\u0440\u043e\u043d\/\u043c2 \u0431\u0435\u0437 \u041d\u0414\u0421 \u041f\u0440\u0438\u043c\u0435\u0447\u0430\u043d\u0438\u0435 \u0446\u0435\u043d\u0430 \u0437\u0430 2 \u0441\u043c&nbsp;\u0442\u043e\u043b\u0449\u0438\u043d\u0443 &nbsp;\" \/>\n<meta property=\"og:url\" content=\"https:\/\/www.prazskykamen.cz\/ru\/materialy\/materialy-mramor\/emperador-light\/\" \/>\n<meta property=\"og:site_name\" content=\"\u041f\u0440\u0430\u0433\u0430 \u043a\u0430\u043c\u0435\u043d\u044c\" \/>\n<meta property=\"article:modified_time\" content=\"2016-01-07T11:18:14+00:00\" \/>\n<meta name=\"twitter:card\" content=\"summary_large_image\" \/>\n<meta name=\"twitter:label1\" content=\"Odhadovan\u00e1 doba \u010dten\u00ed\" \/>\n\t<meta name=\"twitter:data1\" content=\"1 minuta\" \/>\n<script type=\"application\/ld+json\" class=\"yoast-schema-graph\">{\"@context\":\"https:\/\/schema.org\",\"@graph\":[{\"@type\":\"WebPage\",\"@id\":\"https:\/\/www.prazskykamen.cz\/ru\/materialy\/materialy-mramor\/emperador-light\/\",\"url\":\"https:\/\/www.prazskykamen.cz\/ru\/materialy\/materialy-mramor\/emperador-light\/\",\"name\":\"EMPERADOR LIGHT - \u041f\u0440\u0430\u0433\u0430 \u043a\u0430\u043c\u0435\u043d\u044c\",\"isPartOf\":{\"@id\":\"https:\/\/www.prazskykamen.cz\/ru\/#website\"},\"datePublished\":\"2015-02-01T14:58:47+00:00\",\"dateModified\":\"2016-01-07T11:18:14+00:00\",\"breadcrumb\":{\"@id\":\"https:\/\/www.prazskykamen.cz\/ru\/materialy\/materialy-mramor\/emperador-light\/#breadcrumb\"},\"inLanguage\":\"cs\",\"potentialAction\":[{\"@type\":\"ReadAction\",\"target\":[\"https:\/\/www.prazskykamen.cz\/ru\/materialy\/materialy-mramor\/emperador-light\/\"]}]},{\"@type\":\"BreadcrumbList\",\"@id\":\"https:\/\/www.prazskykamen.cz\/ru\/materialy\/materialy-mramor\/emperador-light\/#breadcrumb\",\"itemListElement\":[{\"@type\":\"ListItem\",\"position\":1,\"name\":\"Dom\u016f\",\"item\":\"https:\/\/www.prazskykamen.cz\/ru\/\"},{\"@type\":\"ListItem\",\"position\":2,\"name\":\"\u041c\u0410\u0422\u0415\u0420\u0418\u0410\u041b\u042b\",\"item\":\"https:\/\/www.prazskykamen.cz\/ru\/materialy\/\"},{\"@type\":\"ListItem\",\"position\":3,\"name\":\"\u041c\u0420\u0410\u041c\u041e\u0420\",\"item\":\"https:\/\/www.prazskykamen.cz\/ru\/materialy\/materialy-mramor\/\"},{\"@type\":\"ListItem\",\"position\":4,\"name\":\"EMPERADOR LIGHT\"}]},{\"@type\":\"WebSite\",\"@id\":\"https:\/\/www.prazskykamen.cz\/ru\/#website\",\"url\":\"https:\/\/www.prazskykamen.cz\/ru\/\",\"name\":\"\u041f\u0440\u0430\u0433\u0430 \u043a\u0430\u043c\u0435\u043d\u044c\",\"description\":\"Dal\u0161\u00ed nov\u00fd web v r\u00e1mci s\u00edt\u011b Pra\u017esk\u00fd k\u00e1men Sites\",\"potentialAction\":[{\"@type\":\"SearchAction\",\"target\":{\"@type\":\"EntryPoint\",\"urlTemplate\":\"https:\/\/www.prazskykamen.cz\/ru\/?s={search_term_string}\"},\"query-input\":{\"@type\":\"PropertyValueSpecification\",\"valueRequired\":true,\"valueName\":\"search_term_string\"}}],\"inLanguage\":\"cs\"}]}<\/script>\n<!-- \/ Yoast SEO plugin. -->","yoast_head_json":{"title":"EMPERADOR LIGHT - \u041f\u0440\u0430\u0433\u0430 \u043a\u0430\u043c\u0435\u043d\u044c","robots":{"index":"index","follow":"follow","max-snippet":"max-snippet:-1","max-image-preview":"max-image-preview:large","max-video-preview":"max-video-preview:-1"},"canonical":"https:\/\/www.prazskykamen.cz\/ru\/materialy\/materialy-mramor\/emperador-light\/","og_locale":"cs_CZ","og_type":"article","og_title":"EMPERADOR LIGHT - \u041f\u0440\u0430\u0433\u0430 \u043a\u0430\u043c\u0435\u043d\u044c","og_description":"\u042d\u041c\u041f\u0415\u0420\u0410\u0414\u041e\u0420 \u041b\u0410\u0419\u0422 \u0422\u0438\u043f \u043c\u0440\u0430\u043c\u043e\u0440 \u0422\u043e\u043b\u0449\u0438\u043d\u0430 2 \u0438\u043b\u0438 3 \u0441\u043c \u041f\u043e\u0432\u0435\u0440\u0445\u043d\u043e\u0441\u0442\u044c \u043f\u043e\u043b\u0438\u0440\u043e\u0432\u0430\u043d\u043d\u0430\u044f, \u0448\u043b\u0438\u0444\u043e\u0432\u0430\u043d\u043d\u0430\u044f&nbsp;\u0438 \u0430\u043d\u0442\u0438\u043a \u041e\u0440\u0438\u0435\u043d\u0442\u0438\u0440\u043e\u0432\u043e\u0447\u043d\u0430\u044f \u0446\u0435\u043d\u0430 3 100 \u0447\u0435\u0448\u0441\u043a\u0438\u0445 \u043a\u0440\u043e\u043d\/\u043c2 \u0431\u0435\u0437 \u041d\u0414\u0421 \u041f\u0440\u0438\u043c\u0435\u0447\u0430\u043d\u0438\u0435 \u0446\u0435\u043d\u0430 \u0437\u0430 2 \u0441\u043c&nbsp;\u0442\u043e\u043b\u0449\u0438\u043d\u0443 &nbsp;","og_url":"https:\/\/www.prazskykamen.cz\/ru\/materialy\/materialy-mramor\/emperador-light\/","og_site_name":"\u041f\u0440\u0430\u0433\u0430 \u043a\u0430\u043c\u0435\u043d\u044c","article_modified_time":"2016-01-07T11:18:14+00:00","twitter_card":"summary_large_image","twitter_misc":{"Odhadovan\u00e1 doba \u010dten\u00ed":"1 minuta"},"schema":{"@context":"https:\/\/schema.org","@graph":[{"@type":"WebPage","@id":"https:\/\/www.prazskykamen.cz\/ru\/materialy\/materialy-mramor\/emperador-light\/","url":"https:\/\/www.prazskykamen.cz\/ru\/materialy\/materialy-mramor\/emperador-light\/","name":"EMPERADOR LIGHT - \u041f\u0440\u0430\u0433\u0430 \u043a\u0430\u043c\u0435\u043d\u044c","isPartOf":{"@id":"https:\/\/www.prazskykamen.cz\/ru\/#website"},"datePublished":"2015-02-01T14:58:47+00:00","dateModified":"2016-01-07T11:18:14+00:00","breadcrumb":{"@id":"https:\/\/www.prazskykamen.cz\/ru\/materialy\/materialy-mramor\/emperador-light\/#breadcrumb"},"inLanguage":"cs","potentialAction":[{"@type":"ReadAction","target":["https:\/\/www.prazskykamen.cz\/ru\/materialy\/materialy-mramor\/emperador-light\/"]}]},{"@type":"BreadcrumbList","@id":"https:\/\/www.prazskykamen.cz\/ru\/materialy\/materialy-mramor\/emperador-light\/#breadcrumb","itemListElement":[{"@type":"ListItem","position":1,"name":"Dom\u016f","item":"https:\/\/www.prazskykamen.cz\/ru\/"},{"@type":"ListItem","position":2,"name":"\u041c\u0410\u0422\u0415\u0420\u0418\u0410\u041b\u042b","item":"https:\/\/www.prazskykamen.cz\/ru\/materialy\/"},{"@type":"ListItem","position":3,"name":"\u041c\u0420\u0410\u041c\u041e\u0420","item":"https:\/\/www.prazskykamen.cz\/ru\/materialy\/materialy-mramor\/"},{"@type":"ListItem","position":4,"name":"EMPERADOR LIGHT"}]},{"@type":"WebSite","@id":"https:\/\/www.prazskykamen.cz\/ru\/#website","url":"https:\/\/www.prazskykamen.cz\/ru\/","name":"\u041f\u0440\u0430\u0433\u0430 \u043a\u0430\u043c\u0435\u043d\u044c","description":"Dal\u0161\u00ed nov\u00fd web v r\u00e1mci s\u00edt\u011b Pra\u017esk\u00fd k\u00e1men Sites","potentialAction":[{"@type":"SearchAction","target":{"@type":"EntryPoint","urlTemplate":"https:\/\/www.prazskykamen.cz\/ru\/?s={search_term_string}"},"query-input":{"@type":"PropertyValueSpecification","valueRequired":true,"valueName":"search_term_string"}}],"inLanguage":"cs"}]}},"_links":{"self":[{"href":"https:\/\/www.prazskykamen.cz\/ru\/wp-json\/wp\/v2\/pages\/3056","targetHints":{"allow":["GET"]}}],"collection":[{"href":"https:\/\/www.prazskykamen.cz\/ru\/wp-json\/wp\/v2\/pages"}],"about":[{"href":"https:\/\/www.prazskykamen.cz\/ru\/wp-json\/wp\/v2\/types\/page"}],"author":[{"embeddable":true,"href":"https:\/\/www.prazskykamen.cz\/ru\/wp-json\/wp\/v2\/users\/1"}],"replies":[{"embeddable":true,"href":"https:\/\/www.prazskykamen.cz\/ru\/wp-json\/wp\/v2\/comments?post=3056"}],"version-history":[{"count":1,"href":"https:\/\/www.prazskykamen.cz\/ru\/wp-json\/wp\/v2\/pages\/3056\/revisions"}],"predecessor-version":[{"id":6094,"href":"https:\/\/www.prazskykamen.cz\/ru\/wp-json\/wp\/v2\/pages\/3056\/revisions\/6094"}],"up":[{"embeddable":true,"href":"https:\/\/www.prazskykamen.cz\/ru\/wp-json\/wp\/v2\/pages\/547"}],"wp:attachment":[{"href":"https:\/\/www.prazskykamen.cz\/ru\/wp-json\/wp\/v2\/media?parent=3056"}],"curies":[{"name":"wp","href":"https:\/\/api.w.org\/{rel}","templated":true}]}}