{"id":2597,"date":"2015-01-21T14:43:25","date_gmt":"2015-01-21T13:43:25","guid":{"rendered":"https:\/\/www.prazskykamen.cz\/?page_id=2597"},"modified":"2023-06-09T15:03:00","modified_gmt":"2023-06-09T15:03:00","slug":"efekt-zdiva-jednotlive-quartzit-stipany","status":"publish","type":"page","link":"https:\/\/www.prazskykamen.cz\/ru\/kamenne-produkty\/kamenne-obklady-a-dlazby\/efekt-zdiva\/efekt-zdiva-jednotlive-quartzit-stipany\/","title":{"rendered":"efekt zdiva jednotlive quartzit \u0161t\u00edpan\u00fd"},"content":{"rendered":"<p>[et_pb_section fb_built=&#8220;1&#8243; _builder_version=&#8220;4.16&#8243; global_colors_info=&#8220;{}&#8220;][et_pb_row _builder_version=&#8220;4.16&#8243; background_size=&#8220;initial&#8220; background_position=&#8220;top_left&#8220; background_repeat=&#8220;repeat&#8220; global_colors_info=&#8220;{}&#8220; column_structure=&#8220;1_3,2_3&#8243;][et_pb_column type=&#8220;1_3&#8243; _builder_version=&#8220;4.16&#8243; custom_padding=&#8220;|||&#8220; global_colors_info=&#8220;{}&#8220; custom_padding__hover=&#8220;|||&#8220;][et_pb_text admin_label=&#8220;Text&#8220; _builder_version=&#8220;4.19.2&#8243; background_size=&#8220;initial&#8220; background_position=&#8220;top_left&#8220; background_repeat=&#8220;repeat&#8220; hover_enabled=&#8220;0&#8243; global_colors_info=&#8220;{}&#8220; sticky_enabled=&#8220;0&#8243;]<\/p>\n<h1>Quartzit \u0161t\u00edpan\u00fd<\/h1>\n<table>\n<tbody>\n<tr>\n<td>Typ<\/td>\n<td>k\u0159emenec<\/td>\n<\/tr>\n<tr>\n<td>Tlou\u0161\u0165ka<\/td>\n<td>2 &#8211; 3 cm<\/td>\n<\/tr>\n<tr>\n<td>Povrch<\/td>\n<td>p\u0159irozen\u011b \u0161t\u00edpan\u00fd<\/td>\n<\/tr>\n<tr>\n<td>Rozm\u011bry<\/td>\n<td>pr\u016fm\u011br 30 &#8211; 40 cm<\/td>\n<\/tr>\n<tr>\n<td>Orienta\u010dn\u00ed cena<\/td>\n<td>1150 K\u010d\/m<sup>2<\/sup> bez DPH<\/td>\n<\/tr>\n<\/tbody>\n<\/table>\n<p>&nbsp;<\/p>\n<p>[\/et_pb_text][\/et_pb_column][et_pb_column type=&#8220;2_3&#8243; _builder_version=&#8220;4.16&#8243; custom_padding=&#8220;|||&#8220; global_colors_info=&#8220;{}&#8220; custom_padding__hover=&#8220;|||&#8220;][et_pb_slider admin_label=&#8220;Slider&#8220; _builder_version=&#8220;4.16&#8243; custom_padding=&#8220;|||&#8220; custom_padding_tablet=&#8220;|||&#8220; custom_padding_phone=&#8220;|||&#8220; box_shadow_style=&#8220;preset6&#8243; box_shadow_blur=&#8220;10px&#8220; box_shadow_color=&#8220;rgba(0,0,0,0.1)&#8220; show_inner_shadow=&#8220;on&#8220; global_colors_info=&#8220;{}&#8220; button_text_size__hover_enabled=&#8220;off&#8220; button_one_text_size__hover_enabled=&#8220;off&#8220; button_two_text_size__hover_enabled=&#8220;off&#8220; button_text_color__hover_enabled=&#8220;off&#8220; button_one_text_color__hover_enabled=&#8220;off&#8220; button_two_text_color__hover_enabled=&#8220;off&#8220; button_border_width__hover_enabled=&#8220;off&#8220; button_one_border_width__hover_enabled=&#8220;off&#8220; button_two_border_width__hover_enabled=&#8220;off&#8220; button_border_color__hover_enabled=&#8220;off&#8220; button_one_border_color__hover_enabled=&#8220;off&#8220; button_two_border_color__hover_enabled=&#8220;off&#8220; button_border_radius__hover_enabled=&#8220;off&#8220; button_one_border_radius__hover_enabled=&#8220;off&#8220; button_two_border_radius__hover_enabled=&#8220;off&#8220; button_letter_spacing__hover_enabled=&#8220;off&#8220; button_one_letter_spacing__hover_enabled=&#8220;off&#8220; button_two_letter_spacing__hover_enabled=&#8220;off&#8220; button_bg_color__hover_enabled=&#8220;off&#8220; button_one_bg_color__hover_enabled=&#8220;off&#8220; button_two_bg_color__hover_enabled=&#8220;off&#8220;][et_pb_slide _builder_version=&#8220;4.16&#8243; background_color=&#8220;#ffffff&#8220; background_image=&#8220;https:\/\/www.prazskykamen.cz\/wp-content\/uploads\/2014\/12\/quartzit-stipany.jpg&#8220; global_colors_info=&#8220;{}&#8220; sticky_transition=&#8220;on&#8220; button_text_size__hover_enabled=&#8220;off&#8220; button_one_text_size__hover_enabled=&#8220;off&#8220; button_two_text_size__hover_enabled=&#8220;off&#8220; button_text_color__hover_enabled=&#8220;off&#8220; button_one_text_color__hover_enabled=&#8220;off&#8220; button_two_text_color__hover_enabled=&#8220;off&#8220; button_border_width__hover_enabled=&#8220;off&#8220; button_one_border_width__hover_enabled=&#8220;off&#8220; button_two_border_width__hover_enabled=&#8220;off&#8220; button_border_color__hover_enabled=&#8220;off&#8220; button_one_border_color__hover_enabled=&#8220;off&#8220; button_two_border_color__hover_enabled=&#8220;off&#8220; button_border_radius__hover_enabled=&#8220;off&#8220; button_one_border_radius__hover_enabled=&#8220;off&#8220; button_two_border_radius__hover_enabled=&#8220;off&#8220; button_letter_spacing__hover_enabled=&#8220;off&#8220; button_one_letter_spacing__hover_enabled=&#8220;off&#8220; button_two_letter_spacing__hover_enabled=&#8220;off&#8220; button_bg_color__hover_enabled=&#8220;off&#8220; button_one_bg_color__hover_enabled=&#8220;off&#8220; button_two_bg_color__hover_enabled=&#8220;off&#8220;][\/et_pb_slide][et_pb_slide _builder_version=&#8220;4.16&#8243; background_color=&#8220;#ffffff&#8220; background_image=&#8220;https:\/\/www.prazskykamen.cz\/wp-content\/uploads\/2015\/01\/QUARTZITE-OBKLAD-gal.jpg&#8220; global_colors_info=&#8220;{}&#8220; sticky_transition=&#8220;on&#8220; button_text_size__hover_enabled=&#8220;off&#8220; button_one_text_size__hover_enabled=&#8220;off&#8220; button_two_text_size__hover_enabled=&#8220;off&#8220; button_text_color__hover_enabled=&#8220;off&#8220; button_one_text_color__hover_enabled=&#8220;off&#8220; button_two_text_color__hover_enabled=&#8220;off&#8220; button_border_width__hover_enabled=&#8220;off&#8220; button_one_border_width__hover_enabled=&#8220;off&#8220; button_two_border_width__hover_enabled=&#8220;off&#8220; button_border_color__hover_enabled=&#8220;off&#8220; button_one_border_color__hover_enabled=&#8220;off&#8220; button_two_border_color__hover_enabled=&#8220;off&#8220; button_border_radius__hover_enabled=&#8220;off&#8220; button_one_border_radius__hover_enabled=&#8220;off&#8220; button_two_border_radius__hover_enabled=&#8220;off&#8220; button_letter_spacing__hover_enabled=&#8220;off&#8220; button_one_letter_spacing__hover_enabled=&#8220;off&#8220; button_two_letter_spacing__hover_enabled=&#8220;off&#8220; button_bg_color__hover_enabled=&#8220;off&#8220; button_one_bg_color__hover_enabled=&#8220;off&#8220; button_two_bg_color__hover_enabled=&#8220;off&#8220;][\/et_pb_slide][\/et_pb_slider][\/et_pb_column][\/et_pb_row][\/et_pb_section]<\/p>\n","protected":false},"excerpt":{"rendered":"<p>Quartzit \u0161t\u00edpan\u00fd Typ k\u0159emenec Tlou\u0161\u0165ka 2 &#8211; 3 cm Povrch p\u0159irozen\u011b \u0161t\u00edpan\u00fd Rozm\u011bry pr\u016fm\u011br 30 &#8211; 40 cm Orienta\u010dn\u00ed cena 1150 K\u010d\/m2 bez DPH &nbsp;<\/p>\n","protected":false},"author":1,"featured_media":0,"parent":339,"menu_order":0,"comment_status":"closed","ping_status":"open","template":"","meta":{"_et_pb_use_builder":"on","_et_pb_old_content":"","_et_gb_content_width":"","footnotes":""},"class_list":["post-2597","page","type-page","status-publish","hentry"],"yoast_head":"<!-- This site is optimized with the Yoast SEO plugin v23.7 - https:\/\/yoast.com\/wordpress\/plugins\/seo\/ -->\n<title>efekt zdiva jednotlive quartzit \u0161t\u00edpan\u00fd - \u041f\u0440\u0430\u0433\u0430 \u043a\u0430\u043c\u0435\u043d\u044c<\/title>\n<meta name=\"robots\" content=\"index, follow, max-snippet:-1, max-image-preview:large, max-video-preview:-1\" \/>\n<link rel=\"canonical\" href=\"https:\/\/www.prazskykamen.cz\/ru\/kamenne-produkty\/kamenne-obklady-a-dlazby\/efekt-zdiva\/efekt-zdiva-jednotlive-quartzit-stipany\/\" \/>\n<meta property=\"og:locale\" content=\"cs_CZ\" \/>\n<meta property=\"og:type\" content=\"article\" \/>\n<meta property=\"og:title\" content=\"efekt zdiva jednotlive quartzit \u0161t\u00edpan\u00fd - \u041f\u0440\u0430\u0433\u0430 \u043a\u0430\u043c\u0435\u043d\u044c\" \/>\n<meta property=\"og:description\" content=\"Quartzit \u0161t\u00edpan\u00fd Typ k\u0159emenec Tlou\u0161\u0165ka 2 - 3 cm Povrch p\u0159irozen\u011b \u0161t\u00edpan\u00fd Rozm\u011bry pr\u016fm\u011br 30 - 40 cm Orienta\u010dn\u00ed cena 1150 K\u010d\/m2 bez DPH &nbsp;\" \/>\n<meta property=\"og:url\" content=\"https:\/\/www.prazskykamen.cz\/ru\/kamenne-produkty\/kamenne-obklady-a-dlazby\/efekt-zdiva\/efekt-zdiva-jednotlive-quartzit-stipany\/\" \/>\n<meta property=\"og:site_name\" content=\"\u041f\u0440\u0430\u0433\u0430 \u043a\u0430\u043c\u0435\u043d\u044c\" \/>\n<meta property=\"article:modified_time\" content=\"2023-06-09T15:03:00+00:00\" \/>\n<meta name=\"twitter:card\" content=\"summary_large_image\" \/>\n<meta name=\"twitter:label1\" content=\"Odhadovan\u00e1 doba \u010dten\u00ed\" \/>\n\t<meta name=\"twitter:data1\" content=\"1 minuta\" \/>\n<script type=\"application\/ld+json\" class=\"yoast-schema-graph\">{\"@context\":\"https:\/\/schema.org\",\"@graph\":[{\"@type\":\"WebPage\",\"@id\":\"https:\/\/www.prazskykamen.cz\/ru\/kamenne-produkty\/kamenne-obklady-a-dlazby\/efekt-zdiva\/efekt-zdiva-jednotlive-quartzit-stipany\/\",\"url\":\"https:\/\/www.prazskykamen.cz\/ru\/kamenne-produkty\/kamenne-obklady-a-dlazby\/efekt-zdiva\/efekt-zdiva-jednotlive-quartzit-stipany\/\",\"name\":\"efekt zdiva jednotlive quartzit \u0161t\u00edpan\u00fd - \u041f\u0440\u0430\u0433\u0430 \u043a\u0430\u043c\u0435\u043d\u044c\",\"isPartOf\":{\"@id\":\"https:\/\/www.prazskykamen.cz\/ru\/#website\"},\"datePublished\":\"2015-01-21T13:43:25+00:00\",\"dateModified\":\"2023-06-09T15:03:00+00:00\",\"breadcrumb\":{\"@id\":\"https:\/\/www.prazskykamen.cz\/ru\/kamenne-produkty\/kamenne-obklady-a-dlazby\/efekt-zdiva\/efekt-zdiva-jednotlive-quartzit-stipany\/#breadcrumb\"},\"inLanguage\":\"cs\",\"potentialAction\":[{\"@type\":\"ReadAction\",\"target\":[\"https:\/\/www.prazskykamen.cz\/ru\/kamenne-produkty\/kamenne-obklady-a-dlazby\/efekt-zdiva\/efekt-zdiva-jednotlive-quartzit-stipany\/\"]}]},{\"@type\":\"BreadcrumbList\",\"@id\":\"https:\/\/www.prazskykamen.cz\/ru\/kamenne-produkty\/kamenne-obklady-a-dlazby\/efekt-zdiva\/efekt-zdiva-jednotlive-quartzit-stipany\/#breadcrumb\",\"itemListElement\":[{\"@type\":\"ListItem\",\"position\":1,\"name\":\"Dom\u016f\",\"item\":\"https:\/\/www.prazskykamen.cz\/ru\/\"},{\"@type\":\"ListItem\",\"position\":2,\"name\":\"\u0418\u0417\u0414\u0415\u041b\u0418\u042f \u0418\u0417 \u041a\u0410\u041c\u041d\u042f\",\"item\":\"https:\/\/www.prazskykamen.cz\/ru\/kamenne-produkty\/\"},{\"@type\":\"ListItem\",\"position\":3,\"name\":\"\u041a\u0410\u041c\u0415\u041d\u041d\u0410\u042f \u041f\u041b\u0418\u0422\u041a\u0410\",\"item\":\"https:\/\/www.prazskykamen.cz\/ru\/kamenne-produkty\/kamenne-obklady-a-dlazby\/\"},{\"@type\":\"ListItem\",\"position\":4,\"name\":\"\u0421 \u044d\u0444\u0444\u0435\u043a\u0442\u043e\u043c \u043a\u043b\u0430\u0434\u043a\u0438\",\"item\":\"https:\/\/www.prazskykamen.cz\/ru\/kamenne-produkty\/kamenne-obklady-a-dlazby\/efekt-zdiva\/\"},{\"@type\":\"ListItem\",\"position\":5,\"name\":\"efekt zdiva jednotlive quartzit \u0161t\u00edpan\u00fd\"}]},{\"@type\":\"WebSite\",\"@id\":\"https:\/\/www.prazskykamen.cz\/ru\/#website\",\"url\":\"https:\/\/www.prazskykamen.cz\/ru\/\",\"name\":\"\u041f\u0440\u0430\u0433\u0430 \u043a\u0430\u043c\u0435\u043d\u044c\",\"description\":\"Dal\u0161\u00ed nov\u00fd web v r\u00e1mci s\u00edt\u011b Pra\u017esk\u00fd k\u00e1men Sites\",\"potentialAction\":[{\"@type\":\"SearchAction\",\"target\":{\"@type\":\"EntryPoint\",\"urlTemplate\":\"https:\/\/www.prazskykamen.cz\/ru\/?s={search_term_string}\"},\"query-input\":{\"@type\":\"PropertyValueSpecification\",\"valueRequired\":true,\"valueName\":\"search_term_string\"}}],\"inLanguage\":\"cs\"}]}<\/script>\n<!-- \/ Yoast SEO plugin. -->","yoast_head_json":{"title":"efekt zdiva jednotlive quartzit \u0161t\u00edpan\u00fd - \u041f\u0440\u0430\u0433\u0430 \u043a\u0430\u043c\u0435\u043d\u044c","robots":{"index":"index","follow":"follow","max-snippet":"max-snippet:-1","max-image-preview":"max-image-preview:large","max-video-preview":"max-video-preview:-1"},"canonical":"https:\/\/www.prazskykamen.cz\/ru\/kamenne-produkty\/kamenne-obklady-a-dlazby\/efekt-zdiva\/efekt-zdiva-jednotlive-quartzit-stipany\/","og_locale":"cs_CZ","og_type":"article","og_title":"efekt zdiva jednotlive quartzit \u0161t\u00edpan\u00fd - \u041f\u0440\u0430\u0433\u0430 \u043a\u0430\u043c\u0435\u043d\u044c","og_description":"Quartzit \u0161t\u00edpan\u00fd Typ k\u0159emenec Tlou\u0161\u0165ka 2 - 3 cm Povrch p\u0159irozen\u011b \u0161t\u00edpan\u00fd Rozm\u011bry pr\u016fm\u011br 30 - 40 cm Orienta\u010dn\u00ed cena 1150 K\u010d\/m2 bez DPH &nbsp;","og_url":"https:\/\/www.prazskykamen.cz\/ru\/kamenne-produkty\/kamenne-obklady-a-dlazby\/efekt-zdiva\/efekt-zdiva-jednotlive-quartzit-stipany\/","og_site_name":"\u041f\u0440\u0430\u0433\u0430 \u043a\u0430\u043c\u0435\u043d\u044c","article_modified_time":"2023-06-09T15:03:00+00:00","twitter_card":"summary_large_image","twitter_misc":{"Odhadovan\u00e1 doba \u010dten\u00ed":"1 minuta"},"schema":{"@context":"https:\/\/schema.org","@graph":[{"@type":"WebPage","@id":"https:\/\/www.prazskykamen.cz\/ru\/kamenne-produkty\/kamenne-obklady-a-dlazby\/efekt-zdiva\/efekt-zdiva-jednotlive-quartzit-stipany\/","url":"https:\/\/www.prazskykamen.cz\/ru\/kamenne-produkty\/kamenne-obklady-a-dlazby\/efekt-zdiva\/efekt-zdiva-jednotlive-quartzit-stipany\/","name":"efekt zdiva jednotlive quartzit \u0161t\u00edpan\u00fd - \u041f\u0440\u0430\u0433\u0430 \u043a\u0430\u043c\u0435\u043d\u044c","isPartOf":{"@id":"https:\/\/www.prazskykamen.cz\/ru\/#website"},"datePublished":"2015-01-21T13:43:25+00:00","dateModified":"2023-06-09T15:03:00+00:00","breadcrumb":{"@id":"https:\/\/www.prazskykamen.cz\/ru\/kamenne-produkty\/kamenne-obklady-a-dlazby\/efekt-zdiva\/efekt-zdiva-jednotlive-quartzit-stipany\/#breadcrumb"},"inLanguage":"cs","potentialAction":[{"@type":"ReadAction","target":["https:\/\/www.prazskykamen.cz\/ru\/kamenne-produkty\/kamenne-obklady-a-dlazby\/efekt-zdiva\/efekt-zdiva-jednotlive-quartzit-stipany\/"]}]},{"@type":"BreadcrumbList","@id":"https:\/\/www.prazskykamen.cz\/ru\/kamenne-produkty\/kamenne-obklady-a-dlazby\/efekt-zdiva\/efekt-zdiva-jednotlive-quartzit-stipany\/#breadcrumb","itemListElement":[{"@type":"ListItem","position":1,"name":"Dom\u016f","item":"https:\/\/www.prazskykamen.cz\/ru\/"},{"@type":"ListItem","position":2,"name":"\u0418\u0417\u0414\u0415\u041b\u0418\u042f \u0418\u0417 \u041a\u0410\u041c\u041d\u042f","item":"https:\/\/www.prazskykamen.cz\/ru\/kamenne-produkty\/"},{"@type":"ListItem","position":3,"name":"\u041a\u0410\u041c\u0415\u041d\u041d\u0410\u042f \u041f\u041b\u0418\u0422\u041a\u0410","item":"https:\/\/www.prazskykamen.cz\/ru\/kamenne-produkty\/kamenne-obklady-a-dlazby\/"},{"@type":"ListItem","position":4,"name":"\u0421 \u044d\u0444\u0444\u0435\u043a\u0442\u043e\u043c \u043a\u043b\u0430\u0434\u043a\u0438","item":"https:\/\/www.prazskykamen.cz\/ru\/kamenne-produkty\/kamenne-obklady-a-dlazby\/efekt-zdiva\/"},{"@type":"ListItem","position":5,"name":"efekt zdiva jednotlive quartzit \u0161t\u00edpan\u00fd"}]},{"@type":"WebSite","@id":"https:\/\/www.prazskykamen.cz\/ru\/#website","url":"https:\/\/www.prazskykamen.cz\/ru\/","name":"\u041f\u0440\u0430\u0433\u0430 \u043a\u0430\u043c\u0435\u043d\u044c","description":"Dal\u0161\u00ed nov\u00fd web v r\u00e1mci s\u00edt\u011b Pra\u017esk\u00fd k\u00e1men Sites","potentialAction":[{"@type":"SearchAction","target":{"@type":"EntryPoint","urlTemplate":"https:\/\/www.prazskykamen.cz\/ru\/?s={search_term_string}"},"query-input":{"@type":"PropertyValueSpecification","valueRequired":true,"valueName":"search_term_string"}}],"inLanguage":"cs"}]}},"_links":{"self":[{"href":"https:\/\/www.prazskykamen.cz\/ru\/wp-json\/wp\/v2\/pages\/2597","targetHints":{"allow":["GET"]}}],"collection":[{"href":"https:\/\/www.prazskykamen.cz\/ru\/wp-json\/wp\/v2\/pages"}],"about":[{"href":"https:\/\/www.prazskykamen.cz\/ru\/wp-json\/wp\/v2\/types\/page"}],"author":[{"embeddable":true,"href":"https:\/\/www.prazskykamen.cz\/ru\/wp-json\/wp\/v2\/users\/1"}],"replies":[{"embeddable":true,"href":"https:\/\/www.prazskykamen.cz\/ru\/wp-json\/wp\/v2\/comments?post=2597"}],"version-history":[{"count":1,"href":"https:\/\/www.prazskykamen.cz\/ru\/wp-json\/wp\/v2\/pages\/2597\/revisions"}],"predecessor-version":[{"id":9693,"href":"https:\/\/www.prazskykamen.cz\/ru\/wp-json\/wp\/v2\/pages\/2597\/revisions\/9693"}],"up":[{"embeddable":true,"href":"https:\/\/www.prazskykamen.cz\/ru\/wp-json\/wp\/v2\/pages\/339"}],"wp:attachment":[{"href":"https:\/\/www.prazskykamen.cz\/ru\/wp-json\/wp\/v2\/media?parent=2597"}],"curies":[{"name":"wp","href":"https:\/\/api.w.org\/{rel}","templated":true}]}}