{"id":2564,"date":"2015-01-21T13:01:35","date_gmt":"2015-01-21T12:01:35","guid":{"rendered":"https:\/\/www.prazskykamen.cz\/?page_id=2564"},"modified":"2015-01-21T13:01:35","modified_gmt":"2015-01-21T12:01:35","slug":"efekt-zdiva-jednotlive-serizo","status":"publish","type":"page","link":"https:\/\/www.prazskykamen.cz\/ru\/kamenne-produkty\/kamenne-obklady-a-dlazby\/efekt-zdiva\/efekt-zdiva-jednotlive-serizo\/","title":{"rendered":"efekt zdiva jednotliv\u00e9 serizo"},"content":{"rendered":"<p>[et_pb_section][et_pb_row][et_pb_column type=&#8220;1_3&#8243;][et_pb_text admin_label=&#8220;Text&#8220; background_layout=&#8220;light&#8220; text_orientation=&#8220;left&#8220;]<\/p>\n<h1>Serizzo<\/h1>\n<table>\n<tbody>\n<tr>\n<td>Typ<\/td>\n<td>p\u0159em\u011bn\u011bn\u00e1 hornina<\/td>\n<\/tr>\n<tr>\n<td>Tlou\u0161\u0165ka<\/td>\n<td>2 cm<\/td>\n<\/tr>\n<tr>\n<td>Povrch<\/td>\n<td>plo\u0161n\u011b \u0161t\u00edpan\u00fd<\/td>\n<\/tr>\n<tr>\n<td>Rozm\u011bry<\/td>\n<td>15 x 30 cm<\/td>\n<\/tr>\n<tr>\n<td>Pozn\u00e1mka<\/td>\n<td>n\u00e1dhern\u011b imituje \u017eulov\u00fd hakl<\/td>\n<\/tr>\n<tr>\n<td>Orienta\u010dn\u00ed cena<\/td>\n<td>600 &#8211; 900 K\u010d\/m<sup>2<\/sup> bez DPH<\/td>\n<\/tr>\n<\/tbody>\n<\/table>\n<p>[\/et_pb_text][\/et_pb_column][et_pb_column type=&#8220;2_3&#8243;][et_pb_slider admin_label=&#8220;Slider&#8220; show_arrows=&#8220;on&#8220; show_pagination=&#8220;on&#8220; auto=&#8220;off&#8220; parallax=&#8220;off&#8220; parallax_method=&#8220;off&#8220;][et_pb_slide background_image=&#8220;https:\/\/www.prazskykamen.cz\/wp-content\/uploads\/2014\/12\/serizzo-gal.jpg&#8220; background_color=&#8220;#ffffff&#8220; alignment=&#8220;center&#8220; background_layout=&#8220;dark&#8220; \/][et_pb_slide background_image=&#8220;https:\/\/www.prazskykamen.cz\/wp-content\/uploads\/2015\/01\/serizzo.jpg&#8220; background_color=&#8220;#ffffff&#8220; alignment=&#8220;center&#8220; background_layout=&#8220;dark&#8220; \/][\/et_pb_slider][\/et_pb_column][\/et_pb_row][\/et_pb_section]<\/p>\n","protected":false},"excerpt":{"rendered":"<p><div class=\"et_pb_section et_pb_section_0 et_section_regular\" >\n\t\t\t\t\n\t\t\t\t\n\t\t\t\t\n\t\t\t\t\n\t\t\t\t\n\t\t\t\t\n\t\t\t\t\n\t\t\t\t\n\t\t\t\t\n\t\t\t<\/div><div class=\"et_pb_row et_pb_row_0 et_pb_row_empty\">\n\t\t\t\t\n\t\t\t\t\n\t\t\t\t\n\t\t\t\t\n\t\t\t\t\n\t\t\t<\/div>SerizzoTypp\u0159em\u011bn\u011bn\u00e1 horninaTlou\u0161\u0165ka2 cmPovrchplo\u0161n\u011b \u0161t\u00edpan\u00fdRozm\u011bry15 x 30 cmPozn\u00e1mkan\u00e1dhern\u011b imituje \u017eulov\u00fd haklOrienta\u010dn\u00ed cena600 &#8211; 900 K\u010d\/m2 bez DPH<\/p>\n","protected":false},"author":1,"featured_media":0,"parent":339,"menu_order":0,"comment_status":"closed","ping_status":"open","template":"","meta":{"_et_pb_use_builder":"on","_et_pb_old_content":"","_et_gb_content_width":"","footnotes":""},"class_list":["post-2564","page","type-page","status-publish","hentry"],"yoast_head":"<!-- This site is optimized with the Yoast SEO plugin v23.7 - https:\/\/yoast.com\/wordpress\/plugins\/seo\/ -->\n<title>efekt zdiva jednotliv\u00e9 serizo - \u041f\u0440\u0430\u0433\u0430 \u043a\u0430\u043c\u0435\u043d\u044c<\/title>\n<meta name=\"robots\" content=\"index, follow, max-snippet:-1, max-image-preview:large, max-video-preview:-1\" \/>\n<link rel=\"canonical\" href=\"https:\/\/www.prazskykamen.cz\/ru\/kamenne-produkty\/kamenne-obklady-a-dlazby\/efekt-zdiva\/efekt-zdiva-jednotlive-serizo\/\" \/>\n<meta property=\"og:locale\" content=\"cs_CZ\" \/>\n<meta property=\"og:type\" content=\"article\" \/>\n<meta property=\"og:title\" content=\"efekt zdiva jednotliv\u00e9 serizo - \u041f\u0440\u0430\u0433\u0430 \u043a\u0430\u043c\u0435\u043d\u044c\" \/>\n<meta property=\"og:description\" content=\"SerizzoTypp\u0159em\u011bn\u011bn\u00e1 horninaTlou\u0161\u0165ka2 cmPovrchplo\u0161n\u011b \u0161t\u00edpan\u00fdRozm\u011bry15 x 30 cmPozn\u00e1mkan\u00e1dhern\u011b imituje \u017eulov\u00fd haklOrienta\u010dn\u00ed cena600 - 900 K\u010d\/m2 bez DPH\" \/>\n<meta property=\"og:url\" content=\"https:\/\/www.prazskykamen.cz\/ru\/kamenne-produkty\/kamenne-obklady-a-dlazby\/efekt-zdiva\/efekt-zdiva-jednotlive-serizo\/\" \/>\n<meta property=\"og:site_name\" content=\"\u041f\u0440\u0430\u0433\u0430 \u043a\u0430\u043c\u0435\u043d\u044c\" \/>\n<meta name=\"twitter:card\" content=\"summary_large_image\" \/>\n<meta name=\"twitter:label1\" content=\"Odhadovan\u00e1 doba \u010dten\u00ed\" \/>\n\t<meta name=\"twitter:data1\" content=\"1 minuta\" \/>\n<script type=\"application\/ld+json\" class=\"yoast-schema-graph\">{\"@context\":\"https:\/\/schema.org\",\"@graph\":[{\"@type\":\"WebPage\",\"@id\":\"https:\/\/www.prazskykamen.cz\/ru\/kamenne-produkty\/kamenne-obklady-a-dlazby\/efekt-zdiva\/efekt-zdiva-jednotlive-serizo\/\",\"url\":\"https:\/\/www.prazskykamen.cz\/ru\/kamenne-produkty\/kamenne-obklady-a-dlazby\/efekt-zdiva\/efekt-zdiva-jednotlive-serizo\/\",\"name\":\"efekt zdiva jednotliv\u00e9 serizo - \u041f\u0440\u0430\u0433\u0430 \u043a\u0430\u043c\u0435\u043d\u044c\",\"isPartOf\":{\"@id\":\"https:\/\/www.prazskykamen.cz\/ru\/#website\"},\"datePublished\":\"2015-01-21T12:01:35+00:00\",\"dateModified\":\"2015-01-21T12:01:35+00:00\",\"breadcrumb\":{\"@id\":\"https:\/\/www.prazskykamen.cz\/ru\/kamenne-produkty\/kamenne-obklady-a-dlazby\/efekt-zdiva\/efekt-zdiva-jednotlive-serizo\/#breadcrumb\"},\"inLanguage\":\"cs\",\"potentialAction\":[{\"@type\":\"ReadAction\",\"target\":[\"https:\/\/www.prazskykamen.cz\/ru\/kamenne-produkty\/kamenne-obklady-a-dlazby\/efekt-zdiva\/efekt-zdiva-jednotlive-serizo\/\"]}]},{\"@type\":\"BreadcrumbList\",\"@id\":\"https:\/\/www.prazskykamen.cz\/ru\/kamenne-produkty\/kamenne-obklady-a-dlazby\/efekt-zdiva\/efekt-zdiva-jednotlive-serizo\/#breadcrumb\",\"itemListElement\":[{\"@type\":\"ListItem\",\"position\":1,\"name\":\"Dom\u016f\",\"item\":\"https:\/\/www.prazskykamen.cz\/ru\/\"},{\"@type\":\"ListItem\",\"position\":2,\"name\":\"\u0418\u0417\u0414\u0415\u041b\u0418\u042f \u0418\u0417 \u041a\u0410\u041c\u041d\u042f\",\"item\":\"https:\/\/www.prazskykamen.cz\/ru\/kamenne-produkty\/\"},{\"@type\":\"ListItem\",\"position\":3,\"name\":\"\u041a\u0410\u041c\u0415\u041d\u041d\u0410\u042f \u041f\u041b\u0418\u0422\u041a\u0410\",\"item\":\"https:\/\/www.prazskykamen.cz\/ru\/kamenne-produkty\/kamenne-obklady-a-dlazby\/\"},{\"@type\":\"ListItem\",\"position\":4,\"name\":\"\u0421 \u044d\u0444\u0444\u0435\u043a\u0442\u043e\u043c \u043a\u043b\u0430\u0434\u043a\u0438\",\"item\":\"https:\/\/www.prazskykamen.cz\/ru\/kamenne-produkty\/kamenne-obklady-a-dlazby\/efekt-zdiva\/\"},{\"@type\":\"ListItem\",\"position\":5,\"name\":\"efekt zdiva jednotliv\u00e9 serizo\"}]},{\"@type\":\"WebSite\",\"@id\":\"https:\/\/www.prazskykamen.cz\/ru\/#website\",\"url\":\"https:\/\/www.prazskykamen.cz\/ru\/\",\"name\":\"\u041f\u0440\u0430\u0433\u0430 \u043a\u0430\u043c\u0435\u043d\u044c\",\"description\":\"Dal\u0161\u00ed nov\u00fd web v r\u00e1mci s\u00edt\u011b Pra\u017esk\u00fd k\u00e1men Sites\",\"potentialAction\":[{\"@type\":\"SearchAction\",\"target\":{\"@type\":\"EntryPoint\",\"urlTemplate\":\"https:\/\/www.prazskykamen.cz\/ru\/?s={search_term_string}\"},\"query-input\":{\"@type\":\"PropertyValueSpecification\",\"valueRequired\":true,\"valueName\":\"search_term_string\"}}],\"inLanguage\":\"cs\"}]}<\/script>\n<!-- \/ Yoast SEO plugin. -->","yoast_head_json":{"title":"efekt zdiva jednotliv\u00e9 serizo - \u041f\u0440\u0430\u0433\u0430 \u043a\u0430\u043c\u0435\u043d\u044c","robots":{"index":"index","follow":"follow","max-snippet":"max-snippet:-1","max-image-preview":"max-image-preview:large","max-video-preview":"max-video-preview:-1"},"canonical":"https:\/\/www.prazskykamen.cz\/ru\/kamenne-produkty\/kamenne-obklady-a-dlazby\/efekt-zdiva\/efekt-zdiva-jednotlive-serizo\/","og_locale":"cs_CZ","og_type":"article","og_title":"efekt zdiva jednotliv\u00e9 serizo - \u041f\u0440\u0430\u0433\u0430 \u043a\u0430\u043c\u0435\u043d\u044c","og_description":"SerizzoTypp\u0159em\u011bn\u011bn\u00e1 horninaTlou\u0161\u0165ka2 cmPovrchplo\u0161n\u011b \u0161t\u00edpan\u00fdRozm\u011bry15 x 30 cmPozn\u00e1mkan\u00e1dhern\u011b imituje \u017eulov\u00fd haklOrienta\u010dn\u00ed cena600 - 900 K\u010d\/m2 bez DPH","og_url":"https:\/\/www.prazskykamen.cz\/ru\/kamenne-produkty\/kamenne-obklady-a-dlazby\/efekt-zdiva\/efekt-zdiva-jednotlive-serizo\/","og_site_name":"\u041f\u0440\u0430\u0433\u0430 \u043a\u0430\u043c\u0435\u043d\u044c","twitter_card":"summary_large_image","twitter_misc":{"Odhadovan\u00e1 doba \u010dten\u00ed":"1 minuta"},"schema":{"@context":"https:\/\/schema.org","@graph":[{"@type":"WebPage","@id":"https:\/\/www.prazskykamen.cz\/ru\/kamenne-produkty\/kamenne-obklady-a-dlazby\/efekt-zdiva\/efekt-zdiva-jednotlive-serizo\/","url":"https:\/\/www.prazskykamen.cz\/ru\/kamenne-produkty\/kamenne-obklady-a-dlazby\/efekt-zdiva\/efekt-zdiva-jednotlive-serizo\/","name":"efekt zdiva jednotliv\u00e9 serizo - \u041f\u0440\u0430\u0433\u0430 \u043a\u0430\u043c\u0435\u043d\u044c","isPartOf":{"@id":"https:\/\/www.prazskykamen.cz\/ru\/#website"},"datePublished":"2015-01-21T12:01:35+00:00","dateModified":"2015-01-21T12:01:35+00:00","breadcrumb":{"@id":"https:\/\/www.prazskykamen.cz\/ru\/kamenne-produkty\/kamenne-obklady-a-dlazby\/efekt-zdiva\/efekt-zdiva-jednotlive-serizo\/#breadcrumb"},"inLanguage":"cs","potentialAction":[{"@type":"ReadAction","target":["https:\/\/www.prazskykamen.cz\/ru\/kamenne-produkty\/kamenne-obklady-a-dlazby\/efekt-zdiva\/efekt-zdiva-jednotlive-serizo\/"]}]},{"@type":"BreadcrumbList","@id":"https:\/\/www.prazskykamen.cz\/ru\/kamenne-produkty\/kamenne-obklady-a-dlazby\/efekt-zdiva\/efekt-zdiva-jednotlive-serizo\/#breadcrumb","itemListElement":[{"@type":"ListItem","position":1,"name":"Dom\u016f","item":"https:\/\/www.prazskykamen.cz\/ru\/"},{"@type":"ListItem","position":2,"name":"\u0418\u0417\u0414\u0415\u041b\u0418\u042f \u0418\u0417 \u041a\u0410\u041c\u041d\u042f","item":"https:\/\/www.prazskykamen.cz\/ru\/kamenne-produkty\/"},{"@type":"ListItem","position":3,"name":"\u041a\u0410\u041c\u0415\u041d\u041d\u0410\u042f \u041f\u041b\u0418\u0422\u041a\u0410","item":"https:\/\/www.prazskykamen.cz\/ru\/kamenne-produkty\/kamenne-obklady-a-dlazby\/"},{"@type":"ListItem","position":4,"name":"\u0421 \u044d\u0444\u0444\u0435\u043a\u0442\u043e\u043c \u043a\u043b\u0430\u0434\u043a\u0438","item":"https:\/\/www.prazskykamen.cz\/ru\/kamenne-produkty\/kamenne-obklady-a-dlazby\/efekt-zdiva\/"},{"@type":"ListItem","position":5,"name":"efekt zdiva jednotliv\u00e9 serizo"}]},{"@type":"WebSite","@id":"https:\/\/www.prazskykamen.cz\/ru\/#website","url":"https:\/\/www.prazskykamen.cz\/ru\/","name":"\u041f\u0440\u0430\u0433\u0430 \u043a\u0430\u043c\u0435\u043d\u044c","description":"Dal\u0161\u00ed nov\u00fd web v r\u00e1mci s\u00edt\u011b Pra\u017esk\u00fd k\u00e1men Sites","potentialAction":[{"@type":"SearchAction","target":{"@type":"EntryPoint","urlTemplate":"https:\/\/www.prazskykamen.cz\/ru\/?s={search_term_string}"},"query-input":{"@type":"PropertyValueSpecification","valueRequired":true,"valueName":"search_term_string"}}],"inLanguage":"cs"}]}},"_links":{"self":[{"href":"https:\/\/www.prazskykamen.cz\/ru\/wp-json\/wp\/v2\/pages\/2564","targetHints":{"allow":["GET"]}}],"collection":[{"href":"https:\/\/www.prazskykamen.cz\/ru\/wp-json\/wp\/v2\/pages"}],"about":[{"href":"https:\/\/www.prazskykamen.cz\/ru\/wp-json\/wp\/v2\/types\/page"}],"author":[{"embeddable":true,"href":"https:\/\/www.prazskykamen.cz\/ru\/wp-json\/wp\/v2\/users\/1"}],"replies":[{"embeddable":true,"href":"https:\/\/www.prazskykamen.cz\/ru\/wp-json\/wp\/v2\/comments?post=2564"}],"version-history":[{"count":0,"href":"https:\/\/www.prazskykamen.cz\/ru\/wp-json\/wp\/v2\/pages\/2564\/revisions"}],"up":[{"embeddable":true,"href":"https:\/\/www.prazskykamen.cz\/ru\/wp-json\/wp\/v2\/pages\/339"}],"wp:attachment":[{"href":"https:\/\/www.prazskykamen.cz\/ru\/wp-json\/wp\/v2\/media?parent=2564"}],"curies":[{"name":"wp","href":"https:\/\/api.w.org\/{rel}","templated":true}]}}