{"id":1882,"date":"2015-01-14T13:58:08","date_gmt":"2015-01-14T12:58:08","guid":{"rendered":"https:\/\/www.prazskykamen.cz\/?page_id=1882"},"modified":"2016-01-22T12:14:23","modified_gmt":"2016-01-22T12:14:23","slug":"quartzize-nepravidelne-slapaky","status":"publish","type":"page","link":"https:\/\/www.prazskykamen.cz\/ru\/kamenne-produkty\/zahrada\/kamenne-slapaky\/nepravidelne-slapaky\/quartzize-nepravidelne-slapaky\/","title":{"rendered":"Quartzize nepravidelne \u0161lapaky"},"content":{"rendered":"<p>[et_pb_section][et_pb_row][et_pb_column type=&#8220;1_3&#8243;][et_pb_text admin_label=&#8220;Text&#8220; background_layout=&#8220;light&#8220; text_orientation=&#8220;left&#8220;]<\/p>\n<h1>\u041a\u0432\u0430\u0440\u0446\u0438\u0442<\/h1>\n<table>\n<tbody>\n<tr>\n<td>\u0422\u0438\u043f<\/td>\n<td>\u041a\u0432\u0430\u0440\u0446\u0438\u0442<\/td>\n<\/tr>\n<tr>\n<td>\u0422\u043e\u043b\u0449\u0438\u043d\u0430<\/td>\n<td>\u043c\u0438\u043d. 30 \u043c\u043c<\/td>\n<\/tr>\n<tr>\n<td>\u0426\u0435\u043d\u0430<\/td>\n<td>\u043a\u0430\u043c\u0435\u043d\u044c \u0440\u0430\u0437\u043c\u0435\u0440\u043e\u043c \u043f\u0440\u0438\u043c\u0435\u0440\u043d\u043e 60 x 40 \u0441\u043c 288 \u0447\u0435\u0448\u0441\u043a\u0438\u0445 \u043a\u0440\u043e\u043d \/ \u0448\u0442. \u0431\u0435\u0437 \u041d\u0414\u0421<\/td>\n<\/tr>\n<tr>\n<td>\u0426\u0435\u043d\u0430<\/td>\n<td>1200 \u0447\u0435\u0448\u0441\u043a\u0438\u0445 \u043a\u0440\u043e\u043d \/ \u043c2 \u0431\u0435\u0437 \u041d\u0414\u0421<\/td>\n<\/tr>\n<\/tbody>\n<\/table>\n<p>[\/et_pb_text][\/et_pb_column][et_pb_column type=&#8220;2_3&#8243;][et_pb_slider admin_label=&#8220;Slider&#8220; show_arrows=&#8220;on&#8220; show_pagination=&#8220;on&#8220; auto=&#8220;off&#8220; parallax=&#8220;off&#8220; parallax_method=&#8220;off&#8220;][et_pb_slide background_image=&#8220;https:\/\/www.prazskykamen.cz\/wp-content\/uploads\/2014\/11\/slapak-quartzite-gal.jpg&#8220; background_color=&#8220;#ffffff&#8220; alignment=&#8220;center&#8220; background_layout=&#8220;dark&#8220; \/][\/et_pb_slider][\/et_pb_column][\/et_pb_row][\/et_pb_section]<\/p>\n","protected":false},"excerpt":{"rendered":"<p><div class=\"et_pb_section et_pb_section_0 et_section_regular\" >\n\t\t\t\t\n\t\t\t\t\n\t\t\t\t\n\t\t\t\t\n\t\t\t\t\n\t\t\t\t\n\t\t\t\t\n\t\t\t\t\n\t\t\t\t\n\t\t\t<\/div><div class=\"et_pb_row et_pb_row_0 et_pb_row_empty\">\n\t\t\t\t\n\t\t\t\t\n\t\t\t\t\n\t\t\t\t\n\t\t\t\t\n\t\t\t<\/div>\u041a\u0432\u0430\u0440\u0446\u0438\u0442 \u0422\u0438\u043f \u041a\u0432\u0430\u0440\u0446\u0438\u0442 \u0422\u043e\u043b\u0449\u0438\u043d\u0430 \u043c\u0438\u043d. 30 \u043c\u043c \u0426\u0435\u043d\u0430 \u043a\u0430\u043c\u0435\u043d\u044c \u0440\u0430\u0437\u043c\u0435\u0440\u043e\u043c \u043f\u0440\u0438\u043c\u0435\u0440\u043d\u043e 60 x 40 \u0441\u043c 288 \u0447\u0435\u0448\u0441\u043a\u0438\u0445 \u043a\u0440\u043e\u043d \/ \u0448\u0442. \u0431\u0435\u0437 \u041d\u0414\u0421 \u0426\u0435\u043d\u0430 1200 \u0447\u0435\u0448\u0441\u043a\u0438\u0445 \u043a\u0440\u043e\u043d \/ \u043c2 \u0431\u0435\u0437 \u041d\u0414\u0421<\/p>\n","protected":false},"author":1,"featured_media":0,"parent":1551,"menu_order":0,"comment_status":"closed","ping_status":"open","template":"","meta":{"_et_pb_use_builder":"on","_et_pb_old_content":"","_et_gb_content_width":"","footnotes":""},"class_list":["post-1882","page","type-page","status-publish","hentry"],"yoast_head":"<!-- This site is optimized with the Yoast SEO plugin v23.7 - https:\/\/yoast.com\/wordpress\/plugins\/seo\/ -->\n<title>Quartzize nepravidelne \u0161lapaky - \u041f\u0440\u0430\u0433\u0430 \u043a\u0430\u043c\u0435\u043d\u044c<\/title>\n<meta name=\"robots\" content=\"index, follow, max-snippet:-1, max-image-preview:large, max-video-preview:-1\" \/>\n<link rel=\"canonical\" href=\"https:\/\/www.prazskykamen.cz\/ru\/kamenne-produkty\/zahrada\/kamenne-slapaky\/nepravidelne-slapaky\/quartzize-nepravidelne-slapaky\/\" \/>\n<meta property=\"og:locale\" content=\"cs_CZ\" \/>\n<meta property=\"og:type\" content=\"article\" \/>\n<meta property=\"og:title\" content=\"Quartzize nepravidelne \u0161lapaky - \u041f\u0440\u0430\u0433\u0430 \u043a\u0430\u043c\u0435\u043d\u044c\" \/>\n<meta property=\"og:description\" content=\"\u041a\u0432\u0430\u0440\u0446\u0438\u0442 \u0422\u0438\u043f \u041a\u0432\u0430\u0440\u0446\u0438\u0442 \u0422\u043e\u043b\u0449\u0438\u043d\u0430 \u043c\u0438\u043d. 30 \u043c\u043c \u0426\u0435\u043d\u0430 \u043a\u0430\u043c\u0435\u043d\u044c \u0440\u0430\u0437\u043c\u0435\u0440\u043e\u043c \u043f\u0440\u0438\u043c\u0435\u0440\u043d\u043e 60 x 40 \u0441\u043c 288 \u0447\u0435\u0448\u0441\u043a\u0438\u0445 \u043a\u0440\u043e\u043d \/ \u0448\u0442. \u0431\u0435\u0437 \u041d\u0414\u0421 \u0426\u0435\u043d\u0430 1200 \u0447\u0435\u0448\u0441\u043a\u0438\u0445 \u043a\u0440\u043e\u043d \/ \u043c2 \u0431\u0435\u0437 \u041d\u0414\u0421\" \/>\n<meta property=\"og:url\" content=\"https:\/\/www.prazskykamen.cz\/ru\/kamenne-produkty\/zahrada\/kamenne-slapaky\/nepravidelne-slapaky\/quartzize-nepravidelne-slapaky\/\" \/>\n<meta property=\"og:site_name\" content=\"\u041f\u0440\u0430\u0433\u0430 \u043a\u0430\u043c\u0435\u043d\u044c\" \/>\n<meta property=\"article:modified_time\" content=\"2016-01-22T12:14:23+00:00\" \/>\n<meta name=\"twitter:card\" content=\"summary_large_image\" \/>\n<script type=\"application\/ld+json\" class=\"yoast-schema-graph\">{\"@context\":\"https:\/\/schema.org\",\"@graph\":[{\"@type\":\"WebPage\",\"@id\":\"https:\/\/www.prazskykamen.cz\/ru\/kamenne-produkty\/zahrada\/kamenne-slapaky\/nepravidelne-slapaky\/quartzize-nepravidelne-slapaky\/\",\"url\":\"https:\/\/www.prazskykamen.cz\/ru\/kamenne-produkty\/zahrada\/kamenne-slapaky\/nepravidelne-slapaky\/quartzize-nepravidelne-slapaky\/\",\"name\":\"Quartzize nepravidelne \u0161lapaky - \u041f\u0440\u0430\u0433\u0430 \u043a\u0430\u043c\u0435\u043d\u044c\",\"isPartOf\":{\"@id\":\"https:\/\/www.prazskykamen.cz\/ru\/#website\"},\"datePublished\":\"2015-01-14T12:58:08+00:00\",\"dateModified\":\"2016-01-22T12:14:23+00:00\",\"breadcrumb\":{\"@id\":\"https:\/\/www.prazskykamen.cz\/ru\/kamenne-produkty\/zahrada\/kamenne-slapaky\/nepravidelne-slapaky\/quartzize-nepravidelne-slapaky\/#breadcrumb\"},\"inLanguage\":\"cs\",\"potentialAction\":[{\"@type\":\"ReadAction\",\"target\":[\"https:\/\/www.prazskykamen.cz\/ru\/kamenne-produkty\/zahrada\/kamenne-slapaky\/nepravidelne-slapaky\/quartzize-nepravidelne-slapaky\/\"]}]},{\"@type\":\"BreadcrumbList\",\"@id\":\"https:\/\/www.prazskykamen.cz\/ru\/kamenne-produkty\/zahrada\/kamenne-slapaky\/nepravidelne-slapaky\/quartzize-nepravidelne-slapaky\/#breadcrumb\",\"itemListElement\":[{\"@type\":\"ListItem\",\"position\":1,\"name\":\"Dom\u016f\",\"item\":\"https:\/\/www.prazskykamen.cz\/ru\/\"},{\"@type\":\"ListItem\",\"position\":2,\"name\":\"\u0418\u0417\u0414\u0415\u041b\u0418\u042f \u0418\u0417 \u041a\u0410\u041c\u041d\u042f\",\"item\":\"https:\/\/www.prazskykamen.cz\/ru\/kamenne-produkty\/\"},{\"@type\":\"ListItem\",\"position\":3,\"name\":\"\u0421\u0410\u0414\",\"item\":\"https:\/\/www.prazskykamen.cz\/ru\/kamenne-produkty\/zahrada\/\"},{\"@type\":\"ListItem\",\"position\":4,\"name\":\"\u041a\u0410\u041c\u0415\u041d\u041d\u042b\u0415 \u041f\u041b\u0418\u0422\u042b \u0414\u041b\u042f \u0414\u041e\u0420\u041e\u0416\u0415\u041a\",\"item\":\"https:\/\/www.prazskykamen.cz\/ru\/kamenne-produkty\/zahrada\/kamenne-slapaky\/\"},{\"@type\":\"ListItem\",\"position\":5,\"name\":\"Nepravideln\u00e9 \u0161lap\u00e1ky\",\"item\":\"https:\/\/www.prazskykamen.cz\/ru\/kamenne-produkty\/zahrada\/kamenne-slapaky\/nepravidelne-slapaky\/\"},{\"@type\":\"ListItem\",\"position\":6,\"name\":\"Quartzize nepravidelne \u0161lapaky\"}]},{\"@type\":\"WebSite\",\"@id\":\"https:\/\/www.prazskykamen.cz\/ru\/#website\",\"url\":\"https:\/\/www.prazskykamen.cz\/ru\/\",\"name\":\"\u041f\u0440\u0430\u0433\u0430 \u043a\u0430\u043c\u0435\u043d\u044c\",\"description\":\"Dal\u0161\u00ed nov\u00fd web v r\u00e1mci s\u00edt\u011b Pra\u017esk\u00fd k\u00e1men Sites\",\"potentialAction\":[{\"@type\":\"SearchAction\",\"target\":{\"@type\":\"EntryPoint\",\"urlTemplate\":\"https:\/\/www.prazskykamen.cz\/ru\/?s={search_term_string}\"},\"query-input\":{\"@type\":\"PropertyValueSpecification\",\"valueRequired\":true,\"valueName\":\"search_term_string\"}}],\"inLanguage\":\"cs\"}]}<\/script>\n<!-- \/ Yoast SEO plugin. -->","yoast_head_json":{"title":"Quartzize nepravidelne \u0161lapaky - \u041f\u0440\u0430\u0433\u0430 \u043a\u0430\u043c\u0435\u043d\u044c","robots":{"index":"index","follow":"follow","max-snippet":"max-snippet:-1","max-image-preview":"max-image-preview:large","max-video-preview":"max-video-preview:-1"},"canonical":"https:\/\/www.prazskykamen.cz\/ru\/kamenne-produkty\/zahrada\/kamenne-slapaky\/nepravidelne-slapaky\/quartzize-nepravidelne-slapaky\/","og_locale":"cs_CZ","og_type":"article","og_title":"Quartzize nepravidelne \u0161lapaky - \u041f\u0440\u0430\u0433\u0430 \u043a\u0430\u043c\u0435\u043d\u044c","og_description":"\u041a\u0432\u0430\u0440\u0446\u0438\u0442 \u0422\u0438\u043f \u041a\u0432\u0430\u0440\u0446\u0438\u0442 \u0422\u043e\u043b\u0449\u0438\u043d\u0430 \u043c\u0438\u043d. 30 \u043c\u043c \u0426\u0435\u043d\u0430 \u043a\u0430\u043c\u0435\u043d\u044c \u0440\u0430\u0437\u043c\u0435\u0440\u043e\u043c \u043f\u0440\u0438\u043c\u0435\u0440\u043d\u043e 60 x 40 \u0441\u043c 288 \u0447\u0435\u0448\u0441\u043a\u0438\u0445 \u043a\u0440\u043e\u043d \/ \u0448\u0442. \u0431\u0435\u0437 \u041d\u0414\u0421 \u0426\u0435\u043d\u0430 1200 \u0447\u0435\u0448\u0441\u043a\u0438\u0445 \u043a\u0440\u043e\u043d \/ \u043c2 \u0431\u0435\u0437 \u041d\u0414\u0421","og_url":"https:\/\/www.prazskykamen.cz\/ru\/kamenne-produkty\/zahrada\/kamenne-slapaky\/nepravidelne-slapaky\/quartzize-nepravidelne-slapaky\/","og_site_name":"\u041f\u0440\u0430\u0433\u0430 \u043a\u0430\u043c\u0435\u043d\u044c","article_modified_time":"2016-01-22T12:14:23+00:00","twitter_card":"summary_large_image","schema":{"@context":"https:\/\/schema.org","@graph":[{"@type":"WebPage","@id":"https:\/\/www.prazskykamen.cz\/ru\/kamenne-produkty\/zahrada\/kamenne-slapaky\/nepravidelne-slapaky\/quartzize-nepravidelne-slapaky\/","url":"https:\/\/www.prazskykamen.cz\/ru\/kamenne-produkty\/zahrada\/kamenne-slapaky\/nepravidelne-slapaky\/quartzize-nepravidelne-slapaky\/","name":"Quartzize nepravidelne \u0161lapaky - \u041f\u0440\u0430\u0433\u0430 \u043a\u0430\u043c\u0435\u043d\u044c","isPartOf":{"@id":"https:\/\/www.prazskykamen.cz\/ru\/#website"},"datePublished":"2015-01-14T12:58:08+00:00","dateModified":"2016-01-22T12:14:23+00:00","breadcrumb":{"@id":"https:\/\/www.prazskykamen.cz\/ru\/kamenne-produkty\/zahrada\/kamenne-slapaky\/nepravidelne-slapaky\/quartzize-nepravidelne-slapaky\/#breadcrumb"},"inLanguage":"cs","potentialAction":[{"@type":"ReadAction","target":["https:\/\/www.prazskykamen.cz\/ru\/kamenne-produkty\/zahrada\/kamenne-slapaky\/nepravidelne-slapaky\/quartzize-nepravidelne-slapaky\/"]}]},{"@type":"BreadcrumbList","@id":"https:\/\/www.prazskykamen.cz\/ru\/kamenne-produkty\/zahrada\/kamenne-slapaky\/nepravidelne-slapaky\/quartzize-nepravidelne-slapaky\/#breadcrumb","itemListElement":[{"@type":"ListItem","position":1,"name":"Dom\u016f","item":"https:\/\/www.prazskykamen.cz\/ru\/"},{"@type":"ListItem","position":2,"name":"\u0418\u0417\u0414\u0415\u041b\u0418\u042f \u0418\u0417 \u041a\u0410\u041c\u041d\u042f","item":"https:\/\/www.prazskykamen.cz\/ru\/kamenne-produkty\/"},{"@type":"ListItem","position":3,"name":"\u0421\u0410\u0414","item":"https:\/\/www.prazskykamen.cz\/ru\/kamenne-produkty\/zahrada\/"},{"@type":"ListItem","position":4,"name":"\u041a\u0410\u041c\u0415\u041d\u041d\u042b\u0415 \u041f\u041b\u0418\u0422\u042b \u0414\u041b\u042f \u0414\u041e\u0420\u041e\u0416\u0415\u041a","item":"https:\/\/www.prazskykamen.cz\/ru\/kamenne-produkty\/zahrada\/kamenne-slapaky\/"},{"@type":"ListItem","position":5,"name":"Nepravideln\u00e9 \u0161lap\u00e1ky","item":"https:\/\/www.prazskykamen.cz\/ru\/kamenne-produkty\/zahrada\/kamenne-slapaky\/nepravidelne-slapaky\/"},{"@type":"ListItem","position":6,"name":"Quartzize nepravidelne \u0161lapaky"}]},{"@type":"WebSite","@id":"https:\/\/www.prazskykamen.cz\/ru\/#website","url":"https:\/\/www.prazskykamen.cz\/ru\/","name":"\u041f\u0440\u0430\u0433\u0430 \u043a\u0430\u043c\u0435\u043d\u044c","description":"Dal\u0161\u00ed nov\u00fd web v r\u00e1mci s\u00edt\u011b Pra\u017esk\u00fd k\u00e1men Sites","potentialAction":[{"@type":"SearchAction","target":{"@type":"EntryPoint","urlTemplate":"https:\/\/www.prazskykamen.cz\/ru\/?s={search_term_string}"},"query-input":{"@type":"PropertyValueSpecification","valueRequired":true,"valueName":"search_term_string"}}],"inLanguage":"cs"}]}},"_links":{"self":[{"href":"https:\/\/www.prazskykamen.cz\/ru\/wp-json\/wp\/v2\/pages\/1882","targetHints":{"allow":["GET"]}}],"collection":[{"href":"https:\/\/www.prazskykamen.cz\/ru\/wp-json\/wp\/v2\/pages"}],"about":[{"href":"https:\/\/www.prazskykamen.cz\/ru\/wp-json\/wp\/v2\/types\/page"}],"author":[{"embeddable":true,"href":"https:\/\/www.prazskykamen.cz\/ru\/wp-json\/wp\/v2\/users\/1"}],"replies":[{"embeddable":true,"href":"https:\/\/www.prazskykamen.cz\/ru\/wp-json\/wp\/v2\/comments?post=1882"}],"version-history":[{"count":2,"href":"https:\/\/www.prazskykamen.cz\/ru\/wp-json\/wp\/v2\/pages\/1882\/revisions"}],"predecessor-version":[{"id":6714,"href":"https:\/\/www.prazskykamen.cz\/ru\/wp-json\/wp\/v2\/pages\/1882\/revisions\/6714"}],"up":[{"embeddable":true,"href":"https:\/\/www.prazskykamen.cz\/ru\/wp-json\/wp\/v2\/pages\/1551"}],"wp:attachment":[{"href":"https:\/\/www.prazskykamen.cz\/ru\/wp-json\/wp\/v2\/media?parent=1882"}],"curies":[{"name":"wp","href":"https:\/\/api.w.org\/{rel}","templated":true}]}}