{"id":1739,"date":"2015-01-13T11:46:51","date_gmt":"2015-01-13T10:46:51","guid":{"rendered":"https:\/\/www.prazskykamen.cz\/?page_id=1739"},"modified":"2022-10-10T06:37:12","modified_gmt":"2022-10-10T06:37:12","slug":"specialni-kamenne-vyrobky-vany","status":"publish","type":"page","link":"https:\/\/www.prazskykamen.cz\/ru\/kamenne-produkty\/specialni-kamenne-vyrobky\/specialni-kamenne-vyrobky-vany\/","title":{"rendered":"SPECI\u00c1LN\u00cd KAMENN\u00c9 V\u00ddROBKY \u2013 Vany"},"content":{"rendered":"<p>[et_pb_section fb_built=&#8220;1&#8243; _builder_version=&#8220;3.22&#8243; global_colors_info=&#8220;{}&#8220;][et_pb_row column_structure=&#8220;1_2,1_2&#8243; _builder_version=&#8220;3.25&#8243; background_size=&#8220;initial&#8220; background_position=&#8220;top_left&#8220; background_repeat=&#8220;repeat&#8220; global_colors_info=&#8220;{}&#8220;][et_pb_column type=&#8220;1_2&#8243; _builder_version=&#8220;3.25&#8243; custom_padding=&#8220;|||&#8220; global_colors_info=&#8220;{}&#8220; custom_padding__hover=&#8220;|||&#8220;][et_pb_text admin_label=&#8220;Text&#8220; _builder_version=&#8220;3.27.4&#8243; background_size=&#8220;initial&#8220; background_position=&#8220;top_left&#8220; background_repeat=&#8220;repeat&#8220; global_colors_info=&#8220;{}&#8220;]<\/p>\n<h1>\u041c\u0420\u0410\u041c\u041e\u0420\u041d\u042b\u0415 \u0418 \u0413\u0420\u0410\u041d\u0418\u0422\u041d\u042b\u0415 \u0412\u0410\u041d\u041d\u042b<\/h1>\n<p>\u0412\u0430\u043d\u043d\u044b \u0438\u0437 \u0434\u0440\u0430\u0433\u043e\u0446\u0435\u043d\u043d\u044b\u0445 \u043a\u0430\u043c\u043d\u0435\u0439, \u0442\u0430\u043a\u0438\u0445 \u043a\u0430\u043a \u043c\u0440\u0430\u043c\u043e\u0440 \u0438\u043b\u0438 <a href=\"https:\/\/www.prazskykamen.cz\/en\/materialy\/materialy-zuly\">\u0433\u0440\u0430\u043d\u0438\u0442<\/a>, \u0441\u0434\u0435\u043b\u0430\u044e\u0442 \u0432\u0430\u0448\u0443 \u0432\u0430\u043d\u043d\u0443\u044e \u043a\u043e\u043c\u043d\u0430\u0442\u0443 \u043f\u043e\u0438\u0441\u0442\u0438\u043d\u0435 \u0438\u0437\u044b\u0441\u043a\u0430\u043d\u043d\u043e\u0439. \u042d\u0442\u0438 \u0432\u0430\u043d\u043d\u044b \u0438\u0437\u0433\u043e\u0442\u043e\u0432\u043b\u0438\u0432\u0430\u044e\u0442\u0441\u044f \u043d\u0430 \u0437\u0430\u043a\u0430\u0437. \u0420\u0430\u0437\u043c\u0435\u0440, \u0444\u043e\u0440\u043c\u0430, \u0446\u0432\u0435\u0442 \u043c\u0440\u0430\u043c\u043e\u0440\u043d\u043e\u0439 \u0438\u043b\u0438 \u0433\u0440\u0430\u043d\u0438\u0442\u043d\u043e\u0439 \u0432\u0430\u043d\u043d\u044b, \u0430 \u0442\u0430\u043a\u0436\u0435 \u0441\u0442\u0440\u0443\u043a\u0442\u0443\u0440\u0430 \u043a\u0430\u043c\u043d\u044f \u043f\u043e\u043b\u043d\u043e\u0441\u0442\u044c\u044e \u0438\u043d\u0434\u0438\u0432\u0438\u0434\u0443\u0430\u043b\u044c\u043d\u044b. \u041f\u0440\u0438 \u0437\u0430\u043a\u0430\u0437\u0435 \u0441\u043b\u0435\u0434\u0443\u0435\u0442 \u043f\u0440\u0438\u043d\u044f\u0442\u044c \u0432\u043e \u0432\u043d\u0438\u043c\u0430\u043d\u0438\u0435 \u0447\u0440\u0435\u0437\u0432\u044b\u0447\u0430\u0439\u043d\u044b\u0439 \u0432\u0435\u0441 \u0438\u0437\u0434\u0435\u043b\u0438\u044f \u0438 \u0435\u0433\u043e \u0441\u043b\u043e\u0436\u043d\u0443\u044e \u0443\u0441\u0442\u0430\u043d\u043e\u0432\u043a\u0443.<\/p>\n<p>\u0426\u0435\u043d\u0430 \u043e\u0442 150 000 \u0447\u0435\u0448\u0441\u043a\u0438\u0445 \u043a\u0440\u043e\u043d \u0431\u0435\u0437 \u041d\u0414\u0421[\/et_pb_text][\/et_pb_column][et_pb_column type=&#8220;1_2&#8243; _builder_version=&#8220;3.25&#8243; custom_padding=&#8220;|||&#8220; global_colors_info=&#8220;{}&#8220; custom_padding__hover=&#8220;|||&#8220;][et_pb_slider admin_label=&#8220;Slider&#8220; _builder_version=&#8220;4.14.7&#8243; custom_padding=&#8220;|||&#8220; custom_padding_tablet=&#8220;|||&#8220; custom_padding_phone=&#8220;|||&#8220; hover_enabled=&#8220;0&#8243; box_shadow_style=&#8220;preset6&#8243; box_shadow_blur=&#8220;10px&#8220; box_shadow_color=&#8220;rgba(0,0,0,0.1)&#8220; show_inner_shadow=&#8220;on&#8220; global_colors_info=&#8220;{}&#8220; button_text_size__hover_enabled=&#8220;off&#8220; button_one_text_size__hover_enabled=&#8220;off&#8220; button_two_text_size__hover_enabled=&#8220;off&#8220; button_text_color__hover_enabled=&#8220;off&#8220; button_one_text_color__hover_enabled=&#8220;off&#8220; button_two_text_color__hover_enabled=&#8220;off&#8220; button_border_width__hover_enabled=&#8220;off&#8220; button_one_border_width__hover_enabled=&#8220;off&#8220; button_two_border_width__hover_enabled=&#8220;off&#8220; button_border_color__hover_enabled=&#8220;off&#8220; button_one_border_color__hover_enabled=&#8220;off&#8220; button_two_border_color__hover_enabled=&#8220;off&#8220; button_border_radius__hover_enabled=&#8220;off&#8220; button_one_border_radius__hover_enabled=&#8220;off&#8220; button_two_border_radius__hover_enabled=&#8220;off&#8220; button_letter_spacing__hover_enabled=&#8220;off&#8220; button_one_letter_spacing__hover_enabled=&#8220;off&#8220; button_two_letter_spacing__hover_enabled=&#8220;off&#8220; button_bg_color__hover_enabled=&#8220;off&#8220; button_one_bg_color__hover_enabled=&#8220;off&#8220; button_two_bg_color__hover_enabled=&#8220;off&#8220; sticky_enabled=&#8220;0&#8243;][et_pb_slide _builder_version=&#8220;4.14.7&#8243; _module_preset=&#8220;default&#8220; background_color=&#8220;#FFFFFF&#8220; background_enable_color=&#8220;on&#8220; background_image=&#8220;http:\/\/www.prazskykamen.cz\/ru\/wp-content\/uploads\/sites\/3\/2022\/10\/vana4.jpg&#8220; background_enable_image=&#8220;on&#8220; hover_enabled=&#8220;0&#8243; sticky_enabled=&#8220;0&#8243;][\/et_pb_slide][et_pb_slide _builder_version=&#8220;4.14.7&#8243; _module_preset=&#8220;default&#8220; background_color=&#8220;#FFFFFF&#8220; background_enable_color=&#8220;on&#8220; background_image=&#8220;http:\/\/www.prazskykamen.cz\/ru\/wp-content\/uploads\/sites\/3\/2022\/10\/vana3.jpg&#8220; background_enable_image=&#8220;on&#8220; hover_enabled=&#8220;0&#8243; sticky_enabled=&#8220;0&#8243;][\/et_pb_slide][et_pb_slide _builder_version=&#8220;4.14.7&#8243; _module_preset=&#8220;default&#8220; background_color=&#8220;#FFFFFF&#8220; background_enable_color=&#8220;on&#8220; background_image=&#8220;http:\/\/www.prazskykamen.cz\/ru\/wp-content\/uploads\/sites\/3\/2022\/10\/vana-1a.jpeg&#8220; background_enable_image=&#8220;on&#8220; global_colors_info=&#8220;{}&#8220; sticky_transition=&#8220;on&#8220;][\/et_pb_slide][et_pb_slide _builder_version=&#8220;4.14.7&#8243; _module_preset=&#8220;default&#8220; background_color=&#8220;#FFFFFF&#8220; background_enable_color=&#8220;on&#8220; background_image=&#8220;http:\/\/www.prazskykamen.cz\/ru\/wp-content\/uploads\/sites\/3\/2022\/10\/vana2a.jpeg&#8220; background_enable_image=&#8220;on&#8220; global_colors_info=&#8220;{}&#8220; sticky_transition=&#8220;on&#8220;][\/et_pb_slide][et_pb_slide _builder_version=&#8220;3.16&#8243; background_color=&#8220;#ffffff&#8220; background_image=&#8220;https:\/\/www.prazskykamen.cz\/wp-content\/uploads\/2015\/01\/vany360.jpg&#8220; global_colors_info=&#8220;{}&#8220; button_text_size__hover_enabled=&#8220;off&#8220; button_one_text_size__hover_enabled=&#8220;off&#8220; button_two_text_size__hover_enabled=&#8220;off&#8220; button_text_color__hover_enabled=&#8220;off&#8220; button_one_text_color__hover_enabled=&#8220;off&#8220; button_two_text_color__hover_enabled=&#8220;off&#8220; button_border_width__hover_enabled=&#8220;off&#8220; button_one_border_width__hover_enabled=&#8220;off&#8220; button_two_border_width__hover_enabled=&#8220;off&#8220; button_border_color__hover_enabled=&#8220;off&#8220; button_one_border_color__hover_enabled=&#8220;off&#8220; button_two_border_color__hover_enabled=&#8220;off&#8220; button_border_radius__hover_enabled=&#8220;off&#8220; button_one_border_radius__hover_enabled=&#8220;off&#8220; button_two_border_radius__hover_enabled=&#8220;off&#8220; button_letter_spacing__hover_enabled=&#8220;off&#8220; button_one_letter_spacing__hover_enabled=&#8220;off&#8220; button_two_letter_spacing__hover_enabled=&#8220;off&#8220; button_bg_color__hover_enabled=&#8220;off&#8220; button_one_bg_color__hover_enabled=&#8220;off&#8220; button_two_bg_color__hover_enabled=&#8220;off&#8220; sticky_transition=&#8220;on&#8220;][\/et_pb_slide][et_pb_slide _builder_version=&#8220;3.16&#8243; background_color=&#8220;#ffffff&#8220; background_image=&#8220;https:\/\/www.prazskykamen.cz\/wp-content\/uploads\/2015\/01\/vany3.jpg&#8220; global_colors_info=&#8220;{}&#8220; button_text_size__hover_enabled=&#8220;off&#8220; button_one_text_size__hover_enabled=&#8220;off&#8220; button_two_text_size__hover_enabled=&#8220;off&#8220; button_text_color__hover_enabled=&#8220;off&#8220; button_one_text_color__hover_enabled=&#8220;off&#8220; button_two_text_color__hover_enabled=&#8220;off&#8220; button_border_width__hover_enabled=&#8220;off&#8220; button_one_border_width__hover_enabled=&#8220;off&#8220; button_two_border_width__hover_enabled=&#8220;off&#8220; button_border_color__hover_enabled=&#8220;off&#8220; button_one_border_color__hover_enabled=&#8220;off&#8220; button_two_border_color__hover_enabled=&#8220;off&#8220; button_border_radius__hover_enabled=&#8220;off&#8220; button_one_border_radius__hover_enabled=&#8220;off&#8220; button_two_border_radius__hover_enabled=&#8220;off&#8220; button_letter_spacing__hover_enabled=&#8220;off&#8220; button_one_letter_spacing__hover_enabled=&#8220;off&#8220; button_two_letter_spacing__hover_enabled=&#8220;off&#8220; button_bg_color__hover_enabled=&#8220;off&#8220; button_one_bg_color__hover_enabled=&#8220;off&#8220; button_two_bg_color__hover_enabled=&#8220;off&#8220; sticky_transition=&#8220;on&#8220;][\/et_pb_slide][et_pb_slide _builder_version=&#8220;3.16&#8243; background_color=&#8220;#ffffff&#8220; background_image=&#8220;https:\/\/www.prazskykamen.cz\/wp-content\/uploads\/2015\/01\/Kamenna-vana.jpg&#8220; global_colors_info=&#8220;{}&#8220; button_text_size__hover_enabled=&#8220;off&#8220; button_one_text_size__hover_enabled=&#8220;off&#8220; button_two_text_size__hover_enabled=&#8220;off&#8220; button_text_color__hover_enabled=&#8220;off&#8220; button_one_text_color__hover_enabled=&#8220;off&#8220; button_two_text_color__hover_enabled=&#8220;off&#8220; button_border_width__hover_enabled=&#8220;off&#8220; button_one_border_width__hover_enabled=&#8220;off&#8220; button_two_border_width__hover_enabled=&#8220;off&#8220; button_border_color__hover_enabled=&#8220;off&#8220; button_one_border_color__hover_enabled=&#8220;off&#8220; button_two_border_color__hover_enabled=&#8220;off&#8220; button_border_radius__hover_enabled=&#8220;off&#8220; button_one_border_radius__hover_enabled=&#8220;off&#8220; button_two_border_radius__hover_enabled=&#8220;off&#8220; button_letter_spacing__hover_enabled=&#8220;off&#8220; button_one_letter_spacing__hover_enabled=&#8220;off&#8220; button_two_letter_spacing__hover_enabled=&#8220;off&#8220; button_bg_color__hover_enabled=&#8220;off&#8220; button_one_bg_color__hover_enabled=&#8220;off&#8220; button_two_bg_color__hover_enabled=&#8220;off&#8220; sticky_transition=&#8220;on&#8220;][\/et_pb_slide][\/et_pb_slider][\/et_pb_column][\/et_pb_row][\/et_pb_section]<\/p>\n","protected":false},"excerpt":{"rendered":"<p>\u041c\u0420\u0410\u041c\u041e\u0420\u041d\u042b\u0415 \u0418 \u0413\u0420\u0410\u041d\u0418\u0422\u041d\u042b\u0415 \u0412\u0410\u041d\u041d\u042b \u0412\u0430\u043d\u043d\u044b \u0438\u0437 \u0434\u0440\u0430\u0433\u043e\u0446\u0435\u043d\u043d\u044b\u0445 \u043a\u0430\u043c\u043d\u0435\u0439, \u0442\u0430\u043a\u0438\u0445 \u043a\u0430\u043a \u043c\u0440\u0430\u043c\u043e\u0440 \u0438\u043b\u0438 \u0433\u0440\u0430\u043d\u0438\u0442, \u0441\u0434\u0435\u043b\u0430\u044e\u0442 \u0432\u0430\u0448\u0443 \u0432\u0430\u043d\u043d\u0443\u044e \u043a\u043e\u043c\u043d\u0430\u0442\u0443 \u043f\u043e\u0438\u0441\u0442\u0438\u043d\u0435 \u0438\u0437\u044b\u0441\u043a\u0430\u043d\u043d\u043e\u0439. \u042d\u0442\u0438 \u0432\u0430\u043d\u043d\u044b \u0438\u0437\u0433\u043e\u0442\u043e\u0432\u043b\u0438\u0432\u0430\u044e\u0442\u0441\u044f \u043d\u0430 \u0437\u0430\u043a\u0430\u0437. \u0420\u0430\u0437\u043c\u0435\u0440, \u0444\u043e\u0440\u043c\u0430, \u0446\u0432\u0435\u0442 \u043c\u0440\u0430\u043c\u043e\u0440\u043d\u043e\u0439 \u0438\u043b\u0438 \u0433\u0440\u0430\u043d\u0438\u0442\u043d\u043e\u0439 \u0432\u0430\u043d\u043d\u044b, \u0430 \u0442\u0430\u043a\u0436\u0435 \u0441\u0442\u0440\u0443\u043a\u0442\u0443\u0440\u0430 \u043a\u0430\u043c\u043d\u044f \u043f\u043e\u043b\u043d\u043e\u0441\u0442\u044c\u044e \u0438\u043d\u0434\u0438\u0432\u0438\u0434\u0443\u0430\u043b\u044c\u043d\u044b. \u041f\u0440\u0438 \u0437\u0430\u043a\u0430\u0437\u0435 \u0441\u043b\u0435\u0434\u0443\u0435\u0442 \u043f\u0440\u0438\u043d\u044f\u0442\u044c \u0432\u043e \u0432\u043d\u0438\u043c\u0430\u043d\u0438\u0435 \u0447\u0440\u0435\u0437\u0432\u044b\u0447\u0430\u0439\u043d\u044b\u0439 \u0432\u0435\u0441 \u0438\u0437\u0434\u0435\u043b\u0438\u044f \u0438 \u0435\u0433\u043e \u0441\u043b\u043e\u0436\u043d\u0443\u044e \u0443\u0441\u0442\u0430\u043d\u043e\u0432\u043a\u0443. \u0426\u0435\u043d\u0430 \u043e\u0442 150 000 \u0447\u0435\u0448\u0441\u043a\u0438\u0445 [&hellip;]<\/p>\n","protected":false},"author":1,"featured_media":0,"parent":48,"menu_order":0,"comment_status":"closed","ping_status":"open","template":"","meta":{"_et_pb_use_builder":"on","_et_pb_old_content":"","_et_gb_content_width":"","footnotes":""},"class_list":["post-1739","page","type-page","status-publish","hentry"],"yoast_head":"<!-- This site is optimized with the Yoast SEO plugin v23.7 - https:\/\/yoast.com\/wordpress\/plugins\/seo\/ -->\n<title>Mramorov\u00e9 vany | \u017eulov\u00e9 vany | Kamenictv\u00ed Pra\u017esk\u00fd k\u00e1men<\/title>\n<meta name=\"description\" content=\"Luxusn\u00ed mramorov\u00e9 a \u017eulov\u00e9 vany pro n\u00e1ro\u010dn\u00e9 z\u00e1kazn\u00edky. Kamenictv\u00ed Pra\u017esk\u00fd k\u00e1men m\u00e1 bohat\u00e9 reference v t\u00e9to oblasti. Kamenn\u00e9 vany na m\u00edru pro va\u0161i koupelnu.\" \/>\n<meta name=\"robots\" content=\"index, follow, max-snippet:-1, max-image-preview:large, max-video-preview:-1\" \/>\n<link rel=\"canonical\" href=\"https:\/\/www.prazskykamen.cz\/ru\/kamenne-produkty\/specialni-kamenne-vyrobky\/specialni-kamenne-vyrobky-vany\/\" \/>\n<meta property=\"og:locale\" content=\"cs_CZ\" \/>\n<meta property=\"og:type\" content=\"article\" \/>\n<meta property=\"og:title\" content=\"Mramorov\u00e9 vany | \u017eulov\u00e9 vany | Kamenictv\u00ed Pra\u017esk\u00fd k\u00e1men\" \/>\n<meta property=\"og:description\" content=\"Luxusn\u00ed mramorov\u00e9 a \u017eulov\u00e9 vany pro n\u00e1ro\u010dn\u00e9 z\u00e1kazn\u00edky. Kamenictv\u00ed Pra\u017esk\u00fd k\u00e1men m\u00e1 bohat\u00e9 reference v t\u00e9to oblasti. Kamenn\u00e9 vany na m\u00edru pro va\u0161i koupelnu.\" \/>\n<meta property=\"og:url\" content=\"https:\/\/www.prazskykamen.cz\/ru\/kamenne-produkty\/specialni-kamenne-vyrobky\/specialni-kamenne-vyrobky-vany\/\" \/>\n<meta property=\"og:site_name\" content=\"\u041f\u0440\u0430\u0433\u0430 \u043a\u0430\u043c\u0435\u043d\u044c\" \/>\n<meta property=\"article:modified_time\" content=\"2022-10-10T06:37:12+00:00\" \/>\n<meta name=\"twitter:card\" content=\"summary_large_image\" \/>\n<meta name=\"twitter:label1\" content=\"Odhadovan\u00e1 doba \u010dten\u00ed\" \/>\n\t<meta name=\"twitter:data1\" content=\"5 minut\" \/>\n<script type=\"application\/ld+json\" class=\"yoast-schema-graph\">{\"@context\":\"https:\/\/schema.org\",\"@graph\":[{\"@type\":\"WebPage\",\"@id\":\"https:\/\/www.prazskykamen.cz\/ru\/kamenne-produkty\/specialni-kamenne-vyrobky\/specialni-kamenne-vyrobky-vany\/\",\"url\":\"https:\/\/www.prazskykamen.cz\/ru\/kamenne-produkty\/specialni-kamenne-vyrobky\/specialni-kamenne-vyrobky-vany\/\",\"name\":\"Mramorov\u00e9 vany | \u017eulov\u00e9 vany | Kamenictv\u00ed Pra\u017esk\u00fd k\u00e1men\",\"isPartOf\":{\"@id\":\"https:\/\/www.prazskykamen.cz\/ru\/#website\"},\"datePublished\":\"2015-01-13T10:46:51+00:00\",\"dateModified\":\"2022-10-10T06:37:12+00:00\",\"description\":\"Luxusn\u00ed mramorov\u00e9 a \u017eulov\u00e9 vany pro n\u00e1ro\u010dn\u00e9 z\u00e1kazn\u00edky. Kamenictv\u00ed Pra\u017esk\u00fd k\u00e1men m\u00e1 bohat\u00e9 reference v t\u00e9to oblasti. Kamenn\u00e9 vany na m\u00edru pro va\u0161i koupelnu.\",\"breadcrumb\":{\"@id\":\"https:\/\/www.prazskykamen.cz\/ru\/kamenne-produkty\/specialni-kamenne-vyrobky\/specialni-kamenne-vyrobky-vany\/#breadcrumb\"},\"inLanguage\":\"cs\",\"potentialAction\":[{\"@type\":\"ReadAction\",\"target\":[\"https:\/\/www.prazskykamen.cz\/ru\/kamenne-produkty\/specialni-kamenne-vyrobky\/specialni-kamenne-vyrobky-vany\/\"]}]},{\"@type\":\"BreadcrumbList\",\"@id\":\"https:\/\/www.prazskykamen.cz\/ru\/kamenne-produkty\/specialni-kamenne-vyrobky\/specialni-kamenne-vyrobky-vany\/#breadcrumb\",\"itemListElement\":[{\"@type\":\"ListItem\",\"position\":1,\"name\":\"Dom\u016f\",\"item\":\"https:\/\/www.prazskykamen.cz\/ru\/\"},{\"@type\":\"ListItem\",\"position\":2,\"name\":\"\u0418\u0417\u0414\u0415\u041b\u0418\u042f \u0418\u0417 \u041a\u0410\u041c\u041d\u042f\",\"item\":\"https:\/\/www.prazskykamen.cz\/ru\/kamenne-produkty\/\"},{\"@type\":\"ListItem\",\"position\":3,\"name\":\"\u0421\u041f\u0415\u0426\u0418\u0410\u041b\u042c\u041d\u042b\u0415 \u0418\u0417\u0414\u0415\u041b\u0418\u042f \u0418\u0417 \u041a\u0410\u041c\u041d\u042f\",\"item\":\"https:\/\/www.prazskykamen.cz\/ru\/kamenne-produkty\/specialni-kamenne-vyrobky\/\"},{\"@type\":\"ListItem\",\"position\":4,\"name\":\"SPECI\u00c1LN\u00cd KAMENN\u00c9 V\u00ddROBKY \u2013 Vany\"}]},{\"@type\":\"WebSite\",\"@id\":\"https:\/\/www.prazskykamen.cz\/ru\/#website\",\"url\":\"https:\/\/www.prazskykamen.cz\/ru\/\",\"name\":\"\u041f\u0440\u0430\u0433\u0430 \u043a\u0430\u043c\u0435\u043d\u044c\",\"description\":\"Dal\u0161\u00ed nov\u00fd web v r\u00e1mci s\u00edt\u011b Pra\u017esk\u00fd k\u00e1men Sites\",\"potentialAction\":[{\"@type\":\"SearchAction\",\"target\":{\"@type\":\"EntryPoint\",\"urlTemplate\":\"https:\/\/www.prazskykamen.cz\/ru\/?s={search_term_string}\"},\"query-input\":{\"@type\":\"PropertyValueSpecification\",\"valueRequired\":true,\"valueName\":\"search_term_string\"}}],\"inLanguage\":\"cs\"}]}<\/script>\n<!-- \/ Yoast SEO plugin. -->","yoast_head_json":{"title":"Mramorov\u00e9 vany | \u017eulov\u00e9 vany | Kamenictv\u00ed Pra\u017esk\u00fd k\u00e1men","description":"Luxusn\u00ed mramorov\u00e9 a \u017eulov\u00e9 vany pro n\u00e1ro\u010dn\u00e9 z\u00e1kazn\u00edky. Kamenictv\u00ed Pra\u017esk\u00fd k\u00e1men m\u00e1 bohat\u00e9 reference v t\u00e9to oblasti. Kamenn\u00e9 vany na m\u00edru pro va\u0161i koupelnu.","robots":{"index":"index","follow":"follow","max-snippet":"max-snippet:-1","max-image-preview":"max-image-preview:large","max-video-preview":"max-video-preview:-1"},"canonical":"https:\/\/www.prazskykamen.cz\/ru\/kamenne-produkty\/specialni-kamenne-vyrobky\/specialni-kamenne-vyrobky-vany\/","og_locale":"cs_CZ","og_type":"article","og_title":"Mramorov\u00e9 vany | \u017eulov\u00e9 vany | Kamenictv\u00ed Pra\u017esk\u00fd k\u00e1men","og_description":"Luxusn\u00ed mramorov\u00e9 a \u017eulov\u00e9 vany pro n\u00e1ro\u010dn\u00e9 z\u00e1kazn\u00edky. Kamenictv\u00ed Pra\u017esk\u00fd k\u00e1men m\u00e1 bohat\u00e9 reference v t\u00e9to oblasti. Kamenn\u00e9 vany na m\u00edru pro va\u0161i koupelnu.","og_url":"https:\/\/www.prazskykamen.cz\/ru\/kamenne-produkty\/specialni-kamenne-vyrobky\/specialni-kamenne-vyrobky-vany\/","og_site_name":"\u041f\u0440\u0430\u0433\u0430 \u043a\u0430\u043c\u0435\u043d\u044c","article_modified_time":"2022-10-10T06:37:12+00:00","twitter_card":"summary_large_image","twitter_misc":{"Odhadovan\u00e1 doba \u010dten\u00ed":"5 minut"},"schema":{"@context":"https:\/\/schema.org","@graph":[{"@type":"WebPage","@id":"https:\/\/www.prazskykamen.cz\/ru\/kamenne-produkty\/specialni-kamenne-vyrobky\/specialni-kamenne-vyrobky-vany\/","url":"https:\/\/www.prazskykamen.cz\/ru\/kamenne-produkty\/specialni-kamenne-vyrobky\/specialni-kamenne-vyrobky-vany\/","name":"Mramorov\u00e9 vany | \u017eulov\u00e9 vany | Kamenictv\u00ed Pra\u017esk\u00fd k\u00e1men","isPartOf":{"@id":"https:\/\/www.prazskykamen.cz\/ru\/#website"},"datePublished":"2015-01-13T10:46:51+00:00","dateModified":"2022-10-10T06:37:12+00:00","description":"Luxusn\u00ed mramorov\u00e9 a \u017eulov\u00e9 vany pro n\u00e1ro\u010dn\u00e9 z\u00e1kazn\u00edky. Kamenictv\u00ed Pra\u017esk\u00fd k\u00e1men m\u00e1 bohat\u00e9 reference v t\u00e9to oblasti. Kamenn\u00e9 vany na m\u00edru pro va\u0161i koupelnu.","breadcrumb":{"@id":"https:\/\/www.prazskykamen.cz\/ru\/kamenne-produkty\/specialni-kamenne-vyrobky\/specialni-kamenne-vyrobky-vany\/#breadcrumb"},"inLanguage":"cs","potentialAction":[{"@type":"ReadAction","target":["https:\/\/www.prazskykamen.cz\/ru\/kamenne-produkty\/specialni-kamenne-vyrobky\/specialni-kamenne-vyrobky-vany\/"]}]},{"@type":"BreadcrumbList","@id":"https:\/\/www.prazskykamen.cz\/ru\/kamenne-produkty\/specialni-kamenne-vyrobky\/specialni-kamenne-vyrobky-vany\/#breadcrumb","itemListElement":[{"@type":"ListItem","position":1,"name":"Dom\u016f","item":"https:\/\/www.prazskykamen.cz\/ru\/"},{"@type":"ListItem","position":2,"name":"\u0418\u0417\u0414\u0415\u041b\u0418\u042f \u0418\u0417 \u041a\u0410\u041c\u041d\u042f","item":"https:\/\/www.prazskykamen.cz\/ru\/kamenne-produkty\/"},{"@type":"ListItem","position":3,"name":"\u0421\u041f\u0415\u0426\u0418\u0410\u041b\u042c\u041d\u042b\u0415 \u0418\u0417\u0414\u0415\u041b\u0418\u042f \u0418\u0417 \u041a\u0410\u041c\u041d\u042f","item":"https:\/\/www.prazskykamen.cz\/ru\/kamenne-produkty\/specialni-kamenne-vyrobky\/"},{"@type":"ListItem","position":4,"name":"SPECI\u00c1LN\u00cd KAMENN\u00c9 V\u00ddROBKY \u2013 Vany"}]},{"@type":"WebSite","@id":"https:\/\/www.prazskykamen.cz\/ru\/#website","url":"https:\/\/www.prazskykamen.cz\/ru\/","name":"\u041f\u0440\u0430\u0433\u0430 \u043a\u0430\u043c\u0435\u043d\u044c","description":"Dal\u0161\u00ed nov\u00fd web v r\u00e1mci s\u00edt\u011b Pra\u017esk\u00fd k\u00e1men Sites","potentialAction":[{"@type":"SearchAction","target":{"@type":"EntryPoint","urlTemplate":"https:\/\/www.prazskykamen.cz\/ru\/?s={search_term_string}"},"query-input":{"@type":"PropertyValueSpecification","valueRequired":true,"valueName":"search_term_string"}}],"inLanguage":"cs"}]}},"_links":{"self":[{"href":"https:\/\/www.prazskykamen.cz\/ru\/wp-json\/wp\/v2\/pages\/1739","targetHints":{"allow":["GET"]}}],"collection":[{"href":"https:\/\/www.prazskykamen.cz\/ru\/wp-json\/wp\/v2\/pages"}],"about":[{"href":"https:\/\/www.prazskykamen.cz\/ru\/wp-json\/wp\/v2\/types\/page"}],"author":[{"embeddable":true,"href":"https:\/\/www.prazskykamen.cz\/ru\/wp-json\/wp\/v2\/users\/1"}],"replies":[{"embeddable":true,"href":"https:\/\/www.prazskykamen.cz\/ru\/wp-json\/wp\/v2\/comments?post=1739"}],"version-history":[{"count":3,"href":"https:\/\/www.prazskykamen.cz\/ru\/wp-json\/wp\/v2\/pages\/1739\/revisions"}],"predecessor-version":[{"id":9497,"href":"https:\/\/www.prazskykamen.cz\/ru\/wp-json\/wp\/v2\/pages\/1739\/revisions\/9497"}],"up":[{"embeddable":true,"href":"https:\/\/www.prazskykamen.cz\/ru\/wp-json\/wp\/v2\/pages\/48"}],"wp:attachment":[{"href":"https:\/\/www.prazskykamen.cz\/ru\/wp-json\/wp\/v2\/media?parent=1739"}],"curies":[{"name":"wp","href":"https:\/\/api.w.org\/{rel}","templated":true}]}}