{"id":1497,"date":"2015-01-12T08:10:25","date_gmt":"2015-01-12T07:10:25","guid":{"rendered":"https:\/\/www.prazskykamen.cz\/?page_id=1497"},"modified":"2016-01-26T12:43:20","modified_gmt":"2016-01-26T12:43:20","slug":"schody-profilace","status":"publish","type":"page","link":"https:\/\/www.prazskykamen.cz\/ru\/kamenne-produkty\/schody\/schody-profilace\/","title":{"rendered":"\u041f\u0420\u041e\u0424\u0418\u041b\u0418\u0420\u041e\u0412\u0410\u041d\u0418\u0415"},"content":{"rendered":"<p>[et_pb_section][et_pb_row][et_pb_column type=&#8220;4_4&#8243;][et_pb_text admin_label=&#8220;Text&#8220; background_layout=&#8220;light&#8220; text_orientation=&#8220;left&#8220;]<\/p>\n<h1>\u041f\u0420\u041e\u0424\u0418\u041b\u0418\u0420\u041e\u0412\u0410\u041d\u0418\u0415 <\/h1>\n<p>[\/et_pb_text][\/et_pb_column][\/et_pb_row][et_pb_row][et_pb_column type=&#8220;4_4&#8243;][et_pb_text admin_label=&#8220;Text&#8220; background_layout=&#8220;light&#8220; text_orientation=&#8220;left&#8220;]<\/p>\n<p><img loading=\"lazy\" decoding=\"async\" class=\"alignnone wp-image-1580 size-et-pb-portfolio-image-single\" src=\"https:\/\/www.prazskykamen.cz\/wp-content\/uploads\/2015\/01\/schody-masiv-schema-1080x195.jpg\" alt=\"\" width=\"1080\" height=\"195\" \/><\/p>\n<p><img loading=\"lazy\" decoding=\"async\" class=\"alignnone wp-image-1583 size-et-pb-portfolio-image-single\" src=\"https:\/\/www.prazskykamen.cz\/wp-content\/uploads\/2015\/01\/schody-obklad-schema1-1080x173.jpg\" alt=\"\" width=\"1080\" height=\"173\" \/><\/p>\n<p>[\/et_pb_text][\/et_pb_column][\/et_pb_row][\/et_pb_section]<\/p>\n","protected":false},"excerpt":{"rendered":"<p><div class=\"et_pb_section et_pb_section_0 et_section_regular\" >\n\t\t\t\t\n\t\t\t\t\n\t\t\t\t\n\t\t\t\t\n\t\t\t\t\n\t\t\t\t\n\t\t\t\t\n\t\t\t\t\n\t\t\t\t\n\t\t\t<\/div><div class=\"et_pb_row et_pb_row_0 et_pb_row_empty\">\n\t\t\t\t\n\t\t\t\t\n\t\t\t\t\n\t\t\t\t\n\t\t\t\t\n\t\t\t<\/div>\u041f\u0420\u041e\u0424\u0418\u041b\u0418\u0420\u041e\u0412\u0410\u041d\u0418\u0415 <div class=\"et_pb_row et_pb_row_1 et_pb_row_empty\">\n\t\t\t\t\n\t\t\t\t\n\t\t\t\t\n\t\t\t\t\n\t\t\t\t\n\t\t\t<\/div><\/p>\n","protected":false},"author":1,"featured_media":0,"parent":72,"menu_order":0,"comment_status":"closed","ping_status":"open","template":"","meta":{"_et_pb_use_builder":"on","_et_pb_old_content":"","_et_gb_content_width":"","footnotes":""},"class_list":["post-1497","page","type-page","status-publish","hentry"],"yoast_head":"<!-- This site is optimized with the Yoast SEO plugin v23.7 - https:\/\/yoast.com\/wordpress\/plugins\/seo\/ -->\n<title>\u041f\u0420\u041e\u0424\u0418\u041b\u0418\u0420\u041e\u0412\u0410\u041d\u0418\u0415 - \u041f\u0440\u0430\u0433\u0430 \u043a\u0430\u043c\u0435\u043d\u044c<\/title>\n<meta name=\"robots\" content=\"index, follow, max-snippet:-1, max-image-preview:large, max-video-preview:-1\" \/>\n<link rel=\"canonical\" href=\"https:\/\/www.prazskykamen.cz\/ru\/kamenne-produkty\/schody\/schody-profilace\/\" \/>\n<meta property=\"og:locale\" content=\"cs_CZ\" \/>\n<meta property=\"og:type\" content=\"article\" \/>\n<meta property=\"og:title\" content=\"\u041f\u0420\u041e\u0424\u0418\u041b\u0418\u0420\u041e\u0412\u0410\u041d\u0418\u0415 - \u041f\u0440\u0430\u0433\u0430 \u043a\u0430\u043c\u0435\u043d\u044c\" \/>\n<meta property=\"og:description\" content=\"\u041f\u0420\u041e\u0424\u0418\u041b\u0418\u0420\u041e\u0412\u0410\u041d\u0418\u0415\" \/>\n<meta property=\"og:url\" content=\"https:\/\/www.prazskykamen.cz\/ru\/kamenne-produkty\/schody\/schody-profilace\/\" \/>\n<meta property=\"og:site_name\" content=\"\u041f\u0440\u0430\u0433\u0430 \u043a\u0430\u043c\u0435\u043d\u044c\" \/>\n<meta property=\"article:modified_time\" content=\"2016-01-26T12:43:20+00:00\" \/>\n<meta property=\"og:image\" content=\"https:\/\/www.prazskykamen.cz\/wp-content\/uploads\/2015\/01\/schody-masiv-schema-1080x195.jpg\" \/>\n<meta name=\"twitter:card\" content=\"summary_large_image\" \/>\n<script type=\"application\/ld+json\" class=\"yoast-schema-graph\">{\"@context\":\"https:\/\/schema.org\",\"@graph\":[{\"@type\":\"WebPage\",\"@id\":\"https:\/\/www.prazskykamen.cz\/ru\/kamenne-produkty\/schody\/schody-profilace\/\",\"url\":\"https:\/\/www.prazskykamen.cz\/ru\/kamenne-produkty\/schody\/schody-profilace\/\",\"name\":\"\u041f\u0420\u041e\u0424\u0418\u041b\u0418\u0420\u041e\u0412\u0410\u041d\u0418\u0415 - \u041f\u0440\u0430\u0433\u0430 \u043a\u0430\u043c\u0435\u043d\u044c\",\"isPartOf\":{\"@id\":\"https:\/\/www.prazskykamen.cz\/ru\/#website\"},\"primaryImageOfPage\":{\"@id\":\"https:\/\/www.prazskykamen.cz\/ru\/kamenne-produkty\/schody\/schody-profilace\/#primaryimage\"},\"image\":{\"@id\":\"https:\/\/www.prazskykamen.cz\/ru\/kamenne-produkty\/schody\/schody-profilace\/#primaryimage\"},\"thumbnailUrl\":\"https:\/\/www.prazskykamen.cz\/wp-content\/uploads\/2015\/01\/schody-masiv-schema-1080x195.jpg\",\"datePublished\":\"2015-01-12T07:10:25+00:00\",\"dateModified\":\"2016-01-26T12:43:20+00:00\",\"breadcrumb\":{\"@id\":\"https:\/\/www.prazskykamen.cz\/ru\/kamenne-produkty\/schody\/schody-profilace\/#breadcrumb\"},\"inLanguage\":\"cs\",\"potentialAction\":[{\"@type\":\"ReadAction\",\"target\":[\"https:\/\/www.prazskykamen.cz\/ru\/kamenne-produkty\/schody\/schody-profilace\/\"]}]},{\"@type\":\"ImageObject\",\"inLanguage\":\"cs\",\"@id\":\"https:\/\/www.prazskykamen.cz\/ru\/kamenne-produkty\/schody\/schody-profilace\/#primaryimage\",\"url\":\"https:\/\/www.prazskykamen.cz\/wp-content\/uploads\/2015\/01\/schody-masiv-schema-1080x195.jpg\",\"contentUrl\":\"https:\/\/www.prazskykamen.cz\/wp-content\/uploads\/2015\/01\/schody-masiv-schema-1080x195.jpg\"},{\"@type\":\"BreadcrumbList\",\"@id\":\"https:\/\/www.prazskykamen.cz\/ru\/kamenne-produkty\/schody\/schody-profilace\/#breadcrumb\",\"itemListElement\":[{\"@type\":\"ListItem\",\"position\":1,\"name\":\"Dom\u016f\",\"item\":\"https:\/\/www.prazskykamen.cz\/ru\/\"},{\"@type\":\"ListItem\",\"position\":2,\"name\":\"\u0418\u0417\u0414\u0415\u041b\u0418\u042f \u0418\u0417 \u041a\u0410\u041c\u041d\u042f\",\"item\":\"https:\/\/www.prazskykamen.cz\/ru\/kamenne-produkty\/\"},{\"@type\":\"ListItem\",\"position\":3,\"name\":\"\u041b\u0415\u0421\u0422\u041d\u0418\u0426\u042b\",\"item\":\"https:\/\/www.prazskykamen.cz\/ru\/kamenne-produkty\/schody\/\"},{\"@type\":\"ListItem\",\"position\":4,\"name\":\"\u041f\u0420\u041e\u0424\u0418\u041b\u0418\u0420\u041e\u0412\u0410\u041d\u0418\u0415\"}]},{\"@type\":\"WebSite\",\"@id\":\"https:\/\/www.prazskykamen.cz\/ru\/#website\",\"url\":\"https:\/\/www.prazskykamen.cz\/ru\/\",\"name\":\"\u041f\u0440\u0430\u0433\u0430 \u043a\u0430\u043c\u0435\u043d\u044c\",\"description\":\"Dal\u0161\u00ed nov\u00fd web v r\u00e1mci s\u00edt\u011b Pra\u017esk\u00fd k\u00e1men Sites\",\"potentialAction\":[{\"@type\":\"SearchAction\",\"target\":{\"@type\":\"EntryPoint\",\"urlTemplate\":\"https:\/\/www.prazskykamen.cz\/ru\/?s={search_term_string}\"},\"query-input\":{\"@type\":\"PropertyValueSpecification\",\"valueRequired\":true,\"valueName\":\"search_term_string\"}}],\"inLanguage\":\"cs\"}]}<\/script>\n<!-- \/ Yoast SEO plugin. -->","yoast_head_json":{"title":"\u041f\u0420\u041e\u0424\u0418\u041b\u0418\u0420\u041e\u0412\u0410\u041d\u0418\u0415 - \u041f\u0440\u0430\u0433\u0430 \u043a\u0430\u043c\u0435\u043d\u044c","robots":{"index":"index","follow":"follow","max-snippet":"max-snippet:-1","max-image-preview":"max-image-preview:large","max-video-preview":"max-video-preview:-1"},"canonical":"https:\/\/www.prazskykamen.cz\/ru\/kamenne-produkty\/schody\/schody-profilace\/","og_locale":"cs_CZ","og_type":"article","og_title":"\u041f\u0420\u041e\u0424\u0418\u041b\u0418\u0420\u041e\u0412\u0410\u041d\u0418\u0415 - \u041f\u0440\u0430\u0433\u0430 \u043a\u0430\u043c\u0435\u043d\u044c","og_description":"\u041f\u0420\u041e\u0424\u0418\u041b\u0418\u0420\u041e\u0412\u0410\u041d\u0418\u0415","og_url":"https:\/\/www.prazskykamen.cz\/ru\/kamenne-produkty\/schody\/schody-profilace\/","og_site_name":"\u041f\u0440\u0430\u0433\u0430 \u043a\u0430\u043c\u0435\u043d\u044c","article_modified_time":"2016-01-26T12:43:20+00:00","og_image":[{"url":"https:\/\/www.prazskykamen.cz\/wp-content\/uploads\/2015\/01\/schody-masiv-schema-1080x195.jpg"}],"twitter_card":"summary_large_image","schema":{"@context":"https:\/\/schema.org","@graph":[{"@type":"WebPage","@id":"https:\/\/www.prazskykamen.cz\/ru\/kamenne-produkty\/schody\/schody-profilace\/","url":"https:\/\/www.prazskykamen.cz\/ru\/kamenne-produkty\/schody\/schody-profilace\/","name":"\u041f\u0420\u041e\u0424\u0418\u041b\u0418\u0420\u041e\u0412\u0410\u041d\u0418\u0415 - \u041f\u0440\u0430\u0433\u0430 \u043a\u0430\u043c\u0435\u043d\u044c","isPartOf":{"@id":"https:\/\/www.prazskykamen.cz\/ru\/#website"},"primaryImageOfPage":{"@id":"https:\/\/www.prazskykamen.cz\/ru\/kamenne-produkty\/schody\/schody-profilace\/#primaryimage"},"image":{"@id":"https:\/\/www.prazskykamen.cz\/ru\/kamenne-produkty\/schody\/schody-profilace\/#primaryimage"},"thumbnailUrl":"https:\/\/www.prazskykamen.cz\/wp-content\/uploads\/2015\/01\/schody-masiv-schema-1080x195.jpg","datePublished":"2015-01-12T07:10:25+00:00","dateModified":"2016-01-26T12:43:20+00:00","breadcrumb":{"@id":"https:\/\/www.prazskykamen.cz\/ru\/kamenne-produkty\/schody\/schody-profilace\/#breadcrumb"},"inLanguage":"cs","potentialAction":[{"@type":"ReadAction","target":["https:\/\/www.prazskykamen.cz\/ru\/kamenne-produkty\/schody\/schody-profilace\/"]}]},{"@type":"ImageObject","inLanguage":"cs","@id":"https:\/\/www.prazskykamen.cz\/ru\/kamenne-produkty\/schody\/schody-profilace\/#primaryimage","url":"https:\/\/www.prazskykamen.cz\/wp-content\/uploads\/2015\/01\/schody-masiv-schema-1080x195.jpg","contentUrl":"https:\/\/www.prazskykamen.cz\/wp-content\/uploads\/2015\/01\/schody-masiv-schema-1080x195.jpg"},{"@type":"BreadcrumbList","@id":"https:\/\/www.prazskykamen.cz\/ru\/kamenne-produkty\/schody\/schody-profilace\/#breadcrumb","itemListElement":[{"@type":"ListItem","position":1,"name":"Dom\u016f","item":"https:\/\/www.prazskykamen.cz\/ru\/"},{"@type":"ListItem","position":2,"name":"\u0418\u0417\u0414\u0415\u041b\u0418\u042f \u0418\u0417 \u041a\u0410\u041c\u041d\u042f","item":"https:\/\/www.prazskykamen.cz\/ru\/kamenne-produkty\/"},{"@type":"ListItem","position":3,"name":"\u041b\u0415\u0421\u0422\u041d\u0418\u0426\u042b","item":"https:\/\/www.prazskykamen.cz\/ru\/kamenne-produkty\/schody\/"},{"@type":"ListItem","position":4,"name":"\u041f\u0420\u041e\u0424\u0418\u041b\u0418\u0420\u041e\u0412\u0410\u041d\u0418\u0415"}]},{"@type":"WebSite","@id":"https:\/\/www.prazskykamen.cz\/ru\/#website","url":"https:\/\/www.prazskykamen.cz\/ru\/","name":"\u041f\u0440\u0430\u0433\u0430 \u043a\u0430\u043c\u0435\u043d\u044c","description":"Dal\u0161\u00ed nov\u00fd web v r\u00e1mci s\u00edt\u011b Pra\u017esk\u00fd k\u00e1men Sites","potentialAction":[{"@type":"SearchAction","target":{"@type":"EntryPoint","urlTemplate":"https:\/\/www.prazskykamen.cz\/ru\/?s={search_term_string}"},"query-input":{"@type":"PropertyValueSpecification","valueRequired":true,"valueName":"search_term_string"}}],"inLanguage":"cs"}]}},"_links":{"self":[{"href":"https:\/\/www.prazskykamen.cz\/ru\/wp-json\/wp\/v2\/pages\/1497","targetHints":{"allow":["GET"]}}],"collection":[{"href":"https:\/\/www.prazskykamen.cz\/ru\/wp-json\/wp\/v2\/pages"}],"about":[{"href":"https:\/\/www.prazskykamen.cz\/ru\/wp-json\/wp\/v2\/types\/page"}],"author":[{"embeddable":true,"href":"https:\/\/www.prazskykamen.cz\/ru\/wp-json\/wp\/v2\/users\/1"}],"replies":[{"embeddable":true,"href":"https:\/\/www.prazskykamen.cz\/ru\/wp-json\/wp\/v2\/comments?post=1497"}],"version-history":[{"count":3,"href":"https:\/\/www.prazskykamen.cz\/ru\/wp-json\/wp\/v2\/pages\/1497\/revisions"}],"predecessor-version":[{"id":6767,"href":"https:\/\/www.prazskykamen.cz\/ru\/wp-json\/wp\/v2\/pages\/1497\/revisions\/6767"}],"up":[{"embeddable":true,"href":"https:\/\/www.prazskykamen.cz\/ru\/wp-json\/wp\/v2\/pages\/72"}],"wp:attachment":[{"href":"https:\/\/www.prazskykamen.cz\/ru\/wp-json\/wp\/v2\/media?parent=1497"}],"curies":[{"name":"wp","href":"https:\/\/api.w.org\/{rel}","templated":true}]}}