{"id":1392,"date":"2015-01-11T13:58:31","date_gmt":"2015-01-11T12:58:31","guid":{"rendered":"https:\/\/www.prazskykamen.cz\/?page_id=1392"},"modified":"2016-02-11T08:24:57","modified_gmt":"2016-02-11T08:24:57","slug":"kamenne-dlazby-a-obklady-vybrane-realizace","status":"publish","type":"page","link":"https:\/\/www.prazskykamen.cz\/ru\/kamenne-produkty\/kamenne-obklady-a-dlazby\/kamenne-dlazby-a-obklady-vybrane-realizace\/","title":{"rendered":"\u0412\u042b\u0411\u0420\u0410\u041d\u041d\u042b\u0415 \u041f\u0420\u041e\u0415\u041a\u0422\u042b"},"content":{"rendered":"<p>[et_pb_section][et_pb_row][et_pb_column type=&#8220;4_4&#8243;][et_pb_text admin_label=&#8220;Text&#8220; background_layout=&#8220;light&#8220; text_orientation=&#8220;left&#8220;]<\/p>\n<h1>\u0412\u042b\u0411\u0420\u0410\u041d\u041d\u042b\u0415 \u041f\u0420\u041e\u0415\u041a\u0422\u042b<\/h1>\n<p>[\/et_pb_text][et_pb_gallery admin_label=&#8220;Gallery&#8220; gallery_ids=&#8220;6966,6967,6968,6969,6970,6971,6972,6973,6974,6975,6976,6977,6978,6979,6980,6981,6982,6983,6984,6985,6986,6987,6988,6989,6990,6991,6992,6993,6994,6995,6996,6997,6998,6999,7000,7001,7002,7003,7004,7005,7006,7007,7008,7009,7010,7011,7012,7013,7014,7015,7016,7017,7018,7019&#8243; fullwidth=&#8220;off&#8220; posts_number=&#8220;20&#8243; show_title_and_caption=&#8220;on&#8220; show_pagination=&#8220;on&#8220; background_layout=&#8220;light&#8220; \/][\/et_pb_column][\/et_pb_row][\/et_pb_section]<\/p>\n","protected":false},"excerpt":{"rendered":"<p><div class=\"et_pb_section et_pb_section_0 et_section_regular\" >\n\t\t\t\t\n\t\t\t\t\n\t\t\t\t\n\t\t\t\t\n\t\t\t\t\n\t\t\t\t\n\t\t\t\t\n\t\t\t\t\n\t\t\t\t\n\t\t\t<\/div><div class=\"et_pb_row et_pb_row_0 et_pb_row_empty\">\n\t\t\t\t\n\t\t\t\t\n\t\t\t\t\n\t\t\t\t\n\t\t\t\t\n\t\t\t<\/div>\u0412\u042b\u0411\u0420\u0410\u041d\u041d\u042b\u0415 \u041f\u0420\u041e\u0415\u041a\u0422\u042b<\/p>\n","protected":false},"author":1,"featured_media":0,"parent":61,"menu_order":0,"comment_status":"closed","ping_status":"open","template":"","meta":{"_et_pb_use_builder":"on","_et_pb_old_content":"","_et_gb_content_width":"","footnotes":""},"class_list":["post-1392","page","type-page","status-publish","hentry"],"yoast_head":"<!-- This site is optimized with the Yoast SEO plugin v23.7 - https:\/\/yoast.com\/wordpress\/plugins\/seo\/ -->\n<title>\u0412\u042b\u0411\u0420\u0410\u041d\u041d\u042b\u0415 \u041f\u0420\u041e\u0415\u041a\u0422\u042b - \u041f\u0440\u0430\u0433\u0430 \u043a\u0430\u043c\u0435\u043d\u044c<\/title>\n<meta name=\"robots\" content=\"index, follow, max-snippet:-1, max-image-preview:large, max-video-preview:-1\" \/>\n<link rel=\"canonical\" href=\"https:\/\/www.prazskykamen.cz\/ru\/kamenne-produkty\/kamenne-obklady-a-dlazby\/kamenne-dlazby-a-obklady-vybrane-realizace\/\" \/>\n<meta property=\"og:locale\" content=\"cs_CZ\" \/>\n<meta property=\"og:type\" content=\"article\" \/>\n<meta property=\"og:title\" content=\"\u0412\u042b\u0411\u0420\u0410\u041d\u041d\u042b\u0415 \u041f\u0420\u041e\u0415\u041a\u0422\u042b - \u041f\u0440\u0430\u0433\u0430 \u043a\u0430\u043c\u0435\u043d\u044c\" \/>\n<meta property=\"og:description\" content=\"\u0412\u042b\u0411\u0420\u0410\u041d\u041d\u042b\u0415 \u041f\u0420\u041e\u0415\u041a\u0422\u042b\" \/>\n<meta property=\"og:url\" content=\"https:\/\/www.prazskykamen.cz\/ru\/kamenne-produkty\/kamenne-obklady-a-dlazby\/kamenne-dlazby-a-obklady-vybrane-realizace\/\" \/>\n<meta property=\"og:site_name\" content=\"\u041f\u0440\u0430\u0433\u0430 \u043a\u0430\u043c\u0435\u043d\u044c\" \/>\n<meta property=\"article:modified_time\" content=\"2016-02-11T08:24:57+00:00\" \/>\n<meta name=\"twitter:card\" content=\"summary_large_image\" \/>\n<script type=\"application\/ld+json\" class=\"yoast-schema-graph\">{\"@context\":\"https:\/\/schema.org\",\"@graph\":[{\"@type\":\"WebPage\",\"@id\":\"https:\/\/www.prazskykamen.cz\/ru\/kamenne-produkty\/kamenne-obklady-a-dlazby\/kamenne-dlazby-a-obklady-vybrane-realizace\/\",\"url\":\"https:\/\/www.prazskykamen.cz\/ru\/kamenne-produkty\/kamenne-obklady-a-dlazby\/kamenne-dlazby-a-obklady-vybrane-realizace\/\",\"name\":\"\u0412\u042b\u0411\u0420\u0410\u041d\u041d\u042b\u0415 \u041f\u0420\u041e\u0415\u041a\u0422\u042b - \u041f\u0440\u0430\u0433\u0430 \u043a\u0430\u043c\u0435\u043d\u044c\",\"isPartOf\":{\"@id\":\"https:\/\/www.prazskykamen.cz\/ru\/#website\"},\"datePublished\":\"2015-01-11T12:58:31+00:00\",\"dateModified\":\"2016-02-11T08:24:57+00:00\",\"breadcrumb\":{\"@id\":\"https:\/\/www.prazskykamen.cz\/ru\/kamenne-produkty\/kamenne-obklady-a-dlazby\/kamenne-dlazby-a-obklady-vybrane-realizace\/#breadcrumb\"},\"inLanguage\":\"cs\",\"potentialAction\":[{\"@type\":\"ReadAction\",\"target\":[\"https:\/\/www.prazskykamen.cz\/ru\/kamenne-produkty\/kamenne-obklady-a-dlazby\/kamenne-dlazby-a-obklady-vybrane-realizace\/\"]}]},{\"@type\":\"BreadcrumbList\",\"@id\":\"https:\/\/www.prazskykamen.cz\/ru\/kamenne-produkty\/kamenne-obklady-a-dlazby\/kamenne-dlazby-a-obklady-vybrane-realizace\/#breadcrumb\",\"itemListElement\":[{\"@type\":\"ListItem\",\"position\":1,\"name\":\"Dom\u016f\",\"item\":\"https:\/\/www.prazskykamen.cz\/ru\/\"},{\"@type\":\"ListItem\",\"position\":2,\"name\":\"\u0418\u0417\u0414\u0415\u041b\u0418\u042f \u0418\u0417 \u041a\u0410\u041c\u041d\u042f\",\"item\":\"https:\/\/www.prazskykamen.cz\/ru\/kamenne-produkty\/\"},{\"@type\":\"ListItem\",\"position\":3,\"name\":\"\u041a\u0410\u041c\u0415\u041d\u041d\u0410\u042f \u041f\u041b\u0418\u0422\u041a\u0410\",\"item\":\"https:\/\/www.prazskykamen.cz\/ru\/kamenne-produkty\/kamenne-obklady-a-dlazby\/\"},{\"@type\":\"ListItem\",\"position\":4,\"name\":\"\u0412\u042b\u0411\u0420\u0410\u041d\u041d\u042b\u0415 \u041f\u0420\u041e\u0415\u041a\u0422\u042b\"}]},{\"@type\":\"WebSite\",\"@id\":\"https:\/\/www.prazskykamen.cz\/ru\/#website\",\"url\":\"https:\/\/www.prazskykamen.cz\/ru\/\",\"name\":\"\u041f\u0440\u0430\u0433\u0430 \u043a\u0430\u043c\u0435\u043d\u044c\",\"description\":\"Dal\u0161\u00ed nov\u00fd web v r\u00e1mci s\u00edt\u011b Pra\u017esk\u00fd k\u00e1men Sites\",\"potentialAction\":[{\"@type\":\"SearchAction\",\"target\":{\"@type\":\"EntryPoint\",\"urlTemplate\":\"https:\/\/www.prazskykamen.cz\/ru\/?s={search_term_string}\"},\"query-input\":{\"@type\":\"PropertyValueSpecification\",\"valueRequired\":true,\"valueName\":\"search_term_string\"}}],\"inLanguage\":\"cs\"}]}<\/script>\n<!-- \/ Yoast SEO plugin. -->","yoast_head_json":{"title":"\u0412\u042b\u0411\u0420\u0410\u041d\u041d\u042b\u0415 \u041f\u0420\u041e\u0415\u041a\u0422\u042b - \u041f\u0440\u0430\u0433\u0430 \u043a\u0430\u043c\u0435\u043d\u044c","robots":{"index":"index","follow":"follow","max-snippet":"max-snippet:-1","max-image-preview":"max-image-preview:large","max-video-preview":"max-video-preview:-1"},"canonical":"https:\/\/www.prazskykamen.cz\/ru\/kamenne-produkty\/kamenne-obklady-a-dlazby\/kamenne-dlazby-a-obklady-vybrane-realizace\/","og_locale":"cs_CZ","og_type":"article","og_title":"\u0412\u042b\u0411\u0420\u0410\u041d\u041d\u042b\u0415 \u041f\u0420\u041e\u0415\u041a\u0422\u042b - \u041f\u0440\u0430\u0433\u0430 \u043a\u0430\u043c\u0435\u043d\u044c","og_description":"\u0412\u042b\u0411\u0420\u0410\u041d\u041d\u042b\u0415 \u041f\u0420\u041e\u0415\u041a\u0422\u042b","og_url":"https:\/\/www.prazskykamen.cz\/ru\/kamenne-produkty\/kamenne-obklady-a-dlazby\/kamenne-dlazby-a-obklady-vybrane-realizace\/","og_site_name":"\u041f\u0440\u0430\u0433\u0430 \u043a\u0430\u043c\u0435\u043d\u044c","article_modified_time":"2016-02-11T08:24:57+00:00","twitter_card":"summary_large_image","schema":{"@context":"https:\/\/schema.org","@graph":[{"@type":"WebPage","@id":"https:\/\/www.prazskykamen.cz\/ru\/kamenne-produkty\/kamenne-obklady-a-dlazby\/kamenne-dlazby-a-obklady-vybrane-realizace\/","url":"https:\/\/www.prazskykamen.cz\/ru\/kamenne-produkty\/kamenne-obklady-a-dlazby\/kamenne-dlazby-a-obklady-vybrane-realizace\/","name":"\u0412\u042b\u0411\u0420\u0410\u041d\u041d\u042b\u0415 \u041f\u0420\u041e\u0415\u041a\u0422\u042b - \u041f\u0440\u0430\u0433\u0430 \u043a\u0430\u043c\u0435\u043d\u044c","isPartOf":{"@id":"https:\/\/www.prazskykamen.cz\/ru\/#website"},"datePublished":"2015-01-11T12:58:31+00:00","dateModified":"2016-02-11T08:24:57+00:00","breadcrumb":{"@id":"https:\/\/www.prazskykamen.cz\/ru\/kamenne-produkty\/kamenne-obklady-a-dlazby\/kamenne-dlazby-a-obklady-vybrane-realizace\/#breadcrumb"},"inLanguage":"cs","potentialAction":[{"@type":"ReadAction","target":["https:\/\/www.prazskykamen.cz\/ru\/kamenne-produkty\/kamenne-obklady-a-dlazby\/kamenne-dlazby-a-obklady-vybrane-realizace\/"]}]},{"@type":"BreadcrumbList","@id":"https:\/\/www.prazskykamen.cz\/ru\/kamenne-produkty\/kamenne-obklady-a-dlazby\/kamenne-dlazby-a-obklady-vybrane-realizace\/#breadcrumb","itemListElement":[{"@type":"ListItem","position":1,"name":"Dom\u016f","item":"https:\/\/www.prazskykamen.cz\/ru\/"},{"@type":"ListItem","position":2,"name":"\u0418\u0417\u0414\u0415\u041b\u0418\u042f \u0418\u0417 \u041a\u0410\u041c\u041d\u042f","item":"https:\/\/www.prazskykamen.cz\/ru\/kamenne-produkty\/"},{"@type":"ListItem","position":3,"name":"\u041a\u0410\u041c\u0415\u041d\u041d\u0410\u042f \u041f\u041b\u0418\u0422\u041a\u0410","item":"https:\/\/www.prazskykamen.cz\/ru\/kamenne-produkty\/kamenne-obklady-a-dlazby\/"},{"@type":"ListItem","position":4,"name":"\u0412\u042b\u0411\u0420\u0410\u041d\u041d\u042b\u0415 \u041f\u0420\u041e\u0415\u041a\u0422\u042b"}]},{"@type":"WebSite","@id":"https:\/\/www.prazskykamen.cz\/ru\/#website","url":"https:\/\/www.prazskykamen.cz\/ru\/","name":"\u041f\u0440\u0430\u0433\u0430 \u043a\u0430\u043c\u0435\u043d\u044c","description":"Dal\u0161\u00ed nov\u00fd web v r\u00e1mci s\u00edt\u011b Pra\u017esk\u00fd k\u00e1men Sites","potentialAction":[{"@type":"SearchAction","target":{"@type":"EntryPoint","urlTemplate":"https:\/\/www.prazskykamen.cz\/ru\/?s={search_term_string}"},"query-input":{"@type":"PropertyValueSpecification","valueRequired":true,"valueName":"search_term_string"}}],"inLanguage":"cs"}]}},"_links":{"self":[{"href":"https:\/\/www.prazskykamen.cz\/ru\/wp-json\/wp\/v2\/pages\/1392","targetHints":{"allow":["GET"]}}],"collection":[{"href":"https:\/\/www.prazskykamen.cz\/ru\/wp-json\/wp\/v2\/pages"}],"about":[{"href":"https:\/\/www.prazskykamen.cz\/ru\/wp-json\/wp\/v2\/types\/page"}],"author":[{"embeddable":true,"href":"https:\/\/www.prazskykamen.cz\/ru\/wp-json\/wp\/v2\/users\/1"}],"replies":[{"embeddable":true,"href":"https:\/\/www.prazskykamen.cz\/ru\/wp-json\/wp\/v2\/comments?post=1392"}],"version-history":[{"count":3,"href":"https:\/\/www.prazskykamen.cz\/ru\/wp-json\/wp\/v2\/pages\/1392\/revisions"}],"predecessor-version":[{"id":7021,"href":"https:\/\/www.prazskykamen.cz\/ru\/wp-json\/wp\/v2\/pages\/1392\/revisions\/7021"}],"up":[{"embeddable":true,"href":"https:\/\/www.prazskykamen.cz\/ru\/wp-json\/wp\/v2\/pages\/61"}],"wp:attachment":[{"href":"https:\/\/www.prazskykamen.cz\/ru\/wp-json\/wp\/v2\/media?parent=1392"}],"curies":[{"name":"wp","href":"https:\/\/api.w.org\/{rel}","templated":true}]}}