{"id":1066,"date":"2015-01-02T14:48:36","date_gmt":"2015-01-02T13:48:36","guid":{"rendered":"https:\/\/www.prazskykamen.cz\/?page_id=1066"},"modified":"2023-06-09T14:25:12","modified_gmt":"2023-06-09T14:25:12","slug":"schody-vzorova-kalkulace","status":"publish","type":"page","link":"https:\/\/www.prazskykamen.cz\/ru\/kamenne-produkty\/schody\/schody-vzorova-kalkulace\/","title":{"rendered":"\u041f\u0420\u0418\u041c\u0415\u0420 \u0420\u0410\u0421\u0427\u0415\u0422\u0410"},"content":{"rendered":"<p>[et_pb_section fb_built=&#8220;1&#8243; _builder_version=&#8220;4.16&#8243; global_colors_info=&#8220;{}&#8220;][et_pb_row _builder_version=&#8220;4.16&#8243; background_size=&#8220;initial&#8220; background_position=&#8220;top_left&#8220; background_repeat=&#8220;repeat&#8220; global_colors_info=&#8220;{}&#8220; column_structure=&#8220;1_2,1_2&#8243;][et_pb_column type=&#8220;1_2&#8243; _builder_version=&#8220;4.16&#8243; custom_padding=&#8220;|||&#8220; global_colors_info=&#8220;{}&#8220; custom_padding__hover=&#8220;|||&#8220;][et_pb_text admin_label=&#8220;Text&#8220; _builder_version=&#8220;4.19.2&#8243; background_size=&#8220;initial&#8220; background_position=&#8220;top_left&#8220; background_repeat=&#8220;repeat&#8220; hover_enabled=&#8220;0&#8243; global_colors_info=&#8220;{}&#8220; sticky_enabled=&#8220;0&#8243;]<\/p>\n<h1>\u041b\u0415\u0421\u0422\u041d\u0418\u0426\u042b &#8211;&nbsp;\u041f\u0420\u0418\u041c\u0415\u0420 \u0420\u0410\u0421\u0427\u0415\u0422\u0410<\/h1>\n<p>\u041a\u0430\u043c\u0435\u043d\u043d\u0430\u044f \u043e\u0431\u043b\u0438\u0446\u043e\u0432\u043a\u0430 \u043b\u0435\u0441\u0442\u043d\u0438\u0446\u044b, \u043c\u0430\u0442\u0435\u0440\u0438\u0430\u043b \u2013 \u0441\u0435\u0440\u044b\u0439 \u0433\u0440\u0430\u043d\u0438\u0442, \u043f\u043e\u0432\u0435\u0440\u0445\u043d\u043e\u0441\u0442\u044c \u2013 \u043e\u0431\u043e\u0436\u0436\u0435\u043d\u043d\u0430\u044f. 7 \u0448\u0442\u0443\u043a&nbsp; \u043f\u0440\u043e\u0441\u0442\u0443\u043f\u0435\u0439 \u0438 \u043f\u043e\u0434\u0441\u0442\u0443\u043f\u0435\u043d\u043a\u043e\u0432, \u0434\u043b\u0438\u043d\u0430 180 \u0441\u043c, \u043f\u0440\u043e\u0444\u0438\u043b\u044c \u0441\u0442\u0443\u043f\u0435\u043d\u0438 15&#215;30 \u0441\u043c. \u041e\u0431\u0449\u0430\u044f \u043f\u043b\u043e\u0449\u0430\u0434\u044c 5,67 \u043c2, 12,6 \u043f\u043e\u0433\u043e\u043d\u043d\u044b\u0445 \u043c\u0435\u0442\u0440\u043e\u0432. \u041f\u043b\u043e\u0441\u043a\u0430\u044f \u0433\u0440\u0430\u043d\u044c, \u0448\u043b\u0438\u0444\u043e\u0432\u043a\u0430 \u0441&nbsp; \u0444\u0430\u0441\u0435\u0442\u043a\u043e\u0439. \u0426\u0435\u043d\u0430, \u0432\u043a\u043b\u044e\u0447\u0430\u044f \u0437\u0430\u043c\u0435\u0440 \u0438 \u0443\u0441\u0442\u0430\u043d\u043e\u0432\u043a\u0443, \u0441\u043e\u0441\u0442\u0430\u0432\u043b\u044f\u0435\u0442 70.200 \u0447\u0435\u0448\u0441\u043a\u0438\u0445 \u043a\u0440\u043e\u043d \u0431\u0435\u0437 \u041d\u0414\u0421.[\/et_pb_text][et_pb_gallery gallery_ids=&#8220;6801&#8243; fullwidth=&#8220;on&#8220; admin_label=&#8220;Gallery&#8220; _builder_version=&#8220;4.16&#8243; global_colors_info=&#8220;{}&#8220;][\/et_pb_gallery][et_pb_text admin_label=&#8220;Text&#8220; _builder_version=&#8220;4.16&#8243; background_size=&#8220;initial&#8220; background_position=&#8220;top_left&#8220; background_repeat=&#8220;repeat&#8220; global_colors_info=&#8220;{}&#8220;]\u0414\u043b\u044f \u0442\u043e\u0447\u043d\u043e\u0433\u043e \u0440\u0430\u0441\u0447\u0435\u0442\u0430 \u0442\u0440\u0435\u0431\u0443\u0435\u043c\u044b\u0445 \u0441\u0442\u0443\u043f\u0435\u043d\u0435\u0439, \u043f\u043e\u0436\u0430\u043b\u0443\u0439\u0441\u0442\u0430, \u0437\u0430\u043f\u043e\u043b\u043d\u0438\u0442\u0435 \u0441\u043b\u0435\u0434\u0443\u044e\u0449\u0443\u044e <a href=\"https:\/\/www.prazskykamen.cz\/en\/poptavka\/poptavka-ostatni\"> \u0444\u043e\u0440\u043c\u0443 \u0437\u0430\u043f\u0440\u043e\u0441\u0430<\/a>, \u043d\u0430 \u043a\u043e\u0442\u043e\u0440\u0443\u044e \u043c\u044b \u043d\u0435\u043c\u0435\u0434\u043b\u0435\u043d\u043d\u043e \u043e\u0442\u0432\u0435\u0442\u0438\u043c. \u0418\u043b\u0438 \u0441\u0432\u044f\u0436\u0438\u0442\u0435\u0441\u044c \u0441 \u043d\u0430\u043c\u0438 \u0441 \u043f\u043e\u043c\u043e\u0449\u044c\u044e \u00a0<a href=\"mailto:info@prazskykamen.cz\">info@prazskykamen.cz<\/a>[\/et_pb_text][\/et_pb_column][et_pb_column type=&#8220;1_2&#8243; _builder_version=&#8220;4.16&#8243; custom_padding=&#8220;|||&#8220; global_colors_info=&#8220;{}&#8220; custom_padding__hover=&#8220;|||&#8220;][et_pb_text admin_label=&#8220;Text&#8220; _builder_version=&#8220;4.16&#8243; background_size=&#8220;initial&#8220; background_position=&#8220;top_left&#8220; background_repeat=&#8220;repeat&#8220; global_colors_info=&#8220;{}&#8220;]<img loading=\"lazy\" decoding=\"async\" class=\"alignnone size-full wp-image-1484\" src=\"https:\/\/www.prazskykamen.cz\/wp-content\/uploads\/2015\/01\/foto-k-vzorove-kalkulaci-schody2.jpg\" alt=\"OLYMPUS DIGITAL CAMERA\" width=\"520\" height=\"390\" \/><br \/>\n[\/et_pb_text][\/et_pb_column][\/et_pb_row][\/et_pb_section]<\/p>\n","protected":false},"excerpt":{"rendered":"<p>\u041b\u0415\u0421\u0422\u041d\u0418\u0426\u042b &#8211;&nbsp;\u041f\u0420\u0418\u041c\u0415\u0420 \u0420\u0410\u0421\u0427\u0415\u0422\u0410 \u041a\u0430\u043c\u0435\u043d\u043d\u0430\u044f \u043e\u0431\u043b\u0438\u0446\u043e\u0432\u043a\u0430 \u043b\u0435\u0441\u0442\u043d\u0438\u0446\u044b, \u043c\u0430\u0442\u0435\u0440\u0438\u0430\u043b \u2013 \u0441\u0435\u0440\u044b\u0439 \u0433\u0440\u0430\u043d\u0438\u0442, \u043f\u043e\u0432\u0435\u0440\u0445\u043d\u043e\u0441\u0442\u044c \u2013 \u043e\u0431\u043e\u0436\u0436\u0435\u043d\u043d\u0430\u044f. 7 \u0448\u0442\u0443\u043a&nbsp; \u043f\u0440\u043e\u0441\u0442\u0443\u043f\u0435\u0439 \u0438 \u043f\u043e\u0434\u0441\u0442\u0443\u043f\u0435\u043d\u043a\u043e\u0432, \u0434\u043b\u0438\u043d\u0430 180 \u0441\u043c, \u043f\u0440\u043e\u0444\u0438\u043b\u044c \u0441\u0442\u0443\u043f\u0435\u043d\u0438 15&#215;30 \u0441\u043c. \u041e\u0431\u0449\u0430\u044f \u043f\u043b\u043e\u0449\u0430\u0434\u044c 5,67 \u043c2, 12,6 \u043f\u043e\u0433\u043e\u043d\u043d\u044b\u0445 \u043c\u0435\u0442\u0440\u043e\u0432. \u041f\u043b\u043e\u0441\u043a\u0430\u044f \u0433\u0440\u0430\u043d\u044c, \u0448\u043b\u0438\u0444\u043e\u0432\u043a\u0430 \u0441&nbsp; \u0444\u0430\u0441\u0435\u0442\u043a\u043e\u0439. \u0426\u0435\u043d\u0430, \u0432\u043a\u043b\u044e\u0447\u0430\u044f \u0437\u0430\u043c\u0435\u0440 \u0438 \u0443\u0441\u0442\u0430\u043d\u043e\u0432\u043a\u0443, \u0441\u043e\u0441\u0442\u0430\u0432\u043b\u044f\u0435\u0442 70.200 \u0447\u0435\u0448\u0441\u043a\u0438\u0445 \u043a\u0440\u043e\u043d \u0431\u0435\u0437 \u041d\u0414\u0421.\u0414\u043b\u044f \u0442\u043e\u0447\u043d\u043e\u0433\u043e \u0440\u0430\u0441\u0447\u0435\u0442\u0430 \u0442\u0440\u0435\u0431\u0443\u0435\u043c\u044b\u0445 \u0441\u0442\u0443\u043f\u0435\u043d\u0435\u0439, \u043f\u043e\u0436\u0430\u043b\u0443\u0439\u0441\u0442\u0430, \u0437\u0430\u043f\u043e\u043b\u043d\u0438\u0442\u0435 \u0441\u043b\u0435\u0434\u0443\u044e\u0449\u0443\u044e [&hellip;]<\/p>\n","protected":false},"author":1,"featured_media":0,"parent":72,"menu_order":0,"comment_status":"closed","ping_status":"open","template":"","meta":{"_et_pb_use_builder":"on","_et_pb_old_content":"","_et_gb_content_width":"","footnotes":""},"class_list":["post-1066","page","type-page","status-publish","hentry"],"yoast_head":"<!-- This site is optimized with the Yoast SEO plugin v23.7 - https:\/\/yoast.com\/wordpress\/plugins\/seo\/ -->\n<title>\u041f\u0420\u0418\u041c\u0415\u0420 \u0420\u0410\u0421\u0427\u0415\u0422\u0410 - \u041f\u0440\u0430\u0433\u0430 \u043a\u0430\u043c\u0435\u043d\u044c<\/title>\n<meta name=\"robots\" content=\"index, follow, max-snippet:-1, max-image-preview:large, max-video-preview:-1\" \/>\n<link rel=\"canonical\" href=\"https:\/\/www.prazskykamen.cz\/ru\/kamenne-produkty\/schody\/schody-vzorova-kalkulace\/\" \/>\n<meta property=\"og:locale\" content=\"cs_CZ\" \/>\n<meta property=\"og:type\" content=\"article\" \/>\n<meta property=\"og:title\" content=\"\u041f\u0420\u0418\u041c\u0415\u0420 \u0420\u0410\u0421\u0427\u0415\u0422\u0410 - \u041f\u0440\u0430\u0433\u0430 \u043a\u0430\u043c\u0435\u043d\u044c\" \/>\n<meta property=\"og:description\" content=\"\u041b\u0415\u0421\u0422\u041d\u0418\u0426\u042b -&nbsp;\u041f\u0420\u0418\u041c\u0415\u0420 \u0420\u0410\u0421\u0427\u0415\u0422\u0410 \u041a\u0430\u043c\u0435\u043d\u043d\u0430\u044f \u043e\u0431\u043b\u0438\u0446\u043e\u0432\u043a\u0430 \u043b\u0435\u0441\u0442\u043d\u0438\u0446\u044b, \u043c\u0430\u0442\u0435\u0440\u0438\u0430\u043b \u2013 \u0441\u0435\u0440\u044b\u0439 \u0433\u0440\u0430\u043d\u0438\u0442, \u043f\u043e\u0432\u0435\u0440\u0445\u043d\u043e\u0441\u0442\u044c \u2013 \u043e\u0431\u043e\u0436\u0436\u0435\u043d\u043d\u0430\u044f. 7 \u0448\u0442\u0443\u043a&nbsp; \u043f\u0440\u043e\u0441\u0442\u0443\u043f\u0435\u0439 \u0438 \u043f\u043e\u0434\u0441\u0442\u0443\u043f\u0435\u043d\u043a\u043e\u0432, \u0434\u043b\u0438\u043d\u0430 180 \u0441\u043c, \u043f\u0440\u043e\u0444\u0438\u043b\u044c \u0441\u0442\u0443\u043f\u0435\u043d\u0438 15x30 \u0441\u043c. \u041e\u0431\u0449\u0430\u044f \u043f\u043b\u043e\u0449\u0430\u0434\u044c 5,67 \u043c2, 12,6 \u043f\u043e\u0433\u043e\u043d\u043d\u044b\u0445 \u043c\u0435\u0442\u0440\u043e\u0432. \u041f\u043b\u043e\u0441\u043a\u0430\u044f \u0433\u0440\u0430\u043d\u044c, \u0448\u043b\u0438\u0444\u043e\u0432\u043a\u0430 \u0441&nbsp; \u0444\u0430\u0441\u0435\u0442\u043a\u043e\u0439. \u0426\u0435\u043d\u0430, \u0432\u043a\u043b\u044e\u0447\u0430\u044f \u0437\u0430\u043c\u0435\u0440 \u0438 \u0443\u0441\u0442\u0430\u043d\u043e\u0432\u043a\u0443, \u0441\u043e\u0441\u0442\u0430\u0432\u043b\u044f\u0435\u0442 70.200 \u0447\u0435\u0448\u0441\u043a\u0438\u0445 \u043a\u0440\u043e\u043d \u0431\u0435\u0437 \u041d\u0414\u0421.\u0414\u043b\u044f \u0442\u043e\u0447\u043d\u043e\u0433\u043e \u0440\u0430\u0441\u0447\u0435\u0442\u0430 \u0442\u0440\u0435\u0431\u0443\u0435\u043c\u044b\u0445 \u0441\u0442\u0443\u043f\u0435\u043d\u0435\u0439, \u043f\u043e\u0436\u0430\u043b\u0443\u0439\u0441\u0442\u0430, \u0437\u0430\u043f\u043e\u043b\u043d\u0438\u0442\u0435 \u0441\u043b\u0435\u0434\u0443\u044e\u0449\u0443\u044e [&hellip;]\" \/>\n<meta property=\"og:url\" content=\"https:\/\/www.prazskykamen.cz\/ru\/kamenne-produkty\/schody\/schody-vzorova-kalkulace\/\" \/>\n<meta property=\"og:site_name\" content=\"\u041f\u0440\u0430\u0433\u0430 \u043a\u0430\u043c\u0435\u043d\u044c\" \/>\n<meta property=\"article:modified_time\" content=\"2023-06-09T14:25:12+00:00\" \/>\n<meta property=\"og:image\" content=\"https:\/\/www.prazskykamen.cz\/wp-content\/uploads\/2015\/01\/foto-k-vzorove-kalkulaci-schody2.jpg\" \/>\n<meta name=\"twitter:card\" content=\"summary_large_image\" \/>\n<meta name=\"twitter:label1\" content=\"Odhadovan\u00e1 doba \u010dten\u00ed\" \/>\n\t<meta name=\"twitter:data1\" content=\"1 minuta\" \/>\n<script type=\"application\/ld+json\" class=\"yoast-schema-graph\">{\"@context\":\"https:\/\/schema.org\",\"@graph\":[{\"@type\":\"WebPage\",\"@id\":\"https:\/\/www.prazskykamen.cz\/ru\/kamenne-produkty\/schody\/schody-vzorova-kalkulace\/\",\"url\":\"https:\/\/www.prazskykamen.cz\/ru\/kamenne-produkty\/schody\/schody-vzorova-kalkulace\/\",\"name\":\"\u041f\u0420\u0418\u041c\u0415\u0420 \u0420\u0410\u0421\u0427\u0415\u0422\u0410 - \u041f\u0440\u0430\u0433\u0430 \u043a\u0430\u043c\u0435\u043d\u044c\",\"isPartOf\":{\"@id\":\"https:\/\/www.prazskykamen.cz\/ru\/#website\"},\"primaryImageOfPage\":{\"@id\":\"https:\/\/www.prazskykamen.cz\/ru\/kamenne-produkty\/schody\/schody-vzorova-kalkulace\/#primaryimage\"},\"image\":{\"@id\":\"https:\/\/www.prazskykamen.cz\/ru\/kamenne-produkty\/schody\/schody-vzorova-kalkulace\/#primaryimage\"},\"thumbnailUrl\":\"https:\/\/www.prazskykamen.cz\/wp-content\/uploads\/2015\/01\/foto-k-vzorove-kalkulaci-schody2.jpg\",\"datePublished\":\"2015-01-02T13:48:36+00:00\",\"dateModified\":\"2023-06-09T14:25:12+00:00\",\"breadcrumb\":{\"@id\":\"https:\/\/www.prazskykamen.cz\/ru\/kamenne-produkty\/schody\/schody-vzorova-kalkulace\/#breadcrumb\"},\"inLanguage\":\"cs\",\"potentialAction\":[{\"@type\":\"ReadAction\",\"target\":[\"https:\/\/www.prazskykamen.cz\/ru\/kamenne-produkty\/schody\/schody-vzorova-kalkulace\/\"]}]},{\"@type\":\"ImageObject\",\"inLanguage\":\"cs\",\"@id\":\"https:\/\/www.prazskykamen.cz\/ru\/kamenne-produkty\/schody\/schody-vzorova-kalkulace\/#primaryimage\",\"url\":\"https:\/\/www.prazskykamen.cz\/wp-content\/uploads\/2015\/01\/foto-k-vzorove-kalkulaci-schody2.jpg\",\"contentUrl\":\"https:\/\/www.prazskykamen.cz\/wp-content\/uploads\/2015\/01\/foto-k-vzorove-kalkulaci-schody2.jpg\"},{\"@type\":\"BreadcrumbList\",\"@id\":\"https:\/\/www.prazskykamen.cz\/ru\/kamenne-produkty\/schody\/schody-vzorova-kalkulace\/#breadcrumb\",\"itemListElement\":[{\"@type\":\"ListItem\",\"position\":1,\"name\":\"Dom\u016f\",\"item\":\"https:\/\/www.prazskykamen.cz\/ru\/\"},{\"@type\":\"ListItem\",\"position\":2,\"name\":\"\u0418\u0417\u0414\u0415\u041b\u0418\u042f \u0418\u0417 \u041a\u0410\u041c\u041d\u042f\",\"item\":\"https:\/\/www.prazskykamen.cz\/ru\/kamenne-produkty\/\"},{\"@type\":\"ListItem\",\"position\":3,\"name\":\"\u041b\u0415\u0421\u0422\u041d\u0418\u0426\u042b\",\"item\":\"https:\/\/www.prazskykamen.cz\/ru\/kamenne-produkty\/schody\/\"},{\"@type\":\"ListItem\",\"position\":4,\"name\":\"\u041f\u0420\u0418\u041c\u0415\u0420 \u0420\u0410\u0421\u0427\u0415\u0422\u0410\"}]},{\"@type\":\"WebSite\",\"@id\":\"https:\/\/www.prazskykamen.cz\/ru\/#website\",\"url\":\"https:\/\/www.prazskykamen.cz\/ru\/\",\"name\":\"\u041f\u0440\u0430\u0433\u0430 \u043a\u0430\u043c\u0435\u043d\u044c\",\"description\":\"Dal\u0161\u00ed nov\u00fd web v r\u00e1mci s\u00edt\u011b Pra\u017esk\u00fd k\u00e1men Sites\",\"potentialAction\":[{\"@type\":\"SearchAction\",\"target\":{\"@type\":\"EntryPoint\",\"urlTemplate\":\"https:\/\/www.prazskykamen.cz\/ru\/?s={search_term_string}\"},\"query-input\":{\"@type\":\"PropertyValueSpecification\",\"valueRequired\":true,\"valueName\":\"search_term_string\"}}],\"inLanguage\":\"cs\"}]}<\/script>\n<!-- \/ Yoast SEO plugin. -->","yoast_head_json":{"title":"\u041f\u0420\u0418\u041c\u0415\u0420 \u0420\u0410\u0421\u0427\u0415\u0422\u0410 - \u041f\u0440\u0430\u0433\u0430 \u043a\u0430\u043c\u0435\u043d\u044c","robots":{"index":"index","follow":"follow","max-snippet":"max-snippet:-1","max-image-preview":"max-image-preview:large","max-video-preview":"max-video-preview:-1"},"canonical":"https:\/\/www.prazskykamen.cz\/ru\/kamenne-produkty\/schody\/schody-vzorova-kalkulace\/","og_locale":"cs_CZ","og_type":"article","og_title":"\u041f\u0420\u0418\u041c\u0415\u0420 \u0420\u0410\u0421\u0427\u0415\u0422\u0410 - \u041f\u0440\u0430\u0433\u0430 \u043a\u0430\u043c\u0435\u043d\u044c","og_description":"\u041b\u0415\u0421\u0422\u041d\u0418\u0426\u042b -&nbsp;\u041f\u0420\u0418\u041c\u0415\u0420 \u0420\u0410\u0421\u0427\u0415\u0422\u0410 \u041a\u0430\u043c\u0435\u043d\u043d\u0430\u044f \u043e\u0431\u043b\u0438\u0446\u043e\u0432\u043a\u0430 \u043b\u0435\u0441\u0442\u043d\u0438\u0446\u044b, \u043c\u0430\u0442\u0435\u0440\u0438\u0430\u043b \u2013 \u0441\u0435\u0440\u044b\u0439 \u0433\u0440\u0430\u043d\u0438\u0442, \u043f\u043e\u0432\u0435\u0440\u0445\u043d\u043e\u0441\u0442\u044c \u2013 \u043e\u0431\u043e\u0436\u0436\u0435\u043d\u043d\u0430\u044f. 7 \u0448\u0442\u0443\u043a&nbsp; \u043f\u0440\u043e\u0441\u0442\u0443\u043f\u0435\u0439 \u0438 \u043f\u043e\u0434\u0441\u0442\u0443\u043f\u0435\u043d\u043a\u043e\u0432, \u0434\u043b\u0438\u043d\u0430 180 \u0441\u043c, \u043f\u0440\u043e\u0444\u0438\u043b\u044c \u0441\u0442\u0443\u043f\u0435\u043d\u0438 15x30 \u0441\u043c. \u041e\u0431\u0449\u0430\u044f \u043f\u043b\u043e\u0449\u0430\u0434\u044c 5,67 \u043c2, 12,6 \u043f\u043e\u0433\u043e\u043d\u043d\u044b\u0445 \u043c\u0435\u0442\u0440\u043e\u0432. \u041f\u043b\u043e\u0441\u043a\u0430\u044f \u0433\u0440\u0430\u043d\u044c, \u0448\u043b\u0438\u0444\u043e\u0432\u043a\u0430 \u0441&nbsp; \u0444\u0430\u0441\u0435\u0442\u043a\u043e\u0439. \u0426\u0435\u043d\u0430, \u0432\u043a\u043b\u044e\u0447\u0430\u044f \u0437\u0430\u043c\u0435\u0440 \u0438 \u0443\u0441\u0442\u0430\u043d\u043e\u0432\u043a\u0443, \u0441\u043e\u0441\u0442\u0430\u0432\u043b\u044f\u0435\u0442 70.200 \u0447\u0435\u0448\u0441\u043a\u0438\u0445 \u043a\u0440\u043e\u043d \u0431\u0435\u0437 \u041d\u0414\u0421.\u0414\u043b\u044f \u0442\u043e\u0447\u043d\u043e\u0433\u043e \u0440\u0430\u0441\u0447\u0435\u0442\u0430 \u0442\u0440\u0435\u0431\u0443\u0435\u043c\u044b\u0445 \u0441\u0442\u0443\u043f\u0435\u043d\u0435\u0439, \u043f\u043e\u0436\u0430\u043b\u0443\u0439\u0441\u0442\u0430, \u0437\u0430\u043f\u043e\u043b\u043d\u0438\u0442\u0435 \u0441\u043b\u0435\u0434\u0443\u044e\u0449\u0443\u044e [&hellip;]","og_url":"https:\/\/www.prazskykamen.cz\/ru\/kamenne-produkty\/schody\/schody-vzorova-kalkulace\/","og_site_name":"\u041f\u0440\u0430\u0433\u0430 \u043a\u0430\u043c\u0435\u043d\u044c","article_modified_time":"2023-06-09T14:25:12+00:00","og_image":[{"url":"https:\/\/www.prazskykamen.cz\/wp-content\/uploads\/2015\/01\/foto-k-vzorove-kalkulaci-schody2.jpg"}],"twitter_card":"summary_large_image","twitter_misc":{"Odhadovan\u00e1 doba \u010dten\u00ed":"1 minuta"},"schema":{"@context":"https:\/\/schema.org","@graph":[{"@type":"WebPage","@id":"https:\/\/www.prazskykamen.cz\/ru\/kamenne-produkty\/schody\/schody-vzorova-kalkulace\/","url":"https:\/\/www.prazskykamen.cz\/ru\/kamenne-produkty\/schody\/schody-vzorova-kalkulace\/","name":"\u041f\u0420\u0418\u041c\u0415\u0420 \u0420\u0410\u0421\u0427\u0415\u0422\u0410 - \u041f\u0440\u0430\u0433\u0430 \u043a\u0430\u043c\u0435\u043d\u044c","isPartOf":{"@id":"https:\/\/www.prazskykamen.cz\/ru\/#website"},"primaryImageOfPage":{"@id":"https:\/\/www.prazskykamen.cz\/ru\/kamenne-produkty\/schody\/schody-vzorova-kalkulace\/#primaryimage"},"image":{"@id":"https:\/\/www.prazskykamen.cz\/ru\/kamenne-produkty\/schody\/schody-vzorova-kalkulace\/#primaryimage"},"thumbnailUrl":"https:\/\/www.prazskykamen.cz\/wp-content\/uploads\/2015\/01\/foto-k-vzorove-kalkulaci-schody2.jpg","datePublished":"2015-01-02T13:48:36+00:00","dateModified":"2023-06-09T14:25:12+00:00","breadcrumb":{"@id":"https:\/\/www.prazskykamen.cz\/ru\/kamenne-produkty\/schody\/schody-vzorova-kalkulace\/#breadcrumb"},"inLanguage":"cs","potentialAction":[{"@type":"ReadAction","target":["https:\/\/www.prazskykamen.cz\/ru\/kamenne-produkty\/schody\/schody-vzorova-kalkulace\/"]}]},{"@type":"ImageObject","inLanguage":"cs","@id":"https:\/\/www.prazskykamen.cz\/ru\/kamenne-produkty\/schody\/schody-vzorova-kalkulace\/#primaryimage","url":"https:\/\/www.prazskykamen.cz\/wp-content\/uploads\/2015\/01\/foto-k-vzorove-kalkulaci-schody2.jpg","contentUrl":"https:\/\/www.prazskykamen.cz\/wp-content\/uploads\/2015\/01\/foto-k-vzorove-kalkulaci-schody2.jpg"},{"@type":"BreadcrumbList","@id":"https:\/\/www.prazskykamen.cz\/ru\/kamenne-produkty\/schody\/schody-vzorova-kalkulace\/#breadcrumb","itemListElement":[{"@type":"ListItem","position":1,"name":"Dom\u016f","item":"https:\/\/www.prazskykamen.cz\/ru\/"},{"@type":"ListItem","position":2,"name":"\u0418\u0417\u0414\u0415\u041b\u0418\u042f \u0418\u0417 \u041a\u0410\u041c\u041d\u042f","item":"https:\/\/www.prazskykamen.cz\/ru\/kamenne-produkty\/"},{"@type":"ListItem","position":3,"name":"\u041b\u0415\u0421\u0422\u041d\u0418\u0426\u042b","item":"https:\/\/www.prazskykamen.cz\/ru\/kamenne-produkty\/schody\/"},{"@type":"ListItem","position":4,"name":"\u041f\u0420\u0418\u041c\u0415\u0420 \u0420\u0410\u0421\u0427\u0415\u0422\u0410"}]},{"@type":"WebSite","@id":"https:\/\/www.prazskykamen.cz\/ru\/#website","url":"https:\/\/www.prazskykamen.cz\/ru\/","name":"\u041f\u0440\u0430\u0433\u0430 \u043a\u0430\u043c\u0435\u043d\u044c","description":"Dal\u0161\u00ed nov\u00fd web v r\u00e1mci s\u00edt\u011b Pra\u017esk\u00fd k\u00e1men Sites","potentialAction":[{"@type":"SearchAction","target":{"@type":"EntryPoint","urlTemplate":"https:\/\/www.prazskykamen.cz\/ru\/?s={search_term_string}"},"query-input":{"@type":"PropertyValueSpecification","valueRequired":true,"valueName":"search_term_string"}}],"inLanguage":"cs"}]}},"_links":{"self":[{"href":"https:\/\/www.prazskykamen.cz\/ru\/wp-json\/wp\/v2\/pages\/1066","targetHints":{"allow":["GET"]}}],"collection":[{"href":"https:\/\/www.prazskykamen.cz\/ru\/wp-json\/wp\/v2\/pages"}],"about":[{"href":"https:\/\/www.prazskykamen.cz\/ru\/wp-json\/wp\/v2\/types\/page"}],"author":[{"embeddable":true,"href":"https:\/\/www.prazskykamen.cz\/ru\/wp-json\/wp\/v2\/users\/1"}],"replies":[{"embeddable":true,"href":"https:\/\/www.prazskykamen.cz\/ru\/wp-json\/wp\/v2\/comments?post=1066"}],"version-history":[{"count":5,"href":"https:\/\/www.prazskykamen.cz\/ru\/wp-json\/wp\/v2\/pages\/1066\/revisions"}],"predecessor-version":[{"id":9678,"href":"https:\/\/www.prazskykamen.cz\/ru\/wp-json\/wp\/v2\/pages\/1066\/revisions\/9678"}],"up":[{"embeddable":true,"href":"https:\/\/www.prazskykamen.cz\/ru\/wp-json\/wp\/v2\/pages\/72"}],"wp:attachment":[{"href":"https:\/\/www.prazskykamen.cz\/ru\/wp-json\/wp\/v2\/media?parent=1066"}],"curies":[{"name":"wp","href":"https:\/\/api.w.org\/{rel}","templated":true}]}}