{"id":995,"date":"2015-01-02T10:16:57","date_gmt":"2015-01-02T09:16:57","guid":{"rendered":"https:\/\/www.prazskykamen.cz\/?page_id=995"},"modified":"2016-01-13T10:02:54","modified_gmt":"2016-01-13T10:02:54","slug":"sluzby-kamenictvi-ostatni-sluzby-a-konzultace","status":"publish","type":"page","link":"https:\/\/www.prazskykamen.cz\/en\/sluzby-kamenictvi\/sluzby-kamenictvi-ostatni-sluzby-a-konzultace\/","title":{"rendered":"OTHER SERVICES AND CONSULTATION"},"content":{"rendered":"<p>[et_pb_section][et_pb_row][et_pb_column type=&#8221;1_2&#8243;][et_pb_text admin_label=&#8221;Text&#8221; background_layout=&#8221;light&#8221; text_orientation=&#8221;left&#8221;]<\/p>\n<h1>OTHER SERVICES AND CONSULTATION<\/h1>\n<p>&nbsp;<\/p>\n<h2>Surveying<\/h2>\n<p>It\u2019s a certainty that in the supply and installation of stone elements our engineers focus on the customer. If the contract has a larger scope, we provide these services using specialized project office.<\/p>\n<h2>Detailed documentation<\/h2>\n<p>The start all the masonry work is preceded by the preparation of detailed documentation, which is sent to the customer for approval.<\/p>\n<h2>Transport throughout the Czech Republic<\/h2>\n<p>In case of interest we are happy to arrange the pick-up of purchased goods and materials with our own vans or contracted carriers (3,5 t, 7 t, 24 t).[\/et_pb_text][\/et_pb_column][et_pb_column type=&#8221;1_2&#8243;][et_pb_text admin_label=&#8221;Text&#8221; background_layout=&#8221;light&#8221; text_orientation=&#8221;left&#8221;] <img loading=\"lazy\" decoding=\"async\" class=\"alignnone size-full wp-image-4225\" src=\"https:\/\/www.prazskykamen.cz\/wp-content\/uploads\/2014\/11\/ostatn\u00ed520.jpg\" alt=\"ostatn\u00ed520\" width=\"520\" height=\"390\" \/> [\/et_pb_text][\/et_pb_column][\/et_pb_row][\/et_pb_section]<\/p>\n","protected":false},"excerpt":{"rendered":"<p><div class=\"et_pb_section et_pb_section_0 et_section_regular\" >\n\t\t\t\t\n\t\t\t\t\n\t\t\t\t\n\t\t\t\t\n\t\t\t\t\n\t\t\t\t\n\t\t\t\t\n\t\t\t\t\n\t\t\t\t\n\t\t\t<\/div><div class=\"et_pb_row et_pb_row_0 et_pb_row_empty\">\n\t\t\t\t\n\t\t\t\t\n\t\t\t\t\n\t\t\t\t\n\t\t\t\t\n\t\t\t<\/div>OTHER SERVICES AND CONSULTATION &nbsp; Surveying It\u2019s a certainty that in the supply and installation of stone elements our engineers focus on the customer. If the contract has a larger scope, we provide these services using specialized project office. Detailed documentation The start all the masonry work is preceded by the preparation of detailed documentation, [&hellip;]<\/p>\n","protected":false},"author":1,"featured_media":0,"parent":46,"menu_order":0,"comment_status":"closed","ping_status":"open","template":"","meta":{"_et_pb_use_builder":"on","_et_pb_old_content":"","_et_gb_content_width":"","footnotes":""},"class_list":["post-995","page","type-page","status-publish","hentry"],"yoast_head":"<!-- This site is optimized with the Yoast SEO plugin v23.7 - https:\/\/yoast.com\/wordpress\/plugins\/seo\/ -->\n<title>OTHER SERVICES AND CONSULTATION - Prague Stone<\/title>\n<meta name=\"robots\" content=\"index, follow, max-snippet:-1, max-image-preview:large, max-video-preview:-1\" \/>\n<link rel=\"canonical\" href=\"https:\/\/www.prazskykamen.cz\/en\/sluzby-kamenictvi\/sluzby-kamenictvi-ostatni-sluzby-a-konzultace\/\" \/>\n<meta property=\"og:locale\" content=\"en_GB\" \/>\n<meta property=\"og:type\" content=\"article\" \/>\n<meta property=\"og:title\" content=\"OTHER SERVICES AND CONSULTATION - Prague Stone\" \/>\n<meta property=\"og:description\" content=\"OTHER SERVICES AND CONSULTATION &nbsp; Surveying It\u2019s a certainty that in the supply and installation of stone elements our engineers focus on the customer. If the contract has a larger scope, we provide these services using specialized project office. Detailed documentation The start all the masonry work is preceded by the preparation of detailed documentation, [&hellip;]\" \/>\n<meta property=\"og:url\" content=\"https:\/\/www.prazskykamen.cz\/en\/sluzby-kamenictvi\/sluzby-kamenictvi-ostatni-sluzby-a-konzultace\/\" \/>\n<meta property=\"og:site_name\" content=\"Prague Stone\" \/>\n<meta property=\"article:modified_time\" content=\"2016-01-13T10:02:54+00:00\" \/>\n<meta property=\"og:image\" content=\"https:\/\/www.prazskykamen.cz\/wp-content\/uploads\/2014\/11\/ostatn\u00ed520.jpg\" \/>\n<meta name=\"twitter:card\" content=\"summary_large_image\" \/>\n<meta name=\"twitter:label1\" content=\"Estimated reading time\" \/>\n\t<meta name=\"twitter:data1\" content=\"1 minute\" \/>\n<script type=\"application\/ld+json\" class=\"yoast-schema-graph\">{\"@context\":\"https:\/\/schema.org\",\"@graph\":[{\"@type\":\"WebPage\",\"@id\":\"https:\/\/www.prazskykamen.cz\/en\/sluzby-kamenictvi\/sluzby-kamenictvi-ostatni-sluzby-a-konzultace\/\",\"url\":\"https:\/\/www.prazskykamen.cz\/en\/sluzby-kamenictvi\/sluzby-kamenictvi-ostatni-sluzby-a-konzultace\/\",\"name\":\"OTHER SERVICES AND CONSULTATION - Prague Stone\",\"isPartOf\":{\"@id\":\"https:\/\/www.prazskykamen.cz\/en\/#website\"},\"datePublished\":\"2015-01-02T09:16:57+00:00\",\"dateModified\":\"2016-01-13T10:02:54+00:00\",\"breadcrumb\":{\"@id\":\"https:\/\/www.prazskykamen.cz\/en\/sluzby-kamenictvi\/sluzby-kamenictvi-ostatni-sluzby-a-konzultace\/#breadcrumb\"},\"inLanguage\":\"en-GB\",\"potentialAction\":[{\"@type\":\"ReadAction\",\"target\":[\"https:\/\/www.prazskykamen.cz\/en\/sluzby-kamenictvi\/sluzby-kamenictvi-ostatni-sluzby-a-konzultace\/\"]}]},{\"@type\":\"BreadcrumbList\",\"@id\":\"https:\/\/www.prazskykamen.cz\/en\/sluzby-kamenictvi\/sluzby-kamenictvi-ostatni-sluzby-a-konzultace\/#breadcrumb\",\"itemListElement\":[{\"@type\":\"ListItem\",\"position\":1,\"name\":\"Dom\u016f\",\"item\":\"https:\/\/www.prazskykamen.cz\/en\/\"},{\"@type\":\"ListItem\",\"position\":2,\"name\":\"STONEWORK SERVICES\",\"item\":\"https:\/\/www.prazskykamen.cz\/en\/sluzby-kamenictvi\/\"},{\"@type\":\"ListItem\",\"position\":3,\"name\":\"OTHER SERVICES AND CONSULTATION\"}]},{\"@type\":\"WebSite\",\"@id\":\"https:\/\/www.prazskykamen.cz\/en\/#website\",\"url\":\"https:\/\/www.prazskykamen.cz\/en\/\",\"name\":\"Prague Stone\",\"description\":\"Dal\u0161\u00ed nov\u00fd web v r\u00e1mci s\u00edt\u011b Pra\u017esk\u00fd k\u00e1men Sites\",\"potentialAction\":[{\"@type\":\"SearchAction\",\"target\":{\"@type\":\"EntryPoint\",\"urlTemplate\":\"https:\/\/www.prazskykamen.cz\/en\/?s={search_term_string}\"},\"query-input\":{\"@type\":\"PropertyValueSpecification\",\"valueRequired\":true,\"valueName\":\"search_term_string\"}}],\"inLanguage\":\"en-GB\"}]}<\/script>\n<!-- \/ Yoast SEO plugin. -->","yoast_head_json":{"title":"OTHER SERVICES AND CONSULTATION - Prague Stone","robots":{"index":"index","follow":"follow","max-snippet":"max-snippet:-1","max-image-preview":"max-image-preview:large","max-video-preview":"max-video-preview:-1"},"canonical":"https:\/\/www.prazskykamen.cz\/en\/sluzby-kamenictvi\/sluzby-kamenictvi-ostatni-sluzby-a-konzultace\/","og_locale":"en_GB","og_type":"article","og_title":"OTHER SERVICES AND CONSULTATION - Prague Stone","og_description":"OTHER SERVICES AND CONSULTATION &nbsp; Surveying It\u2019s a certainty that in the supply and installation of stone elements our engineers focus on the customer. If the contract has a larger scope, we provide these services using specialized project office. Detailed documentation The start all the masonry work is preceded by the preparation of detailed documentation, [&hellip;]","og_url":"https:\/\/www.prazskykamen.cz\/en\/sluzby-kamenictvi\/sluzby-kamenictvi-ostatni-sluzby-a-konzultace\/","og_site_name":"Prague Stone","article_modified_time":"2016-01-13T10:02:54+00:00","og_image":[{"url":"https:\/\/www.prazskykamen.cz\/wp-content\/uploads\/2014\/11\/ostatn\u00ed520.jpg"}],"twitter_card":"summary_large_image","twitter_misc":{"Estimated reading time":"1 minute"},"schema":{"@context":"https:\/\/schema.org","@graph":[{"@type":"WebPage","@id":"https:\/\/www.prazskykamen.cz\/en\/sluzby-kamenictvi\/sluzby-kamenictvi-ostatni-sluzby-a-konzultace\/","url":"https:\/\/www.prazskykamen.cz\/en\/sluzby-kamenictvi\/sluzby-kamenictvi-ostatni-sluzby-a-konzultace\/","name":"OTHER SERVICES AND CONSULTATION - Prague Stone","isPartOf":{"@id":"https:\/\/www.prazskykamen.cz\/en\/#website"},"datePublished":"2015-01-02T09:16:57+00:00","dateModified":"2016-01-13T10:02:54+00:00","breadcrumb":{"@id":"https:\/\/www.prazskykamen.cz\/en\/sluzby-kamenictvi\/sluzby-kamenictvi-ostatni-sluzby-a-konzultace\/#breadcrumb"},"inLanguage":"en-GB","potentialAction":[{"@type":"ReadAction","target":["https:\/\/www.prazskykamen.cz\/en\/sluzby-kamenictvi\/sluzby-kamenictvi-ostatni-sluzby-a-konzultace\/"]}]},{"@type":"BreadcrumbList","@id":"https:\/\/www.prazskykamen.cz\/en\/sluzby-kamenictvi\/sluzby-kamenictvi-ostatni-sluzby-a-konzultace\/#breadcrumb","itemListElement":[{"@type":"ListItem","position":1,"name":"Dom\u016f","item":"https:\/\/www.prazskykamen.cz\/en\/"},{"@type":"ListItem","position":2,"name":"STONEWORK SERVICES","item":"https:\/\/www.prazskykamen.cz\/en\/sluzby-kamenictvi\/"},{"@type":"ListItem","position":3,"name":"OTHER SERVICES AND CONSULTATION"}]},{"@type":"WebSite","@id":"https:\/\/www.prazskykamen.cz\/en\/#website","url":"https:\/\/www.prazskykamen.cz\/en\/","name":"Prague Stone","description":"Dal\u0161\u00ed nov\u00fd web v r\u00e1mci s\u00edt\u011b Pra\u017esk\u00fd k\u00e1men Sites","potentialAction":[{"@type":"SearchAction","target":{"@type":"EntryPoint","urlTemplate":"https:\/\/www.prazskykamen.cz\/en\/?s={search_term_string}"},"query-input":{"@type":"PropertyValueSpecification","valueRequired":true,"valueName":"search_term_string"}}],"inLanguage":"en-GB"}]}},"_links":{"self":[{"href":"https:\/\/www.prazskykamen.cz\/en\/wp-json\/wp\/v2\/pages\/995","targetHints":{"allow":["GET"]}}],"collection":[{"href":"https:\/\/www.prazskykamen.cz\/en\/wp-json\/wp\/v2\/pages"}],"about":[{"href":"https:\/\/www.prazskykamen.cz\/en\/wp-json\/wp\/v2\/types\/page"}],"author":[{"embeddable":true,"href":"https:\/\/www.prazskykamen.cz\/en\/wp-json\/wp\/v2\/users\/1"}],"replies":[{"embeddable":true,"href":"https:\/\/www.prazskykamen.cz\/en\/wp-json\/wp\/v2\/comments?post=995"}],"version-history":[{"count":4,"href":"https:\/\/www.prazskykamen.cz\/en\/wp-json\/wp\/v2\/pages\/995\/revisions"}],"predecessor-version":[{"id":6675,"href":"https:\/\/www.prazskykamen.cz\/en\/wp-json\/wp\/v2\/pages\/995\/revisions\/6675"}],"up":[{"embeddable":true,"href":"https:\/\/www.prazskykamen.cz\/en\/wp-json\/wp\/v2\/pages\/46"}],"wp:attachment":[{"href":"https:\/\/www.prazskykamen.cz\/en\/wp-json\/wp\/v2\/media?parent=995"}],"curies":[{"name":"wp","href":"https:\/\/api.w.org\/{rel}","templated":true}]}}