{"id":992,"date":"2015-01-02T10:13:33","date_gmt":"2015-01-02T09:13:33","guid":{"rendered":"https:\/\/www.prazskykamen.cz\/?page_id=992"},"modified":"2016-01-11T12:22:24","modified_gmt":"2016-01-11T12:22:24","slug":"sluzby-kamenictvi-renovace-kamene","status":"publish","type":"page","link":"https:\/\/www.prazskykamen.cz\/en\/sluzby-kamenictvi\/sluzby-kamenictvi-renovace-kamene\/","title":{"rendered":"STONE RENOVATION"},"content":{"rendered":"<p>[et_pb_section][et_pb_row][et_pb_column type=&#8221;1_2&#8243;][et_pb_text admin_label=&#8221;Text&#8221; background_layout=&#8221;light&#8221; text_orientation=&#8221;left&#8221;]<\/p>\n<h1>STONE RENOVATION<\/h1>\n<p>[\/et_pb_text][et_pb_text admin_label=&#8221;Text&#8221; background_layout=&#8221;light&#8221; text_orientation=&#8221;left&#8221;]<\/p>\n<h2>Why renovate and clean stone elements?<\/h2>\n<p>Each stone has its life span. Although it is considerably higher than other materials, you have to count on the need for renovation. Both indoor and outdoor stone staircases probably suffer the most. Other stone products we repair are lining, plinths, cornices and other facade elements. In addition to this range, we can also restore statues and other monuments. The actual renovation includes cleaning and the possible repair of damaged parts of stone or their replacement. If you are unsure we gladly provide an expert consultation to offer solutions.[\/et_pb_text][et_pb_text admin_label=&#8221;Text&#8221; background_layout=&#8221;light&#8221; text_orientation=&#8221;left&#8221;]<\/p>\n<h3>Stone cleaning and renovation:<\/h3>\n<ul>\n<li>Granite staircase, granite surfaces and other decorative parts of houses<\/li>\n<li>General repairs of degraded sandstone stairs<\/li>\n<li>Complete renovation<\/li>\n<\/ul>\n<p>[\/et_pb_text][\/et_pb_column][et_pb_column type=&#8221;1_2&#8243;][et_pb_text admin_label=&#8221;Text&#8221; background_layout=&#8221;light&#8221; text_orientation=&#8221;left&#8221;]<\/p>\n<p><img loading=\"lazy\" decoding=\"async\" class=\"alignnone size-full wp-image-3632\" src=\"https:\/\/www.prazskykamen.cz\/wp-content\/uploads\/2015\/01\/title-renovace.jpg\" alt=\"hp photosmart 720\" width=\"520\" height=\"390\" \/><\/p>\n<p>[\/et_pb_text][\/et_pb_column][\/et_pb_row][et_pb_row][et_pb_column type=&#8221;4_4&#8243;][et_pb_gallery admin_label=&#8221;Gallery&#8221; gallery_ids=&#8221;2387,2388,2389,2390,2391,2392,2393,2394,2395,2396,2399,6539,6540,6541,6542,6543,6544,6545,6546,6547,6548,6549,6550,6551,6552,6553,6554,6555,6556&#8243; fullwidth=&#8221;off&#8221; posts_number=&#8221;20&#8243; show_title_and_caption=&#8221;on&#8221; show_pagination=&#8221;on&#8221; background_layout=&#8221;light&#8221; \/][\/et_pb_column][\/et_pb_row][\/et_pb_section]<\/p>\n","protected":false},"excerpt":{"rendered":"<p><div class=\"et_pb_section et_pb_section_0 et_section_regular\" >\n\t\t\t\t\n\t\t\t\t\n\t\t\t\t\n\t\t\t\t\n\t\t\t\t\n\t\t\t\t\n\t\t\t\t\n\t\t\t\t\n\t\t\t\t\n\t\t\t<\/div><div class=\"et_pb_row et_pb_row_0 et_pb_row_empty\">\n\t\t\t\t\n\t\t\t\t\n\t\t\t\t\n\t\t\t\t\n\t\t\t\t\n\t\t\t<\/div> STONE RENOVATION Why renovate and clean stone elements? Each stone has its life span. Although it is considerably higher than other materials, you have to count on the need for renovation. Both indoor and outdoor stone staircases probably suffer the most. Other stone products we repair are lining, plinths, cornices and other facade elements. [&hellip;]<\/p>\n","protected":false},"author":1,"featured_media":0,"parent":46,"menu_order":0,"comment_status":"closed","ping_status":"open","template":"","meta":{"_et_pb_use_builder":"on","_et_pb_old_content":"","_et_gb_content_width":"","footnotes":""},"class_list":["post-992","page","type-page","status-publish","hentry"],"yoast_head":"<!-- This site is optimized with the Yoast SEO plugin v23.7 - https:\/\/yoast.com\/wordpress\/plugins\/seo\/ -->\n<title>STONE RENOVATION - Prague Stone<\/title>\n<meta name=\"robots\" content=\"index, follow, max-snippet:-1, max-image-preview:large, max-video-preview:-1\" \/>\n<link rel=\"canonical\" href=\"https:\/\/www.prazskykamen.cz\/en\/sluzby-kamenictvi\/sluzby-kamenictvi-renovace-kamene\/\" \/>\n<meta property=\"og:locale\" content=\"en_GB\" \/>\n<meta property=\"og:type\" content=\"article\" \/>\n<meta property=\"og:title\" content=\"STONE RENOVATION - Prague Stone\" \/>\n<meta property=\"og:description\" content=\"STONE RENOVATION Why renovate and clean stone elements? Each stone has its life span. Although it is considerably higher than other materials, you have to count on the need for renovation. Both indoor and outdoor stone staircases probably suffer the most. Other stone products we repair are lining, plinths, cornices and other facade elements. [&hellip;]\" \/>\n<meta property=\"og:url\" content=\"https:\/\/www.prazskykamen.cz\/en\/sluzby-kamenictvi\/sluzby-kamenictvi-renovace-kamene\/\" \/>\n<meta property=\"og:site_name\" content=\"Prague Stone\" \/>\n<meta property=\"article:modified_time\" content=\"2016-01-11T12:22:24+00:00\" \/>\n<meta property=\"og:image\" content=\"https:\/\/www.prazskykamen.cz\/wp-content\/uploads\/2015\/01\/title-renovace.jpg\" \/>\n<meta name=\"twitter:card\" content=\"summary_large_image\" \/>\n<meta name=\"twitter:label1\" content=\"Estimated reading time\" \/>\n\t<meta name=\"twitter:data1\" content=\"1 minute\" \/>\n<script type=\"application\/ld+json\" class=\"yoast-schema-graph\">{\"@context\":\"https:\/\/schema.org\",\"@graph\":[{\"@type\":\"WebPage\",\"@id\":\"https:\/\/www.prazskykamen.cz\/en\/sluzby-kamenictvi\/sluzby-kamenictvi-renovace-kamene\/\",\"url\":\"https:\/\/www.prazskykamen.cz\/en\/sluzby-kamenictvi\/sluzby-kamenictvi-renovace-kamene\/\",\"name\":\"STONE RENOVATION - Prague Stone\",\"isPartOf\":{\"@id\":\"https:\/\/www.prazskykamen.cz\/en\/#website\"},\"primaryImageOfPage\":{\"@id\":\"https:\/\/www.prazskykamen.cz\/en\/sluzby-kamenictvi\/sluzby-kamenictvi-renovace-kamene\/#primaryimage\"},\"image\":{\"@id\":\"https:\/\/www.prazskykamen.cz\/en\/sluzby-kamenictvi\/sluzby-kamenictvi-renovace-kamene\/#primaryimage\"},\"thumbnailUrl\":\"https:\/\/www.prazskykamen.cz\/wp-content\/uploads\/2015\/01\/title-renovace.jpg\",\"datePublished\":\"2015-01-02T09:13:33+00:00\",\"dateModified\":\"2016-01-11T12:22:24+00:00\",\"breadcrumb\":{\"@id\":\"https:\/\/www.prazskykamen.cz\/en\/sluzby-kamenictvi\/sluzby-kamenictvi-renovace-kamene\/#breadcrumb\"},\"inLanguage\":\"en-GB\",\"potentialAction\":[{\"@type\":\"ReadAction\",\"target\":[\"https:\/\/www.prazskykamen.cz\/en\/sluzby-kamenictvi\/sluzby-kamenictvi-renovace-kamene\/\"]}]},{\"@type\":\"ImageObject\",\"inLanguage\":\"en-GB\",\"@id\":\"https:\/\/www.prazskykamen.cz\/en\/sluzby-kamenictvi\/sluzby-kamenictvi-renovace-kamene\/#primaryimage\",\"url\":\"https:\/\/www.prazskykamen.cz\/wp-content\/uploads\/2015\/01\/title-renovace.jpg\",\"contentUrl\":\"https:\/\/www.prazskykamen.cz\/wp-content\/uploads\/2015\/01\/title-renovace.jpg\"},{\"@type\":\"BreadcrumbList\",\"@id\":\"https:\/\/www.prazskykamen.cz\/en\/sluzby-kamenictvi\/sluzby-kamenictvi-renovace-kamene\/#breadcrumb\",\"itemListElement\":[{\"@type\":\"ListItem\",\"position\":1,\"name\":\"Dom\u016f\",\"item\":\"https:\/\/www.prazskykamen.cz\/en\/\"},{\"@type\":\"ListItem\",\"position\":2,\"name\":\"STONEWORK SERVICES\",\"item\":\"https:\/\/www.prazskykamen.cz\/en\/sluzby-kamenictvi\/\"},{\"@type\":\"ListItem\",\"position\":3,\"name\":\"STONE RENOVATION\"}]},{\"@type\":\"WebSite\",\"@id\":\"https:\/\/www.prazskykamen.cz\/en\/#website\",\"url\":\"https:\/\/www.prazskykamen.cz\/en\/\",\"name\":\"Prague Stone\",\"description\":\"Dal\u0161\u00ed nov\u00fd web v r\u00e1mci s\u00edt\u011b Pra\u017esk\u00fd k\u00e1men Sites\",\"potentialAction\":[{\"@type\":\"SearchAction\",\"target\":{\"@type\":\"EntryPoint\",\"urlTemplate\":\"https:\/\/www.prazskykamen.cz\/en\/?s={search_term_string}\"},\"query-input\":{\"@type\":\"PropertyValueSpecification\",\"valueRequired\":true,\"valueName\":\"search_term_string\"}}],\"inLanguage\":\"en-GB\"}]}<\/script>\n<!-- \/ Yoast SEO plugin. -->","yoast_head_json":{"title":"STONE RENOVATION - Prague Stone","robots":{"index":"index","follow":"follow","max-snippet":"max-snippet:-1","max-image-preview":"max-image-preview:large","max-video-preview":"max-video-preview:-1"},"canonical":"https:\/\/www.prazskykamen.cz\/en\/sluzby-kamenictvi\/sluzby-kamenictvi-renovace-kamene\/","og_locale":"en_GB","og_type":"article","og_title":"STONE RENOVATION - Prague Stone","og_description":"STONE RENOVATION Why renovate and clean stone elements? Each stone has its life span. Although it is considerably higher than other materials, you have to count on the need for renovation. Both indoor and outdoor stone staircases probably suffer the most. Other stone products we repair are lining, plinths, cornices and other facade elements. [&hellip;]","og_url":"https:\/\/www.prazskykamen.cz\/en\/sluzby-kamenictvi\/sluzby-kamenictvi-renovace-kamene\/","og_site_name":"Prague Stone","article_modified_time":"2016-01-11T12:22:24+00:00","og_image":[{"url":"https:\/\/www.prazskykamen.cz\/wp-content\/uploads\/2015\/01\/title-renovace.jpg"}],"twitter_card":"summary_large_image","twitter_misc":{"Estimated reading time":"1 minute"},"schema":{"@context":"https:\/\/schema.org","@graph":[{"@type":"WebPage","@id":"https:\/\/www.prazskykamen.cz\/en\/sluzby-kamenictvi\/sluzby-kamenictvi-renovace-kamene\/","url":"https:\/\/www.prazskykamen.cz\/en\/sluzby-kamenictvi\/sluzby-kamenictvi-renovace-kamene\/","name":"STONE RENOVATION - Prague Stone","isPartOf":{"@id":"https:\/\/www.prazskykamen.cz\/en\/#website"},"primaryImageOfPage":{"@id":"https:\/\/www.prazskykamen.cz\/en\/sluzby-kamenictvi\/sluzby-kamenictvi-renovace-kamene\/#primaryimage"},"image":{"@id":"https:\/\/www.prazskykamen.cz\/en\/sluzby-kamenictvi\/sluzby-kamenictvi-renovace-kamene\/#primaryimage"},"thumbnailUrl":"https:\/\/www.prazskykamen.cz\/wp-content\/uploads\/2015\/01\/title-renovace.jpg","datePublished":"2015-01-02T09:13:33+00:00","dateModified":"2016-01-11T12:22:24+00:00","breadcrumb":{"@id":"https:\/\/www.prazskykamen.cz\/en\/sluzby-kamenictvi\/sluzby-kamenictvi-renovace-kamene\/#breadcrumb"},"inLanguage":"en-GB","potentialAction":[{"@type":"ReadAction","target":["https:\/\/www.prazskykamen.cz\/en\/sluzby-kamenictvi\/sluzby-kamenictvi-renovace-kamene\/"]}]},{"@type":"ImageObject","inLanguage":"en-GB","@id":"https:\/\/www.prazskykamen.cz\/en\/sluzby-kamenictvi\/sluzby-kamenictvi-renovace-kamene\/#primaryimage","url":"https:\/\/www.prazskykamen.cz\/wp-content\/uploads\/2015\/01\/title-renovace.jpg","contentUrl":"https:\/\/www.prazskykamen.cz\/wp-content\/uploads\/2015\/01\/title-renovace.jpg"},{"@type":"BreadcrumbList","@id":"https:\/\/www.prazskykamen.cz\/en\/sluzby-kamenictvi\/sluzby-kamenictvi-renovace-kamene\/#breadcrumb","itemListElement":[{"@type":"ListItem","position":1,"name":"Dom\u016f","item":"https:\/\/www.prazskykamen.cz\/en\/"},{"@type":"ListItem","position":2,"name":"STONEWORK SERVICES","item":"https:\/\/www.prazskykamen.cz\/en\/sluzby-kamenictvi\/"},{"@type":"ListItem","position":3,"name":"STONE RENOVATION"}]},{"@type":"WebSite","@id":"https:\/\/www.prazskykamen.cz\/en\/#website","url":"https:\/\/www.prazskykamen.cz\/en\/","name":"Prague Stone","description":"Dal\u0161\u00ed nov\u00fd web v r\u00e1mci s\u00edt\u011b Pra\u017esk\u00fd k\u00e1men Sites","potentialAction":[{"@type":"SearchAction","target":{"@type":"EntryPoint","urlTemplate":"https:\/\/www.prazskykamen.cz\/en\/?s={search_term_string}"},"query-input":{"@type":"PropertyValueSpecification","valueRequired":true,"valueName":"search_term_string"}}],"inLanguage":"en-GB"}]}},"_links":{"self":[{"href":"https:\/\/www.prazskykamen.cz\/en\/wp-json\/wp\/v2\/pages\/992","targetHints":{"allow":["GET"]}}],"collection":[{"href":"https:\/\/www.prazskykamen.cz\/en\/wp-json\/wp\/v2\/pages"}],"about":[{"href":"https:\/\/www.prazskykamen.cz\/en\/wp-json\/wp\/v2\/types\/page"}],"author":[{"embeddable":true,"href":"https:\/\/www.prazskykamen.cz\/en\/wp-json\/wp\/v2\/users\/1"}],"replies":[{"embeddable":true,"href":"https:\/\/www.prazskykamen.cz\/en\/wp-json\/wp\/v2\/comments?post=992"}],"version-history":[{"count":4,"href":"https:\/\/www.prazskykamen.cz\/en\/wp-json\/wp\/v2\/pages\/992\/revisions"}],"predecessor-version":[{"id":6557,"href":"https:\/\/www.prazskykamen.cz\/en\/wp-json\/wp\/v2\/pages\/992\/revisions\/6557"}],"up":[{"embeddable":true,"href":"https:\/\/www.prazskykamen.cz\/en\/wp-json\/wp\/v2\/pages\/46"}],"wp:attachment":[{"href":"https:\/\/www.prazskykamen.cz\/en\/wp-json\/wp\/v2\/media?parent=992"}],"curies":[{"name":"wp","href":"https:\/\/api.w.org\/{rel}","templated":true}]}}