{"id":918,"date":"2014-12-25T14:58:00","date_gmt":"2014-12-25T13:58:00","guid":{"rendered":"https:\/\/www.prazskykamen.cz\/?page_id=918"},"modified":"2023-06-13T06:10:29","modified_gmt":"2023-06-13T06:10:29","slug":"krby-vzorova-kalkulace","status":"publish","type":"page","link":"https:\/\/www.prazskykamen.cz\/en\/kamenne-produkty\/oblozeni-krbu-krbove-rimsy\/krby-vzorova-kalkulace\/","title":{"rendered":"krby vzorov\u00e1 kalkulace"},"content":{"rendered":"<p>[et_pb_section fb_built=&#8221;1&#8243; _builder_version=&#8221;4.16&#8243; global_colors_info=&#8221;{}&#8221;][et_pb_row _builder_version=&#8221;4.16&#8243; background_size=&#8221;initial&#8221; background_position=&#8221;top_left&#8221; background_repeat=&#8221;repeat&#8221; global_colors_info=&#8221;{}&#8221; column_structure=&#8221;1_2,1_2&#8243;][et_pb_column type=&#8221;1_2&#8243; _builder_version=&#8221;4.16&#8243; custom_padding=&#8221;|||&#8221; global_colors_info=&#8221;{}&#8221; custom_padding__hover=&#8221;|||&#8221;][et_pb_text admin_label=&#8221;Text&#8221; _builder_version=&#8221;4.19.2&#8243; background_size=&#8221;initial&#8221; background_position=&#8221;top_left&#8221; background_repeat=&#8221;repeat&#8221; hover_enabled=&#8221;0&#8243; global_colors_info=&#8221;{}&#8221; sticky_enabled=&#8221;0&#8243;]<\/p>\n<h1>SAMPLE CALCULATIONS OF FIREPLACES<\/h1>\n<p>Cladding of the fireplace enclosure, including the floor. Jura Gelb Geb\u00e4ndert marble material, 2 cm. tl., Surface gloss treatment. Inner edges polished with facets, corner joined at 45 degrees. Total \u00a0 marble area 2.8 m2. Price offer includes surveying, material, manufacturing, transportation and \u00a0 assembly in Prague, access for the disabled. Price: CZK 21,540 without VAT.<\/p>\n<p>[\/et_pb_text][et_pb_gallery gallery_ids=&#8221;1273&#8243; fullwidth=&#8221;on&#8221; admin_label=&#8221;Gallery&#8221; _builder_version=&#8221;4.16&#8243; global_colors_info=&#8221;{}&#8221;][\/et_pb_gallery][et_pb_text admin_label=&#8221;Text&#8221; _builder_version=&#8221;4.16&#8243; background_size=&#8221;initial&#8221; background_position=&#8221;top_left&#8221; background_repeat=&#8221;repeat&#8221; global_colors_info=&#8221;{}&#8221;]For the exact pricing of your desired fireplace please complete the following <a href=\"https:\/\/www.prazskykamen.cz\/en\/poptavka\/poptavka-ostatni\">inquiry form<\/a>, to which we will immediately respond. You can also write us at <a href=\"mailto:info@prazskykamen.cz\">info@prazskykamen.cz<\/a>[\/et_pb_text][\/et_pb_column][et_pb_column type=&#8221;1_2&#8243; _builder_version=&#8221;4.16&#8243; custom_padding=&#8221;|||&#8221; global_colors_info=&#8221;{}&#8221; custom_padding__hover=&#8221;|||&#8221;][et_pb_text admin_label=&#8221;Text&#8221; _builder_version=&#8221;4.16&#8243; background_size=&#8221;initial&#8221; background_position=&#8221;top_left&#8221; background_repeat=&#8221;repeat&#8221; global_colors_info=&#8221;{}&#8221;]<img loading=\"lazy\" decoding=\"async\" class=\"alignnone wp-image-1276 size-full\" src=\"https:\/\/www.prazskykamen.cz\/wp-content\/uploads\/2014\/12\/krb-foto-vzorova-kalkulace.jpg\" alt=\"kamenn\u00e9 krby a oblo\u017een\u00ed krb\u016f\" width=\"520\" height=\"390\" srcset=\"https:\/\/www.prazskykamen.cz\/en\/wp-content\/uploads\/sites\/2\/2014\/12\/krb-foto-vzorova-kalkulace.jpg 520w, https:\/\/www.prazskykamen.cz\/en\/wp-content\/uploads\/sites\/2\/2014\/12\/krb-foto-vzorova-kalkulace-300x225.jpg 300w\" sizes=\"auto, (max-width: 520px) 100vw, 520px\" \/><br \/>\n[\/et_pb_text][\/et_pb_column][\/et_pb_row][\/et_pb_section]<\/p>\n","protected":false},"excerpt":{"rendered":"<p>SAMPLE CALCULATIONS OF FIREPLACES Cladding of the fireplace enclosure, including the floor. Jura Gelb Geb\u00e4ndert marble material, 2 cm. tl., Surface gloss treatment. Inner edges polished with facets, corner joined at 45 degrees. Total \u00a0 marble area 2.8 m2. Price offer includes surveying, material, manufacturing, transportation and \u00a0 assembly in Prague, access for the disabled. [&hellip;]<\/p>\n","protected":false},"author":1,"featured_media":0,"parent":68,"menu_order":0,"comment_status":"closed","ping_status":"open","template":"","meta":{"_et_pb_use_builder":"on","_et_pb_old_content":"","_et_gb_content_width":"","footnotes":""},"class_list":["post-918","page","type-page","status-publish","hentry"],"yoast_head":"<!-- This site is optimized with the Yoast SEO plugin v23.7 - https:\/\/yoast.com\/wordpress\/plugins\/seo\/ -->\n<title>krby vzorov\u00e1 kalkulace - Prague Stone<\/title>\n<meta name=\"robots\" content=\"index, follow, max-snippet:-1, max-image-preview:large, max-video-preview:-1\" \/>\n<link rel=\"canonical\" href=\"https:\/\/www.prazskykamen.cz\/en\/kamenne-produkty\/oblozeni-krbu-krbove-rimsy\/krby-vzorova-kalkulace\/\" \/>\n<meta property=\"og:locale\" content=\"en_GB\" \/>\n<meta property=\"og:type\" content=\"article\" \/>\n<meta property=\"og:title\" content=\"krby vzorov\u00e1 kalkulace - Prague Stone\" \/>\n<meta property=\"og:description\" content=\"SAMPLE CALCULATIONS OF FIREPLACES Cladding of the fireplace enclosure, including the floor. Jura Gelb Geb\u00e4ndert marble material, 2 cm. tl., Surface gloss treatment. Inner edges polished with facets, corner joined at 45 degrees. Total \u00a0 marble area 2.8 m2. Price offer includes surveying, material, manufacturing, transportation and \u00a0 assembly in Prague, access for the disabled. [&hellip;]\" \/>\n<meta property=\"og:url\" content=\"https:\/\/www.prazskykamen.cz\/en\/kamenne-produkty\/oblozeni-krbu-krbove-rimsy\/krby-vzorova-kalkulace\/\" \/>\n<meta property=\"og:site_name\" content=\"Prague Stone\" \/>\n<meta property=\"article:modified_time\" content=\"2023-06-13T06:10:29+00:00\" \/>\n<meta property=\"og:image\" content=\"https:\/\/www.prazskykamen.cz\/wp-content\/uploads\/2014\/12\/krb-foto-vzorova-kalkulace.jpg\" \/>\n<meta name=\"twitter:card\" content=\"summary_large_image\" \/>\n<meta name=\"twitter:label1\" content=\"Estimated reading time\" \/>\n\t<meta name=\"twitter:data1\" content=\"1 minute\" \/>\n<script type=\"application\/ld+json\" class=\"yoast-schema-graph\">{\"@context\":\"https:\/\/schema.org\",\"@graph\":[{\"@type\":\"WebPage\",\"@id\":\"https:\/\/www.prazskykamen.cz\/en\/kamenne-produkty\/oblozeni-krbu-krbove-rimsy\/krby-vzorova-kalkulace\/\",\"url\":\"https:\/\/www.prazskykamen.cz\/en\/kamenne-produkty\/oblozeni-krbu-krbove-rimsy\/krby-vzorova-kalkulace\/\",\"name\":\"krby vzorov\u00e1 kalkulace - Prague Stone\",\"isPartOf\":{\"@id\":\"https:\/\/www.prazskykamen.cz\/en\/#website\"},\"primaryImageOfPage\":{\"@id\":\"https:\/\/www.prazskykamen.cz\/en\/kamenne-produkty\/oblozeni-krbu-krbove-rimsy\/krby-vzorova-kalkulace\/#primaryimage\"},\"image\":{\"@id\":\"https:\/\/www.prazskykamen.cz\/en\/kamenne-produkty\/oblozeni-krbu-krbove-rimsy\/krby-vzorova-kalkulace\/#primaryimage\"},\"thumbnailUrl\":\"https:\/\/www.prazskykamen.cz\/wp-content\/uploads\/2014\/12\/krb-foto-vzorova-kalkulace.jpg\",\"datePublished\":\"2014-12-25T13:58:00+00:00\",\"dateModified\":\"2023-06-13T06:10:29+00:00\",\"breadcrumb\":{\"@id\":\"https:\/\/www.prazskykamen.cz\/en\/kamenne-produkty\/oblozeni-krbu-krbove-rimsy\/krby-vzorova-kalkulace\/#breadcrumb\"},\"inLanguage\":\"en-GB\",\"potentialAction\":[{\"@type\":\"ReadAction\",\"target\":[\"https:\/\/www.prazskykamen.cz\/en\/kamenne-produkty\/oblozeni-krbu-krbove-rimsy\/krby-vzorova-kalkulace\/\"]}]},{\"@type\":\"ImageObject\",\"inLanguage\":\"en-GB\",\"@id\":\"https:\/\/www.prazskykamen.cz\/en\/kamenne-produkty\/oblozeni-krbu-krbove-rimsy\/krby-vzorova-kalkulace\/#primaryimage\",\"url\":\"https:\/\/www.prazskykamen.cz\/wp-content\/uploads\/2014\/12\/krb-foto-vzorova-kalkulace.jpg\",\"contentUrl\":\"https:\/\/www.prazskykamen.cz\/wp-content\/uploads\/2014\/12\/krb-foto-vzorova-kalkulace.jpg\"},{\"@type\":\"BreadcrumbList\",\"@id\":\"https:\/\/www.prazskykamen.cz\/en\/kamenne-produkty\/oblozeni-krbu-krbove-rimsy\/krby-vzorova-kalkulace\/#breadcrumb\",\"itemListElement\":[{\"@type\":\"ListItem\",\"position\":1,\"name\":\"Dom\u016f\",\"item\":\"https:\/\/www.prazskykamen.cz\/en\/\"},{\"@type\":\"ListItem\",\"position\":2,\"name\":\"STONE PRODUCTS\",\"item\":\"https:\/\/www.prazskykamen.cz\/en\/kamenne-produkty\/\"},{\"@type\":\"ListItem\",\"position\":3,\"name\":\"FIREPLACE\",\"item\":\"https:\/\/www.prazskykamen.cz\/en\/kamenne-produkty\/oblozeni-krbu-krbove-rimsy\/\"},{\"@type\":\"ListItem\",\"position\":4,\"name\":\"krby vzorov\u00e1 kalkulace\"}]},{\"@type\":\"WebSite\",\"@id\":\"https:\/\/www.prazskykamen.cz\/en\/#website\",\"url\":\"https:\/\/www.prazskykamen.cz\/en\/\",\"name\":\"Prague Stone\",\"description\":\"Dal\u0161\u00ed nov\u00fd web v r\u00e1mci s\u00edt\u011b Pra\u017esk\u00fd k\u00e1men Sites\",\"potentialAction\":[{\"@type\":\"SearchAction\",\"target\":{\"@type\":\"EntryPoint\",\"urlTemplate\":\"https:\/\/www.prazskykamen.cz\/en\/?s={search_term_string}\"},\"query-input\":{\"@type\":\"PropertyValueSpecification\",\"valueRequired\":true,\"valueName\":\"search_term_string\"}}],\"inLanguage\":\"en-GB\"}]}<\/script>\n<!-- \/ Yoast SEO plugin. -->","yoast_head_json":{"title":"krby vzorov\u00e1 kalkulace - Prague Stone","robots":{"index":"index","follow":"follow","max-snippet":"max-snippet:-1","max-image-preview":"max-image-preview:large","max-video-preview":"max-video-preview:-1"},"canonical":"https:\/\/www.prazskykamen.cz\/en\/kamenne-produkty\/oblozeni-krbu-krbove-rimsy\/krby-vzorova-kalkulace\/","og_locale":"en_GB","og_type":"article","og_title":"krby vzorov\u00e1 kalkulace - Prague Stone","og_description":"SAMPLE CALCULATIONS OF FIREPLACES Cladding of the fireplace enclosure, including the floor. Jura Gelb Geb\u00e4ndert marble material, 2 cm. tl., Surface gloss treatment. Inner edges polished with facets, corner joined at 45 degrees. Total \u00a0 marble area 2.8 m2. Price offer includes surveying, material, manufacturing, transportation and \u00a0 assembly in Prague, access for the disabled. [&hellip;]","og_url":"https:\/\/www.prazskykamen.cz\/en\/kamenne-produkty\/oblozeni-krbu-krbove-rimsy\/krby-vzorova-kalkulace\/","og_site_name":"Prague Stone","article_modified_time":"2023-06-13T06:10:29+00:00","og_image":[{"url":"https:\/\/www.prazskykamen.cz\/wp-content\/uploads\/2014\/12\/krb-foto-vzorova-kalkulace.jpg"}],"twitter_card":"summary_large_image","twitter_misc":{"Estimated reading time":"1 minute"},"schema":{"@context":"https:\/\/schema.org","@graph":[{"@type":"WebPage","@id":"https:\/\/www.prazskykamen.cz\/en\/kamenne-produkty\/oblozeni-krbu-krbove-rimsy\/krby-vzorova-kalkulace\/","url":"https:\/\/www.prazskykamen.cz\/en\/kamenne-produkty\/oblozeni-krbu-krbove-rimsy\/krby-vzorova-kalkulace\/","name":"krby vzorov\u00e1 kalkulace - Prague Stone","isPartOf":{"@id":"https:\/\/www.prazskykamen.cz\/en\/#website"},"primaryImageOfPage":{"@id":"https:\/\/www.prazskykamen.cz\/en\/kamenne-produkty\/oblozeni-krbu-krbove-rimsy\/krby-vzorova-kalkulace\/#primaryimage"},"image":{"@id":"https:\/\/www.prazskykamen.cz\/en\/kamenne-produkty\/oblozeni-krbu-krbove-rimsy\/krby-vzorova-kalkulace\/#primaryimage"},"thumbnailUrl":"https:\/\/www.prazskykamen.cz\/wp-content\/uploads\/2014\/12\/krb-foto-vzorova-kalkulace.jpg","datePublished":"2014-12-25T13:58:00+00:00","dateModified":"2023-06-13T06:10:29+00:00","breadcrumb":{"@id":"https:\/\/www.prazskykamen.cz\/en\/kamenne-produkty\/oblozeni-krbu-krbove-rimsy\/krby-vzorova-kalkulace\/#breadcrumb"},"inLanguage":"en-GB","potentialAction":[{"@type":"ReadAction","target":["https:\/\/www.prazskykamen.cz\/en\/kamenne-produkty\/oblozeni-krbu-krbove-rimsy\/krby-vzorova-kalkulace\/"]}]},{"@type":"ImageObject","inLanguage":"en-GB","@id":"https:\/\/www.prazskykamen.cz\/en\/kamenne-produkty\/oblozeni-krbu-krbove-rimsy\/krby-vzorova-kalkulace\/#primaryimage","url":"https:\/\/www.prazskykamen.cz\/wp-content\/uploads\/2014\/12\/krb-foto-vzorova-kalkulace.jpg","contentUrl":"https:\/\/www.prazskykamen.cz\/wp-content\/uploads\/2014\/12\/krb-foto-vzorova-kalkulace.jpg"},{"@type":"BreadcrumbList","@id":"https:\/\/www.prazskykamen.cz\/en\/kamenne-produkty\/oblozeni-krbu-krbove-rimsy\/krby-vzorova-kalkulace\/#breadcrumb","itemListElement":[{"@type":"ListItem","position":1,"name":"Dom\u016f","item":"https:\/\/www.prazskykamen.cz\/en\/"},{"@type":"ListItem","position":2,"name":"STONE PRODUCTS","item":"https:\/\/www.prazskykamen.cz\/en\/kamenne-produkty\/"},{"@type":"ListItem","position":3,"name":"FIREPLACE","item":"https:\/\/www.prazskykamen.cz\/en\/kamenne-produkty\/oblozeni-krbu-krbove-rimsy\/"},{"@type":"ListItem","position":4,"name":"krby vzorov\u00e1 kalkulace"}]},{"@type":"WebSite","@id":"https:\/\/www.prazskykamen.cz\/en\/#website","url":"https:\/\/www.prazskykamen.cz\/en\/","name":"Prague Stone","description":"Dal\u0161\u00ed nov\u00fd web v r\u00e1mci s\u00edt\u011b Pra\u017esk\u00fd k\u00e1men Sites","potentialAction":[{"@type":"SearchAction","target":{"@type":"EntryPoint","urlTemplate":"https:\/\/www.prazskykamen.cz\/en\/?s={search_term_string}"},"query-input":{"@type":"PropertyValueSpecification","valueRequired":true,"valueName":"search_term_string"}}],"inLanguage":"en-GB"}]}},"_links":{"self":[{"href":"https:\/\/www.prazskykamen.cz\/en\/wp-json\/wp\/v2\/pages\/918","targetHints":{"allow":["GET"]}}],"collection":[{"href":"https:\/\/www.prazskykamen.cz\/en\/wp-json\/wp\/v2\/pages"}],"about":[{"href":"https:\/\/www.prazskykamen.cz\/en\/wp-json\/wp\/v2\/types\/page"}],"author":[{"embeddable":true,"href":"https:\/\/www.prazskykamen.cz\/en\/wp-json\/wp\/v2\/users\/1"}],"replies":[{"embeddable":true,"href":"https:\/\/www.prazskykamen.cz\/en\/wp-json\/wp\/v2\/comments?post=918"}],"version-history":[{"count":4,"href":"https:\/\/www.prazskykamen.cz\/en\/wp-json\/wp\/v2\/pages\/918\/revisions"}],"predecessor-version":[{"id":9854,"href":"https:\/\/www.prazskykamen.cz\/en\/wp-json\/wp\/v2\/pages\/918\/revisions\/9854"}],"up":[{"embeddable":true,"href":"https:\/\/www.prazskykamen.cz\/en\/wp-json\/wp\/v2\/pages\/68"}],"wp:attachment":[{"href":"https:\/\/www.prazskykamen.cz\/en\/wp-json\/wp\/v2\/media?parent=918"}],"curies":[{"name":"wp","href":"https:\/\/api.w.org\/{rel}","templated":true}]}}