{"id":9093,"date":"2022-04-07T06:57:03","date_gmt":"2022-04-07T06:57:03","guid":{"rendered":"https:\/\/www.prazskykamen.cz\/en\/?page_id=9093"},"modified":"2022-04-07T06:57:07","modified_gmt":"2022-04-07T06:57:07","slug":"luxury-italian-ceramics-selected-projects","status":"publish","type":"page","link":"https:\/\/www.prazskykamen.cz\/en\/materialy\/materialy-ariostea\/luxury-italian-ceramics-selected-projects\/","title":{"rendered":"LUXURY ITALIAN CERAMICS Selected projects"},"content":{"rendered":"<p>[et_pb_section fb_built=&#8221;1&#8243; _builder_version=&#8221;3.22&#8243; global_colors_info=&#8221;{}&#8221; theme_builder_area=&#8221;post_content&#8221;][et_pb_row _builder_version=&#8221;3.25&#8243; background_size=&#8221;initial&#8221; background_position=&#8221;top_left&#8221; background_repeat=&#8221;repeat&#8221; global_colors_info=&#8221;{}&#8221; theme_builder_area=&#8221;post_content&#8221;][et_pb_column type=&#8221;4_4&#8243; _builder_version=&#8221;3.25&#8243; custom_padding=&#8221;|||&#8221; global_colors_info=&#8221;{}&#8221; custom_padding__hover=&#8221;|||&#8221; theme_builder_area=&#8221;post_content&#8221;][et_pb_gallery gallery_ids=&#8221;9085,9084,9083,9082,9081,9080,9079,9078,9077,9076,9075,9074,9073,9072,9071,9070&#8243; posts_number=&#8221;20&#8243; admin_label=&#8221;Gallery&#8221; _builder_version=&#8221;4.14.7&#8243; hover_enabled=&#8221;0&#8243; global_colors_info=&#8221;{}&#8221; theme_builder_area=&#8221;post_content&#8221; sticky_enabled=&#8221;0&#8243;][\/et_pb_gallery][\/et_pb_column][\/et_pb_row][\/et_pb_section]<\/p>\n","protected":false},"excerpt":{"rendered":"","protected":false},"author":2,"featured_media":0,"parent":1197,"menu_order":0,"comment_status":"closed","ping_status":"closed","template":"","meta":{"_et_pb_use_builder":"on","_et_pb_old_content":"","_et_gb_content_width":"","footnotes":""},"class_list":["post-9093","page","type-page","status-publish","hentry"],"yoast_head":"<!-- This site is optimized with the Yoast SEO plugin v23.7 - https:\/\/yoast.com\/wordpress\/plugins\/seo\/ -->\n<title>LUXURY ITALIAN CERAMICS Selected projects - Prague Stone<\/title>\n<meta name=\"robots\" content=\"index, follow, max-snippet:-1, max-image-preview:large, max-video-preview:-1\" \/>\n<link rel=\"canonical\" href=\"https:\/\/www.prazskykamen.cz\/en\/materialy\/materialy-ariostea\/luxury-italian-ceramics-selected-projects\/\" \/>\n<meta property=\"og:locale\" content=\"en_GB\" \/>\n<meta property=\"og:type\" content=\"article\" \/>\n<meta property=\"og:title\" content=\"LUXURY ITALIAN CERAMICS Selected projects - Prague Stone\" \/>\n<meta property=\"og:url\" content=\"https:\/\/www.prazskykamen.cz\/en\/materialy\/materialy-ariostea\/luxury-italian-ceramics-selected-projects\/\" \/>\n<meta property=\"og:site_name\" content=\"Prague Stone\" \/>\n<meta property=\"article:modified_time\" content=\"2022-04-07T06:57:07+00:00\" \/>\n<meta name=\"twitter:card\" content=\"summary_large_image\" \/>\n<script type=\"application\/ld+json\" class=\"yoast-schema-graph\">{\"@context\":\"https:\/\/schema.org\",\"@graph\":[{\"@type\":\"WebPage\",\"@id\":\"https:\/\/www.prazskykamen.cz\/en\/materialy\/materialy-ariostea\/luxury-italian-ceramics-selected-projects\/\",\"url\":\"https:\/\/www.prazskykamen.cz\/en\/materialy\/materialy-ariostea\/luxury-italian-ceramics-selected-projects\/\",\"name\":\"LUXURY ITALIAN CERAMICS Selected projects - Prague Stone\",\"isPartOf\":{\"@id\":\"https:\/\/www.prazskykamen.cz\/en\/#website\"},\"datePublished\":\"2022-04-07T06:57:03+00:00\",\"dateModified\":\"2022-04-07T06:57:07+00:00\",\"breadcrumb\":{\"@id\":\"https:\/\/www.prazskykamen.cz\/en\/materialy\/materialy-ariostea\/luxury-italian-ceramics-selected-projects\/#breadcrumb\"},\"inLanguage\":\"en-GB\",\"potentialAction\":[{\"@type\":\"ReadAction\",\"target\":[\"https:\/\/www.prazskykamen.cz\/en\/materialy\/materialy-ariostea\/luxury-italian-ceramics-selected-projects\/\"]}]},{\"@type\":\"BreadcrumbList\",\"@id\":\"https:\/\/www.prazskykamen.cz\/en\/materialy\/materialy-ariostea\/luxury-italian-ceramics-selected-projects\/#breadcrumb\",\"itemListElement\":[{\"@type\":\"ListItem\",\"position\":1,\"name\":\"Dom\u016f\",\"item\":\"https:\/\/www.prazskykamen.cz\/en\/\"},{\"@type\":\"ListItem\",\"position\":2,\"name\":\"MATERIALS\",\"item\":\"https:\/\/www.prazskykamen.cz\/en\/materialy\/\"},{\"@type\":\"ListItem\",\"position\":3,\"name\":\"MATERIALS \u2013 LUXURY ITALIAN CERAMICS\",\"item\":\"https:\/\/www.prazskykamen.cz\/en\/materialy\/materialy-ariostea\/\"},{\"@type\":\"ListItem\",\"position\":4,\"name\":\"LUXURY ITALIAN CERAMICS Selected projects\"}]},{\"@type\":\"WebSite\",\"@id\":\"https:\/\/www.prazskykamen.cz\/en\/#website\",\"url\":\"https:\/\/www.prazskykamen.cz\/en\/\",\"name\":\"Prague Stone\",\"description\":\"Dal\u0161\u00ed nov\u00fd web v r\u00e1mci s\u00edt\u011b Pra\u017esk\u00fd k\u00e1men Sites\",\"potentialAction\":[{\"@type\":\"SearchAction\",\"target\":{\"@type\":\"EntryPoint\",\"urlTemplate\":\"https:\/\/www.prazskykamen.cz\/en\/?s={search_term_string}\"},\"query-input\":{\"@type\":\"PropertyValueSpecification\",\"valueRequired\":true,\"valueName\":\"search_term_string\"}}],\"inLanguage\":\"en-GB\"}]}<\/script>\n<!-- \/ Yoast SEO plugin. -->","yoast_head_json":{"title":"LUXURY ITALIAN CERAMICS Selected projects - Prague Stone","robots":{"index":"index","follow":"follow","max-snippet":"max-snippet:-1","max-image-preview":"max-image-preview:large","max-video-preview":"max-video-preview:-1"},"canonical":"https:\/\/www.prazskykamen.cz\/en\/materialy\/materialy-ariostea\/luxury-italian-ceramics-selected-projects\/","og_locale":"en_GB","og_type":"article","og_title":"LUXURY ITALIAN CERAMICS Selected projects - Prague Stone","og_url":"https:\/\/www.prazskykamen.cz\/en\/materialy\/materialy-ariostea\/luxury-italian-ceramics-selected-projects\/","og_site_name":"Prague Stone","article_modified_time":"2022-04-07T06:57:07+00:00","twitter_card":"summary_large_image","schema":{"@context":"https:\/\/schema.org","@graph":[{"@type":"WebPage","@id":"https:\/\/www.prazskykamen.cz\/en\/materialy\/materialy-ariostea\/luxury-italian-ceramics-selected-projects\/","url":"https:\/\/www.prazskykamen.cz\/en\/materialy\/materialy-ariostea\/luxury-italian-ceramics-selected-projects\/","name":"LUXURY ITALIAN CERAMICS Selected projects - Prague Stone","isPartOf":{"@id":"https:\/\/www.prazskykamen.cz\/en\/#website"},"datePublished":"2022-04-07T06:57:03+00:00","dateModified":"2022-04-07T06:57:07+00:00","breadcrumb":{"@id":"https:\/\/www.prazskykamen.cz\/en\/materialy\/materialy-ariostea\/luxury-italian-ceramics-selected-projects\/#breadcrumb"},"inLanguage":"en-GB","potentialAction":[{"@type":"ReadAction","target":["https:\/\/www.prazskykamen.cz\/en\/materialy\/materialy-ariostea\/luxury-italian-ceramics-selected-projects\/"]}]},{"@type":"BreadcrumbList","@id":"https:\/\/www.prazskykamen.cz\/en\/materialy\/materialy-ariostea\/luxury-italian-ceramics-selected-projects\/#breadcrumb","itemListElement":[{"@type":"ListItem","position":1,"name":"Dom\u016f","item":"https:\/\/www.prazskykamen.cz\/en\/"},{"@type":"ListItem","position":2,"name":"MATERIALS","item":"https:\/\/www.prazskykamen.cz\/en\/materialy\/"},{"@type":"ListItem","position":3,"name":"MATERIALS \u2013 LUXURY ITALIAN CERAMICS","item":"https:\/\/www.prazskykamen.cz\/en\/materialy\/materialy-ariostea\/"},{"@type":"ListItem","position":4,"name":"LUXURY ITALIAN CERAMICS Selected projects"}]},{"@type":"WebSite","@id":"https:\/\/www.prazskykamen.cz\/en\/#website","url":"https:\/\/www.prazskykamen.cz\/en\/","name":"Prague Stone","description":"Dal\u0161\u00ed nov\u00fd web v r\u00e1mci s\u00edt\u011b Pra\u017esk\u00fd k\u00e1men Sites","potentialAction":[{"@type":"SearchAction","target":{"@type":"EntryPoint","urlTemplate":"https:\/\/www.prazskykamen.cz\/en\/?s={search_term_string}"},"query-input":{"@type":"PropertyValueSpecification","valueRequired":true,"valueName":"search_term_string"}}],"inLanguage":"en-GB"}]}},"_links":{"self":[{"href":"https:\/\/www.prazskykamen.cz\/en\/wp-json\/wp\/v2\/pages\/9093","targetHints":{"allow":["GET"]}}],"collection":[{"href":"https:\/\/www.prazskykamen.cz\/en\/wp-json\/wp\/v2\/pages"}],"about":[{"href":"https:\/\/www.prazskykamen.cz\/en\/wp-json\/wp\/v2\/types\/page"}],"author":[{"embeddable":true,"href":"https:\/\/www.prazskykamen.cz\/en\/wp-json\/wp\/v2\/users\/2"}],"replies":[{"embeddable":true,"href":"https:\/\/www.prazskykamen.cz\/en\/wp-json\/wp\/v2\/comments?post=9093"}],"version-history":[{"count":2,"href":"https:\/\/www.prazskykamen.cz\/en\/wp-json\/wp\/v2\/pages\/9093\/revisions"}],"predecessor-version":[{"id":9096,"href":"https:\/\/www.prazskykamen.cz\/en\/wp-json\/wp\/v2\/pages\/9093\/revisions\/9096"}],"up":[{"embeddable":true,"href":"https:\/\/www.prazskykamen.cz\/en\/wp-json\/wp\/v2\/pages\/1197"}],"wp:attachment":[{"href":"https:\/\/www.prazskykamen.cz\/en\/wp-json\/wp\/v2\/media?parent=9093"}],"curies":[{"name":"wp","href":"https:\/\/api.w.org\/{rel}","templated":true}]}}