{"id":860,"date":"2014-12-25T11:26:27","date_gmt":"2014-12-25T10:26:27","guid":{"rendered":"https:\/\/www.prazskykamen.cz\/?page_id=860"},"modified":"2016-01-07T11:58:46","modified_gmt":"2016-01-07T11:58:46","slug":"obklady-a-dlazby-na-fladr","status":"publish","type":"page","link":"https:\/\/www.prazskykamen.cz\/en\/kamenne-produkty\/koupelny\/obklady-a-dlazby-na-fladr\/","title":{"rendered":"CUSTOMIZED CLADDING AND TILING  \u2013 BOOK"},"content":{"rendered":"<p>[et_pb_section][et_pb_row][et_pb_column type=&#8221;4_4&#8243;][et_pb_text admin_label=&#8221;Text&#8221; background_layout=&#8221;light&#8221; text_orientation=&#8221;left&#8221;]<\/p>\n<h1>CUSTOMIZED CLADDING AND TILING \u00a0&#8211; BOOK<\/h1>\n<p>Executed from large slabs, which are precisely targeted and cut into the largest possible pieces. The basic material is polished according to so-called \u201con the book\u201d &#8211; mirror repeating figure motifs. When surveying and formatting the continuity of stone artwork are followed and the effect of a large slab can thus be achieved. This option is, of course, the most expensive.[\/et_pb_text][\/et_pb_column][\/et_pb_row][et_pb_row][et_pb_column type=&#8221;1_2&#8243;][et_pb_text admin_label=&#8221;Text&#8221; background_layout=&#8221;light&#8221; text_orientation=&#8221;left&#8221;]<\/p>\n<h2>Book<\/h2>\n<p><img loading=\"lazy\" decoding=\"async\" class=\"alignnone wp-image-1789 size-medium\" src=\"https:\/\/www.prazskykamen.cz\/wp-content\/uploads\/2014\/12\/na-knihu520x390-300x224.jpg\" alt=\"Kamenn\u00e9 obklady do koupelny na knihu\" width=\"300\" height=\"224\">[\/et_pb_text][\/et_pb_column][et_pb_column type=&#8221;1_2&#8243;][et_pb_text admin_label=&#8221;Text&#8221; background_layout=&#8221;light&#8221; text_orientation=&#8221;left&#8221;]<img loading=\"lazy\" decoding=\"async\" class=\"alignnone size-full wp-image-862\" src=\"https:\/\/www.prazskykamen.cz\/wp-content\/uploads\/2014\/11\/koupelnyobkladnafladr.jpg\" alt=\"Kamenn\u00e9 obklady do koupelny na knihu\" width=\"520\" height=\"390\" srcset=\"https:\/\/www.prazskykamen.cz\/en\/wp-content\/uploads\/sites\/2\/2014\/11\/koupelnyobkladnafladr.jpg 520w, https:\/\/www.prazskykamen.cz\/en\/wp-content\/uploads\/sites\/2\/2014\/11\/koupelnyobkladnafladr-300x225.jpg 300w\" sizes=\"auto, (max-width: 520px) 100vw, 520px\" \/>[\/et_pb_text][\/et_pb_column][\/et_pb_row][\/et_pb_section]<\/p>\n","protected":false},"excerpt":{"rendered":"<p><div class=\"et_pb_section et_pb_section_0 et_section_regular\" >\n\t\t\t\t\n\t\t\t\t\n\t\t\t\t\n\t\t\t\t\n\t\t\t\t\n\t\t\t\t\n\t\t\t\t\n\t\t\t\t\n\t\t\t\t\n\t\t\t<\/div><div class=\"et_pb_row et_pb_row_0 et_pb_row_empty\">\n\t\t\t\t\n\t\t\t\t\n\t\t\t\t\n\t\t\t\t\n\t\t\t\t\n\t\t\t<\/div> CUSTOMIZED CLADDING AND TILING \u00a0&#8211; BOOK Executed from large slabs, which are precisely targeted and cut into the largest possible pieces. The basic material is polished according to so-called \u201con the book\u201d &#8211; mirror repeating figure motifs. When surveying and formatting the continuity of stone artwork are followed and the effect of a large [&hellip;]<\/p>\n","protected":false},"author":1,"featured_media":0,"parent":66,"menu_order":0,"comment_status":"closed","ping_status":"open","template":"","meta":{"_et_pb_use_builder":"on","_et_pb_old_content":"","_et_gb_content_width":"","footnotes":""},"class_list":["post-860","page","type-page","status-publish","hentry"],"yoast_head":"<!-- This site is optimized with the Yoast SEO plugin v23.7 - https:\/\/yoast.com\/wordpress\/plugins\/seo\/ -->\n<title>Luxusn\u00ed kamenn\u00e9 obklady do koupelny | Pra\u017esk\u00fd k\u00e1men<\/title>\n<meta name=\"description\" content=\"Velmi luxusn\u00ed kamenn\u00e9 obklady do koupelny v proveden\u00ed na knihu. Opakuj\u00edc\u00ed se motiv je n\u00e1ro\u010dn\u011bj\u0161\u00ed na materi\u00e1l, ale kamenn\u00e9 obklad vypadaj\u00ed nejexkluzivn\u011bji.\" \/>\n<meta name=\"robots\" content=\"index, follow, max-snippet:-1, max-image-preview:large, max-video-preview:-1\" \/>\n<link rel=\"canonical\" href=\"https:\/\/www.prazskykamen.cz\/en\/kamenne-produkty\/koupelny\/obklady-a-dlazby-na-fladr\/\" \/>\n<meta property=\"og:locale\" content=\"en_GB\" \/>\n<meta property=\"og:type\" content=\"article\" \/>\n<meta property=\"og:title\" content=\"Luxusn\u00ed kamenn\u00e9 obklady do koupelny | Pra\u017esk\u00fd k\u00e1men\" \/>\n<meta property=\"og:description\" content=\"Velmi luxusn\u00ed kamenn\u00e9 obklady do koupelny v proveden\u00ed na knihu. Opakuj\u00edc\u00ed se motiv je n\u00e1ro\u010dn\u011bj\u0161\u00ed na materi\u00e1l, ale kamenn\u00e9 obklad vypadaj\u00ed nejexkluzivn\u011bji.\" \/>\n<meta property=\"og:url\" content=\"https:\/\/www.prazskykamen.cz\/en\/kamenne-produkty\/koupelny\/obklady-a-dlazby-na-fladr\/\" \/>\n<meta property=\"og:site_name\" content=\"Prague Stone\" \/>\n<meta property=\"article:modified_time\" content=\"2016-01-07T11:58:46+00:00\" \/>\n<meta property=\"og:image\" content=\"https:\/\/www.prazskykamen.cz\/wp-content\/uploads\/2014\/12\/na-knihu520x390-300x224.jpg\" \/>\n<meta name=\"twitter:card\" content=\"summary_large_image\" \/>\n<meta name=\"twitter:label1\" content=\"Estimated reading time\" \/>\n\t<meta name=\"twitter:data1\" content=\"1 minute\" \/>\n<script type=\"application\/ld+json\" class=\"yoast-schema-graph\">{\"@context\":\"https:\/\/schema.org\",\"@graph\":[{\"@type\":\"WebPage\",\"@id\":\"https:\/\/www.prazskykamen.cz\/en\/kamenne-produkty\/koupelny\/obklady-a-dlazby-na-fladr\/\",\"url\":\"https:\/\/www.prazskykamen.cz\/en\/kamenne-produkty\/koupelny\/obklady-a-dlazby-na-fladr\/\",\"name\":\"Luxusn\u00ed kamenn\u00e9 obklady do koupelny | Pra\u017esk\u00fd k\u00e1men\",\"isPartOf\":{\"@id\":\"https:\/\/www.prazskykamen.cz\/en\/#website\"},\"primaryImageOfPage\":{\"@id\":\"https:\/\/www.prazskykamen.cz\/en\/kamenne-produkty\/koupelny\/obklady-a-dlazby-na-fladr\/#primaryimage\"},\"image\":{\"@id\":\"https:\/\/www.prazskykamen.cz\/en\/kamenne-produkty\/koupelny\/obklady-a-dlazby-na-fladr\/#primaryimage\"},\"thumbnailUrl\":\"https:\/\/www.prazskykamen.cz\/wp-content\/uploads\/2014\/12\/na-knihu520x390-300x224.jpg\",\"datePublished\":\"2014-12-25T10:26:27+00:00\",\"dateModified\":\"2016-01-07T11:58:46+00:00\",\"description\":\"Velmi luxusn\u00ed kamenn\u00e9 obklady do koupelny v proveden\u00ed na knihu. Opakuj\u00edc\u00ed se motiv je n\u00e1ro\u010dn\u011bj\u0161\u00ed na materi\u00e1l, ale kamenn\u00e9 obklad vypadaj\u00ed nejexkluzivn\u011bji.\",\"breadcrumb\":{\"@id\":\"https:\/\/www.prazskykamen.cz\/en\/kamenne-produkty\/koupelny\/obklady-a-dlazby-na-fladr\/#breadcrumb\"},\"inLanguage\":\"en-GB\",\"potentialAction\":[{\"@type\":\"ReadAction\",\"target\":[\"https:\/\/www.prazskykamen.cz\/en\/kamenne-produkty\/koupelny\/obklady-a-dlazby-na-fladr\/\"]}]},{\"@type\":\"ImageObject\",\"inLanguage\":\"en-GB\",\"@id\":\"https:\/\/www.prazskykamen.cz\/en\/kamenne-produkty\/koupelny\/obklady-a-dlazby-na-fladr\/#primaryimage\",\"url\":\"https:\/\/www.prazskykamen.cz\/wp-content\/uploads\/2014\/12\/na-knihu520x390-300x224.jpg\",\"contentUrl\":\"https:\/\/www.prazskykamen.cz\/wp-content\/uploads\/2014\/12\/na-knihu520x390-300x224.jpg\"},{\"@type\":\"BreadcrumbList\",\"@id\":\"https:\/\/www.prazskykamen.cz\/en\/kamenne-produkty\/koupelny\/obklady-a-dlazby-na-fladr\/#breadcrumb\",\"itemListElement\":[{\"@type\":\"ListItem\",\"position\":1,\"name\":\"Dom\u016f\",\"item\":\"https:\/\/www.prazskykamen.cz\/en\/\"},{\"@type\":\"ListItem\",\"position\":2,\"name\":\"STONE PRODUCTS\",\"item\":\"https:\/\/www.prazskykamen.cz\/en\/kamenne-produkty\/\"},{\"@type\":\"ListItem\",\"position\":3,\"name\":\"BATHROOM\",\"item\":\"https:\/\/www.prazskykamen.cz\/en\/kamenne-produkty\/koupelny\/\"},{\"@type\":\"ListItem\",\"position\":4,\"name\":\"CUSTOMIZED CLADDING AND TILING \u2013 BOOK\"}]},{\"@type\":\"WebSite\",\"@id\":\"https:\/\/www.prazskykamen.cz\/en\/#website\",\"url\":\"https:\/\/www.prazskykamen.cz\/en\/\",\"name\":\"Prague Stone\",\"description\":\"Dal\u0161\u00ed nov\u00fd web v r\u00e1mci s\u00edt\u011b Pra\u017esk\u00fd k\u00e1men Sites\",\"potentialAction\":[{\"@type\":\"SearchAction\",\"target\":{\"@type\":\"EntryPoint\",\"urlTemplate\":\"https:\/\/www.prazskykamen.cz\/en\/?s={search_term_string}\"},\"query-input\":{\"@type\":\"PropertyValueSpecification\",\"valueRequired\":true,\"valueName\":\"search_term_string\"}}],\"inLanguage\":\"en-GB\"}]}<\/script>\n<!-- \/ Yoast SEO plugin. -->","yoast_head_json":{"title":"Luxusn\u00ed kamenn\u00e9 obklady do koupelny | Pra\u017esk\u00fd k\u00e1men","description":"Velmi luxusn\u00ed kamenn\u00e9 obklady do koupelny v proveden\u00ed na knihu. Opakuj\u00edc\u00ed se motiv je n\u00e1ro\u010dn\u011bj\u0161\u00ed na materi\u00e1l, ale kamenn\u00e9 obklad vypadaj\u00ed nejexkluzivn\u011bji.","robots":{"index":"index","follow":"follow","max-snippet":"max-snippet:-1","max-image-preview":"max-image-preview:large","max-video-preview":"max-video-preview:-1"},"canonical":"https:\/\/www.prazskykamen.cz\/en\/kamenne-produkty\/koupelny\/obklady-a-dlazby-na-fladr\/","og_locale":"en_GB","og_type":"article","og_title":"Luxusn\u00ed kamenn\u00e9 obklady do koupelny | Pra\u017esk\u00fd k\u00e1men","og_description":"Velmi luxusn\u00ed kamenn\u00e9 obklady do koupelny v proveden\u00ed na knihu. Opakuj\u00edc\u00ed se motiv je n\u00e1ro\u010dn\u011bj\u0161\u00ed na materi\u00e1l, ale kamenn\u00e9 obklad vypadaj\u00ed nejexkluzivn\u011bji.","og_url":"https:\/\/www.prazskykamen.cz\/en\/kamenne-produkty\/koupelny\/obklady-a-dlazby-na-fladr\/","og_site_name":"Prague Stone","article_modified_time":"2016-01-07T11:58:46+00:00","og_image":[{"url":"https:\/\/www.prazskykamen.cz\/wp-content\/uploads\/2014\/12\/na-knihu520x390-300x224.jpg"}],"twitter_card":"summary_large_image","twitter_misc":{"Estimated reading time":"1 minute"},"schema":{"@context":"https:\/\/schema.org","@graph":[{"@type":"WebPage","@id":"https:\/\/www.prazskykamen.cz\/en\/kamenne-produkty\/koupelny\/obklady-a-dlazby-na-fladr\/","url":"https:\/\/www.prazskykamen.cz\/en\/kamenne-produkty\/koupelny\/obklady-a-dlazby-na-fladr\/","name":"Luxusn\u00ed kamenn\u00e9 obklady do koupelny | Pra\u017esk\u00fd k\u00e1men","isPartOf":{"@id":"https:\/\/www.prazskykamen.cz\/en\/#website"},"primaryImageOfPage":{"@id":"https:\/\/www.prazskykamen.cz\/en\/kamenne-produkty\/koupelny\/obklady-a-dlazby-na-fladr\/#primaryimage"},"image":{"@id":"https:\/\/www.prazskykamen.cz\/en\/kamenne-produkty\/koupelny\/obklady-a-dlazby-na-fladr\/#primaryimage"},"thumbnailUrl":"https:\/\/www.prazskykamen.cz\/wp-content\/uploads\/2014\/12\/na-knihu520x390-300x224.jpg","datePublished":"2014-12-25T10:26:27+00:00","dateModified":"2016-01-07T11:58:46+00:00","description":"Velmi luxusn\u00ed kamenn\u00e9 obklady do koupelny v proveden\u00ed na knihu. Opakuj\u00edc\u00ed se motiv je n\u00e1ro\u010dn\u011bj\u0161\u00ed na materi\u00e1l, ale kamenn\u00e9 obklad vypadaj\u00ed nejexkluzivn\u011bji.","breadcrumb":{"@id":"https:\/\/www.prazskykamen.cz\/en\/kamenne-produkty\/koupelny\/obklady-a-dlazby-na-fladr\/#breadcrumb"},"inLanguage":"en-GB","potentialAction":[{"@type":"ReadAction","target":["https:\/\/www.prazskykamen.cz\/en\/kamenne-produkty\/koupelny\/obklady-a-dlazby-na-fladr\/"]}]},{"@type":"ImageObject","inLanguage":"en-GB","@id":"https:\/\/www.prazskykamen.cz\/en\/kamenne-produkty\/koupelny\/obklady-a-dlazby-na-fladr\/#primaryimage","url":"https:\/\/www.prazskykamen.cz\/wp-content\/uploads\/2014\/12\/na-knihu520x390-300x224.jpg","contentUrl":"https:\/\/www.prazskykamen.cz\/wp-content\/uploads\/2014\/12\/na-knihu520x390-300x224.jpg"},{"@type":"BreadcrumbList","@id":"https:\/\/www.prazskykamen.cz\/en\/kamenne-produkty\/koupelny\/obklady-a-dlazby-na-fladr\/#breadcrumb","itemListElement":[{"@type":"ListItem","position":1,"name":"Dom\u016f","item":"https:\/\/www.prazskykamen.cz\/en\/"},{"@type":"ListItem","position":2,"name":"STONE PRODUCTS","item":"https:\/\/www.prazskykamen.cz\/en\/kamenne-produkty\/"},{"@type":"ListItem","position":3,"name":"BATHROOM","item":"https:\/\/www.prazskykamen.cz\/en\/kamenne-produkty\/koupelny\/"},{"@type":"ListItem","position":4,"name":"CUSTOMIZED CLADDING AND TILING \u2013 BOOK"}]},{"@type":"WebSite","@id":"https:\/\/www.prazskykamen.cz\/en\/#website","url":"https:\/\/www.prazskykamen.cz\/en\/","name":"Prague Stone","description":"Dal\u0161\u00ed nov\u00fd web v r\u00e1mci s\u00edt\u011b Pra\u017esk\u00fd k\u00e1men Sites","potentialAction":[{"@type":"SearchAction","target":{"@type":"EntryPoint","urlTemplate":"https:\/\/www.prazskykamen.cz\/en\/?s={search_term_string}"},"query-input":{"@type":"PropertyValueSpecification","valueRequired":true,"valueName":"search_term_string"}}],"inLanguage":"en-GB"}]}},"_links":{"self":[{"href":"https:\/\/www.prazskykamen.cz\/en\/wp-json\/wp\/v2\/pages\/860","targetHints":{"allow":["GET"]}}],"collection":[{"href":"https:\/\/www.prazskykamen.cz\/en\/wp-json\/wp\/v2\/pages"}],"about":[{"href":"https:\/\/www.prazskykamen.cz\/en\/wp-json\/wp\/v2\/types\/page"}],"author":[{"embeddable":true,"href":"https:\/\/www.prazskykamen.cz\/en\/wp-json\/wp\/v2\/users\/1"}],"replies":[{"embeddable":true,"href":"https:\/\/www.prazskykamen.cz\/en\/wp-json\/wp\/v2\/comments?post=860"}],"version-history":[{"count":3,"href":"https:\/\/www.prazskykamen.cz\/en\/wp-json\/wp\/v2\/pages\/860\/revisions"}],"predecessor-version":[{"id":6387,"href":"https:\/\/www.prazskykamen.cz\/en\/wp-json\/wp\/v2\/pages\/860\/revisions\/6387"}],"up":[{"embeddable":true,"href":"https:\/\/www.prazskykamen.cz\/en\/wp-json\/wp\/v2\/pages\/66"}],"wp:attachment":[{"href":"https:\/\/www.prazskykamen.cz\/en\/wp-json\/wp\/v2\/media?parent=860"}],"curies":[{"name":"wp","href":"https:\/\/api.w.org\/{rel}","templated":true}]}}