{"id":856,"date":"2014-12-25T11:17:44","date_gmt":"2014-12-25T10:17:44","guid":{"rendered":"https:\/\/www.prazskykamen.cz\/?page_id=856"},"modified":"2016-01-07T11:59:12","modified_gmt":"2016-01-07T11:59:12","slug":"obklady-a-dlazby-na-miru","status":"publish","type":"page","link":"https:\/\/www.prazskykamen.cz\/en\/kamenne-produkty\/koupelny\/obklady-a-dlazby-na-miru\/","title":{"rendered":"CUSTOMIZED CLADDING AND TILING &#8211; FIGURE"},"content":{"rendered":"<p>[et_pb_section][et_pb_row][et_pb_column type=&#8221;4_4&#8243;][et_pb_text admin_label=&#8221;Text&#8221; background_layout=&#8221;light&#8221; text_orientation=&#8221;left&#8221;]<\/p>\n<h1>CUSTOMIZED CLADDING AND TILING &#8211; FIGURE<\/h1>\n<p>Executed from large slabs, which are precisely targeted and cut into the largest possible pieces. The cladding then looks very compact, and visually it does not interfere with the grip. It all depends on the type of stone, or the size of the material. Usually, it is divided into two parts for technical reasons, the stone artwork remaining untouched.[\/et_pb_text][\/et_pb_column][\/et_pb_row][et_pb_row][et_pb_column type=&#8221;1_2&#8243;][et_pb_text admin_label=&#8221;Text&#8221; background_layout=&#8221;light&#8221; text_orientation=&#8221;left&#8221;]<\/p>\n<h2>Figure<\/h2>\n<p><img loading=\"lazy\" decoding=\"async\" class=\"alignnone wp-image-1788 size-medium\" src=\"https:\/\/www.prazskykamen.cz\/wp-content\/uploads\/2014\/12\/na-fladr520x390-300x224.jpg\" alt=\"Kamenn\u00e9 obklady do koupelny a kamenn\u00e1 dla\u017eba do koupelny na m\u00edru\" width=\"300\" height=\"224\">[\/et_pb_text][\/et_pb_column][et_pb_column type=&#8221;1_2&#8243;][et_pb_text admin_label=&#8221;Text&#8221; background_layout=&#8221;light&#8221; text_orientation=&#8221;left&#8221;]<img loading=\"lazy\" decoding=\"async\" class=\"alignnone size-full wp-image-858\" src=\"https:\/\/www.prazskykamen.cz\/wp-content\/uploads\/2014\/11\/koupelnyobkladnamiru.jpg\" alt=\"Kamenn\u00e9 obklady do koupelny na m\u00edru\" width=\"520\" height=\"390\" srcset=\"https:\/\/www.prazskykamen.cz\/en\/wp-content\/uploads\/sites\/2\/2014\/11\/koupelnyobkladnamiru.jpg 520w, https:\/\/www.prazskykamen.cz\/en\/wp-content\/uploads\/sites\/2\/2014\/11\/koupelnyobkladnamiru-300x225.jpg 300w\" sizes=\"auto, (max-width: 520px) 100vw, 520px\" \/>[\/et_pb_text][\/et_pb_column][\/et_pb_row][\/et_pb_section]<\/p>\n","protected":false},"excerpt":{"rendered":"<p><div class=\"et_pb_section et_pb_section_0 et_section_regular\" >\n\t\t\t\t\n\t\t\t\t\n\t\t\t\t\n\t\t\t\t\n\t\t\t\t\n\t\t\t\t\n\t\t\t\t\n\t\t\t\t\n\t\t\t\t\n\t\t\t<\/div><div class=\"et_pb_row et_pb_row_0 et_pb_row_empty\">\n\t\t\t\t\n\t\t\t\t\n\t\t\t\t\n\t\t\t\t\n\t\t\t\t\n\t\t\t<\/div>CUSTOMIZED CLADDING AND TILING &#8211; FIGURE Executed from large slabs, which are precisely targeted and cut into the largest possible pieces. The cladding then looks very compact, and visually it does not interfere with the grip. It all depends on the type of stone, or the size of the material. Usually, it is divided into [&hellip;]<\/p>\n","protected":false},"author":1,"featured_media":0,"parent":66,"menu_order":0,"comment_status":"closed","ping_status":"open","template":"","meta":{"_et_pb_use_builder":"on","_et_pb_old_content":"","_et_gb_content_width":"","footnotes":""},"class_list":["post-856","page","type-page","status-publish","hentry"],"yoast_head":"<!-- This site is optimized with the Yoast SEO plugin v23.7 - https:\/\/yoast.com\/wordpress\/plugins\/seo\/ -->\n<title>Kamenn\u00e9 obklady koupelen na m\u00edru - fl\u00e1dr | Pra\u017esk\u00fd k\u00e1men<\/title>\n<meta name=\"description\" content=\"Kamenn\u00e9 obklady koupelen na m\u00edru v\u0161e luxus za p\u0159ijatelnou cenu. Kamenn\u00e9 obklady vhodn\u011b dopln\u00ed kamenn\u00e1 dla\u017eba do koupelny ze stejn\u00e9ho materi\u00e1lu. Zn\u00e1te lep\u0161\u00ed?\" \/>\n<meta name=\"robots\" content=\"index, follow, max-snippet:-1, max-image-preview:large, max-video-preview:-1\" \/>\n<link rel=\"canonical\" href=\"https:\/\/www.prazskykamen.cz\/en\/kamenne-produkty\/koupelny\/obklady-a-dlazby-na-miru\/\" \/>\n<meta property=\"og:locale\" content=\"en_GB\" \/>\n<meta property=\"og:type\" content=\"article\" \/>\n<meta property=\"og:title\" content=\"Kamenn\u00e9 obklady koupelen na m\u00edru - fl\u00e1dr | Pra\u017esk\u00fd k\u00e1men\" \/>\n<meta property=\"og:description\" content=\"Kamenn\u00e9 obklady koupelen na m\u00edru v\u0161e luxus za p\u0159ijatelnou cenu. Kamenn\u00e9 obklady vhodn\u011b dopln\u00ed kamenn\u00e1 dla\u017eba do koupelny ze stejn\u00e9ho materi\u00e1lu. Zn\u00e1te lep\u0161\u00ed?\" \/>\n<meta property=\"og:url\" content=\"https:\/\/www.prazskykamen.cz\/en\/kamenne-produkty\/koupelny\/obklady-a-dlazby-na-miru\/\" \/>\n<meta property=\"og:site_name\" content=\"Prague Stone\" \/>\n<meta property=\"article:modified_time\" content=\"2016-01-07T11:59:12+00:00\" \/>\n<meta property=\"og:image\" content=\"https:\/\/www.prazskykamen.cz\/wp-content\/uploads\/2014\/12\/na-fladr520x390-300x224.jpg\" \/>\n<meta name=\"twitter:card\" content=\"summary_large_image\" \/>\n<meta name=\"twitter:label1\" content=\"Estimated reading time\" \/>\n\t<meta name=\"twitter:data1\" content=\"1 minute\" \/>\n<script type=\"application\/ld+json\" class=\"yoast-schema-graph\">{\"@context\":\"https:\/\/schema.org\",\"@graph\":[{\"@type\":\"WebPage\",\"@id\":\"https:\/\/www.prazskykamen.cz\/en\/kamenne-produkty\/koupelny\/obklady-a-dlazby-na-miru\/\",\"url\":\"https:\/\/www.prazskykamen.cz\/en\/kamenne-produkty\/koupelny\/obklady-a-dlazby-na-miru\/\",\"name\":\"Kamenn\u00e9 obklady koupelen na m\u00edru - fl\u00e1dr | Pra\u017esk\u00fd k\u00e1men\",\"isPartOf\":{\"@id\":\"https:\/\/www.prazskykamen.cz\/en\/#website\"},\"primaryImageOfPage\":{\"@id\":\"https:\/\/www.prazskykamen.cz\/en\/kamenne-produkty\/koupelny\/obklady-a-dlazby-na-miru\/#primaryimage\"},\"image\":{\"@id\":\"https:\/\/www.prazskykamen.cz\/en\/kamenne-produkty\/koupelny\/obklady-a-dlazby-na-miru\/#primaryimage\"},\"thumbnailUrl\":\"https:\/\/www.prazskykamen.cz\/wp-content\/uploads\/2014\/12\/na-fladr520x390-300x224.jpg\",\"datePublished\":\"2014-12-25T10:17:44+00:00\",\"dateModified\":\"2016-01-07T11:59:12+00:00\",\"description\":\"Kamenn\u00e9 obklady koupelen na m\u00edru v\u0161e luxus za p\u0159ijatelnou cenu. Kamenn\u00e9 obklady vhodn\u011b dopln\u00ed kamenn\u00e1 dla\u017eba do koupelny ze stejn\u00e9ho materi\u00e1lu. Zn\u00e1te lep\u0161\u00ed?\",\"breadcrumb\":{\"@id\":\"https:\/\/www.prazskykamen.cz\/en\/kamenne-produkty\/koupelny\/obklady-a-dlazby-na-miru\/#breadcrumb\"},\"inLanguage\":\"en-GB\",\"potentialAction\":[{\"@type\":\"ReadAction\",\"target\":[\"https:\/\/www.prazskykamen.cz\/en\/kamenne-produkty\/koupelny\/obklady-a-dlazby-na-miru\/\"]}]},{\"@type\":\"ImageObject\",\"inLanguage\":\"en-GB\",\"@id\":\"https:\/\/www.prazskykamen.cz\/en\/kamenne-produkty\/koupelny\/obklady-a-dlazby-na-miru\/#primaryimage\",\"url\":\"https:\/\/www.prazskykamen.cz\/wp-content\/uploads\/2014\/12\/na-fladr520x390-300x224.jpg\",\"contentUrl\":\"https:\/\/www.prazskykamen.cz\/wp-content\/uploads\/2014\/12\/na-fladr520x390-300x224.jpg\"},{\"@type\":\"BreadcrumbList\",\"@id\":\"https:\/\/www.prazskykamen.cz\/en\/kamenne-produkty\/koupelny\/obklady-a-dlazby-na-miru\/#breadcrumb\",\"itemListElement\":[{\"@type\":\"ListItem\",\"position\":1,\"name\":\"Dom\u016f\",\"item\":\"https:\/\/www.prazskykamen.cz\/en\/\"},{\"@type\":\"ListItem\",\"position\":2,\"name\":\"STONE PRODUCTS\",\"item\":\"https:\/\/www.prazskykamen.cz\/en\/kamenne-produkty\/\"},{\"@type\":\"ListItem\",\"position\":3,\"name\":\"BATHROOM\",\"item\":\"https:\/\/www.prazskykamen.cz\/en\/kamenne-produkty\/koupelny\/\"},{\"@type\":\"ListItem\",\"position\":4,\"name\":\"CUSTOMIZED CLADDING AND TILING &#8211; FIGURE\"}]},{\"@type\":\"WebSite\",\"@id\":\"https:\/\/www.prazskykamen.cz\/en\/#website\",\"url\":\"https:\/\/www.prazskykamen.cz\/en\/\",\"name\":\"Prague Stone\",\"description\":\"Dal\u0161\u00ed nov\u00fd web v r\u00e1mci s\u00edt\u011b Pra\u017esk\u00fd k\u00e1men Sites\",\"potentialAction\":[{\"@type\":\"SearchAction\",\"target\":{\"@type\":\"EntryPoint\",\"urlTemplate\":\"https:\/\/www.prazskykamen.cz\/en\/?s={search_term_string}\"},\"query-input\":{\"@type\":\"PropertyValueSpecification\",\"valueRequired\":true,\"valueName\":\"search_term_string\"}}],\"inLanguage\":\"en-GB\"}]}<\/script>\n<!-- \/ Yoast SEO plugin. -->","yoast_head_json":{"title":"Kamenn\u00e9 obklady koupelen na m\u00edru - fl\u00e1dr | Pra\u017esk\u00fd k\u00e1men","description":"Kamenn\u00e9 obklady koupelen na m\u00edru v\u0161e luxus za p\u0159ijatelnou cenu. Kamenn\u00e9 obklady vhodn\u011b dopln\u00ed kamenn\u00e1 dla\u017eba do koupelny ze stejn\u00e9ho materi\u00e1lu. Zn\u00e1te lep\u0161\u00ed?","robots":{"index":"index","follow":"follow","max-snippet":"max-snippet:-1","max-image-preview":"max-image-preview:large","max-video-preview":"max-video-preview:-1"},"canonical":"https:\/\/www.prazskykamen.cz\/en\/kamenne-produkty\/koupelny\/obklady-a-dlazby-na-miru\/","og_locale":"en_GB","og_type":"article","og_title":"Kamenn\u00e9 obklady koupelen na m\u00edru - fl\u00e1dr | Pra\u017esk\u00fd k\u00e1men","og_description":"Kamenn\u00e9 obklady koupelen na m\u00edru v\u0161e luxus za p\u0159ijatelnou cenu. Kamenn\u00e9 obklady vhodn\u011b dopln\u00ed kamenn\u00e1 dla\u017eba do koupelny ze stejn\u00e9ho materi\u00e1lu. Zn\u00e1te lep\u0161\u00ed?","og_url":"https:\/\/www.prazskykamen.cz\/en\/kamenne-produkty\/koupelny\/obklady-a-dlazby-na-miru\/","og_site_name":"Prague Stone","article_modified_time":"2016-01-07T11:59:12+00:00","og_image":[{"url":"https:\/\/www.prazskykamen.cz\/wp-content\/uploads\/2014\/12\/na-fladr520x390-300x224.jpg"}],"twitter_card":"summary_large_image","twitter_misc":{"Estimated reading time":"1 minute"},"schema":{"@context":"https:\/\/schema.org","@graph":[{"@type":"WebPage","@id":"https:\/\/www.prazskykamen.cz\/en\/kamenne-produkty\/koupelny\/obklady-a-dlazby-na-miru\/","url":"https:\/\/www.prazskykamen.cz\/en\/kamenne-produkty\/koupelny\/obklady-a-dlazby-na-miru\/","name":"Kamenn\u00e9 obklady koupelen na m\u00edru - fl\u00e1dr | Pra\u017esk\u00fd k\u00e1men","isPartOf":{"@id":"https:\/\/www.prazskykamen.cz\/en\/#website"},"primaryImageOfPage":{"@id":"https:\/\/www.prazskykamen.cz\/en\/kamenne-produkty\/koupelny\/obklady-a-dlazby-na-miru\/#primaryimage"},"image":{"@id":"https:\/\/www.prazskykamen.cz\/en\/kamenne-produkty\/koupelny\/obklady-a-dlazby-na-miru\/#primaryimage"},"thumbnailUrl":"https:\/\/www.prazskykamen.cz\/wp-content\/uploads\/2014\/12\/na-fladr520x390-300x224.jpg","datePublished":"2014-12-25T10:17:44+00:00","dateModified":"2016-01-07T11:59:12+00:00","description":"Kamenn\u00e9 obklady koupelen na m\u00edru v\u0161e luxus za p\u0159ijatelnou cenu. Kamenn\u00e9 obklady vhodn\u011b dopln\u00ed kamenn\u00e1 dla\u017eba do koupelny ze stejn\u00e9ho materi\u00e1lu. Zn\u00e1te lep\u0161\u00ed?","breadcrumb":{"@id":"https:\/\/www.prazskykamen.cz\/en\/kamenne-produkty\/koupelny\/obklady-a-dlazby-na-miru\/#breadcrumb"},"inLanguage":"en-GB","potentialAction":[{"@type":"ReadAction","target":["https:\/\/www.prazskykamen.cz\/en\/kamenne-produkty\/koupelny\/obklady-a-dlazby-na-miru\/"]}]},{"@type":"ImageObject","inLanguage":"en-GB","@id":"https:\/\/www.prazskykamen.cz\/en\/kamenne-produkty\/koupelny\/obklady-a-dlazby-na-miru\/#primaryimage","url":"https:\/\/www.prazskykamen.cz\/wp-content\/uploads\/2014\/12\/na-fladr520x390-300x224.jpg","contentUrl":"https:\/\/www.prazskykamen.cz\/wp-content\/uploads\/2014\/12\/na-fladr520x390-300x224.jpg"},{"@type":"BreadcrumbList","@id":"https:\/\/www.prazskykamen.cz\/en\/kamenne-produkty\/koupelny\/obklady-a-dlazby-na-miru\/#breadcrumb","itemListElement":[{"@type":"ListItem","position":1,"name":"Dom\u016f","item":"https:\/\/www.prazskykamen.cz\/en\/"},{"@type":"ListItem","position":2,"name":"STONE PRODUCTS","item":"https:\/\/www.prazskykamen.cz\/en\/kamenne-produkty\/"},{"@type":"ListItem","position":3,"name":"BATHROOM","item":"https:\/\/www.prazskykamen.cz\/en\/kamenne-produkty\/koupelny\/"},{"@type":"ListItem","position":4,"name":"CUSTOMIZED CLADDING AND TILING &#8211; FIGURE"}]},{"@type":"WebSite","@id":"https:\/\/www.prazskykamen.cz\/en\/#website","url":"https:\/\/www.prazskykamen.cz\/en\/","name":"Prague Stone","description":"Dal\u0161\u00ed nov\u00fd web v r\u00e1mci s\u00edt\u011b Pra\u017esk\u00fd k\u00e1men Sites","potentialAction":[{"@type":"SearchAction","target":{"@type":"EntryPoint","urlTemplate":"https:\/\/www.prazskykamen.cz\/en\/?s={search_term_string}"},"query-input":{"@type":"PropertyValueSpecification","valueRequired":true,"valueName":"search_term_string"}}],"inLanguage":"en-GB"}]}},"_links":{"self":[{"href":"https:\/\/www.prazskykamen.cz\/en\/wp-json\/wp\/v2\/pages\/856","targetHints":{"allow":["GET"]}}],"collection":[{"href":"https:\/\/www.prazskykamen.cz\/en\/wp-json\/wp\/v2\/pages"}],"about":[{"href":"https:\/\/www.prazskykamen.cz\/en\/wp-json\/wp\/v2\/types\/page"}],"author":[{"embeddable":true,"href":"https:\/\/www.prazskykamen.cz\/en\/wp-json\/wp\/v2\/users\/1"}],"replies":[{"embeddable":true,"href":"https:\/\/www.prazskykamen.cz\/en\/wp-json\/wp\/v2\/comments?post=856"}],"version-history":[{"count":7,"href":"https:\/\/www.prazskykamen.cz\/en\/wp-json\/wp\/v2\/pages\/856\/revisions"}],"predecessor-version":[{"id":6388,"href":"https:\/\/www.prazskykamen.cz\/en\/wp-json\/wp\/v2\/pages\/856\/revisions\/6388"}],"up":[{"embeddable":true,"href":"https:\/\/www.prazskykamen.cz\/en\/wp-json\/wp\/v2\/pages\/66"}],"wp:attachment":[{"href":"https:\/\/www.prazskykamen.cz\/en\/wp-json\/wp\/v2\/media?parent=856"}],"curies":[{"name":"wp","href":"https:\/\/api.w.org\/{rel}","templated":true}]}}