{"id":805,"date":"2014-12-23T13:18:00","date_gmt":"2014-12-23T12:18:00","guid":{"rendered":"https:\/\/www.prazskykamen.cz\/?page_id=805"},"modified":"2016-01-13T09:49:15","modified_gmt":"2016-01-13T09:49:15","slug":"kuchyne-drezy-a-varne-desky","status":"publish","type":"page","link":"https:\/\/www.prazskykamen.cz\/en\/kamenne-produkty\/kuchyne\/kuchyne-drezy-a-varne-desky\/","title":{"rendered":"Sink and cooking tops"},"content":{"rendered":"<p>[et_pb_section][et_pb_row][et_pb_column type=&#8221;1_2&#8243;][et_pb_text admin_label=&#8221;Text&#8221; background_layout=&#8221;light&#8221; text_orientation=&#8221;left&#8221;]<\/p>\n<h1 style=\"text-align: center\">WORK TOP FOR SINKS AND COOK TOPS<\/h1>\n<p>[\/et_pb_text][et_pb_text admin_label=&#8221;Text&#8221; background_layout=&#8221;light&#8221; text_orientation=&#8221;left&#8221;]<\/p>\n<h2>Sinks<\/h2>\n<p>It is important that each type of sink already counts on a particular type of assembly, &nbsp; it is therefore necessary to work with it already during its selection. The standard variant is similar to the worktops in laminate or wood \u2013 assembly on a slab, the opening in the stone therefore rough, and the edge constituting the sink itself.<\/p>\n<p><strong>Stone slab<\/strong> but allowing bottom assembly, the sink mounted from below under the slab and the edge in the stone worked into the relevant shape. This solution is very effective and mainly practical, simply possible to wipe away any dirt directly into the sink.<\/p>\n<p>Another option is to mount the sink at the level of the slab, the sink edge dropped into the stone and thus not hampering &nbsp; wiping water with the slab surface. The offer of sinks for flush mounting is very small however. The exclusive possibility is the supply <strong>of customized stone sinks <\/strong>, which is formed from an identical material as the slab &nbsp; and the edges are adhesively joined at 45 degrees. Visually therefore, a sink with a slab looks as if made of one piece.<\/p>\n<p>The production and processing of this product, however, requires great precision and accuracy, its price usually exceeding CZK 20,000.<\/p>\n<h2>Cooking top<\/h2>\n<p>Cooking tops are usually mounted on a slab, the opening rough and the cooking top slightly protruding above the slab, similarly as in the basic variant of the opening for the sink. Alternatively, there is the possibility of mounting flush with the surface, while the glass cooking top is precisely dropped into the stone.[\/et_pb_text][\/et_pb_column][et_pb_column type=&#8221;1_2&#8243;][et_pb_slider admin_label=&#8221;Slider&#8221; show_arrows=&#8221;on&#8221; show_pagination=&#8221;on&#8221; auto=&#8221;off&#8221; parallax=&#8221;off&#8221; parallax_method=&#8221;off&#8221; module_class=&#8221;slidersheading&#8221;][et_pb_slide background_image=&#8221;https:\/\/www.prazskykamen.cz\/wp-content\/uploads\/2014\/12\/drezy5.jpg&#8221; background_color=&#8221;#ffffff&#8221; alignment=&#8221;center&#8221; background_layout=&#8221;dark&#8221; \/][et_pb_slide background_image=&#8221;https:\/\/www.prazskykamen.cz\/wp-content\/uploads\/2014\/12\/drezy6.jpg&#8221; background_color=&#8221;#ffffff&#8221; alignment=&#8221;center&#8221; background_layout=&#8221;dark&#8221; \/][et_pb_slide background_image=&#8221;https:\/\/www.prazskykamen.cz\/wp-content\/uploads\/2014\/12\/drezy7.jpg&#8221; background_color=&#8221;#ffffff&#8221; alignment=&#8221;center&#8221; background_layout=&#8221;dark&#8221; \/][et_pb_slide background_image=&#8221;https:\/\/www.prazskykamen.cz\/wp-content\/uploads\/2014\/12\/drezy8.jpg&#8221; background_color=&#8221;#ffffff&#8221; alignment=&#8221;center&#8221; background_layout=&#8221;dark&#8221; \/][et_pb_slide background_image=&#8221;https:\/\/www.prazskykamen.cz\/wp-content\/uploads\/2014\/12\/VARN\u00c1-DESKA-DETAIL2.jpg&#8221; background_color=&#8221;#ffffff&#8221; alignment=&#8221;center&#8221; background_layout=&#8221;dark&#8221; \/][et_pb_slide background_image=&#8221;https:\/\/www.prazskykamen.cz\/wp-content\/uploads\/2014\/12\/drezy11.jpg&#8221; background_color=&#8221;#ffffff&#8221; alignment=&#8221;center&#8221; background_layout=&#8221;dark&#8221; \/][et_pb_slide background_image=&#8221;https:\/\/www.prazskykamen.cz\/wp-content\/uploads\/2014\/12\/lesteny640x480.jpg&#8221; background_color=&#8221;#ffffff&#8221; alignment=&#8221;center&#8221; background_layout=&#8221;dark&#8221; \/][et_pb_slide background_image=&#8221;https:\/\/www.prazskykamen.cz\/wp-content\/uploads\/2014\/12\/antic640x480.jpg&#8221; background_color=&#8221;#ffffff&#8221; alignment=&#8221;center&#8221; background_layout=&#8221;dark&#8221; \/][\/et_pb_slider][et_pb_gallery admin_label=&#8221;Gallery&#8221; gallery_ids=&#8221;1241&#8243; fullwidth=&#8221;on&#8221; posts_number=&#8221;4&#8243; show_title_and_caption=&#8221;on&#8221; show_pagination=&#8221;on&#8221; background_layout=&#8221;light&#8221; \/][\/et_pb_column][\/et_pb_row][et_pb_row][et_pb_column type=&#8221;4_4&#8243;][et_pb_text admin_label=&#8221;Text&#8221; background_layout=&#8221;light&#8221; text_orientation=&#8221;left&#8221;]Stone slabs can also be used in bathrooms. <a href=\"https:\/\/www.prazskykamen.cz\/en\/kamenne-produkty\/koupelny\/koupelny-kamenne-desky\">Sink slabs<\/a>\u00a0 provide superior solutions to bathroom spaces with a long life as well as a high practical and aesthetic value.[\/et_pb_text][\/et_pb_column][\/et_pb_row][\/et_pb_section]<\/p>\n","protected":false},"excerpt":{"rendered":"<p><div class=\"et_pb_section et_pb_section_0 et_section_regular\" >\n\t\t\t\t\n\t\t\t\t\n\t\t\t\t\n\t\t\t\t\n\t\t\t\t\n\t\t\t\t\n\t\t\t\t\n\t\t\t\t\n\t\t\t\t\n\t\t\t<\/div><div class=\"et_pb_row et_pb_row_0 et_pb_row_empty\">\n\t\t\t\t\n\t\t\t\t\n\t\t\t\t\n\t\t\t\t\n\t\t\t\t\n\t\t\t<\/div>WORK TOP FOR SINKS AND COOK TOPSSinks It is important that each type of sink already counts on a particular type of assembly, &nbsp; it is therefore necessary to work with it already during its selection. The standard variant is similar to the worktops in laminate or wood \u2013 assembly on a slab, the opening [&hellip;]<\/p>\n","protected":false},"author":1,"featured_media":0,"parent":64,"menu_order":0,"comment_status":"closed","ping_status":"open","template":"","meta":{"_et_pb_use_builder":"on","_et_pb_old_content":"","_et_gb_content_width":"","footnotes":""},"class_list":["post-805","page","type-page","status-publish","hentry"],"yoast_head":"<!-- This site is optimized with the Yoast SEO plugin v23.7 - https:\/\/yoast.com\/wordpress\/plugins\/seo\/ -->\n<title>Kamenn\u00e9 kuchy\u0148sk\u00e9 desky | Kamenictv\u00ed Pra\u017esk\u00fd k\u00e1men<\/title>\n<meta name=\"description\" content=\"Kamenn\u00e9 kuchy\u0148sk\u00e9 pracovn\u00ed desky s \u00fapravou pro d\u0159ez a varnou desku. Pracovn\u00ed desky do kuchyn\u011b z kamene jsou velmi praktick\u00e9 a z estetick\u00e9ho pohledu skv\u011bl\u00e9.\" \/>\n<meta name=\"robots\" content=\"index, follow, max-snippet:-1, max-image-preview:large, max-video-preview:-1\" \/>\n<link rel=\"canonical\" href=\"https:\/\/www.prazskykamen.cz\/en\/kamenne-produkty\/kuchyne\/kuchyne-drezy-a-varne-desky\/\" \/>\n<meta property=\"og:locale\" content=\"en_GB\" \/>\n<meta property=\"og:type\" content=\"article\" \/>\n<meta property=\"og:title\" content=\"Kamenn\u00e9 kuchy\u0148sk\u00e9 desky | Kamenictv\u00ed Pra\u017esk\u00fd k\u00e1men\" \/>\n<meta property=\"og:description\" content=\"Kamenn\u00e9 kuchy\u0148sk\u00e9 pracovn\u00ed desky s \u00fapravou pro d\u0159ez a varnou desku. Pracovn\u00ed desky do kuchyn\u011b z kamene jsou velmi praktick\u00e9 a z estetick\u00e9ho pohledu skv\u011bl\u00e9.\" \/>\n<meta property=\"og:url\" content=\"https:\/\/www.prazskykamen.cz\/en\/kamenne-produkty\/kuchyne\/kuchyne-drezy-a-varne-desky\/\" \/>\n<meta property=\"og:site_name\" content=\"Prague Stone\" \/>\n<meta property=\"article:modified_time\" content=\"2016-01-13T09:49:15+00:00\" \/>\n<meta name=\"twitter:card\" content=\"summary_large_image\" \/>\n<meta name=\"twitter:label1\" content=\"Estimated reading time\" \/>\n\t<meta name=\"twitter:data1\" content=\"3 minutes\" \/>\n<script type=\"application\/ld+json\" class=\"yoast-schema-graph\">{\"@context\":\"https:\/\/schema.org\",\"@graph\":[{\"@type\":\"WebPage\",\"@id\":\"https:\/\/www.prazskykamen.cz\/en\/kamenne-produkty\/kuchyne\/kuchyne-drezy-a-varne-desky\/\",\"url\":\"https:\/\/www.prazskykamen.cz\/en\/kamenne-produkty\/kuchyne\/kuchyne-drezy-a-varne-desky\/\",\"name\":\"Kamenn\u00e9 kuchy\u0148sk\u00e9 desky | Kamenictv\u00ed Pra\u017esk\u00fd k\u00e1men\",\"isPartOf\":{\"@id\":\"https:\/\/www.prazskykamen.cz\/en\/#website\"},\"datePublished\":\"2014-12-23T12:18:00+00:00\",\"dateModified\":\"2016-01-13T09:49:15+00:00\",\"description\":\"Kamenn\u00e9 kuchy\u0148sk\u00e9 pracovn\u00ed desky s \u00fapravou pro d\u0159ez a varnou desku. Pracovn\u00ed desky do kuchyn\u011b z kamene jsou velmi praktick\u00e9 a z estetick\u00e9ho pohledu skv\u011bl\u00e9.\",\"breadcrumb\":{\"@id\":\"https:\/\/www.prazskykamen.cz\/en\/kamenne-produkty\/kuchyne\/kuchyne-drezy-a-varne-desky\/#breadcrumb\"},\"inLanguage\":\"en-GB\",\"potentialAction\":[{\"@type\":\"ReadAction\",\"target\":[\"https:\/\/www.prazskykamen.cz\/en\/kamenne-produkty\/kuchyne\/kuchyne-drezy-a-varne-desky\/\"]}]},{\"@type\":\"BreadcrumbList\",\"@id\":\"https:\/\/www.prazskykamen.cz\/en\/kamenne-produkty\/kuchyne\/kuchyne-drezy-a-varne-desky\/#breadcrumb\",\"itemListElement\":[{\"@type\":\"ListItem\",\"position\":1,\"name\":\"Dom\u016f\",\"item\":\"https:\/\/www.prazskykamen.cz\/en\/\"},{\"@type\":\"ListItem\",\"position\":2,\"name\":\"STONE PRODUCTS\",\"item\":\"https:\/\/www.prazskykamen.cz\/en\/kamenne-produkty\/\"},{\"@type\":\"ListItem\",\"position\":3,\"name\":\"KITCHEN\",\"item\":\"https:\/\/www.prazskykamen.cz\/en\/kamenne-produkty\/kuchyne\/\"},{\"@type\":\"ListItem\",\"position\":4,\"name\":\"Sink and cooking tops\"}]},{\"@type\":\"WebSite\",\"@id\":\"https:\/\/www.prazskykamen.cz\/en\/#website\",\"url\":\"https:\/\/www.prazskykamen.cz\/en\/\",\"name\":\"Prague Stone\",\"description\":\"Dal\u0161\u00ed nov\u00fd web v r\u00e1mci s\u00edt\u011b Pra\u017esk\u00fd k\u00e1men Sites\",\"potentialAction\":[{\"@type\":\"SearchAction\",\"target\":{\"@type\":\"EntryPoint\",\"urlTemplate\":\"https:\/\/www.prazskykamen.cz\/en\/?s={search_term_string}\"},\"query-input\":{\"@type\":\"PropertyValueSpecification\",\"valueRequired\":true,\"valueName\":\"search_term_string\"}}],\"inLanguage\":\"en-GB\"}]}<\/script>\n<!-- \/ Yoast SEO plugin. -->","yoast_head_json":{"title":"Kamenn\u00e9 kuchy\u0148sk\u00e9 desky | Kamenictv\u00ed Pra\u017esk\u00fd k\u00e1men","description":"Kamenn\u00e9 kuchy\u0148sk\u00e9 pracovn\u00ed desky s \u00fapravou pro d\u0159ez a varnou desku. Pracovn\u00ed desky do kuchyn\u011b z kamene jsou velmi praktick\u00e9 a z estetick\u00e9ho pohledu skv\u011bl\u00e9.","robots":{"index":"index","follow":"follow","max-snippet":"max-snippet:-1","max-image-preview":"max-image-preview:large","max-video-preview":"max-video-preview:-1"},"canonical":"https:\/\/www.prazskykamen.cz\/en\/kamenne-produkty\/kuchyne\/kuchyne-drezy-a-varne-desky\/","og_locale":"en_GB","og_type":"article","og_title":"Kamenn\u00e9 kuchy\u0148sk\u00e9 desky | Kamenictv\u00ed Pra\u017esk\u00fd k\u00e1men","og_description":"Kamenn\u00e9 kuchy\u0148sk\u00e9 pracovn\u00ed desky s \u00fapravou pro d\u0159ez a varnou desku. Pracovn\u00ed desky do kuchyn\u011b z kamene jsou velmi praktick\u00e9 a z estetick\u00e9ho pohledu skv\u011bl\u00e9.","og_url":"https:\/\/www.prazskykamen.cz\/en\/kamenne-produkty\/kuchyne\/kuchyne-drezy-a-varne-desky\/","og_site_name":"Prague Stone","article_modified_time":"2016-01-13T09:49:15+00:00","twitter_card":"summary_large_image","twitter_misc":{"Estimated reading time":"3 minutes"},"schema":{"@context":"https:\/\/schema.org","@graph":[{"@type":"WebPage","@id":"https:\/\/www.prazskykamen.cz\/en\/kamenne-produkty\/kuchyne\/kuchyne-drezy-a-varne-desky\/","url":"https:\/\/www.prazskykamen.cz\/en\/kamenne-produkty\/kuchyne\/kuchyne-drezy-a-varne-desky\/","name":"Kamenn\u00e9 kuchy\u0148sk\u00e9 desky | Kamenictv\u00ed Pra\u017esk\u00fd k\u00e1men","isPartOf":{"@id":"https:\/\/www.prazskykamen.cz\/en\/#website"},"datePublished":"2014-12-23T12:18:00+00:00","dateModified":"2016-01-13T09:49:15+00:00","description":"Kamenn\u00e9 kuchy\u0148sk\u00e9 pracovn\u00ed desky s \u00fapravou pro d\u0159ez a varnou desku. Pracovn\u00ed desky do kuchyn\u011b z kamene jsou velmi praktick\u00e9 a z estetick\u00e9ho pohledu skv\u011bl\u00e9.","breadcrumb":{"@id":"https:\/\/www.prazskykamen.cz\/en\/kamenne-produkty\/kuchyne\/kuchyne-drezy-a-varne-desky\/#breadcrumb"},"inLanguage":"en-GB","potentialAction":[{"@type":"ReadAction","target":["https:\/\/www.prazskykamen.cz\/en\/kamenne-produkty\/kuchyne\/kuchyne-drezy-a-varne-desky\/"]}]},{"@type":"BreadcrumbList","@id":"https:\/\/www.prazskykamen.cz\/en\/kamenne-produkty\/kuchyne\/kuchyne-drezy-a-varne-desky\/#breadcrumb","itemListElement":[{"@type":"ListItem","position":1,"name":"Dom\u016f","item":"https:\/\/www.prazskykamen.cz\/en\/"},{"@type":"ListItem","position":2,"name":"STONE PRODUCTS","item":"https:\/\/www.prazskykamen.cz\/en\/kamenne-produkty\/"},{"@type":"ListItem","position":3,"name":"KITCHEN","item":"https:\/\/www.prazskykamen.cz\/en\/kamenne-produkty\/kuchyne\/"},{"@type":"ListItem","position":4,"name":"Sink and cooking tops"}]},{"@type":"WebSite","@id":"https:\/\/www.prazskykamen.cz\/en\/#website","url":"https:\/\/www.prazskykamen.cz\/en\/","name":"Prague Stone","description":"Dal\u0161\u00ed nov\u00fd web v r\u00e1mci s\u00edt\u011b Pra\u017esk\u00fd k\u00e1men Sites","potentialAction":[{"@type":"SearchAction","target":{"@type":"EntryPoint","urlTemplate":"https:\/\/www.prazskykamen.cz\/en\/?s={search_term_string}"},"query-input":{"@type":"PropertyValueSpecification","valueRequired":true,"valueName":"search_term_string"}}],"inLanguage":"en-GB"}]}},"_links":{"self":[{"href":"https:\/\/www.prazskykamen.cz\/en\/wp-json\/wp\/v2\/pages\/805","targetHints":{"allow":["GET"]}}],"collection":[{"href":"https:\/\/www.prazskykamen.cz\/en\/wp-json\/wp\/v2\/pages"}],"about":[{"href":"https:\/\/www.prazskykamen.cz\/en\/wp-json\/wp\/v2\/types\/page"}],"author":[{"embeddable":true,"href":"https:\/\/www.prazskykamen.cz\/en\/wp-json\/wp\/v2\/users\/1"}],"replies":[{"embeddable":true,"href":"https:\/\/www.prazskykamen.cz\/en\/wp-json\/wp\/v2\/comments?post=805"}],"version-history":[{"count":6,"href":"https:\/\/www.prazskykamen.cz\/en\/wp-json\/wp\/v2\/pages\/805\/revisions"}],"predecessor-version":[{"id":6659,"href":"https:\/\/www.prazskykamen.cz\/en\/wp-json\/wp\/v2\/pages\/805\/revisions\/6659"}],"up":[{"embeddable":true,"href":"https:\/\/www.prazskykamen.cz\/en\/wp-json\/wp\/v2\/pages\/64"}],"wp:attachment":[{"href":"https:\/\/www.prazskykamen.cz\/en\/wp-json\/wp\/v2\/media?parent=805"}],"curies":[{"name":"wp","href":"https:\/\/api.w.org\/{rel}","templated":true}]}}