{"id":70,"date":"2014-11-14T11:53:26","date_gmt":"2014-11-14T10:53:26","guid":{"rendered":"https:\/\/www.prazskykamen.cz\/?page_id=70"},"modified":"2020-05-27T07:44:04","modified_gmt":"2020-05-27T07:44:04","slug":"kamenne-parapety","status":"publish","type":"page","link":"https:\/\/www.prazskykamen.cz\/en\/kamenne-produkty\/kamenne-parapety\/","title":{"rendered":"STONE PARAPETS"},"content":{"rendered":"<p>[et_pb_section fb_built=&#8221;1&#8243; _builder_version=&#8221;3.22&#8243;][et_pb_row _builder_version=&#8221;3.25&#8243; background_size=&#8221;initial&#8221; background_position=&#8221;top_left&#8221; background_repeat=&#8221;repeat&#8221; column_structure=&#8221;1_2,1_2&#8243;][et_pb_column type=&#8221;1_2&#8243; _builder_version=&#8221;3.25&#8243; custom_padding=&#8221;|||&#8221; custom_padding__hover=&#8221;|||&#8221;][et_pb_text admin_label=&#8221;Text&#8221; _builder_version=&#8221;3.27.4&#8243; background_size=&#8221;initial&#8221; background_position=&#8221;top_left&#8221; background_repeat=&#8221;repeat&#8221;]<\/p>\n<h1>STONE PARAPETS<\/h1>\n<p> Stone parapets are practical in terms of maintenance and offers a durable and functional solution. Parapets are made from customized slab materials. <\/p>\n<p> In their <strong> unmistakable designing <\/strong> stone parapets are suitable for use also for indoors and as an integral part of the overall concept of troom furnishing. Thanks to its durability and resistance its also used for exteriors. You can choose from materials such as <a href=\"https:\/\/www.prazskykamen.cz\/en\/materialy\/materialy-zula\">granite<\/a>, <a href=\"https:\/\/www.prazskykamen.cz\/en\/materialy\/materialy-mramor\">marble,<\/a>, ale i <a href=\"https:\/\/www.prazskykamen.cz\/en\/materialy\/materialy-piskovec\">and sandstone<\/a>. For a visual increase of thickness we offer several types of edges with sub-bonding.<\/p>\n<p><img loading=\"lazy\" decoding=\"async\" class=\"alignnone wp-image-1279 size-full\" src=\"https:\/\/www.prazskykamen.cz\/wp-content\/uploads\/2014\/11\/parapety-schema.jpg\" alt=\"parapety kamenn\u00e9\" height=\"352\" width=\"1082\" srcset=\"https:\/\/www.prazskykamen.cz\/en\/wp-content\/uploads\/sites\/2\/2014\/11\/parapety-schema.jpg 1082w, https:\/\/www.prazskykamen.cz\/en\/wp-content\/uploads\/sites\/2\/2014\/11\/parapety-schema-300x98.jpg 300w, https:\/\/www.prazskykamen.cz\/en\/wp-content\/uploads\/sites\/2\/2014\/11\/parapety-schema-1024x333.jpg 1024w, https:\/\/www.prazskykamen.cz\/en\/wp-content\/uploads\/sites\/2\/2014\/11\/parapety-schema-1080x351.jpg 1080w\" sizes=\"auto, (max-width: 1082px) 100vw, 1082px\" \/><\/p>\n<p>[\/et_pb_text][\/et_pb_column][et_pb_column type=&#8221;1_2&#8243; _builder_version=&#8221;3.25&#8243; custom_padding=&#8221;|||&#8221; custom_padding__hover=&#8221;|||&#8221;][et_pb_text admin_label=&#8221;Text&#8221; _builder_version=&#8221;4.4.4&#8243; background_size=&#8221;initial&#8221; background_position=&#8221;top_left&#8221; background_repeat=&#8221;repeat&#8221; hover_enabled=&#8221;0&#8243;]<\/p>\n<p><a href=\"http:\/\/www.prazskykamen.cz\/en\/wp-content\/uploads\/sites\/2\/2020\/05\/parapet.jpeg\"><img loading=\"lazy\" decoding=\"async\" class=\"alignnone wp-image-8259 size-full\" src=\"http:\/\/www.prazskykamen.cz\/en\/wp-content\/uploads\/sites\/2\/2020\/05\/parapet.jpeg\" alt=\"\" width=\"520\" height=\"390\" srcset=\"http:\/\/www.prazskykamen.cz\/en\/wp-content\/uploads\/sites\/2\/2020\/05\/parapet.jpeg 520w, http:\/\/www.prazskykamen.cz\/en\/wp-content\/uploads\/sites\/2\/2020\/05\/parapet-480x360.jpeg 480w\" sizes=\"auto, (min-width: 0px) and (max-width: 480px) 480px, (min-width: 481px) 520px, 100vw\" \/><\/a><\/p>\n<p>[\/et_pb_text][\/et_pb_column][\/et_pb_row][et_pb_row _builder_version=&#8221;3.25&#8243; background_size=&#8221;initial&#8221; background_position=&#8221;top_left&#8221; background_repeat=&#8221;repeat&#8221;][et_pb_column type=&#8221;4_4&#8243; _builder_version=&#8221;3.25&#8243; custom_padding=&#8221;|||&#8221; custom_padding__hover=&#8221;|||&#8221;][et_pb_text admin_label=&#8221;Text&#8221; _builder_version=&#8221;3.27.4&#8243; background_size=&#8221;initial&#8221; background_position=&#8221;top_left&#8221; background_repeat=&#8221;repeat&#8221;]<\/p>\n<div class=\"rozcest-7\"><a href=\"https:\/\/www.prazskykamen.cz\/en\/kamenne-produkty\/parapety\/parapety-vzorova-kalkulace\"><img loading=\"lazy\" decoding=\"async\" class=\"wp-image-913 size-thumbnail\" src=\"https:\/\/www.prazskykamen.cz\/wp-content\/uploads\/2014\/11\/parapetvzorkalk-150x150.jpg\" alt=\"kamenn\u00fd parapet\" width=\"150\" height=\"150\"> Sample calculations<\/a><\/div>\n<div class=\"rozcest-7 vybranerealizace\"><a href=\"https:\/\/www.prazskykamen.cz\/en\/kamenne-produkty\/parapety\/parapety-vybrane-realizace\"><img loading=\"lazy\" decoding=\"async\" class=\"alignnone wp-image-1061 size-thumbnail\" src=\"https:\/\/www.prazskykamen.cz\/wp-content\/uploads\/2014\/11\/parapet-gal2-150x150.jpg\" alt=\"kamenn\u00e9 parapety realizace\" width=\"150\" height=\"150\">Selected projects<\/a><\/div>\n<p>[\/et_pb_text][\/et_pb_column][\/et_pb_row][\/et_pb_section]<\/p>\n","protected":false},"excerpt":{"rendered":"<p>STONE PARAPETS Stone parapets are practical in terms of maintenance and offers a durable and functional solution. Parapets are made from customized slab materials. In their unmistakable designing stone parapets are suitable for use also for indoors and as an integral part of the overall concept of troom furnishing. Thanks to its durability and resistance [&hellip;]<\/p>\n","protected":false},"author":1,"featured_media":0,"parent":42,"menu_order":5,"comment_status":"open","ping_status":"closed","template":"","meta":{"_et_pb_use_builder":"on","_et_pb_old_content":"","_et_gb_content_width":"","footnotes":""},"class_list":["post-70","page","type-page","status-publish","hentry"],"yoast_head":"<!-- This site is optimized with the Yoast SEO plugin v23.7 - https:\/\/yoast.com\/wordpress\/plugins\/seo\/ -->\n<title>Kamenn\u00e9 parapety | Kamenictv\u00ed Pra\u017esk\u00fd k\u00e1men<\/title>\n<meta name=\"description\" content=\"Kamenn\u00e9 parapety jsou velmi odoln\u00fdm a estetick\u00fdm materi\u00e1lem bez ohledu zda jej pou\u017eijete pro venkovn\u00ed parapety nebo vnit\u0159n\u00ed parapety. V\u0161e v super kvalit\u011b.\" \/>\n<meta name=\"robots\" content=\"index, follow, max-snippet:-1, max-image-preview:large, max-video-preview:-1\" \/>\n<link rel=\"canonical\" href=\"https:\/\/www.prazskykamen.cz\/en\/kamenne-produkty\/kamenne-parapety\/\" \/>\n<meta property=\"og:locale\" content=\"en_GB\" \/>\n<meta property=\"og:type\" content=\"article\" \/>\n<meta property=\"og:title\" content=\"Kamenn\u00e9 parapety | Kamenictv\u00ed Pra\u017esk\u00fd k\u00e1men\" \/>\n<meta property=\"og:description\" content=\"Kamenn\u00e9 parapety jsou velmi odoln\u00fdm a estetick\u00fdm materi\u00e1lem bez ohledu zda jej pou\u017eijete pro venkovn\u00ed parapety nebo vnit\u0159n\u00ed parapety. V\u0161e v super kvalit\u011b.\" \/>\n<meta property=\"og:url\" content=\"https:\/\/www.prazskykamen.cz\/en\/kamenne-produkty\/kamenne-parapety\/\" \/>\n<meta property=\"og:site_name\" content=\"Prague Stone\" \/>\n<meta property=\"article:modified_time\" content=\"2020-05-27T07:44:04+00:00\" \/>\n<meta property=\"og:image\" content=\"https:\/\/www.prazskykamen.cz\/wp-content\/uploads\/2014\/11\/parapety-schema.jpg\" \/>\n<meta name=\"twitter:card\" content=\"summary_large_image\" \/>\n<meta name=\"twitter:label1\" content=\"Estimated reading time\" \/>\n\t<meta name=\"twitter:data1\" content=\"1 minute\" \/>\n<script type=\"application\/ld+json\" class=\"yoast-schema-graph\">{\"@context\":\"https:\/\/schema.org\",\"@graph\":[{\"@type\":\"WebPage\",\"@id\":\"https:\/\/www.prazskykamen.cz\/en\/kamenne-produkty\/kamenne-parapety\/\",\"url\":\"https:\/\/www.prazskykamen.cz\/en\/kamenne-produkty\/kamenne-parapety\/\",\"name\":\"Kamenn\u00e9 parapety | Kamenictv\u00ed Pra\u017esk\u00fd k\u00e1men\",\"isPartOf\":{\"@id\":\"https:\/\/www.prazskykamen.cz\/en\/#website\"},\"primaryImageOfPage\":{\"@id\":\"https:\/\/www.prazskykamen.cz\/en\/kamenne-produkty\/kamenne-parapety\/#primaryimage\"},\"image\":{\"@id\":\"https:\/\/www.prazskykamen.cz\/en\/kamenne-produkty\/kamenne-parapety\/#primaryimage\"},\"thumbnailUrl\":\"https:\/\/www.prazskykamen.cz\/wp-content\/uploads\/2014\/11\/parapety-schema.jpg\",\"datePublished\":\"2014-11-14T10:53:26+00:00\",\"dateModified\":\"2020-05-27T07:44:04+00:00\",\"description\":\"Kamenn\u00e9 parapety jsou velmi odoln\u00fdm a estetick\u00fdm materi\u00e1lem bez ohledu zda jej pou\u017eijete pro venkovn\u00ed parapety nebo vnit\u0159n\u00ed parapety. V\u0161e v super kvalit\u011b.\",\"breadcrumb\":{\"@id\":\"https:\/\/www.prazskykamen.cz\/en\/kamenne-produkty\/kamenne-parapety\/#breadcrumb\"},\"inLanguage\":\"en-GB\",\"potentialAction\":[{\"@type\":\"ReadAction\",\"target\":[\"https:\/\/www.prazskykamen.cz\/en\/kamenne-produkty\/kamenne-parapety\/\"]}]},{\"@type\":\"ImageObject\",\"inLanguage\":\"en-GB\",\"@id\":\"https:\/\/www.prazskykamen.cz\/en\/kamenne-produkty\/kamenne-parapety\/#primaryimage\",\"url\":\"https:\/\/www.prazskykamen.cz\/wp-content\/uploads\/2014\/11\/parapety-schema.jpg\",\"contentUrl\":\"https:\/\/www.prazskykamen.cz\/wp-content\/uploads\/2014\/11\/parapety-schema.jpg\"},{\"@type\":\"BreadcrumbList\",\"@id\":\"https:\/\/www.prazskykamen.cz\/en\/kamenne-produkty\/kamenne-parapety\/#breadcrumb\",\"itemListElement\":[{\"@type\":\"ListItem\",\"position\":1,\"name\":\"Dom\u016f\",\"item\":\"https:\/\/www.prazskykamen.cz\/en\/\"},{\"@type\":\"ListItem\",\"position\":2,\"name\":\"STONE PRODUCTS\",\"item\":\"https:\/\/www.prazskykamen.cz\/en\/kamenne-produkty\/\"},{\"@type\":\"ListItem\",\"position\":3,\"name\":\"STONE PARAPETS\"}]},{\"@type\":\"WebSite\",\"@id\":\"https:\/\/www.prazskykamen.cz\/en\/#website\",\"url\":\"https:\/\/www.prazskykamen.cz\/en\/\",\"name\":\"Prague Stone\",\"description\":\"Dal\u0161\u00ed nov\u00fd web v r\u00e1mci s\u00edt\u011b Pra\u017esk\u00fd k\u00e1men Sites\",\"potentialAction\":[{\"@type\":\"SearchAction\",\"target\":{\"@type\":\"EntryPoint\",\"urlTemplate\":\"https:\/\/www.prazskykamen.cz\/en\/?s={search_term_string}\"},\"query-input\":{\"@type\":\"PropertyValueSpecification\",\"valueRequired\":true,\"valueName\":\"search_term_string\"}}],\"inLanguage\":\"en-GB\"}]}<\/script>\n<!-- \/ Yoast SEO plugin. -->","yoast_head_json":{"title":"Kamenn\u00e9 parapety | Kamenictv\u00ed Pra\u017esk\u00fd k\u00e1men","description":"Kamenn\u00e9 parapety jsou velmi odoln\u00fdm a estetick\u00fdm materi\u00e1lem bez ohledu zda jej pou\u017eijete pro venkovn\u00ed parapety nebo vnit\u0159n\u00ed parapety. V\u0161e v super kvalit\u011b.","robots":{"index":"index","follow":"follow","max-snippet":"max-snippet:-1","max-image-preview":"max-image-preview:large","max-video-preview":"max-video-preview:-1"},"canonical":"https:\/\/www.prazskykamen.cz\/en\/kamenne-produkty\/kamenne-parapety\/","og_locale":"en_GB","og_type":"article","og_title":"Kamenn\u00e9 parapety | Kamenictv\u00ed Pra\u017esk\u00fd k\u00e1men","og_description":"Kamenn\u00e9 parapety jsou velmi odoln\u00fdm a estetick\u00fdm materi\u00e1lem bez ohledu zda jej pou\u017eijete pro venkovn\u00ed parapety nebo vnit\u0159n\u00ed parapety. V\u0161e v super kvalit\u011b.","og_url":"https:\/\/www.prazskykamen.cz\/en\/kamenne-produkty\/kamenne-parapety\/","og_site_name":"Prague Stone","article_modified_time":"2020-05-27T07:44:04+00:00","og_image":[{"url":"https:\/\/www.prazskykamen.cz\/wp-content\/uploads\/2014\/11\/parapety-schema.jpg"}],"twitter_card":"summary_large_image","twitter_misc":{"Estimated reading time":"1 minute"},"schema":{"@context":"https:\/\/schema.org","@graph":[{"@type":"WebPage","@id":"https:\/\/www.prazskykamen.cz\/en\/kamenne-produkty\/kamenne-parapety\/","url":"https:\/\/www.prazskykamen.cz\/en\/kamenne-produkty\/kamenne-parapety\/","name":"Kamenn\u00e9 parapety | Kamenictv\u00ed Pra\u017esk\u00fd k\u00e1men","isPartOf":{"@id":"https:\/\/www.prazskykamen.cz\/en\/#website"},"primaryImageOfPage":{"@id":"https:\/\/www.prazskykamen.cz\/en\/kamenne-produkty\/kamenne-parapety\/#primaryimage"},"image":{"@id":"https:\/\/www.prazskykamen.cz\/en\/kamenne-produkty\/kamenne-parapety\/#primaryimage"},"thumbnailUrl":"https:\/\/www.prazskykamen.cz\/wp-content\/uploads\/2014\/11\/parapety-schema.jpg","datePublished":"2014-11-14T10:53:26+00:00","dateModified":"2020-05-27T07:44:04+00:00","description":"Kamenn\u00e9 parapety jsou velmi odoln\u00fdm a estetick\u00fdm materi\u00e1lem bez ohledu zda jej pou\u017eijete pro venkovn\u00ed parapety nebo vnit\u0159n\u00ed parapety. V\u0161e v super kvalit\u011b.","breadcrumb":{"@id":"https:\/\/www.prazskykamen.cz\/en\/kamenne-produkty\/kamenne-parapety\/#breadcrumb"},"inLanguage":"en-GB","potentialAction":[{"@type":"ReadAction","target":["https:\/\/www.prazskykamen.cz\/en\/kamenne-produkty\/kamenne-parapety\/"]}]},{"@type":"ImageObject","inLanguage":"en-GB","@id":"https:\/\/www.prazskykamen.cz\/en\/kamenne-produkty\/kamenne-parapety\/#primaryimage","url":"https:\/\/www.prazskykamen.cz\/wp-content\/uploads\/2014\/11\/parapety-schema.jpg","contentUrl":"https:\/\/www.prazskykamen.cz\/wp-content\/uploads\/2014\/11\/parapety-schema.jpg"},{"@type":"BreadcrumbList","@id":"https:\/\/www.prazskykamen.cz\/en\/kamenne-produkty\/kamenne-parapety\/#breadcrumb","itemListElement":[{"@type":"ListItem","position":1,"name":"Dom\u016f","item":"https:\/\/www.prazskykamen.cz\/en\/"},{"@type":"ListItem","position":2,"name":"STONE PRODUCTS","item":"https:\/\/www.prazskykamen.cz\/en\/kamenne-produkty\/"},{"@type":"ListItem","position":3,"name":"STONE PARAPETS"}]},{"@type":"WebSite","@id":"https:\/\/www.prazskykamen.cz\/en\/#website","url":"https:\/\/www.prazskykamen.cz\/en\/","name":"Prague Stone","description":"Dal\u0161\u00ed nov\u00fd web v r\u00e1mci s\u00edt\u011b Pra\u017esk\u00fd k\u00e1men Sites","potentialAction":[{"@type":"SearchAction","target":{"@type":"EntryPoint","urlTemplate":"https:\/\/www.prazskykamen.cz\/en\/?s={search_term_string}"},"query-input":{"@type":"PropertyValueSpecification","valueRequired":true,"valueName":"search_term_string"}}],"inLanguage":"en-GB"}]}},"_links":{"self":[{"href":"https:\/\/www.prazskykamen.cz\/en\/wp-json\/wp\/v2\/pages\/70","targetHints":{"allow":["GET"]}}],"collection":[{"href":"https:\/\/www.prazskykamen.cz\/en\/wp-json\/wp\/v2\/pages"}],"about":[{"href":"https:\/\/www.prazskykamen.cz\/en\/wp-json\/wp\/v2\/types\/page"}],"author":[{"embeddable":true,"href":"https:\/\/www.prazskykamen.cz\/en\/wp-json\/wp\/v2\/users\/1"}],"replies":[{"embeddable":true,"href":"https:\/\/www.prazskykamen.cz\/en\/wp-json\/wp\/v2\/comments?post=70"}],"version-history":[{"count":4,"href":"https:\/\/www.prazskykamen.cz\/en\/wp-json\/wp\/v2\/pages\/70\/revisions"}],"predecessor-version":[{"id":8260,"href":"https:\/\/www.prazskykamen.cz\/en\/wp-json\/wp\/v2\/pages\/70\/revisions\/8260"}],"up":[{"embeddable":true,"href":"https:\/\/www.prazskykamen.cz\/en\/wp-json\/wp\/v2\/pages\/42"}],"wp:attachment":[{"href":"https:\/\/www.prazskykamen.cz\/en\/wp-json\/wp\/v2\/media?parent=70"}],"curies":[{"name":"wp","href":"https:\/\/api.w.org\/{rel}","templated":true}]}}