{"id":68,"date":"2014-11-14T11:53:05","date_gmt":"2014-11-14T10:53:05","guid":{"rendered":"https:\/\/www.prazskykamen.cz\/?page_id=68"},"modified":"2016-01-07T12:09:53","modified_gmt":"2016-01-07T12:09:53","slug":"oblozeni-krbu-krbove-rimsy","status":"publish","type":"page","link":"https:\/\/www.prazskykamen.cz\/en\/kamenne-produkty\/oblozeni-krbu-krbove-rimsy\/","title":{"rendered":"FIREPLACE"},"content":{"rendered":"<p>[et_pb_section][et_pb_row][et_pb_column type=&#8221;1_2&#8243;][et_pb_text admin_label=&#8221;Text&#8221; background_layout=&#8221;light&#8221; text_orientation=&#8221;left&#8221;]<\/p>\n<h1>FIREPLACE CLADDING and FIREPLACE MANTELS<\/h1>\n<p>In our offer, of course, there are also fireplace mantels and fireplace cladding. An open or closed fireplace has become a popular part of our homes over time. It serves not only as a source of heating, but also provides an aesthetic complement and the visual pleasure of vivid flames. If you decide to install a fireplace, we recommend that you connect with reputable and experienced suppliers of fireplace components and assemblies &#8211; Krby Janovsk\u00fd. Our company provides only stone components such as stone benches, fireplace mantels, fireplace cladding, etc. You can also choose from all kinds of finished tiles, solid masonry, sandstone, and also require the customized cutting of all kinds of marble and\u00a0<a href=\"https:\/\/www.prazskykamen.cz\/en\/materialy\/materialy-zuly\">granitey<\/a>. For the exact price <strong>fireplace mantels<\/strong>, of fireplace cladding or a bench we recommend contacting or visiting our establishment, where our \u00a0 experts advise you on the most suitable material. In case of any specific need please fill in our\u00a0<a href=\"https:\/\/www.prazskykamen.cz\/en\/poptavka-ostatni\">inquiry\u00a0 form<\/a>. The design implementation of the fireplace cladding has thousands of variations, depending on the type of material, structure and construction solution.\u00a0<a href=\"https:\/\/www.prazskykamen.cz\/en\/materialy\/materialy-marble\">Marble<\/a>, granite or\u00a0<a href=\"https:\/\/www.prazskykamen.cz\/en\/materialy\/materialy-piskovec\">Sandstone<\/a>\u00a0 can thus be used for the construction of modern, rustic, classic, historic, outdoor and spirituous fireplaces.<\/p>\n<p>[\/et_pb_text][\/et_pb_column][et_pb_column type=&#8221;1_2&#8243;][et_pb_text admin_label=&#8221;Text&#8221; background_layout=&#8221;light&#8221; text_orientation=&#8221;left&#8221;]<\/p>\n<p><img loading=\"lazy\" decoding=\"async\" class=\"alignnone size-full wp-image-890\" src=\"https:\/\/www.prazskykamen.cz\/wp-content\/uploads\/2014\/11\/KRB-title.jpg\" alt=\"obklady krb\u016f krbov\u00e9 \u0159\u00edmsy\" width=\"520\" height=\"390\" srcset=\"https:\/\/www.prazskykamen.cz\/en\/wp-content\/uploads\/sites\/2\/2014\/11\/KRB-title.jpg 520w, https:\/\/www.prazskykamen.cz\/en\/wp-content\/uploads\/sites\/2\/2014\/11\/KRB-title-300x225.jpg 300w\" sizes=\"auto, (max-width: 520px) 100vw, 520px\" \/><\/p>\n<p>[\/et_pb_text][\/et_pb_column][\/et_pb_row][et_pb_row][et_pb_column type=&#8221;4_4&#8243;][et_pb_text admin_label=&#8221;Text&#8221; background_layout=&#8221;light&#8221; text_orientation=&#8221;left&#8221;]<\/p>\n<div class=\"rozcest-7\"><a href=\"https:\/\/www.prazskykamen.cz\/en\/kamenne-produkty\/krby\/krby-vzorova-kalkulace\"><img loading=\"lazy\" decoding=\"async\" class=\"alignnone wp-image-1099 size-thumbnail\" src=\"https:\/\/www.prazskykamen.cz\/wp-content\/uploads\/2014\/11\/krb-vzor-kalku-150x150.jpg\" alt=\"\" width=\"150\" height=\"150\" \/><\/a> <a href=\"https:\/\/www.prazskykamen.cz\/en\/kamenne-produkty\/krby\/krby-vzorova-kalkulace\">Sample calculation<\/a><\/div>\n<div class=\"rozcest-7 vybranerealizace\"><a href=\"https:\/\/www.prazskykamen.cz\/en\/kamenne-produkty\/krby\/krby-vybrane-realizace\"><img loading=\"lazy\" decoding=\"async\" src=\"https:\/\/www.prazskykamen.cz\/wp-content\/uploads\/2014\/11\/krb-gal2-150x150.jpg\" alt=\"\" width=\"150\" height=\"150\" \/>Selected projects<\/a><\/div>\n<p>[\/et_pb_text][\/et_pb_column][\/et_pb_row][\/et_pb_section]<\/p>\n","protected":false},"excerpt":{"rendered":"<p><div class=\"et_pb_section et_pb_section_0 et_section_regular\" >\n\t\t\t\t\n\t\t\t\t\n\t\t\t\t\n\t\t\t\t\n\t\t\t\t\n\t\t\t\t\n\t\t\t\t\n\t\t\t\t\n\t\t\t\t\n\t\t\t<\/div><div class=\"et_pb_row et_pb_row_0 et_pb_row_empty\">\n\t\t\t\t\n\t\t\t\t\n\t\t\t\t\n\t\t\t\t\n\t\t\t\t\n\t\t\t<\/div> FIREPLACE CLADDING and FIREPLACE MANTELS In our offer, of course, there are also fireplace mantels and fireplace cladding. An open or closed fireplace has become a popular part of our homes over time. It serves not only as a source of heating, but also provides an aesthetic complement and the visual pleasure of vivid [&hellip;]<\/p>\n","protected":false},"author":1,"featured_media":0,"parent":42,"menu_order":4,"comment_status":"open","ping_status":"closed","template":"","meta":{"_et_pb_use_builder":"on","_et_pb_old_content":"","_et_gb_content_width":"","footnotes":""},"class_list":["post-68","page","type-page","status-publish","hentry"],"yoast_head":"<!-- This site is optimized with the Yoast SEO plugin v23.7 - https:\/\/yoast.com\/wordpress\/plugins\/seo\/ -->\n<title>Kamenn\u00e9 oblo\u017een\u00ed krb\u016f a krbov\u00e9 \u0159\u00edmsy | Pra\u017esk\u00fd k\u00e1men<\/title>\n<meta name=\"description\" content=\"Kamenn\u00e9 oblo\u017een\u00ed krb\u016f a kamenn\u00e9 krbov\u00e9 \u0159\u00edmsy od kamenictv\u00ed Pra\u017esk\u00fd k\u00e1men, vyberte si z nab\u00eddky, nebo n\u00e1s kontaktujte. Vytvo\u0159\u00edme v\u00e1m nab\u00eddku p\u0159\u00edmo na m\u00edru.\" \/>\n<meta name=\"robots\" content=\"index, follow, max-snippet:-1, max-image-preview:large, max-video-preview:-1\" \/>\n<link rel=\"canonical\" href=\"https:\/\/www.prazskykamen.cz\/en\/kamenne-produkty\/oblozeni-krbu-krbove-rimsy\/\" \/>\n<meta property=\"og:locale\" content=\"en_GB\" \/>\n<meta property=\"og:type\" content=\"article\" \/>\n<meta property=\"og:title\" content=\"Kamenn\u00e9 oblo\u017een\u00ed krb\u016f a krbov\u00e9 \u0159\u00edmsy | Pra\u017esk\u00fd k\u00e1men\" \/>\n<meta property=\"og:description\" content=\"Kamenn\u00e9 oblo\u017een\u00ed krb\u016f a kamenn\u00e9 krbov\u00e9 \u0159\u00edmsy od kamenictv\u00ed Pra\u017esk\u00fd k\u00e1men, vyberte si z nab\u00eddky, nebo n\u00e1s kontaktujte. Vytvo\u0159\u00edme v\u00e1m nab\u00eddku p\u0159\u00edmo na m\u00edru.\" \/>\n<meta property=\"og:url\" content=\"https:\/\/www.prazskykamen.cz\/en\/kamenne-produkty\/oblozeni-krbu-krbove-rimsy\/\" \/>\n<meta property=\"og:site_name\" content=\"Prague Stone\" \/>\n<meta property=\"article:modified_time\" content=\"2016-01-07T12:09:53+00:00\" \/>\n<meta property=\"og:image\" content=\"https:\/\/www.prazskykamen.cz\/wp-content\/uploads\/2014\/11\/KRB-title.jpg\" \/>\n<meta name=\"twitter:card\" content=\"summary_large_image\" \/>\n<meta name=\"twitter:label1\" content=\"Estimated reading time\" \/>\n\t<meta name=\"twitter:data1\" content=\"1 minute\" \/>\n<script type=\"application\/ld+json\" class=\"yoast-schema-graph\">{\"@context\":\"https:\/\/schema.org\",\"@graph\":[{\"@type\":\"WebPage\",\"@id\":\"https:\/\/www.prazskykamen.cz\/en\/kamenne-produkty\/oblozeni-krbu-krbove-rimsy\/\",\"url\":\"https:\/\/www.prazskykamen.cz\/en\/kamenne-produkty\/oblozeni-krbu-krbove-rimsy\/\",\"name\":\"Kamenn\u00e9 oblo\u017een\u00ed krb\u016f a krbov\u00e9 \u0159\u00edmsy | Pra\u017esk\u00fd k\u00e1men\",\"isPartOf\":{\"@id\":\"https:\/\/www.prazskykamen.cz\/en\/#website\"},\"primaryImageOfPage\":{\"@id\":\"https:\/\/www.prazskykamen.cz\/en\/kamenne-produkty\/oblozeni-krbu-krbove-rimsy\/#primaryimage\"},\"image\":{\"@id\":\"https:\/\/www.prazskykamen.cz\/en\/kamenne-produkty\/oblozeni-krbu-krbove-rimsy\/#primaryimage\"},\"thumbnailUrl\":\"https:\/\/www.prazskykamen.cz\/wp-content\/uploads\/2014\/11\/KRB-title.jpg\",\"datePublished\":\"2014-11-14T10:53:05+00:00\",\"dateModified\":\"2016-01-07T12:09:53+00:00\",\"description\":\"Kamenn\u00e9 oblo\u017een\u00ed krb\u016f a kamenn\u00e9 krbov\u00e9 \u0159\u00edmsy od kamenictv\u00ed Pra\u017esk\u00fd k\u00e1men, vyberte si z nab\u00eddky, nebo n\u00e1s kontaktujte. Vytvo\u0159\u00edme v\u00e1m nab\u00eddku p\u0159\u00edmo na m\u00edru.\",\"breadcrumb\":{\"@id\":\"https:\/\/www.prazskykamen.cz\/en\/kamenne-produkty\/oblozeni-krbu-krbove-rimsy\/#breadcrumb\"},\"inLanguage\":\"en-GB\",\"potentialAction\":[{\"@type\":\"ReadAction\",\"target\":[\"https:\/\/www.prazskykamen.cz\/en\/kamenne-produkty\/oblozeni-krbu-krbove-rimsy\/\"]}]},{\"@type\":\"ImageObject\",\"inLanguage\":\"en-GB\",\"@id\":\"https:\/\/www.prazskykamen.cz\/en\/kamenne-produkty\/oblozeni-krbu-krbove-rimsy\/#primaryimage\",\"url\":\"https:\/\/www.prazskykamen.cz\/wp-content\/uploads\/2014\/11\/KRB-title.jpg\",\"contentUrl\":\"https:\/\/www.prazskykamen.cz\/wp-content\/uploads\/2014\/11\/KRB-title.jpg\"},{\"@type\":\"BreadcrumbList\",\"@id\":\"https:\/\/www.prazskykamen.cz\/en\/kamenne-produkty\/oblozeni-krbu-krbove-rimsy\/#breadcrumb\",\"itemListElement\":[{\"@type\":\"ListItem\",\"position\":1,\"name\":\"Dom\u016f\",\"item\":\"https:\/\/www.prazskykamen.cz\/en\/\"},{\"@type\":\"ListItem\",\"position\":2,\"name\":\"STONE PRODUCTS\",\"item\":\"https:\/\/www.prazskykamen.cz\/en\/kamenne-produkty\/\"},{\"@type\":\"ListItem\",\"position\":3,\"name\":\"FIREPLACE\"}]},{\"@type\":\"WebSite\",\"@id\":\"https:\/\/www.prazskykamen.cz\/en\/#website\",\"url\":\"https:\/\/www.prazskykamen.cz\/en\/\",\"name\":\"Prague Stone\",\"description\":\"Dal\u0161\u00ed nov\u00fd web v r\u00e1mci s\u00edt\u011b Pra\u017esk\u00fd k\u00e1men Sites\",\"potentialAction\":[{\"@type\":\"SearchAction\",\"target\":{\"@type\":\"EntryPoint\",\"urlTemplate\":\"https:\/\/www.prazskykamen.cz\/en\/?s={search_term_string}\"},\"query-input\":{\"@type\":\"PropertyValueSpecification\",\"valueRequired\":true,\"valueName\":\"search_term_string\"}}],\"inLanguage\":\"en-GB\"}]}<\/script>\n<!-- \/ Yoast SEO plugin. -->","yoast_head_json":{"title":"Kamenn\u00e9 oblo\u017een\u00ed krb\u016f a krbov\u00e9 \u0159\u00edmsy | Pra\u017esk\u00fd k\u00e1men","description":"Kamenn\u00e9 oblo\u017een\u00ed krb\u016f a kamenn\u00e9 krbov\u00e9 \u0159\u00edmsy od kamenictv\u00ed Pra\u017esk\u00fd k\u00e1men, vyberte si z nab\u00eddky, nebo n\u00e1s kontaktujte. Vytvo\u0159\u00edme v\u00e1m nab\u00eddku p\u0159\u00edmo na m\u00edru.","robots":{"index":"index","follow":"follow","max-snippet":"max-snippet:-1","max-image-preview":"max-image-preview:large","max-video-preview":"max-video-preview:-1"},"canonical":"https:\/\/www.prazskykamen.cz\/en\/kamenne-produkty\/oblozeni-krbu-krbove-rimsy\/","og_locale":"en_GB","og_type":"article","og_title":"Kamenn\u00e9 oblo\u017een\u00ed krb\u016f a krbov\u00e9 \u0159\u00edmsy | Pra\u017esk\u00fd k\u00e1men","og_description":"Kamenn\u00e9 oblo\u017een\u00ed krb\u016f a kamenn\u00e9 krbov\u00e9 \u0159\u00edmsy od kamenictv\u00ed Pra\u017esk\u00fd k\u00e1men, vyberte si z nab\u00eddky, nebo n\u00e1s kontaktujte. Vytvo\u0159\u00edme v\u00e1m nab\u00eddku p\u0159\u00edmo na m\u00edru.","og_url":"https:\/\/www.prazskykamen.cz\/en\/kamenne-produkty\/oblozeni-krbu-krbove-rimsy\/","og_site_name":"Prague Stone","article_modified_time":"2016-01-07T12:09:53+00:00","og_image":[{"url":"https:\/\/www.prazskykamen.cz\/wp-content\/uploads\/2014\/11\/KRB-title.jpg"}],"twitter_card":"summary_large_image","twitter_misc":{"Estimated reading time":"1 minute"},"schema":{"@context":"https:\/\/schema.org","@graph":[{"@type":"WebPage","@id":"https:\/\/www.prazskykamen.cz\/en\/kamenne-produkty\/oblozeni-krbu-krbove-rimsy\/","url":"https:\/\/www.prazskykamen.cz\/en\/kamenne-produkty\/oblozeni-krbu-krbove-rimsy\/","name":"Kamenn\u00e9 oblo\u017een\u00ed krb\u016f a krbov\u00e9 \u0159\u00edmsy | Pra\u017esk\u00fd k\u00e1men","isPartOf":{"@id":"https:\/\/www.prazskykamen.cz\/en\/#website"},"primaryImageOfPage":{"@id":"https:\/\/www.prazskykamen.cz\/en\/kamenne-produkty\/oblozeni-krbu-krbove-rimsy\/#primaryimage"},"image":{"@id":"https:\/\/www.prazskykamen.cz\/en\/kamenne-produkty\/oblozeni-krbu-krbove-rimsy\/#primaryimage"},"thumbnailUrl":"https:\/\/www.prazskykamen.cz\/wp-content\/uploads\/2014\/11\/KRB-title.jpg","datePublished":"2014-11-14T10:53:05+00:00","dateModified":"2016-01-07T12:09:53+00:00","description":"Kamenn\u00e9 oblo\u017een\u00ed krb\u016f a kamenn\u00e9 krbov\u00e9 \u0159\u00edmsy od kamenictv\u00ed Pra\u017esk\u00fd k\u00e1men, vyberte si z nab\u00eddky, nebo n\u00e1s kontaktujte. Vytvo\u0159\u00edme v\u00e1m nab\u00eddku p\u0159\u00edmo na m\u00edru.","breadcrumb":{"@id":"https:\/\/www.prazskykamen.cz\/en\/kamenne-produkty\/oblozeni-krbu-krbove-rimsy\/#breadcrumb"},"inLanguage":"en-GB","potentialAction":[{"@type":"ReadAction","target":["https:\/\/www.prazskykamen.cz\/en\/kamenne-produkty\/oblozeni-krbu-krbove-rimsy\/"]}]},{"@type":"ImageObject","inLanguage":"en-GB","@id":"https:\/\/www.prazskykamen.cz\/en\/kamenne-produkty\/oblozeni-krbu-krbove-rimsy\/#primaryimage","url":"https:\/\/www.prazskykamen.cz\/wp-content\/uploads\/2014\/11\/KRB-title.jpg","contentUrl":"https:\/\/www.prazskykamen.cz\/wp-content\/uploads\/2014\/11\/KRB-title.jpg"},{"@type":"BreadcrumbList","@id":"https:\/\/www.prazskykamen.cz\/en\/kamenne-produkty\/oblozeni-krbu-krbove-rimsy\/#breadcrumb","itemListElement":[{"@type":"ListItem","position":1,"name":"Dom\u016f","item":"https:\/\/www.prazskykamen.cz\/en\/"},{"@type":"ListItem","position":2,"name":"STONE PRODUCTS","item":"https:\/\/www.prazskykamen.cz\/en\/kamenne-produkty\/"},{"@type":"ListItem","position":3,"name":"FIREPLACE"}]},{"@type":"WebSite","@id":"https:\/\/www.prazskykamen.cz\/en\/#website","url":"https:\/\/www.prazskykamen.cz\/en\/","name":"Prague Stone","description":"Dal\u0161\u00ed nov\u00fd web v r\u00e1mci s\u00edt\u011b Pra\u017esk\u00fd k\u00e1men Sites","potentialAction":[{"@type":"SearchAction","target":{"@type":"EntryPoint","urlTemplate":"https:\/\/www.prazskykamen.cz\/en\/?s={search_term_string}"},"query-input":{"@type":"PropertyValueSpecification","valueRequired":true,"valueName":"search_term_string"}}],"inLanguage":"en-GB"}]}},"_links":{"self":[{"href":"https:\/\/www.prazskykamen.cz\/en\/wp-json\/wp\/v2\/pages\/68","targetHints":{"allow":["GET"]}}],"collection":[{"href":"https:\/\/www.prazskykamen.cz\/en\/wp-json\/wp\/v2\/pages"}],"about":[{"href":"https:\/\/www.prazskykamen.cz\/en\/wp-json\/wp\/v2\/types\/page"}],"author":[{"embeddable":true,"href":"https:\/\/www.prazskykamen.cz\/en\/wp-json\/wp\/v2\/users\/1"}],"replies":[{"embeddable":true,"href":"https:\/\/www.prazskykamen.cz\/en\/wp-json\/wp\/v2\/comments?post=68"}],"version-history":[{"count":8,"href":"https:\/\/www.prazskykamen.cz\/en\/wp-json\/wp\/v2\/pages\/68\/revisions"}],"predecessor-version":[{"id":6397,"href":"https:\/\/www.prazskykamen.cz\/en\/wp-json\/wp\/v2\/pages\/68\/revisions\/6397"}],"up":[{"embeddable":true,"href":"https:\/\/www.prazskykamen.cz\/en\/wp-json\/wp\/v2\/pages\/42"}],"wp:attachment":[{"href":"https:\/\/www.prazskykamen.cz\/en\/wp-json\/wp\/v2\/media?parent=68"}],"curies":[{"name":"wp","href":"https:\/\/api.w.org\/{rel}","templated":true}]}}