{"id":66,"date":"2014-11-14T11:52:45","date_gmt":"2014-11-14T10:52:45","guid":{"rendered":"https:\/\/www.prazskykamen.cz\/?page_id=66"},"modified":"2022-02-04T14:07:47","modified_gmt":"2022-02-04T14:07:47","slug":"koupelny","status":"publish","type":"page","link":"https:\/\/www.prazskykamen.cz\/en\/kamenne-produkty\/koupelny\/","title":{"rendered":"BATHROOM"},"content":{"rendered":"<p>[et_pb_section fb_built=&#8221;1&#8243; _builder_version=&#8221;3.22&#8243; global_colors_info=&#8221;{}&#8221;][et_pb_row column_structure=&#8221;1_2,1_2&#8243; _builder_version=&#8221;3.25&#8243; background_size=&#8221;initial&#8221; background_position=&#8221;top_left&#8221; background_repeat=&#8221;repeat&#8221; global_colors_info=&#8221;{}&#8221;][et_pb_column type=&#8221;1_2&#8243; _builder_version=&#8221;3.25&#8243; custom_padding=&#8221;|||&#8221; global_colors_info=&#8221;{}&#8221; custom_padding__hover=&#8221;|||&#8221;][et_pb_text admin_label=&#8221;Text&#8221; _builder_version=&#8221;3.27.4&#8243; background_size=&#8221;initial&#8221; background_position=&#8221;top_left&#8221; background_repeat=&#8221;repeat&#8221; global_colors_info=&#8221;{}&#8221;]<\/p>\n<h1>BATHROOM<\/h1>\n<p>The bathroom is an integral part of every cozy home. It is a refuge from the outside world, a place of quiet relaxation. Design and comfort are playing an increasingly important role. The diversity of the stone, its unmistakable structure, unique artwork and luxurious appearance help create beautiful interiors. There is something for everyone &#8211; from fans of the classic to admirers of clean lines. Anything is possible, and the results always exceed your needs. In addition, the stone is easy to maintain and, thanks to its natural origin, is always unique.<\/p>\n<p>Tiles can be primarily divided according to the size and assembly method as follows:<\/p>\n<ul>\n<li>STANDARD (the most economical option) \u2013 sizes which are normally manufactured and supplied for warehouses<\/li>\n<li>CUSTOMIZED &#8211; in any size according to the space available for tiling, custom manufacturing \u00a0 and they can be further divided according to stone artwork\n<ul>\n<li>FIGURE \u2013 using a continuous stone pattern<\/li>\n<li>BOOK \u2013\u00a0 mirror repeating motifs of stone artwork<\/li>\n<\/ul>\n<\/li>\n<\/ul>\n<p>[\/et_pb_text][\/et_pb_column][et_pb_column type=&#8221;1_2&#8243; _builder_version=&#8221;3.25&#8243; custom_padding=&#8221;|||&#8221; global_colors_info=&#8221;{}&#8221; custom_padding__hover=&#8221;|||&#8221;][et_pb_gallery gallery_ids=&#8221;8980,8981,8982,8983,8984,8985&#8243; _builder_version=&#8221;4.14.7&#8243; _module_preset=&#8221;default&#8221; hover_enabled=&#8221;0&#8243; global_colors_info=&#8221;{}&#8221; fullwidth=&#8221;on&#8221; sticky_enabled=&#8221;0&#8243;][\/et_pb_gallery][\/et_pb_column][\/et_pb_row][et_pb_row _builder_version=&#8221;3.25&#8243; background_size=&#8221;initial&#8221; background_position=&#8221;top_left&#8221; background_repeat=&#8221;repeat&#8221; global_colors_info=&#8221;{}&#8221;][et_pb_column type=&#8221;4_4&#8243; _builder_version=&#8221;3.25&#8243; custom_padding=&#8221;|||&#8221; global_colors_info=&#8221;{}&#8221; custom_padding__hover=&#8221;|||&#8221;][et_pb_text admin_label=&#8221;Text&#8221; _builder_version=&#8221;3.27.4&#8243; background_size=&#8221;initial&#8221; background_position=&#8221;top_left&#8221; background_repeat=&#8221;repeat&#8221; global_colors_info=&#8221;{}&#8221;]<\/p>\n<div class=\"rozcest-7\"><a href=\"https:\/\/www.prazskykamen.cz\/en\/kamenne-produkty\/koupelny\/obklady-a-dlazby-standard\"><img loading=\"lazy\" decoding=\"async\" class=\"alignnone wp-image-854 size-thumbnail\" src=\"https:\/\/www.prazskykamen.cz\/wp-content\/uploads\/2014\/11\/standard-navazbu-150x150.jpg\" alt=\"kamenn\u00e9 obklady a dla\u017eba do koupelny \" width=\"150\" height=\"150\">Standard cladding and tiling<\/a><\/div>\n<div class=\"rozcest-7\"><a href=\"https:\/\/www.prazskykamen.cz\/en\/kamenne-produkty\/koupelny\/obklady-a-dlazby-na-miru\"><img loading=\"lazy\" decoding=\"async\" class=\"alignnone wp-image-858 size-thumbnail\" src=\"https:\/\/www.prazskykamen.cz\/wp-content\/uploads\/2014\/11\/koupelnyobkladnamiru-150x150.jpg\" alt=\"kamenn\u00e9 obklady do koupelny na m\u00edru, kamenn\u00e1 dla\u017eba\" width=\"150\" height=\"150\">Customized cladding and tiling &#8211; figure<\/a><\/div>\n<div class=\"rozcest-7\"><a href=\"https:\/\/www.prazskykamen.cz\/en\/kamenne-produkty\/koupelny\/obklady-a-dlazby-na-fladr\"><img loading=\"lazy\" decoding=\"async\" class=\"alignnone wp-image-862 size-thumbnail\" src=\"https:\/\/www.prazskykamen.cz\/wp-content\/uploads\/2014\/11\/koupelnyobkladnafladr-150x150.jpg\" alt=\"kamenn\u00e9 obklady do koupelny na knihu\" width=\"150\" height=\"150\">Customized cladding and tiling &#8211; book<\/a><\/div>\n<div class=\"rozcest-7\"><a href=\"https:\/\/www.prazskykamen.cz\/en\/kamenne-produkty\/koupelny\/koupelny-kamenne-desky\"><img loading=\"lazy\" decoding=\"async\" class=\"alignnone wp-image-869 size-thumbnail\" src=\"https:\/\/www.prazskykamen.cz\/wp-content\/uploads\/2014\/11\/koupelnykamennedesky1-150x150.jpg\" alt=\"kamenn\u00e9 umyvadlov\u00e9 desky\" width=\"150\" height=\"150\">Sink slabs<\/a><\/div>\n<div class=\"rozcest-7\"><a href=\"https:\/\/www.prazskykamen.cz\/en\/kamenne-produkty\/koupelny\/koupelny-povrchy\"><img loading=\"lazy\" decoding=\"async\" class=\"alignnone wp-image-1290 size-thumbnail\" src=\"https:\/\/www.prazskykamen.cz\/wp-content\/uploads\/2014\/12\/MRAMOR-KARTACOVANy-gal-150x150.jpg\" alt=\"kamenn\u00e9 povrchy v koupeln\u011b\" width=\"150\" height=\"150\">Surfaces<\/a><\/div>\n<div class=\"rozcest-7\"><a href=\"https:\/\/www.prazskykamen.cz\/en\/kamenne-produkty\/koupelny\/koupelny-vzorova-kalkulace\"><img loading=\"lazy\" decoding=\"async\" class=\"alignnone wp-image-1210 size-thumbnail\" src=\"https:\/\/www.prazskykamen.cz\/wp-content\/uploads\/2014\/12\/koupelna-titulka-vzor-150x150.jpg\" alt=\"kamenn\u00e9 obklady a dla\u017eba v koupeln\u011b kalkulace ceny\" width=\"150\" height=\"150\">Sample calculations<\/a><\/div>\n<div class=\"rozcest-7 vybranerealizace\"><a href=\"https:\/\/www.prazskykamen.cz\/en\/kamenne-produkty\/koupelny\/koupelny-vybrane-realizace\"><img loading=\"lazy\" decoding=\"async\" class=\"alignnone wp-image-851 size-thumbnail\" src=\"https:\/\/www.prazskykamen.cz\/wp-content\/uploads\/2014\/11\/koupelna-tit-150x150.jpg\" alt=\"kamenn\u00e9 obklady a kamenn\u00e1 dla\u017eba v koupeln\u011b vybran\u00e9 realizace\" width=\"150\" height=\"150\">Selected projects<\/a><\/div>\n<p>[\/et_pb_text][\/et_pb_column][\/et_pb_row][\/et_pb_section]<\/p>\n","protected":false},"excerpt":{"rendered":"<p>BATHROOM The bathroom is an integral part of every cozy home. It is a refuge from the outside world, a place of quiet relaxation. Design and comfort are playing an increasingly important role. The diversity of the stone, its unmistakable structure, unique artwork and luxurious appearance help create beautiful interiors. There is something for everyone [&hellip;]<\/p>\n","protected":false},"author":1,"featured_media":0,"parent":42,"menu_order":3,"comment_status":"open","ping_status":"closed","template":"","meta":{"_et_pb_use_builder":"on","_et_pb_old_content":"","_et_gb_content_width":"","footnotes":""},"class_list":["post-66","page","type-page","status-publish","hentry"],"yoast_head":"<!-- This site is optimized with the Yoast SEO plugin v23.7 - https:\/\/yoast.com\/wordpress\/plugins\/seo\/ -->\n<title>Obklady a dla\u017eba do koupelny | Kamenictv\u00ed Pra\u017esk\u00fd k\u00e1men<\/title>\n<meta name=\"description\" content=\"Obklady do koupelny pro ka\u017ed\u00e9ho z\u00e1kazn\u00edka od b\u011b\u017en\u00e9 ho proveden\u00ed po luxusn\u00ed obklad na knihu. Kamenn\u00e1 dla\u017eba v koupeln\u011b estetick\u00e9 a funk\u010dn\u00ed \u0159e\u0161en\u00ed.\" \/>\n<meta name=\"robots\" content=\"index, follow, max-snippet:-1, max-image-preview:large, max-video-preview:-1\" \/>\n<link rel=\"canonical\" href=\"https:\/\/www.prazskykamen.cz\/en\/kamenne-produkty\/koupelny\/\" \/>\n<meta property=\"og:locale\" content=\"en_GB\" \/>\n<meta property=\"og:type\" content=\"article\" \/>\n<meta property=\"og:title\" content=\"Obklady a dla\u017eba do koupelny | Kamenictv\u00ed Pra\u017esk\u00fd k\u00e1men\" \/>\n<meta property=\"og:description\" content=\"Obklady do koupelny pro ka\u017ed\u00e9ho z\u00e1kazn\u00edka od b\u011b\u017en\u00e9 ho proveden\u00ed po luxusn\u00ed obklad na knihu. Kamenn\u00e1 dla\u017eba v koupeln\u011b estetick\u00e9 a funk\u010dn\u00ed \u0159e\u0161en\u00ed.\" \/>\n<meta property=\"og:url\" content=\"https:\/\/www.prazskykamen.cz\/en\/kamenne-produkty\/koupelny\/\" \/>\n<meta property=\"og:site_name\" content=\"Prague Stone\" \/>\n<meta property=\"article:modified_time\" content=\"2022-02-04T14:07:47+00:00\" \/>\n<meta property=\"og:image\" content=\"https:\/\/www.prazskykamen.cz\/wp-content\/uploads\/2014\/11\/standard-navazbu-150x150.jpg\" \/>\n<meta name=\"twitter:card\" content=\"summary_large_image\" \/>\n<meta name=\"twitter:label1\" content=\"Estimated reading time\" \/>\n\t<meta name=\"twitter:data1\" content=\"2 minutes\" \/>\n<script type=\"application\/ld+json\" class=\"yoast-schema-graph\">{\"@context\":\"https:\/\/schema.org\",\"@graph\":[{\"@type\":\"WebPage\",\"@id\":\"https:\/\/www.prazskykamen.cz\/en\/kamenne-produkty\/koupelny\/\",\"url\":\"https:\/\/www.prazskykamen.cz\/en\/kamenne-produkty\/koupelny\/\",\"name\":\"Obklady a dla\u017eba do koupelny | Kamenictv\u00ed Pra\u017esk\u00fd k\u00e1men\",\"isPartOf\":{\"@id\":\"https:\/\/www.prazskykamen.cz\/en\/#website\"},\"primaryImageOfPage\":{\"@id\":\"https:\/\/www.prazskykamen.cz\/en\/kamenne-produkty\/koupelny\/#primaryimage\"},\"image\":{\"@id\":\"https:\/\/www.prazskykamen.cz\/en\/kamenne-produkty\/koupelny\/#primaryimage\"},\"thumbnailUrl\":\"https:\/\/www.prazskykamen.cz\/wp-content\/uploads\/2014\/11\/standard-navazbu-150x150.jpg\",\"datePublished\":\"2014-11-14T10:52:45+00:00\",\"dateModified\":\"2022-02-04T14:07:47+00:00\",\"description\":\"Obklady do koupelny pro ka\u017ed\u00e9ho z\u00e1kazn\u00edka od b\u011b\u017en\u00e9 ho proveden\u00ed po luxusn\u00ed obklad na knihu. Kamenn\u00e1 dla\u017eba v koupeln\u011b estetick\u00e9 a funk\u010dn\u00ed \u0159e\u0161en\u00ed.\",\"breadcrumb\":{\"@id\":\"https:\/\/www.prazskykamen.cz\/en\/kamenne-produkty\/koupelny\/#breadcrumb\"},\"inLanguage\":\"en-GB\",\"potentialAction\":[{\"@type\":\"ReadAction\",\"target\":[\"https:\/\/www.prazskykamen.cz\/en\/kamenne-produkty\/koupelny\/\"]}]},{\"@type\":\"ImageObject\",\"inLanguage\":\"en-GB\",\"@id\":\"https:\/\/www.prazskykamen.cz\/en\/kamenne-produkty\/koupelny\/#primaryimage\",\"url\":\"https:\/\/www.prazskykamen.cz\/wp-content\/uploads\/2014\/11\/standard-navazbu-150x150.jpg\",\"contentUrl\":\"https:\/\/www.prazskykamen.cz\/wp-content\/uploads\/2014\/11\/standard-navazbu-150x150.jpg\"},{\"@type\":\"BreadcrumbList\",\"@id\":\"https:\/\/www.prazskykamen.cz\/en\/kamenne-produkty\/koupelny\/#breadcrumb\",\"itemListElement\":[{\"@type\":\"ListItem\",\"position\":1,\"name\":\"Dom\u016f\",\"item\":\"https:\/\/www.prazskykamen.cz\/en\/\"},{\"@type\":\"ListItem\",\"position\":2,\"name\":\"STONE PRODUCTS\",\"item\":\"https:\/\/www.prazskykamen.cz\/en\/kamenne-produkty\/\"},{\"@type\":\"ListItem\",\"position\":3,\"name\":\"BATHROOM\"}]},{\"@type\":\"WebSite\",\"@id\":\"https:\/\/www.prazskykamen.cz\/en\/#website\",\"url\":\"https:\/\/www.prazskykamen.cz\/en\/\",\"name\":\"Prague Stone\",\"description\":\"Dal\u0161\u00ed nov\u00fd web v r\u00e1mci s\u00edt\u011b Pra\u017esk\u00fd k\u00e1men Sites\",\"potentialAction\":[{\"@type\":\"SearchAction\",\"target\":{\"@type\":\"EntryPoint\",\"urlTemplate\":\"https:\/\/www.prazskykamen.cz\/en\/?s={search_term_string}\"},\"query-input\":{\"@type\":\"PropertyValueSpecification\",\"valueRequired\":true,\"valueName\":\"search_term_string\"}}],\"inLanguage\":\"en-GB\"}]}<\/script>\n<!-- \/ Yoast SEO plugin. -->","yoast_head_json":{"title":"Obklady a dla\u017eba do koupelny | Kamenictv\u00ed Pra\u017esk\u00fd k\u00e1men","description":"Obklady do koupelny pro ka\u017ed\u00e9ho z\u00e1kazn\u00edka od b\u011b\u017en\u00e9 ho proveden\u00ed po luxusn\u00ed obklad na knihu. Kamenn\u00e1 dla\u017eba v koupeln\u011b estetick\u00e9 a funk\u010dn\u00ed \u0159e\u0161en\u00ed.","robots":{"index":"index","follow":"follow","max-snippet":"max-snippet:-1","max-image-preview":"max-image-preview:large","max-video-preview":"max-video-preview:-1"},"canonical":"https:\/\/www.prazskykamen.cz\/en\/kamenne-produkty\/koupelny\/","og_locale":"en_GB","og_type":"article","og_title":"Obklady a dla\u017eba do koupelny | Kamenictv\u00ed Pra\u017esk\u00fd k\u00e1men","og_description":"Obklady do koupelny pro ka\u017ed\u00e9ho z\u00e1kazn\u00edka od b\u011b\u017en\u00e9 ho proveden\u00ed po luxusn\u00ed obklad na knihu. Kamenn\u00e1 dla\u017eba v koupeln\u011b estetick\u00e9 a funk\u010dn\u00ed \u0159e\u0161en\u00ed.","og_url":"https:\/\/www.prazskykamen.cz\/en\/kamenne-produkty\/koupelny\/","og_site_name":"Prague Stone","article_modified_time":"2022-02-04T14:07:47+00:00","og_image":[{"url":"https:\/\/www.prazskykamen.cz\/wp-content\/uploads\/2014\/11\/standard-navazbu-150x150.jpg"}],"twitter_card":"summary_large_image","twitter_misc":{"Estimated reading time":"2 minutes"},"schema":{"@context":"https:\/\/schema.org","@graph":[{"@type":"WebPage","@id":"https:\/\/www.prazskykamen.cz\/en\/kamenne-produkty\/koupelny\/","url":"https:\/\/www.prazskykamen.cz\/en\/kamenne-produkty\/koupelny\/","name":"Obklady a dla\u017eba do koupelny | Kamenictv\u00ed Pra\u017esk\u00fd k\u00e1men","isPartOf":{"@id":"https:\/\/www.prazskykamen.cz\/en\/#website"},"primaryImageOfPage":{"@id":"https:\/\/www.prazskykamen.cz\/en\/kamenne-produkty\/koupelny\/#primaryimage"},"image":{"@id":"https:\/\/www.prazskykamen.cz\/en\/kamenne-produkty\/koupelny\/#primaryimage"},"thumbnailUrl":"https:\/\/www.prazskykamen.cz\/wp-content\/uploads\/2014\/11\/standard-navazbu-150x150.jpg","datePublished":"2014-11-14T10:52:45+00:00","dateModified":"2022-02-04T14:07:47+00:00","description":"Obklady do koupelny pro ka\u017ed\u00e9ho z\u00e1kazn\u00edka od b\u011b\u017en\u00e9 ho proveden\u00ed po luxusn\u00ed obklad na knihu. Kamenn\u00e1 dla\u017eba v koupeln\u011b estetick\u00e9 a funk\u010dn\u00ed \u0159e\u0161en\u00ed.","breadcrumb":{"@id":"https:\/\/www.prazskykamen.cz\/en\/kamenne-produkty\/koupelny\/#breadcrumb"},"inLanguage":"en-GB","potentialAction":[{"@type":"ReadAction","target":["https:\/\/www.prazskykamen.cz\/en\/kamenne-produkty\/koupelny\/"]}]},{"@type":"ImageObject","inLanguage":"en-GB","@id":"https:\/\/www.prazskykamen.cz\/en\/kamenne-produkty\/koupelny\/#primaryimage","url":"https:\/\/www.prazskykamen.cz\/wp-content\/uploads\/2014\/11\/standard-navazbu-150x150.jpg","contentUrl":"https:\/\/www.prazskykamen.cz\/wp-content\/uploads\/2014\/11\/standard-navazbu-150x150.jpg"},{"@type":"BreadcrumbList","@id":"https:\/\/www.prazskykamen.cz\/en\/kamenne-produkty\/koupelny\/#breadcrumb","itemListElement":[{"@type":"ListItem","position":1,"name":"Dom\u016f","item":"https:\/\/www.prazskykamen.cz\/en\/"},{"@type":"ListItem","position":2,"name":"STONE PRODUCTS","item":"https:\/\/www.prazskykamen.cz\/en\/kamenne-produkty\/"},{"@type":"ListItem","position":3,"name":"BATHROOM"}]},{"@type":"WebSite","@id":"https:\/\/www.prazskykamen.cz\/en\/#website","url":"https:\/\/www.prazskykamen.cz\/en\/","name":"Prague Stone","description":"Dal\u0161\u00ed nov\u00fd web v r\u00e1mci s\u00edt\u011b Pra\u017esk\u00fd k\u00e1men Sites","potentialAction":[{"@type":"SearchAction","target":{"@type":"EntryPoint","urlTemplate":"https:\/\/www.prazskykamen.cz\/en\/?s={search_term_string}"},"query-input":{"@type":"PropertyValueSpecification","valueRequired":true,"valueName":"search_term_string"}}],"inLanguage":"en-GB"}]}},"_links":{"self":[{"href":"https:\/\/www.prazskykamen.cz\/en\/wp-json\/wp\/v2\/pages\/66","targetHints":{"allow":["GET"]}}],"collection":[{"href":"https:\/\/www.prazskykamen.cz\/en\/wp-json\/wp\/v2\/pages"}],"about":[{"href":"https:\/\/www.prazskykamen.cz\/en\/wp-json\/wp\/v2\/types\/page"}],"author":[{"embeddable":true,"href":"https:\/\/www.prazskykamen.cz\/en\/wp-json\/wp\/v2\/users\/1"}],"replies":[{"embeddable":true,"href":"https:\/\/www.prazskykamen.cz\/en\/wp-json\/wp\/v2\/comments?post=66"}],"version-history":[{"count":5,"href":"https:\/\/www.prazskykamen.cz\/en\/wp-json\/wp\/v2\/pages\/66\/revisions"}],"predecessor-version":[{"id":8988,"href":"https:\/\/www.prazskykamen.cz\/en\/wp-json\/wp\/v2\/pages\/66\/revisions\/8988"}],"up":[{"embeddable":true,"href":"https:\/\/www.prazskykamen.cz\/en\/wp-json\/wp\/v2\/pages\/42"}],"wp:attachment":[{"href":"https:\/\/www.prazskykamen.cz\/en\/wp-json\/wp\/v2\/media?parent=66"}],"curies":[{"name":"wp","href":"https:\/\/api.w.org\/{rel}","templated":true}]}}