{"id":61,"date":"2014-11-14T11:46:09","date_gmt":"2014-11-14T10:46:09","guid":{"rendered":"https:\/\/www.prazskykamen.cz\/?page_id=61"},"modified":"2016-01-07T10:38:07","modified_gmt":"2016-01-07T10:38:07","slug":"kamenne-obklady-a-dlazby","status":"publish","type":"page","link":"https:\/\/www.prazskykamen.cz\/en\/kamenne-produkty\/kamenne-obklady-a-dlazby\/","title":{"rendered":"STONE PAVING AND FACING"},"content":{"rendered":"<p>[et_pb_section fullwidth=&#8221;off&#8221; specialty=&#8221;off&#8221; transparent_background=&#8221;off&#8221; background_color=&#8221;#ffffff&#8221; inner_shadow=&#8221;off&#8221; parallax=&#8221;off&#8221; parallax_method=&#8221;off&#8221;][et_pb_row][et_pb_column type=&#8221;1_2&#8243;][et_pb_text admin_label=&#8221;Text&#8221; background_layout=&#8221;light&#8221; text_orientation=&#8221;left&#8221;]<\/p>\n<h1>STONE PAVING AND FACING<\/h1>\n<p>Stone facing is a great option for both indoor and outdoor areas. You can choose from a wide range of stone facing with specific regular or irregular shapes. You can find stone facing with a masonry effect in our portfolio. The advantage of this currently highly requested supplement the resulting effect of appearing like solid walls. For demanding customers we prepare stone facing and paving to order, exactly according to your requirements. Stone features such as durability, good sustainability, frost-resistance and a pleasant appearance are used to the fullest extent.[\/et_pb_text][\/et_pb_column][et_pb_column type=&#8221;1_2&#8243;][et_pb_text admin_label=&#8221;Text&#8221; background_layout=&#8221;light&#8221; text_orientation=&#8221;left&#8221;]<img loading=\"lazy\" decoding=\"async\" class=\"alignnone size-full wp-image-3826\" src=\"https:\/\/www.prazskykamen.cz\/wp-content\/uploads\/2014\/11\/kamenna-title.jpg\" alt=\"kamenn\u00e9 dla\u017eby kamenn\u00e9 obklady\" width=\"520\" height=\"390\" \/>[\/et_pb_text][\/et_pb_column][\/et_pb_row][et_pb_row][et_pb_column type=&#8221;4_4&#8243;][et_pb_text admin_label=&#8221;Text&#8221; background_layout=&#8221;light&#8221; text_orientation=&#8221;left&#8221;]<\/p>\n<div class=\"rozcest-7\"><a href=\"https:\/\/www.prazskykamen.cz\/en\/kamenne-produkty\/kamenne-obklady-a-dlazby\/pravidelna-dlazba-a-obklady\"><img loading=\"lazy\" decoding=\"async\" class=\"alignnone wp-image-1854 size-thumbnail\" src=\"https:\/\/www.prazskykamen.cz\/wp-content\/uploads\/2014\/12\/pravidelne-uvodni-foto-150x150.jpg\" alt=\"pravideln\u00e1 kamenn\u00e1 dla\u017eba\" width=\"150\" height=\"150\" \/> Regular shapes<\/a><\/div>\n<div class=\"rozcest-7\"><a href=\"https:\/\/www.prazskykamen.cz\/en\/kamenne-produkty\/kamenne-obklady-a-dlazby\/nepravidelna-dlazba-a-obklady\"><img loading=\"lazy\" decoding=\"async\" class=\"alignnone wp-image-318 size-thumbnail\" src=\"https:\/\/www.prazskykamen.cz\/wp-content\/uploads\/2014\/12\/RULA-e1417590023311-150x150.jpg\" alt=\"nepravideln\u00e1 kamenn\u00e1 dla\u017eba\" width=\"150\" height=\"150\" \/> Irregular shapes<\/a><\/div>\n<div class=\"rozcest-7\"><a href=\"https:\/\/www.prazskykamen.cz\/en\/kamenne-produkty\/kamenne-obklady-a-dlazby\/efekt-zdiva\"><img loading=\"lazy\" decoding=\"async\" class=\"alignnone wp-image-1039 size-thumbnail\" src=\"https:\/\/www.prazskykamen.cz\/wp-content\/uploads\/2014\/12\/110-gal-150x150.jpg\" alt=\"kamenn\u00e9 obklady s efektem zdiva\" width=\"150\" height=\"150\" \/>With masonry effect<\/a><\/div>\n<div class=\"rozcest-7\"><a href=\"https:\/\/www.prazskykamen.cz\/en\/kamenne-produkty\/kamenne-obklady-a-dlazby\/na-miru-2\"><img loading=\"lazy\" decoding=\"async\" class=\"alignnone wp-image-2049 size-thumbnail\" src=\"https:\/\/www.prazskykamen.cz\/wp-content\/uploads\/2014\/12\/foto-pila-150x150.jpg\" alt=\"kamenn\u00e1 dla\u017eba a kamenn\u00e9 obklady na m\u00edru\" width=\"150\" height=\"150\" \/>Produced to order<\/a><\/div>\n<div class=\"rozcest-7\"><\/div>\n<div class=\"rozcest-7 vybranerealizace\"><a href=\"https:\/\/www.prazskykamen.cz\/en\/kamenne-produkty\/kamenne-obklady-a-dlazby\/kamenne-dlazby-a-obklady-vybrane-realizace\"><img loading=\"lazy\" decoding=\"async\" class=\"alignnone wp-image-1422 size-thumbnail\" src=\"https:\/\/www.prazskykamen.cz\/wp-content\/uploads\/2015\/01\/RULA-POLYGON-VELK\u00dd-gal-150x150.jpg\" alt=\"kamenn\u00e1 dla\u017eba a kamenn\u00e9 obklady realizace\" width=\"150\" height=\"150\" \/>Selected project<\/a><\/div>\n<p>[\/et_pb_text][\/et_pb_column][\/et_pb_row][\/et_pb_section]<\/p>\n","protected":false},"excerpt":{"rendered":"<p><div class=\"et_pb_row et_pb_row_0 et_pb_row_empty\">\n\t\t\t\t\n\t\t\t\t\n\t\t\t\t\n\t\t\t\t\n\t\t\t\t\n\t\t\t<\/div> STONE PAVING AND FACING Stone facing is a great option for both indoor and outdoor areas. You can choose from a wide range of stone facing with specific regular or irregular shapes. You can find stone facing with a masonry effect in our portfolio. The advantage of this currently highly requested supplement the resulting [&hellip;]<\/p>\n","protected":false},"author":1,"featured_media":0,"parent":42,"menu_order":1,"comment_status":"open","ping_status":"closed","template":"","meta":{"_et_pb_use_builder":"on","_et_pb_old_content":"","_et_gb_content_width":"","footnotes":""},"class_list":["post-61","page","type-page","status-publish","hentry"],"yoast_head":"<!-- This site is optimized with the Yoast SEO plugin v23.7 - https:\/\/yoast.com\/wordpress\/plugins\/seo\/ -->\n<title>Kamenn\u00e9 obklady | kamenn\u00e9 dla\u017eby<\/title>\n<meta name=\"description\" content=\"Kamenn\u00e9 obklady a kamenn\u00e9 dla\u017eby jak pravideln\u00e9 tvary tak i nepravideln\u00e9. K\u00e1men je v\u00fdborn\u00fd p\u0159\u00edrodn\u00ed materi\u00e1l. Skv\u011bl\u00e9 \u0159e\u0161en\u00ed pro v\u00e1\u0161 d\u016fm i komer\u010dn\u00ed prostory.\" \/>\n<meta name=\"robots\" content=\"index, follow, max-snippet:-1, max-image-preview:large, max-video-preview:-1\" \/>\n<link rel=\"canonical\" href=\"https:\/\/www.prazskykamen.cz\/en\/kamenne-produkty\/kamenne-obklady-a-dlazby\/\" \/>\n<meta property=\"og:locale\" content=\"en_GB\" \/>\n<meta property=\"og:type\" content=\"article\" \/>\n<meta property=\"og:title\" content=\"Kamenn\u00e9 obklady | kamenn\u00e9 dla\u017eby\" \/>\n<meta property=\"og:description\" content=\"Kamenn\u00e9 obklady a kamenn\u00e9 dla\u017eby jak pravideln\u00e9 tvary tak i nepravideln\u00e9. K\u00e1men je v\u00fdborn\u00fd p\u0159\u00edrodn\u00ed materi\u00e1l. Skv\u011bl\u00e9 \u0159e\u0161en\u00ed pro v\u00e1\u0161 d\u016fm i komer\u010dn\u00ed prostory.\" \/>\n<meta property=\"og:url\" content=\"https:\/\/www.prazskykamen.cz\/en\/kamenne-produkty\/kamenne-obklady-a-dlazby\/\" \/>\n<meta property=\"og:site_name\" content=\"Prague Stone\" \/>\n<meta property=\"article:modified_time\" content=\"2016-01-07T10:38:07+00:00\" \/>\n<meta property=\"og:image\" content=\"https:\/\/www.prazskykamen.cz\/wp-content\/uploads\/2014\/11\/kamenna-title.jpg\" \/>\n<meta name=\"twitter:card\" content=\"summary_large_image\" \/>\n<meta name=\"twitter:label1\" content=\"Estimated reading time\" \/>\n\t<meta name=\"twitter:data1\" content=\"1 minute\" \/>\n<script type=\"application\/ld+json\" class=\"yoast-schema-graph\">{\"@context\":\"https:\/\/schema.org\",\"@graph\":[{\"@type\":\"WebPage\",\"@id\":\"https:\/\/www.prazskykamen.cz\/en\/kamenne-produkty\/kamenne-obklady-a-dlazby\/\",\"url\":\"https:\/\/www.prazskykamen.cz\/en\/kamenne-produkty\/kamenne-obklady-a-dlazby\/\",\"name\":\"Kamenn\u00e9 obklady | kamenn\u00e9 dla\u017eby\",\"isPartOf\":{\"@id\":\"https:\/\/www.prazskykamen.cz\/en\/#website\"},\"primaryImageOfPage\":{\"@id\":\"https:\/\/www.prazskykamen.cz\/en\/kamenne-produkty\/kamenne-obklady-a-dlazby\/#primaryimage\"},\"image\":{\"@id\":\"https:\/\/www.prazskykamen.cz\/en\/kamenne-produkty\/kamenne-obklady-a-dlazby\/#primaryimage\"},\"thumbnailUrl\":\"https:\/\/www.prazskykamen.cz\/wp-content\/uploads\/2014\/11\/kamenna-title.jpg\",\"datePublished\":\"2014-11-14T10:46:09+00:00\",\"dateModified\":\"2016-01-07T10:38:07+00:00\",\"description\":\"Kamenn\u00e9 obklady a kamenn\u00e9 dla\u017eby jak pravideln\u00e9 tvary tak i nepravideln\u00e9. K\u00e1men je v\u00fdborn\u00fd p\u0159\u00edrodn\u00ed materi\u00e1l. Skv\u011bl\u00e9 \u0159e\u0161en\u00ed pro v\u00e1\u0161 d\u016fm i komer\u010dn\u00ed prostory.\",\"breadcrumb\":{\"@id\":\"https:\/\/www.prazskykamen.cz\/en\/kamenne-produkty\/kamenne-obklady-a-dlazby\/#breadcrumb\"},\"inLanguage\":\"en-GB\",\"potentialAction\":[{\"@type\":\"ReadAction\",\"target\":[\"https:\/\/www.prazskykamen.cz\/en\/kamenne-produkty\/kamenne-obklady-a-dlazby\/\"]}]},{\"@type\":\"ImageObject\",\"inLanguage\":\"en-GB\",\"@id\":\"https:\/\/www.prazskykamen.cz\/en\/kamenne-produkty\/kamenne-obklady-a-dlazby\/#primaryimage\",\"url\":\"https:\/\/www.prazskykamen.cz\/wp-content\/uploads\/2014\/11\/kamenna-title.jpg\",\"contentUrl\":\"https:\/\/www.prazskykamen.cz\/wp-content\/uploads\/2014\/11\/kamenna-title.jpg\"},{\"@type\":\"BreadcrumbList\",\"@id\":\"https:\/\/www.prazskykamen.cz\/en\/kamenne-produkty\/kamenne-obklady-a-dlazby\/#breadcrumb\",\"itemListElement\":[{\"@type\":\"ListItem\",\"position\":1,\"name\":\"Dom\u016f\",\"item\":\"https:\/\/www.prazskykamen.cz\/en\/\"},{\"@type\":\"ListItem\",\"position\":2,\"name\":\"STONE PRODUCTS\",\"item\":\"https:\/\/www.prazskykamen.cz\/en\/kamenne-produkty\/\"},{\"@type\":\"ListItem\",\"position\":3,\"name\":\"STONE PAVING AND FACING\"}]},{\"@type\":\"WebSite\",\"@id\":\"https:\/\/www.prazskykamen.cz\/en\/#website\",\"url\":\"https:\/\/www.prazskykamen.cz\/en\/\",\"name\":\"Prague Stone\",\"description\":\"Dal\u0161\u00ed nov\u00fd web v r\u00e1mci s\u00edt\u011b Pra\u017esk\u00fd k\u00e1men Sites\",\"potentialAction\":[{\"@type\":\"SearchAction\",\"target\":{\"@type\":\"EntryPoint\",\"urlTemplate\":\"https:\/\/www.prazskykamen.cz\/en\/?s={search_term_string}\"},\"query-input\":{\"@type\":\"PropertyValueSpecification\",\"valueRequired\":true,\"valueName\":\"search_term_string\"}}],\"inLanguage\":\"en-GB\"}]}<\/script>\n<!-- \/ Yoast SEO plugin. -->","yoast_head_json":{"title":"Kamenn\u00e9 obklady | kamenn\u00e9 dla\u017eby","description":"Kamenn\u00e9 obklady a kamenn\u00e9 dla\u017eby jak pravideln\u00e9 tvary tak i nepravideln\u00e9. K\u00e1men je v\u00fdborn\u00fd p\u0159\u00edrodn\u00ed materi\u00e1l. Skv\u011bl\u00e9 \u0159e\u0161en\u00ed pro v\u00e1\u0161 d\u016fm i komer\u010dn\u00ed prostory.","robots":{"index":"index","follow":"follow","max-snippet":"max-snippet:-1","max-image-preview":"max-image-preview:large","max-video-preview":"max-video-preview:-1"},"canonical":"https:\/\/www.prazskykamen.cz\/en\/kamenne-produkty\/kamenne-obklady-a-dlazby\/","og_locale":"en_GB","og_type":"article","og_title":"Kamenn\u00e9 obklady | kamenn\u00e9 dla\u017eby","og_description":"Kamenn\u00e9 obklady a kamenn\u00e9 dla\u017eby jak pravideln\u00e9 tvary tak i nepravideln\u00e9. K\u00e1men je v\u00fdborn\u00fd p\u0159\u00edrodn\u00ed materi\u00e1l. Skv\u011bl\u00e9 \u0159e\u0161en\u00ed pro v\u00e1\u0161 d\u016fm i komer\u010dn\u00ed prostory.","og_url":"https:\/\/www.prazskykamen.cz\/en\/kamenne-produkty\/kamenne-obklady-a-dlazby\/","og_site_name":"Prague Stone","article_modified_time":"2016-01-07T10:38:07+00:00","og_image":[{"url":"https:\/\/www.prazskykamen.cz\/wp-content\/uploads\/2014\/11\/kamenna-title.jpg"}],"twitter_card":"summary_large_image","twitter_misc":{"Estimated reading time":"1 minute"},"schema":{"@context":"https:\/\/schema.org","@graph":[{"@type":"WebPage","@id":"https:\/\/www.prazskykamen.cz\/en\/kamenne-produkty\/kamenne-obklady-a-dlazby\/","url":"https:\/\/www.prazskykamen.cz\/en\/kamenne-produkty\/kamenne-obklady-a-dlazby\/","name":"Kamenn\u00e9 obklady | kamenn\u00e9 dla\u017eby","isPartOf":{"@id":"https:\/\/www.prazskykamen.cz\/en\/#website"},"primaryImageOfPage":{"@id":"https:\/\/www.prazskykamen.cz\/en\/kamenne-produkty\/kamenne-obklady-a-dlazby\/#primaryimage"},"image":{"@id":"https:\/\/www.prazskykamen.cz\/en\/kamenne-produkty\/kamenne-obklady-a-dlazby\/#primaryimage"},"thumbnailUrl":"https:\/\/www.prazskykamen.cz\/wp-content\/uploads\/2014\/11\/kamenna-title.jpg","datePublished":"2014-11-14T10:46:09+00:00","dateModified":"2016-01-07T10:38:07+00:00","description":"Kamenn\u00e9 obklady a kamenn\u00e9 dla\u017eby jak pravideln\u00e9 tvary tak i nepravideln\u00e9. K\u00e1men je v\u00fdborn\u00fd p\u0159\u00edrodn\u00ed materi\u00e1l. Skv\u011bl\u00e9 \u0159e\u0161en\u00ed pro v\u00e1\u0161 d\u016fm i komer\u010dn\u00ed prostory.","breadcrumb":{"@id":"https:\/\/www.prazskykamen.cz\/en\/kamenne-produkty\/kamenne-obklady-a-dlazby\/#breadcrumb"},"inLanguage":"en-GB","potentialAction":[{"@type":"ReadAction","target":["https:\/\/www.prazskykamen.cz\/en\/kamenne-produkty\/kamenne-obklady-a-dlazby\/"]}]},{"@type":"ImageObject","inLanguage":"en-GB","@id":"https:\/\/www.prazskykamen.cz\/en\/kamenne-produkty\/kamenne-obklady-a-dlazby\/#primaryimage","url":"https:\/\/www.prazskykamen.cz\/wp-content\/uploads\/2014\/11\/kamenna-title.jpg","contentUrl":"https:\/\/www.prazskykamen.cz\/wp-content\/uploads\/2014\/11\/kamenna-title.jpg"},{"@type":"BreadcrumbList","@id":"https:\/\/www.prazskykamen.cz\/en\/kamenne-produkty\/kamenne-obklady-a-dlazby\/#breadcrumb","itemListElement":[{"@type":"ListItem","position":1,"name":"Dom\u016f","item":"https:\/\/www.prazskykamen.cz\/en\/"},{"@type":"ListItem","position":2,"name":"STONE PRODUCTS","item":"https:\/\/www.prazskykamen.cz\/en\/kamenne-produkty\/"},{"@type":"ListItem","position":3,"name":"STONE PAVING AND FACING"}]},{"@type":"WebSite","@id":"https:\/\/www.prazskykamen.cz\/en\/#website","url":"https:\/\/www.prazskykamen.cz\/en\/","name":"Prague Stone","description":"Dal\u0161\u00ed nov\u00fd web v r\u00e1mci s\u00edt\u011b Pra\u017esk\u00fd k\u00e1men Sites","potentialAction":[{"@type":"SearchAction","target":{"@type":"EntryPoint","urlTemplate":"https:\/\/www.prazskykamen.cz\/en\/?s={search_term_string}"},"query-input":{"@type":"PropertyValueSpecification","valueRequired":true,"valueName":"search_term_string"}}],"inLanguage":"en-GB"}]}},"_links":{"self":[{"href":"https:\/\/www.prazskykamen.cz\/en\/wp-json\/wp\/v2\/pages\/61","targetHints":{"allow":["GET"]}}],"collection":[{"href":"https:\/\/www.prazskykamen.cz\/en\/wp-json\/wp\/v2\/pages"}],"about":[{"href":"https:\/\/www.prazskykamen.cz\/en\/wp-json\/wp\/v2\/types\/page"}],"author":[{"embeddable":true,"href":"https:\/\/www.prazskykamen.cz\/en\/wp-json\/wp\/v2\/users\/1"}],"replies":[{"embeddable":true,"href":"https:\/\/www.prazskykamen.cz\/en\/wp-json\/wp\/v2\/comments?post=61"}],"version-history":[{"count":6,"href":"https:\/\/www.prazskykamen.cz\/en\/wp-json\/wp\/v2\/pages\/61\/revisions"}],"predecessor-version":[{"id":6354,"href":"https:\/\/www.prazskykamen.cz\/en\/wp-json\/wp\/v2\/pages\/61\/revisions\/6354"}],"up":[{"embeddable":true,"href":"https:\/\/www.prazskykamen.cz\/en\/wp-json\/wp\/v2\/pages\/42"}],"wp:attachment":[{"href":"https:\/\/www.prazskykamen.cz\/en\/wp-json\/wp\/v2\/media?parent=61"}],"curies":[{"name":"wp","href":"https:\/\/api.w.org\/{rel}","templated":true}]}}