{"id":5145,"date":"2015-03-24T10:49:34","date_gmt":"2015-03-24T09:49:34","guid":{"rendered":"https:\/\/www.prazskykamen.cz\/?page_id=5145"},"modified":"2016-01-04T06:48:54","modified_gmt":"2016-01-04T06:48:54","slug":"bazenove-lemy-seda-zula","status":"publish","type":"page","link":"https:\/\/www.prazskykamen.cz\/en\/kamenne-produkty\/bazeny\/bazenove-lemy\/bazenove-lemy-seda-zula\/","title":{"rendered":"BAZ\u00c9NOV\u00c9 LEMY \u0160ED\u00c1 \u017dULA"},"content":{"rendered":"<p>[et_pb_section][et_pb_row][et_pb_column type=&#8221;1_2&#8243;][et_pb_text admin_label=&#8221;Text&#8221; background_layout=&#8221;light&#8221; text_orientation=&#8221;left&#8221;]<\/p>\n<h1>POOL BORDERS\u00a0GRAY GRANITE<\/h1>\n<table>\n<tbody>\n<tr>\n<td>type of stone<\/td>\n<td>gray granite<\/td>\n<\/tr>\n<tr>\n<td>Surface<\/td>\n<td>baked<\/td>\n<\/tr>\n<tr>\n<td>Dimensions<\/td>\n<td>50 x 22 cm<\/td>\n<\/tr>\n<tr>\n<td>thickness<\/td>\n<td>3 cm<\/td>\n<\/tr>\n<\/tbody>\n<\/table>\n<p>[\/et_pb_text][\/et_pb_column][et_pb_column type=&#8221;1_2&#8243;][et_pb_text admin_label=&#8221;Text&#8221; background_layout=&#8221;light&#8221; text_orientation=&#8221;left&#8221;]<\/p>\n<p><img loading=\"lazy\" decoding=\"async\" class=\" size-full wp-image-5156 aligncenter\" src=\"https:\/\/www.prazskykamen.cz\/wp-content\/uploads\/2015\/03\/bazzenove-lemy-seda-zula.jpg\" alt=\"bazzenove-lemy-seda-zula\" width=\"362\" height=\"640\" \/><\/p>\n<p>[\/et_pb_text][\/et_pb_column][\/et_pb_row][\/et_pb_section]<\/p>\n","protected":false},"excerpt":{"rendered":"<p><div class=\"et_pb_section et_pb_section_0 et_section_regular\" >\n\t\t\t\t\n\t\t\t\t\n\t\t\t\t\n\t\t\t\t\n\t\t\t\t\n\t\t\t\t\n\t\t\t\t\n\t\t\t\t\n\t\t\t\t\n\t\t\t<\/div><div class=\"et_pb_row et_pb_row_0 et_pb_row_empty\">\n\t\t\t\t\n\t\t\t\t\n\t\t\t\t\n\t\t\t\t\n\t\t\t\t\n\t\t\t<\/div> POOL BORDERS\u00a0GRAY GRANITE type of stone gray granite Surface baked Dimensions 50 x 22 cm thickness 3 cm<\/p>\n","protected":false},"author":1,"featured_media":0,"parent":5110,"menu_order":0,"comment_status":"closed","ping_status":"open","template":"","meta":{"_et_pb_use_builder":"on","_et_pb_old_content":"","_et_gb_content_width":"","footnotes":""},"class_list":["post-5145","page","type-page","status-publish","hentry"],"yoast_head":"<!-- This site is optimized with the Yoast SEO plugin v23.7 - https:\/\/yoast.com\/wordpress\/plugins\/seo\/ -->\n<title>BAZ\u00c9NOV\u00c9 LEMY \u0160ED\u00c1 \u017dULA - Prague Stone<\/title>\n<meta name=\"robots\" content=\"index, follow, max-snippet:-1, max-image-preview:large, max-video-preview:-1\" \/>\n<link rel=\"canonical\" href=\"https:\/\/www.prazskykamen.cz\/en\/kamenne-produkty\/bazeny\/bazenove-lemy\/bazenove-lemy-seda-zula\/\" \/>\n<meta property=\"og:locale\" content=\"en_GB\" \/>\n<meta property=\"og:type\" content=\"article\" \/>\n<meta property=\"og:title\" content=\"BAZ\u00c9NOV\u00c9 LEMY \u0160ED\u00c1 \u017dULA - Prague Stone\" \/>\n<meta property=\"og:description\" content=\"POOL BORDERS\u00a0GRAY GRANITE type of stone gray granite Surface baked Dimensions 50 x 22 cm thickness 3 cm\" \/>\n<meta property=\"og:url\" content=\"https:\/\/www.prazskykamen.cz\/en\/kamenne-produkty\/bazeny\/bazenove-lemy\/bazenove-lemy-seda-zula\/\" \/>\n<meta property=\"og:site_name\" content=\"Prague Stone\" \/>\n<meta property=\"article:modified_time\" content=\"2016-01-04T06:48:54+00:00\" \/>\n<meta property=\"og:image\" content=\"https:\/\/www.prazskykamen.cz\/wp-content\/uploads\/2015\/03\/bazzenove-lemy-seda-zula.jpg\" \/>\n<meta name=\"twitter:card\" content=\"summary_large_image\" \/>\n<script type=\"application\/ld+json\" class=\"yoast-schema-graph\">{\"@context\":\"https:\/\/schema.org\",\"@graph\":[{\"@type\":\"WebPage\",\"@id\":\"https:\/\/www.prazskykamen.cz\/en\/kamenne-produkty\/bazeny\/bazenove-lemy\/bazenove-lemy-seda-zula\/\",\"url\":\"https:\/\/www.prazskykamen.cz\/en\/kamenne-produkty\/bazeny\/bazenove-lemy\/bazenove-lemy-seda-zula\/\",\"name\":\"BAZ\u00c9NOV\u00c9 LEMY \u0160ED\u00c1 \u017dULA - Prague Stone\",\"isPartOf\":{\"@id\":\"https:\/\/www.prazskykamen.cz\/en\/#website\"},\"primaryImageOfPage\":{\"@id\":\"https:\/\/www.prazskykamen.cz\/en\/kamenne-produkty\/bazeny\/bazenove-lemy\/bazenove-lemy-seda-zula\/#primaryimage\"},\"image\":{\"@id\":\"https:\/\/www.prazskykamen.cz\/en\/kamenne-produkty\/bazeny\/bazenove-lemy\/bazenove-lemy-seda-zula\/#primaryimage\"},\"thumbnailUrl\":\"https:\/\/www.prazskykamen.cz\/wp-content\/uploads\/2015\/03\/bazzenove-lemy-seda-zula.jpg\",\"datePublished\":\"2015-03-24T09:49:34+00:00\",\"dateModified\":\"2016-01-04T06:48:54+00:00\",\"breadcrumb\":{\"@id\":\"https:\/\/www.prazskykamen.cz\/en\/kamenne-produkty\/bazeny\/bazenove-lemy\/bazenove-lemy-seda-zula\/#breadcrumb\"},\"inLanguage\":\"en-GB\",\"potentialAction\":[{\"@type\":\"ReadAction\",\"target\":[\"https:\/\/www.prazskykamen.cz\/en\/kamenne-produkty\/bazeny\/bazenove-lemy\/bazenove-lemy-seda-zula\/\"]}]},{\"@type\":\"ImageObject\",\"inLanguage\":\"en-GB\",\"@id\":\"https:\/\/www.prazskykamen.cz\/en\/kamenne-produkty\/bazeny\/bazenove-lemy\/bazenove-lemy-seda-zula\/#primaryimage\",\"url\":\"https:\/\/www.prazskykamen.cz\/wp-content\/uploads\/2015\/03\/bazzenove-lemy-seda-zula.jpg\",\"contentUrl\":\"https:\/\/www.prazskykamen.cz\/wp-content\/uploads\/2015\/03\/bazzenove-lemy-seda-zula.jpg\"},{\"@type\":\"BreadcrumbList\",\"@id\":\"https:\/\/www.prazskykamen.cz\/en\/kamenne-produkty\/bazeny\/bazenove-lemy\/bazenove-lemy-seda-zula\/#breadcrumb\",\"itemListElement\":[{\"@type\":\"ListItem\",\"position\":1,\"name\":\"Dom\u016f\",\"item\":\"https:\/\/www.prazskykamen.cz\/en\/\"},{\"@type\":\"ListItem\",\"position\":2,\"name\":\"STONE PRODUCTS\",\"item\":\"https:\/\/www.prazskykamen.cz\/en\/kamenne-produkty\/\"},{\"@type\":\"ListItem\",\"position\":3,\"name\":\"POOL BORDERS\",\"item\":\"https:\/\/www.prazskykamen.cz\/en\/kamenne-produkty\/bazeny\/\"},{\"@type\":\"ListItem\",\"position\":4,\"name\":\"POOL BORDERS\",\"item\":\"https:\/\/www.prazskykamen.cz\/en\/kamenne-produkty\/bazeny\/bazenove-lemy\/\"},{\"@type\":\"ListItem\",\"position\":5,\"name\":\"BAZ\u00c9NOV\u00c9 LEMY \u0160ED\u00c1 \u017dULA\"}]},{\"@type\":\"WebSite\",\"@id\":\"https:\/\/www.prazskykamen.cz\/en\/#website\",\"url\":\"https:\/\/www.prazskykamen.cz\/en\/\",\"name\":\"Prague Stone\",\"description\":\"Dal\u0161\u00ed nov\u00fd web v r\u00e1mci s\u00edt\u011b Pra\u017esk\u00fd k\u00e1men Sites\",\"potentialAction\":[{\"@type\":\"SearchAction\",\"target\":{\"@type\":\"EntryPoint\",\"urlTemplate\":\"https:\/\/www.prazskykamen.cz\/en\/?s={search_term_string}\"},\"query-input\":{\"@type\":\"PropertyValueSpecification\",\"valueRequired\":true,\"valueName\":\"search_term_string\"}}],\"inLanguage\":\"en-GB\"}]}<\/script>\n<!-- \/ Yoast SEO plugin. -->","yoast_head_json":{"title":"BAZ\u00c9NOV\u00c9 LEMY \u0160ED\u00c1 \u017dULA - Prague Stone","robots":{"index":"index","follow":"follow","max-snippet":"max-snippet:-1","max-image-preview":"max-image-preview:large","max-video-preview":"max-video-preview:-1"},"canonical":"https:\/\/www.prazskykamen.cz\/en\/kamenne-produkty\/bazeny\/bazenove-lemy\/bazenove-lemy-seda-zula\/","og_locale":"en_GB","og_type":"article","og_title":"BAZ\u00c9NOV\u00c9 LEMY \u0160ED\u00c1 \u017dULA - Prague Stone","og_description":"POOL BORDERS\u00a0GRAY GRANITE type of stone gray granite Surface baked Dimensions 50 x 22 cm thickness 3 cm","og_url":"https:\/\/www.prazskykamen.cz\/en\/kamenne-produkty\/bazeny\/bazenove-lemy\/bazenove-lemy-seda-zula\/","og_site_name":"Prague Stone","article_modified_time":"2016-01-04T06:48:54+00:00","og_image":[{"url":"https:\/\/www.prazskykamen.cz\/wp-content\/uploads\/2015\/03\/bazzenove-lemy-seda-zula.jpg"}],"twitter_card":"summary_large_image","schema":{"@context":"https:\/\/schema.org","@graph":[{"@type":"WebPage","@id":"https:\/\/www.prazskykamen.cz\/en\/kamenne-produkty\/bazeny\/bazenove-lemy\/bazenove-lemy-seda-zula\/","url":"https:\/\/www.prazskykamen.cz\/en\/kamenne-produkty\/bazeny\/bazenove-lemy\/bazenove-lemy-seda-zula\/","name":"BAZ\u00c9NOV\u00c9 LEMY \u0160ED\u00c1 \u017dULA - Prague Stone","isPartOf":{"@id":"https:\/\/www.prazskykamen.cz\/en\/#website"},"primaryImageOfPage":{"@id":"https:\/\/www.prazskykamen.cz\/en\/kamenne-produkty\/bazeny\/bazenove-lemy\/bazenove-lemy-seda-zula\/#primaryimage"},"image":{"@id":"https:\/\/www.prazskykamen.cz\/en\/kamenne-produkty\/bazeny\/bazenove-lemy\/bazenove-lemy-seda-zula\/#primaryimage"},"thumbnailUrl":"https:\/\/www.prazskykamen.cz\/wp-content\/uploads\/2015\/03\/bazzenove-lemy-seda-zula.jpg","datePublished":"2015-03-24T09:49:34+00:00","dateModified":"2016-01-04T06:48:54+00:00","breadcrumb":{"@id":"https:\/\/www.prazskykamen.cz\/en\/kamenne-produkty\/bazeny\/bazenove-lemy\/bazenove-lemy-seda-zula\/#breadcrumb"},"inLanguage":"en-GB","potentialAction":[{"@type":"ReadAction","target":["https:\/\/www.prazskykamen.cz\/en\/kamenne-produkty\/bazeny\/bazenove-lemy\/bazenove-lemy-seda-zula\/"]}]},{"@type":"ImageObject","inLanguage":"en-GB","@id":"https:\/\/www.prazskykamen.cz\/en\/kamenne-produkty\/bazeny\/bazenove-lemy\/bazenove-lemy-seda-zula\/#primaryimage","url":"https:\/\/www.prazskykamen.cz\/wp-content\/uploads\/2015\/03\/bazzenove-lemy-seda-zula.jpg","contentUrl":"https:\/\/www.prazskykamen.cz\/wp-content\/uploads\/2015\/03\/bazzenove-lemy-seda-zula.jpg"},{"@type":"BreadcrumbList","@id":"https:\/\/www.prazskykamen.cz\/en\/kamenne-produkty\/bazeny\/bazenove-lemy\/bazenove-lemy-seda-zula\/#breadcrumb","itemListElement":[{"@type":"ListItem","position":1,"name":"Dom\u016f","item":"https:\/\/www.prazskykamen.cz\/en\/"},{"@type":"ListItem","position":2,"name":"STONE PRODUCTS","item":"https:\/\/www.prazskykamen.cz\/en\/kamenne-produkty\/"},{"@type":"ListItem","position":3,"name":"POOL BORDERS","item":"https:\/\/www.prazskykamen.cz\/en\/kamenne-produkty\/bazeny\/"},{"@type":"ListItem","position":4,"name":"POOL BORDERS","item":"https:\/\/www.prazskykamen.cz\/en\/kamenne-produkty\/bazeny\/bazenove-lemy\/"},{"@type":"ListItem","position":5,"name":"BAZ\u00c9NOV\u00c9 LEMY \u0160ED\u00c1 \u017dULA"}]},{"@type":"WebSite","@id":"https:\/\/www.prazskykamen.cz\/en\/#website","url":"https:\/\/www.prazskykamen.cz\/en\/","name":"Prague Stone","description":"Dal\u0161\u00ed nov\u00fd web v r\u00e1mci s\u00edt\u011b Pra\u017esk\u00fd k\u00e1men Sites","potentialAction":[{"@type":"SearchAction","target":{"@type":"EntryPoint","urlTemplate":"https:\/\/www.prazskykamen.cz\/en\/?s={search_term_string}"},"query-input":{"@type":"PropertyValueSpecification","valueRequired":true,"valueName":"search_term_string"}}],"inLanguage":"en-GB"}]}},"_links":{"self":[{"href":"https:\/\/www.prazskykamen.cz\/en\/wp-json\/wp\/v2\/pages\/5145","targetHints":{"allow":["GET"]}}],"collection":[{"href":"https:\/\/www.prazskykamen.cz\/en\/wp-json\/wp\/v2\/pages"}],"about":[{"href":"https:\/\/www.prazskykamen.cz\/en\/wp-json\/wp\/v2\/types\/page"}],"author":[{"embeddable":true,"href":"https:\/\/www.prazskykamen.cz\/en\/wp-json\/wp\/v2\/users\/1"}],"replies":[{"embeddable":true,"href":"https:\/\/www.prazskykamen.cz\/en\/wp-json\/wp\/v2\/comments?post=5145"}],"version-history":[{"count":1,"href":"https:\/\/www.prazskykamen.cz\/en\/wp-json\/wp\/v2\/pages\/5145\/revisions"}],"predecessor-version":[{"id":6228,"href":"https:\/\/www.prazskykamen.cz\/en\/wp-json\/wp\/v2\/pages\/5145\/revisions\/6228"}],"up":[{"embeddable":true,"href":"https:\/\/www.prazskykamen.cz\/en\/wp-json\/wp\/v2\/pages\/5110"}],"wp:attachment":[{"href":"https:\/\/www.prazskykamen.cz\/en\/wp-json\/wp\/v2\/media?parent=5145"}],"curies":[{"name":"wp","href":"https:\/\/api.w.org\/{rel}","templated":true}]}}