{"id":5110,"date":"2015-03-20T15:26:17","date_gmt":"2015-03-20T14:26:17","guid":{"rendered":"https:\/\/www.prazskykamen.cz\/?page_id=5110"},"modified":"2016-01-07T12:16:17","modified_gmt":"2016-01-07T12:16:17","slug":"bazenove-lemy","status":"publish","type":"page","link":"https:\/\/www.prazskykamen.cz\/en\/kamenne-produkty\/bazeny\/bazenove-lemy\/","title":{"rendered":"POOL BORDERS"},"content":{"rendered":"<p>[et_pb_section][et_pb_row][et_pb_column type=&#8221;1_2&#8243;][et_pb_text admin_label=&#8221;Text&#8221; background_layout=&#8221;light&#8221; text_orientation=&#8221;left&#8221;]<\/p>\n<h1>POOL BORDERS<\/h1>\n<p>Pool borders are the optimal choice for anyone who does not compromise. Na\u0161e Pool borders must meet several criteria for the safety of persons, and of course, the aesthetic aspect. Our rounded borders are very safe for children because they do not slip, and cannot injure themselves on the edges of the border. It also serves as a breakwater. The pool borders from stone also have a high added value in the form of a high aesthetic value. The natural color range of structures can be very difficult to imitate with artificial materials. Moreover, it is known that stone is a very durable material, which can be seen in many historical buildings.[\/et_pb_text][\/et_pb_column][et_pb_column type=&#8221;1_2&#8243;][et_pb_text admin_label=&#8221;Text&#8221; background_layout=&#8221;light&#8221; text_orientation=&#8221;left&#8221;] <img loading=\"lazy\" decoding=\"async\" class=\"alignnone size-full wp-image-5169\" src=\"https:\/\/www.prazskykamen.cz\/wp-content\/uploads\/2015\/03\/lemy.jpg\" alt=\"lemy\" width=\"520\" height=\"390\" \/> [\/et_pb_text][\/et_pb_column][\/et_pb_row][et_pb_row][et_pb_column type=&#8221;4_4&#8243;][et_pb_text admin_label=&#8221;Text&#8221; background_layout=&#8221;light&#8221; text_orientation=&#8221;left&#8221;]<\/p>\n<div class=\"rozcest-7\"><a href=\"https:\/\/www.prazskykamen.cz\/en\/kamenne-produkty\/bazeny\/bazenove-lemy\/bazenove-lemy-zluta-zula\"><img loading=\"lazy\" decoding=\"async\" class=\"alignnone wp-image-5158 size-thumbnail\" src=\"https:\/\/www.prazskykamen.cz\/wp-content\/uploads\/2015\/03\/bazenovy-lemy-zluta-zula-150x150.jpg\" alt=\"\" width=\"150\" height=\"150\" \/>Yellow granite<\/a><\/div>\n<div class=\"rozcest-7\"><a href=\"https:\/\/www.prazskykamen.cz\/en\/kamenne-produkty\/bazeny\/bazenove-lemy\/bazenove-lemy-seda-zula\"><img loading=\"lazy\" decoding=\"async\" class=\"alignnone wp-image-5156 size-thumbnail\" src=\"https:\/\/www.prazskykamen.cz\/wp-content\/uploads\/2015\/03\/bazzenove-lemy-seda-zula-150x150.jpg\" alt=\"\" width=\"150\" height=\"150\" \/><\/a> <a href=\"https:\/\/www.prazskykamen.cz\/en\/kamenne-produkty\/bazeny\/bazenove-lemy\/bazenove-lemy-seda-zula\">Gray granite<\/a><\/div>\n<div class=\"rozcest-7\"><a href=\"https:\/\/www.prazskykamen.cz\/en\/kamenne-produkty\/bazeny\/bazenove-lemy\/bazenove-lemy-tmava-zula\"><img loading=\"lazy\" decoding=\"async\" class=\"alignnone wp-image-5153 size-thumbnail\" src=\"https:\/\/www.prazskykamen.cz\/wp-content\/uploads\/2015\/03\/bazzenove-lemy-tmava-zula-150x150.jpg\" alt=\"\" width=\"150\" height=\"150\" \/><\/a> <a href=\"https:\/\/www.prazskykamen.cz\/en\/kamenne-produkty\/bazeny\/bazenove-lemy\/bazenove-lemy-tmava-zula\">Dark granite<\/a><\/div>\n<div class=\"rozcest-7\"><a href=\"https:\/\/www.prazskykamen.cz\/en\/kamenne-produkty\/bazeny\/bazenove-lemy\/bazenove-lemy-quartzite\"><img loading=\"lazy\" decoding=\"async\" class=\"alignnone wp-image-5160 size-thumbnail\" src=\"https:\/\/www.prazskykamen.cz\/wp-content\/uploads\/2015\/03\/bazenovy-lemy-quartzite1-150x150.jpg\" alt=\"\" width=\"150\" height=\"150\" \/><\/a>\u00a0<a href=\"https:\/\/www.prazskykamen.cz\/en\/kamenne-produkty\/bazeny\/bazenove-lemy\/bazenove-lemy-quartzite\">Quartzite<\/a><\/div>\n<div class=\"rozcest-7\"><a href=\"https:\/\/www.prazskykamen.cz\/en\/kamenne-produkty\/bazeny\/bazenove-lemy\/bazenove-lemy-giallo-di-istria\"><img loading=\"lazy\" decoding=\"async\" class=\"alignnone wp-image-5165 size-thumbnail\" src=\"https:\/\/www.prazskykamen.cz\/wp-content\/uploads\/2015\/03\/bazenovy-lemy-giallo-di-istria1-150x150.jpg\" alt=\"\" width=\"150\" height=\"150\" \/><\/a>\u00a0<a href=\"https:\/\/www.prazskykamen.cz\/en\/kamenne-produkty\/bazeny\/bazenove-lemy\/bazenove-lemy-giallo-di-istria\">Giallo di Istria<\/a><\/div>\n<div class=\"rozcest-7\"><a href=\"https:\/\/www.prazskykamen.cz\/en\/kamenne-produkty\/bazeny\/bazenove-lemy\/bazenove-lemy-travertin\"><img loading=\"lazy\" decoding=\"async\" class=\"alignnone wp-image-5139 size-thumbnail\" src=\"https:\/\/www.prazskykamen.cz\/wp-content\/uploads\/2015\/03\/lem-travertin4-150x150.jpg\" alt=\"\" width=\"150\" height=\"150\" \/><\/a>\u00a0<a href=\"https:\/\/www.prazskykamen.cz\/en\/kamenne-produkty\/bazeny\/bazenove-lemy\/bazenove-lemy-travertin\">Travertine<\/a><\/div>\n<p>[\/et_pb_text][\/et_pb_column][\/et_pb_row][\/et_pb_section]<\/p>\n","protected":false},"excerpt":{"rendered":"<p><div class=\"et_pb_section et_pb_section_0 et_section_regular\" >\n\t\t\t\t\n\t\t\t\t\n\t\t\t\t\n\t\t\t\t\n\t\t\t\t\n\t\t\t\t\n\t\t\t\t\n\t\t\t\t\n\t\t\t\t\n\t\t\t<\/div><div class=\"et_pb_row et_pb_row_0 et_pb_row_empty\">\n\t\t\t\t\n\t\t\t\t\n\t\t\t\t\n\t\t\t\t\n\t\t\t\t\n\t\t\t<\/div> POOL BORDERS Pool borders are the optimal choice for anyone who does not compromise. Na\u0161e Pool borders must meet several criteria for the safety of persons, and of course, the aesthetic aspect. Our rounded borders are very safe for children because they do not slip, and cannot injure themselves on the edges of the [&hellip;]<\/p>\n","protected":false},"author":1,"featured_media":0,"parent":74,"menu_order":0,"comment_status":"closed","ping_status":"open","template":"","meta":{"_et_pb_use_builder":"on","_et_pb_old_content":"","_et_gb_content_width":"","footnotes":""},"class_list":["post-5110","page","type-page","status-publish","hentry"],"yoast_head":"<!-- This site is optimized with the Yoast SEO plugin v23.7 - https:\/\/yoast.com\/wordpress\/plugins\/seo\/ -->\n<title>Baz\u00e9nov\u00e9 lemy | Kamenictv\u00ed Pra\u017esk\u00fd k\u00e1men<\/title>\n<meta name=\"description\" content=\"Kamenn\u00e9 baz\u00e9nov\u00e9 lemy ve vysok\u00e9 kvalit\u011b. Baz\u00e9nov\u00e9 lemy velmi vhodn\u011b dopln\u00ed v\u00e1\u0161 baz\u00e9n. Baz\u00e9nov\u00e9 lemy slou\u017e\u00ed jako vlnolam a opticky srovn\u00e1 nerovnosti baz\u00e9nu.\" \/>\n<meta name=\"robots\" content=\"index, follow, max-snippet:-1, max-image-preview:large, max-video-preview:-1\" \/>\n<link rel=\"canonical\" href=\"https:\/\/www.prazskykamen.cz\/en\/kamenne-produkty\/bazeny\/bazenove-lemy\/\" \/>\n<meta property=\"og:locale\" content=\"en_GB\" \/>\n<meta property=\"og:type\" content=\"article\" \/>\n<meta property=\"og:title\" content=\"Baz\u00e9nov\u00e9 lemy | Kamenictv\u00ed Pra\u017esk\u00fd k\u00e1men\" \/>\n<meta property=\"og:description\" content=\"Kamenn\u00e9 baz\u00e9nov\u00e9 lemy ve vysok\u00e9 kvalit\u011b. Baz\u00e9nov\u00e9 lemy velmi vhodn\u011b dopln\u00ed v\u00e1\u0161 baz\u00e9n. Baz\u00e9nov\u00e9 lemy slou\u017e\u00ed jako vlnolam a opticky srovn\u00e1 nerovnosti baz\u00e9nu.\" \/>\n<meta property=\"og:url\" content=\"https:\/\/www.prazskykamen.cz\/en\/kamenne-produkty\/bazeny\/bazenove-lemy\/\" \/>\n<meta property=\"og:site_name\" content=\"Prague Stone\" \/>\n<meta property=\"article:modified_time\" content=\"2016-01-07T12:16:17+00:00\" \/>\n<meta property=\"og:image\" content=\"https:\/\/www.prazskykamen.cz\/wp-content\/uploads\/2015\/03\/lemy.jpg\" \/>\n<meta name=\"twitter:card\" content=\"summary_large_image\" \/>\n<meta name=\"twitter:label1\" content=\"Estimated reading time\" \/>\n\t<meta name=\"twitter:data1\" content=\"1 minute\" \/>\n<script type=\"application\/ld+json\" class=\"yoast-schema-graph\">{\"@context\":\"https:\/\/schema.org\",\"@graph\":[{\"@type\":\"WebPage\",\"@id\":\"https:\/\/www.prazskykamen.cz\/en\/kamenne-produkty\/bazeny\/bazenove-lemy\/\",\"url\":\"https:\/\/www.prazskykamen.cz\/en\/kamenne-produkty\/bazeny\/bazenove-lemy\/\",\"name\":\"Baz\u00e9nov\u00e9 lemy | Kamenictv\u00ed Pra\u017esk\u00fd k\u00e1men\",\"isPartOf\":{\"@id\":\"https:\/\/www.prazskykamen.cz\/en\/#website\"},\"primaryImageOfPage\":{\"@id\":\"https:\/\/www.prazskykamen.cz\/en\/kamenne-produkty\/bazeny\/bazenove-lemy\/#primaryimage\"},\"image\":{\"@id\":\"https:\/\/www.prazskykamen.cz\/en\/kamenne-produkty\/bazeny\/bazenove-lemy\/#primaryimage\"},\"thumbnailUrl\":\"https:\/\/www.prazskykamen.cz\/wp-content\/uploads\/2015\/03\/lemy.jpg\",\"datePublished\":\"2015-03-20T14:26:17+00:00\",\"dateModified\":\"2016-01-07T12:16:17+00:00\",\"description\":\"Kamenn\u00e9 baz\u00e9nov\u00e9 lemy ve vysok\u00e9 kvalit\u011b. Baz\u00e9nov\u00e9 lemy velmi vhodn\u011b dopln\u00ed v\u00e1\u0161 baz\u00e9n. Baz\u00e9nov\u00e9 lemy slou\u017e\u00ed jako vlnolam a opticky srovn\u00e1 nerovnosti baz\u00e9nu.\",\"breadcrumb\":{\"@id\":\"https:\/\/www.prazskykamen.cz\/en\/kamenne-produkty\/bazeny\/bazenove-lemy\/#breadcrumb\"},\"inLanguage\":\"en-GB\",\"potentialAction\":[{\"@type\":\"ReadAction\",\"target\":[\"https:\/\/www.prazskykamen.cz\/en\/kamenne-produkty\/bazeny\/bazenove-lemy\/\"]}]},{\"@type\":\"ImageObject\",\"inLanguage\":\"en-GB\",\"@id\":\"https:\/\/www.prazskykamen.cz\/en\/kamenne-produkty\/bazeny\/bazenove-lemy\/#primaryimage\",\"url\":\"https:\/\/www.prazskykamen.cz\/wp-content\/uploads\/2015\/03\/lemy.jpg\",\"contentUrl\":\"https:\/\/www.prazskykamen.cz\/wp-content\/uploads\/2015\/03\/lemy.jpg\"},{\"@type\":\"BreadcrumbList\",\"@id\":\"https:\/\/www.prazskykamen.cz\/en\/kamenne-produkty\/bazeny\/bazenove-lemy\/#breadcrumb\",\"itemListElement\":[{\"@type\":\"ListItem\",\"position\":1,\"name\":\"Dom\u016f\",\"item\":\"https:\/\/www.prazskykamen.cz\/en\/\"},{\"@type\":\"ListItem\",\"position\":2,\"name\":\"STONE PRODUCTS\",\"item\":\"https:\/\/www.prazskykamen.cz\/en\/kamenne-produkty\/\"},{\"@type\":\"ListItem\",\"position\":3,\"name\":\"POOL BORDERS\",\"item\":\"https:\/\/www.prazskykamen.cz\/en\/kamenne-produkty\/bazeny\/\"},{\"@type\":\"ListItem\",\"position\":4,\"name\":\"POOL BORDERS\"}]},{\"@type\":\"WebSite\",\"@id\":\"https:\/\/www.prazskykamen.cz\/en\/#website\",\"url\":\"https:\/\/www.prazskykamen.cz\/en\/\",\"name\":\"Prague Stone\",\"description\":\"Dal\u0161\u00ed nov\u00fd web v r\u00e1mci s\u00edt\u011b Pra\u017esk\u00fd k\u00e1men Sites\",\"potentialAction\":[{\"@type\":\"SearchAction\",\"target\":{\"@type\":\"EntryPoint\",\"urlTemplate\":\"https:\/\/www.prazskykamen.cz\/en\/?s={search_term_string}\"},\"query-input\":{\"@type\":\"PropertyValueSpecification\",\"valueRequired\":true,\"valueName\":\"search_term_string\"}}],\"inLanguage\":\"en-GB\"}]}<\/script>\n<!-- \/ Yoast SEO plugin. -->","yoast_head_json":{"title":"Baz\u00e9nov\u00e9 lemy | Kamenictv\u00ed Pra\u017esk\u00fd k\u00e1men","description":"Kamenn\u00e9 baz\u00e9nov\u00e9 lemy ve vysok\u00e9 kvalit\u011b. Baz\u00e9nov\u00e9 lemy velmi vhodn\u011b dopln\u00ed v\u00e1\u0161 baz\u00e9n. Baz\u00e9nov\u00e9 lemy slou\u017e\u00ed jako vlnolam a opticky srovn\u00e1 nerovnosti baz\u00e9nu.","robots":{"index":"index","follow":"follow","max-snippet":"max-snippet:-1","max-image-preview":"max-image-preview:large","max-video-preview":"max-video-preview:-1"},"canonical":"https:\/\/www.prazskykamen.cz\/en\/kamenne-produkty\/bazeny\/bazenove-lemy\/","og_locale":"en_GB","og_type":"article","og_title":"Baz\u00e9nov\u00e9 lemy | Kamenictv\u00ed Pra\u017esk\u00fd k\u00e1men","og_description":"Kamenn\u00e9 baz\u00e9nov\u00e9 lemy ve vysok\u00e9 kvalit\u011b. Baz\u00e9nov\u00e9 lemy velmi vhodn\u011b dopln\u00ed v\u00e1\u0161 baz\u00e9n. Baz\u00e9nov\u00e9 lemy slou\u017e\u00ed jako vlnolam a opticky srovn\u00e1 nerovnosti baz\u00e9nu.","og_url":"https:\/\/www.prazskykamen.cz\/en\/kamenne-produkty\/bazeny\/bazenove-lemy\/","og_site_name":"Prague Stone","article_modified_time":"2016-01-07T12:16:17+00:00","og_image":[{"url":"https:\/\/www.prazskykamen.cz\/wp-content\/uploads\/2015\/03\/lemy.jpg"}],"twitter_card":"summary_large_image","twitter_misc":{"Estimated reading time":"1 minute"},"schema":{"@context":"https:\/\/schema.org","@graph":[{"@type":"WebPage","@id":"https:\/\/www.prazskykamen.cz\/en\/kamenne-produkty\/bazeny\/bazenove-lemy\/","url":"https:\/\/www.prazskykamen.cz\/en\/kamenne-produkty\/bazeny\/bazenove-lemy\/","name":"Baz\u00e9nov\u00e9 lemy | Kamenictv\u00ed Pra\u017esk\u00fd k\u00e1men","isPartOf":{"@id":"https:\/\/www.prazskykamen.cz\/en\/#website"},"primaryImageOfPage":{"@id":"https:\/\/www.prazskykamen.cz\/en\/kamenne-produkty\/bazeny\/bazenove-lemy\/#primaryimage"},"image":{"@id":"https:\/\/www.prazskykamen.cz\/en\/kamenne-produkty\/bazeny\/bazenove-lemy\/#primaryimage"},"thumbnailUrl":"https:\/\/www.prazskykamen.cz\/wp-content\/uploads\/2015\/03\/lemy.jpg","datePublished":"2015-03-20T14:26:17+00:00","dateModified":"2016-01-07T12:16:17+00:00","description":"Kamenn\u00e9 baz\u00e9nov\u00e9 lemy ve vysok\u00e9 kvalit\u011b. Baz\u00e9nov\u00e9 lemy velmi vhodn\u011b dopln\u00ed v\u00e1\u0161 baz\u00e9n. Baz\u00e9nov\u00e9 lemy slou\u017e\u00ed jako vlnolam a opticky srovn\u00e1 nerovnosti baz\u00e9nu.","breadcrumb":{"@id":"https:\/\/www.prazskykamen.cz\/en\/kamenne-produkty\/bazeny\/bazenove-lemy\/#breadcrumb"},"inLanguage":"en-GB","potentialAction":[{"@type":"ReadAction","target":["https:\/\/www.prazskykamen.cz\/en\/kamenne-produkty\/bazeny\/bazenove-lemy\/"]}]},{"@type":"ImageObject","inLanguage":"en-GB","@id":"https:\/\/www.prazskykamen.cz\/en\/kamenne-produkty\/bazeny\/bazenove-lemy\/#primaryimage","url":"https:\/\/www.prazskykamen.cz\/wp-content\/uploads\/2015\/03\/lemy.jpg","contentUrl":"https:\/\/www.prazskykamen.cz\/wp-content\/uploads\/2015\/03\/lemy.jpg"},{"@type":"BreadcrumbList","@id":"https:\/\/www.prazskykamen.cz\/en\/kamenne-produkty\/bazeny\/bazenove-lemy\/#breadcrumb","itemListElement":[{"@type":"ListItem","position":1,"name":"Dom\u016f","item":"https:\/\/www.prazskykamen.cz\/en\/"},{"@type":"ListItem","position":2,"name":"STONE PRODUCTS","item":"https:\/\/www.prazskykamen.cz\/en\/kamenne-produkty\/"},{"@type":"ListItem","position":3,"name":"POOL BORDERS","item":"https:\/\/www.prazskykamen.cz\/en\/kamenne-produkty\/bazeny\/"},{"@type":"ListItem","position":4,"name":"POOL BORDERS"}]},{"@type":"WebSite","@id":"https:\/\/www.prazskykamen.cz\/en\/#website","url":"https:\/\/www.prazskykamen.cz\/en\/","name":"Prague Stone","description":"Dal\u0161\u00ed nov\u00fd web v r\u00e1mci s\u00edt\u011b Pra\u017esk\u00fd k\u00e1men Sites","potentialAction":[{"@type":"SearchAction","target":{"@type":"EntryPoint","urlTemplate":"https:\/\/www.prazskykamen.cz\/en\/?s={search_term_string}"},"query-input":{"@type":"PropertyValueSpecification","valueRequired":true,"valueName":"search_term_string"}}],"inLanguage":"en-GB"}]}},"_links":{"self":[{"href":"https:\/\/www.prazskykamen.cz\/en\/wp-json\/wp\/v2\/pages\/5110","targetHints":{"allow":["GET"]}}],"collection":[{"href":"https:\/\/www.prazskykamen.cz\/en\/wp-json\/wp\/v2\/pages"}],"about":[{"href":"https:\/\/www.prazskykamen.cz\/en\/wp-json\/wp\/v2\/types\/page"}],"author":[{"embeddable":true,"href":"https:\/\/www.prazskykamen.cz\/en\/wp-json\/wp\/v2\/users\/1"}],"replies":[{"embeddable":true,"href":"https:\/\/www.prazskykamen.cz\/en\/wp-json\/wp\/v2\/comments?post=5110"}],"version-history":[{"count":3,"href":"https:\/\/www.prazskykamen.cz\/en\/wp-json\/wp\/v2\/pages\/5110\/revisions"}],"predecessor-version":[{"id":6400,"href":"https:\/\/www.prazskykamen.cz\/en\/wp-json\/wp\/v2\/pages\/5110\/revisions\/6400"}],"up":[{"embeddable":true,"href":"https:\/\/www.prazskykamen.cz\/en\/wp-json\/wp\/v2\/pages\/74"}],"wp:attachment":[{"href":"https:\/\/www.prazskykamen.cz\/en\/wp-json\/wp\/v2\/media?parent=5110"}],"curies":[{"name":"wp","href":"https:\/\/api.w.org\/{rel}","templated":true}]}}