{"id":42,"date":"2014-11-14T11:33:25","date_gmt":"2014-11-14T10:33:25","guid":{"rendered":"https:\/\/www.prazskykamen.cz\/?page_id=42"},"modified":"2022-10-06T13:44:52","modified_gmt":"2022-10-06T13:44:52","slug":"kamenne-produkty","status":"publish","type":"page","link":"https:\/\/www.prazskykamen.cz\/en\/kamenne-produkty\/","title":{"rendered":"STONE PRODUCTS"},"content":{"rendered":"<p>[et_pb_section fb_built=&#8221;1&#8243; _builder_version=&#8221;3.22&#8243; global_colors_info=&#8221;{}&#8221;][et_pb_row _builder_version=&#8221;3.25&#8243; background_size=&#8221;initial&#8221; background_position=&#8221;top_left&#8221; background_repeat=&#8221;repeat&#8221; global_colors_info=&#8221;{}&#8221;][et_pb_column type=&#8221;4_4&#8243; _builder_version=&#8221;3.25&#8243; custom_padding=&#8221;|||&#8221; global_colors_info=&#8221;{}&#8221; custom_padding__hover=&#8221;|||&#8221;][et_pb_text admin_label=&#8221;Text&#8221; _builder_version=&#8221;3.27.4&#8243; background_size=&#8221;initial&#8221; background_position=&#8221;top_left&#8221; background_repeat=&#8221;repeat&#8221; global_colors_info=&#8221;{}&#8221;]<\/p>\n<h1>Stone products<\/h1>\n<p>[\/et_pb_text][et_pb_text admin_label=&#8221;Text&#8221; _builder_version=&#8221;4.14.7&#8243; background_size=&#8221;initial&#8221; background_position=&#8221;top_left&#8221; background_repeat=&#8221;repeat&#8221; hover_enabled=&#8221;0&#8243; global_colors_info=&#8221;{}&#8221; sticky_enabled=&#8221;0&#8243;]<\/p>\n<div class=\"rozcest-5\"><a href=\"https:\/\/www.prazskykamen.cz\/en\/kamenne-produkty\/kamenne-obklady-a-dlazby\"><img loading=\"lazy\" decoding=\"async\" class=\"alignnone size-full wp-image-364\" src=\"https:\/\/www.prazskykamen.cz\/wp-content\/uploads\/2014\/11\/kam-dlazby-a-obklady.jpg\" alt=\"kamenn\u00e9 dla\u017eby a obklady\" width=\"200\" height=\"154\" \/><\/a> <a href=\"https:\/\/www.prazskykamen.cz\/en\/kamenne-produkty\/kamenne-obklady-a-dlazby\">Stone paving and facing<\/a><\/div>\n<div class=\"rozcest-5\"><a href=\"https:\/\/www.prazskykamen.cz\/en\/kamenne-produkty\/kuchyne\"><img loading=\"lazy\" decoding=\"async\" class=\"alignnone size-full wp-image-363\" src=\"https:\/\/www.prazskykamen.cz\/wp-content\/uploads\/2014\/11\/kuchyne.jpg\" alt=\"koupelny\" width=\"200\" height=\"154\" \/><\/a> <a href=\"https:\/\/www.prazskykamen.cz\/en\/kamenne-produkty\/kuchyne\">Kitchen<\/a><\/div>\n<div class=\"rozcest-5\"><a href=\"https:\/\/www.prazskykamen.cz\/en\/kamenne-produkty\/koupelny\"><img loading=\"lazy\" decoding=\"async\" class=\"alignnone wp-image-877 size-full\" src=\"https:\/\/www.prazskykamen.cz\/wp-content\/uploads\/2014\/11\/koupelna-tit-mala.jpg\" alt=\"\" width=\"200\" height=\"154\" \/><\/a> <a href=\"https:\/\/www.prazskykamen.cz\/en\/kamenne-produkty\/koupelny\">Bathroom <\/a><\/div>\n<div class=\"rozcest-5\"><a href=\"https:\/\/www.prazskykamen.cz\/en\/kamenne-produkty\/oblozeni-krbu-krbove-rimsy\/\"><img loading=\"lazy\" decoding=\"async\" class=\"alignnone wp-image-457 size-full\" src=\"https:\/\/www.prazskykamen.cz\/en\/wp-content\/uploads\/sites\/2\/2014\/11\/krby-tit1.jpg\" alt=\"\" width=\"200\" height=\"154\" \/><\/a> <a href=\"https:\/\/www.prazskykamen.cz\/en\/kamenne-produkty\/oblozeni-krbu-krbove-rimsy\/\">Fireplace<\/a><\/div>\n<div class=\"rozcest-5\"><a href=\"https:\/\/www.prazskykamen.cz\/en\/kamenne-produkty\/kamenne-parapety\/\"><img loading=\"lazy\" decoding=\"async\" class=\"alignnone wp-image-455 size-full\" src=\"https:\/\/www.prazskykamen.cz\/en\/wp-content\/uploads\/sites\/2\/2014\/11\/parapety-tit1.jpg\" alt=\"\" width=\"200\" height=\"154\" \/><\/a> <a href=\"http:\/\/kamenne-produkty\/kamenne-parapety\/\">Parapets<\/a><\/div>\n<div class=\"rozcest-5\"><a href=\"https:\/\/www.prazskykamen.cz\/en\/kamenne-produkty\/bazeny\/\"><img loading=\"lazy\" decoding=\"async\" class=\"alignnone wp-image-453 size-full\" src=\"https:\/\/www.prazskykamen.cz\/en\/wp-content\/uploads\/sites\/2\/2014\/11\/bazeny-tit2.jpg\" alt=\"\" width=\"200\" height=\"154\" \/><\/a> <a href=\"https:\/\/www.prazskykamen.cz\/en\/kamenne-produkty\/bazeny\/\">Pool<\/a><\/div>\n<div class=\"rozcest-5\"><a href=\"https:\/\/www.prazskykamen.cz\/en\/kamenne-produkty\/schody\"><img loading=\"lazy\" decoding=\"async\" class=\"alignnone wp-image-461 size-full\" src=\"https:\/\/www.prazskykamen.cz\/wp-content\/uploads\/2014\/11\/schody-tit1.jpg\" alt=\"\" width=\"200\" height=\"154\" \/><\/a> <a href=\"https:\/\/www.prazskykamen.cz\/en\/kamenne-produkty\/schody\">Stairs<\/a><\/div>\n<div class=\"rozcest-5\"><a href=\"https:\/\/www.prazskykamen.cz\/en\/kamenne-produkty\/zidky-a-obklady-domu\"><img loading=\"lazy\" decoding=\"async\" class=\"alignnone wp-image-879 size-full\" src=\"https:\/\/www.prazskykamen.cz\/wp-content\/uploads\/2014\/11\/obkladydomutitul.jpg\" alt=\"\" width=\"200\" height=\"154\" \/><\/a> <a href=\"https:\/\/www.prazskykamen.cz\/en\/kamenne-produkty\/zidky-a-obklady-domu\">Home walls and facing<\/a><\/div>\n<div class=\"rozcest-5\"><a href=\"https:\/\/www.prazskykamen.cz\/en\/kamenne-produkty\/zahrada\"><img loading=\"lazy\" decoding=\"async\" class=\"alignnone wp-image-459 size-full\" src=\"https:\/\/www.prazskykamen.cz\/wp-content\/uploads\/2014\/11\/zahrada-tit1.jpg\" alt=\"\" width=\"200\" height=\"154\" \/><\/a> <a href=\"https:\/\/www.prazskykamen.cz\/en\/kamenne-produkty\/zahrada\">Garden<\/a><\/div>\n<div class=\"rozcest-5\"><a href=\"https:\/\/www.prazskykamen.cz\/en\/kamenne-produkty\/specialni-kamenne-vyrobky\"><img loading=\"lazy\" decoding=\"async\" class=\"alignnone wp-image-465 size-full\" src=\"http:\/\/www.prazskykamen.cz\/en\/wp-content\/uploads\/sites\/2\/2022\/10\/nahled-spec-kam-vyr.jpg\" alt=\"\" width=\"200\" height=\"154\" \/><\/a> <a href=\"https:\/\/www.prazskykamen.cz\/en\/kamenne-produkty\/specialni-kamenne-vyrobky\">Special stone products<\/a><\/div>\n<div class=\"rozcest-5\"><a href=\"https:\/\/www.prazskykamen.cz\/en\/kamenne-produkty\/backlit-onyx-and-marble-walls\"><img loading=\"lazy\" decoding=\"async\" class=\"alignnone size-full wp-image-364\" src=\"https:\/\/www.prazskykamen.cz\/wp-content\/uploads\/sites\/2\/2020\/06\/windhurst-1.jpg\" alt=\"\" width=\"200\" height=\"154\" \/><\/a> <a href=\"https:\/\/www.prazskykamen.cz\/en\/kamenne-produkty\/backlit-onyx-and-marble-walls\">Backlit onyx and marble walls<\/a><\/div>\n<div class=\"rozcest-5\"><a href=\"https:\/\/www.prazskykamen.cz\/en\/kamenne-produkty\/\/interior-stone-walls\"><img loading=\"lazy\" decoding=\"async\" class=\"alignnone size-full wp-image-364\" src=\"https:\/\/www.prazskykamen.cz\/wp-content\/uploads\/\/sites\/2\/2020\/06\/panda5.jpg\" alt=\"\" width=\"200\" height=\"154\" \/><\/a> <a href=\"https:\/\/www.prazskykamen.cz\/en\/kamenne-produkty\/interior-stone-walls\">Interior stone walls<\/a><\/div>\n<p>[\/et_pb_text][\/et_pb_column][\/et_pb_row][\/et_pb_section]<\/p>\n","protected":false},"excerpt":{"rendered":"<p>Stone products Stone paving and facing Kitchen Bathroom Fireplace Parapets Pool Stairs Home walls and facing Garden Special stone products Backlit onyx and marble walls Interior stone walls<\/p>\n","protected":false},"author":1,"featured_media":0,"parent":0,"menu_order":2,"comment_status":"open","ping_status":"closed","template":"","meta":{"_et_pb_use_builder":"on","_et_pb_old_content":"<p><img alt=\"\" \/>\u00a0\u00a0\u00a0\u00a0<\/p>","_et_gb_content_width":"","footnotes":""},"class_list":["post-42","page","type-page","status-publish","hentry"],"yoast_head":"<!-- This site is optimized with the Yoast SEO plugin v23.7 - https:\/\/yoast.com\/wordpress\/plugins\/seo\/ -->\n<title>STONE PRODUCTS - Prague Stone<\/title>\n<meta name=\"robots\" content=\"index, follow, max-snippet:-1, max-image-preview:large, max-video-preview:-1\" \/>\n<link rel=\"canonical\" href=\"https:\/\/www.prazskykamen.cz\/en\/kamenne-produkty\/\" \/>\n<meta property=\"og:locale\" content=\"en_GB\" \/>\n<meta property=\"og:type\" content=\"article\" \/>\n<meta property=\"og:title\" content=\"STONE PRODUCTS - Prague Stone\" \/>\n<meta property=\"og:description\" content=\"Stone products Stone paving and facing Kitchen Bathroom Fireplace Parapets Pool Stairs Home walls and facing Garden Special stone products Backlit onyx and marble walls Interior stone walls\" \/>\n<meta property=\"og:url\" content=\"https:\/\/www.prazskykamen.cz\/en\/kamenne-produkty\/\" \/>\n<meta property=\"og:site_name\" content=\"Prague Stone\" \/>\n<meta property=\"article:modified_time\" content=\"2022-10-06T13:44:52+00:00\" \/>\n<meta property=\"og:image\" content=\"https:\/\/www.prazskykamen.cz\/wp-content\/uploads\/2014\/11\/kam-dlazby-a-obklady.jpg\" \/>\n<meta name=\"twitter:card\" content=\"summary_large_image\" \/>\n<meta name=\"twitter:label1\" content=\"Estimated reading time\" \/>\n\t<meta name=\"twitter:data1\" content=\"1 minute\" \/>\n<script type=\"application\/ld+json\" class=\"yoast-schema-graph\">{\"@context\":\"https:\/\/schema.org\",\"@graph\":[{\"@type\":\"WebPage\",\"@id\":\"https:\/\/www.prazskykamen.cz\/en\/kamenne-produkty\/\",\"url\":\"https:\/\/www.prazskykamen.cz\/en\/kamenne-produkty\/\",\"name\":\"STONE PRODUCTS - Prague Stone\",\"isPartOf\":{\"@id\":\"https:\/\/www.prazskykamen.cz\/en\/#website\"},\"primaryImageOfPage\":{\"@id\":\"https:\/\/www.prazskykamen.cz\/en\/kamenne-produkty\/#primaryimage\"},\"image\":{\"@id\":\"https:\/\/www.prazskykamen.cz\/en\/kamenne-produkty\/#primaryimage\"},\"thumbnailUrl\":\"https:\/\/www.prazskykamen.cz\/wp-content\/uploads\/2014\/11\/kam-dlazby-a-obklady.jpg\",\"datePublished\":\"2014-11-14T10:33:25+00:00\",\"dateModified\":\"2022-10-06T13:44:52+00:00\",\"breadcrumb\":{\"@id\":\"https:\/\/www.prazskykamen.cz\/en\/kamenne-produkty\/#breadcrumb\"},\"inLanguage\":\"en-GB\",\"potentialAction\":[{\"@type\":\"ReadAction\",\"target\":[\"https:\/\/www.prazskykamen.cz\/en\/kamenne-produkty\/\"]}]},{\"@type\":\"ImageObject\",\"inLanguage\":\"en-GB\",\"@id\":\"https:\/\/www.prazskykamen.cz\/en\/kamenne-produkty\/#primaryimage\",\"url\":\"https:\/\/www.prazskykamen.cz\/wp-content\/uploads\/2014\/11\/kam-dlazby-a-obklady.jpg\",\"contentUrl\":\"https:\/\/www.prazskykamen.cz\/wp-content\/uploads\/2014\/11\/kam-dlazby-a-obklady.jpg\"},{\"@type\":\"BreadcrumbList\",\"@id\":\"https:\/\/www.prazskykamen.cz\/en\/kamenne-produkty\/#breadcrumb\",\"itemListElement\":[{\"@type\":\"ListItem\",\"position\":1,\"name\":\"Dom\u016f\",\"item\":\"https:\/\/www.prazskykamen.cz\/en\/\"},{\"@type\":\"ListItem\",\"position\":2,\"name\":\"STONE PRODUCTS\"}]},{\"@type\":\"WebSite\",\"@id\":\"https:\/\/www.prazskykamen.cz\/en\/#website\",\"url\":\"https:\/\/www.prazskykamen.cz\/en\/\",\"name\":\"Prague Stone\",\"description\":\"Dal\u0161\u00ed nov\u00fd web v r\u00e1mci s\u00edt\u011b Pra\u017esk\u00fd k\u00e1men Sites\",\"potentialAction\":[{\"@type\":\"SearchAction\",\"target\":{\"@type\":\"EntryPoint\",\"urlTemplate\":\"https:\/\/www.prazskykamen.cz\/en\/?s={search_term_string}\"},\"query-input\":{\"@type\":\"PropertyValueSpecification\",\"valueRequired\":true,\"valueName\":\"search_term_string\"}}],\"inLanguage\":\"en-GB\"}]}<\/script>\n<!-- \/ Yoast SEO plugin. -->","yoast_head_json":{"title":"STONE PRODUCTS - Prague Stone","robots":{"index":"index","follow":"follow","max-snippet":"max-snippet:-1","max-image-preview":"max-image-preview:large","max-video-preview":"max-video-preview:-1"},"canonical":"https:\/\/www.prazskykamen.cz\/en\/kamenne-produkty\/","og_locale":"en_GB","og_type":"article","og_title":"STONE PRODUCTS - Prague Stone","og_description":"Stone products Stone paving and facing Kitchen Bathroom Fireplace Parapets Pool Stairs Home walls and facing Garden Special stone products Backlit onyx and marble walls Interior stone walls","og_url":"https:\/\/www.prazskykamen.cz\/en\/kamenne-produkty\/","og_site_name":"Prague Stone","article_modified_time":"2022-10-06T13:44:52+00:00","og_image":[{"url":"https:\/\/www.prazskykamen.cz\/wp-content\/uploads\/2014\/11\/kam-dlazby-a-obklady.jpg"}],"twitter_card":"summary_large_image","twitter_misc":{"Estimated reading time":"1 minute"},"schema":{"@context":"https:\/\/schema.org","@graph":[{"@type":"WebPage","@id":"https:\/\/www.prazskykamen.cz\/en\/kamenne-produkty\/","url":"https:\/\/www.prazskykamen.cz\/en\/kamenne-produkty\/","name":"STONE PRODUCTS - Prague Stone","isPartOf":{"@id":"https:\/\/www.prazskykamen.cz\/en\/#website"},"primaryImageOfPage":{"@id":"https:\/\/www.prazskykamen.cz\/en\/kamenne-produkty\/#primaryimage"},"image":{"@id":"https:\/\/www.prazskykamen.cz\/en\/kamenne-produkty\/#primaryimage"},"thumbnailUrl":"https:\/\/www.prazskykamen.cz\/wp-content\/uploads\/2014\/11\/kam-dlazby-a-obklady.jpg","datePublished":"2014-11-14T10:33:25+00:00","dateModified":"2022-10-06T13:44:52+00:00","breadcrumb":{"@id":"https:\/\/www.prazskykamen.cz\/en\/kamenne-produkty\/#breadcrumb"},"inLanguage":"en-GB","potentialAction":[{"@type":"ReadAction","target":["https:\/\/www.prazskykamen.cz\/en\/kamenne-produkty\/"]}]},{"@type":"ImageObject","inLanguage":"en-GB","@id":"https:\/\/www.prazskykamen.cz\/en\/kamenne-produkty\/#primaryimage","url":"https:\/\/www.prazskykamen.cz\/wp-content\/uploads\/2014\/11\/kam-dlazby-a-obklady.jpg","contentUrl":"https:\/\/www.prazskykamen.cz\/wp-content\/uploads\/2014\/11\/kam-dlazby-a-obklady.jpg"},{"@type":"BreadcrumbList","@id":"https:\/\/www.prazskykamen.cz\/en\/kamenne-produkty\/#breadcrumb","itemListElement":[{"@type":"ListItem","position":1,"name":"Dom\u016f","item":"https:\/\/www.prazskykamen.cz\/en\/"},{"@type":"ListItem","position":2,"name":"STONE PRODUCTS"}]},{"@type":"WebSite","@id":"https:\/\/www.prazskykamen.cz\/en\/#website","url":"https:\/\/www.prazskykamen.cz\/en\/","name":"Prague Stone","description":"Dal\u0161\u00ed nov\u00fd web v r\u00e1mci s\u00edt\u011b Pra\u017esk\u00fd k\u00e1men Sites","potentialAction":[{"@type":"SearchAction","target":{"@type":"EntryPoint","urlTemplate":"https:\/\/www.prazskykamen.cz\/en\/?s={search_term_string}"},"query-input":{"@type":"PropertyValueSpecification","valueRequired":true,"valueName":"search_term_string"}}],"inLanguage":"en-GB"}]}},"_links":{"self":[{"href":"https:\/\/www.prazskykamen.cz\/en\/wp-json\/wp\/v2\/pages\/42","targetHints":{"allow":["GET"]}}],"collection":[{"href":"https:\/\/www.prazskykamen.cz\/en\/wp-json\/wp\/v2\/pages"}],"about":[{"href":"https:\/\/www.prazskykamen.cz\/en\/wp-json\/wp\/v2\/types\/page"}],"author":[{"embeddable":true,"href":"https:\/\/www.prazskykamen.cz\/en\/wp-json\/wp\/v2\/users\/1"}],"replies":[{"embeddable":true,"href":"https:\/\/www.prazskykamen.cz\/en\/wp-json\/wp\/v2\/comments?post=42"}],"version-history":[{"count":16,"href":"https:\/\/www.prazskykamen.cz\/en\/wp-json\/wp\/v2\/pages\/42\/revisions"}],"predecessor-version":[{"id":9600,"href":"https:\/\/www.prazskykamen.cz\/en\/wp-json\/wp\/v2\/pages\/42\/revisions\/9600"}],"wp:attachment":[{"href":"https:\/\/www.prazskykamen.cz\/en\/wp-json\/wp\/v2\/media?parent=42"}],"curies":[{"name":"wp","href":"https:\/\/api.w.org\/{rel}","templated":true}]}}