{"id":404,"date":"2014-12-16T10:18:36","date_gmt":"2014-12-16T09:18:36","guid":{"rendered":"https:\/\/www.prazskykamen.cz\/?page_id=404"},"modified":"2016-01-13T09:45:29","modified_gmt":"2016-01-13T09:45:29","slug":"na-miru-2","status":"publish","type":"page","link":"https:\/\/www.prazskykamen.cz\/en\/kamenne-produkty\/kamenne-obklady-a-dlazby\/na-miru-2\/","title":{"rendered":"CUSTOMIZED STONE"},"content":{"rendered":"<p>[et_pb_section][et_pb_row][et_pb_column type=&#8221;1_2&#8243;][et_pb_text admin_label=&#8221;Text&#8221; background_layout=&#8221;light&#8221; text_orientation=&#8221;left&#8221;]<\/p>\n<h1> Customized stone facing and paving<\/h1>\n<p>If you want to customize the size of the tiling to the room\u2019s shape or have specific requirements for &nbsp; size formats, we will cut the stone \u201cto order\u201d.<\/p>\n<p>The usual size of a ready \u2013 non-formatted board is 250 \u2013 300 x 130 \u2013 180 cm,&nbsp; so dimensionally satisfy even the most demanding pattern drawing.<br \/>\nOf course, the precision targeting and the preparation of detailed documentation precede the production. &amp; Nbsp; It was only after the approval of the stone is cut and assemble on site.<\/p>\n<p>Custom manufacturing of marble paving of various sizes. Choose from the section <a href=\"https:\/\/www.prazskykamen.cz\/en\/materialy\/materialy-mramor\">MARBLE<\/a>.<\/p>\n<p>Custom manufacturing of granite paving of various sizes. Choose from the section <a href=\"https:\/\/www.prazskykamen.cz\/en\/materialy\/materialy-zula\">GRANITE<\/a>.[\/et_pb_text][\/et_pb_column][et_pb_column type=&#8221;1_2&#8243;][et_pb_slider admin_label=&#8221;Slider&#8221; show_arrows=&#8221;on&#8221; show_pagination=&#8221;on&#8221; auto=&#8221;off&#8221; parallax=&#8221;off&#8221; parallax_method=&#8221;off&#8221;][et_pb_slide background_image=&#8221;https:\/\/www.prazskykamen.cz\/wp-content\/uploads\/2014\/12\/pila1.jpg&#8221; background_color=&#8221;#ffffff&#8221; alignment=&#8221;center&#8221; background_layout=&#8221;dark&#8221; \/][et_pb_slide background_image=&#8221;https:\/\/www.prazskykamen.cz\/wp-content\/uploads\/2014\/12\/pila2.jpg&#8221; background_color=&#8221;#ffffff&#8221; alignment=&#8221;center&#8221; background_layout=&#8221;dark&#8221; \/][et_pb_slide background_image=&#8221;https:\/\/www.prazskykamen.cz\/wp-content\/uploads\/2014\/12\/pila4.jpg&#8221; background_color=&#8221;#ffffff&#8221; alignment=&#8221;center&#8221; background_layout=&#8221;dark&#8221; \/][et_pb_slide background_image=&#8221;https:\/\/www.prazskykamen.cz\/wp-content\/uploads\/2014\/12\/pila3.jpg&#8221; background_color=&#8221;#ffffff&#8221; alignment=&#8221;center&#8221; background_layout=&#8221;dark&#8221; \/][\/et_pb_slider][\/et_pb_column][\/et_pb_row][\/et_pb_section]<\/p>\n","protected":false},"excerpt":{"rendered":"<p><div class=\"et_pb_section et_pb_section_0 et_section_regular\" >\n\t\t\t\t\n\t\t\t\t\n\t\t\t\t\n\t\t\t\t\n\t\t\t\t\n\t\t\t\t\n\t\t\t\t\n\t\t\t\t\n\t\t\t\t\n\t\t\t<\/div><div class=\"et_pb_row et_pb_row_0 et_pb_row_empty\">\n\t\t\t\t\n\t\t\t\t\n\t\t\t\t\n\t\t\t\t\n\t\t\t\t\n\t\t\t<\/div> Customized stone facing and paving If you want to customize the size of the tiling to the room\u2019s shape or have specific requirements for &nbsp; size formats, we will cut the stone \u201cto order\u201d. The usual size of a ready \u2013 non-formatted board is 250 \u2013 300 x 130 \u2013 180 cm,&nbsp; so dimensionally [&hellip;]<\/p>\n","protected":false},"author":1,"featured_media":0,"parent":61,"menu_order":0,"comment_status":"closed","ping_status":"open","template":"","meta":{"_et_pb_use_builder":"on","_et_pb_old_content":"","_et_gb_content_width":"","footnotes":""},"class_list":["post-404","page","type-page","status-publish","hentry"],"yoast_head":"<!-- This site is optimized with the Yoast SEO plugin v23.7 - https:\/\/yoast.com\/wordpress\/plugins\/seo\/ -->\n<title>Kamenn\u00e9 produkty na m\u00edru | Kamenictv\u00ed Pra\u017esk\u00fd k\u00e1men<\/title>\n<meta name=\"description\" content=\"Kamenn\u00e9 produkty p\u0159esn\u011b na m\u00edru. Kamenn\u00e9 obklady, kamenn\u00e1 dla\u017eba a dal\u0161\u00ed v\u00e1m p\u0159izp\u016fsob\u00edme podle va\u0161ich p\u0159edstav. Kamenictv\u00ed Pra\u017esk\u00fd k\u00e1men zajist\u00ed v\u0161e pot\u0159ebn\u00e9.\" \/>\n<meta name=\"robots\" content=\"index, follow, max-snippet:-1, max-image-preview:large, max-video-preview:-1\" \/>\n<link rel=\"canonical\" href=\"https:\/\/www.prazskykamen.cz\/en\/kamenne-produkty\/kamenne-obklady-a-dlazby\/na-miru-2\/\" \/>\n<meta property=\"og:locale\" content=\"en_GB\" \/>\n<meta property=\"og:type\" content=\"article\" \/>\n<meta property=\"og:title\" content=\"Kamenn\u00e9 produkty na m\u00edru | Kamenictv\u00ed Pra\u017esk\u00fd k\u00e1men\" \/>\n<meta property=\"og:description\" content=\"Kamenn\u00e9 produkty p\u0159esn\u011b na m\u00edru. Kamenn\u00e9 obklady, kamenn\u00e1 dla\u017eba a dal\u0161\u00ed v\u00e1m p\u0159izp\u016fsob\u00edme podle va\u0161ich p\u0159edstav. Kamenictv\u00ed Pra\u017esk\u00fd k\u00e1men zajist\u00ed v\u0161e pot\u0159ebn\u00e9.\" \/>\n<meta property=\"og:url\" content=\"https:\/\/www.prazskykamen.cz\/en\/kamenne-produkty\/kamenne-obklady-a-dlazby\/na-miru-2\/\" \/>\n<meta property=\"og:site_name\" content=\"Prague Stone\" \/>\n<meta property=\"article:modified_time\" content=\"2016-01-13T09:45:29+00:00\" \/>\n<meta name=\"twitter:card\" content=\"summary_large_image\" \/>\n<meta name=\"twitter:label1\" content=\"Estimated reading time\" \/>\n\t<meta name=\"twitter:data1\" content=\"1 minute\" \/>\n<script type=\"application\/ld+json\" class=\"yoast-schema-graph\">{\"@context\":\"https:\/\/schema.org\",\"@graph\":[{\"@type\":\"WebPage\",\"@id\":\"https:\/\/www.prazskykamen.cz\/en\/kamenne-produkty\/kamenne-obklady-a-dlazby\/na-miru-2\/\",\"url\":\"https:\/\/www.prazskykamen.cz\/en\/kamenne-produkty\/kamenne-obklady-a-dlazby\/na-miru-2\/\",\"name\":\"Kamenn\u00e9 produkty na m\u00edru | Kamenictv\u00ed Pra\u017esk\u00fd k\u00e1men\",\"isPartOf\":{\"@id\":\"https:\/\/www.prazskykamen.cz\/en\/#website\"},\"datePublished\":\"2014-12-16T09:18:36+00:00\",\"dateModified\":\"2016-01-13T09:45:29+00:00\",\"description\":\"Kamenn\u00e9 produkty p\u0159esn\u011b na m\u00edru. Kamenn\u00e9 obklady, kamenn\u00e1 dla\u017eba a dal\u0161\u00ed v\u00e1m p\u0159izp\u016fsob\u00edme podle va\u0161ich p\u0159edstav. Kamenictv\u00ed Pra\u017esk\u00fd k\u00e1men zajist\u00ed v\u0161e pot\u0159ebn\u00e9.\",\"breadcrumb\":{\"@id\":\"https:\/\/www.prazskykamen.cz\/en\/kamenne-produkty\/kamenne-obklady-a-dlazby\/na-miru-2\/#breadcrumb\"},\"inLanguage\":\"en-GB\",\"potentialAction\":[{\"@type\":\"ReadAction\",\"target\":[\"https:\/\/www.prazskykamen.cz\/en\/kamenne-produkty\/kamenne-obklady-a-dlazby\/na-miru-2\/\"]}]},{\"@type\":\"BreadcrumbList\",\"@id\":\"https:\/\/www.prazskykamen.cz\/en\/kamenne-produkty\/kamenne-obklady-a-dlazby\/na-miru-2\/#breadcrumb\",\"itemListElement\":[{\"@type\":\"ListItem\",\"position\":1,\"name\":\"Dom\u016f\",\"item\":\"https:\/\/www.prazskykamen.cz\/en\/\"},{\"@type\":\"ListItem\",\"position\":2,\"name\":\"STONE PRODUCTS\",\"item\":\"https:\/\/www.prazskykamen.cz\/en\/kamenne-produkty\/\"},{\"@type\":\"ListItem\",\"position\":3,\"name\":\"STONE PAVING AND FACING\",\"item\":\"https:\/\/www.prazskykamen.cz\/en\/kamenne-produkty\/kamenne-obklady-a-dlazby\/\"},{\"@type\":\"ListItem\",\"position\":4,\"name\":\"CUSTOMIZED STONE\"}]},{\"@type\":\"WebSite\",\"@id\":\"https:\/\/www.prazskykamen.cz\/en\/#website\",\"url\":\"https:\/\/www.prazskykamen.cz\/en\/\",\"name\":\"Prague Stone\",\"description\":\"Dal\u0161\u00ed nov\u00fd web v r\u00e1mci s\u00edt\u011b Pra\u017esk\u00fd k\u00e1men Sites\",\"potentialAction\":[{\"@type\":\"SearchAction\",\"target\":{\"@type\":\"EntryPoint\",\"urlTemplate\":\"https:\/\/www.prazskykamen.cz\/en\/?s={search_term_string}\"},\"query-input\":{\"@type\":\"PropertyValueSpecification\",\"valueRequired\":true,\"valueName\":\"search_term_string\"}}],\"inLanguage\":\"en-GB\"}]}<\/script>\n<!-- \/ Yoast SEO plugin. -->","yoast_head_json":{"title":"Kamenn\u00e9 produkty na m\u00edru | Kamenictv\u00ed Pra\u017esk\u00fd k\u00e1men","description":"Kamenn\u00e9 produkty p\u0159esn\u011b na m\u00edru. Kamenn\u00e9 obklady, kamenn\u00e1 dla\u017eba a dal\u0161\u00ed v\u00e1m p\u0159izp\u016fsob\u00edme podle va\u0161ich p\u0159edstav. Kamenictv\u00ed Pra\u017esk\u00fd k\u00e1men zajist\u00ed v\u0161e pot\u0159ebn\u00e9.","robots":{"index":"index","follow":"follow","max-snippet":"max-snippet:-1","max-image-preview":"max-image-preview:large","max-video-preview":"max-video-preview:-1"},"canonical":"https:\/\/www.prazskykamen.cz\/en\/kamenne-produkty\/kamenne-obklady-a-dlazby\/na-miru-2\/","og_locale":"en_GB","og_type":"article","og_title":"Kamenn\u00e9 produkty na m\u00edru | Kamenictv\u00ed Pra\u017esk\u00fd k\u00e1men","og_description":"Kamenn\u00e9 produkty p\u0159esn\u011b na m\u00edru. Kamenn\u00e9 obklady, kamenn\u00e1 dla\u017eba a dal\u0161\u00ed v\u00e1m p\u0159izp\u016fsob\u00edme podle va\u0161ich p\u0159edstav. Kamenictv\u00ed Pra\u017esk\u00fd k\u00e1men zajist\u00ed v\u0161e pot\u0159ebn\u00e9.","og_url":"https:\/\/www.prazskykamen.cz\/en\/kamenne-produkty\/kamenne-obklady-a-dlazby\/na-miru-2\/","og_site_name":"Prague Stone","article_modified_time":"2016-01-13T09:45:29+00:00","twitter_card":"summary_large_image","twitter_misc":{"Estimated reading time":"1 minute"},"schema":{"@context":"https:\/\/schema.org","@graph":[{"@type":"WebPage","@id":"https:\/\/www.prazskykamen.cz\/en\/kamenne-produkty\/kamenne-obklady-a-dlazby\/na-miru-2\/","url":"https:\/\/www.prazskykamen.cz\/en\/kamenne-produkty\/kamenne-obklady-a-dlazby\/na-miru-2\/","name":"Kamenn\u00e9 produkty na m\u00edru | Kamenictv\u00ed Pra\u017esk\u00fd k\u00e1men","isPartOf":{"@id":"https:\/\/www.prazskykamen.cz\/en\/#website"},"datePublished":"2014-12-16T09:18:36+00:00","dateModified":"2016-01-13T09:45:29+00:00","description":"Kamenn\u00e9 produkty p\u0159esn\u011b na m\u00edru. Kamenn\u00e9 obklady, kamenn\u00e1 dla\u017eba a dal\u0161\u00ed v\u00e1m p\u0159izp\u016fsob\u00edme podle va\u0161ich p\u0159edstav. Kamenictv\u00ed Pra\u017esk\u00fd k\u00e1men zajist\u00ed v\u0161e pot\u0159ebn\u00e9.","breadcrumb":{"@id":"https:\/\/www.prazskykamen.cz\/en\/kamenne-produkty\/kamenne-obklady-a-dlazby\/na-miru-2\/#breadcrumb"},"inLanguage":"en-GB","potentialAction":[{"@type":"ReadAction","target":["https:\/\/www.prazskykamen.cz\/en\/kamenne-produkty\/kamenne-obklady-a-dlazby\/na-miru-2\/"]}]},{"@type":"BreadcrumbList","@id":"https:\/\/www.prazskykamen.cz\/en\/kamenne-produkty\/kamenne-obklady-a-dlazby\/na-miru-2\/#breadcrumb","itemListElement":[{"@type":"ListItem","position":1,"name":"Dom\u016f","item":"https:\/\/www.prazskykamen.cz\/en\/"},{"@type":"ListItem","position":2,"name":"STONE PRODUCTS","item":"https:\/\/www.prazskykamen.cz\/en\/kamenne-produkty\/"},{"@type":"ListItem","position":3,"name":"STONE PAVING AND FACING","item":"https:\/\/www.prazskykamen.cz\/en\/kamenne-produkty\/kamenne-obklady-a-dlazby\/"},{"@type":"ListItem","position":4,"name":"CUSTOMIZED STONE"}]},{"@type":"WebSite","@id":"https:\/\/www.prazskykamen.cz\/en\/#website","url":"https:\/\/www.prazskykamen.cz\/en\/","name":"Prague Stone","description":"Dal\u0161\u00ed nov\u00fd web v r\u00e1mci s\u00edt\u011b Pra\u017esk\u00fd k\u00e1men Sites","potentialAction":[{"@type":"SearchAction","target":{"@type":"EntryPoint","urlTemplate":"https:\/\/www.prazskykamen.cz\/en\/?s={search_term_string}"},"query-input":{"@type":"PropertyValueSpecification","valueRequired":true,"valueName":"search_term_string"}}],"inLanguage":"en-GB"}]}},"_links":{"self":[{"href":"https:\/\/www.prazskykamen.cz\/en\/wp-json\/wp\/v2\/pages\/404","targetHints":{"allow":["GET"]}}],"collection":[{"href":"https:\/\/www.prazskykamen.cz\/en\/wp-json\/wp\/v2\/pages"}],"about":[{"href":"https:\/\/www.prazskykamen.cz\/en\/wp-json\/wp\/v2\/types\/page"}],"author":[{"embeddable":true,"href":"https:\/\/www.prazskykamen.cz\/en\/wp-json\/wp\/v2\/users\/1"}],"replies":[{"embeddable":true,"href":"https:\/\/www.prazskykamen.cz\/en\/wp-json\/wp\/v2\/comments?post=404"}],"version-history":[{"count":5,"href":"https:\/\/www.prazskykamen.cz\/en\/wp-json\/wp\/v2\/pages\/404\/revisions"}],"predecessor-version":[{"id":6657,"href":"https:\/\/www.prazskykamen.cz\/en\/wp-json\/wp\/v2\/pages\/404\/revisions\/6657"}],"up":[{"embeddable":true,"href":"https:\/\/www.prazskykamen.cz\/en\/wp-json\/wp\/v2\/pages\/61"}],"wp:attachment":[{"href":"https:\/\/www.prazskykamen.cz\/en\/wp-json\/wp\/v2\/media?parent=404"}],"curies":[{"name":"wp","href":"https:\/\/api.w.org\/{rel}","templated":true}]}}