{"id":40,"date":"2014-11-14T11:32:27","date_gmt":"2014-11-14T10:32:27","guid":{"rendered":"https:\/\/www.prazskykamen.cz\/?page_id=40"},"modified":"2016-01-25T09:35:39","modified_gmt":"2016-01-25T09:35:39","slug":"o-kamenictvi","status":"publish","type":"page","link":"https:\/\/www.prazskykamen.cz\/en\/o-kamenictvi\/","title":{"rendered":"ABOUT STONEMASONRY"},"content":{"rendered":"<p>[et_pb_section][et_pb_row][et_pb_column type=&#8221;1_2&#8243;][et_pb_text admin_label=&#8221;Text&#8221; background_layout=&#8221;light&#8221; text_orientation=&#8221;left&#8221;]<\/p>\n<h1>ABOUT STONEMASONRY<\/h1>\n<p>Pra\u017esk\u00fd K\u00e1men (Prague Stone) Stonemasonry was founded in 2002 by transforming the original stonemasonry workshop as well as being a natural successor to the Kamenictv\u00ed Petr\u00e1k s.r.o. company\u2019s tradition, which had been operating in the market for 19 years. We provide <strong> professional services <\/strong> in the processing of stones \u2013 marble, granite, sandstone. We import stone from many European countries, also using all the material resources from the Czech Republic. We are further processing stone on the latest CNC 2013 machines or by using conventional technologies. In order to create a contemporary appearance, the work is often performed by hand.<\/p>\n<p><strong> We have a very wide range of products and services in the field of stonemasonry:<\/strong><\/p>\n<ul>\n<li>cutting sandstone, argillite and limestone blocks<\/li>\n<li><a href=\"https:\/\/www.prazskykamen.cz\/en\/sluzby-kamenictvi\"> renovation and refurbishment <\/a> all parts of stone buildings<\/li>\n<li>standard stone products of all kinds, colors and textures<\/li>\n<li>import raw materials and stone products from 19 countries<\/li>\n<li>cooperation with many architectural studios<\/li>\n<li>proposals, project documentation, production and assembly implementation<\/li>\n<li><strong>a personal approach<\/strong> to each customer\u00a0including a children&#8217;s corner for the customers\u2019 children<\/li>\n<li>advisory activities in the given field<\/li>\n<li>wholesaling of materials to other processors<\/li>\n<li>sale and application of chemical agent for stone protection and maintenance<\/li>\n<\/ul>\n<p>[\/et_pb_text][\/et_pb_column][et_pb_column type=&#8221;1_2&#8243;][et_pb_slider admin_label=&#8221;Slider&#8221; show_arrows=&#8221;on&#8221; show_pagination=&#8221;on&#8221; auto=&#8221;off&#8221; parallax=&#8221;off&#8221; parallax_method=&#8221;off&#8221; module_class=&#8221;slidersheading&#8221;][et_pb_slide background_image=&#8221;https:\/\/www.prazskykamen.cz\/wp-content\/uploads\/2014\/11\/okasmenictvi9.jpg&#8221; background_color=&#8221;#ffffff&#8221; alignment=&#8221;center&#8221; background_layout=&#8221;dark&#8221; \/][et_pb_slide background_image=&#8221;https:\/\/www.prazskykamen.cz\/wp-content\/uploads\/2014\/11\/okamenictvi5.jpg&#8221; background_color=&#8221;#ffffff&#8221; alignment=&#8221;center&#8221; background_layout=&#8221;dark&#8221; image_alt=&#8221;Pra\u017esk\u00fd k\u00e1men&#8221; \/][et_pb_slide background_image=&#8221;https:\/\/www.prazskykamen.cz\/wp-content\/uploads\/2014\/11\/okamenictvi1.jpg&#8221; background_color=&#8221;#ffffff&#8221; alignment=&#8221;center&#8221; background_layout=&#8221;dark&#8221; \/][et_pb_slide background_image=&#8221;https:\/\/www.prazskykamen.cz\/wp-content\/uploads\/2014\/11\/okamenictvi2.jpg&#8221; background_color=&#8221;#ffffff&#8221; alignment=&#8221;center&#8221; background_layout=&#8221;dark&#8221; \/][et_pb_slide background_image=&#8221;https:\/\/www.prazskykamen.cz\/wp-content\/uploads\/2014\/11\/okamenictvi3.jpg&#8221; background_color=&#8221;#ffffff&#8221; alignment=&#8221;center&#8221; background_layout=&#8221;dark&#8221; \/][et_pb_slide background_image=&#8221;https:\/\/www.prazskykamen.cz\/wp-content\/uploads\/2014\/11\/okamenictvi4.jpg&#8221; background_color=&#8221;#ffffff&#8221; alignment=&#8221;center&#8221; background_layout=&#8221;dark&#8221; \/][et_pb_slide background_image=&#8221;https:\/\/www.prazskykamen.cz\/wp-content\/uploads\/2014\/11\/okamenictvi7.jpg&#8221; background_color=&#8221;#ffffff&#8221; alignment=&#8221;center&#8221; background_layout=&#8221;dark&#8221; \/][et_pb_slide background_image=&#8221;https:\/\/www.prazskykamen.cz\/wp-content\/uploads\/2014\/11\/detsky-koutek.jpg&#8221; background_color=&#8221;#ffffff&#8221; alignment=&#8221;center&#8221; background_layout=&#8221;dark&#8221; \/][\/et_pb_slider][et_pb_text admin_label=&#8221;Text&#8221; background_layout=&#8221;light&#8221; text_orientation=&#8221;left&#8221;]<iframe loading=\"lazy\" src=\"https:\/\/www.youtube.com\/embed\/OmW31q7YOm4?rel=0&amp;showinfo=0\" width=\"853\" height=\"480\" frameborder=\"0\" allowfullscreen=\"allowfullscreen\"><\/iframe>[\/et_pb_text][\/et_pb_column][\/et_pb_row][et_pb_row][et_pb_column type=&#8221;4_4&#8243;][et_pb_text admin_label=&#8221;Text&#8221; background_layout=&#8221;light&#8221; text_orientation=&#8221;left&#8221;]We have gained the position of a strong and quality supplier of stonemasonry and stone products among the large competition of stonemasonry companies. If you do not choose from the offer on our website, you can opt for a consultation, as well as calling or visiting us directly. Our stonemasonry is, naturally, ready to meet the demands of customers outside Prague.<\/p>\n<p><strong> Pra\u017esk\u00fd K\u00e1men Stonemasonry<\/strong> is the right choice.[\/et_pb_text][\/et_pb_column][\/et_pb_row][\/et_pb_section]<\/p>\n","protected":false},"excerpt":{"rendered":"<p><div class=\"et_pb_section et_pb_section_0 et_section_regular\" >\n\t\t\t\t\n\t\t\t\t\n\t\t\t\t\n\t\t\t\t\n\t\t\t\t\n\t\t\t\t\n\t\t\t\t\n\t\t\t\t\n\t\t\t\t\n\t\t\t<\/div><div class=\"et_pb_row et_pb_row_0 et_pb_row_empty\">\n\t\t\t\t\n\t\t\t\t\n\t\t\t\t\n\t\t\t\t\n\t\t\t\t\n\t\t\t<\/div> ABOUT STONEMASONRY Pra\u017esk\u00fd K\u00e1men (Prague Stone) Stonemasonry was founded in 2002 by transforming the original stonemasonry workshop as well as being a natural successor to the Kamenictv\u00ed Petr\u00e1k s.r.o. company\u2019s tradition, which had been operating in the market for 19 years. We provide professional services in the processing of stones \u2013 marble, granite, sandstone. [&hellip;]<\/p>\n","protected":false},"author":1,"featured_media":0,"parent":0,"menu_order":1,"comment_status":"open","ping_status":"open","template":"","meta":{"_et_pb_use_builder":"on","_et_pb_old_content":"","_et_gb_content_width":"","footnotes":""},"class_list":["post-40","page","type-page","status-publish","hentry"],"yoast_head":"<!-- This site is optimized with the Yoast SEO plugin v23.7 - https:\/\/yoast.com\/wordpress\/plugins\/seo\/ -->\n<title>Kamenictv\u00ed Praha | Kamenictv\u00ed Pra\u017esk\u00fd k\u00e1men<\/title>\n<meta name=\"description\" content=\"Kamenictv\u00ed Pra\u017esk\u00fd k\u00e1men v\u00fdborn\u00e1 volba pro va\u0161e pot\u0159eby. Dod\u00e1v\u00e1me kamenick\u00e9 slu\u017eby ve velk\u00e9m i mal\u00e9m rozsahu. Vyberete si opravdu v\u0161ichni. Ud\u011bl\u00e1me v\u00e1m cenu.\" \/>\n<meta name=\"robots\" content=\"index, follow, max-snippet:-1, max-image-preview:large, max-video-preview:-1\" \/>\n<link rel=\"canonical\" href=\"https:\/\/www.prazskykamen.cz\/en\/o-kamenictvi\/\" \/>\n<meta property=\"og:locale\" content=\"en_GB\" \/>\n<meta property=\"og:type\" content=\"article\" \/>\n<meta property=\"og:title\" content=\"Kamenictv\u00ed Praha | Kamenictv\u00ed Pra\u017esk\u00fd k\u00e1men\" \/>\n<meta property=\"og:description\" content=\"Kamenictv\u00ed Pra\u017esk\u00fd k\u00e1men v\u00fdborn\u00e1 volba pro va\u0161e pot\u0159eby. Dod\u00e1v\u00e1me kamenick\u00e9 slu\u017eby ve velk\u00e9m i mal\u00e9m rozsahu. Vyberete si opravdu v\u0161ichni. Ud\u011bl\u00e1me v\u00e1m cenu.\" \/>\n<meta property=\"og:url\" content=\"https:\/\/www.prazskykamen.cz\/en\/o-kamenictvi\/\" \/>\n<meta property=\"og:site_name\" content=\"Prague Stone\" \/>\n<meta property=\"article:modified_time\" content=\"2016-01-25T09:35:39+00:00\" \/>\n<meta name=\"twitter:card\" content=\"summary_large_image\" \/>\n<meta name=\"twitter:label1\" content=\"Estimated reading time\" \/>\n\t<meta name=\"twitter:data1\" content=\"3 minutes\" \/>\n<script type=\"application\/ld+json\" class=\"yoast-schema-graph\">{\"@context\":\"https:\/\/schema.org\",\"@graph\":[{\"@type\":\"WebPage\",\"@id\":\"https:\/\/www.prazskykamen.cz\/en\/o-kamenictvi\/\",\"url\":\"https:\/\/www.prazskykamen.cz\/en\/o-kamenictvi\/\",\"name\":\"Kamenictv\u00ed Praha | Kamenictv\u00ed Pra\u017esk\u00fd k\u00e1men\",\"isPartOf\":{\"@id\":\"https:\/\/www.prazskykamen.cz\/en\/#website\"},\"datePublished\":\"2014-11-14T10:32:27+00:00\",\"dateModified\":\"2016-01-25T09:35:39+00:00\",\"description\":\"Kamenictv\u00ed Pra\u017esk\u00fd k\u00e1men v\u00fdborn\u00e1 volba pro va\u0161e pot\u0159eby. Dod\u00e1v\u00e1me kamenick\u00e9 slu\u017eby ve velk\u00e9m i mal\u00e9m rozsahu. Vyberete si opravdu v\u0161ichni. Ud\u011bl\u00e1me v\u00e1m cenu.\",\"breadcrumb\":{\"@id\":\"https:\/\/www.prazskykamen.cz\/en\/o-kamenictvi\/#breadcrumb\"},\"inLanguage\":\"en-GB\",\"potentialAction\":[{\"@type\":\"ReadAction\",\"target\":[\"https:\/\/www.prazskykamen.cz\/en\/o-kamenictvi\/\"]}]},{\"@type\":\"BreadcrumbList\",\"@id\":\"https:\/\/www.prazskykamen.cz\/en\/o-kamenictvi\/#breadcrumb\",\"itemListElement\":[{\"@type\":\"ListItem\",\"position\":1,\"name\":\"Dom\u016f\",\"item\":\"https:\/\/www.prazskykamen.cz\/en\/\"},{\"@type\":\"ListItem\",\"position\":2,\"name\":\"ABOUT STONEMASONRY\"}]},{\"@type\":\"WebSite\",\"@id\":\"https:\/\/www.prazskykamen.cz\/en\/#website\",\"url\":\"https:\/\/www.prazskykamen.cz\/en\/\",\"name\":\"Prague Stone\",\"description\":\"Dal\u0161\u00ed nov\u00fd web v r\u00e1mci s\u00edt\u011b Pra\u017esk\u00fd k\u00e1men Sites\",\"potentialAction\":[{\"@type\":\"SearchAction\",\"target\":{\"@type\":\"EntryPoint\",\"urlTemplate\":\"https:\/\/www.prazskykamen.cz\/en\/?s={search_term_string}\"},\"query-input\":{\"@type\":\"PropertyValueSpecification\",\"valueRequired\":true,\"valueName\":\"search_term_string\"}}],\"inLanguage\":\"en-GB\"}]}<\/script>\n<!-- \/ Yoast SEO plugin. -->","yoast_head_json":{"title":"Kamenictv\u00ed Praha | Kamenictv\u00ed Pra\u017esk\u00fd k\u00e1men","description":"Kamenictv\u00ed Pra\u017esk\u00fd k\u00e1men v\u00fdborn\u00e1 volba pro va\u0161e pot\u0159eby. Dod\u00e1v\u00e1me kamenick\u00e9 slu\u017eby ve velk\u00e9m i mal\u00e9m rozsahu. Vyberete si opravdu v\u0161ichni. Ud\u011bl\u00e1me v\u00e1m cenu.","robots":{"index":"index","follow":"follow","max-snippet":"max-snippet:-1","max-image-preview":"max-image-preview:large","max-video-preview":"max-video-preview:-1"},"canonical":"https:\/\/www.prazskykamen.cz\/en\/o-kamenictvi\/","og_locale":"en_GB","og_type":"article","og_title":"Kamenictv\u00ed Praha | Kamenictv\u00ed Pra\u017esk\u00fd k\u00e1men","og_description":"Kamenictv\u00ed Pra\u017esk\u00fd k\u00e1men v\u00fdborn\u00e1 volba pro va\u0161e pot\u0159eby. Dod\u00e1v\u00e1me kamenick\u00e9 slu\u017eby ve velk\u00e9m i mal\u00e9m rozsahu. Vyberete si opravdu v\u0161ichni. Ud\u011bl\u00e1me v\u00e1m cenu.","og_url":"https:\/\/www.prazskykamen.cz\/en\/o-kamenictvi\/","og_site_name":"Prague Stone","article_modified_time":"2016-01-25T09:35:39+00:00","twitter_card":"summary_large_image","twitter_misc":{"Estimated reading time":"3 minutes"},"schema":{"@context":"https:\/\/schema.org","@graph":[{"@type":"WebPage","@id":"https:\/\/www.prazskykamen.cz\/en\/o-kamenictvi\/","url":"https:\/\/www.prazskykamen.cz\/en\/o-kamenictvi\/","name":"Kamenictv\u00ed Praha | Kamenictv\u00ed Pra\u017esk\u00fd k\u00e1men","isPartOf":{"@id":"https:\/\/www.prazskykamen.cz\/en\/#website"},"datePublished":"2014-11-14T10:32:27+00:00","dateModified":"2016-01-25T09:35:39+00:00","description":"Kamenictv\u00ed Pra\u017esk\u00fd k\u00e1men v\u00fdborn\u00e1 volba pro va\u0161e pot\u0159eby. Dod\u00e1v\u00e1me kamenick\u00e9 slu\u017eby ve velk\u00e9m i mal\u00e9m rozsahu. Vyberete si opravdu v\u0161ichni. Ud\u011bl\u00e1me v\u00e1m cenu.","breadcrumb":{"@id":"https:\/\/www.prazskykamen.cz\/en\/o-kamenictvi\/#breadcrumb"},"inLanguage":"en-GB","potentialAction":[{"@type":"ReadAction","target":["https:\/\/www.prazskykamen.cz\/en\/o-kamenictvi\/"]}]},{"@type":"BreadcrumbList","@id":"https:\/\/www.prazskykamen.cz\/en\/o-kamenictvi\/#breadcrumb","itemListElement":[{"@type":"ListItem","position":1,"name":"Dom\u016f","item":"https:\/\/www.prazskykamen.cz\/en\/"},{"@type":"ListItem","position":2,"name":"ABOUT STONEMASONRY"}]},{"@type":"WebSite","@id":"https:\/\/www.prazskykamen.cz\/en\/#website","url":"https:\/\/www.prazskykamen.cz\/en\/","name":"Prague Stone","description":"Dal\u0161\u00ed nov\u00fd web v r\u00e1mci s\u00edt\u011b Pra\u017esk\u00fd k\u00e1men Sites","potentialAction":[{"@type":"SearchAction","target":{"@type":"EntryPoint","urlTemplate":"https:\/\/www.prazskykamen.cz\/en\/?s={search_term_string}"},"query-input":{"@type":"PropertyValueSpecification","valueRequired":true,"valueName":"search_term_string"}}],"inLanguage":"en-GB"}]}},"_links":{"self":[{"href":"https:\/\/www.prazskykamen.cz\/en\/wp-json\/wp\/v2\/pages\/40","targetHints":{"allow":["GET"]}}],"collection":[{"href":"https:\/\/www.prazskykamen.cz\/en\/wp-json\/wp\/v2\/pages"}],"about":[{"href":"https:\/\/www.prazskykamen.cz\/en\/wp-json\/wp\/v2\/types\/page"}],"author":[{"embeddable":true,"href":"https:\/\/www.prazskykamen.cz\/en\/wp-json\/wp\/v2\/users\/1"}],"replies":[{"embeddable":true,"href":"https:\/\/www.prazskykamen.cz\/en\/wp-json\/wp\/v2\/comments?post=40"}],"version-history":[{"count":7,"href":"https:\/\/www.prazskykamen.cz\/en\/wp-json\/wp\/v2\/pages\/40\/revisions"}],"predecessor-version":[{"id":6788,"href":"https:\/\/www.prazskykamen.cz\/en\/wp-json\/wp\/v2\/pages\/40\/revisions\/6788"}],"wp:attachment":[{"href":"https:\/\/www.prazskykamen.cz\/en\/wp-json\/wp\/v2\/media?parent=40"}],"curies":[{"name":"wp","href":"https:\/\/api.w.org\/{rel}","templated":true}]}}