{"id":3232,"date":"2015-02-03T16:11:31","date_gmt":"2015-02-03T15:11:31","guid":{"rendered":"https:\/\/www.prazskykamen.cz\/?page_id=3232"},"modified":"2016-01-11T13:55:36","modified_gmt":"2016-01-11T13:55:36","slug":"piskovec-barevne-skaly","status":"publish","type":"page","link":"https:\/\/www.prazskykamen.cz\/en\/materialy\/materialy-piskovec\/piskovec-barevne-skaly\/","title":{"rendered":"Color range of sandstone"},"content":{"rendered":"<p>[et_pb_section][et_pb_row][et_pb_column type=&#8221;4_4&#8243;][et_pb_text admin_label=&#8221;Text&#8221; background_layout=&#8221;light&#8221; text_orientation=&#8221;left&#8221;]<\/p>\n<h1>Color range of sandstone<\/h1>\n<p>With this material, its color is not clearly indicated. Its colors vary from block to block, and basically we can say that it occurs in this color range.[\/et_pb_text][et_pb_gallery admin_label=&#8221;Gallery&#8221; gallery_ids=&#8221;6566,6567,6568,6569&#8243; fullwidth=&#8221;off&#8221; posts_number=&#8221;4&#8243; show_title_and_caption=&#8221;on&#8221; show_pagination=&#8221;on&#8221; background_layout=&#8221;light&#8221; \/][\/et_pb_column][\/et_pb_row][\/et_pb_section]<\/p>\n","protected":false},"excerpt":{"rendered":"<p><div class=\"et_pb_section et_pb_section_0 et_section_regular\" >\n\t\t\t\t\n\t\t\t\t\n\t\t\t\t\n\t\t\t\t\n\t\t\t\t\n\t\t\t\t\n\t\t\t\t\n\t\t\t\t\n\t\t\t\t\n\t\t\t<\/div><div class=\"et_pb_row et_pb_row_0 et_pb_row_empty\">\n\t\t\t\t\n\t\t\t\t\n\t\t\t\t\n\t\t\t\t\n\t\t\t\t\n\t\t\t<\/div>Color range of sandstone With this material, its color is not clearly indicated. Its colors vary from block to block, and basically we can say that it occurs in this color range.<\/p>\n","protected":false},"author":1,"featured_media":0,"parent":1186,"menu_order":0,"comment_status":"closed","ping_status":"open","template":"","meta":{"_et_pb_use_builder":"on","_et_pb_old_content":"","_et_gb_content_width":"","footnotes":""},"class_list":["post-3232","page","type-page","status-publish","hentry"],"yoast_head":"<!-- This site is optimized with the Yoast SEO plugin v23.7 - https:\/\/yoast.com\/wordpress\/plugins\/seo\/ -->\n<title>Color range of sandstone - Prague Stone<\/title>\n<meta name=\"robots\" content=\"index, follow, max-snippet:-1, max-image-preview:large, max-video-preview:-1\" \/>\n<link rel=\"canonical\" href=\"https:\/\/www.prazskykamen.cz\/en\/materialy\/materialy-piskovec\/piskovec-barevne-skaly\/\" \/>\n<meta property=\"og:locale\" content=\"en_GB\" \/>\n<meta property=\"og:type\" content=\"article\" \/>\n<meta property=\"og:title\" content=\"Color range of sandstone - Prague Stone\" \/>\n<meta property=\"og:description\" content=\"Color range of sandstone With this material, its color is not clearly indicated. Its colors vary from block to block, and basically we can say that it occurs in this color range.\" \/>\n<meta property=\"og:url\" content=\"https:\/\/www.prazskykamen.cz\/en\/materialy\/materialy-piskovec\/piskovec-barevne-skaly\/\" \/>\n<meta property=\"og:site_name\" content=\"Prague Stone\" \/>\n<meta property=\"article:modified_time\" content=\"2016-01-11T13:55:36+00:00\" \/>\n<meta name=\"twitter:card\" content=\"summary_large_image\" \/>\n<script type=\"application\/ld+json\" class=\"yoast-schema-graph\">{\"@context\":\"https:\/\/schema.org\",\"@graph\":[{\"@type\":\"WebPage\",\"@id\":\"https:\/\/www.prazskykamen.cz\/en\/materialy\/materialy-piskovec\/piskovec-barevne-skaly\/\",\"url\":\"https:\/\/www.prazskykamen.cz\/en\/materialy\/materialy-piskovec\/piskovec-barevne-skaly\/\",\"name\":\"Color range of sandstone - Prague Stone\",\"isPartOf\":{\"@id\":\"https:\/\/www.prazskykamen.cz\/en\/#website\"},\"datePublished\":\"2015-02-03T15:11:31+00:00\",\"dateModified\":\"2016-01-11T13:55:36+00:00\",\"breadcrumb\":{\"@id\":\"https:\/\/www.prazskykamen.cz\/en\/materialy\/materialy-piskovec\/piskovec-barevne-skaly\/#breadcrumb\"},\"inLanguage\":\"en-GB\",\"potentialAction\":[{\"@type\":\"ReadAction\",\"target\":[\"https:\/\/www.prazskykamen.cz\/en\/materialy\/materialy-piskovec\/piskovec-barevne-skaly\/\"]}]},{\"@type\":\"BreadcrumbList\",\"@id\":\"https:\/\/www.prazskykamen.cz\/en\/materialy\/materialy-piskovec\/piskovec-barevne-skaly\/#breadcrumb\",\"itemListElement\":[{\"@type\":\"ListItem\",\"position\":1,\"name\":\"Dom\u016f\",\"item\":\"https:\/\/www.prazskykamen.cz\/en\/\"},{\"@type\":\"ListItem\",\"position\":2,\"name\":\"MATERIALS\",\"item\":\"https:\/\/www.prazskykamen.cz\/en\/materialy\/\"},{\"@type\":\"ListItem\",\"position\":3,\"name\":\"SANDSTONE\",\"item\":\"https:\/\/www.prazskykamen.cz\/en\/materialy\/materialy-piskovec\/\"},{\"@type\":\"ListItem\",\"position\":4,\"name\":\"Color range of sandstone\"}]},{\"@type\":\"WebSite\",\"@id\":\"https:\/\/www.prazskykamen.cz\/en\/#website\",\"url\":\"https:\/\/www.prazskykamen.cz\/en\/\",\"name\":\"Prague Stone\",\"description\":\"Dal\u0161\u00ed nov\u00fd web v r\u00e1mci s\u00edt\u011b Pra\u017esk\u00fd k\u00e1men Sites\",\"potentialAction\":[{\"@type\":\"SearchAction\",\"target\":{\"@type\":\"EntryPoint\",\"urlTemplate\":\"https:\/\/www.prazskykamen.cz\/en\/?s={search_term_string}\"},\"query-input\":{\"@type\":\"PropertyValueSpecification\",\"valueRequired\":true,\"valueName\":\"search_term_string\"}}],\"inLanguage\":\"en-GB\"}]}<\/script>\n<!-- \/ Yoast SEO plugin. -->","yoast_head_json":{"title":"Color range of sandstone - Prague Stone","robots":{"index":"index","follow":"follow","max-snippet":"max-snippet:-1","max-image-preview":"max-image-preview:large","max-video-preview":"max-video-preview:-1"},"canonical":"https:\/\/www.prazskykamen.cz\/en\/materialy\/materialy-piskovec\/piskovec-barevne-skaly\/","og_locale":"en_GB","og_type":"article","og_title":"Color range of sandstone - Prague Stone","og_description":"Color range of sandstone With this material, its color is not clearly indicated. Its colors vary from block to block, and basically we can say that it occurs in this color range.","og_url":"https:\/\/www.prazskykamen.cz\/en\/materialy\/materialy-piskovec\/piskovec-barevne-skaly\/","og_site_name":"Prague Stone","article_modified_time":"2016-01-11T13:55:36+00:00","twitter_card":"summary_large_image","schema":{"@context":"https:\/\/schema.org","@graph":[{"@type":"WebPage","@id":"https:\/\/www.prazskykamen.cz\/en\/materialy\/materialy-piskovec\/piskovec-barevne-skaly\/","url":"https:\/\/www.prazskykamen.cz\/en\/materialy\/materialy-piskovec\/piskovec-barevne-skaly\/","name":"Color range of sandstone - Prague Stone","isPartOf":{"@id":"https:\/\/www.prazskykamen.cz\/en\/#website"},"datePublished":"2015-02-03T15:11:31+00:00","dateModified":"2016-01-11T13:55:36+00:00","breadcrumb":{"@id":"https:\/\/www.prazskykamen.cz\/en\/materialy\/materialy-piskovec\/piskovec-barevne-skaly\/#breadcrumb"},"inLanguage":"en-GB","potentialAction":[{"@type":"ReadAction","target":["https:\/\/www.prazskykamen.cz\/en\/materialy\/materialy-piskovec\/piskovec-barevne-skaly\/"]}]},{"@type":"BreadcrumbList","@id":"https:\/\/www.prazskykamen.cz\/en\/materialy\/materialy-piskovec\/piskovec-barevne-skaly\/#breadcrumb","itemListElement":[{"@type":"ListItem","position":1,"name":"Dom\u016f","item":"https:\/\/www.prazskykamen.cz\/en\/"},{"@type":"ListItem","position":2,"name":"MATERIALS","item":"https:\/\/www.prazskykamen.cz\/en\/materialy\/"},{"@type":"ListItem","position":3,"name":"SANDSTONE","item":"https:\/\/www.prazskykamen.cz\/en\/materialy\/materialy-piskovec\/"},{"@type":"ListItem","position":4,"name":"Color range of sandstone"}]},{"@type":"WebSite","@id":"https:\/\/www.prazskykamen.cz\/en\/#website","url":"https:\/\/www.prazskykamen.cz\/en\/","name":"Prague Stone","description":"Dal\u0161\u00ed nov\u00fd web v r\u00e1mci s\u00edt\u011b Pra\u017esk\u00fd k\u00e1men Sites","potentialAction":[{"@type":"SearchAction","target":{"@type":"EntryPoint","urlTemplate":"https:\/\/www.prazskykamen.cz\/en\/?s={search_term_string}"},"query-input":{"@type":"PropertyValueSpecification","valueRequired":true,"valueName":"search_term_string"}}],"inLanguage":"en-GB"}]}},"_links":{"self":[{"href":"https:\/\/www.prazskykamen.cz\/en\/wp-json\/wp\/v2\/pages\/3232","targetHints":{"allow":["GET"]}}],"collection":[{"href":"https:\/\/www.prazskykamen.cz\/en\/wp-json\/wp\/v2\/pages"}],"about":[{"href":"https:\/\/www.prazskykamen.cz\/en\/wp-json\/wp\/v2\/types\/page"}],"author":[{"embeddable":true,"href":"https:\/\/www.prazskykamen.cz\/en\/wp-json\/wp\/v2\/users\/1"}],"replies":[{"embeddable":true,"href":"https:\/\/www.prazskykamen.cz\/en\/wp-json\/wp\/v2\/comments?post=3232"}],"version-history":[{"count":3,"href":"https:\/\/www.prazskykamen.cz\/en\/wp-json\/wp\/v2\/pages\/3232\/revisions"}],"predecessor-version":[{"id":6570,"href":"https:\/\/www.prazskykamen.cz\/en\/wp-json\/wp\/v2\/pages\/3232\/revisions\/6570"}],"up":[{"embeddable":true,"href":"https:\/\/www.prazskykamen.cz\/en\/wp-json\/wp\/v2\/pages\/1186"}],"wp:attachment":[{"href":"https:\/\/www.prazskykamen.cz\/en\/wp-json\/wp\/v2\/media?parent=3232"}],"curies":[{"name":"wp","href":"https:\/\/api.w.org\/{rel}","templated":true}]}}