{"id":2762,"date":"2015-01-26T18:11:03","date_gmt":"2015-01-26T17:11:03","guid":{"rendered":"https:\/\/www.prazskykamen.cz\/?page_id=2762"},"modified":"2016-01-04T07:09:44","modified_gmt":"2016-01-04T07:09:44","slug":"giallo-veneziano","status":"publish","type":"page","link":"https:\/\/www.prazskykamen.cz\/en\/materialy\/materialy-zuly\/giallo-veneziano\/","title":{"rendered":"materialy zuly giallo veneziano"},"content":{"rendered":"<p>[et_pb_section][et_pb_row][et_pb_column type=&#8221;1_3&#8243;][et_pb_text admin_label=&#8221;Text&#8221; background_layout=&#8221;light&#8221; text_orientation=&#8221;left&#8221;]<\/p>\n<h1>GIALLO VENEZIANO<\/h1>\n<table>\n<tbody>\n<tr>\n<td>Type<\/td>\n<td>granite &#8211; igneous rock<\/td>\n<\/tr>\n<tr>\n<td>Thickness<\/td>\n<td>2 or 3 cm<\/td>\n<\/tr>\n<tr>\n<td>Surface<\/td>\n<td>polished, ground, antic or rough<\/td>\n<\/tr>\n<tr>\n<td>Indicative price<\/td>\n<td> CZK 4704 \/m<sup>2<\/sup> without VAT<\/td>\n<\/tr>\n<tr>\n<td>Note<\/td>\n<td>price for 2 cm&nbsp;thickness<\/td>\n<\/tr>\n<\/tbody>\n<\/table>\n<p>[\/et_pb_text][\/et_pb_column][et_pb_column type=&#8221;2_3&#8243;][et_pb_slider admin_label=&#8221;Slider&#8221; show_arrows=&#8221;on&#8221; show_pagination=&#8221;on&#8221; auto=&#8221;off&#8221; parallax=&#8221;off&#8221; parallax_method=&#8221;off&#8221;][et_pb_slide background_image=&#8221;https:\/\/www.prazskykamen.cz\/wp-content\/uploads\/2015\/01\/GIALLO-VENEZIANOdetail640.jpg&#8221; background_color=&#8221;#ffffff&#8221; alignment=&#8221;center&#8221; background_layout=&#8221;dark&#8221; \/][et_pb_slide background_image=&#8221;https:\/\/www.prazskykamen.cz\/wp-content\/uploads\/2015\/01\/GIALLO-VENEZIANO-DESKA640.jpg&#8221; background_color=&#8221;#ffffff&#8221; alignment=&#8221;center&#8221; background_layout=&#8221;dark&#8221; \/][\/et_pb_slider][\/et_pb_column][\/et_pb_row][\/et_pb_section]<\/p>\n","protected":false},"excerpt":{"rendered":"<p><div class=\"et_pb_section et_pb_section_0 et_section_regular\" >\n\t\t\t\t\n\t\t\t\t\n\t\t\t\t\n\t\t\t\t\n\t\t\t\t\n\t\t\t\t\n\t\t\t\t\n\t\t\t\t\n\t\t\t\t\n\t\t\t<\/div><div class=\"et_pb_row et_pb_row_0 et_pb_row_empty\">\n\t\t\t\t\n\t\t\t\t\n\t\t\t\t\n\t\t\t\t\n\t\t\t\t\n\t\t\t<\/div>GIALLO VENEZIANO Type granite &#8211; igneous rock Thickness 2 or 3 cm Surface polished, ground, antic or rough Indicative price CZK 4704 \/m2 without VAT Note price for 2 cm&nbsp;thickness<\/p>\n","protected":false},"author":1,"featured_media":0,"parent":545,"menu_order":0,"comment_status":"closed","ping_status":"open","template":"","meta":{"_et_pb_use_builder":"on","_et_pb_old_content":"","_et_gb_content_width":"","footnotes":""},"class_list":["post-2762","page","type-page","status-publish","hentry"],"yoast_head":"<!-- This site is optimized with the Yoast SEO plugin v23.7 - https:\/\/yoast.com\/wordpress\/plugins\/seo\/ -->\n<title>materialy zuly giallo veneziano - Prague Stone<\/title>\n<meta name=\"robots\" content=\"index, follow, max-snippet:-1, max-image-preview:large, max-video-preview:-1\" \/>\n<link rel=\"canonical\" href=\"https:\/\/www.prazskykamen.cz\/en\/materialy\/materialy-zuly\/giallo-veneziano\/\" \/>\n<meta property=\"og:locale\" content=\"en_GB\" \/>\n<meta property=\"og:type\" content=\"article\" \/>\n<meta property=\"og:title\" content=\"materialy zuly giallo veneziano - Prague Stone\" \/>\n<meta property=\"og:description\" content=\"GIALLO VENEZIANO Type granite - igneous rock Thickness 2 or 3 cm Surface polished, ground, antic or rough Indicative price CZK 4704 \/m2 without VAT Note price for 2 cm&nbsp;thickness\" \/>\n<meta property=\"og:url\" content=\"https:\/\/www.prazskykamen.cz\/en\/materialy\/materialy-zuly\/giallo-veneziano\/\" \/>\n<meta property=\"og:site_name\" content=\"Prague Stone\" \/>\n<meta property=\"article:modified_time\" content=\"2016-01-04T07:09:44+00:00\" \/>\n<meta name=\"twitter:card\" content=\"summary_large_image\" \/>\n<meta name=\"twitter:label1\" content=\"Estimated reading time\" \/>\n\t<meta name=\"twitter:data1\" content=\"1 minute\" \/>\n<script type=\"application\/ld+json\" class=\"yoast-schema-graph\">{\"@context\":\"https:\/\/schema.org\",\"@graph\":[{\"@type\":\"WebPage\",\"@id\":\"https:\/\/www.prazskykamen.cz\/en\/materialy\/materialy-zuly\/giallo-veneziano\/\",\"url\":\"https:\/\/www.prazskykamen.cz\/en\/materialy\/materialy-zuly\/giallo-veneziano\/\",\"name\":\"materialy zuly giallo veneziano - Prague Stone\",\"isPartOf\":{\"@id\":\"https:\/\/www.prazskykamen.cz\/en\/#website\"},\"datePublished\":\"2015-01-26T17:11:03+00:00\",\"dateModified\":\"2016-01-04T07:09:44+00:00\",\"breadcrumb\":{\"@id\":\"https:\/\/www.prazskykamen.cz\/en\/materialy\/materialy-zuly\/giallo-veneziano\/#breadcrumb\"},\"inLanguage\":\"en-GB\",\"potentialAction\":[{\"@type\":\"ReadAction\",\"target\":[\"https:\/\/www.prazskykamen.cz\/en\/materialy\/materialy-zuly\/giallo-veneziano\/\"]}]},{\"@type\":\"BreadcrumbList\",\"@id\":\"https:\/\/www.prazskykamen.cz\/en\/materialy\/materialy-zuly\/giallo-veneziano\/#breadcrumb\",\"itemListElement\":[{\"@type\":\"ListItem\",\"position\":1,\"name\":\"Dom\u016f\",\"item\":\"https:\/\/www.prazskykamen.cz\/en\/\"},{\"@type\":\"ListItem\",\"position\":2,\"name\":\"MATERIALS\",\"item\":\"https:\/\/www.prazskykamen.cz\/en\/materialy\/\"},{\"@type\":\"ListItem\",\"position\":3,\"name\":\"MATERIALS &#8211; GRANITE\",\"item\":\"https:\/\/www.prazskykamen.cz\/en\/materialy\/materialy-zuly\/\"},{\"@type\":\"ListItem\",\"position\":4,\"name\":\"materialy zuly giallo veneziano\"}]},{\"@type\":\"WebSite\",\"@id\":\"https:\/\/www.prazskykamen.cz\/en\/#website\",\"url\":\"https:\/\/www.prazskykamen.cz\/en\/\",\"name\":\"Prague Stone\",\"description\":\"Dal\u0161\u00ed nov\u00fd web v r\u00e1mci s\u00edt\u011b Pra\u017esk\u00fd k\u00e1men Sites\",\"potentialAction\":[{\"@type\":\"SearchAction\",\"target\":{\"@type\":\"EntryPoint\",\"urlTemplate\":\"https:\/\/www.prazskykamen.cz\/en\/?s={search_term_string}\"},\"query-input\":{\"@type\":\"PropertyValueSpecification\",\"valueRequired\":true,\"valueName\":\"search_term_string\"}}],\"inLanguage\":\"en-GB\"}]}<\/script>\n<!-- \/ Yoast SEO plugin. -->","yoast_head_json":{"title":"materialy zuly giallo veneziano - Prague Stone","robots":{"index":"index","follow":"follow","max-snippet":"max-snippet:-1","max-image-preview":"max-image-preview:large","max-video-preview":"max-video-preview:-1"},"canonical":"https:\/\/www.prazskykamen.cz\/en\/materialy\/materialy-zuly\/giallo-veneziano\/","og_locale":"en_GB","og_type":"article","og_title":"materialy zuly giallo veneziano - Prague Stone","og_description":"GIALLO VENEZIANO Type granite - igneous rock Thickness 2 or 3 cm Surface polished, ground, antic or rough Indicative price CZK 4704 \/m2 without VAT Note price for 2 cm&nbsp;thickness","og_url":"https:\/\/www.prazskykamen.cz\/en\/materialy\/materialy-zuly\/giallo-veneziano\/","og_site_name":"Prague Stone","article_modified_time":"2016-01-04T07:09:44+00:00","twitter_card":"summary_large_image","twitter_misc":{"Estimated reading time":"1 minute"},"schema":{"@context":"https:\/\/schema.org","@graph":[{"@type":"WebPage","@id":"https:\/\/www.prazskykamen.cz\/en\/materialy\/materialy-zuly\/giallo-veneziano\/","url":"https:\/\/www.prazskykamen.cz\/en\/materialy\/materialy-zuly\/giallo-veneziano\/","name":"materialy zuly giallo veneziano - Prague Stone","isPartOf":{"@id":"https:\/\/www.prazskykamen.cz\/en\/#website"},"datePublished":"2015-01-26T17:11:03+00:00","dateModified":"2016-01-04T07:09:44+00:00","breadcrumb":{"@id":"https:\/\/www.prazskykamen.cz\/en\/materialy\/materialy-zuly\/giallo-veneziano\/#breadcrumb"},"inLanguage":"en-GB","potentialAction":[{"@type":"ReadAction","target":["https:\/\/www.prazskykamen.cz\/en\/materialy\/materialy-zuly\/giallo-veneziano\/"]}]},{"@type":"BreadcrumbList","@id":"https:\/\/www.prazskykamen.cz\/en\/materialy\/materialy-zuly\/giallo-veneziano\/#breadcrumb","itemListElement":[{"@type":"ListItem","position":1,"name":"Dom\u016f","item":"https:\/\/www.prazskykamen.cz\/en\/"},{"@type":"ListItem","position":2,"name":"MATERIALS","item":"https:\/\/www.prazskykamen.cz\/en\/materialy\/"},{"@type":"ListItem","position":3,"name":"MATERIALS &#8211; GRANITE","item":"https:\/\/www.prazskykamen.cz\/en\/materialy\/materialy-zuly\/"},{"@type":"ListItem","position":4,"name":"materialy zuly giallo veneziano"}]},{"@type":"WebSite","@id":"https:\/\/www.prazskykamen.cz\/en\/#website","url":"https:\/\/www.prazskykamen.cz\/en\/","name":"Prague Stone","description":"Dal\u0161\u00ed nov\u00fd web v r\u00e1mci s\u00edt\u011b Pra\u017esk\u00fd k\u00e1men Sites","potentialAction":[{"@type":"SearchAction","target":{"@type":"EntryPoint","urlTemplate":"https:\/\/www.prazskykamen.cz\/en\/?s={search_term_string}"},"query-input":{"@type":"PropertyValueSpecification","valueRequired":true,"valueName":"search_term_string"}}],"inLanguage":"en-GB"}]}},"_links":{"self":[{"href":"https:\/\/www.prazskykamen.cz\/en\/wp-json\/wp\/v2\/pages\/2762","targetHints":{"allow":["GET"]}}],"collection":[{"href":"https:\/\/www.prazskykamen.cz\/en\/wp-json\/wp\/v2\/pages"}],"about":[{"href":"https:\/\/www.prazskykamen.cz\/en\/wp-json\/wp\/v2\/types\/page"}],"author":[{"embeddable":true,"href":"https:\/\/www.prazskykamen.cz\/en\/wp-json\/wp\/v2\/users\/1"}],"replies":[{"embeddable":true,"href":"https:\/\/www.prazskykamen.cz\/en\/wp-json\/wp\/v2\/comments?post=2762"}],"version-history":[{"count":1,"href":"https:\/\/www.prazskykamen.cz\/en\/wp-json\/wp\/v2\/pages\/2762\/revisions"}],"predecessor-version":[{"id":6269,"href":"https:\/\/www.prazskykamen.cz\/en\/wp-json\/wp\/v2\/pages\/2762\/revisions\/6269"}],"up":[{"embeddable":true,"href":"https:\/\/www.prazskykamen.cz\/en\/wp-json\/wp\/v2\/pages\/545"}],"wp:attachment":[{"href":"https:\/\/www.prazskykamen.cz\/en\/wp-json\/wp\/v2\/media?parent=2762"}],"curies":[{"name":"wp","href":"https:\/\/api.w.org\/{rel}","templated":true}]}}