{"id":2594,"date":"2015-01-21T14:40:21","date_gmt":"2015-01-21T13:40:21","guid":{"rendered":"https:\/\/www.prazskykamen.cz\/?page_id=2594"},"modified":"2015-12-21T11:10:40","modified_gmt":"2015-12-21T11:10:40","slug":"efekt-zdiva-jednotlive-triasovy-piskovec","status":"publish","type":"page","link":"https:\/\/www.prazskykamen.cz\/en\/kamenne-produkty\/kamenne-obklady-a-dlazby\/efekt-zdiva\/efekt-zdiva-jednotlive-triasovy-piskovec\/","title":{"rendered":"efekt zdiva jednotlive triasov\u00fd p\u00edskovec"},"content":{"rendered":"<p>[et_pb_section][et_pb_row][et_pb_column type=&#8221;1_3&#8243;][et_pb_text admin_label=&#8221;Text&#8221; background_layout=&#8221;light&#8221; text_orientation=&#8221;left&#8221;]<\/p>\n<h1>Triassic sandstone<\/h1>\n<table>\n<tbody>\n<tr>\n<td>Type<\/td>\n<td>sediment<\/td>\n<\/tr>\n<tr>\n<td>Thickness<\/td>\n<td>2 &#8211; 4 cm<\/td>\n<\/tr>\n<tr>\n<td>Surface<\/td>\n<td>naturally split<\/td>\n<\/tr>\n<tr>\n<td>Dimensions<\/td>\n<td>3 &#8211; 5, 5 &#8211; 7, 8 &#8211; 10 cm x free length to max. 50 cm<\/td>\n<\/tr>\n<tr>\n<td>Indicative price<\/td>\n<td>CZK 1800\/m<sup>2<\/sup> without VAT<\/td>\n<\/tr>\n<\/tbody>\n<\/table>\n<p>[\/et_pb_text][\/et_pb_column][et_pb_column type=&#8221;2_3&#8243;][et_pb_slider admin_label=&#8221;Slider&#8221; show_arrows=&#8221;on&#8221; show_pagination=&#8221;on&#8221; auto=&#8221;off&#8221; parallax=&#8221;off&#8221; parallax_method=&#8221;off&#8221;][et_pb_slide background_image=&#8221;https:\/\/www.prazskykamen.cz\/wp-content\/uploads\/2014\/12\/triasov\u00fd-p\u00edskovec-gal.jpg&#8221; background_color=&#8221;#ffffff&#8221; alignment=&#8221;center&#8221; background_layout=&#8221;dark&#8221; \/][et_pb_slide background_image=&#8221;https:\/\/www.prazskykamen.cz\/wp-content\/uploads\/2015\/01\/TRIASOV\u00dd-P\u00cdSKOVEC-detail.jpg&#8221; background_color=&#8221;#ffffff&#8221; alignment=&#8221;center&#8221; background_layout=&#8221;dark&#8221; \/][\/et_pb_slider][\/et_pb_column][\/et_pb_row][\/et_pb_section]<\/p>\n","protected":false},"excerpt":{"rendered":"<p><div class=\"et_pb_section et_pb_section_0 et_section_regular\" >\n\t\t\t\t\n\t\t\t\t\n\t\t\t\t\n\t\t\t\t\n\t\t\t\t\n\t\t\t\t\n\t\t\t\t\n\t\t\t\t\n\t\t\t\t\n\t\t\t<\/div><div class=\"et_pb_row et_pb_row_0 et_pb_row_empty\">\n\t\t\t\t\n\t\t\t\t\n\t\t\t\t\n\t\t\t\t\n\t\t\t\t\n\t\t\t<\/div> Triassic sandstone Type sediment Thickness 2 &#8211; 4 cm Surface naturally split Dimensions 3 &#8211; 5, 5 &#8211; 7, 8 &#8211; 10 cm x free length to max. 50 cm Indicative price CZK 1800\/m2 without VAT<\/p>\n","protected":false},"author":1,"featured_media":0,"parent":339,"menu_order":0,"comment_status":"closed","ping_status":"open","template":"","meta":{"_et_pb_use_builder":"on","_et_pb_old_content":"","_et_gb_content_width":"","footnotes":""},"class_list":["post-2594","page","type-page","status-publish","hentry"],"yoast_head":"<!-- This site is optimized with the Yoast SEO plugin v23.7 - https:\/\/yoast.com\/wordpress\/plugins\/seo\/ -->\n<title>efekt zdiva jednotlive triasov\u00fd p\u00edskovec - Prague Stone<\/title>\n<meta name=\"robots\" content=\"index, follow, max-snippet:-1, max-image-preview:large, max-video-preview:-1\" \/>\n<link rel=\"canonical\" href=\"https:\/\/www.prazskykamen.cz\/en\/kamenne-produkty\/kamenne-obklady-a-dlazby\/efekt-zdiva\/efekt-zdiva-jednotlive-triasovy-piskovec\/\" \/>\n<meta property=\"og:locale\" content=\"en_GB\" \/>\n<meta property=\"og:type\" content=\"article\" \/>\n<meta property=\"og:title\" content=\"efekt zdiva jednotlive triasov\u00fd p\u00edskovec - Prague Stone\" \/>\n<meta property=\"og:description\" content=\"Triassic sandstone Type sediment Thickness 2 - 4 cm Surface naturally split Dimensions 3 - 5, 5 - 7, 8 - 10 cm x free length to max. 50 cm Indicative price CZK 1800\/m2 without VAT\" \/>\n<meta property=\"og:url\" content=\"https:\/\/www.prazskykamen.cz\/en\/kamenne-produkty\/kamenne-obklady-a-dlazby\/efekt-zdiva\/efekt-zdiva-jednotlive-triasovy-piskovec\/\" \/>\n<meta property=\"og:site_name\" content=\"Prague Stone\" \/>\n<meta property=\"article:modified_time\" content=\"2015-12-21T11:10:40+00:00\" \/>\n<meta name=\"twitter:card\" content=\"summary_large_image\" \/>\n<meta name=\"twitter:label1\" content=\"Estimated reading time\" \/>\n\t<meta name=\"twitter:data1\" content=\"1 minute\" \/>\n<script type=\"application\/ld+json\" class=\"yoast-schema-graph\">{\"@context\":\"https:\/\/schema.org\",\"@graph\":[{\"@type\":\"WebPage\",\"@id\":\"https:\/\/www.prazskykamen.cz\/en\/kamenne-produkty\/kamenne-obklady-a-dlazby\/efekt-zdiva\/efekt-zdiva-jednotlive-triasovy-piskovec\/\",\"url\":\"https:\/\/www.prazskykamen.cz\/en\/kamenne-produkty\/kamenne-obklady-a-dlazby\/efekt-zdiva\/efekt-zdiva-jednotlive-triasovy-piskovec\/\",\"name\":\"efekt zdiva jednotlive triasov\u00fd p\u00edskovec - Prague Stone\",\"isPartOf\":{\"@id\":\"https:\/\/www.prazskykamen.cz\/en\/#website\"},\"datePublished\":\"2015-01-21T13:40:21+00:00\",\"dateModified\":\"2015-12-21T11:10:40+00:00\",\"breadcrumb\":{\"@id\":\"https:\/\/www.prazskykamen.cz\/en\/kamenne-produkty\/kamenne-obklady-a-dlazby\/efekt-zdiva\/efekt-zdiva-jednotlive-triasovy-piskovec\/#breadcrumb\"},\"inLanguage\":\"en-GB\",\"potentialAction\":[{\"@type\":\"ReadAction\",\"target\":[\"https:\/\/www.prazskykamen.cz\/en\/kamenne-produkty\/kamenne-obklady-a-dlazby\/efekt-zdiva\/efekt-zdiva-jednotlive-triasovy-piskovec\/\"]}]},{\"@type\":\"BreadcrumbList\",\"@id\":\"https:\/\/www.prazskykamen.cz\/en\/kamenne-produkty\/kamenne-obklady-a-dlazby\/efekt-zdiva\/efekt-zdiva-jednotlive-triasovy-piskovec\/#breadcrumb\",\"itemListElement\":[{\"@type\":\"ListItem\",\"position\":1,\"name\":\"Dom\u016f\",\"item\":\"https:\/\/www.prazskykamen.cz\/en\/\"},{\"@type\":\"ListItem\",\"position\":2,\"name\":\"STONE PRODUCTS\",\"item\":\"https:\/\/www.prazskykamen.cz\/en\/kamenne-produkty\/\"},{\"@type\":\"ListItem\",\"position\":3,\"name\":\"STONE PAVING AND FACING\",\"item\":\"https:\/\/www.prazskykamen.cz\/en\/kamenne-produkty\/kamenne-obklady-a-dlazby\/\"},{\"@type\":\"ListItem\",\"position\":4,\"name\":\"WALL EFFECT\",\"item\":\"https:\/\/www.prazskykamen.cz\/en\/kamenne-produkty\/kamenne-obklady-a-dlazby\/efekt-zdiva\/\"},{\"@type\":\"ListItem\",\"position\":5,\"name\":\"efekt zdiva jednotlive triasov\u00fd p\u00edskovec\"}]},{\"@type\":\"WebSite\",\"@id\":\"https:\/\/www.prazskykamen.cz\/en\/#website\",\"url\":\"https:\/\/www.prazskykamen.cz\/en\/\",\"name\":\"Prague Stone\",\"description\":\"Dal\u0161\u00ed nov\u00fd web v r\u00e1mci s\u00edt\u011b Pra\u017esk\u00fd k\u00e1men Sites\",\"potentialAction\":[{\"@type\":\"SearchAction\",\"target\":{\"@type\":\"EntryPoint\",\"urlTemplate\":\"https:\/\/www.prazskykamen.cz\/en\/?s={search_term_string}\"},\"query-input\":{\"@type\":\"PropertyValueSpecification\",\"valueRequired\":true,\"valueName\":\"search_term_string\"}}],\"inLanguage\":\"en-GB\"}]}<\/script>\n<!-- \/ Yoast SEO plugin. -->","yoast_head_json":{"title":"efekt zdiva jednotlive triasov\u00fd p\u00edskovec - Prague Stone","robots":{"index":"index","follow":"follow","max-snippet":"max-snippet:-1","max-image-preview":"max-image-preview:large","max-video-preview":"max-video-preview:-1"},"canonical":"https:\/\/www.prazskykamen.cz\/en\/kamenne-produkty\/kamenne-obklady-a-dlazby\/efekt-zdiva\/efekt-zdiva-jednotlive-triasovy-piskovec\/","og_locale":"en_GB","og_type":"article","og_title":"efekt zdiva jednotlive triasov\u00fd p\u00edskovec - Prague Stone","og_description":"Triassic sandstone Type sediment Thickness 2 - 4 cm Surface naturally split Dimensions 3 - 5, 5 - 7, 8 - 10 cm x free length to max. 50 cm Indicative price CZK 1800\/m2 without VAT","og_url":"https:\/\/www.prazskykamen.cz\/en\/kamenne-produkty\/kamenne-obklady-a-dlazby\/efekt-zdiva\/efekt-zdiva-jednotlive-triasovy-piskovec\/","og_site_name":"Prague Stone","article_modified_time":"2015-12-21T11:10:40+00:00","twitter_card":"summary_large_image","twitter_misc":{"Estimated reading time":"1 minute"},"schema":{"@context":"https:\/\/schema.org","@graph":[{"@type":"WebPage","@id":"https:\/\/www.prazskykamen.cz\/en\/kamenne-produkty\/kamenne-obklady-a-dlazby\/efekt-zdiva\/efekt-zdiva-jednotlive-triasovy-piskovec\/","url":"https:\/\/www.prazskykamen.cz\/en\/kamenne-produkty\/kamenne-obklady-a-dlazby\/efekt-zdiva\/efekt-zdiva-jednotlive-triasovy-piskovec\/","name":"efekt zdiva jednotlive triasov\u00fd p\u00edskovec - Prague Stone","isPartOf":{"@id":"https:\/\/www.prazskykamen.cz\/en\/#website"},"datePublished":"2015-01-21T13:40:21+00:00","dateModified":"2015-12-21T11:10:40+00:00","breadcrumb":{"@id":"https:\/\/www.prazskykamen.cz\/en\/kamenne-produkty\/kamenne-obklady-a-dlazby\/efekt-zdiva\/efekt-zdiva-jednotlive-triasovy-piskovec\/#breadcrumb"},"inLanguage":"en-GB","potentialAction":[{"@type":"ReadAction","target":["https:\/\/www.prazskykamen.cz\/en\/kamenne-produkty\/kamenne-obklady-a-dlazby\/efekt-zdiva\/efekt-zdiva-jednotlive-triasovy-piskovec\/"]}]},{"@type":"BreadcrumbList","@id":"https:\/\/www.prazskykamen.cz\/en\/kamenne-produkty\/kamenne-obklady-a-dlazby\/efekt-zdiva\/efekt-zdiva-jednotlive-triasovy-piskovec\/#breadcrumb","itemListElement":[{"@type":"ListItem","position":1,"name":"Dom\u016f","item":"https:\/\/www.prazskykamen.cz\/en\/"},{"@type":"ListItem","position":2,"name":"STONE PRODUCTS","item":"https:\/\/www.prazskykamen.cz\/en\/kamenne-produkty\/"},{"@type":"ListItem","position":3,"name":"STONE PAVING AND FACING","item":"https:\/\/www.prazskykamen.cz\/en\/kamenne-produkty\/kamenne-obklady-a-dlazby\/"},{"@type":"ListItem","position":4,"name":"WALL EFFECT","item":"https:\/\/www.prazskykamen.cz\/en\/kamenne-produkty\/kamenne-obklady-a-dlazby\/efekt-zdiva\/"},{"@type":"ListItem","position":5,"name":"efekt zdiva jednotlive triasov\u00fd p\u00edskovec"}]},{"@type":"WebSite","@id":"https:\/\/www.prazskykamen.cz\/en\/#website","url":"https:\/\/www.prazskykamen.cz\/en\/","name":"Prague Stone","description":"Dal\u0161\u00ed nov\u00fd web v r\u00e1mci s\u00edt\u011b Pra\u017esk\u00fd k\u00e1men Sites","potentialAction":[{"@type":"SearchAction","target":{"@type":"EntryPoint","urlTemplate":"https:\/\/www.prazskykamen.cz\/en\/?s={search_term_string}"},"query-input":{"@type":"PropertyValueSpecification","valueRequired":true,"valueName":"search_term_string"}}],"inLanguage":"en-GB"}]}},"_links":{"self":[{"href":"https:\/\/www.prazskykamen.cz\/en\/wp-json\/wp\/v2\/pages\/2594","targetHints":{"allow":["GET"]}}],"collection":[{"href":"https:\/\/www.prazskykamen.cz\/en\/wp-json\/wp\/v2\/pages"}],"about":[{"href":"https:\/\/www.prazskykamen.cz\/en\/wp-json\/wp\/v2\/types\/page"}],"author":[{"embeddable":true,"href":"https:\/\/www.prazskykamen.cz\/en\/wp-json\/wp\/v2\/users\/1"}],"replies":[{"embeddable":true,"href":"https:\/\/www.prazskykamen.cz\/en\/wp-json\/wp\/v2\/comments?post=2594"}],"version-history":[{"count":1,"href":"https:\/\/www.prazskykamen.cz\/en\/wp-json\/wp\/v2\/pages\/2594\/revisions"}],"predecessor-version":[{"id":6077,"href":"https:\/\/www.prazskykamen.cz\/en\/wp-json\/wp\/v2\/pages\/2594\/revisions\/6077"}],"up":[{"embeddable":true,"href":"https:\/\/www.prazskykamen.cz\/en\/wp-json\/wp\/v2\/pages\/339"}],"wp:attachment":[{"href":"https:\/\/www.prazskykamen.cz\/en\/wp-json\/wp\/v2\/media?parent=2594"}],"curies":[{"name":"wp","href":"https:\/\/api.w.org\/{rel}","templated":true}]}}