{"id":1835,"date":"2015-01-14T09:31:56","date_gmt":"2015-01-14T08:31:56","guid":{"rendered":"https:\/\/www.prazskykamen.cz\/?page_id=1835"},"modified":"2016-01-12T10:19:27","modified_gmt":"2016-01-12T10:19:27","slug":"zluta-zula-slapaky","status":"publish","type":"page","link":"https:\/\/www.prazskykamen.cz\/en\/kamenne-produkty\/zahrada\/kamenne-slapaky\/pravidelne-slapaky\/zluta-zula-slapaky\/","title":{"rendered":"YELLOW GRANITE"},"content":{"rendered":"<p>[et_pb_section][et_pb_row][et_pb_column type=&#8221;1_3&#8243;][et_pb_text admin_label=&#8221;Text&#8221; background_layout=&#8221;light&#8221; text_orientation=&#8221;left&#8221;]<\/p>\n<h1>Yellow granite<\/h1>\n<table>\n<tbody>\n<tr>\n<td>Type<\/td>\n<td>granite<\/td>\n<\/tr>\n<tr>\n<td>Thickness<\/td>\n<td>30 mm<\/td>\n<\/tr>\n<tr>\n<td>Dimensions<\/td>\n<td>60 x 40 cm<\/td>\n<\/tr>\n<tr>\n<td>Note<\/td>\n<td>rectangular shapes<\/td>\n<\/tr>\n<tr>\n<td>Price<\/td>\n<td>CZK 300\/pc without VAT<\/td>\n<\/tr>\n<\/tbody>\n<\/table>\n<p>[\/et_pb_text][\/et_pb_column][et_pb_column type=&#8221;2_3&#8243;][et_pb_slider admin_label=&#8221;Slider&#8221; show_arrows=&#8221;on&#8221; show_pagination=&#8221;on&#8221; auto=&#8221;off&#8221; parallax=&#8221;off&#8221; parallax_method=&#8221;off&#8221;][et_pb_slide background_image=&#8221;https:\/\/www.prazskykamen.cz\/wp-content\/uploads\/2014\/12\/\u017elut\u00e1-\u017eula3.jpg&#8221; background_color=&#8221;#ffffff&#8221; alignment=&#8221;center&#8221; background_layout=&#8221;dark&#8221; \/][\/et_pb_slider][\/et_pb_column][\/et_pb_row][\/et_pb_section]<\/p>\n","protected":false},"excerpt":{"rendered":"<p><div class=\"et_pb_section et_pb_section_0 et_section_regular\" >\n\t\t\t\t\n\t\t\t\t\n\t\t\t\t\n\t\t\t\t\n\t\t\t\t\n\t\t\t\t\n\t\t\t\t\n\t\t\t\t\n\t\t\t\t\n\t\t\t<\/div><div class=\"et_pb_row et_pb_row_0 et_pb_row_empty\">\n\t\t\t\t\n\t\t\t\t\n\t\t\t\t\n\t\t\t\t\n\t\t\t\t\n\t\t\t<\/div> Yellow granite Type granite Thickness 30 mm Dimensions 60 x 40 cm Note rectangular shapes Price CZK 300\/pc without VAT<\/p>\n","protected":false},"author":1,"featured_media":0,"parent":1543,"menu_order":0,"comment_status":"closed","ping_status":"open","template":"","meta":{"_et_pb_use_builder":"on","_et_pb_old_content":"","_et_gb_content_width":"","footnotes":""},"class_list":["post-1835","page","type-page","status-publish","hentry"],"yoast_head":"<!-- This site is optimized with the Yoast SEO plugin v23.7 - https:\/\/yoast.com\/wordpress\/plugins\/seo\/ -->\n<title>YELLOW GRANITE - Prague Stone<\/title>\n<meta name=\"robots\" content=\"index, follow, max-snippet:-1, max-image-preview:large, max-video-preview:-1\" \/>\n<link rel=\"canonical\" href=\"https:\/\/www.prazskykamen.cz\/en\/kamenne-produkty\/zahrada\/kamenne-slapaky\/pravidelne-slapaky\/zluta-zula-slapaky\/\" \/>\n<meta property=\"og:locale\" content=\"en_GB\" \/>\n<meta property=\"og:type\" content=\"article\" \/>\n<meta property=\"og:title\" content=\"YELLOW GRANITE - Prague Stone\" \/>\n<meta property=\"og:description\" content=\"Yellow granite Type granite Thickness 30 mm Dimensions 60 x 40 cm Note rectangular shapes Price CZK 300\/pc without VAT\" \/>\n<meta property=\"og:url\" content=\"https:\/\/www.prazskykamen.cz\/en\/kamenne-produkty\/zahrada\/kamenne-slapaky\/pravidelne-slapaky\/zluta-zula-slapaky\/\" \/>\n<meta property=\"og:site_name\" content=\"Prague Stone\" \/>\n<meta property=\"article:modified_time\" content=\"2016-01-12T10:19:27+00:00\" \/>\n<meta name=\"twitter:card\" content=\"summary_large_image\" \/>\n<meta name=\"twitter:label1\" content=\"Estimated reading time\" \/>\n\t<meta name=\"twitter:data1\" content=\"1 minute\" \/>\n<script type=\"application\/ld+json\" class=\"yoast-schema-graph\">{\"@context\":\"https:\/\/schema.org\",\"@graph\":[{\"@type\":\"WebPage\",\"@id\":\"https:\/\/www.prazskykamen.cz\/en\/kamenne-produkty\/zahrada\/kamenne-slapaky\/pravidelne-slapaky\/zluta-zula-slapaky\/\",\"url\":\"https:\/\/www.prazskykamen.cz\/en\/kamenne-produkty\/zahrada\/kamenne-slapaky\/pravidelne-slapaky\/zluta-zula-slapaky\/\",\"name\":\"YELLOW GRANITE - Prague Stone\",\"isPartOf\":{\"@id\":\"https:\/\/www.prazskykamen.cz\/en\/#website\"},\"datePublished\":\"2015-01-14T08:31:56+00:00\",\"dateModified\":\"2016-01-12T10:19:27+00:00\",\"breadcrumb\":{\"@id\":\"https:\/\/www.prazskykamen.cz\/en\/kamenne-produkty\/zahrada\/kamenne-slapaky\/pravidelne-slapaky\/zluta-zula-slapaky\/#breadcrumb\"},\"inLanguage\":\"en-GB\",\"potentialAction\":[{\"@type\":\"ReadAction\",\"target\":[\"https:\/\/www.prazskykamen.cz\/en\/kamenne-produkty\/zahrada\/kamenne-slapaky\/pravidelne-slapaky\/zluta-zula-slapaky\/\"]}]},{\"@type\":\"BreadcrumbList\",\"@id\":\"https:\/\/www.prazskykamen.cz\/en\/kamenne-produkty\/zahrada\/kamenne-slapaky\/pravidelne-slapaky\/zluta-zula-slapaky\/#breadcrumb\",\"itemListElement\":[{\"@type\":\"ListItem\",\"position\":1,\"name\":\"Dom\u016f\",\"item\":\"https:\/\/www.prazskykamen.cz\/en\/\"},{\"@type\":\"ListItem\",\"position\":2,\"name\":\"STONE PRODUCTS\",\"item\":\"https:\/\/www.prazskykamen.cz\/en\/kamenne-produkty\/\"},{\"@type\":\"ListItem\",\"position\":3,\"name\":\"GARDEN\",\"item\":\"https:\/\/www.prazskykamen.cz\/en\/kamenne-produkty\/zahrada\/\"},{\"@type\":\"ListItem\",\"position\":4,\"name\":\"FLAGSTONES\",\"item\":\"https:\/\/www.prazskykamen.cz\/en\/kamenne-produkty\/zahrada\/kamenne-slapaky\/\"},{\"@type\":\"ListItem\",\"position\":5,\"name\":\"REGULAR FLAGSTONES\",\"item\":\"https:\/\/www.prazskykamen.cz\/en\/kamenne-produkty\/zahrada\/kamenne-slapaky\/pravidelne-slapaky\/\"},{\"@type\":\"ListItem\",\"position\":6,\"name\":\"YELLOW GRANITE\"}]},{\"@type\":\"WebSite\",\"@id\":\"https:\/\/www.prazskykamen.cz\/en\/#website\",\"url\":\"https:\/\/www.prazskykamen.cz\/en\/\",\"name\":\"Prague Stone\",\"description\":\"Dal\u0161\u00ed nov\u00fd web v r\u00e1mci s\u00edt\u011b Pra\u017esk\u00fd k\u00e1men Sites\",\"potentialAction\":[{\"@type\":\"SearchAction\",\"target\":{\"@type\":\"EntryPoint\",\"urlTemplate\":\"https:\/\/www.prazskykamen.cz\/en\/?s={search_term_string}\"},\"query-input\":{\"@type\":\"PropertyValueSpecification\",\"valueRequired\":true,\"valueName\":\"search_term_string\"}}],\"inLanguage\":\"en-GB\"}]}<\/script>\n<!-- \/ Yoast SEO plugin. -->","yoast_head_json":{"title":"YELLOW GRANITE - Prague Stone","robots":{"index":"index","follow":"follow","max-snippet":"max-snippet:-1","max-image-preview":"max-image-preview:large","max-video-preview":"max-video-preview:-1"},"canonical":"https:\/\/www.prazskykamen.cz\/en\/kamenne-produkty\/zahrada\/kamenne-slapaky\/pravidelne-slapaky\/zluta-zula-slapaky\/","og_locale":"en_GB","og_type":"article","og_title":"YELLOW GRANITE - Prague Stone","og_description":"Yellow granite Type granite Thickness 30 mm Dimensions 60 x 40 cm Note rectangular shapes Price CZK 300\/pc without VAT","og_url":"https:\/\/www.prazskykamen.cz\/en\/kamenne-produkty\/zahrada\/kamenne-slapaky\/pravidelne-slapaky\/zluta-zula-slapaky\/","og_site_name":"Prague Stone","article_modified_time":"2016-01-12T10:19:27+00:00","twitter_card":"summary_large_image","twitter_misc":{"Estimated reading time":"1 minute"},"schema":{"@context":"https:\/\/schema.org","@graph":[{"@type":"WebPage","@id":"https:\/\/www.prazskykamen.cz\/en\/kamenne-produkty\/zahrada\/kamenne-slapaky\/pravidelne-slapaky\/zluta-zula-slapaky\/","url":"https:\/\/www.prazskykamen.cz\/en\/kamenne-produkty\/zahrada\/kamenne-slapaky\/pravidelne-slapaky\/zluta-zula-slapaky\/","name":"YELLOW GRANITE - Prague Stone","isPartOf":{"@id":"https:\/\/www.prazskykamen.cz\/en\/#website"},"datePublished":"2015-01-14T08:31:56+00:00","dateModified":"2016-01-12T10:19:27+00:00","breadcrumb":{"@id":"https:\/\/www.prazskykamen.cz\/en\/kamenne-produkty\/zahrada\/kamenne-slapaky\/pravidelne-slapaky\/zluta-zula-slapaky\/#breadcrumb"},"inLanguage":"en-GB","potentialAction":[{"@type":"ReadAction","target":["https:\/\/www.prazskykamen.cz\/en\/kamenne-produkty\/zahrada\/kamenne-slapaky\/pravidelne-slapaky\/zluta-zula-slapaky\/"]}]},{"@type":"BreadcrumbList","@id":"https:\/\/www.prazskykamen.cz\/en\/kamenne-produkty\/zahrada\/kamenne-slapaky\/pravidelne-slapaky\/zluta-zula-slapaky\/#breadcrumb","itemListElement":[{"@type":"ListItem","position":1,"name":"Dom\u016f","item":"https:\/\/www.prazskykamen.cz\/en\/"},{"@type":"ListItem","position":2,"name":"STONE PRODUCTS","item":"https:\/\/www.prazskykamen.cz\/en\/kamenne-produkty\/"},{"@type":"ListItem","position":3,"name":"GARDEN","item":"https:\/\/www.prazskykamen.cz\/en\/kamenne-produkty\/zahrada\/"},{"@type":"ListItem","position":4,"name":"FLAGSTONES","item":"https:\/\/www.prazskykamen.cz\/en\/kamenne-produkty\/zahrada\/kamenne-slapaky\/"},{"@type":"ListItem","position":5,"name":"REGULAR FLAGSTONES","item":"https:\/\/www.prazskykamen.cz\/en\/kamenne-produkty\/zahrada\/kamenne-slapaky\/pravidelne-slapaky\/"},{"@type":"ListItem","position":6,"name":"YELLOW GRANITE"}]},{"@type":"WebSite","@id":"https:\/\/www.prazskykamen.cz\/en\/#website","url":"https:\/\/www.prazskykamen.cz\/en\/","name":"Prague Stone","description":"Dal\u0161\u00ed nov\u00fd web v r\u00e1mci s\u00edt\u011b Pra\u017esk\u00fd k\u00e1men Sites","potentialAction":[{"@type":"SearchAction","target":{"@type":"EntryPoint","urlTemplate":"https:\/\/www.prazskykamen.cz\/en\/?s={search_term_string}"},"query-input":{"@type":"PropertyValueSpecification","valueRequired":true,"valueName":"search_term_string"}}],"inLanguage":"en-GB"}]}},"_links":{"self":[{"href":"https:\/\/www.prazskykamen.cz\/en\/wp-json\/wp\/v2\/pages\/1835","targetHints":{"allow":["GET"]}}],"collection":[{"href":"https:\/\/www.prazskykamen.cz\/en\/wp-json\/wp\/v2\/pages"}],"about":[{"href":"https:\/\/www.prazskykamen.cz\/en\/wp-json\/wp\/v2\/types\/page"}],"author":[{"embeddable":true,"href":"https:\/\/www.prazskykamen.cz\/en\/wp-json\/wp\/v2\/users\/1"}],"replies":[{"embeddable":true,"href":"https:\/\/www.prazskykamen.cz\/en\/wp-json\/wp\/v2\/comments?post=1835"}],"version-history":[{"count":3,"href":"https:\/\/www.prazskykamen.cz\/en\/wp-json\/wp\/v2\/pages\/1835\/revisions"}],"predecessor-version":[{"id":6604,"href":"https:\/\/www.prazskykamen.cz\/en\/wp-json\/wp\/v2\/pages\/1835\/revisions\/6604"}],"up":[{"embeddable":true,"href":"https:\/\/www.prazskykamen.cz\/en\/wp-json\/wp\/v2\/pages\/1543"}],"wp:attachment":[{"href":"https:\/\/www.prazskykamen.cz\/en\/wp-json\/wp\/v2\/media?parent=1835"}],"curies":[{"name":"wp","href":"https:\/\/api.w.org\/{rel}","templated":true}]}}