{"id":1678,"date":"2015-01-13T09:28:41","date_gmt":"2015-01-13T08:28:41","guid":{"rendered":"https:\/\/www.prazskykamen.cz\/?page_id=1678"},"modified":"2016-01-14T10:23:48","modified_gmt":"2016-01-14T10:23:48","slug":"valouny","status":"publish","type":"page","link":"https:\/\/www.prazskykamen.cz\/en\/kamenne-produkty\/zahrada\/valouny\/","title":{"rendered":"Boulders"},"content":{"rendered":"<p>[et_pb_section][et_pb_row][et_pb_column type=&#8221;1_2&#8243;][et_pb_text admin_label=&#8221;Text&#8221; background_layout=&#8221;light&#8221; text_orientation=&#8221;left&#8221;]<\/p>\n<h1>BOULDERS<\/h1>\n<p>Cobblestones fulfill both an aesthetic and practical function in gardens. The size of boulders range from a few centimeters, weighing several decagrams (using e.g. as a decoration in pots or for spillage paths), &amp; nbsp; to several masses that can be placed in the garden alone. The appropriate selection and proper placement of boulders can create a great contrast with live plants and you give gardens energy as well as a fresh look .<\/p>\n<p>You can supplement stones with boulders <a href=\"https:\/\/www.prazskykamen.cz\/en\/kamenne-produkty\/zahrada\/kamenne-zahradni-prvky\">garden accessories<\/a> from our other offers.<\/p>\n<p>[\/et_pb_text][\/et_pb_column][et_pb_column type=&#8221;1_2&#8243;][et_pb_text admin_label=&#8221;Text&#8221; background_layout=&#8221;light&#8221; text_orientation=&#8221;left&#8221;]<\/p>\n<p><img loading=\"lazy\" decoding=\"async\" class=\"alignnone size-full wp-image-1902\" src=\"https:\/\/www.prazskykamen.cz\/wp-content\/uploads\/2015\/01\/\u00favodn\u00ed-foto-520.jpg\" alt=\"hp photosmart 720\" width=\"520\" height=\"390\" \/><\/p>\n<p>[\/et_pb_text][\/et_pb_column][\/et_pb_row][et_pb_row][et_pb_column type=&#8221;4_4&#8243;][et_pb_text admin_label=&#8221;Text&#8221; background_layout=&#8221;light&#8221; text_orientation=&#8221;left&#8221;]<\/p>\n<div class=\"rozcest-6\"><a href=\"https:\/\/www.prazskykamen.cz\/en\/kamenne-produkty\/zahrada\/valouny\/granitove-valouny\"><img loading=\"lazy\" decoding=\"async\" class=\"alignnone wp-image-1909 size-thumbnail\" src=\"https:\/\/www.prazskykamen.cz\/wp-content\/uploads\/2015\/01\/granitov\u00e9-valouny-v-kosi-web-150x150.jpg\" alt=\"\" width=\"150\" height=\"150\" \/>Gray granite<\/a><\/div>\n<div class=\"rozcest-6\"><a href=\"https:\/\/www.prazskykamen.cz\/en\/kamenne-produkty\/zahrada\/valouny\/mramorove-valouny\"><img loading=\"lazy\" decoding=\"async\" class=\"alignnone wp-image-1905 size-thumbnail\" src=\"https:\/\/www.prazskykamen.cz\/wp-content\/uploads\/2015\/01\/barevn\u00e9-carrara-v\u011bt\u0161\u00ed-web-150x150.jpg\" alt=\"\" width=\"150\" height=\"150\" \/>Marble<\/a><\/div>\n<p>[\/et_pb_text][\/et_pb_column][\/et_pb_row][\/et_pb_section]<\/p>\n","protected":false},"excerpt":{"rendered":"<p><div class=\"et_pb_section et_pb_section_0 et_section_regular\" >\n\t\t\t\t\n\t\t\t\t\n\t\t\t\t\n\t\t\t\t\n\t\t\t\t\n\t\t\t\t\n\t\t\t\t\n\t\t\t\t\n\t\t\t\t\n\t\t\t<\/div><div class=\"et_pb_row et_pb_row_0 et_pb_row_empty\">\n\t\t\t\t\n\t\t\t\t\n\t\t\t\t\n\t\t\t\t\n\t\t\t\t\n\t\t\t<\/div> BOULDERS Cobblestones fulfill both an aesthetic and practical function in gardens. The size of boulders range from a few centimeters, weighing several decagrams (using e.g. as a decoration in pots or for spillage paths), &amp; nbsp; to several masses that can be placed in the garden alone. The appropriate selection and proper placement of [&hellip;]<\/p>\n","protected":false},"author":1,"featured_media":0,"parent":182,"menu_order":0,"comment_status":"closed","ping_status":"open","template":"","meta":{"_et_pb_use_builder":"on","_et_pb_old_content":"","_et_gb_content_width":"","footnotes":""},"class_list":["post-1678","page","type-page","status-publish","hentry"],"yoast_head":"<!-- This site is optimized with the Yoast SEO plugin v23.7 - https:\/\/yoast.com\/wordpress\/plugins\/seo\/ -->\n<title>Valouny | Kamenictv\u00ed Pra\u017esk\u00fd k\u00e1men<\/title>\n<meta name=\"description\" content=\"Kamenn\u00e9 valouny jako zahradn\u00ed dekorace pat\u0159\u00ed k z\u00e1kladn\u00edm prvk\u016fm va\u0161\u00ed zahrady. M\u016f\u017eete volit valouny granitov\u00e9 a valouny mramorov\u00e9. Skv\u011bl\u00e1 volba pro dekoraci.\" \/>\n<meta name=\"robots\" content=\"index, follow, max-snippet:-1, max-image-preview:large, max-video-preview:-1\" \/>\n<link rel=\"canonical\" href=\"https:\/\/www.prazskykamen.cz\/en\/kamenne-produkty\/zahrada\/valouny\/\" \/>\n<meta property=\"og:locale\" content=\"en_GB\" \/>\n<meta property=\"og:type\" content=\"article\" \/>\n<meta property=\"og:title\" content=\"Valouny | Kamenictv\u00ed Pra\u017esk\u00fd k\u00e1men\" \/>\n<meta property=\"og:description\" content=\"Kamenn\u00e9 valouny jako zahradn\u00ed dekorace pat\u0159\u00ed k z\u00e1kladn\u00edm prvk\u016fm va\u0161\u00ed zahrady. M\u016f\u017eete volit valouny granitov\u00e9 a valouny mramorov\u00e9. Skv\u011bl\u00e1 volba pro dekoraci.\" \/>\n<meta property=\"og:url\" content=\"https:\/\/www.prazskykamen.cz\/en\/kamenne-produkty\/zahrada\/valouny\/\" \/>\n<meta property=\"og:site_name\" content=\"Prague Stone\" \/>\n<meta property=\"article:modified_time\" content=\"2016-01-14T10:23:48+00:00\" \/>\n<meta property=\"og:image\" content=\"https:\/\/www.prazskykamen.cz\/wp-content\/uploads\/2015\/01\/\u00favodn\u00ed-foto-520.jpg\" \/>\n<meta name=\"twitter:card\" content=\"summary_large_image\" \/>\n<meta name=\"twitter:label1\" content=\"Estimated reading time\" \/>\n\t<meta name=\"twitter:data1\" content=\"1 minute\" \/>\n<script type=\"application\/ld+json\" class=\"yoast-schema-graph\">{\"@context\":\"https:\/\/schema.org\",\"@graph\":[{\"@type\":\"WebPage\",\"@id\":\"https:\/\/www.prazskykamen.cz\/en\/kamenne-produkty\/zahrada\/valouny\/\",\"url\":\"https:\/\/www.prazskykamen.cz\/en\/kamenne-produkty\/zahrada\/valouny\/\",\"name\":\"Valouny | Kamenictv\u00ed Pra\u017esk\u00fd k\u00e1men\",\"isPartOf\":{\"@id\":\"https:\/\/www.prazskykamen.cz\/en\/#website\"},\"datePublished\":\"2015-01-13T08:28:41+00:00\",\"dateModified\":\"2016-01-14T10:23:48+00:00\",\"description\":\"Kamenn\u00e9 valouny jako zahradn\u00ed dekorace pat\u0159\u00ed k z\u00e1kladn\u00edm prvk\u016fm va\u0161\u00ed zahrady. M\u016f\u017eete volit valouny granitov\u00e9 a valouny mramorov\u00e9. Skv\u011bl\u00e1 volba pro dekoraci.\",\"breadcrumb\":{\"@id\":\"https:\/\/www.prazskykamen.cz\/en\/kamenne-produkty\/zahrada\/valouny\/#breadcrumb\"},\"inLanguage\":\"en-GB\",\"potentialAction\":[{\"@type\":\"ReadAction\",\"target\":[\"https:\/\/www.prazskykamen.cz\/en\/kamenne-produkty\/zahrada\/valouny\/\"]}]},{\"@type\":\"BreadcrumbList\",\"@id\":\"https:\/\/www.prazskykamen.cz\/en\/kamenne-produkty\/zahrada\/valouny\/#breadcrumb\",\"itemListElement\":[{\"@type\":\"ListItem\",\"position\":1,\"name\":\"Dom\u016f\",\"item\":\"https:\/\/www.prazskykamen.cz\/en\/\"},{\"@type\":\"ListItem\",\"position\":2,\"name\":\"STONE PRODUCTS\",\"item\":\"https:\/\/www.prazskykamen.cz\/en\/kamenne-produkty\/\"},{\"@type\":\"ListItem\",\"position\":3,\"name\":\"GARDEN\",\"item\":\"https:\/\/www.prazskykamen.cz\/en\/kamenne-produkty\/zahrada\/\"},{\"@type\":\"ListItem\",\"position\":4,\"name\":\"Boulders\"}]},{\"@type\":\"WebSite\",\"@id\":\"https:\/\/www.prazskykamen.cz\/en\/#website\",\"url\":\"https:\/\/www.prazskykamen.cz\/en\/\",\"name\":\"Prague Stone\",\"description\":\"Dal\u0161\u00ed nov\u00fd web v r\u00e1mci s\u00edt\u011b Pra\u017esk\u00fd k\u00e1men Sites\",\"potentialAction\":[{\"@type\":\"SearchAction\",\"target\":{\"@type\":\"EntryPoint\",\"urlTemplate\":\"https:\/\/www.prazskykamen.cz\/en\/?s={search_term_string}\"},\"query-input\":{\"@type\":\"PropertyValueSpecification\",\"valueRequired\":true,\"valueName\":\"search_term_string\"}}],\"inLanguage\":\"en-GB\"}]}<\/script>\n<!-- \/ Yoast SEO plugin. -->","yoast_head_json":{"title":"Valouny | Kamenictv\u00ed Pra\u017esk\u00fd k\u00e1men","description":"Kamenn\u00e9 valouny jako zahradn\u00ed dekorace pat\u0159\u00ed k z\u00e1kladn\u00edm prvk\u016fm va\u0161\u00ed zahrady. M\u016f\u017eete volit valouny granitov\u00e9 a valouny mramorov\u00e9. Skv\u011bl\u00e1 volba pro dekoraci.","robots":{"index":"index","follow":"follow","max-snippet":"max-snippet:-1","max-image-preview":"max-image-preview:large","max-video-preview":"max-video-preview:-1"},"canonical":"https:\/\/www.prazskykamen.cz\/en\/kamenne-produkty\/zahrada\/valouny\/","og_locale":"en_GB","og_type":"article","og_title":"Valouny | Kamenictv\u00ed Pra\u017esk\u00fd k\u00e1men","og_description":"Kamenn\u00e9 valouny jako zahradn\u00ed dekorace pat\u0159\u00ed k z\u00e1kladn\u00edm prvk\u016fm va\u0161\u00ed zahrady. M\u016f\u017eete volit valouny granitov\u00e9 a valouny mramorov\u00e9. Skv\u011bl\u00e1 volba pro dekoraci.","og_url":"https:\/\/www.prazskykamen.cz\/en\/kamenne-produkty\/zahrada\/valouny\/","og_site_name":"Prague Stone","article_modified_time":"2016-01-14T10:23:48+00:00","og_image":[{"url":"https:\/\/www.prazskykamen.cz\/wp-content\/uploads\/2015\/01\/\u00favodn\u00ed-foto-520.jpg"}],"twitter_card":"summary_large_image","twitter_misc":{"Estimated reading time":"1 minute"},"schema":{"@context":"https:\/\/schema.org","@graph":[{"@type":"WebPage","@id":"https:\/\/www.prazskykamen.cz\/en\/kamenne-produkty\/zahrada\/valouny\/","url":"https:\/\/www.prazskykamen.cz\/en\/kamenne-produkty\/zahrada\/valouny\/","name":"Valouny | Kamenictv\u00ed Pra\u017esk\u00fd k\u00e1men","isPartOf":{"@id":"https:\/\/www.prazskykamen.cz\/en\/#website"},"datePublished":"2015-01-13T08:28:41+00:00","dateModified":"2016-01-14T10:23:48+00:00","description":"Kamenn\u00e9 valouny jako zahradn\u00ed dekorace pat\u0159\u00ed k z\u00e1kladn\u00edm prvk\u016fm va\u0161\u00ed zahrady. M\u016f\u017eete volit valouny granitov\u00e9 a valouny mramorov\u00e9. Skv\u011bl\u00e1 volba pro dekoraci.","breadcrumb":{"@id":"https:\/\/www.prazskykamen.cz\/en\/kamenne-produkty\/zahrada\/valouny\/#breadcrumb"},"inLanguage":"en-GB","potentialAction":[{"@type":"ReadAction","target":["https:\/\/www.prazskykamen.cz\/en\/kamenne-produkty\/zahrada\/valouny\/"]}]},{"@type":"BreadcrumbList","@id":"https:\/\/www.prazskykamen.cz\/en\/kamenne-produkty\/zahrada\/valouny\/#breadcrumb","itemListElement":[{"@type":"ListItem","position":1,"name":"Dom\u016f","item":"https:\/\/www.prazskykamen.cz\/en\/"},{"@type":"ListItem","position":2,"name":"STONE PRODUCTS","item":"https:\/\/www.prazskykamen.cz\/en\/kamenne-produkty\/"},{"@type":"ListItem","position":3,"name":"GARDEN","item":"https:\/\/www.prazskykamen.cz\/en\/kamenne-produkty\/zahrada\/"},{"@type":"ListItem","position":4,"name":"Boulders"}]},{"@type":"WebSite","@id":"https:\/\/www.prazskykamen.cz\/en\/#website","url":"https:\/\/www.prazskykamen.cz\/en\/","name":"Prague Stone","description":"Dal\u0161\u00ed nov\u00fd web v r\u00e1mci s\u00edt\u011b Pra\u017esk\u00fd k\u00e1men Sites","potentialAction":[{"@type":"SearchAction","target":{"@type":"EntryPoint","urlTemplate":"https:\/\/www.prazskykamen.cz\/en\/?s={search_term_string}"},"query-input":{"@type":"PropertyValueSpecification","valueRequired":true,"valueName":"search_term_string"}}],"inLanguage":"en-GB"}]}},"_links":{"self":[{"href":"https:\/\/www.prazskykamen.cz\/en\/wp-json\/wp\/v2\/pages\/1678","targetHints":{"allow":["GET"]}}],"collection":[{"href":"https:\/\/www.prazskykamen.cz\/en\/wp-json\/wp\/v2\/pages"}],"about":[{"href":"https:\/\/www.prazskykamen.cz\/en\/wp-json\/wp\/v2\/types\/page"}],"author":[{"embeddable":true,"href":"https:\/\/www.prazskykamen.cz\/en\/wp-json\/wp\/v2\/users\/1"}],"replies":[{"embeddable":true,"href":"https:\/\/www.prazskykamen.cz\/en\/wp-json\/wp\/v2\/comments?post=1678"}],"version-history":[{"count":6,"href":"https:\/\/www.prazskykamen.cz\/en\/wp-json\/wp\/v2\/pages\/1678\/revisions"}],"predecessor-version":[{"id":6768,"href":"https:\/\/www.prazskykamen.cz\/en\/wp-json\/wp\/v2\/pages\/1678\/revisions\/6768"}],"up":[{"embeddable":true,"href":"https:\/\/www.prazskykamen.cz\/en\/wp-json\/wp\/v2\/pages\/182"}],"wp:attachment":[{"href":"https:\/\/www.prazskykamen.cz\/en\/wp-json\/wp\/v2\/media?parent=1678"}],"curies":[{"name":"wp","href":"https:\/\/api.w.org\/{rel}","templated":true}]}}