{"id":1543,"date":"2015-01-12T09:54:13","date_gmt":"2015-01-12T08:54:13","guid":{"rendered":"https:\/\/www.prazskykamen.cz\/?page_id=1543"},"modified":"2016-01-12T10:16:51","modified_gmt":"2016-01-12T10:16:51","slug":"pravidelne-slapaky","status":"publish","type":"page","link":"https:\/\/www.prazskykamen.cz\/en\/kamenne-produkty\/zahrada\/kamenne-slapaky\/pravidelne-slapaky\/","title":{"rendered":"REGULAR FLAGSTONES"},"content":{"rendered":"<p>[et_pb_section][et_pb_row][et_pb_column type=&#8221;1_2&#8243;][et_pb_text admin_label=&#8221;Text&#8221; background_layout=&#8221;light&#8221; text_orientation=&#8221;left&#8221;]<\/p>\n<h2>REGULAR FLAGSTONES<\/h2>\n<p>We offer our range of flagstones in a wide of colors <a href=\"https:\/\/www.prazskykamen.cz\/en\/materials\/materials-granite\">granite<\/a>. We mean here yellow granite, gray granite or dark granite flagstones in the garden. Additionally, you can choose to have travertine flagstones in the garden. These natural materials have a unique pattern and color, and also the durability of natural stone. Regular flagstones are flagstones with rectangular shapes measuring 30mm<\/p>\n<p>[\/et_pb_text][\/et_pb_column][et_pb_column type=&#8221;1_2&#8243;][et_pb_text admin_label=&#8221;Text&#8221; background_layout=&#8221;light&#8221; text_orientation=&#8221;left&#8221;]<\/p>\n<p><img loading=\"lazy\" decoding=\"async\" class=\"alignnone wp-image-1545 size-full\" src=\"https:\/\/www.prazskykamen.cz\/wp-content\/uploads\/2015\/01\/slapaky-pravidelne-uvodni-foto-520.jpg\" alt=\"slapaky pravidelne - uvodni foto-520\" width=\"520\" height=\"390\" srcset=\"https:\/\/www.prazskykamen.cz\/en\/wp-content\/uploads\/sites\/2\/2015\/01\/slapaky-pravidelne-uvodni-foto-520.jpg 520w, https:\/\/www.prazskykamen.cz\/en\/wp-content\/uploads\/sites\/2\/2015\/01\/slapaky-pravidelne-uvodni-foto-520-300x225.jpg 300w\" sizes=\"auto, (max-width: 520px) 100vw, 520px\" \/><\/p>\n<p>[\/et_pb_text][\/et_pb_column][\/et_pb_row][et_pb_row][et_pb_column type=&#8221;4_4&#8243;][et_pb_text admin_label=&#8221;Text&#8221; background_layout=&#8221;light&#8221; text_orientation=&#8221;left&#8221;]<\/p>\n<div class=\"rozcest-6\"><a href=\"https:\/\/www.prazskykamen.cz\/en\/kamenne-produkty\/zahrada\/kamenne-slapaky\/pravidelne-slapaky\/tmava-zula-slapaky\"><img loading=\"lazy\" decoding=\"async\" class=\"alignnone wp-image-490 size-thumbnail\" src=\"https:\/\/www.prazskykamen.cz\/wp-content\/uploads\/2014\/12\/\u017eula-tmav\u00e12-150x150.jpg\" alt=\"\" width=\"150\" height=\"150\">Dark granite<\/a><\/div>\n<div class=\"rozcest-6\"><a href=\"https:\/\/www.prazskykamen.cz\/en\/kamenne-produkty\/zahrada\/kamenne-slapaky\/pravidelne-slapaky\/seda-zula-slapaky\"><img loading=\"lazy\" decoding=\"async\" class=\"alignnone wp-image-499 size-thumbnail\" src=\"https:\/\/www.prazskykamen.cz\/wp-content\/uploads\/2014\/12\/\u0161ed\u00e1-\u017eula-150x150.jpg\" alt=\"\" width=\"150\" height=\"150\">Gray granite<\/a><\/div>\n<div class=\"rozcest-6\"><a href=\"https:\/\/www.prazskykamen.cz\/en\/kamenne-produkty\/zahrada\/kamenne-slapaky\/pravidelne-slapaky\/zluta-zula-slapaky\"><img loading=\"lazy\" decoding=\"async\" class=\"alignnone wp-image-489 size-thumbnail\" src=\"https:\/\/www.prazskykamen.cz\/wp-content\/uploads\/2014\/12\/\u017elut\u00e1-\u017eula3-150x150.jpg\" alt=\"\" width=\"150\" height=\"150\">Yellow granite<\/a><\/div>\n<div class=\"rozcest-6\"><a href=\"https:\/\/www.prazskykamen.cz\/en\/kamenne-produkty\/zahrada\/kamenne-slapaky\/pravidelne-slapaky\/travertin-slapaky\"><img loading=\"lazy\" decoding=\"async\" class=\"alignnone wp-image-494 size-thumbnail\" src=\"https:\/\/www.prazskykamen.cz\/wp-content\/uploads\/2014\/12\/travertin-150x150.jpg\" alt=\"\" width=\"150\" height=\"150\">Travertine<\/a><\/div>\n<p>[\/et_pb_text][\/et_pb_column][\/et_pb_row][\/et_pb_section]<\/p>\n","protected":false},"excerpt":{"rendered":"<p><div class=\"et_pb_section et_pb_section_0 et_section_regular\" >\n\t\t\t\t\n\t\t\t\t\n\t\t\t\t\n\t\t\t\t\n\t\t\t\t\n\t\t\t\t\n\t\t\t\t\n\t\t\t\t\n\t\t\t\t\n\t\t\t<\/div><div class=\"et_pb_row et_pb_row_0 et_pb_row_empty\">\n\t\t\t\t\n\t\t\t\t\n\t\t\t\t\n\t\t\t\t\n\t\t\t\t\n\t\t\t<\/div> REGULAR FLAGSTONES We offer our range of flagstones in a wide of colors granite. We mean here yellow granite, gray granite or dark granite flagstones in the garden. Additionally, you can choose to have travertine flagstones in the garden. These natural materials have a unique pattern and color, and also the durability of natural [&hellip;]<\/p>\n","protected":false},"author":1,"featured_media":0,"parent":92,"menu_order":0,"comment_status":"closed","ping_status":"open","template":"","meta":{"_et_pb_use_builder":"on","_et_pb_old_content":"","_et_gb_content_width":"","footnotes":""},"class_list":["post-1543","page","type-page","status-publish","hentry"],"yoast_head":"<!-- This site is optimized with the Yoast SEO plugin v23.7 - https:\/\/yoast.com\/wordpress\/plugins\/seo\/ -->\n<title>kamenn\u00e9 pravideln\u00e9 \u0161lap\u00e1ky | Kamenictv\u00ed Pra\u017esk\u00fd k\u00e1men<\/title>\n<meta name=\"description\" content=\"\u0160lap\u00e1ky na zahradu z kamene. Vytvo\u0159te si snadnou a pohodlnou cestu nap\u0159\u00ed\u010d va\u0161\u00ed zahradou pomoc\u00ed pravideln\u00fdch \u0161lap\u00e1k\u016f. Kamenn\u00e9 \u0161lap\u00e1ky polo\u017e\u00edte i sami.\" \/>\n<meta name=\"robots\" content=\"index, follow, max-snippet:-1, max-image-preview:large, max-video-preview:-1\" \/>\n<link rel=\"canonical\" href=\"https:\/\/www.prazskykamen.cz\/en\/kamenne-produkty\/zahrada\/kamenne-slapaky\/pravidelne-slapaky\/\" \/>\n<meta property=\"og:locale\" content=\"en_GB\" \/>\n<meta property=\"og:type\" content=\"article\" \/>\n<meta property=\"og:title\" content=\"kamenn\u00e9 pravideln\u00e9 \u0161lap\u00e1ky | Kamenictv\u00ed Pra\u017esk\u00fd k\u00e1men\" \/>\n<meta property=\"og:description\" content=\"\u0160lap\u00e1ky na zahradu z kamene. Vytvo\u0159te si snadnou a pohodlnou cestu nap\u0159\u00ed\u010d va\u0161\u00ed zahradou pomoc\u00ed pravideln\u00fdch \u0161lap\u00e1k\u016f. Kamenn\u00e9 \u0161lap\u00e1ky polo\u017e\u00edte i sami.\" \/>\n<meta property=\"og:url\" content=\"https:\/\/www.prazskykamen.cz\/en\/kamenne-produkty\/zahrada\/kamenne-slapaky\/pravidelne-slapaky\/\" \/>\n<meta property=\"og:site_name\" content=\"Prague Stone\" \/>\n<meta property=\"article:modified_time\" content=\"2016-01-12T10:16:51+00:00\" \/>\n<meta property=\"og:image\" content=\"https:\/\/www.prazskykamen.cz\/wp-content\/uploads\/2015\/01\/slapaky-pravidelne-uvodni-foto-520.jpg\" \/>\n<meta name=\"twitter:card\" content=\"summary_large_image\" \/>\n<meta name=\"twitter:label1\" content=\"Estimated reading time\" \/>\n\t<meta name=\"twitter:data1\" content=\"1 minute\" \/>\n<script type=\"application\/ld+json\" class=\"yoast-schema-graph\">{\"@context\":\"https:\/\/schema.org\",\"@graph\":[{\"@type\":\"WebPage\",\"@id\":\"https:\/\/www.prazskykamen.cz\/en\/kamenne-produkty\/zahrada\/kamenne-slapaky\/pravidelne-slapaky\/\",\"url\":\"https:\/\/www.prazskykamen.cz\/en\/kamenne-produkty\/zahrada\/kamenne-slapaky\/pravidelne-slapaky\/\",\"name\":\"kamenn\u00e9 pravideln\u00e9 \u0161lap\u00e1ky | Kamenictv\u00ed Pra\u017esk\u00fd k\u00e1men\",\"isPartOf\":{\"@id\":\"https:\/\/www.prazskykamen.cz\/en\/#website\"},\"primaryImageOfPage\":{\"@id\":\"https:\/\/www.prazskykamen.cz\/en\/kamenne-produkty\/zahrada\/kamenne-slapaky\/pravidelne-slapaky\/#primaryimage\"},\"image\":{\"@id\":\"https:\/\/www.prazskykamen.cz\/en\/kamenne-produkty\/zahrada\/kamenne-slapaky\/pravidelne-slapaky\/#primaryimage\"},\"thumbnailUrl\":\"https:\/\/www.prazskykamen.cz\/wp-content\/uploads\/2015\/01\/slapaky-pravidelne-uvodni-foto-520.jpg\",\"datePublished\":\"2015-01-12T08:54:13+00:00\",\"dateModified\":\"2016-01-12T10:16:51+00:00\",\"description\":\"\u0160lap\u00e1ky na zahradu z kamene. Vytvo\u0159te si snadnou a pohodlnou cestu nap\u0159\u00ed\u010d va\u0161\u00ed zahradou pomoc\u00ed pravideln\u00fdch \u0161lap\u00e1k\u016f. Kamenn\u00e9 \u0161lap\u00e1ky polo\u017e\u00edte i sami.\",\"breadcrumb\":{\"@id\":\"https:\/\/www.prazskykamen.cz\/en\/kamenne-produkty\/zahrada\/kamenne-slapaky\/pravidelne-slapaky\/#breadcrumb\"},\"inLanguage\":\"en-GB\",\"potentialAction\":[{\"@type\":\"ReadAction\",\"target\":[\"https:\/\/www.prazskykamen.cz\/en\/kamenne-produkty\/zahrada\/kamenne-slapaky\/pravidelne-slapaky\/\"]}]},{\"@type\":\"ImageObject\",\"inLanguage\":\"en-GB\",\"@id\":\"https:\/\/www.prazskykamen.cz\/en\/kamenne-produkty\/zahrada\/kamenne-slapaky\/pravidelne-slapaky\/#primaryimage\",\"url\":\"https:\/\/www.prazskykamen.cz\/wp-content\/uploads\/2015\/01\/slapaky-pravidelne-uvodni-foto-520.jpg\",\"contentUrl\":\"https:\/\/www.prazskykamen.cz\/wp-content\/uploads\/2015\/01\/slapaky-pravidelne-uvodni-foto-520.jpg\"},{\"@type\":\"BreadcrumbList\",\"@id\":\"https:\/\/www.prazskykamen.cz\/en\/kamenne-produkty\/zahrada\/kamenne-slapaky\/pravidelne-slapaky\/#breadcrumb\",\"itemListElement\":[{\"@type\":\"ListItem\",\"position\":1,\"name\":\"Dom\u016f\",\"item\":\"https:\/\/www.prazskykamen.cz\/en\/\"},{\"@type\":\"ListItem\",\"position\":2,\"name\":\"STONE PRODUCTS\",\"item\":\"https:\/\/www.prazskykamen.cz\/en\/kamenne-produkty\/\"},{\"@type\":\"ListItem\",\"position\":3,\"name\":\"GARDEN\",\"item\":\"https:\/\/www.prazskykamen.cz\/en\/kamenne-produkty\/zahrada\/\"},{\"@type\":\"ListItem\",\"position\":4,\"name\":\"FLAGSTONES\",\"item\":\"https:\/\/www.prazskykamen.cz\/en\/kamenne-produkty\/zahrada\/kamenne-slapaky\/\"},{\"@type\":\"ListItem\",\"position\":5,\"name\":\"REGULAR FLAGSTONES\"}]},{\"@type\":\"WebSite\",\"@id\":\"https:\/\/www.prazskykamen.cz\/en\/#website\",\"url\":\"https:\/\/www.prazskykamen.cz\/en\/\",\"name\":\"Prague Stone\",\"description\":\"Dal\u0161\u00ed nov\u00fd web v r\u00e1mci s\u00edt\u011b Pra\u017esk\u00fd k\u00e1men Sites\",\"potentialAction\":[{\"@type\":\"SearchAction\",\"target\":{\"@type\":\"EntryPoint\",\"urlTemplate\":\"https:\/\/www.prazskykamen.cz\/en\/?s={search_term_string}\"},\"query-input\":{\"@type\":\"PropertyValueSpecification\",\"valueRequired\":true,\"valueName\":\"search_term_string\"}}],\"inLanguage\":\"en-GB\"}]}<\/script>\n<!-- \/ Yoast SEO plugin. -->","yoast_head_json":{"title":"kamenn\u00e9 pravideln\u00e9 \u0161lap\u00e1ky | Kamenictv\u00ed Pra\u017esk\u00fd k\u00e1men","description":"\u0160lap\u00e1ky na zahradu z kamene. Vytvo\u0159te si snadnou a pohodlnou cestu nap\u0159\u00ed\u010d va\u0161\u00ed zahradou pomoc\u00ed pravideln\u00fdch \u0161lap\u00e1k\u016f. Kamenn\u00e9 \u0161lap\u00e1ky polo\u017e\u00edte i sami.","robots":{"index":"index","follow":"follow","max-snippet":"max-snippet:-1","max-image-preview":"max-image-preview:large","max-video-preview":"max-video-preview:-1"},"canonical":"https:\/\/www.prazskykamen.cz\/en\/kamenne-produkty\/zahrada\/kamenne-slapaky\/pravidelne-slapaky\/","og_locale":"en_GB","og_type":"article","og_title":"kamenn\u00e9 pravideln\u00e9 \u0161lap\u00e1ky | Kamenictv\u00ed Pra\u017esk\u00fd k\u00e1men","og_description":"\u0160lap\u00e1ky na zahradu z kamene. Vytvo\u0159te si snadnou a pohodlnou cestu nap\u0159\u00ed\u010d va\u0161\u00ed zahradou pomoc\u00ed pravideln\u00fdch \u0161lap\u00e1k\u016f. Kamenn\u00e9 \u0161lap\u00e1ky polo\u017e\u00edte i sami.","og_url":"https:\/\/www.prazskykamen.cz\/en\/kamenne-produkty\/zahrada\/kamenne-slapaky\/pravidelne-slapaky\/","og_site_name":"Prague Stone","article_modified_time":"2016-01-12T10:16:51+00:00","og_image":[{"url":"https:\/\/www.prazskykamen.cz\/wp-content\/uploads\/2015\/01\/slapaky-pravidelne-uvodni-foto-520.jpg"}],"twitter_card":"summary_large_image","twitter_misc":{"Estimated reading time":"1 minute"},"schema":{"@context":"https:\/\/schema.org","@graph":[{"@type":"WebPage","@id":"https:\/\/www.prazskykamen.cz\/en\/kamenne-produkty\/zahrada\/kamenne-slapaky\/pravidelne-slapaky\/","url":"https:\/\/www.prazskykamen.cz\/en\/kamenne-produkty\/zahrada\/kamenne-slapaky\/pravidelne-slapaky\/","name":"kamenn\u00e9 pravideln\u00e9 \u0161lap\u00e1ky | Kamenictv\u00ed Pra\u017esk\u00fd k\u00e1men","isPartOf":{"@id":"https:\/\/www.prazskykamen.cz\/en\/#website"},"primaryImageOfPage":{"@id":"https:\/\/www.prazskykamen.cz\/en\/kamenne-produkty\/zahrada\/kamenne-slapaky\/pravidelne-slapaky\/#primaryimage"},"image":{"@id":"https:\/\/www.prazskykamen.cz\/en\/kamenne-produkty\/zahrada\/kamenne-slapaky\/pravidelne-slapaky\/#primaryimage"},"thumbnailUrl":"https:\/\/www.prazskykamen.cz\/wp-content\/uploads\/2015\/01\/slapaky-pravidelne-uvodni-foto-520.jpg","datePublished":"2015-01-12T08:54:13+00:00","dateModified":"2016-01-12T10:16:51+00:00","description":"\u0160lap\u00e1ky na zahradu z kamene. Vytvo\u0159te si snadnou a pohodlnou cestu nap\u0159\u00ed\u010d va\u0161\u00ed zahradou pomoc\u00ed pravideln\u00fdch \u0161lap\u00e1k\u016f. Kamenn\u00e9 \u0161lap\u00e1ky polo\u017e\u00edte i sami.","breadcrumb":{"@id":"https:\/\/www.prazskykamen.cz\/en\/kamenne-produkty\/zahrada\/kamenne-slapaky\/pravidelne-slapaky\/#breadcrumb"},"inLanguage":"en-GB","potentialAction":[{"@type":"ReadAction","target":["https:\/\/www.prazskykamen.cz\/en\/kamenne-produkty\/zahrada\/kamenne-slapaky\/pravidelne-slapaky\/"]}]},{"@type":"ImageObject","inLanguage":"en-GB","@id":"https:\/\/www.prazskykamen.cz\/en\/kamenne-produkty\/zahrada\/kamenne-slapaky\/pravidelne-slapaky\/#primaryimage","url":"https:\/\/www.prazskykamen.cz\/wp-content\/uploads\/2015\/01\/slapaky-pravidelne-uvodni-foto-520.jpg","contentUrl":"https:\/\/www.prazskykamen.cz\/wp-content\/uploads\/2015\/01\/slapaky-pravidelne-uvodni-foto-520.jpg"},{"@type":"BreadcrumbList","@id":"https:\/\/www.prazskykamen.cz\/en\/kamenne-produkty\/zahrada\/kamenne-slapaky\/pravidelne-slapaky\/#breadcrumb","itemListElement":[{"@type":"ListItem","position":1,"name":"Dom\u016f","item":"https:\/\/www.prazskykamen.cz\/en\/"},{"@type":"ListItem","position":2,"name":"STONE PRODUCTS","item":"https:\/\/www.prazskykamen.cz\/en\/kamenne-produkty\/"},{"@type":"ListItem","position":3,"name":"GARDEN","item":"https:\/\/www.prazskykamen.cz\/en\/kamenne-produkty\/zahrada\/"},{"@type":"ListItem","position":4,"name":"FLAGSTONES","item":"https:\/\/www.prazskykamen.cz\/en\/kamenne-produkty\/zahrada\/kamenne-slapaky\/"},{"@type":"ListItem","position":5,"name":"REGULAR FLAGSTONES"}]},{"@type":"WebSite","@id":"https:\/\/www.prazskykamen.cz\/en\/#website","url":"https:\/\/www.prazskykamen.cz\/en\/","name":"Prague Stone","description":"Dal\u0161\u00ed nov\u00fd web v r\u00e1mci s\u00edt\u011b Pra\u017esk\u00fd k\u00e1men Sites","potentialAction":[{"@type":"SearchAction","target":{"@type":"EntryPoint","urlTemplate":"https:\/\/www.prazskykamen.cz\/en\/?s={search_term_string}"},"query-input":{"@type":"PropertyValueSpecification","valueRequired":true,"valueName":"search_term_string"}}],"inLanguage":"en-GB"}]}},"_links":{"self":[{"href":"https:\/\/www.prazskykamen.cz\/en\/wp-json\/wp\/v2\/pages\/1543","targetHints":{"allow":["GET"]}}],"collection":[{"href":"https:\/\/www.prazskykamen.cz\/en\/wp-json\/wp\/v2\/pages"}],"about":[{"href":"https:\/\/www.prazskykamen.cz\/en\/wp-json\/wp\/v2\/types\/page"}],"author":[{"embeddable":true,"href":"https:\/\/www.prazskykamen.cz\/en\/wp-json\/wp\/v2\/users\/1"}],"replies":[{"embeddable":true,"href":"https:\/\/www.prazskykamen.cz\/en\/wp-json\/wp\/v2\/comments?post=1543"}],"version-history":[{"count":4,"href":"https:\/\/www.prazskykamen.cz\/en\/wp-json\/wp\/v2\/pages\/1543\/revisions"}],"predecessor-version":[{"id":6600,"href":"https:\/\/www.prazskykamen.cz\/en\/wp-json\/wp\/v2\/pages\/1543\/revisions\/6600"}],"up":[{"embeddable":true,"href":"https:\/\/www.prazskykamen.cz\/en\/wp-json\/wp\/v2\/pages\/92"}],"wp:attachment":[{"href":"https:\/\/www.prazskykamen.cz\/en\/wp-json\/wp\/v2\/media?parent=1543"}],"curies":[{"name":"wp","href":"https:\/\/api.w.org\/{rel}","templated":true}]}}