{"id":1370,"date":"2015-01-10T14:41:42","date_gmt":"2015-01-10T13:41:42","guid":{"rendered":"https:\/\/www.prazskykamen.cz\/?page_id=1370"},"modified":"2022-01-28T09:48:40","modified_gmt":"2022-01-28T09:48:40","slug":"parapety-vybrane-realizace","status":"publish","type":"page","link":"https:\/\/www.prazskykamen.cz\/en\/kamenne-produkty\/kamenne-parapety\/parapety-vybrane-realizace\/","title":{"rendered":"Parapety vybran\u00e9 realizace"},"content":{"rendered":"<p>[et_pb_section fb_built=&#8221;1&#8243; _builder_version=&#8221;3.22&#8243; global_colors_info=&#8221;{}&#8221;][et_pb_row _builder_version=&#8221;3.25&#8243; background_size=&#8221;initial&#8221; background_position=&#8221;top_left&#8221; background_repeat=&#8221;repeat&#8221; global_colors_info=&#8221;{}&#8221;][et_pb_column type=&#8221;4_4&#8243; _builder_version=&#8221;3.25&#8243; custom_padding=&#8221;|||&#8221; global_colors_info=&#8221;{}&#8221; custom_padding__hover=&#8221;|||&#8221;][et_pb_text admin_label=&#8221;Text&#8221; _builder_version=&#8221;3.27.4&#8243; background_size=&#8221;initial&#8221; background_position=&#8221;top_left&#8221; background_repeat=&#8221;repeat&#8221; global_colors_info=&#8221;{}&#8221;]<\/p>\n<h1>SELECTED PARAPET PROJECTS<\/h1>\n<p>[\/et_pb_text][et_pb_gallery gallery_ids=&#8221;8882,8884,8883,1060,1061,1062,1515,8569&#8243; posts_number=&#8221;6&#8243; admin_label=&#8221;Gallery&#8221; _builder_version=&#8221;4.14.7&#8243; background_layout=&#8221;dark&#8221; hover_enabled=&#8221;0&#8243; global_colors_info=&#8221;{}&#8221; sticky_enabled=&#8221;0&#8243;][\/et_pb_gallery][\/et_pb_column][\/et_pb_row][\/et_pb_section]<\/p>\n","protected":false},"excerpt":{"rendered":"<p>SELECTED PARAPET PROJECTS<\/p>\n","protected":false},"author":1,"featured_media":0,"parent":70,"menu_order":0,"comment_status":"closed","ping_status":"open","template":"","meta":{"_et_pb_use_builder":"on","_et_pb_old_content":"","_et_gb_content_width":"","footnotes":""},"class_list":["post-1370","page","type-page","status-publish","hentry"],"yoast_head":"<!-- This site is optimized with the Yoast SEO plugin v23.7 - https:\/\/yoast.com\/wordpress\/plugins\/seo\/ -->\n<title>Parapety vybran\u00e9 realizace - Prague Stone<\/title>\n<meta name=\"robots\" content=\"index, follow, max-snippet:-1, max-image-preview:large, max-video-preview:-1\" \/>\n<link rel=\"canonical\" href=\"https:\/\/www.prazskykamen.cz\/en\/kamenne-produkty\/kamenne-parapety\/parapety-vybrane-realizace\/\" \/>\n<meta property=\"og:locale\" content=\"en_GB\" \/>\n<meta property=\"og:type\" content=\"article\" \/>\n<meta property=\"og:title\" content=\"Parapety vybran\u00e9 realizace - Prague Stone\" \/>\n<meta property=\"og:description\" content=\"SELECTED PARAPET PROJECTS\" \/>\n<meta property=\"og:url\" content=\"https:\/\/www.prazskykamen.cz\/en\/kamenne-produkty\/kamenne-parapety\/parapety-vybrane-realizace\/\" \/>\n<meta property=\"og:site_name\" content=\"Prague Stone\" \/>\n<meta property=\"article:modified_time\" content=\"2022-01-28T09:48:40+00:00\" \/>\n<meta name=\"twitter:card\" content=\"summary_large_image\" \/>\n<meta name=\"twitter:label1\" content=\"Estimated reading time\" \/>\n\t<meta name=\"twitter:data1\" content=\"1 minute\" \/>\n<script type=\"application\/ld+json\" class=\"yoast-schema-graph\">{\"@context\":\"https:\/\/schema.org\",\"@graph\":[{\"@type\":\"WebPage\",\"@id\":\"https:\/\/www.prazskykamen.cz\/en\/kamenne-produkty\/kamenne-parapety\/parapety-vybrane-realizace\/\",\"url\":\"https:\/\/www.prazskykamen.cz\/en\/kamenne-produkty\/kamenne-parapety\/parapety-vybrane-realizace\/\",\"name\":\"Parapety vybran\u00e9 realizace - Prague Stone\",\"isPartOf\":{\"@id\":\"https:\/\/www.prazskykamen.cz\/en\/#website\"},\"datePublished\":\"2015-01-10T13:41:42+00:00\",\"dateModified\":\"2022-01-28T09:48:40+00:00\",\"breadcrumb\":{\"@id\":\"https:\/\/www.prazskykamen.cz\/en\/kamenne-produkty\/kamenne-parapety\/parapety-vybrane-realizace\/#breadcrumb\"},\"inLanguage\":\"en-GB\",\"potentialAction\":[{\"@type\":\"ReadAction\",\"target\":[\"https:\/\/www.prazskykamen.cz\/en\/kamenne-produkty\/kamenne-parapety\/parapety-vybrane-realizace\/\"]}]},{\"@type\":\"BreadcrumbList\",\"@id\":\"https:\/\/www.prazskykamen.cz\/en\/kamenne-produkty\/kamenne-parapety\/parapety-vybrane-realizace\/#breadcrumb\",\"itemListElement\":[{\"@type\":\"ListItem\",\"position\":1,\"name\":\"Dom\u016f\",\"item\":\"https:\/\/www.prazskykamen.cz\/en\/\"},{\"@type\":\"ListItem\",\"position\":2,\"name\":\"STONE PRODUCTS\",\"item\":\"https:\/\/www.prazskykamen.cz\/en\/kamenne-produkty\/\"},{\"@type\":\"ListItem\",\"position\":3,\"name\":\"STONE PARAPETS\",\"item\":\"https:\/\/www.prazskykamen.cz\/en\/kamenne-produkty\/kamenne-parapety\/\"},{\"@type\":\"ListItem\",\"position\":4,\"name\":\"Parapety vybran\u00e9 realizace\"}]},{\"@type\":\"WebSite\",\"@id\":\"https:\/\/www.prazskykamen.cz\/en\/#website\",\"url\":\"https:\/\/www.prazskykamen.cz\/en\/\",\"name\":\"Prague Stone\",\"description\":\"Dal\u0161\u00ed nov\u00fd web v r\u00e1mci s\u00edt\u011b Pra\u017esk\u00fd k\u00e1men Sites\",\"potentialAction\":[{\"@type\":\"SearchAction\",\"target\":{\"@type\":\"EntryPoint\",\"urlTemplate\":\"https:\/\/www.prazskykamen.cz\/en\/?s={search_term_string}\"},\"query-input\":{\"@type\":\"PropertyValueSpecification\",\"valueRequired\":true,\"valueName\":\"search_term_string\"}}],\"inLanguage\":\"en-GB\"}]}<\/script>\n<!-- \/ Yoast SEO plugin. -->","yoast_head_json":{"title":"Parapety vybran\u00e9 realizace - Prague Stone","robots":{"index":"index","follow":"follow","max-snippet":"max-snippet:-1","max-image-preview":"max-image-preview:large","max-video-preview":"max-video-preview:-1"},"canonical":"https:\/\/www.prazskykamen.cz\/en\/kamenne-produkty\/kamenne-parapety\/parapety-vybrane-realizace\/","og_locale":"en_GB","og_type":"article","og_title":"Parapety vybran\u00e9 realizace - Prague Stone","og_description":"SELECTED PARAPET PROJECTS","og_url":"https:\/\/www.prazskykamen.cz\/en\/kamenne-produkty\/kamenne-parapety\/parapety-vybrane-realizace\/","og_site_name":"Prague Stone","article_modified_time":"2022-01-28T09:48:40+00:00","twitter_card":"summary_large_image","twitter_misc":{"Estimated reading time":"1 minute"},"schema":{"@context":"https:\/\/schema.org","@graph":[{"@type":"WebPage","@id":"https:\/\/www.prazskykamen.cz\/en\/kamenne-produkty\/kamenne-parapety\/parapety-vybrane-realizace\/","url":"https:\/\/www.prazskykamen.cz\/en\/kamenne-produkty\/kamenne-parapety\/parapety-vybrane-realizace\/","name":"Parapety vybran\u00e9 realizace - Prague Stone","isPartOf":{"@id":"https:\/\/www.prazskykamen.cz\/en\/#website"},"datePublished":"2015-01-10T13:41:42+00:00","dateModified":"2022-01-28T09:48:40+00:00","breadcrumb":{"@id":"https:\/\/www.prazskykamen.cz\/en\/kamenne-produkty\/kamenne-parapety\/parapety-vybrane-realizace\/#breadcrumb"},"inLanguage":"en-GB","potentialAction":[{"@type":"ReadAction","target":["https:\/\/www.prazskykamen.cz\/en\/kamenne-produkty\/kamenne-parapety\/parapety-vybrane-realizace\/"]}]},{"@type":"BreadcrumbList","@id":"https:\/\/www.prazskykamen.cz\/en\/kamenne-produkty\/kamenne-parapety\/parapety-vybrane-realizace\/#breadcrumb","itemListElement":[{"@type":"ListItem","position":1,"name":"Dom\u016f","item":"https:\/\/www.prazskykamen.cz\/en\/"},{"@type":"ListItem","position":2,"name":"STONE PRODUCTS","item":"https:\/\/www.prazskykamen.cz\/en\/kamenne-produkty\/"},{"@type":"ListItem","position":3,"name":"STONE PARAPETS","item":"https:\/\/www.prazskykamen.cz\/en\/kamenne-produkty\/kamenne-parapety\/"},{"@type":"ListItem","position":4,"name":"Parapety vybran\u00e9 realizace"}]},{"@type":"WebSite","@id":"https:\/\/www.prazskykamen.cz\/en\/#website","url":"https:\/\/www.prazskykamen.cz\/en\/","name":"Prague Stone","description":"Dal\u0161\u00ed nov\u00fd web v r\u00e1mci s\u00edt\u011b Pra\u017esk\u00fd k\u00e1men Sites","potentialAction":[{"@type":"SearchAction","target":{"@type":"EntryPoint","urlTemplate":"https:\/\/www.prazskykamen.cz\/en\/?s={search_term_string}"},"query-input":{"@type":"PropertyValueSpecification","valueRequired":true,"valueName":"search_term_string"}}],"inLanguage":"en-GB"}]}},"_links":{"self":[{"href":"https:\/\/www.prazskykamen.cz\/en\/wp-json\/wp\/v2\/pages\/1370","targetHints":{"allow":["GET"]}}],"collection":[{"href":"https:\/\/www.prazskykamen.cz\/en\/wp-json\/wp\/v2\/pages"}],"about":[{"href":"https:\/\/www.prazskykamen.cz\/en\/wp-json\/wp\/v2\/types\/page"}],"author":[{"embeddable":true,"href":"https:\/\/www.prazskykamen.cz\/en\/wp-json\/wp\/v2\/users\/1"}],"replies":[{"embeddable":true,"href":"https:\/\/www.prazskykamen.cz\/en\/wp-json\/wp\/v2\/comments?post=1370"}],"version-history":[{"count":3,"href":"https:\/\/www.prazskykamen.cz\/en\/wp-json\/wp\/v2\/pages\/1370\/revisions"}],"predecessor-version":[{"id":8885,"href":"https:\/\/www.prazskykamen.cz\/en\/wp-json\/wp\/v2\/pages\/1370\/revisions\/8885"}],"up":[{"embeddable":true,"href":"https:\/\/www.prazskykamen.cz\/en\/wp-json\/wp\/v2\/pages\/70"}],"wp:attachment":[{"href":"https:\/\/www.prazskykamen.cz\/en\/wp-json\/wp\/v2\/media?parent=1370"}],"curies":[{"name":"wp","href":"https:\/\/api.w.org\/{rel}","templated":true}]}}