{"id":1340,"date":"2015-01-09T15:07:11","date_gmt":"2015-01-09T14:07:11","guid":{"rendered":"https:\/\/www.prazskykamen.cz\/?page_id=1340"},"modified":"2016-01-13T10:02:47","modified_gmt":"2016-01-13T10:02:47","slug":"zidky-a-obklady-domu-stipany-mramor","status":"publish","type":"page","link":"https:\/\/www.prazskykamen.cz\/en\/kamenne-produkty\/zidky-a-obklady-domu\/zidky-a-obklady-domu-stipany-mramor\/","title":{"rendered":"HOME WALLS AND FACING \u2013 SPLITTED MARBLE"},"content":{"rendered":"<p>[et_pb_section][et_pb_row][et_pb_column type=&#8221;1_2&#8243;][et_pb_text admin_label=&#8221;Text&#8221; background_layout=&#8221;light&#8221; text_orientation=&#8221;left&#8221;]<\/p>\n<h1>HOME WALLS AND FACING \u2013 SPLITTED MARBLE<\/h1>\n<p>Very hard material of a limestone nature, originating from Istria in Croatia.<br \/>\nIts color is pale cream. The international name is VALEZIN ROCHEFORT.<br \/>\nThe individual bricks are trimmed on all sides, one is visible.<br \/>\nThey have a depth of 6 -12 cm, the dimensions of frontal sides variable, 3 &#8211; 15 cm na v\u00fd\u0161ku a 15 \u2013 30 cm in length.<br \/>\nThe elements are combined without mastic, rear masonry used as a binder.<br \/>\nThe masonry is thus paired.<br \/>\nIn the Czech Republic, Slovak Republic and Germany we have already implemented one thousand meters of this type of masonry.[\/et_pb_text][\/et_pb_column][et_pb_column type=&#8221;1_2&#8243;][et_pb_slider admin_label=&#8221;Slider&#8221; show_arrows=&#8221;on&#8221; show_pagination=&#8221;on&#8221; auto=&#8221;off&#8221; parallax=&#8221;off&#8221; parallax_method=&#8221;off&#8221; module_class=&#8221;slidersheading&#8221;][et_pb_slide background_image=&#8221;https:\/\/www.prazskykamen.cz\/wp-content\/uploads\/2014\/11\/Chorvatsky-obklady-domu1.jpg&#8221; background_color=&#8221;#ffffff&#8221; alignment=&#8221;center&#8221; background_layout=&#8221;dark&#8221; \/][et_pb_slide background_image=&#8221;https:\/\/www.prazskykamen.cz\/wp-content\/uploads\/2015\/01\/\u0160T\u00cdPAN\u00dd-MRAMOR-CHORVATSKO-gal.jpg&#8221; background_color=&#8221;#ffffff&#8221; alignment=&#8221;center&#8221; background_layout=&#8221;dark&#8221; heading=&#8221; &#8221; \/][et_pb_slide background_image=&#8221;https:\/\/www.prazskykamen.cz\/wp-content\/uploads\/2015\/01\/VALEZIN-TROJA-gal.jpg&#8221; background_color=&#8221;#ffffff&#8221; alignment=&#8221;center&#8221; background_layout=&#8221;dark&#8221; \/][et_pb_slide background_image=&#8221;https:\/\/www.prazskykamen.cz\/wp-content\/uploads\/2014\/12\/chorvat-gal.jpg&#8221; background_color=&#8221;#ffffff&#8221; alignment=&#8221;center&#8221; background_layout=&#8221;dark&#8221; \/][et_pb_slide background_image=&#8221;https:\/\/www.prazskykamen.cz\/wp-content\/uploads\/2015\/01\/\u0161t\u00edpan\u00fd-mramor-kom\u00edn-gal-kl.jpg&#8221; background_color=&#8221;#ffffff&#8221; alignment=&#8221;center&#8221; background_layout=&#8221;dark&#8221; \/][et_pb_slide background_image=&#8221;https:\/\/www.prazskykamen.cz\/wp-content\/uploads\/2015\/01\/\u0161t\u00edpan\u00fd-mramor-plocha-gal.jpg&#8221; background_color=&#8221;#ffffff&#8221; alignment=&#8221;center&#8221; background_layout=&#8221;dark&#8221; \/][et_pb_slide background_image=&#8221;https:\/\/www.prazskykamen.cz\/wp-content\/uploads\/2015\/01\/\u0161t\u00edpan\u00fd-mramor-d\u016fm-Troja-gal.jpg&#8221; background_color=&#8221;#ffffff&#8221; alignment=&#8221;center&#8221; background_layout=&#8221;dark&#8221; \/][et_pb_slide background_image=&#8221;https:\/\/www.prazskykamen.cz\/wp-content\/uploads\/2015\/01\/\u0161t\u00edpan\u00fd-mramor-vstup-do-domu-gal.jpg&#8221; background_color=&#8221;#ffffff&#8221; alignment=&#8221;center&#8221; background_layout=&#8221;dark&#8221; \/][et_pb_slide background_image=&#8221;https:\/\/www.prazskykamen.cz\/wp-content\/uploads\/2015\/01\/\u0160T\u00cdPAN\u00dd-MRAMOR-VALEZIN-gal.jpg&#8221; background_color=&#8221;#ffffff&#8221; alignment=&#8221;center&#8221; background_layout=&#8221;dark&#8221; \/][et_pb_slide background_image=&#8221;https:\/\/www.prazskykamen.cz\/wp-content\/uploads\/2015\/01\/\u0161t\u00edpan\u00fd-mramor-RD-P-6-1-gal.jpg&#8221; background_color=&#8221;#ffffff&#8221; alignment=&#8221;center&#8221; background_layout=&#8221;dark&#8221; \/][et_pb_slide background_image=&#8221;https:\/\/www.prazskykamen.cz\/wp-content\/uploads\/2015\/01\/\u0161t\u00edpan\u00fd-mramor-RD-P-6-gal.jpg&#8221; background_color=&#8221;#ffffff&#8221; alignment=&#8221;center&#8221; background_layout=&#8221;dark&#8221; \/][\/et_pb_slider][\/et_pb_column][\/et_pb_row][\/et_pb_section]<\/p>\n","protected":false},"excerpt":{"rendered":"<p><div class=\"et_pb_section et_pb_section_0 et_section_regular\" >\n\t\t\t\t\n\t\t\t\t\n\t\t\t\t\n\t\t\t\t\n\t\t\t\t\n\t\t\t\t\n\t\t\t\t\n\t\t\t\t\n\t\t\t\t\n\t\t\t<\/div><div class=\"et_pb_row et_pb_row_0 et_pb_row_empty\">\n\t\t\t\t\n\t\t\t\t\n\t\t\t\t\n\t\t\t\t\n\t\t\t\t\n\t\t\t<\/div> HOME WALLS AND FACING \u2013 SPLITTED MARBLE Very hard material of a limestone nature, originating from Istria in Croatia. Its color is pale cream. The international name is VALEZIN ROCHEFORT. The individual bricks are trimmed on all sides, one is visible. They have a depth of 6 -12 cm, the dimensions of frontal sides [&hellip;]<\/p>\n","protected":false},"author":1,"featured_media":0,"parent":76,"menu_order":0,"comment_status":"closed","ping_status":"open","template":"","meta":{"_et_pb_use_builder":"on","_et_pb_old_content":"","_et_gb_content_width":"","footnotes":""},"class_list":["post-1340","page","type-page","status-publish","hentry"],"yoast_head":"<!-- This site is optimized with the Yoast SEO plugin v23.7 - https:\/\/yoast.com\/wordpress\/plugins\/seo\/ -->\n<title>Obklad \u0161t\u00edpan\u00fd mramor | Kamenictv\u00ed Pra\u017esk\u00fd k\u00e1men<\/title>\n<meta name=\"description\" content=\"\u0160t\u00edpan\u00fd mramor pro obklady dom\u016f p\u0159edstavuje velmi zaj\u00edmavou alternativu. \u0160t\u00edpan\u00fd mramor pro tento \u00fa\u010del p\u0159edstavuje efektn\u00ed \u0159e\u0161en\u00ed estetick\u00e9 i kvalitativn\u00ed.\" \/>\n<meta name=\"robots\" content=\"index, follow, max-snippet:-1, max-image-preview:large, max-video-preview:-1\" \/>\n<link rel=\"canonical\" href=\"https:\/\/www.prazskykamen.cz\/en\/kamenne-produkty\/zidky-a-obklady-domu\/zidky-a-obklady-domu-stipany-mramor\/\" \/>\n<meta property=\"og:locale\" content=\"en_GB\" \/>\n<meta property=\"og:type\" content=\"article\" \/>\n<meta property=\"og:title\" content=\"Obklad \u0161t\u00edpan\u00fd mramor | Kamenictv\u00ed Pra\u017esk\u00fd k\u00e1men\" \/>\n<meta property=\"og:description\" content=\"\u0160t\u00edpan\u00fd mramor pro obklady dom\u016f p\u0159edstavuje velmi zaj\u00edmavou alternativu. \u0160t\u00edpan\u00fd mramor pro tento \u00fa\u010del p\u0159edstavuje efektn\u00ed \u0159e\u0161en\u00ed estetick\u00e9 i kvalitativn\u00ed.\" \/>\n<meta property=\"og:url\" content=\"https:\/\/www.prazskykamen.cz\/en\/kamenne-produkty\/zidky-a-obklady-domu\/zidky-a-obklady-domu-stipany-mramor\/\" \/>\n<meta property=\"og:site_name\" content=\"Prague Stone\" \/>\n<meta property=\"article:modified_time\" content=\"2016-01-13T10:02:47+00:00\" \/>\n<meta name=\"twitter:card\" content=\"summary_large_image\" \/>\n<meta name=\"twitter:label1\" content=\"Estimated reading time\" \/>\n\t<meta name=\"twitter:data1\" content=\"2 minutes\" \/>\n<script type=\"application\/ld+json\" class=\"yoast-schema-graph\">{\"@context\":\"https:\/\/schema.org\",\"@graph\":[{\"@type\":\"WebPage\",\"@id\":\"https:\/\/www.prazskykamen.cz\/en\/kamenne-produkty\/zidky-a-obklady-domu\/zidky-a-obklady-domu-stipany-mramor\/\",\"url\":\"https:\/\/www.prazskykamen.cz\/en\/kamenne-produkty\/zidky-a-obklady-domu\/zidky-a-obklady-domu-stipany-mramor\/\",\"name\":\"Obklad \u0161t\u00edpan\u00fd mramor | Kamenictv\u00ed Pra\u017esk\u00fd k\u00e1men\",\"isPartOf\":{\"@id\":\"https:\/\/www.prazskykamen.cz\/en\/#website\"},\"datePublished\":\"2015-01-09T14:07:11+00:00\",\"dateModified\":\"2016-01-13T10:02:47+00:00\",\"description\":\"\u0160t\u00edpan\u00fd mramor pro obklady dom\u016f p\u0159edstavuje velmi zaj\u00edmavou alternativu. \u0160t\u00edpan\u00fd mramor pro tento \u00fa\u010del p\u0159edstavuje efektn\u00ed \u0159e\u0161en\u00ed estetick\u00e9 i kvalitativn\u00ed.\",\"breadcrumb\":{\"@id\":\"https:\/\/www.prazskykamen.cz\/en\/kamenne-produkty\/zidky-a-obklady-domu\/zidky-a-obklady-domu-stipany-mramor\/#breadcrumb\"},\"inLanguage\":\"en-GB\",\"potentialAction\":[{\"@type\":\"ReadAction\",\"target\":[\"https:\/\/www.prazskykamen.cz\/en\/kamenne-produkty\/zidky-a-obklady-domu\/zidky-a-obklady-domu-stipany-mramor\/\"]}]},{\"@type\":\"BreadcrumbList\",\"@id\":\"https:\/\/www.prazskykamen.cz\/en\/kamenne-produkty\/zidky-a-obklady-domu\/zidky-a-obklady-domu-stipany-mramor\/#breadcrumb\",\"itemListElement\":[{\"@type\":\"ListItem\",\"position\":1,\"name\":\"Dom\u016f\",\"item\":\"https:\/\/www.prazskykamen.cz\/en\/\"},{\"@type\":\"ListItem\",\"position\":2,\"name\":\"STONE PRODUCTS\",\"item\":\"https:\/\/www.prazskykamen.cz\/en\/kamenne-produkty\/\"},{\"@type\":\"ListItem\",\"position\":3,\"name\":\"HOME WALLS AND FACING\",\"item\":\"https:\/\/www.prazskykamen.cz\/en\/kamenne-produkty\/zidky-a-obklady-domu\/\"},{\"@type\":\"ListItem\",\"position\":4,\"name\":\"HOME WALLS AND FACING \u2013 SPLITTED MARBLE\"}]},{\"@type\":\"WebSite\",\"@id\":\"https:\/\/www.prazskykamen.cz\/en\/#website\",\"url\":\"https:\/\/www.prazskykamen.cz\/en\/\",\"name\":\"Prague Stone\",\"description\":\"Dal\u0161\u00ed nov\u00fd web v r\u00e1mci s\u00edt\u011b Pra\u017esk\u00fd k\u00e1men Sites\",\"potentialAction\":[{\"@type\":\"SearchAction\",\"target\":{\"@type\":\"EntryPoint\",\"urlTemplate\":\"https:\/\/www.prazskykamen.cz\/en\/?s={search_term_string}\"},\"query-input\":{\"@type\":\"PropertyValueSpecification\",\"valueRequired\":true,\"valueName\":\"search_term_string\"}}],\"inLanguage\":\"en-GB\"}]}<\/script>\n<!-- \/ Yoast SEO plugin. -->","yoast_head_json":{"title":"Obklad \u0161t\u00edpan\u00fd mramor | Kamenictv\u00ed Pra\u017esk\u00fd k\u00e1men","description":"\u0160t\u00edpan\u00fd mramor pro obklady dom\u016f p\u0159edstavuje velmi zaj\u00edmavou alternativu. \u0160t\u00edpan\u00fd mramor pro tento \u00fa\u010del p\u0159edstavuje efektn\u00ed \u0159e\u0161en\u00ed estetick\u00e9 i kvalitativn\u00ed.","robots":{"index":"index","follow":"follow","max-snippet":"max-snippet:-1","max-image-preview":"max-image-preview:large","max-video-preview":"max-video-preview:-1"},"canonical":"https:\/\/www.prazskykamen.cz\/en\/kamenne-produkty\/zidky-a-obklady-domu\/zidky-a-obklady-domu-stipany-mramor\/","og_locale":"en_GB","og_type":"article","og_title":"Obklad \u0161t\u00edpan\u00fd mramor | Kamenictv\u00ed Pra\u017esk\u00fd k\u00e1men","og_description":"\u0160t\u00edpan\u00fd mramor pro obklady dom\u016f p\u0159edstavuje velmi zaj\u00edmavou alternativu. \u0160t\u00edpan\u00fd mramor pro tento \u00fa\u010del p\u0159edstavuje efektn\u00ed \u0159e\u0161en\u00ed estetick\u00e9 i kvalitativn\u00ed.","og_url":"https:\/\/www.prazskykamen.cz\/en\/kamenne-produkty\/zidky-a-obklady-domu\/zidky-a-obklady-domu-stipany-mramor\/","og_site_name":"Prague Stone","article_modified_time":"2016-01-13T10:02:47+00:00","twitter_card":"summary_large_image","twitter_misc":{"Estimated reading time":"2 minutes"},"schema":{"@context":"https:\/\/schema.org","@graph":[{"@type":"WebPage","@id":"https:\/\/www.prazskykamen.cz\/en\/kamenne-produkty\/zidky-a-obklady-domu\/zidky-a-obklady-domu-stipany-mramor\/","url":"https:\/\/www.prazskykamen.cz\/en\/kamenne-produkty\/zidky-a-obklady-domu\/zidky-a-obklady-domu-stipany-mramor\/","name":"Obklad \u0161t\u00edpan\u00fd mramor | Kamenictv\u00ed Pra\u017esk\u00fd k\u00e1men","isPartOf":{"@id":"https:\/\/www.prazskykamen.cz\/en\/#website"},"datePublished":"2015-01-09T14:07:11+00:00","dateModified":"2016-01-13T10:02:47+00:00","description":"\u0160t\u00edpan\u00fd mramor pro obklady dom\u016f p\u0159edstavuje velmi zaj\u00edmavou alternativu. \u0160t\u00edpan\u00fd mramor pro tento \u00fa\u010del p\u0159edstavuje efektn\u00ed \u0159e\u0161en\u00ed estetick\u00e9 i kvalitativn\u00ed.","breadcrumb":{"@id":"https:\/\/www.prazskykamen.cz\/en\/kamenne-produkty\/zidky-a-obklady-domu\/zidky-a-obklady-domu-stipany-mramor\/#breadcrumb"},"inLanguage":"en-GB","potentialAction":[{"@type":"ReadAction","target":["https:\/\/www.prazskykamen.cz\/en\/kamenne-produkty\/zidky-a-obklady-domu\/zidky-a-obklady-domu-stipany-mramor\/"]}]},{"@type":"BreadcrumbList","@id":"https:\/\/www.prazskykamen.cz\/en\/kamenne-produkty\/zidky-a-obklady-domu\/zidky-a-obklady-domu-stipany-mramor\/#breadcrumb","itemListElement":[{"@type":"ListItem","position":1,"name":"Dom\u016f","item":"https:\/\/www.prazskykamen.cz\/en\/"},{"@type":"ListItem","position":2,"name":"STONE PRODUCTS","item":"https:\/\/www.prazskykamen.cz\/en\/kamenne-produkty\/"},{"@type":"ListItem","position":3,"name":"HOME WALLS AND FACING","item":"https:\/\/www.prazskykamen.cz\/en\/kamenne-produkty\/zidky-a-obklady-domu\/"},{"@type":"ListItem","position":4,"name":"HOME WALLS AND FACING \u2013 SPLITTED MARBLE"}]},{"@type":"WebSite","@id":"https:\/\/www.prazskykamen.cz\/en\/#website","url":"https:\/\/www.prazskykamen.cz\/en\/","name":"Prague Stone","description":"Dal\u0161\u00ed nov\u00fd web v r\u00e1mci s\u00edt\u011b Pra\u017esk\u00fd k\u00e1men Sites","potentialAction":[{"@type":"SearchAction","target":{"@type":"EntryPoint","urlTemplate":"https:\/\/www.prazskykamen.cz\/en\/?s={search_term_string}"},"query-input":{"@type":"PropertyValueSpecification","valueRequired":true,"valueName":"search_term_string"}}],"inLanguage":"en-GB"}]}},"_links":{"self":[{"href":"https:\/\/www.prazskykamen.cz\/en\/wp-json\/wp\/v2\/pages\/1340","targetHints":{"allow":["GET"]}}],"collection":[{"href":"https:\/\/www.prazskykamen.cz\/en\/wp-json\/wp\/v2\/pages"}],"about":[{"href":"https:\/\/www.prazskykamen.cz\/en\/wp-json\/wp\/v2\/types\/page"}],"author":[{"embeddable":true,"href":"https:\/\/www.prazskykamen.cz\/en\/wp-json\/wp\/v2\/users\/1"}],"replies":[{"embeddable":true,"href":"https:\/\/www.prazskykamen.cz\/en\/wp-json\/wp\/v2\/comments?post=1340"}],"version-history":[{"count":3,"href":"https:\/\/www.prazskykamen.cz\/en\/wp-json\/wp\/v2\/pages\/1340\/revisions"}],"predecessor-version":[{"id":6674,"href":"https:\/\/www.prazskykamen.cz\/en\/wp-json\/wp\/v2\/pages\/1340\/revisions\/6674"}],"up":[{"embeddable":true,"href":"https:\/\/www.prazskykamen.cz\/en\/wp-json\/wp\/v2\/pages\/76"}],"wp:attachment":[{"href":"https:\/\/www.prazskykamen.cz\/en\/wp-json\/wp\/v2\/media?parent=1340"}],"curies":[{"name":"wp","href":"https:\/\/api.w.org\/{rel}","templated":true}]}}