{"id":1186,"date":"2015-01-07T21:12:27","date_gmt":"2015-01-07T20:12:27","guid":{"rendered":"https:\/\/www.prazskykamen.cz\/?page_id=1186"},"modified":"2016-01-11T14:17:55","modified_gmt":"2016-01-11T14:17:55","slug":"materialy-piskovec","status":"publish","type":"page","link":"https:\/\/www.prazskykamen.cz\/en\/materialy\/materialy-piskovec\/","title":{"rendered":"SANDSTONE"},"content":{"rendered":"<p>[et_pb_section][et_pb_row][et_pb_column type=&#8221;1_2&#8243;][et_pb_text admin_label=&#8221;Text&#8221; background_layout=&#8221;light&#8221; text_orientation=&#8221;left&#8221;]<\/p>\n<h1>MATERIALS \u2013 SANDSTONE<\/h1>\n<p>The National Theater, the Cathedral of St. Vitus, Charles Bridge and most historic buildings in the Czech Republic are built from sandstone.<\/p>\n<p>Sandstone is therefore the most widely used stone in our country and suits <strong>home facing<\/strong>, <a href=\"https:\/\/www.prazskykamen.cz\/en\/kamenne-produkty\/schody\">sandstone staircases<\/a> and many other building components.<\/p>\n<p>Sandstone is also ideal for manual processing &#8211; therefore it has an application in in <a href=\"https:\/\/www.prazskykamen.cz\/en\/kamenne-produkty\/specialni-kamenne-vyrobky\/specialni-kamenne-vyrobky-sochy\">sculpting<\/a> and garden achitecture.<\/p>\n<p>We process entire blocks of sandstone weighing 5-10 tons. We cut arbitrarily large pieces with a diamond saw blade. Thus, we are able to flexibly respond to individual customer requirements.[\/et_pb_text][\/et_pb_column][et_pb_column type=&#8221;1_2&#8243;][et_pb_text admin_label=&#8221;Text&#8221; background_layout=&#8221;light&#8221; text_orientation=&#8221;left&#8221;]<img loading=\"lazy\" decoding=\"async\" class=\"alignnone size-full wp-image-3218\" src=\"https:\/\/www.prazskykamen.cz\/wp-content\/uploads\/2015\/01\/br\u00e1na-masiv.jpg\" alt=\"P\u00edskovec\" width=\"520\" height=\"390\" \/>[\/et_pb_text][\/et_pb_column][\/et_pb_row][et_pb_row][et_pb_column type=&#8221;4_4&#8243;][et_pb_text admin_label=&#8221;Text&#8221; background_layout=&#8221;light&#8221; text_orientation=&#8221;left&#8221;]<\/p>\n<div class=\"rozcest-7\"><a href=\"https:\/\/www.prazskykamen.cz\/en\/materialy\/materialy-piskovec\/piskovec-barevne-skaly\"><img loading=\"lazy\" decoding=\"async\" class=\"alignnone wp-image-3327 size-full\" src=\"https:\/\/www.prazskykamen.cz\/wp-content\/uploads\/2015\/01\/barevna-skala1.jpg\" alt=\"P\u00edskovec barevn\u00e1 \u0161k\u00e1la\" width=\"150\" height=\"150\" \/>Color range<\/a><\/div>\n<div class=\"rozcest-7\"><a href=\"https:\/\/www.prazskykamen.cz\/en\/materialy\/materialy-piskovec\/piskovec-povrchy\"><img loading=\"lazy\" decoding=\"async\" class=\"alignnone wp-image-2419 size-thumbnail\" src=\"https:\/\/www.prazskykamen.cz\/wp-content\/uploads\/2015\/01\/piskovec-spicovany-150x150.jpg\" alt=\"Povrch p\u00edskovce\" width=\"150\" height=\"150\" \/><\/a> <a href=\"https:\/\/www.prazskykamen.cz\/en\/materialy\/materialy-piskovec\/piskovec-povrchy\">Surface<\/a><\/div>\n<div class=\"rozcest-7\"><a href=\"https:\/\/www.prazskykamen.cz\/en\/materialy\/materialy-piskovec\/zpracovani-piskovce\"><img loading=\"lazy\" decoding=\"async\" class=\"alignnone wp-image-3321 size-thumbnail\" src=\"https:\/\/www.prazskykamen.cz\/wp-content\/uploads\/2015\/02\/nakladani-150x150.jpg\" alt=\"P\u00edskovec zpracov\u00e1n\u00ed\" width=\"150\" height=\"150\" \/>Processed sandstone<\/a><\/div>\n<div class=\"rozcest-7\"><a href=\"https:\/\/www.prazskykamen.cz\/en\/wp-content\/uploads\/2015\/02\/MALOOBCHODN\u00cd-CEN\u00cdK-P\u00cdSKOVEC-CEN\u00cdK-2015.pdf\" target=\"_blank\"><img loading=\"lazy\" decoding=\"async\" class=\"alignnone wp-image-3227 size-thumbnail\" src=\"https:\/\/www.prazskykamen.cz\/wp-content\/uploads\/2015\/01\/p\u00edskovec1-150x150.jpg\" alt=\"P\u00edskovec cen\u00edk\" width=\"150\" height=\"150\" \/>Pricelist<\/a><\/div>\n<div class=\"rozcest-7 vybranerealizace\"><a href=\"https:\/\/www.prazskykamen.cz\/en\/materialy\/materialy-piskovec\/piskovec-vybrane-realizace\"><img loading=\"lazy\" decoding=\"async\" class=\"alignnone wp-image-3243 size-thumbnail\" src=\"https:\/\/www.prazskykamen.cz\/wp-content\/uploads\/2015\/01\/piskovec2-150x150.jpg\" alt=\"Produkty z p\u00edskovce\" width=\"150\" height=\"150\" \/>Selected projects <\/a><\/div>\n<p>[\/et_pb_text][\/et_pb_column][\/et_pb_row][\/et_pb_section]<\/p>\n","protected":false},"excerpt":{"rendered":"<p><div class=\"et_pb_section et_pb_section_0 et_section_regular\" >\n\t\t\t\t\n\t\t\t\t\n\t\t\t\t\n\t\t\t\t\n\t\t\t\t\n\t\t\t\t\n\t\t\t\t\n\t\t\t\t\n\t\t\t\t\n\t\t\t<\/div><div class=\"et_pb_row et_pb_row_0 et_pb_row_empty\">\n\t\t\t\t\n\t\t\t\t\n\t\t\t\t\n\t\t\t\t\n\t\t\t\t\n\t\t\t<\/div> MATERIALS \u2013 SANDSTONE The National Theater, the Cathedral of St. Vitus, Charles Bridge and most historic buildings in the Czech Republic are built from sandstone. Sandstone is therefore the most widely used stone in our country and suits home facing, sandstone staircases and many other building components. Sandstone is also ideal for manual processing [&hellip;]<\/p>\n","protected":false},"author":1,"featured_media":0,"parent":44,"menu_order":0,"comment_status":"closed","ping_status":"open","template":"","meta":{"_et_pb_use_builder":"on","_et_pb_old_content":"","_et_gb_content_width":"","footnotes":""},"class_list":["post-1186","page","type-page","status-publish","hentry"],"yoast_head":"<!-- This site is optimized with the Yoast SEO plugin v23.7 - https:\/\/yoast.com\/wordpress\/plugins\/seo\/ -->\n<title>P\u00edskovec | Kamenictv\u00ed Pra\u017esk\u00fd k\u00e1men<\/title>\n<meta name=\"description\" content=\"P\u00edskovec jako z\u00e1kladn\u00ed stavebn\u00ed materi\u00e1l. P\u00edskovec se hod\u00ed na obklady dom\u016f nebo schodi\u0161t\u011b. Pro zahradu pak m\u016f\u017eete uva\u017eovat o p\u00edskovci jako materi\u00e1lu pro sochy.\" \/>\n<meta name=\"robots\" content=\"index, follow, max-snippet:-1, max-image-preview:large, max-video-preview:-1\" \/>\n<link rel=\"canonical\" href=\"https:\/\/www.prazskykamen.cz\/en\/materialy\/materialy-piskovec\/\" \/>\n<meta property=\"og:locale\" content=\"en_GB\" \/>\n<meta property=\"og:type\" content=\"article\" \/>\n<meta property=\"og:title\" content=\"P\u00edskovec | Kamenictv\u00ed Pra\u017esk\u00fd k\u00e1men\" \/>\n<meta property=\"og:description\" content=\"P\u00edskovec jako z\u00e1kladn\u00ed stavebn\u00ed materi\u00e1l. P\u00edskovec se hod\u00ed na obklady dom\u016f nebo schodi\u0161t\u011b. Pro zahradu pak m\u016f\u017eete uva\u017eovat o p\u00edskovci jako materi\u00e1lu pro sochy.\" \/>\n<meta property=\"og:url\" content=\"https:\/\/www.prazskykamen.cz\/en\/materialy\/materialy-piskovec\/\" \/>\n<meta property=\"og:site_name\" content=\"Prague Stone\" \/>\n<meta property=\"article:modified_time\" content=\"2016-01-11T14:17:55+00:00\" \/>\n<meta property=\"og:image\" content=\"https:\/\/www.prazskykamen.cz\/wp-content\/uploads\/2015\/01\/br\u00e1na-masiv.jpg\" \/>\n<meta name=\"twitter:card\" content=\"summary_large_image\" \/>\n<meta name=\"twitter:label1\" content=\"Estimated reading time\" \/>\n\t<meta name=\"twitter:data1\" content=\"1 minute\" \/>\n<script type=\"application\/ld+json\" class=\"yoast-schema-graph\">{\"@context\":\"https:\/\/schema.org\",\"@graph\":[{\"@type\":\"WebPage\",\"@id\":\"https:\/\/www.prazskykamen.cz\/en\/materialy\/materialy-piskovec\/\",\"url\":\"https:\/\/www.prazskykamen.cz\/en\/materialy\/materialy-piskovec\/\",\"name\":\"P\u00edskovec | Kamenictv\u00ed Pra\u017esk\u00fd k\u00e1men\",\"isPartOf\":{\"@id\":\"https:\/\/www.prazskykamen.cz\/en\/#website\"},\"primaryImageOfPage\":{\"@id\":\"https:\/\/www.prazskykamen.cz\/en\/materialy\/materialy-piskovec\/#primaryimage\"},\"image\":{\"@id\":\"https:\/\/www.prazskykamen.cz\/en\/materialy\/materialy-piskovec\/#primaryimage\"},\"thumbnailUrl\":\"https:\/\/www.prazskykamen.cz\/wp-content\/uploads\/2015\/01\/barevna-skala1.jpg\",\"datePublished\":\"2015-01-07T20:12:27+00:00\",\"dateModified\":\"2016-01-11T14:17:55+00:00\",\"description\":\"P\u00edskovec jako z\u00e1kladn\u00ed stavebn\u00ed materi\u00e1l. P\u00edskovec se hod\u00ed na obklady dom\u016f nebo schodi\u0161t\u011b. Pro zahradu pak m\u016f\u017eete uva\u017eovat o p\u00edskovci jako materi\u00e1lu pro sochy.\",\"breadcrumb\":{\"@id\":\"https:\/\/www.prazskykamen.cz\/en\/materialy\/materialy-piskovec\/#breadcrumb\"},\"inLanguage\":\"en-GB\",\"potentialAction\":[{\"@type\":\"ReadAction\",\"target\":[\"https:\/\/www.prazskykamen.cz\/en\/materialy\/materialy-piskovec\/\"]}]},{\"@type\":\"ImageObject\",\"inLanguage\":\"en-GB\",\"@id\":\"https:\/\/www.prazskykamen.cz\/en\/materialy\/materialy-piskovec\/#primaryimage\",\"url\":\"https:\/\/www.prazskykamen.cz\/wp-content\/uploads\/2015\/01\/barevna-skala1.jpg\",\"contentUrl\":\"https:\/\/www.prazskykamen.cz\/wp-content\/uploads\/2015\/01\/barevna-skala1.jpg\"},{\"@type\":\"BreadcrumbList\",\"@id\":\"https:\/\/www.prazskykamen.cz\/en\/materialy\/materialy-piskovec\/#breadcrumb\",\"itemListElement\":[{\"@type\":\"ListItem\",\"position\":1,\"name\":\"Dom\u016f\",\"item\":\"https:\/\/www.prazskykamen.cz\/en\/\"},{\"@type\":\"ListItem\",\"position\":2,\"name\":\"MATERIALS\",\"item\":\"https:\/\/www.prazskykamen.cz\/en\/materialy\/\"},{\"@type\":\"ListItem\",\"position\":3,\"name\":\"SANDSTONE\"}]},{\"@type\":\"WebSite\",\"@id\":\"https:\/\/www.prazskykamen.cz\/en\/#website\",\"url\":\"https:\/\/www.prazskykamen.cz\/en\/\",\"name\":\"Prague Stone\",\"description\":\"Dal\u0161\u00ed nov\u00fd web v r\u00e1mci s\u00edt\u011b Pra\u017esk\u00fd k\u00e1men Sites\",\"potentialAction\":[{\"@type\":\"SearchAction\",\"target\":{\"@type\":\"EntryPoint\",\"urlTemplate\":\"https:\/\/www.prazskykamen.cz\/en\/?s={search_term_string}\"},\"query-input\":{\"@type\":\"PropertyValueSpecification\",\"valueRequired\":true,\"valueName\":\"search_term_string\"}}],\"inLanguage\":\"en-GB\"}]}<\/script>\n<!-- \/ Yoast SEO plugin. -->","yoast_head_json":{"title":"P\u00edskovec | Kamenictv\u00ed Pra\u017esk\u00fd k\u00e1men","description":"P\u00edskovec jako z\u00e1kladn\u00ed stavebn\u00ed materi\u00e1l. P\u00edskovec se hod\u00ed na obklady dom\u016f nebo schodi\u0161t\u011b. Pro zahradu pak m\u016f\u017eete uva\u017eovat o p\u00edskovci jako materi\u00e1lu pro sochy.","robots":{"index":"index","follow":"follow","max-snippet":"max-snippet:-1","max-image-preview":"max-image-preview:large","max-video-preview":"max-video-preview:-1"},"canonical":"https:\/\/www.prazskykamen.cz\/en\/materialy\/materialy-piskovec\/","og_locale":"en_GB","og_type":"article","og_title":"P\u00edskovec | Kamenictv\u00ed Pra\u017esk\u00fd k\u00e1men","og_description":"P\u00edskovec jako z\u00e1kladn\u00ed stavebn\u00ed materi\u00e1l. P\u00edskovec se hod\u00ed na obklady dom\u016f nebo schodi\u0161t\u011b. Pro zahradu pak m\u016f\u017eete uva\u017eovat o p\u00edskovci jako materi\u00e1lu pro sochy.","og_url":"https:\/\/www.prazskykamen.cz\/en\/materialy\/materialy-piskovec\/","og_site_name":"Prague Stone","article_modified_time":"2016-01-11T14:17:55+00:00","og_image":[{"url":"https:\/\/www.prazskykamen.cz\/wp-content\/uploads\/2015\/01\/br\u00e1na-masiv.jpg"}],"twitter_card":"summary_large_image","twitter_misc":{"Estimated reading time":"1 minute"},"schema":{"@context":"https:\/\/schema.org","@graph":[{"@type":"WebPage","@id":"https:\/\/www.prazskykamen.cz\/en\/materialy\/materialy-piskovec\/","url":"https:\/\/www.prazskykamen.cz\/en\/materialy\/materialy-piskovec\/","name":"P\u00edskovec | Kamenictv\u00ed Pra\u017esk\u00fd k\u00e1men","isPartOf":{"@id":"https:\/\/www.prazskykamen.cz\/en\/#website"},"primaryImageOfPage":{"@id":"https:\/\/www.prazskykamen.cz\/en\/materialy\/materialy-piskovec\/#primaryimage"},"image":{"@id":"https:\/\/www.prazskykamen.cz\/en\/materialy\/materialy-piskovec\/#primaryimage"},"thumbnailUrl":"https:\/\/www.prazskykamen.cz\/wp-content\/uploads\/2015\/01\/barevna-skala1.jpg","datePublished":"2015-01-07T20:12:27+00:00","dateModified":"2016-01-11T14:17:55+00:00","description":"P\u00edskovec jako z\u00e1kladn\u00ed stavebn\u00ed materi\u00e1l. P\u00edskovec se hod\u00ed na obklady dom\u016f nebo schodi\u0161t\u011b. Pro zahradu pak m\u016f\u017eete uva\u017eovat o p\u00edskovci jako materi\u00e1lu pro sochy.","breadcrumb":{"@id":"https:\/\/www.prazskykamen.cz\/en\/materialy\/materialy-piskovec\/#breadcrumb"},"inLanguage":"en-GB","potentialAction":[{"@type":"ReadAction","target":["https:\/\/www.prazskykamen.cz\/en\/materialy\/materialy-piskovec\/"]}]},{"@type":"ImageObject","inLanguage":"en-GB","@id":"https:\/\/www.prazskykamen.cz\/en\/materialy\/materialy-piskovec\/#primaryimage","url":"https:\/\/www.prazskykamen.cz\/wp-content\/uploads\/2015\/01\/barevna-skala1.jpg","contentUrl":"https:\/\/www.prazskykamen.cz\/wp-content\/uploads\/2015\/01\/barevna-skala1.jpg"},{"@type":"BreadcrumbList","@id":"https:\/\/www.prazskykamen.cz\/en\/materialy\/materialy-piskovec\/#breadcrumb","itemListElement":[{"@type":"ListItem","position":1,"name":"Dom\u016f","item":"https:\/\/www.prazskykamen.cz\/en\/"},{"@type":"ListItem","position":2,"name":"MATERIALS","item":"https:\/\/www.prazskykamen.cz\/en\/materialy\/"},{"@type":"ListItem","position":3,"name":"SANDSTONE"}]},{"@type":"WebSite","@id":"https:\/\/www.prazskykamen.cz\/en\/#website","url":"https:\/\/www.prazskykamen.cz\/en\/","name":"Prague Stone","description":"Dal\u0161\u00ed nov\u00fd web v r\u00e1mci s\u00edt\u011b Pra\u017esk\u00fd k\u00e1men Sites","potentialAction":[{"@type":"SearchAction","target":{"@type":"EntryPoint","urlTemplate":"https:\/\/www.prazskykamen.cz\/en\/?s={search_term_string}"},"query-input":{"@type":"PropertyValueSpecification","valueRequired":true,"valueName":"search_term_string"}}],"inLanguage":"en-GB"}]}},"_links":{"self":[{"href":"https:\/\/www.prazskykamen.cz\/en\/wp-json\/wp\/v2\/pages\/1186","targetHints":{"allow":["GET"]}}],"collection":[{"href":"https:\/\/www.prazskykamen.cz\/en\/wp-json\/wp\/v2\/pages"}],"about":[{"href":"https:\/\/www.prazskykamen.cz\/en\/wp-json\/wp\/v2\/types\/page"}],"author":[{"embeddable":true,"href":"https:\/\/www.prazskykamen.cz\/en\/wp-json\/wp\/v2\/users\/1"}],"replies":[{"embeddable":true,"href":"https:\/\/www.prazskykamen.cz\/en\/wp-json\/wp\/v2\/comments?post=1186"}],"version-history":[{"count":7,"href":"https:\/\/www.prazskykamen.cz\/en\/wp-json\/wp\/v2\/pages\/1186\/revisions"}],"predecessor-version":[{"id":6584,"href":"https:\/\/www.prazskykamen.cz\/en\/wp-json\/wp\/v2\/pages\/1186\/revisions\/6584"}],"up":[{"embeddable":true,"href":"https:\/\/www.prazskykamen.cz\/en\/wp-json\/wp\/v2\/pages\/44"}],"wp:attachment":[{"href":"https:\/\/www.prazskykamen.cz\/en\/wp-json\/wp\/v2\/media?parent=1186"}],"curies":[{"name":"wp","href":"https:\/\/api.w.org\/{rel}","templated":true}]}}